{"id":146192,"date":"2026-02-25T08:38:39","date_gmt":"2026-02-25T07:38:39","guid":{"rendered":"https:\/\/www.freiburg-schwarzwald.de\/blog\/?page_id=146192"},"modified":"2026-04-12T19:24:03","modified_gmt":"2026-04-12T17:24:03","slug":"ramadan","status":"publish","type":"page","link":"https:\/\/www.freiburg-schwarzwald.de\/blog\/religion\/islam\/ramadan\/","title":{"rendered":"Ramadan"},"content":{"rendered":"<p>Home &gt;<a href=\"https:\/\/www.freiburg-schwarzwald.de\/blog\/religion\/\">Religion<\/a>\u00a0&gt;<a title=\"Islam\" href=\"https:\/\/www.freiburg-schwarzwald.de\/blog\/religion\/islam\/\">Islam<\/a>\u00a0&gt;<a href=\"https:\/\/www.freiburg-schwarzwald.de\/blog\/religion\/islam\/patriarchat\/\">Patriarchat<\/a>\u00a0&gt;<a href=\"https:\/\/www.freiburg-schwarzwald.de\/blog\/global\/deutschland\/deutschland-islam\/\">Deutschland-Islam<\/a> &gt;Ramadan<\/p>\n<div id=\"attachment_50998\" style=\"width: 649px\" class=\"wp-caption alignnone\"><a href=\"https:\/\/www.freiburg-schwarzwald.de\/blog\/wp-content\/uploads\/2014\/10\/isfahan0imam-platz-pan141018.jpg\"><img loading=\"lazy\" decoding=\"async\" aria-describedby=\"caption-attachment-50998\" class=\"size-full wp-image-50998\" src=\"https:\/\/www.freiburg-schwarzwald.de\/blog\/wp-content\/uploads\/2014\/10\/isfahan0imam-platz-pan141018.jpg\" alt=\"\" width=\"639\" height=\"246\" srcset=\"https:\/\/www.freiburg-schwarzwald.de\/blog\/wp-content\/uploads\/2014\/10\/isfahan0imam-platz-pan141018.jpg 639w, https:\/\/www.freiburg-schwarzwald.de\/blog\/wp-content\/uploads\/2014\/10\/isfahan0imam-platz-pan141018-180x69.jpg 180w\" sizes=\"auto, (max-width: 639px) 100vw, 639px\" \/><\/a><p id=\"caption-attachment-50998\" class=\"wp-caption-text\">Blick nach Westen \u00fcber den Imam-Platz zur Moschee in <a href=\"https:\/\/www.freiburg-schwarzwald.de\/blog\/global\/iran\/isfahan\/\">Isfahan<\/a>\/Iran am 16.10.2014<\/p><\/div>\n<div id=\"attachment_147430\" style=\"width: 648px\" class=\"wp-caption alignnone\"><a href=\"https:\/\/www.freiburg-schwarzwald.de\/blog\/wp-content\/uploads\/2026\/04\/ramadan1freiburg-pan260304.jpg\"><img loading=\"lazy\" decoding=\"async\" aria-describedby=\"caption-attachment-147430\" class=\"size-full wp-image-147430\" src=\"https:\/\/www.freiburg-schwarzwald.de\/blog\/wp-content\/uploads\/2026\/04\/ramadan1freiburg-pan260304.jpg\" alt=\"\" width=\"638\" height=\"407\" srcset=\"https:\/\/www.freiburg-schwarzwald.de\/blog\/wp-content\/uploads\/2026\/04\/ramadan1freiburg-pan260304.jpg 638w, https:\/\/www.freiburg-schwarzwald.de\/blog\/wp-content\/uploads\/2026\/04\/ramadan1freiburg-pan260304-180x115.jpg 180w\" sizes=\"auto, (max-width: 638px) 100vw, 638px\" \/><\/a><p id=\"caption-attachment-147430\" class=\"wp-caption-text\">Ramadan: Zum Fastenbrechen 17.2. bis 19.3.2026 gesperrte Strasse in Freiburg<\/p><\/div>\n<ul>\n<li><em>Listenauswahl eines Beitrags (Artikel\/Datum, Seite\/Inhalt): <span style=\"text-decoration: underline;\">Klicken<\/span> oder scrollen<\/em><\/li>\n<li><a href=\"https:\/\/www.freiburg-schwarzwald.de\/blog\/islamisierung-und-christentum\/\">Islamisierung und Christentum<\/a>\u00a0(12.4.2026)<\/li>\n<li><a href=\"https:\/\/www.freiburg-schwarzwald.de\/blog\/wir-sind-das-volk-ramadan\/\">\u201cWir sind das Volk\u201c \u2013 Ramadan<\/a>\u00a0(20.3.2026)<\/li>\n<li>Eid Mubarak (gesegneter Ramadan), liebes ZDF! &#8211; B\u00f6se Kirche, guter Islam (20.3.2026)<\/li>\n<li><a href=\"https:\/\/www.freiburg-schwarzwald.de\/blog\/ramadan-im-oeffentlichen-raum\/\">Ramadan im \u00f6ffentlichen Raum? Nein<\/a> (8.3.2026)<\/li>\n<li><a href=\"https:\/\/www.freiburg-schwarzwald.de\/blog\/kultur\/kulturkampf\/landnahme\/\">Kopftuch und Muezzinruf als Zeichen der Landnahme<\/a>\u00a0(28.2.2026)<\/li>\n<li><a href=\"https:\/\/www.freiburg-schwarzwald.de\/blog\/windkraft-ramadan-amsel\/\">Windkraft \u2013 Ramadan \u2013 Amsel<\/a> (27.2.2026)<\/li>\n<li><a href=\"https:\/\/www.freiburg-schwarzwald.de\/blog\/engagement\/zukunft\/demokratie\/verfassung\/verfassungsschutz\/staatsschutz\/\">Der Staatsschutz ermittelt: Die \u201efalsche Meinung\u201c als Ermittlungsfall<\/a>\u00a0(24.2.2026)<\/li>\n<li>Ramadan-Beleuchtung in Freiburg: &#8222;Der Staatsschutz ermittelt&#8220; (24.2.2026)<\/li>\n<li><a href=\"https:\/\/www.freiburg-schwarzwald.de\/blog\/ramadan-fastenzeit-frieden\/\">Ramadan Fastenzeit \u2013 Frieden<\/a>\u00a0(20.2.2026)<\/li>\n<li><a href=\"https:\/\/www.freiburg-schwarzwald.de\/blog\/religion\/islam\/islam-zunahme\/\">Deutsche Erziehungsmedien stimmen uns auf den Ramadan ein<\/a> (20.2.2026)<\/li>\n<li>Freiburg.de: Muslimisches Leben in Freiburg: Ramadan-Beleuchtung im Seepark (15.2.2026)<\/li>\n<li><\/li>\n<li>Fastenzeit und Ramadan<\/li>\n<li><a href=\"https:\/\/www.freiburg-schwarzwald.de\/blog\/religion\/kirchen\/fastenzeit\/\">Fastenzeit<\/a><\/li>\n<li><a href=\"https:\/\/www.freiburg-schwarzwald.de\/blog\/kultur\/kulturkampf\/landnahme\/\">Landnahme<\/a><\/li>\n<li><a href=\"https:\/\/www.freiburg-schwarzwald.de\/blog\/religion\/islam\/moscheen\/\">Moscheen<\/a><\/li>\n<\/ul>\n<p>&nbsp;<\/p>\n<p><strong>Eid Mubarak (gesegneter Ramadan), liebes ZDF! &#8211; B\u00f6se Kirche, guter Islam<\/strong><br \/>\nB\u00f6se Kirche, guter Islam \u2013 tendenzi\u00f6se Religionsberichterstattung im ZDF-Kinderprogramm: Wie w\u00e4r\u2019s mit einem \u00d6RR-Verbot f\u00fcr Unter-16-J\u00e4hrige?<br \/>\nit dem \u201elogo!\u201c-Beitrag zum Ende des Ramadans und den neuen Kirchenaustrittszahlen hat sich das ZDF selbst \u00fcbertroffen. Das Kinderprogramm malt den lieben Kleinen in den buntesten Farben die fr\u00f6hliche Zuckerwelt des Islam am heutigen Fest Eid al-Fitr aus, um ihnen im Anschluss das d\u00fcstere Bild eines verbrecherischen, r\u00fcckw\u00e4rtsgewandten Christentums der Macht- und Geldgier zu pr\u00e4sentieren, das heute keinen mehr interessiert. B\u00f6se Kirche, guter Islam: Die Aufmachung \u2013 fr\u00f6hliche Bewegtbilder zum Zuckerfest, d\u00fcstere Zeichnungen zum Christentum \u2013 unterstreicht die Botschaft. Die gesamte Sequenz dauert insgesamt kindgerechte sechs Minuten und sei w\u00e4rmstens als Anschauungsmaterial f\u00fcr den journalistischen Ethos unseres geb\u00fchrenfinanzierten Rundfunks empfohlen.<br \/>\n.<br \/>\nDer p\u00e4dagogische Ansatz lautet ja, zu vermittelnde Inhalte m\u00fcssten an der Erlebnis- und Erfahrungswelt der Kinder ankn\u00fcpfen. Es muss aber auch den Machern der Sendung bewusst sein, dass diese im zum Teil krassen Widerspruch zur Erfahrungswelt bereits der j\u00fcngeren Generation steht. Auch und gerade Kinder haben darunter zu leiden, wenn Weihnachtsm\u00e4rkte aufgrund der islamistischen Bedrohung ausfallen oder nur unter drastischen Sicherheitsma\u00dfnahmen stattfinden k\u00f6nnen. Aus Schulen mehren sich die Berichte \u00fcber nicht muslimische Kinder, die gemobbt werden, weil sie kein Kopftuch tragen, Schweinefleisch essen oder im Ramadan <a href=\"https:\/\/www.die-tagespost.de\/kultur\/medien\/eid-mubarak-liebes-zdf-art-273263\">https:\/\/www.die-tagespost.de\/kirche\/aktuell\/das-fasten-der-anderen-art-272189<\/a> nicht fasten. Dass Kinder im christlichen Kontext mit Ablassbriefen oder Kreuzzugspredigten konfrontiert werden, d\u00fcrfte hingegen, nun ja, zur quasi nicht existenten Ausnahme geh\u00f6ren.<\/p>\n<p><em><strong>W\u00e4hrend sich \u201elogo!\u201c nicht scheut, den Kindesmissbrauch in christlichen Kirchen anzusprechen, sind Kinderehen, Genitalverst\u00fcmmelungen, Ehrenmorde, Einschr\u00e4nkungen der pers\u00f6nlichen Freiheit in islamischen Staaten und Herabsetzung der Frau im Islam offenbar den zarten Gem\u00fctern nicht zumutbar.<\/strong><\/em> \u201eAntimuslimischen Rassismus\u201c nicht bef\u00f6rdern, d\u00fcrfte hier das vordergr\u00fcndige Argument lauten. Den Christen gegen\u00fcber, die in Europa unter zunehmenden Anfeindungen bis hin zum Mord zu leiden haben, halten die Produzenten eine solche Zur\u00fcckhaltung offenbar nicht f\u00fcr angebracht.<br \/>\nDas ist umso auff\u00e4lliger, als die \u201elogo!\u201c-Sendung von Donnerstag in ihrer tendenzi\u00f6sen antichristlichen Ausrichtung keinesfalls alleine dasteht. Im Oktober erschien im ZDF-Format \u201eunbubble\u201c die Sendung \u201eJesus Glow und Bibelverse: Sind Christfluencer gef\u00e4hrlich?\u201c. Im November folgt bei \u201eZDFheute\u201c die Sendung \u201eWas hinter dem Hype um Christfluencer steckt\u201c.<br \/>\nIm Dezember \u00fcbernimmt die ARD mit der Dokumentation \u201eDie hippen Missionare \u2013 mit Jesus gegen die Freiheit?\u201c (Die Tagespost hat berichtet.) Im Januar folgt \u201eSo radikal sind Christfluencer\u201c im Format \u201eDie da oben!\u201c von funk, einem Gemeinschaftsangebot von ARD und ZDF. Das ZDF-Format \u201eDie Spur\u201c ver\u00f6ffentlicht im Februar \u201eJung, gl\u00e4ubig, gef\u00e4hrlich? Wie christliche Influencer mit dem rechten Rand flirten\u201c. Das w\u00e4re ja noch zu vertreten, wenn sich die genannten Formate mit gleicher Intensit\u00e4t an Islamisten abarbeiten w\u00fcrden, die in Deutschland auf offener Stra\u00dfe und in den sozialen Medien das Kalifat fordern.<br \/>\n&#8230;. Alles vom 20.3.2026 bitte lesen auf<br \/>\n<a href=\"https:\/\/www.die-tagespost.de\/kultur\/medien\/eid-mubarak-liebes-zdf-art-273263\">https:\/\/www.die-tagespost.de\/kultur\/medien\/eid-mubarak-liebes-zdf-art-273263<\/a><\/p>\n<p>&nbsp;<\/p>\n<p>&nbsp;<\/p>\n<p><strong>Fastenzeit und Ramadan<\/strong><br \/>\nFastenzeit wie Ramadan haben das gleiche Ziel: Die Besinnung auf das Innere sowie das Verh\u00e4ltnis zu Gott und den Menschen. Es geht nicht um Di\u00e4t und Abnehmen, sondern um die innere Einkehr &#8211; und darin k\u00f6nnen sich beide Religionen best\u00e4rken.<br \/>\nIn der Durchf\u00fchrung hingegen unterscheiden sich Fastenzeit und Ramadan sehr &#8211; hier zeigt sich die Diskrepanz zwischen Gesetzesreligion (strenge Regelung der <a href=\"https:\/\/www.freiburg-schwarzwald.de\/blog\/global\/integration\/muslime\/\">Muslime<\/a>) und Erl\u00f6sungsreligion (indiv\u00edduelle Freiheit der <a href=\"https:\/\/www.freiburg-schwarzwald.de\/blog\/religion\/christen\/christentum\/\">Christen<\/a>).<\/p>\n<p>In der siebenw\u00f6chigen Fastenzeit von Aschermittwoch bis <a href=\"https:\/\/www.freiburg-schwarzwald.de\/blog\/religion\/kirchen\/ostern\/\">Ostern<\/a> sind die Christen aufgerufen (kein Zwang), in Erinnerung an das Leiden und Sterben von Jesus Christus zu fasten. Die einen verzichten z.B. auf Alkohol und Vergn\u00fcgungen, die anderen folgen den Angeboten ihrer Kirchenoberen, wie z.B. &#8222;7 Wochen ohne&#8220; der EKD.<\/p>\n<p>Der islamischen Fastenmonat Ramadan ist als neunter Monat im islamischen Mondkalender in jedem Jahr anders terminiert: 2026 fallen Ramadan 18.2. bis 19.3.2026 und Fastenzeit 18.2. bis 4.4.2026 zusammen.<br \/>\nDie Fastenregeln sind streng: Essens- und Trinkverbot tags\u00fcber. Nichteinhaltung gilt als schwere S\u00fcnde. Leider beteiligen sich auch immer mehr Schulkinder, sogar unter 14 Jahren, beim Fasten. Aus Zwang oder Solidarit\u00e4t &#8211; man wei\u00df es nicht bzw. will es nicht wissen. Und die Warnungen der liberalen bzw. s\u00e4kularen Muslime, die in D die gro\u00dfe Mehrheit bilden &#8211; bleiben ungeh\u00f6rt.<br \/>\nIn der <a href=\"https:\/\/www.freiburg-schwarzwald.de\/blog\/business\/gesund\/corona-virus\/\">Coronazeit<\/a> pl\u00e4dierte der Freiburger Islamwissenschaftler <a href=\"https:\/\/www.freiburg-schwarzwald.de\/blog\/religion\/islam\/ourghi\/\">Ourghi<\/a>, den Ramadan aufgrund der gesundheitlichen Risiken zu verlegen bzw. auszusetzen &#8211; er scheiterte.<br \/>\n=============================================================<\/p>\n<p>.<\/p>\n<p><strong>Ramadan-Beleuchtung in Freiburg: &#8222;Der Staatsschutz ermittelt&#8220;<\/strong><br \/>\n<strong>Staatsschutz ermittelt: Die \u201efalsche Meinung\u201c als Ermittlungsfall<\/strong><br \/>\n&#8230; Schauen wir nach <a href=\"https:\/\/www.freiburg-schwarzwald.de\/blog\/ramadan-fastenzeit-frieden\/\">Freiburg<\/a>. Da h\u00e4ngt Ramadan-Beleuchtung ebenso wie in Frankfurt im Main im \u00f6ffentlichen Raum, sichtbar, gewollt, offizi\u00f6s. Dann werden Kabel durchtrennt und der Staatsschutz ermittelt. Das kann man noch als naheliegend erkl\u00e4ren, wenn die Polizei ein politisches Motiv vermutet. Aber im selben Vorgang wird auch die Gegenaktion zur Staatsschutzsache: Drei M\u00e4nner h\u00e4ngen ein Banner an, das den Ramadan-Schriftzug verdeckt, und filmen sich dabei. Ergebnis: Banner sichergestellt, Ermittlungen der Staatsschutzabteilung.<br \/>\nHier liegt die Schieflage offen auf dem Tisch. Der Staat dekoriert religi\u00f6se Symbolik als staatlich tolerierte Selbstverst\u00e4ndlichkeit. Wer das spiegeln oder st\u00f6ren will, wird nicht politisch kritisiert, sondern polizeilich eingerahmt.<br \/>\nAndienung an Muslime, Unterordnung christlicher Pr\u00e4gung, und die Umerziehung der Mehrheitsgesellschaft, das alles l\u00e4uft als neue Normalit\u00e4t. Den Muslimen w\u00fcnscht man mit Lichtinstallationen und Stadtmarketing den \u201eFrohen Ramadan\u201c. Eine \u201eFrohe Fastenzeit\u201c f\u00fcr das eigene kulturelle Fundament kommt nicht als staatlich gest\u00fctzter Gru\u00df vor. Wenn jemand diese Asymmetrie sichtbar macht, wird nicht diskutiert, sondern etikettiert. Genau so kippt \u00d6ffentlichkeit: Von Streit zu Verdacht.<br \/>\n&#8230;<br \/>\nWas der Kollege Alexander Wendt in seinem Text als \u201eNeubewertung\u201c und \u201eneues Image\u201c beschreibt, passt dazu wie ein Deckel auf den Topf: Die Geschichte wird islamfreundlich umgeschrieben. Kritik wird als Problem markiert, und am Ende entsteht ein Klima, in dem die Mehrheit sich rechtfertigen soll, w\u00e4hrend die Politik die eigene Verschiebung als Moral verkauft. Das ist kein Zufall, kein Versehen. Es ist eine Richtung. Und in dieser Richtung ist der Staatsschutz das perfekte Werkzeug: Er verbietet nicht offen. Er schafft ein Risiko. Und Risiko diszipliniert zuverl\u00e4ssiger als jedes Verbot.<br \/>\nDie Pointe ist bitter: Je h\u00e4ufiger der Staatsschutz wegen Symbolkram ausr\u00fcckt, desto normaler wird die Ausnahme. Die Menschen lernen, was sie besser nicht sagen, nicht malen, nicht zeigen. Nicht, weil sie \u00fcberzeugt w\u00e4ren. Sondern weil man eventuell keine Lust hat, mit dem Etikett \u201epolitisch motiviert\u201c herumzulaufen. So baut sich der Staat den Zwang zur Konformit\u00e4t, nicht durch Argumente, sondern durch Einsch\u00fcchterung im Amtsdeutsch.<br \/>\nDeutschland braucht keinen Staatsschutz als Haltungsservice. Deutschland braucht einen Staat, der tats\u00e4chliche Gewalt gegen jeden B\u00fcrger gleich verfolgt \u2013 und den Rest als Meinungsfreiheit aush\u00e4lt. Wenn ein Land bei Ramadan-Bannern, Karnevalspappe und Banklackierung sofort den politischen Sonderapparat aktiviert, dann ist nicht \u201eHass\u201c das gr\u00f6\u00dfte Problem. Dann ist es die politische Angst vor freier Rede. Und diese Angst frisst am Ende genau das, was sie angeblich sch\u00fctzt.<br \/>\n&#8230; Alles vom 24.2.2026 bitte lesen auf<br \/>\n<a href=\"https:\/\/www.tichyseinblick.de\/meinungen\/die-falsche-meinung-als-ermittlungsfall\/\">https:\/\/www.tichyseinblick.de\/meinungen\/die-falsche-meinung-als-ermittlungsfall\/<\/a><\/p>\n<p>.<\/p>\n<p><strong>Freiburg.de: Muslimisches Leben in Freiburg: Ramadan-Beleuchtung im Seepark<\/strong><br \/>\nW\u00e4hrend des Fastenmonats Ramadan ist im Seepark vom 17. Februar bis 19. M\u00e4rz 2026 eine Beleuchtung zu sehen, die muslimisches Leben in Freiburg sichtbar macht und ein Zeichen f\u00fcr ein gutes Miteinander setzt. Ziel ist es, die religi\u00f6se Vielfalt der Stadtgesellschaft zu verdeutlichen und die Bedeutung des Ramadans f\u00fcr viele Freiburger*innen zu w\u00fcrdigen.<br \/>\nDie Idee wird gemeinsam mit vier gro\u00dfen Freiburger Moscheegemeinden umgesetzt. Diese sind: BBF &#8211; Bildungs- und Begegnungsverein Freiburg e.V., Freiburg DITIB Mevlana Moschee e.V., IGMG &#8211; Islamisches Zentrum Freiburg e.V. und IGBD &#8211; Gemeinde Freiburg e.V.<br \/>\n.<br \/>\nDie Ramadan-Beleuchtung im Seepark besteht aus mehreren Elementen. Zentrales Motiv ist der Mond, der sich in vier aufeinanderfolgenden Lichtmotiven vom Halbmond zum Vollmond entwickelt und anschlie\u00dfend wieder abnimmt. Der Mond spielt im islamischen Kalender eine zentrale Rolle, da sich Beginn und Ende des Ramadans nach dem Mondzyklus richten.<br \/>\nErg\u00e4nzt wird die Installation durch zwei gr\u00f6\u00dfere Leuchtschilder mit den Schriftz\u00fcgen &#8222;Happy Ramadan&#8220; sowie &#8222;Ramadan Mubarak&#8220;. Zudem informiert eine Infotafel \u00fcber den Ramadan, seine religi\u00f6se Bedeutung und seine Hintergr\u00fcnde. Die Beleuchtung richtet sich damit nicht nur an muslimische Gl\u00e4ubige, sondern auch an alle Besucher*innen des Seeparks.<br \/>\n&#8230; Alles vom 15.2.2026 bitte lesen auf<br \/>\n<a href=\"https:\/\/www.freiburg.de\/pb\/2560126.html\">https:\/\/www.freiburg.de\/pb\/2560126.html<\/a><br \/>\n.<\/p>\n<p><a href=\"https:\/\/www.freiburg-schwarzwald.de\/blog\/wp-content\/uploads\/2026\/04\/ramadan1freiburg260304.jpg\"><img loading=\"lazy\" decoding=\"async\" class=\"alignnone size-thumbnail wp-image-147432\" src=\"https:\/\/www.freiburg-schwarzwald.de\/blog\/wp-content\/uploads\/2026\/04\/ramadan1freiburg260304-180x135.jpg\" alt=\"\" width=\"180\" height=\"135\" srcset=\"https:\/\/www.freiburg-schwarzwald.de\/blog\/wp-content\/uploads\/2026\/04\/ramadan1freiburg260304-180x135.jpg 180w, https:\/\/www.freiburg-schwarzwald.de\/blog\/wp-content\/uploads\/2026\/04\/ramadan1freiburg260304-640x480.jpg 640w, https:\/\/www.freiburg-schwarzwald.de\/blog\/wp-content\/uploads\/2026\/04\/ramadan1freiburg260304-768x576.jpg 768w, https:\/\/www.freiburg-schwarzwald.de\/blog\/wp-content\/uploads\/2026\/04\/ramadan1freiburg260304.jpg 900w\" sizes=\"auto, (max-width: 180px) 100vw, 180px\" \/><\/a>\u00a0 \u00a0 \u00a0 \u00a0 \u00a0 <a href=\"https:\/\/www.freiburg-schwarzwald.de\/blog\/wp-content\/uploads\/2026\/04\/ramadan2freiburg260304.jpg\"><img loading=\"lazy\" decoding=\"async\" class=\"alignnone size-thumbnail wp-image-147433\" src=\"https:\/\/www.freiburg-schwarzwald.de\/blog\/wp-content\/uploads\/2026\/04\/ramadan2freiburg260304-180x138.jpg\" alt=\"\" width=\"180\" height=\"138\" srcset=\"https:\/\/www.freiburg-schwarzwald.de\/blog\/wp-content\/uploads\/2026\/04\/ramadan2freiburg260304-180x138.jpg 180w, https:\/\/www.freiburg-schwarzwald.de\/blog\/wp-content\/uploads\/2026\/04\/ramadan2freiburg260304-640x492.jpg 640w, https:\/\/www.freiburg-schwarzwald.de\/blog\/wp-content\/uploads\/2026\/04\/ramadan2freiburg260304-768x591.jpg 768w, https:\/\/www.freiburg-schwarzwald.de\/blog\/wp-content\/uploads\/2026\/04\/ramadan2freiburg260304.jpg 901w\" sizes=\"auto, (max-width: 180px) 100vw, 180px\" \/><\/a><\/p>\n<p><a href=\"https:\/\/www.freiburg-schwarzwald.de\/blog\/wp-content\/uploads\/2026\/04\/ramadan3freiburg260304.jpg\"><img loading=\"lazy\" decoding=\"async\" class=\"alignnone size-thumbnail wp-image-147434\" src=\"https:\/\/www.freiburg-schwarzwald.de\/blog\/wp-content\/uploads\/2026\/04\/ramadan3freiburg260304-135x180.jpg\" alt=\"\" width=\"135\" height=\"180\" srcset=\"https:\/\/www.freiburg-schwarzwald.de\/blog\/wp-content\/uploads\/2026\/04\/ramadan3freiburg260304-135x180.jpg 135w, https:\/\/www.freiburg-schwarzwald.de\/blog\/wp-content\/uploads\/2026\/04\/ramadan3freiburg260304-480x640.jpg 480w, https:\/\/www.freiburg-schwarzwald.de\/blog\/wp-content\/uploads\/2026\/04\/ramadan3freiburg260304.jpg 728w\" sizes=\"auto, (max-width: 135px) 100vw, 135px\" \/><\/a><\/p>\n<p>BBF &#8211; Bildungs- und Begegnungsverein Freiburg e.V.,<br \/>\nRufacherstrasse 5, 79110 Freiburg<br \/>\n<a href=\"https:\/\/bbfverein.de\/\">https:\/\/bbfverein.de\/<\/a><br \/>\n<a href=\"https:\/\/bbfverein.de\/ramadan-beleuchtung-im-seepark\/\">https:\/\/bbfverein.de\/ramadan-beleuchtung-im-seepark\/<\/a><br \/>\n.<br \/>\nFreiburg <a href=\"https:\/\/www.freiburg-schwarzwald.de\/blog\/global\/tuerkei\/ditib\/\">DITIB<\/a> Mevlana Moschee<br \/>\n<a href=\"https:\/\/ditib-freiburg.de\/\">https:\/\/ditib-freiburg.de\/<\/a><br \/>\n<a href=\"https:\/\/www.instagram.com\/ditib.freiburg\/\">https:\/\/www.instagram.com\/ditib.freiburg\/<\/a><br \/>\n.<br \/>\nIGMG &#8211; Islamisches Zentrum Freiburg<br \/>\nHugstetter Strasse 36, 79106 Freiburg<br \/>\n<a href=\"https:\/\/www.izfr.de\/\">https:\/\/www.izfr.de\/<\/a><br \/>\n.<br \/>\nIGBD &#8211; Gemeinde Freiburg<br \/>\nIslamische Gemeinschaft der Bosniaken in Deutschland<br \/>\n<a href=\"https:\/\/igbd.org\/de\">https:\/\/igbd.org\/de<\/a><br \/>\n<a href=\"https:\/\/www.youtube.com\/@DzematFreiburg\">https:\/\/www.youtube.com\/@DzematFreiburg<\/a><\/p>\n","protected":false},"excerpt":{"rendered":"<p>Home &gt;Religion\u00a0&gt;Islam\u00a0&gt;Patriarchat\u00a0&gt;Deutschland-Islam &gt;Ramadan Listenauswahl eines Beitrags (Artikel\/Datum, Seite\/Inhalt): Klicken oder scrollen Islamisierung und Christentum\u00a0(12.4.2026) \u201cWir sind das Volk\u201c \u2013 Ramadan\u00a0(20.3.2026) Eid Mubarak (gesegneter Ramadan), liebes ZDF! &#8211; B\u00f6se Kirche, guter Islam (20.3.2026) Ramadan im \u00f6ffentlichen Raum? Nein (8.3.2026) Kopftuch und &hellip; <a href=\"https:\/\/www.freiburg-schwarzwald.de\/blog\/religion\/islam\/ramadan\/\">Weiterlesen <span class=\"meta-nav\">&rarr;<\/span><\/a><\/p>\n","protected":false},"author":2,"featured_media":0,"parent":12111,"menu_order":0,"comment_status":"closed","ping_status":"closed","template":"","meta":{"footnotes":""},"class_list":["post-146192","page","type-page","status-publish","hentry"],"_links":{"self":[{"href":"https:\/\/www.freiburg-schwarzwald.de\/blog\/wp-json\/wp\/v2\/pages\/146192","targetHints":{"allow":["GET"]}}],"collection":[{"href":"https:\/\/www.freiburg-schwarzwald.de\/blog\/wp-json\/wp\/v2\/pages"}],"about":[{"href":"https:\/\/www.freiburg-schwarzwald.de\/blog\/wp-json\/wp\/v2\/types\/page"}],"author":[{"embeddable":true,"href":"https:\/\/www.freiburg-schwarzwald.de\/blog\/wp-json\/wp\/v2\/users\/2"}],"replies":[{"embeddable":true,"href":"https:\/\/www.freiburg-schwarzwald.de\/blog\/wp-json\/wp\/v2\/comments?post=146192"}],"version-history":[{"count":5,"href":"https:\/\/www.freiburg-schwarzwald.de\/blog\/wp-json\/wp\/v2\/pages\/146192\/revisions"}],"predecessor-version":[{"id":147789,"href":"https:\/\/www.freiburg-schwarzwald.de\/blog\/wp-json\/wp\/v2\/pages\/146192\/revisions\/147789"}],"up":[{"embeddable":true,"href":"https:\/\/www.freiburg-schwarzwald.de\/blog\/wp-json\/wp\/v2\/pages\/12111"}],"wp:attachment":[{"href":"https:\/\/www.freiburg-schwarzwald.de\/blog\/wp-json\/wp\/v2\/media?parent=146192"}],"curies":[{"name":"wp","href":"https:\/\/api.w.org\/{rel}","templated":true}]}}