{"id":145309,"date":"2026-02-04T13:21:41","date_gmt":"2026-02-04T12:21:41","guid":{"rendered":"https:\/\/www.freiburg-schwarzwald.de\/blog\/?page_id=145309"},"modified":"2026-02-11T16:34:47","modified_gmt":"2026-02-11T15:34:47","slug":"bahn-gewalt","status":"publish","type":"page","link":"https:\/\/www.freiburg-schwarzwald.de\/blog\/regio\/verkehr\/eisenbahn\/bahn-gewalt\/","title":{"rendered":"Bahn-Gewalt"},"content":{"rendered":"<p>Home &gt;<a title=\"Regio\" href=\"https:\/\/www.freiburg-schwarzwald.de\/blog\/regio\/\">Regio<\/a>\u00a0&gt;<a title=\"Verkehr\" href=\"https:\/\/www.freiburg-schwarzwald.de\/blog\/regio\/verkehr\/\">Verkehr<\/a>\u00a0&gt;<a title=\"Freiburg\" href=\"https:\/\/www.freiburg-schwarzwald.de\/blog\/regio\/freiburg\/\">Freiburg<\/a>\u00a0&gt;<a title=\"Eisenbahn\" href=\"https:\/\/www.freiburg-schwarzwald.de\/blog\/regio\/verkehr\/eisenbahn\/\">Eisenbahn<\/a>\u00a0&gt;<a title=\"Hoellentalbahn\" href=\"https:\/\/www.freiburg-schwarzwald.de\/blog\/regio\/verkehr\/eisenbahn\/hoellentalbahn\/\">H\u00f6llentalbahn\u00a0<\/a>&gt;\u00a0<a href=\"https:\/\/www.freiburg-schwarzwald.de\/blog\/natur\/umwelt\/laerm\/\">Laerm<\/a> &gt;Bahn-Gewalt<\/p>\n<div id=\"attachment_78555\" style=\"width: 648px\" class=\"wp-caption alignnone\"><a href=\"https:\/\/www.freiburg-schwarzwald.de\/blog\/wp-content\/uploads\/2020\/01\/breisgau-s-bahn-graffiti200122-pan.jpg\"><img loading=\"lazy\" decoding=\"async\" aria-describedby=\"caption-attachment-78555\" class=\"size-full wp-image-78555\" src=\"https:\/\/www.freiburg-schwarzwald.de\/blog\/wp-content\/uploads\/2020\/01\/breisgau-s-bahn-graffiti200122-pan.jpg\" alt=\"\" width=\"638\" height=\"309\" srcset=\"https:\/\/www.freiburg-schwarzwald.de\/blog\/wp-content\/uploads\/2020\/01\/breisgau-s-bahn-graffiti200122-pan.jpg 638w, https:\/\/www.freiburg-schwarzwald.de\/blog\/wp-content\/uploads\/2020\/01\/breisgau-s-bahn-graffiti200122-pan-180x87.jpg 180w\" sizes=\"auto, (max-width: 638px) 100vw, 638px\" \/><\/a><p id=\"caption-attachment-78555\" class=\"wp-caption-text\">Breisgau-S-Bahn am 23.1.2020 &#8211; Eine wei\u00dfe Mauer wie ein wei\u00dfer Zugwagen zieht Sprayer magisch an<\/p><\/div>\n<ul>\n<li><em>Listenauswahl eines Beitrags (Artikel\/Datum, Seite\/Inhalt): <span style=\"text-decoration: underline;\">Klicken<\/span> oder scrollen<\/em><\/li>\n<li><a href=\"https:\/\/www.freiburg-schwarzwald.de\/blog\/halt-die-fresse-zivilcourage\/\">\u201eHalt die Fresse\u201c \u2013 Zivilcourage<\/a>\u00a0(11.2.2026)<\/li>\n<li><a href=\"https:\/\/www.freiburg-schwarzwald.de\/blog\/global\/migration\/u-bahn-mord-wandsbek29jan2026\/\">Hamburger U-Bahn-Mord: Preis des Schweigens<\/a> (6.2.2026)<\/li>\n<li>Schienentod &#8211; deutsches Alleinstellungsmerkmal (6.2.2026)<\/li>\n<li>Zugbegleiter von Schwarzfahrer totgepr\u00fcgelt: Vater erleidet Herzinfarkt \u2013 Familie nennt Details (5.2.2026)<\/li>\n<li>Schwarzfahrer erschl\u00e4gt Schaffner in Regionalbahn Landstuhl (RP) (4.2.2026)<\/li>\n<li><a href=\"https:\/\/www.freiburg-schwarzwald.de\/blog\/iraker-stoesst-16-jaehrige-vor-zug\/\">Iraker st\u00f6sst 16-J\u00e4hrige Liana K. vor Zug<\/a>\u00a0(30.8.2025)<\/li>\n<li><\/li>\n<li><a href=\"https:\/\/www.freiburg-schwarzwald.de\/blog\/global\/deutschland\/bahnsteig\/\">Bahnsteig<\/a><\/li>\n<li><a href=\"https:\/\/www.freiburg-schwarzwald.de\/blog\/regio\/verkehr\/oepnv\/\">OEPNV<\/a><\/li>\n<li><a href=\"https:\/\/www.freiburg-schwarzwald.de\/blog\/global\/migration\/u-bahn-mord-wandsbek29jan2026\/\">U-Bahn-Mord-Wandsbek29jan2026<\/a><\/li>\n<\/ul>\n<p>&nbsp;<\/p>\n<p><strong>Schienentod &#8211; deutsches Alleinstellungsmerkmal<\/strong><br \/>\nW\u00e4hrend Frankreich seinen Vorsprung in Sachen der von Sch\u00fclern aufgeschlitzten Lehrer ausbaut, erweitert Deutschland sein Alleinstellungsmerkmal Schienentod. Weltweit wurden in den letzten Jahren genau sechs Frauen oder Kinder registriert, die ins Gleisbett gesto\u00dfen und dort von Z\u00fcgen zermalmt wurden. Alle Taten fanden auf deutschen Bahnh\u00f6fen statt. Die Meldungen gleichen sich wie ein Ei dem anderen. Alle T\u00e4ter wiesen migrantische Wurzeln auf. Alle nannte man \u201eSchutzsuchende\u201c. Diesmal stammte der wie gewohnt \u201eausreisepflichtige\u201c und wie immer \u201epolizeibekannte\u201c Einmann aus dem S\u00fcdsudan, wurde trotz gescheiterter Eignungspr\u00fcfung im Rahmen eines Resettlement-Programms nach Deutschland eingeflogen, randalierte hier in seiner Unterkunft, im Bordell und auf den Stra\u00dfen und erwischte nun bei seinem letzten Wutanfall eine junge Frau aus dem Iran. F\u00fcr Interessierte: Die innerhalb fahrender Z\u00fcge Get\u00f6teten werden \u201estatistisch nicht erfasst\u201c.<br \/>\n&#8230; Alles vom 6.2.2026 von Rocco Burggraf bitte lesen auf<br \/>\n<a href=\"https:\/\/www.achgut.com\/artikel\/nachrichten_aus_der_zivilisation\">https:\/\/www.achgut.com\/artikel\/nachrichten_aus_der_zivilisation<\/a><\/p>\n<p>&nbsp;<\/p>\n<p><strong>Zugbegleiter von Schwarzfahrer totgepr\u00fcgelt: Vater erleidet Herzinfarkt \u2013 Familie nennt Details<\/strong><br \/>\nUpdate vom 5. Februar, 7.50 Uhr: Nach dem Tod des Zugbegleiters Serkan C. werden weitere ersch\u00fctternde Details \u00fcber die Auswirkungen auf seine Familie bekannt. Als Serkans Vater von dem brutalen Angriff auf seinen Sohn erfuhr, erlitt er einen leichten Herzinfarkt. \u201eIch habe einen Bypass bekommen\u201c, sagt er der Bild. \u201eAber mein Sohn wird nicht wieder zur\u00fcckkommen.\u201c<br \/>\nBesonders tragisch: Die beiden S\u00f6hne des 36-J\u00e4hrigen im Alter von elf und 13 Jahren mussten den Tod ihres Vaters miterleben. Wie sein Cousin berichtet: \u201eSie haben ihren Vater sterben sehen, es war furchtbar.\u201c Das Obduktionsergebnis zeigt, dass Serkan C. an einer Hirnblutung starb \u2013 eine Folge der schweren Gewalteinwirkung gegen den Kopf. &#8230;<br \/>\nDer 26-j\u00e4hrige Tatverd\u00e4chtige soll \u201ehemmungslos\u201c auf den Zugbegleiter eingeschlagen haben, nachdem dieser eine Gruppe von vier Personen kontrolliert hatte. Trotz Serkans deeskalierendem Verhalten pr\u00fcgelte der Mann los, als er des Zuges verwiesen werden sollte. Der alleinerziehende Vater hatte 15 Jahre bei der Bahn gearbeitet. Seine Kinder sind nun bei ihrer Gro\u00dfmutter untergebracht.<\/p>\n<p>5.2.2026 auf <a href=\"https:\/\/www.merkur.de\/deutschland\/zugbegleiter-bei-kontrolle-von-schwarzfahrer-totgepruegelt-er-hat-nur-seinen-job-gemacht-zr-94153936.html\">https:\/\/www.merkur.de\/deutschland\/zugbegleiter-bei-kontrolle-von-schwarzfahrer-totgepruegelt-er-hat-nur-seinen-job-gemacht-zr-94153936.html<\/a><\/p>\n<p>&nbsp;<\/p>\n<p><strong>Schwarzfahrer erschl\u00e4gt Schaffner in Regionalbahn Landstuhl (RP)<\/strong><br \/>\nEin 36-j\u00e4hriger Schaffner wurde am 2.2.2026 in der Regionalbahn bei Landstuhl (RP) aus einer vierk\u00f6pfigen Gruppe heraus von einem Schwarzfahrer durch Schl\u00e4ge auf den Kopf regelrecht erschlagen. Der Familienvater starb am 4.2.2026.<br \/>\nDer mutma\u00dfliche T\u00e4ter hat einen griechischen Pass, soll aber aus <a href=\"https:\/\/www.freiburg-schwarzwald.de\/blog\/global\/syrien\/\">Syrien<\/a> geb\u00fcrtig sein.<\/p>\n<p>Die neue DB-Chefin Evelyn Palla fragt &#8222;Warum kommt es immer wieder zu solchen Gewaltausbr\u00fcchen?&#8220; (1). Scheinheilig, denn die Antwort wird von <a href=\"https:\/\/www.freiburg-schwarzwald.de\/blog\/weisse-elefanten-unsichtbar\/\">rosa Elefant<\/a> bzw. <a href=\"https:\/\/www.freiburg-schwarzwald.de\/blog\/engagement\/zukunft\/demokratie\/tabu\/\">Tabu<\/a> versperrt: Die Ursache liegt in der <a href=\"https:\/\/www.freiburg-schwarzwald.de\/blog\/global\/migration\/masseneinwanderung\/\">Massenmigration<\/a> \u00fcber <a href=\"https:\/\/www.freiburg-schwarzwald.de\/blog\/global\/migration\/kontrollierte-grenzen\/\">unkontrollierte Grenzen<\/a> seit sp\u00e4testens <a href=\"https:\/\/www.freiburg-schwarzwald.de\/blog\/global\/deutschland\/grenzoeffnung2015\/\">9\/2015<\/a>. Denn seit mindestens zehn Jahren nimmt die Gewalt in \u00d6PNV und Bahn wie auch in Bahnh\u00f6fen (am Bahnsteig) zu.<br \/>\nErst am 29.1.2026 wird eine 18-j\u00e4hrige Iranerin von einem S\u00fcdsudanesen in Hamburg vor eine einfahrende <a href=\"https:\/\/www.freiburg-schwarzwald.de\/blog\/global\/migration\/u-bahn-mord-wandsbek29jan2026\/\">U-Bahn<\/a> gerissen und stirbt.<br \/>\n4.2.2026<br \/>\n.<br \/>\n<strong>(1) Schaffner aus der Regionalbahn ist tot &#8211; Von Schwarzfahrer zu Tode gepr\u00fcgelt<\/strong><br \/>\nDer Gewaltexzess in einer Regionalbahn hat f\u00fcr den 36 Jahre alten Schaffner ein t\u00f6dliches Ende genommen. Familienvater Serkan C. (36) starb im Krankenhaus, nachdem \u00c4rzte seit Montagabend um sein Leben gek\u00e4mpft haben. BILD erfuhr zudem neue, ersch\u00fctternde Details zu der unfassbaren Gewalttat. Demnach wurde der Schaffner aus einer Gruppe heraus angegriffen. Der brutale Angriff geschah nur wenige Minuten, nachdem der Regionalzug am Bahnhof Landstuhl abfuhr. Nach BILD-Informationen kontrollierte Serkan C. am Montagabend eine Gruppe von vier Personen im Alter zwischen 20 und 30 Jahren. Aus dieser Gruppe heraus griff ein 26-j\u00e4hriger Grieche den Zugbegleiter an. Zuvor war ein Streit entbrannt, weil der Mann kein Fahrticket vorweisen konnte.<br \/>\n&#8230;<br \/>\nDB-Chefin Evelyn Palla: \u201eDer tragische Tod macht mich fassungslos und traurig. Mein tiefes Mitgef\u00fchl gilt den Angeh\u00f6rigen von Serkan C., seinen Freunden und seinen Kolleginnen und Kollegen. Wir alle bei der Deutsche Bahn verurteilen aufs Sch\u00e4rfste diesen schrecklichen Gewaltexzess und den v\u00f6llig sinnlosen Tod des Kollegen. Wir alle m\u00fcssen uns die Frage stellen, warum kommt es immer wieder zu solchen Gewaltausbr\u00fcchen? Wir, die Politik, die Gesellschaft, m\u00fcssen Antworten geben. &#8230;&#8220;.<br \/>\n&#8230; Alles vom 4.2.2026 bitte lesen auf <a href=\"https:\/\/www.bild.de\/regional\/saarland\/schaffner-tot-neue-details-zur-bahn-attacke-in-homburg-6982e36048913c2281394c91\">https:\/\/www.bild.de\/regional\/saarland\/schaffner-tot-neue-details-zur-bahn-attacke-in-homburg-6982e36048913c2281394c91<\/a><\/p>\n","protected":false},"excerpt":{"rendered":"<p>Home &gt;Regio\u00a0&gt;Verkehr\u00a0&gt;Freiburg\u00a0&gt;Eisenbahn\u00a0&gt;H\u00f6llentalbahn\u00a0&gt;\u00a0Laerm &gt;Bahn-Gewalt Listenauswahl eines Beitrags (Artikel\/Datum, Seite\/Inhalt): Klicken oder scrollen \u201eHalt die Fresse\u201c \u2013 Zivilcourage\u00a0(11.2.2026) Hamburger U-Bahn-Mord: Preis des Schweigens (6.2.2026) Schienentod &#8211; deutsches Alleinstellungsmerkmal (6.2.2026) Zugbegleiter von Schwarzfahrer totgepr\u00fcgelt: Vater erleidet Herzinfarkt \u2013 Familie nennt Details (5.2.2026) Schwarzfahrer &hellip; <a href=\"https:\/\/www.freiburg-schwarzwald.de\/blog\/regio\/verkehr\/eisenbahn\/bahn-gewalt\/\">Weiterlesen <span class=\"meta-nav\">&rarr;<\/span><\/a><\/p>\n","protected":false},"author":2,"featured_media":0,"parent":5452,"menu_order":0,"comment_status":"closed","ping_status":"closed","template":"","meta":{"footnotes":""},"class_list":["post-145309","page","type-page","status-publish","hentry"],"_links":{"self":[{"href":"https:\/\/www.freiburg-schwarzwald.de\/blog\/wp-json\/wp\/v2\/pages\/145309","targetHints":{"allow":["GET"]}}],"collection":[{"href":"https:\/\/www.freiburg-schwarzwald.de\/blog\/wp-json\/wp\/v2\/pages"}],"about":[{"href":"https:\/\/www.freiburg-schwarzwald.de\/blog\/wp-json\/wp\/v2\/types\/page"}],"author":[{"embeddable":true,"href":"https:\/\/www.freiburg-schwarzwald.de\/blog\/wp-json\/wp\/v2\/users\/2"}],"replies":[{"embeddable":true,"href":"https:\/\/www.freiburg-schwarzwald.de\/blog\/wp-json\/wp\/v2\/comments?post=145309"}],"version-history":[{"count":5,"href":"https:\/\/www.freiburg-schwarzwald.de\/blog\/wp-json\/wp\/v2\/pages\/145309\/revisions"}],"predecessor-version":[{"id":145601,"href":"https:\/\/www.freiburg-schwarzwald.de\/blog\/wp-json\/wp\/v2\/pages\/145309\/revisions\/145601"}],"up":[{"embeddable":true,"href":"https:\/\/www.freiburg-schwarzwald.de\/blog\/wp-json\/wp\/v2\/pages\/5452"}],"wp:attachment":[{"href":"https:\/\/www.freiburg-schwarzwald.de\/blog\/wp-json\/wp\/v2\/media?parent=145309"}],"curies":[{"name":"wp","href":"https:\/\/api.w.org\/{rel}","templated":true}]}}