{"id":14515,"date":"2012-11-04T15:12:05","date_gmt":"2012-11-04T14:12:05","guid":{"rendered":"https:\/\/www.freiburg-schwarzwald.de\/blog\/?page_id=14515"},"modified":"2015-01-30T10:33:48","modified_gmt":"2015-01-30T09:33:48","slug":"todtnau","status":"publish","type":"page","link":"https:\/\/www.freiburg-schwarzwald.de\/blog\/regio\/orte\/todtnau\/","title":{"rendered":"Todtnau"},"content":{"rendered":"<p>Home &gt;<a title=\"Regio\" href=\"https:\/\/www.freiburg-schwarzwald.de\/blog\/regio\/\">Regio<\/a> &gt;<a title=\"Orte\" href=\"https:\/\/www.freiburg-schwarzwald.de\/blog\/regio\/orte\/\">Orte<\/a> &gt;Todtnau<\/p>\n<div id=\"attachment_14525\" style=\"width: 649px\" class=\"wp-caption alignnone\"><a href=\"https:\/\/www.freiburg-schwarzwald.de\/blog\/regio\/orte\/todtnau\/brandenberg1pan121025\/\" rel=\"attachment wp-att-14525\"><img loading=\"lazy\" decoding=\"async\" aria-describedby=\"caption-attachment-14525\" class=\"size-full wp-image-14525\" title=\"brandenberg1pan121025\" src=\"https:\/\/www.freiburg-schwarzwald.de\/blog\/wp-content\/uploads\/2012\/11\/brandenberg1pan121025.jpg\" alt=\"\" width=\"639\" height=\"217\" srcset=\"https:\/\/www.freiburg-schwarzwald.de\/blog\/wp-content\/uploads\/2012\/11\/brandenberg1pan121025.jpg 639w, https:\/\/www.freiburg-schwarzwald.de\/blog\/wp-content\/uploads\/2012\/11\/brandenberg1pan121025-180x61.jpg 180w\" sizes=\"auto, (max-width: 639px) 100vw, 639px\" \/><\/a><p id=\"caption-attachment-14525\" class=\"wp-caption-text\">Blick zum Brandenberg zwischen Todtnau (im Westen) und Fahl am Feldberg (im Osten) am 25.10.2010<\/p><\/div>\n<ul>\n<li><a href=\"https:\/\/www.freiburg-schwarzwald.de\/blog\/todtnau-treffpunkt-gemeinde\">https:\/\/www.freiburg-schwarzwald.de\/blog\/todtnau-treffpunkt-gemeinde<\/a>\/ (29.1.2015)<\/li>\n<li><a href=\"https:\/\/www.freiburg-schwarzwald.de\/blog\/handwerker-messe-in-todtnau\/\">https:\/\/www.freiburg-schwarzwald.de\/blog\/handwerker-messe-in-todtnau\/<\/a>\u00a0(2.4.2014)<\/li>\n<li><a href=\"https:\/\/www.freiburg-schwarzwald.de\/blog\/japan-in-todtnau-enegiewende\/\">https:\/\/www.freiburg-schwarzwald.de\/blog\/japan-in-todtnau-enegiewende\/<\/a>\u00a0(20.9.2013)<\/li>\n<li><a title=\"Muggenbrunn 1900 Dorfrundweg\" href=\"https:\/\/www.freiburg-schwarzwald.de\/blog\/muggenbrunn-1900-dorfrundweg\/\">Muggenbrunn 1900 Dorfrundweg <\/a>(13.6.2013)<\/li>\n<li><a href=\"https:\/\/www.freiburg-schwarzwald.de\/todtnau1.htm\">Aktuelle Infos zur Todtnau-Seite<\/a> &gt;Todtnau1<\/li>\n<li>Todtnauer Ferienland<\/li>\n<li><a href=\"https:\/\/www.freiburg-schwarzwald.de\/todtnau#Bilder\">Bilder<\/a><\/li>\n<\/ul>\n<ul>\n<li><a href=\"https:\/\/www.freiburg-schwarzwald.de\/todtnau5.htm\">Bauernh\u00f6fe (Ferienwohnung, Hofladen, Brauchtum) im Gebiet Todtnau<\/a> &gt;Todtnau5<\/li>\n<li><a href=\"https:\/\/www.freiburg-schwarzwald.de\/todtnau#Brandenberg im Oberen Wiesental zwischen Fahl und Todtnau\">Brandenberg im Oberen Wiesental zwischen Fahl und Todtnau<\/a><\/li>\n<li><a title=\"Aftersteg\" href=\"https:\/\/www.freiburg-schwarzwald.de\/blog\/regio\/orte\/todtnau\/aftersteg\/\">Aftersteg mit Hasbach im Norden von Todtnau<\/a> &gt;Aftersteg<\/li>\n<li><a href=\"https:\/\/www.freiburg-schwarzwald.de\/todtnau#Fahl zwischen Feldberg-Hebelhof und Brandenberg\">Fahl zwischen Feldberg-Hebelhof und Brandenberg<\/a><\/li>\n<li><a href=\"https:\/\/www.freiburg-schwarzwald.de\/geschwend.htm\">Geschwend im S\u00fcden von Todtnau<\/a> &gt;Geschwend<\/li>\n<li><a href=\"https:\/\/www.freiburg-schwarzwald.de\/hasenhorn.htm\">Hasenhorn: Rodeln, Skifahren, Zauberweg f\u00fcr Kinder und Wandern<\/a> &gt;Hasenhorn<\/li>\n<li><a href=\"https:\/\/www.freiburg-schwarzwald.de\/hasenhornturm.htm\">Hasenhornturm<\/a> &gt;Hasenhornturm<\/li>\n<li><a href=\"https:\/\/www.freiburg-schwarzwald.de\/herrenschwand.htm\">Herrenschwand, Ortsteil von Pr\u00e4g<\/a> &gt;Herrenschwand<\/li>\n<li><a href=\"https:\/\/www.freiburg-schwarzwald.de\/muggenbrunn.htm\">Muggenbrunn im Nordwesten von Todtnau<\/a> &gt;Muggenbrunn<\/li>\n<li><a title=\"Notschrei\" href=\"https:\/\/www.freiburg-schwarzwald.de\/blog\/sport\/sportvereine\/notschrei\/\">Notschrei<\/a><\/li>\n<li><a href=\"https:\/\/www.freiburg-schwarzwald.de\/praeg.htm\">Pr\u00e4g mit Herrenschwand<\/a> &gt;Praeg<\/li>\n<li><a href=\"https:\/\/www.freiburg-schwarzwald.de\/schlechtnau.htm\">Schlechtnau zwischen Todtnau und Geschwend<\/a> &gt;Schlechtnau<\/li>\n<li><a title=\"Todtnauberg\" href=\"https:\/\/www.freiburg-schwarzwald.de\/blog\/regio\/orte\/todtnau\/todtnauberg\/\">Todtnauberg oben im Norden<\/a> &gt;Todtnauberg<\/li>\n<li><a href=\"https:\/\/www.freiburg-schwarzwald.de\/wiesental1.htm#Todtnauerli-Radweg: 22 km zwischen Zell und Todtnau auf ehem. Bahntrasse\">Todtnauerli-Radweg: 22 km zwischen Zell und Todtnau auf ehem. Bahntrass<\/a>e &gt;Wiesental1 (30.9)<\/li>\n<li><a href=\"https:\/\/www.freiburg-schwarzwald.de\/stuebenwasen.htm\">St\u00fcbenwasen im Norden oberhalb Todtnauberg<\/a> &gt;Stuebenwasen<\/li>\n<li><a href=\"https:\/\/www.freiburg-schwarzwald.de\/todtnauer-wasserfall.htm\">Wasserf\u00e4lle zwischen Todtnau, Aftersteg und Todtnauberg<\/a> &gt;Todtnauer-Wasserfall<\/li>\n<li><a href=\"https:\/\/www.freiburg-schwarzwald.de\/todtnau#Links\">Links<\/a><\/li>\n<li><a href=\"https:\/\/www.freiburg-schwarzwald.de\/feldberg.htm\">Feldberg im Osten hoch oben<\/a>&gt;Feldberg<\/li>\n<\/ul>\n<p>&nbsp;<\/p>\n<p><strong>Todtnauer Ferienland<\/strong><\/p>\n<p>Das Todtnauer Ferienland umfa\u00dft die drei Luftkurorte Todtnauberg (1021 m), Todtnau (660 m) und Muggenbrunn (970 m), den Erholungsort Aftersteg (780 m) und die Ferienorte Brandenberg-Fahl (800-850 m), Pr\u00e4g-Herrenschwand (700-1020 m), Geschwend (600 m) und Schlechtnau (620 m).<\/p>\n<p align=\"left\">&#8222;Wir bieten zu den Themen Wandern im Todtnauer Ferienland\/ Naturpark S\u00fcd-Schwarzwald, Motorradparadies im Schwarzwald, Urlaubsparadies f\u00fcr Familien, Mountainbiken im S\u00fcdlichen Schwarzwald und Schwarzwaldwinter zwischen Feldberg und Belchen ausf\u00fchrliche Informationen auf unserer Homepage. Zus\u00e4tzlich k\u00f6nnen auch Informationen zu Unterk\u00fcnften abgefragt werden. &#8222;<\/p>\n<p>Tourismus GmbH Todtnauer Ferienland<br \/>\nc\/o Andreas Schuder, Kurhausstr. 18, 79674 Todtnauberg, Tel. 07671.969690<br \/>\n<a href=\"mailto:todtnauberg@t-online.de\">todtnauberg@t-online.de<\/a> , <a href=\"https:\/\/www.todtnauer-ferienland.de\/\">www.todtnauer-ferienland.de<\/a><br \/>\n<a href=\"https:\/\/www.todtnau.de\/\">www.todtnau.de<\/a><\/p>\n<p>&nbsp;<\/p>\n<p>&nbsp;<\/p>\n<p><a href=\"https:\/\/www.freiburg-schwarzwald.de\/blog\/regio\/orte\/todtnau\/todtnau130305\/\" rel=\"attachment wp-att-24472\"><img loading=\"lazy\" decoding=\"async\" class=\"alignnone size-thumbnail wp-image-24472\" title=\"todtnau130305\" src=\"https:\/\/www.freiburg-schwarzwald.de\/blog\/wp-content\/uploads\/2012\/11\/todtnau130305-180x140.jpg\" alt=\"\" width=\"180\" height=\"140\" srcset=\"https:\/\/www.freiburg-schwarzwald.de\/blog\/wp-content\/uploads\/2012\/11\/todtnau130305-180x140.jpg 180w, https:\/\/www.freiburg-schwarzwald.de\/blog\/wp-content\/uploads\/2012\/11\/todtnau130305.jpg 638w\" sizes=\"auto, (max-width: 180px) 100vw, 180px\" \/><\/a><br \/>\n(1) Todnau am 5.3.2013<\/p>\n<p>(1) Blick von Todtnauberg nach S\u00fcden am 5.3.2013 zu Todtnau, Hasenhorn links und weiter ins Wiesental<\/p>\n<p>&nbsp;<\/p>\n<p><strong>Aftersteg<\/strong><\/p>\n<p><a href=\"https:\/\/www.freiburg-schwarzwald.de\/blog\/regio\/orte\/todtnau\/aftersteg1-121025\/\" rel=\"attachment wp-att-14519\"><img loading=\"lazy\" decoding=\"async\" class=\"alignnone size-thumbnail wp-image-14519\" title=\"aftersteg1-121025\" src=\"https:\/\/www.freiburg-schwarzwald.de\/blog\/wp-content\/uploads\/2012\/11\/aftersteg1-121025-180x135.jpg\" alt=\"\" width=\"180\" height=\"135\" srcset=\"https:\/\/www.freiburg-schwarzwald.de\/blog\/wp-content\/uploads\/2012\/11\/aftersteg1-121025-180x135.jpg 180w, https:\/\/www.freiburg-schwarzwald.de\/blog\/wp-content\/uploads\/2012\/11\/aftersteg1-121025.jpg 640w\" sizes=\"auto, (max-width: 180px) 100vw, 180px\" \/><\/a>\u00a0\u00a0\u00a0\u00a0\u00a0\u00a0\u00a0\u00a0\u00a0 \u00a0\u00a0\u00a0 <a href=\"https:\/\/www.freiburg-schwarzwald.de\/blog\/regio\/orte\/todtnau\/aftersteg2-121025\/\" rel=\"attachment wp-att-14520\"><img loading=\"lazy\" decoding=\"async\" class=\"alignnone size-thumbnail wp-image-14520\" title=\"aftersteg2-121025\" src=\"https:\/\/www.freiburg-schwarzwald.de\/blog\/wp-content\/uploads\/2012\/11\/aftersteg2-121025-135x180.jpg\" alt=\"\" width=\"135\" height=\"180\" srcset=\"https:\/\/www.freiburg-schwarzwald.de\/blog\/wp-content\/uploads\/2012\/11\/aftersteg2-121025-135x180.jpg 135w, https:\/\/www.freiburg-schwarzwald.de\/blog\/wp-content\/uploads\/2012\/11\/aftersteg2-121025.jpg 480w\" sizes=\"auto, (max-width: 135px) 100vw, 135px\" \/><\/a>\u00a0\u00a0\u00a0\u00a0\u00a0\u00a0\u00a0\u00a0 \u00a0\u00a0\u00a0\u00a0\u00a0 <a href=\"https:\/\/www.freiburg-schwarzwald.de\/blog\/regio\/orte\/todtnau\/aftersteg3-121025\/\" rel=\"attachment wp-att-14521\"><img loading=\"lazy\" decoding=\"async\" class=\"alignnone size-thumbnail wp-image-14521\" title=\"aftersteg3-121025\" src=\"https:\/\/www.freiburg-schwarzwald.de\/blog\/wp-content\/uploads\/2012\/11\/aftersteg3-121025-180x142.jpg\" alt=\"\" width=\"180\" height=\"142\" srcset=\"https:\/\/www.freiburg-schwarzwald.de\/blog\/wp-content\/uploads\/2012\/11\/aftersteg3-121025-180x142.jpg 180w, https:\/\/www.freiburg-schwarzwald.de\/blog\/wp-content\/uploads\/2012\/11\/aftersteg3-121025.jpg 640w\" sizes=\"auto, (max-width: 180px) 100vw, 180px\" \/><\/a><br \/>\n(1) Blick nach Westen auf Aftersteg\u00a0\u00a0\u00a0\u00a0\u00a0\u00a0\u00a0\u00a0\u00a0\u00a0\u00a0(2) 25.10.2012\u00a0\u00a0\u00a0\u00a0\u00a0\u00a0\u00a0\u00a0\u00a0\u00a0\u00a0\u00a0\u00a0\u00a0\u00a0\u00a0\u00a0\u00a0\u00a0\u00a0\u00a0\u00a0\u00a0\u00a0\u00a0\u00a0\u00a0\u00a0\u00a0\u00a0\u00a0\u00a0\u00a0(3) Blick auf Hasbach, wie (5)<\/p>\n<p><a href=\"https:\/\/www.freiburg-schwarzwald.de\/blog\/regio\/orte\/todtnau\/aftersteg130305\/\" rel=\"attachment wp-att-24473\"><img loading=\"lazy\" decoding=\"async\" class=\"alignnone size-thumbnail wp-image-24473\" title=\"aftersteg130305\" src=\"https:\/\/www.freiburg-schwarzwald.de\/blog\/wp-content\/uploads\/2012\/11\/aftersteg130305-180x141.jpg\" alt=\"\" width=\"180\" height=\"141\" srcset=\"https:\/\/www.freiburg-schwarzwald.de\/blog\/wp-content\/uploads\/2012\/11\/aftersteg130305-180x141.jpg 180w, https:\/\/www.freiburg-schwarzwald.de\/blog\/wp-content\/uploads\/2012\/11\/aftersteg130305.jpg 640w\" sizes=\"auto, (max-width: 180px) 100vw, 180px\" \/><\/a>\u00a0\u00a0\u00a0\u00a0\u00a0\u00a0\u00a0\u00a0\u00a0 <a href=\"https:\/\/www.freiburg-schwarzwald.de\/blog\/regio\/orte\/todtnau\/aftersteg-hasbach130305\/\" rel=\"attachment wp-att-24474\"><img loading=\"lazy\" decoding=\"async\" title=\"aftersteg-hasbach130305\" src=\"https:\/\/www.freiburg-schwarzwald.de\/blog\/wp-content\/uploads\/2012\/11\/aftersteg-hasbach130305-180x141.jpg\" alt=\"\" width=\"180\" height=\"141\" \/><\/a>\u00a0\u00a0\u00a0\u00a0\u00a0\u00a0\u00a0\u00a0\u00a0 <a href=\"https:\/\/www.freiburg-schwarzwald.de\/blog\/regio\/orte\/todtnau\/hasbach130305\/\" rel=\"attachment wp-att-24475\"><img loading=\"lazy\" decoding=\"async\" title=\"hasbach130305\" src=\"https:\/\/www.freiburg-schwarzwald.de\/blog\/wp-content\/uploads\/2012\/11\/hasbach130305-135x180.jpg\" alt=\"\" width=\"135\" height=\"180\" \/><\/a><br \/>\n(4) Aftersteg am 5.3.2013, wie (1)\u00a0\u00a0\u00a0\u00a0\u00a0\u00a0\u00a0\u00a0\u00a0 (5) Hasbach im Westen\u00a0\u00a0\u00a0\u00a0\u00a0\u00a0\u00a0\u00a0\u00a0\u00a0\u00a0\u00a0\u00a0\u00a0\u00a0\u00a0\u00a0\u00a0\u00a0\u00a0\u00a0\u00a0\u00a0\u00a0\u00a0 (6) Hasbach ob Aftersteg<\/p>\n<p>&nbsp;<\/p>\n<p>&nbsp;<\/p>\n<p><strong>\u00a0Brandenberg zwischen Todtnau und Fahl<\/strong><\/p>\n<p><a href=\"https:\/\/www.freiburg-schwarzwald.de\/blog\/regio\/orte\/todtnau\/brandenberg2-herbst121025\/\" rel=\"attachment wp-att-14524\"><img loading=\"lazy\" decoding=\"async\" class=\"alignnone size-thumbnail wp-image-14524\" title=\"brandenberg2-herbst121025\" src=\"https:\/\/www.freiburg-schwarzwald.de\/blog\/wp-content\/uploads\/2012\/11\/brandenberg2-herbst121025-180x135.jpg\" alt=\"\" width=\"180\" height=\"135\" srcset=\"https:\/\/www.freiburg-schwarzwald.de\/blog\/wp-content\/uploads\/2012\/11\/brandenberg2-herbst121025-180x135.jpg 180w, https:\/\/www.freiburg-schwarzwald.de\/blog\/wp-content\/uploads\/2012\/11\/brandenberg2-herbst121025.jpg 640w\" sizes=\"auto, (max-width: 180px) 100vw, 180px\" \/><\/a><br \/>\nBrandenberg am 25.10.2012<\/p>\n<p>&nbsp;<\/p>\n<p>Schatzstein unterhalb des Todtnauberger Wasserfalls<\/p>\n<p>Der\u00a0 Kreuzfelsen unweit des Todtnauberger Wasserfalls wird auch Schatzstein genannt. Der riesige Stein mit seinen 10 eingeritten Markierungen\u00a0ist eine 500 Jahre alte Bergbaulandkarte, die im Ma\u00dfstab 1:5000\u00a0in Nord-S\u00fcdrichtung die Hmit. Bergbaugeschichtlich eine Sensation. Belegt diese Hinterlassenschaft doch nicht nur hohes K\u00f6nnen und Wissen jener historischen Bergvermesser, die man Schiner nannte (ihr Messstab<\/p>\n<p><a href=\"https:\/\/www.freiburg-schwarzwald.de\/blog\/regio\/orte\/todtnau\/todtnauberg-schatzstein1407\/\" rel=\"attachment wp-att-49683\"><img loading=\"lazy\" decoding=\"async\" class=\"alignnone size-thumbnail wp-image-49683\" src=\"https:\/\/www.freiburg-schwarzwald.de\/blog\/wp-content\/uploads\/2012\/11\/todtnauberg-schatzstein1407-180x145.jpg\" alt=\"todtnauberg-schatzstein1407\" width=\"180\" height=\"145\" srcset=\"https:\/\/www.freiburg-schwarzwald.de\/blog\/wp-content\/uploads\/2012\/11\/todtnauberg-schatzstein1407-180x145.jpg 180w, https:\/\/www.freiburg-schwarzwald.de\/blog\/wp-content\/uploads\/2012\/11\/todtnauberg-schatzstein1407.jpg 640w\" sizes=\"auto, (max-width: 180px) 100vw, 180px\" \/><\/a><\/p>\n<p>Schatzstein Todtnauberg<\/p>\n<p>Die Mei\u00dfelmarken und Zeichen auf der linken Seite (Ziffern 1-4) des Steins sind die Legende. Die rechte Seite (5-10) ist die eigentliche kartografisch absolut exakte Karte im Ma\u00dfstab 1:5000.<br \/>\n1 Diese 3 Zeichen stehen f\u00fcr 3 Stollen: Gauch 1, Gauch 2 und Hangloch 1<br \/>\n2 Diese zwei Kreuze geben an, wie die Mineralienschichten verlaufen sowie den Richtungsverlauf der Stollen.<br \/>\n3 steht f\u00fcr einen beim Erdbeben 1356 eingebrochenen Stollen (siehe 7)<br \/>\n4 steht f\u00fcr den Sch\u00f6nenbach und der einzelne Punkt f\u00fcr den Messpunkt.<br \/>\n5 steht f\u00fcr den Radschert und zugleich f\u00fcr den n\u00f6rdlichsten Messpunkt.<br \/>\n6 zeigt die Stelle der jetzt zuf\u00e4llig von St\u00f6rk wiederentdeckten Stollen beim Ennerbach.<br \/>\n7 gibt die genaue Lage des eingebrochenen Hanglochstollens an.<br \/>\n8 gibt die Lage des Stollens Gauch 1 an<br \/>\n9 gibt den Stollen Gauch 2 an<br \/>\n10 gibt den M\u00fchlenboden als s\u00fcdlichsten Messpunkt an<\/p>\n<p><a href=\"https:\/\/www.badische-zeitung.de\/das-raetsel-um-den-schatzstein-in-todtnauberg-ist-gelueftet\">https:\/\/www.badische-zeitung.de\/das-raetsel-um-den-schatzstein-in-todtnauberg-ist-gelueftet<\/a><\/p>\n<p>&nbsp;<\/p>\n","protected":false},"excerpt":{"rendered":"<p>Home &gt;Regio &gt;Orte &gt;Todtnau https:\/\/www.freiburg-schwarzwald.de\/blog\/todtnau-treffpunkt-gemeinde\/ (29.1.2015) https:\/\/www.freiburg-schwarzwald.de\/blog\/handwerker-messe-in-todtnau\/\u00a0(2.4.2014) https:\/\/www.freiburg-schwarzwald.de\/blog\/japan-in-todtnau-enegiewende\/\u00a0(20.9.2013) Muggenbrunn 1900 Dorfrundweg (13.6.2013) Aktuelle Infos zur Todtnau-Seite &gt;Todtnau1 Todtnauer Ferienland Bilder Bauernh\u00f6fe (Ferienwohnung, Hofladen, Brauchtum) im Gebiet Todtnau &gt;Todtnau5 Brandenberg im Oberen Wiesental zwischen Fahl und Todtnau Aftersteg mit Hasbach im &hellip; <a href=\"https:\/\/www.freiburg-schwarzwald.de\/blog\/regio\/orte\/todtnau\/\">Weiterlesen <span class=\"meta-nav\">&rarr;<\/span><\/a><\/p>\n","protected":false},"author":4,"featured_media":0,"parent":363,"menu_order":0,"comment_status":"open","ping_status":"closed","template":"","meta":{"footnotes":""},"class_list":["post-14515","page","type-page","status-publish","hentry"],"_links":{"self":[{"href":"https:\/\/www.freiburg-schwarzwald.de\/blog\/wp-json\/wp\/v2\/pages\/14515","targetHints":{"allow":["GET"]}}],"collection":[{"href":"https:\/\/www.freiburg-schwarzwald.de\/blog\/wp-json\/wp\/v2\/pages"}],"about":[{"href":"https:\/\/www.freiburg-schwarzwald.de\/blog\/wp-json\/wp\/v2\/types\/page"}],"author":[{"embeddable":true,"href":"https:\/\/www.freiburg-schwarzwald.de\/blog\/wp-json\/wp\/v2\/users\/4"}],"replies":[{"embeddable":true,"href":"https:\/\/www.freiburg-schwarzwald.de\/blog\/wp-json\/wp\/v2\/comments?post=14515"}],"version-history":[{"count":0,"href":"https:\/\/www.freiburg-schwarzwald.de\/blog\/wp-json\/wp\/v2\/pages\/14515\/revisions"}],"up":[{"embeddable":true,"href":"https:\/\/www.freiburg-schwarzwald.de\/blog\/wp-json\/wp\/v2\/pages\/363"}],"wp:attachment":[{"href":"https:\/\/www.freiburg-schwarzwald.de\/blog\/wp-json\/wp\/v2\/media?parent=14515"}],"curies":[{"name":"wp","href":"https:\/\/api.w.org\/{rel}","templated":true}]}}