{"id":144331,"date":"2026-01-16T19:00:37","date_gmt":"2026-01-16T18:00:37","guid":{"rendered":"https:\/\/www.freiburg-schwarzwald.de\/blog\/?page_id=144331"},"modified":"2026-01-16T19:04:19","modified_gmt":"2026-01-16T18:04:19","slug":"machen","status":"publish","type":"page","link":"https:\/\/www.freiburg-schwarzwald.de\/blog\/engagement\/machen\/","title":{"rendered":"machen"},"content":{"rendered":"<p><a href=\"https:\/\/www.freiburg-schwarzwald.de\/blog\">Home<\/a>\u00a0&gt;<a title=\"Engagement\" href=\"https:\/\/www.freiburg-schwarzwald.de\/blog\/engagement\/\">Engagement<\/a>\u00a0&gt;<a href=\"https:\/\/www.freiburg-schwarzwald.de\/blog\/engagement\/freiwillig\/\">Freiwillig<\/a>\u00a0&gt;<a href=\"https:\/\/www.freiburg-schwarzwald.de\/blog\/selbsthilfe\/\">Selbsthilfe<\/a> &gt;machen<\/p>\n<div id=\"attachment_143476\" style=\"width: 651px\" class=\"wp-caption alignnone\"><a href=\"https:\/\/www.freiburg-schwarzwald.de\/blog\/wp-content\/uploads\/2025\/12\/bildung-statt-panzer-pan251201.jpg\"><img loading=\"lazy\" decoding=\"async\" aria-describedby=\"caption-attachment-143476\" class=\"size-full wp-image-143476\" src=\"https:\/\/www.freiburg-schwarzwald.de\/blog\/wp-content\/uploads\/2025\/12\/bildung-statt-panzer-pan251201.jpg\" alt=\"\" width=\"641\" height=\"385\" srcset=\"https:\/\/www.freiburg-schwarzwald.de\/blog\/wp-content\/uploads\/2025\/12\/bildung-statt-panzer-pan251201.jpg 641w, https:\/\/www.freiburg-schwarzwald.de\/blog\/wp-content\/uploads\/2025\/12\/bildung-statt-panzer-pan251201-180x108.jpg 180w\" sizes=\"auto, (max-width: 641px) 100vw, 641px\" \/><\/a><p id=\"caption-attachment-143476\" class=\"wp-caption-text\">&#8222;Bildung statt Panzer&#8220;-Jugendbewegung gegen die Nachr\u00fcstung<\/p><\/div>\n<ul>\n<li><em>Listenauswahl eines Beitrags (Artikel\/Datum, Seite\/Inhalt): <span style=\"text-decoration: underline;\">Klicken<\/span> oder scrollen<\/em><\/li>\n<li>Einfach mal machen (1.1.2026)<\/li>\n<li><\/li>\n<li><a href=\"https:\/\/www.freiburg-schwarzwald.de\/blog\/vereine\/ngo\/aktivisten\/\">Aktivisten<\/a><\/li>\n<li><a href=\"https:\/\/www.freiburg-schwarzwald.de\/blog\/engagement\/buergerinitiativen\/freiheitsaktivisten\/\">Freiheitsaktivisten<\/a><\/li>\n<li><a href=\"https:\/\/www.freiburg-schwarzwald.de\/blog\/religion\/oekumene\/glaubensbewegungen\/\">Glaubensbewegungen<\/a><\/li>\n<\/ul>\n<p><strong>Einfach mal machen<\/strong><br \/>\nKinder haben manchmal die erfrischende Eigenschaft, dass sie das tun, was sie wollen, auch wenn es auf den ersten Blick unm\u00f6glich erscheint. Sie tun es einfach. Ein auf Videoplattformen bekanntes Video zeigt einen kleinen Jungen, der in kindlicher Nonchalance ein Huhn auf sein Fahrrad setzt und damit losf\u00e4hrt.<br \/>\nKind nimmte Huhn aufs Fahrrad<br \/>\nToddler Takes Chicken on Ride on His Bike<br \/>\n<a href=\"https:\/\/www.youtube.com\/watch?v=yvGl9UgDp-U\">https:\/\/www.youtube.com\/watch?v=yvGl9UgDp-U<\/a><\/p>\n<p>Ja, mag der ein oder andere einwenden, H\u00fchner werden mit der Zeit sehr zahm, das Video zeigt eine Ausnahme \u2026 Richtig, es verdeutlicht aber, was m\u00f6glich ist, wenn man etwas tut. Einfach mal macht. Das hei\u00dft aber auch, dass man manchmal das tun muss, was man nicht mag. Gremienarbeit zum Beispiel. Je verwirrender und unordentlicher die Situation wird, desto mehr kommt es auf Menschen an, die die Ordnung, die gottgegebene Ordnung, wiederherzustellen versuchen. Das gilt auch im Kleinen: In der Familie, im Dorf, im Viertel, im Verein, im (Pfarr-)Gemeinderat. Es gilt, bestehende Strukturen peu \u00e0 peu zu \u00fcbernehmen, oder aber alternative zu schaffen. \u00dcberall im deutschsprachigen Raum findet man Gleichgesinnte, kann sich zusammen- oder anschlie\u00dfen, kann aktiv werden, kann Vorbild sein.<br \/>\nDas geht aber nicht mit mieser, l\u00e4hmender Laune. Die entfacht nur destruktive Kr\u00e4fte. Ein Katholik, der angesichts des Zustands der Kirche besorgt sei, habe aufgeh\u00f6rt, Katholik zu sein, schrieb der unvergleichliche Nicol\u00e1s G\u00f3mez D\u00e1vila. Da Abwarten und Tee trinken aber keine Option ist, da uns der liebe Gott Talente gegeben hat, die genutzt werden wollen, hei\u00dft es sp\u00e4testens jetzt: Einfach mal machen.<br \/>\n&#8230;<br \/>\nNoch einmal <a href=\"https:\/\/www.freiburg-schwarzwald.de\/blog\/religion\/oekumene\/glaubensbewegungen\/\">Viktor Frankl<\/a>. In seinem bahnbrechenden Werk \u201e\u2026trotzdem Ja zum Leben sagen\u201c notierte er:<br \/>\n\u201eWas hier nottut, ist eine Wendung in der ganzen Fragestellung nach dem Sinn des Lebens: Wir m\u00fcssen lernen und die verzweifelten Menschen lehren, dass es eigentlich nie und nimmer darauf ankommt, was wir vom Leben noch zu erwarten haben, vielmehr lediglich darauf: was das Leben noch von uns erwartet!\u201c<br \/>\nUm diesem Sinn nachzusp\u00fcren, gibt es gem\u00e4\u00df Frankl drei Wege:<br \/>\n1. \u201eEntweder sch\u00f6pferisch, indem wir ein Werk schaffen, indem wir eine Tat setzen.<br \/>\n2. Oder aber erlebend, indem wir die Sch\u00f6nheit der Natur, die G\u00fcte eines Menschen erleben. Oder einen Menschen liebend, ihn in seinem innersten Wesen erlebend.<br \/>\n3. Drittens, wo es notwendig ist, wo die Ursache einer Leidenssituation sich auf keinen Fall mehr beseitigen l\u00e4sst, kommt es darauf an, mit welcher Haltung und welcher Einstellung wir das Leiden auf uns nehmen: in Tapferkeit und in W\u00fcrde.\u201c<br \/>\n&#8230; Alles vom 1-1-2026 bitte lesen auf<br \/>\n<a href=\"https:\/\/www.corrigenda.online\/politik\/neujahrseditorial-2026-von-lukas-steinwandter-einfach-mal-machen\">https:\/\/www.corrigenda.online\/politik\/neujahrseditorial-2026-von-lukas-steinwandter-einfach-mal-machen<\/a><\/p>\n","protected":false},"excerpt":{"rendered":"<p>Home\u00a0&gt;Engagement\u00a0&gt;Freiwillig\u00a0&gt;Selbsthilfe &gt;machen Listenauswahl eines Beitrags (Artikel\/Datum, Seite\/Inhalt): Klicken oder scrollen Einfach mal machen (1.1.2026) Aktivisten Freiheitsaktivisten Glaubensbewegungen Einfach mal machen Kinder haben manchmal die erfrischende Eigenschaft, dass sie das tun, was sie wollen, auch wenn es auf den ersten Blick &hellip; <a href=\"https:\/\/www.freiburg-schwarzwald.de\/blog\/engagement\/machen\/\">Weiterlesen <span class=\"meta-nav\">&rarr;<\/span><\/a><\/p>\n","protected":false},"author":2,"featured_media":0,"parent":148,"menu_order":0,"comment_status":"closed","ping_status":"closed","template":"","meta":{"footnotes":""},"class_list":["post-144331","page","type-page","status-publish","hentry"],"_links":{"self":[{"href":"https:\/\/www.freiburg-schwarzwald.de\/blog\/wp-json\/wp\/v2\/pages\/144331","targetHints":{"allow":["GET"]}}],"collection":[{"href":"https:\/\/www.freiburg-schwarzwald.de\/blog\/wp-json\/wp\/v2\/pages"}],"about":[{"href":"https:\/\/www.freiburg-schwarzwald.de\/blog\/wp-json\/wp\/v2\/types\/page"}],"author":[{"embeddable":true,"href":"https:\/\/www.freiburg-schwarzwald.de\/blog\/wp-json\/wp\/v2\/users\/2"}],"replies":[{"embeddable":true,"href":"https:\/\/www.freiburg-schwarzwald.de\/blog\/wp-json\/wp\/v2\/comments?post=144331"}],"version-history":[{"count":4,"href":"https:\/\/www.freiburg-schwarzwald.de\/blog\/wp-json\/wp\/v2\/pages\/144331\/revisions"}],"predecessor-version":[{"id":144335,"href":"https:\/\/www.freiburg-schwarzwald.de\/blog\/wp-json\/wp\/v2\/pages\/144331\/revisions\/144335"}],"up":[{"embeddable":true,"href":"https:\/\/www.freiburg-schwarzwald.de\/blog\/wp-json\/wp\/v2\/pages\/148"}],"wp:attachment":[{"href":"https:\/\/www.freiburg-schwarzwald.de\/blog\/wp-json\/wp\/v2\/media?parent=144331"}],"curies":[{"name":"wp","href":"https:\/\/api.w.org\/{rel}","templated":true}]}}