{"id":144302,"date":"2026-01-16T18:15:00","date_gmt":"2026-01-16T17:15:00","guid":{"rendered":"https:\/\/www.freiburg-schwarzwald.de\/blog\/?page_id=144302"},"modified":"2026-01-29T18:52:14","modified_gmt":"2026-01-29T17:52:14","slug":"groenland","status":"publish","type":"page","link":"https:\/\/www.freiburg-schwarzwald.de\/blog\/global\/groenland\/","title":{"rendered":"Gr\u00f6nland"},"content":{"rendered":"<p><a href=\"https:\/\/www.freiburg-schwarzwald.de\/blog\">Home<\/a>\u00a0&gt;<a title=\"Global\" href=\"https:\/\/www.freiburg-schwarzwald.de\/blog\/global\/\">Global<\/a> &gt;<a href=\"https:\/\/www.freiburg-schwarzwald.de\/blog\/global\/kolonialismus\/\">Kolonialismus<\/a> &gt;<a href=\"https:\/\/www.freiburg-schwarzwald.de\/blog\/global\/daenemark\/\">D\u00e4nemark<\/a> &gt;<a href=\"https:\/\/www.freiburg-schwarzwald.de\/blog\/global\/usa\/us-geopolitik\/\">US-Geopolitik<\/a> &gt;Gr\u00f6nland<\/p>\n<div id=\"attachment_52931\" style=\"width: 649px\" class=\"wp-caption alignnone\"><a href=\"https:\/\/www.freiburg-schwarzwald.de\/blog\/wp-content\/uploads\/2015\/01\/schauinsland-schnee-pan150118.jpg\"><img loading=\"lazy\" decoding=\"async\" aria-describedby=\"caption-attachment-52931\" class=\"size-full wp-image-52931\" src=\"https:\/\/www.freiburg-schwarzwald.de\/blog\/wp-content\/uploads\/2015\/01\/schauinsland-schnee-pan150118.jpg\" alt=\"\" width=\"639\" height=\"243\" srcset=\"https:\/\/www.freiburg-schwarzwald.de\/blog\/wp-content\/uploads\/2015\/01\/schauinsland-schnee-pan150118.jpg 639w, https:\/\/www.freiburg-schwarzwald.de\/blog\/wp-content\/uploads\/2015\/01\/schauinsland-schnee-pan150118-180x68.jpg 180w\" sizes=\"auto, (max-width: 639px) 100vw, 639px\" \/><\/a><p id=\"caption-attachment-52931\" class=\"wp-caption-text\">Auf dem 1250 m hohen Schauinsland im Schwarzwald bei Freiburg am 18.1.2015<\/p><\/div>\n<p>&nbsp;<\/p>\n<ul>\n<li><em>Listenauswahl eines Beitrags (Artikel\/Datum, Seite\/Inhalt): <span style=\"text-decoration: underline;\">Klicken<\/span> oder scrollen<\/em><\/li>\n<li>Eklat um US-Flagge auf Gr\u00f6nland: NDR-Team fliegt mit False-Flag-Aktion auf (29.1.2026)<\/li>\n<li>Neue US-Verteidigungsstrategie: Gr\u00f6nland &#8211; Downgrading Europa (26.1.2026)<\/li>\n<li><a href=\"https:\/\/www.freiburg-schwarzwald.de\/blog\/global\/groenland\/\">Gr\u00f6nland in multipolarer Welt<\/a>\u00a0(19.1.2026)<\/li>\n<li>Europas Selbstgef\u00e4lligkeit gegen\u00fcber Gr\u00f6nland (5.1.2026)<\/li>\n<li>Die Kolonialzeit pr\u00e4gt das Leben bis heute (23.11.2024)<\/li>\n<li><\/li>\n<li><a href=\"https:\/\/www.freiburg-schwarzwald.de\/blog\/global\/usa\/usa-national-security-strategy\/\">USA-National-Security-Strategy<\/a><\/li>\n<\/ul>\n<p>\u00dcber 80% der 2.166.000 km2 Fl\u00e4che von Gr\u00f6nland ist von einem ca 1600 m dicken Eisschild bedeckt. Nur 25.000 km2 (1\/4 von \u00d6sterreich) sind vom Menschen nutzbar. In der Hauptstadt Nuuk leben 20.000 der 55.000 Einwohner Gr\u00f6nlands.<br \/>\nDer immense Rohstoffreichtum l\u00e4\u00dft sich wegen der K\u00e4lte weder abbauen noch transportieren.<br \/>\nDer milit\u00e4risch-strategische Nutzen der Eisinsel ist entscheidend.<br \/>\n5,5 Mrd Dollar w\u00fcrde es kosten, wenn jeder Einwohner 100.000 Dollr erhalten w\u00fcrde.<br \/>\n56 % der Gr\u00f6nl\u00e4nder sind f\u00fcr eine Losl\u00f6sung von D\u00e4nemark.<br \/>\n==========================================================<br \/>\n.<\/p>\n<p><strong>Eklat um US-Flagge auf Gr\u00f6nland: NDR-Team fliegt mit False-Flag-Aktion auf<\/strong><br \/>\n&#8230; NDR: \u201eDie Satire-Redaktion extra 3 hat in der gr\u00f6nl\u00e4ndischen Hauptstadt Nuuk am Dienstag und Mittwoch einen satirischen Film gedreht. Dabei hat ein Mitglied des Teams vorgegeben, eine US-Flagge auf einem \u00f6ffentlichen Platz hissen zu wollen. Daf\u00fcr wurde vor Ort ein Bu\u00dfgeld verh\u00e4ngt.\u201c<br \/>\n&#8230;<br \/>\nAuf X, wo die Videos des Vorfalls geteilt wurden, gab es harsche Reaktionen. Denn zun\u00e4chst gingen die Gr\u00f6nl\u00e4nder davon aus, dass es sich bei der Aktion um Amerikaner handelte, die Trumps Anspruch auf Gr\u00f6nland mit ihrer Aktion unterstreichen wollten. Dementsprechend gab es eine Vielzahl w\u00fctender Kommentare. So schlug ein Nutzer vor, dass man den Mann auf eine Eisb\u00e4ren-Besichtigungstour mitnehmen solle und ihm sagen solle, er k\u00f6nne die Tiere per Hand f\u00fcttern.<br \/>\n29.1.2026 bitte lesen auf<br \/>\n<a href=\"https:\/\/apollo-news.net\/oerr-team-versucht-us-flagge-auf-groenland-zu-hissen-und-provoziert-anti-amerikanischen-shitstorm\/\">https:\/\/apollo-news.net\/oerr-team-versucht-us-flagge-auf-groenland-zu-hissen-und-provoziert-anti-amerikanischen-shitstorm\/<\/a><\/p>\n<p>Einige Kommentare:<br \/>\nWie viele Leute sind da mal eben auf Kosten der Zwangsgeb\u00fchrenzahler hingeflogen? Kann man einen saud\u00e4mlichen Beitrag nicht vor einem greenscreen drehen? Und gerade der der ultalinke NDR sollte doch seinem eigenen Anspr\u00fcchen gerecht werden und auf den CO2- Aussto\u00df achten, weil wir sonst doch alle auf diesem Planeten verkochen. Neuerr<br \/>\n.<br \/>\nSo etwas ist doch quasi eine False-Flag-Kriegserkl\u00e4rung, die der NDR da in Gr\u00f6nland\/D\u00e4nemark\/EU provoziert. Carla<br \/>\n.<br \/>\nNur mal so am Rande bei der ganzen Ablenkung und f\u00fcrs Protokoll: Gestern wieder 46 Afghanen gelandet. <a href=\"https:\/\/jungefreiheit.de\/politik\/deutschland\/2026\/die-naechsten-afghanen-kommen-am-berliner-flughafen-an\/\">https:\/\/jungefreiheit.de\/politik\/deutschland\/2026\/die-naechsten-afghanen-kommen-am-berliner-flughafen-an\/<\/a> Stern<br \/>\n.<br \/>\nGanz offensichtlich f\u00fchrt die geschmacklose Desorientiertheit vieler \u201eSatire\u201c-Magazine im \u00d6RR und ihr Gef\u00fchl einen Freibrief zu besitzen, wenn es gegen die Richtigen geht, jetzt auch schon im Ausland zur Aufhetzung friedlicher B\u00fcrger, die einfach ihre Ruhe haben wollen. Vielleicht sollte man bei Magazinen wie \u201eExtra 3\u201c auch mal eine Besinnungspause einlegen. Die Offene<br \/>\n.<br \/>\nDie USA sollten die deutsche staatliche Fake News Presse nun hart sanktionieren. Ich w\u00fcrde mit der Schlie\u00dfung aller B\u00fcros in den Staaten beginnen. Rechtsabbieger<br \/>\n.<br \/>\nMit Zwangsgeb\u00fchren einen internationalen Konflikt heraufbeschw\u00f6ren. Nein, das hat mit Satire gar nichts zu tun, das ist nur hirnlose Provokation. Ich frag mich langsam wirklich was f\u00fcr De..en hier in DE das Sagen haben und glauben uns alle zum Affen machen zu k\u00f6nnen.<br \/>\nNur noch ein Irrenhaus hier. NWM<br \/>\nEnde Kommentar<\/p>\n<p>&nbsp;<\/p>\n<p><strong>Neue US-Verteidigungsstrategie: Gr\u00f6nland &#8211; Downgrading Europa<\/strong><br \/>\nDie Vereinigten Staaten ordnen weiterhin ihre sicherheitspolitischen Priorit\u00e4ten grundlegend neu: In der aktuell ver\u00f6ffentlichten Nationalen Verteidigungsstrategie k\u00fcndigt Washington eine deutliche Verschiebung seines strategischen Fokus an, Europa verliert an Bedeutung. Und es setzt harte Kritik an den Verb\u00fcndeten.<br \/>\nDie Verteidigung des amerikanischen Heimatgebiets, die Abschreckung Chinas und die Sicherung zentraler geopolitischer Schl\u00fcsselregionen \u2013 insbesondere Gr\u00f6nlands \u2013 werden laut diesem Strategiepapier in den Vordergrund r\u00fccken.<br \/>\nIn dem Strategiepapier hei\u00dft es unmissverst\u00e4ndlich, Europa bleibe zwar ein wichtiger Partner, doch sein relativer Einfluss nehme ab. Der Anteil Europas an der globalen Wirtschaftsleistung sei r\u00fcckl\u00e4ufig, weshalb die Vereinigten Staaten ihre milit\u00e4rische und strategische Aufmerksamkeit k\u00fcnftig st\u00e4rker auf andere Regionen richten m\u00fcssten.<br \/>\n&#8230;<br \/>\nParallel dazu misst Washington Gr\u00f6nland eine neue strategische Bedeutung bei: Die arktische Insel wird in dem Papier ausdr\u00fccklich \u2013 gemeinsam mit dem Panamakanal \u2013 als Schl\u00fcsselterritorium genannt, dessen Sicherung f\u00fcr den Schutz amerikanischer Sicherheitsinteressen notwendig sei. Das Pentagon k\u00fcndigt an, dem Pr\u00e4sidenten \u201erealistische Optionen\u201d vorzulegen, um den milit\u00e4rischen und wirtschaftlichen Zugang der USA zu entscheidenden Regionen \u201evom arktischen Raum bis nach S\u00fcdamerika\u201d zu garantieren. Dabei wird explizit auf die Aufrechterhaltung der Monroe-Doktrin verwiesen, die traditionell den amerikanischen Einflussbereich in der westlichen Hemisph\u00e4re definiert.<br \/>\n&#8230; Alles vom 26.1.2026 bitte lesen auf<br \/>\n<a href=\"https:\/\/www.tichyseinblick.de\/daili-es-sentials\/neue-us-verteidigungsstrategie-downgrading-europa\">https:\/\/www.tichyseinblick.de\/daili-es-sentials\/neue-us-verteidigungsstrategie-downgrading-europa<\/a>\/<\/p>\n<p>&nbsp;<\/p>\n<p><strong>Europas Selbstgef\u00e4lligkeit gegen\u00fcber Gr\u00f6nland<\/strong><br \/>\n\u201eDas Problem Europas besteht nicht darin, da\u00df Washington Gr\u00f6nland als strategischen Faktor betrachtet. Das Problem ist vielmehr, da\u00df Europa dies selbst weitgehend vers\u00e4umt hat. Jahrzehntelang wurde Gr\u00f6nland eher als politisch heikles Thema denn als strategische Priorit\u00e4t behandelt. Diese Selbstgef\u00e4lligkeit ist nun gef\u00e4hrlich geworden. In einer Zeit erneuter Machtkonkurrenz zieht ein Gebiet, das schwach verteidigt, nur locker verwaltet oder von au\u00dfen abh\u00e4ngig ist, Druck auf sich, unabh\u00e4ngig von seinem rechtlichen Status.\u201c<br \/>\nJustina Budginaite-Froehly, rum\u00e4nische Verteidigungsexpertin, auf atlanticcouncil.org und am 5. Januar 2026<br \/>\n.<br \/>\n.<br \/>\n<strong>Die Kolonialzeit pr\u00e4gt das Leben bis heute<\/strong><br \/>\nZwangsadoption und Sterilisierung \u2013 r\u00fccksichtslos ging D\u00e4nemark gegen die Bev\u00f6lkerung in Gr\u00f6nland vor. Diese Politik dauerte bis in die 70er-Jahre. Die Betroffenen fordern: D\u00e4nemark muss Verantwortung f\u00fcr ihr Leid \u00fcbernehmen.<br \/>\n23.11.2024<br \/>\n<a href=\"https:\/\/www.deutschlandfunk.de\/schweres-erbe-groenland-daenemark-und-die-kolonialzeit-dlf-29da26ae-100.html\">https:\/\/www.deutschlandfunk.de\/schweres-erbe-groenland-daenemark-und-die-kolonialzeit-dlf-29da26ae-100.html<\/a><\/p>\n","protected":false},"excerpt":{"rendered":"<p>Home\u00a0&gt;Global &gt;Kolonialismus &gt;D\u00e4nemark &gt;US-Geopolitik &gt;Gr\u00f6nland &nbsp; Listenauswahl eines Beitrags (Artikel\/Datum, Seite\/Inhalt): Klicken oder scrollen Eklat um US-Flagge auf Gr\u00f6nland: NDR-Team fliegt mit False-Flag-Aktion auf (29.1.2026) Neue US-Verteidigungsstrategie: Gr\u00f6nland &#8211; Downgrading Europa (26.1.2026) Gr\u00f6nland in multipolarer Welt\u00a0(19.1.2026) Europas Selbstgef\u00e4lligkeit gegen\u00fcber Gr\u00f6nland &hellip; <a href=\"https:\/\/www.freiburg-schwarzwald.de\/blog\/global\/groenland\/\">Weiterlesen <span class=\"meta-nav\">&rarr;<\/span><\/a><\/p>\n","protected":false},"author":2,"featured_media":0,"parent":27,"menu_order":0,"comment_status":"closed","ping_status":"closed","template":"","meta":{"footnotes":""},"class_list":["post-144302","page","type-page","status-publish","hentry"],"_links":{"self":[{"href":"https:\/\/www.freiburg-schwarzwald.de\/blog\/wp-json\/wp\/v2\/pages\/144302","targetHints":{"allow":["GET"]}}],"collection":[{"href":"https:\/\/www.freiburg-schwarzwald.de\/blog\/wp-json\/wp\/v2\/pages"}],"about":[{"href":"https:\/\/www.freiburg-schwarzwald.de\/blog\/wp-json\/wp\/v2\/types\/page"}],"author":[{"embeddable":true,"href":"https:\/\/www.freiburg-schwarzwald.de\/blog\/wp-json\/wp\/v2\/users\/2"}],"replies":[{"embeddable":true,"href":"https:\/\/www.freiburg-schwarzwald.de\/blog\/wp-json\/wp\/v2\/comments?post=144302"}],"version-history":[{"count":5,"href":"https:\/\/www.freiburg-schwarzwald.de\/blog\/wp-json\/wp\/v2\/pages\/144302\/revisions"}],"predecessor-version":[{"id":144979,"href":"https:\/\/www.freiburg-schwarzwald.de\/blog\/wp-json\/wp\/v2\/pages\/144302\/revisions\/144979"}],"up":[{"embeddable":true,"href":"https:\/\/www.freiburg-schwarzwald.de\/blog\/wp-json\/wp\/v2\/pages\/27"}],"wp:attachment":[{"href":"https:\/\/www.freiburg-schwarzwald.de\/blog\/wp-json\/wp\/v2\/media?parent=144302"}],"curies":[{"name":"wp","href":"https:\/\/api.w.org\/{rel}","templated":true}]}}