{"id":144072,"date":"2026-01-12T15:21:10","date_gmt":"2026-01-12T14:21:10","guid":{"rendered":"https:\/\/www.freiburg-schwarzwald.de\/blog\/?page_id=144072"},"modified":"2026-01-12T15:35:49","modified_gmt":"2026-01-12T14:35:49","slug":"demokratie-diktatur","status":"publish","type":"page","link":"https:\/\/www.freiburg-schwarzwald.de\/blog\/engagement\/zukunft\/demokratie\/demokratie-diktatur\/","title":{"rendered":"Demokratie-Diktatur"},"content":{"rendered":"<p><a href=\"https:\/\/www.freiburg-schwarzwald.de\/blog\">Home<\/a>\u00a0&gt;<a title=\"Engagement\" href=\"https:\/\/www.freiburg-schwarzwald.de\/blog\/engagement\/\">Engagement<\/a>\u00a0&gt;<a title=\"Zukunft\" href=\"https:\/\/www.freiburg-schwarzwald.de\/blog\/engagement\/zukunft\/\">Zukunft<\/a>\u00a0&gt;<a title=\"Demokratie\" href=\"https:\/\/www.freiburg-schwarzwald.de\/blog\/engagement\/zukunft\/demokratie\/\">Demokratie<\/a>\u00a0&gt;<a href=\"https:\/\/www.freiburg-schwarzwald.de\/blog\/engagement\/zukunft\/demokratie\/demokratie-verteidigen\/\">Demokratie-verteidigen<\/a> &gt;<a href=\"https:\/\/www.freiburg-schwarzwald.de\/blog\/engagement\/zukunft\/demokratie\/demokratieverachtung\/\">Demokratieverachtung<\/a> &gt;Demokratie-Diktatur<\/p>\n<div id=\"attachment_106890\" style=\"width: 650px\" class=\"wp-caption alignnone\"><a href=\"https:\/\/www.freiburg-schwarzwald.de\/blog\/wp-content\/uploads\/2022\/12\/demo-freiseinfreiburg6pan221203.jpg\"><img loading=\"lazy\" decoding=\"async\" aria-describedby=\"caption-attachment-106890\" class=\"size-full wp-image-106890\" src=\"https:\/\/www.freiburg-schwarzwald.de\/blog\/wp-content\/uploads\/2022\/12\/demo-freiseinfreiburg6pan221203.jpg\" alt=\"\" width=\"640\" height=\"348\" srcset=\"https:\/\/www.freiburg-schwarzwald.de\/blog\/wp-content\/uploads\/2022\/12\/demo-freiseinfreiburg6pan221203.jpg 640w, https:\/\/www.freiburg-schwarzwald.de\/blog\/wp-content\/uploads\/2022\/12\/demo-freiseinfreiburg6pan221203-180x98.jpg 180w\" sizes=\"auto, (max-width: 640px) 100vw, 640px\" \/><\/a><p id=\"caption-attachment-106890\" class=\"wp-caption-text\">Demo von FreiseinFreiburg am 3.12.2022: Freiheit und Grundrechte<\/p><\/div>\n<ul>\n<li><em>Listenauswahl eines Beitrags (Artikel\/Datum, Seite\/Inhalt): <span style=\"text-decoration: underline;\">Klicken<\/span> oder scrollen<\/em><\/li>\n<li>Venezuela: Wie man eine Demokratie abschafft \u2013 der Masterplan (12.1.2026)<\/li>\n<li><\/li>\n<li><a href=\"https:\/\/www.freiburg-schwarzwald.de\/blog\/engagement\/zukunft\/demokratie\/demokratierettung\/\">Demokratierettung<\/a><\/li>\n<li><a href=\"https:\/\/www.freiburg-schwarzwald.de\/blog\/engagement\/zukunft\/demokratie\/diktatur\/\">Diktatur<\/a><\/li>\n<li><a href=\"https:\/\/www.freiburg-schwarzwald.de\/blog\/engagement\/zukunft\/demokratie\/sozialismus\/\">Sozialismus<\/a><\/li>\n<li><a href=\"https:\/\/www.freiburg-schwarzwald.de\/blog\/global\/suedamerika\/\">S\u00fcdamerika<\/a><\/li>\n<li><a href=\"https:\/\/www.freiburg-schwarzwald.de\/blog\/engagement\/zukunft\/demokratie\/totalitarismus\/\">Totalitarismus<\/a><\/li>\n<\/ul>\n<p><strong>Aus der Demokratie eine Diktatur machen<\/strong><br \/>\nHugo Chavez liefert mit Venezuela &#8222;eine Anleitung&#8220; (<em>Eduardo Muth Martinez)<br \/>\n=============================================================<\/em><\/p>\n<p>&nbsp;<\/p>\n<p><strong>Venezuela: Wie man eine Demokratie abschafft \u2013 der Masterplan<\/strong><br \/>\n<em>Wer eine Anleitung daf\u00fcr sucht wie man planvoll, Schritt f\u00fcr Schritt und \u00fcber Jahre eine Demokratie abschafft, wird in <a href=\"https:\/\/www.freiburg-schwarzwald.de\/blog\/global\/suedamerika\/\">Venezuela<\/a> und bei Hugo Ch\u00e1vez f\u00fcndig. Hier das geradezu klassische Muster einer solchen Operation, die in vielen L\u00e4ndern der Welt gleich ablaufen k\u00f6nnte.<\/em><br \/>\n.<br \/>\nAls Hugo Ch\u00e1vez im Dezember 1998 die Pr\u00e4sidentschaft Venezuelas gewann, \u00fcbernahm er eine funktionierende Demokratie. Fehlerhaft, ja \u2013 aber eine mit verfassungsm\u00e4\u00dfigen Kontrollmechanismen, einer unabh\u00e4ngigen Justiz und wettbewerbsf\u00e4higen Wahlen. Als er vierzehn Jahre sp\u00e4ter starb, war jede einzelne dieser Begrenzungen entweder beseitigt oder unter seine Kontrolle gebracht worden.<br \/>\nDas war kein Zufall. Ch\u00e1vez folgte einer gezielten Abfolge: die verfassungsm\u00e4\u00dfigen Regeln neu schreiben, zentrale Institutionen s\u00e4ubern und mit Getreuen besetzen, rechtliche Grenzen seiner Macht beseitigen und den politischen Raum f\u00fcr die Opposition schlie\u00dfen. Jede Phase erm\u00f6glichte die n\u00e4chste. Das Ergebnis war ein System, das so gr\u00fcndlich auf exekutive Kontrolle ausgelegt war, dass sein Nachfolger Nicol\u00e1s Maduro es \u00fcber ein Jahrzehnt lang aufrechterhalten konnte \u2013 ohne Ch\u00e1vez\u2019 Charisma oder politisches Geschick.<br \/>\nAbsolute Macht ergreift man nicht \u00fcber Nacht. Man baut sie auf, Gesetz f\u00fcr Gesetz, Institution f\u00fcr Institution, bis die Architektur so vollst\u00e4ndig ist, dass der Nachfolger ein Land erbt, das ihn nicht mehr absetzen kann.<br \/>\nSo hat Ch\u00e1vez es gemacht:<br \/>\n&#8230;<br \/>\n&#8230;<br \/>\nAls Ch\u00e1vez im M\u00e4rz 2013 starb, \u00fcbergab er Maduro ein vollendetes System:<br \/>\n&#8211; eine Verfassung, die auf exekutiver Vorherrschaft basiert<br \/>\n&#8211; einen besetzten Obersten Gerichtshof<br \/>\n&#8211; ein politisiertes staatliches \u00d6lunternehmen<br \/>\n&#8211; keine Amtszeitbegrenzungen<br \/>\n&#8211; einen rechtlichen Rahmen zur Unterdr\u00fcckung von Dissens<br \/>\nMaduro musste die Macht nicht mehr konsolidieren. Er musste nur bewahren, was Ch\u00e1vez aufgebaut hatte.<\/p>\n<p>Schlussfolgerung<br \/>\nDie Abfolge ist entscheidend: Zuerst kommt die Verfassungs\u00e4nderung, weil sie das rechtliche Fundament liefert. Danach folgt die institutionelle S\u00e4uberung, weil loyales Personal den Willen des F\u00fchrers umsetzt. Danach die Beseitigung von Begrenzungen, weil sie Hindernisse f\u00fcr eine unbegrenzte Herrschaft entfernt. Am Ende steht die politische Schlie\u00dfung, weil die Opposition dann keinen institutionellen Ansatzpunkt f\u00fcr Widerstand mehr hat.<\/p>\n<p>Ch\u00e1vez sammelte nicht einfach Macht an. Er baute ein System, das Macht auch ohne ihn fortbestehen lie\u00df. Maduros \u00dcberleben trotz gestohlener Wahlen, wirtschaftlichen Zusammenbruchs und internationalen Drucks war kein Beweis f\u00fcr sein eigenes politisches Genie. Es war ein Beweis f\u00fcr die Architektur, die er geerbt hatte.<br \/>\nEr hielt diese Architektur zw\u00f6lf Jahre lang aufrecht \u2013 trotz niedergeschlagener Proteste und Massenexodus. Bis zum 3. Januar 2026. Das Regime, das an diesem Tag fiel, war nicht Maduros Sch\u00f6pfung. Es war Ch\u00e1vez\u2019 Blaupause, bis zur Vollendung ausgef\u00fchrt. Zu verstehen, wie sie aufgebaut wurde, ist der erste Schritt, um zu verstehen, wie solche Systeme verhindert oder wieder abgebaut werden k\u00f6nnen. Todo tuvo su principio. (Alles hatte seinen Anfang.)<br \/>\n&#8230; Alles vom 12.1.2026 bitte lesen auf<br \/>\n<a href=\"https:\/\/www.achgut.com\/artikel\/wie_man_eine_demokratie_abschafft_der_masterplan\">https:\/\/www.achgut.com\/artikel\/wie_man_eine_demokratie_abschafft_der_masterplan<\/a><br \/>\n.<br \/>\n<em>Eduardo Muth Martinez ist in Venezuela geboren und wohnt in den Vereinigten Staaten. Er lebte unter dem autorit\u00e4ren System Venezuelas und verlie\u00df das Land 2015 als Teil der Diaspora. Er schreibt \u00fcber Venezuelas politische und soziale Krise, basierend sowohl auf eigenen Erfahrungen als auch auf analytischer Betrachtung. Dieser Beitrag erschien zuerst auf seinem Substack-Account <a href=\"https:\/\/beforetheend.substack.com\/\">https:\/\/beforetheend.substack.com\/<\/a>.<\/em><\/p>\n<p>&nbsp;<\/p>\n","protected":false},"excerpt":{"rendered":"<p>Home\u00a0&gt;Engagement\u00a0&gt;Zukunft\u00a0&gt;Demokratie\u00a0&gt;Demokratie-verteidigen &gt;Demokratieverachtung &gt;Demokratie-Diktatur Listenauswahl eines Beitrags (Artikel\/Datum, Seite\/Inhalt): Klicken oder scrollen Venezuela: Wie man eine Demokratie abschafft \u2013 der Masterplan (12.1.2026) Demokratierettung Diktatur Sozialismus S\u00fcdamerika Totalitarismus Aus der Demokratie eine Diktatur machen Hugo Chavez liefert mit Venezuela &#8222;eine Anleitung&#8220; (Eduardo &hellip; <a href=\"https:\/\/www.freiburg-schwarzwald.de\/blog\/engagement\/zukunft\/demokratie\/demokratie-diktatur\/\">Weiterlesen <span class=\"meta-nav\">&rarr;<\/span><\/a><\/p>\n","protected":false},"author":2,"featured_media":0,"parent":21084,"menu_order":0,"comment_status":"closed","ping_status":"closed","template":"","meta":{"footnotes":""},"class_list":["post-144072","page","type-page","status-publish","hentry"],"_links":{"self":[{"href":"https:\/\/www.freiburg-schwarzwald.de\/blog\/wp-json\/wp\/v2\/pages\/144072","targetHints":{"allow":["GET"]}}],"collection":[{"href":"https:\/\/www.freiburg-schwarzwald.de\/blog\/wp-json\/wp\/v2\/pages"}],"about":[{"href":"https:\/\/www.freiburg-schwarzwald.de\/blog\/wp-json\/wp\/v2\/types\/page"}],"author":[{"embeddable":true,"href":"https:\/\/www.freiburg-schwarzwald.de\/blog\/wp-json\/wp\/v2\/users\/2"}],"replies":[{"embeddable":true,"href":"https:\/\/www.freiburg-schwarzwald.de\/blog\/wp-json\/wp\/v2\/comments?post=144072"}],"version-history":[{"count":5,"href":"https:\/\/www.freiburg-schwarzwald.de\/blog\/wp-json\/wp\/v2\/pages\/144072\/revisions"}],"predecessor-version":[{"id":144077,"href":"https:\/\/www.freiburg-schwarzwald.de\/blog\/wp-json\/wp\/v2\/pages\/144072\/revisions\/144077"}],"up":[{"embeddable":true,"href":"https:\/\/www.freiburg-schwarzwald.de\/blog\/wp-json\/wp\/v2\/pages\/21084"}],"wp:attachment":[{"href":"https:\/\/www.freiburg-schwarzwald.de\/blog\/wp-json\/wp\/v2\/media?parent=144072"}],"curies":[{"name":"wp","href":"https:\/\/api.w.org\/{rel}","templated":true}]}}