{"id":143922,"date":"2026-01-09T19:36:40","date_gmt":"2026-01-09T18:36:40","guid":{"rendered":"https:\/\/www.freiburg-schwarzwald.de\/blog\/?page_id=143922"},"modified":"2026-01-16T19:08:50","modified_gmt":"2026-01-16T18:08:50","slug":"glaubensbewegungen","status":"publish","type":"page","link":"https:\/\/www.freiburg-schwarzwald.de\/blog\/religion\/oekumene\/glaubensbewegungen\/","title":{"rendered":"Glaubensbewegungen"},"content":{"rendered":"<p>Home &gt;<a title=\"Religion\" href=\"https:\/\/www.freiburg-schwarzwald.de\/blog\/religion\/\">Religion<\/a>\u00a0&gt;<a title=\"Kirchen\" href=\"https:\/\/www.freiburg-schwarzwald.de\/blog\/religion\/kirchen\/\">Kirchen<\/a>\u00a0&gt;<a href=\"https:\/\/www.freiburg-schwarzwald.de\/blog\/religion\/evangelisch\/\">Evangelisch<\/a>\u00a0&gt;<a href=\"https:\/\/www.freiburg-schwarzwald.de\/blog\/religion\/katholisch\/\">Katholisch<\/a> &gt;<a href=\"https:\/\/www.freiburg-schwarzwald.de\/blog\/religion\/oekumene\/\">Oekumene<\/a> &gt;Glaubensbewegungen<\/p>\n<div id=\"attachment_71612\" style=\"width: 648px\" class=\"wp-caption alignnone\"><a href=\"https:\/\/www.freiburg-schwarzwald.de\/blog\/wp-content\/uploads\/2019\/04\/buchenbach-kreuzberg201903pan.jpg\"><img loading=\"lazy\" decoding=\"async\" aria-describedby=\"caption-attachment-71612\" class=\"size-full wp-image-71612\" src=\"https:\/\/www.freiburg-schwarzwald.de\/blog\/wp-content\/uploads\/2019\/04\/buchenbach-kreuzberg201903pan.jpg\" alt=\"\" width=\"638\" height=\"295\" srcset=\"https:\/\/www.freiburg-schwarzwald.de\/blog\/wp-content\/uploads\/2019\/04\/buchenbach-kreuzberg201903pan.jpg 638w, https:\/\/www.freiburg-schwarzwald.de\/blog\/wp-content\/uploads\/2019\/04\/buchenbach-kreuzberg201903pan-180x83.jpg 180w\" sizes=\"auto, (max-width: 638px) 100vw, 638px\" \/><\/a><p id=\"caption-attachment-71612\" class=\"wp-caption-text\">Buchenbach bei Freiburg im Schwarzwald im M\u00e4rz 2019 &#8211; Kreuzberg<\/p><\/div>\n<ul>\n<li><em>Listenauswahl eines Beitrags (Artikel\/Datum, Seite\/Inhalt): <span style=\"text-decoration: underline;\">Klicken<\/span> oder scrollen<\/em><\/li>\n<li><a href=\"https:\/\/www.freiburg-schwarzwald.de\/blog\/engagement\/machen\/\">Einfach mal machen<\/a>\u00a0(1.1.2026)<\/li>\n<li>Christlicher Rap in Zeiten des Niedergangs &#8211; Einfach mal machen (1.1.2026)<\/li>\n<li>Christenverfolgung im Iran Thema beim Glaubensfestival in Augsburg (9.1.2026)<\/li>\n<li><a href=\"https:\/\/www.freiburg-schwarzwald.de\/blog\/religion\/christen\/bibel\/\">De-S\u00e4kularisierung: Bibel-Verk\u00e4ufe als unerwarteter Bestseller<\/a> (8.1.2026)<\/li>\n<li><a href=\"https:\/\/www.freiburg-schwarzwald.de\/blog\/religion\/oekumene\/\">12.000 Besucher in Augsburg: Glaubensfestival verunsichert linke Moralapostel<\/a> (30.12.2025)<\/li>\n<li><\/li>\n<li><a href=\"https:\/\/www.freiburg-schwarzwald.de\/blog\/religion\/alt-katholisch\/\">Alt-Katholisch<\/a><\/li>\n<li><a href=\"https:\/\/www.freiburg-schwarzwald.de\/blog\/religion\/christen\/christenverfolgung\/\">Christenverfolgung<\/a><\/li>\n<li><a href=\"https:\/\/www.freiburg-schwarzwald.de\/blog\/engagement\/machen\/\">machen<\/a><\/li>\n<li><a title=\"Pluralismus\" href=\"https:\/\/www.freiburg-schwarzwald.de\/blog\/religion\/pluralismus\/\">Religi\u00f6ser Pluralismus<\/a><\/li>\n<li><a title=\"Taize\" href=\"https:\/\/www.freiburg-schwarzwald.de\/blog\/religion\/oekumene\/taize\/\">Taize<\/a><\/li>\n<\/ul>\n<p><strong>Christlich-charismatische Bewegungen seit den 1970er Jahren<\/strong><br \/>\nDie charismatische Bewegung bzw. charismatische Erneuerung ist eine christliche, \u00f6kumenische bzw. konfessions\u00fcbergreifende geistliche Str\u00f6mung, die also in freikirchlichen, evangelischen wie katholischen Gemeinden zu finden ist.<br \/>\nDas Wort &#8222;charismatisch&#8220; (griechisch Charisma f\u00fcr Gnadengabe, wohlwollende Gabe, Geistesgabe) steht auch f\u00fcr evangelikal, pfingstlerisch und Erweckung.<br \/>\n=============================================================<\/p>\n<p>&nbsp;<\/p>\n<p><strong>Christlicher Rap in Zeiten des Niedergangs &#8211; Einfach mal machen<\/strong><br \/>\nEs herrscht eine miese, l\u00e4hmende Stimmung, aus der nur Destruktives erw\u00e4chst. Wie man sich zur aktuellen Krise verh\u00e4lt, ist eine zentrale Frage. Pessimismus und Def\u00e4tismus sind die falsche Antwort. Die richtige liefern uns die Bibel, Viktor Frankl, Kinder und der europ\u00e4ische Sch\u00f6pfergeist. Ein Neujahrseditorial<\/p>\n<p>Dazu gilt es zun\u00e4chst, in gebotener K\u00fcrze eine Bestandsaufnahme der Situation vorzunehmen. Deutschland \u2013 stellvertretend f\u00fcr ganz Mittel- und Westeuropa \u2013 befindet sich in einer geistlichen, kulturellen und wirtschaftlichen Krise. Das dramatische Ausma\u00df ist deshalb noch nicht in G\u00e4nze sichtbar, weil die alte Substanz noch tr\u00e4gt. Noch sorgt die alte Industrie f\u00fcr ausreichend Nettosteuerzahler. Noch pr\u00e4gen ethnische Deutsche weitgehend das \u00f6ffentliche Bild. Noch \u00fcbert\u00f6nt der besinnliche Klang christlich geweihter Glocken den martialischen \u201eAllahu Akbar\u201c-Ruf des Muezzins. Das alles kann sich, manches wird sich mit Sicherheit noch zum Schlimmeren \u00e4ndern.<\/p>\n<p>Christlicher Rap erobert die Charts<br \/>\nGleichzeitig aber zeigt die j\u00fcngste Vergangenheit, wie schnell ultrarelativistische Entwicklungen implodieren. Der Wokismus hat seine Durchschlagskraft in einer Geschwindigkeit verloren, wie sich das die wenigsten haben vorstellen k\u00f6nnen. Pl\u00f6tzlich erobern dezidiert christliche Rapper die deutschen Albumcharts (O\u2019Bros mit \u201eTo Be Honest.\u201c<a href=\"https:\/\/www.youtube.com\/watch?v=WX5hyOSe-Zw\"> https:\/\/www.youtube.com\/watch?v=WX5hyOSe-Zw<\/a> ). Und auch andere erfolgreiche K\u00fcnstler in diesem bei jungen Menschen pr\u00e4genden Musikgenre rappen \u00fcber Gott (Genetikk, Kontra K), andere wie Kollegah kritisieren inzwischen die fatale Migrationspolitik. Oder betonen wie Superstar RAF Camora in Interviews <a href=\"https:\/\/www.heute.at\/s\/gehe-in-die-kirche-raf-ueberrascht-mit-gestaendnis-120007482\">https:\/\/www.heute.at\/s\/gehe-in-die-kirche-raf-ueberrascht-mit-gestaendnis-120007482<\/a> , dass sie in die Kirche gehen.<\/p>\n<p>O&#8217;Bros &#8211; wunden zu Wunder<br \/>\n<a href=\"https:\/\/www.youtube.com\/watch?v=OfaoxT1YDIg\">https:\/\/www.youtube.com\/watch?v=OfaoxT1YDIg<\/a><br \/>\n&#8222;wenn ich zu keimen ehrlich bin, dann wenigstens zu Gott&#8220;<br \/>\nInzwischen k\u00f6nnen es neue, konservative Medien mit den alten Marken aufnehmen. Noch vor zehn Jahren w\u00e4re das undenkbar gewesen. Die Kontakte zu Politik und Wirtschaft im Hintergrund reichen noch viel weiter, als das bisher offenbar wird. Wer als Journalist eine gute Arbeit sucht, geht heute zu einem Medienhaus wie NIUS, nicht zu den Etablierten. Die junge Generation von heute ist auch wieder deutlich konservativer als die von vor 15 Jahren. In den Bestsellerlisten re\u00fcssieren regelm\u00e4\u00dfig B\u00fccher dezidiert konservativer Autoren. Mit der <a href=\"https:\/\/www.freiburg-schwarzwald.de\/blog\/kultur\/dichter\/literatur\/buchmesse\/seitenwechsel\/\">B\u00fcchermesse SeitenWechsel<\/a> fand in diesem Jahr sogar zum ersten Mal eine eigene Veranstaltung dieser Art mit Tausenden Teilnehmern statt.<br \/>\n<a href=\"https:\/\/www.messe-seitenwechsel.de\/\">https:\/\/www.messe-seitenwechsel.de\/<\/a><\/p>\n<p>Schaut man sich j\u00fcngste Umfragen zur religi\u00f6sen Einstellung der Deutschen an, reibt man sich verwundert die Augen: Durchweg sind die unter 30-J\u00e4hrigen religi\u00f6ser eingestellt als die anderen Alterskohorten. Vor allem die Generation 60 plus f\u00e4llt mit atheistischen Positionen auf. Doch die sind nicht die Zukunft. Die unter 30-J\u00e4hrigen bilden in einer bemerkenswerten Umfrage <a href=\"https:\/\/fowid.de\/system\/files\/download\/mentefactum_kirche_bevoelkerung_251015_v2.0.pdf\">https:\/\/fowid.de\/system\/files\/download\/mentefactum_kirche_bevoelkerung_251015_v2.0.pdf<\/a> im Auftrag der komplett s\u00e4kular orientierten Forschungsgruppe Weltanschauungen in Deutschland (fowid) jene Alterskohorte, die am meisten daf\u00fcr ist, dass das Sittengesetz auch auf g\u00f6ttlichen Geboten basieren sollte, und die sagt, dass die Welt nicht nur durch naturwissenschaftliche Gesetze funktioniert. In einer INSA-Umfrage <a href=\"https:\/\/www.youtube.com\/watch?v=PHjM57mOKgs\">https:\/\/www.youtube.com\/watch?v=PHjM57mOKgs<\/a> waren es denn auch die unter 30-J\u00e4hrigen, die bei der Frage nach der Existenz Gottes den h\u00f6chsten Ja-Anteil aufwiesen. Bei den unter 29-J\u00e4hrigen \u00fcberwiegt die Zustimmung bei der Frage nach der Existenz Gottes mit 46 zu 37 Prozent deutlich.<br \/>\n&#8230; Alles vom 1.1.2026 bitte lesen auf<br \/>\n<a href=\"https:\/\/www.corrigenda.online\/politik\/neujahrseditorial-2026-von-lukas-steinwandter-einfach-mal-machen\">https:\/\/www.corrigenda.online\/politik\/neujahrseditorial-2026-von-lukas-steinwandter-einfach-mal-machen<\/a><\/p>\n<p>&nbsp;<\/p>\n<p><strong>Christenverfolgung im Iran Thema beim Glaubensfestival in Augsburg<\/strong><br \/>\n<strong>Licht ins Gef\u00e4ngnis<\/strong><br \/>\n<em>Auf dem \u201eMEHR\u201c Glaubensfestival in Augsburg hatten auch ernste Themen wie die Christenverfolgung ihren Platz<\/em><\/p>\n<p>n der vergangenen Woche fand in Augsburg das Glaubensfestival MEHR des Gebetshauses Augsburg statt. Berichte in \u00f6ffentlich-rechtlichen Medien hatten versucht, das Festival zu diskreditieren. Als Folge davon gab es noch einmal einen Schub beim Ticketverkauf, so dass die Veranstaltung auf \u00fcber 11.000 Teilnehmer kam. Es war ein fr\u00f6hliches Glaubensfest mit zahlreichen interessanten Vortr\u00e4gen. Doch auch ein aktuelles und sehr ernstes Thema hatte seinen Platz auf der Konferenz.<br \/>\nEs geht um Christenverfolgung. Unter den Ausstellern befanden sich mit Kirche in Not (ACN), Alliance Defending Freedom (AdF) und Open Doors einige Organisationen, die sich des Themas Christenverfolgung aus unterschiedlichen Perspektiven annehmen. Open Doors hatte zur sehr praktischen Veranschaulichung ein iranisches Gef\u00e4ngnis aufgebaut und zeigte in F\u00fchrungen, unter welchen Verh\u00e4ltnissen politisch oder religi\u00f6s verfolgte Gefangene dort leben. Open Doors ist eine christliche Organisation, daher wurde bei den F\u00fchrungen immer auch f\u00fcr die Verfolgten und inhaftierten gebetet. Im Iran nehmen die Unruhen weiter zu und die fanatischen Religionsf\u00fchrer um Chamenei bereiten schon ihre Flucht vor. Der Iraner Mojtaba Barahimi erz\u00e4hlte in der Halle vor 11.000 Teilnehmern, wie er Christ wurde.<br \/>\n&#8230;.<br \/>\nEs gab weitere Vortr\u00e4ge von Schriftsteller John Eldredge und von Johannes Hartl, dem Gr\u00fcnder des Gebetshauses. Besonders f\u00fcr die j\u00fcngeren Teilnehmer war das Konzert der O\u2019Bros. Das Rapper-Duo, das modernen Hiphop und christlichen Glauben verbindet, st\u00fcrmt mit seinen Liedern die Charts. Mit ihrem neuesten Album schafften es die rappenden Br\u00fcder auf Platz Eins der deutschen Albumcharts.<br \/>\nEs waren in den Hallen 7 und 3 \u00fcber 170 Aussteller pr\u00e4sent, und es haben \u00fcber 11.000 Menschen an den Tagen teilgenommen. Angesichts der stigmatisierenden Reportage im Bayerischen Rundfunk vor wenigen Wochen (siehe unten) freute sich Gebetshausgr\u00fcnder Johannes Hartl \u00fcber die zahlreiche Teilnahme und bemerkte trocken: \u201eFernsehwerbung schalten bringt doch etwas.\u201c<br \/>\n&#8230; Alles vom 9.1.2026 von Peter Winnem\u00f6ller bitte lesen auf<br \/>\n<a href=\"https:\/\/www.achgut.com\/artikel\/licht_ins_gefaengnis\">https:\/\/www.achgut.com\/artikel\/licht_ins_gefaengnis<\/a><br \/>\n.<br \/>\n<strong>BR: Die hippen Missionare \u00b7 Mit Jesus gegen die Freiheit?<\/strong><br \/>\nSie f\u00fcllen Messehallen mit Popmusik und perfekt inszenierten B\u00fchnenshows. Und Hunderttausende liken ihre Posts: sogenannte charismatische Erneuerungsbewegungen, die gezielt junge Menschen ansprechen. Doch hinter der hippen Instagram-Fassade zeigen sich auch erzkonservative bis reaktion\u00e4re Botschaften.<br \/>\n&#8230; Alles vom 16.12.2026 bitte lesen auf<br \/>\n<a href=\"https:\/\/www.ardmediathek.de\/video\/story\/die-hippen-missionare-mit-jesus-gegen-die-freiheit\/br\/Y3JpZDovL2JyLmRlL2Jyb2FkY2FzdC8wOTU0MzM3My1hZmRiLTQyZWMtOTE4MC0zZDBmNGQ5ZGExZmNfb25saW5lYnJvYWRjYXN0\">https:\/\/www.ardmediathek.de\/video\/story\/die-hippen-missionare-mit-jesus-gegen-die-freiheit\/br\/Y3JpZDovL2JyLmRlL2Jyb2FkY2FzdC8wOTU0MzM3My1hZmRiLTQyZWMtOTE4MC0zZDBmNGQ5ZGExZmNfb25saW5lYnJvYWRjYXN0<\/a><br \/>\n.<br \/>\n<a href=\"https:\/\/www.ardmediathek.de\/video\/die-frage\/freikirche-jung-beliebt-und-ultra-konservativ\/br\/Y3JpZDovL2JyLmRlL2Jyb2FkY2FzdC9hZjA5NjVlZi0yZTU3LTQ1YmEtOGU4Zi1jMGYzOTkyNmJkYjZfb25saW5lYnJvYWRjYXN0\">https:\/\/www.ardmediathek.de\/video\/die-frage\/freikirche-jung-beliebt-und-ultra-konservativ\/br\/Y3JpZDovL2JyLmRlL2Jyb2FkY2FzdC9hZjA5NjVlZi0yZTU3LTQ1YmEtOGU4Zi1jMGYzOTkyNmJkYjZfb25saW5lYnJvYWRjYXN0<\/a><br \/>\n.<br \/>\n<strong>MEHR-Festival in Augsburg 6.-6.1.2026: \u00d6kumenisches Glaubensfestival<\/strong><br \/>\nvom &#8222;Gebetshaus Augsburg&#8220; als Veranstalter<br \/>\n<a href=\"https:\/\/glaubensfestival.org\/\">https:\/\/glaubensfestival.org\/<\/a><br \/>\n<a href=\"https:\/\/www.gebenshaus.org\">https:\/\/www.gebenshaus.org<\/a><\/p>\n<p>&nbsp;<\/p>\n<p>&nbsp;<\/p>\n<p>&nbsp;<\/p>\n","protected":false},"excerpt":{"rendered":"<p>Home &gt;Religion\u00a0&gt;Kirchen\u00a0&gt;Evangelisch\u00a0&gt;Katholisch &gt;Oekumene &gt;Glaubensbewegungen Listenauswahl eines Beitrags (Artikel\/Datum, Seite\/Inhalt): Klicken oder scrollen Einfach mal machen\u00a0(1.1.2026) Christlicher Rap in Zeiten des Niedergangs &#8211; Einfach mal machen (1.1.2026) Christenverfolgung im Iran Thema beim Glaubensfestival in Augsburg (9.1.2026) De-S\u00e4kularisierung: Bibel-Verk\u00e4ufe als unerwarteter Bestseller &hellip; <a href=\"https:\/\/www.freiburg-schwarzwald.de\/blog\/religion\/oekumene\/glaubensbewegungen\/\">Weiterlesen <span class=\"meta-nav\">&rarr;<\/span><\/a><\/p>\n","protected":false},"author":2,"featured_media":0,"parent":4100,"menu_order":0,"comment_status":"closed","ping_status":"closed","template":"","meta":{"footnotes":""},"class_list":["post-143922","page","type-page","status-publish","hentry"],"_links":{"self":[{"href":"https:\/\/www.freiburg-schwarzwald.de\/blog\/wp-json\/wp\/v2\/pages\/143922","targetHints":{"allow":["GET"]}}],"collection":[{"href":"https:\/\/www.freiburg-schwarzwald.de\/blog\/wp-json\/wp\/v2\/pages"}],"about":[{"href":"https:\/\/www.freiburg-schwarzwald.de\/blog\/wp-json\/wp\/v2\/types\/page"}],"author":[{"embeddable":true,"href":"https:\/\/www.freiburg-schwarzwald.de\/blog\/wp-json\/wp\/v2\/users\/2"}],"replies":[{"embeddable":true,"href":"https:\/\/www.freiburg-schwarzwald.de\/blog\/wp-json\/wp\/v2\/comments?post=143922"}],"version-history":[{"count":5,"href":"https:\/\/www.freiburg-schwarzwald.de\/blog\/wp-json\/wp\/v2\/pages\/143922\/revisions"}],"predecessor-version":[{"id":144340,"href":"https:\/\/www.freiburg-schwarzwald.de\/blog\/wp-json\/wp\/v2\/pages\/143922\/revisions\/144340"}],"up":[{"embeddable":true,"href":"https:\/\/www.freiburg-schwarzwald.de\/blog\/wp-json\/wp\/v2\/pages\/4100"}],"wp:attachment":[{"href":"https:\/\/www.freiburg-schwarzwald.de\/blog\/wp-json\/wp\/v2\/media?parent=143922"}],"curies":[{"name":"wp","href":"https:\/\/api.w.org\/{rel}","templated":true}]}}