{"id":143906,"date":"2026-01-09T16:49:00","date_gmt":"2026-01-09T15:49:00","guid":{"rendered":"https:\/\/www.freiburg-schwarzwald.de\/blog\/?page_id=143906"},"modified":"2026-01-19T11:56:04","modified_gmt":"2026-01-19T10:56:04","slug":"suedamerika","status":"publish","type":"page","link":"https:\/\/www.freiburg-schwarzwald.de\/blog\/global\/suedamerika\/","title":{"rendered":"S\u00fcdamerika"},"content":{"rendered":"<p><a href=\"https:\/\/www.freiburg-schwarzwald.de\/blog\">Home<\/a>\u00a0&gt;<a title=\"Global\" href=\"https:\/\/www.freiburg-schwarzwald.de\/blog\/global\/\">Global<\/a> &gt;<a href=\"https:\/\/www.freiburg-schwarzwald.de\/blog\/global\/brasilien\/\">Brasilien<\/a> &gt;<a href=\"https:\/\/www.freiburg-schwarzwald.de\/blog\/global\/venezuela\/\">Venezuela<\/a> &gt;S\u00fcdamerika<\/p>\n<div id=\"attachment_143729\" style=\"width: 650px\" class=\"wp-caption alignnone\"><a href=\"https:\/\/www.freiburg-schwarzwald.de\/blog\/wp-content\/uploads\/2026\/01\/dreisamtal-sonnenuntergang251231pan.jpg\"><img loading=\"lazy\" decoding=\"async\" aria-describedby=\"caption-attachment-143729\" class=\"size-full wp-image-143729\" src=\"https:\/\/www.freiburg-schwarzwald.de\/blog\/wp-content\/uploads\/2026\/01\/dreisamtal-sonnenuntergang251231pan.jpg\" alt=\"\" width=\"640\" height=\"396\" srcset=\"https:\/\/www.freiburg-schwarzwald.de\/blog\/wp-content\/uploads\/2026\/01\/dreisamtal-sonnenuntergang251231pan.jpg 640w, https:\/\/www.freiburg-schwarzwald.de\/blog\/wp-content\/uploads\/2026\/01\/dreisamtal-sonnenuntergang251231pan-180x111.jpg 180w\" sizes=\"auto, (max-width: 640px) 100vw, 640px\" \/><\/a><p id=\"caption-attachment-143729\" class=\"wp-caption-text\">Sonnenuntergang am 31.12.2025 im Dreisamtal bei Freiburg im Schwatzwald<\/p><\/div>\n<ul>\n<li><em>Listenauswahl eines Beitrags (Artikel\/Datum, Seite\/Inhalt): <span style=\"text-decoration: underline;\">Klicken<\/span> oder scrollen<\/em><\/li>\n<li><a href=\"https:\/\/www.freiburg-schwarzwald.de\/blog\/global\/venezuela\/\">Die Colonia Tovar in Venezuela: Einwanderer aus dem Kaiserstuhl<\/a> (18.1.2026)<\/li>\n<li><a href=\"https:\/\/www.freiburg-schwarzwald.de\/blog\/engagement\/zukunft\/demokratie\/demokratie-diktatur\/\">Venezuela: Wie man eine Demokratie abschafft \u2013 der Masterplan<\/a>\u00a0(12.1.2026)<\/li>\n<li>AUF1-Videotalk: Venezuela \u00e4ndert alles &#8211; Was man Ihnen verheimlicht! (10.1.2026)<\/li>\n<li><a href=\"https:\/\/www.freiburg-schwarzwald.de\/blog\/natur\/landwirt\/bauern-protest\/\">Nach Mercosur-Abkommen: Ostdeutsche Bauern protestieren und machen gegen EU-Deal mobil<\/a> (10.1.2026)<\/li>\n<li>Venezuela V\u00f6lkerrecht Diktatur Interessen-\/Geopolitik (7.1.2026)<\/li>\n<li><a href=\"https:\/\/www.freiburg-schwarzwald.de\/blog\/venezuela-usa-china-taiwan\/\">Venezuela USA \u2013 China Taiwan<\/a> (4.1.2026)<\/li>\n<li>Markus Krall: Was passiert in Venezuela und wie ist es zu werten? (3.1.2026)<\/li>\n<li><\/li>\n<li><a href=\"https:\/\/www.freiburg-schwarzwald.de\/blog\/global\/usa\/usa-trump\/\">US-Trump<\/a><\/li>\n<li><a href=\"https:\/\/www.freiburg-schwarzwald.de\/blog\/global\/venezuela\/\">Venezuela<\/a><\/li>\n<\/ul>\n<p>&nbsp;<\/p>\n<p><strong>AUF1-Videotalk: Venezuela \u00e4ndert alles &#8211; Was man Ihnen verheimlicht!<\/strong><br \/>\nWas sind die wahren Hintergr\u00fcnde der US-Milit\u00e4r-Operation in Venezuela? Was sind die dramatischen Folgen? \u201eNach dieser Sondersendung, kann man Ihnen nichts mehr vormachen. Und das ist wichtig, denn die Entf\u00fchrung Maduros war nur der Auftakt\u201c, sagt AUF1-Chefredakteur Stefan Magnet, eine Woche nach der Entf\u00fchrung des Pr\u00e4sidenten von Venezuela. Mit in der Sendung geballtes Fachwissen: Kayvan Soufi-Siavash, Ernst Wolff, Oliver Janich, Heiko Sch\u00f6ning und Billy Six, der selbst monatelang in Venezuela inhaftiert war<br \/>\n1:30:23 Minuten<\/p>\n<p>Inhalts\u00fcbersicht<br \/>\n0:00 Anfang<br \/>\n03:07 Vergessen Sie die Mainstream-Ablenkungen<br \/>\n07:32 Kayvan Soufi-Siavash: Das Gesetz des St\u00e4rkeren ist das einzige Gesetz<br \/>\n21:12 Warum \u00d6l?<br \/>\n22:41 Rechte und liberale US-Anbiederung<br \/>\n24:21 Fake-Videos und Geheimdienst-Info-Krieg<br \/>\n29:59 Interview Ernst Wolff: Chaos soll die Weltdiktatur vorbereiten<br \/>\n46:22 Das verschwiegene Angebot an die Europ\u00e4er von Hugo Ch\u00e1vez<br \/>\n48:28 Interview Heiko Sch\u00f6ning: Die Mafia zeigt sich<br \/>\n01:02:11 Interview Oliver Janich: Rothschild feiert<br \/>\n01:13:57 Interview Billy Six: Maduro ist der falsche Mann \u2013 der Deep State ist viel m\u00e4chtiger<br \/>\n&#8230; Alles vom 10.1.2026 bitte lesen auf<br \/>\n<a href=\"https:\/\/auf1.tv\/stefan-magnet-auf1\/venezuela-aendert-alles-was-man-ihnen-verheimlicht\">https:\/\/auf1.tv\/stefan-magnet-auf1\/venezuela-aendert-alles-was-man-ihnen-verheimlicht<\/a><\/p>\n<p>&nbsp;<\/p>\n<p><strong>Venezuela V\u00f6lkerrecht Diktatur Interessen-\/Geopolitik<\/strong><br \/>\n<strong>EU mahnt zur Achtung des V\u00f6lkerrechts &#8211; Russland verurteilt &#8222;bewaffnete Addression&#8220;<\/strong><br \/>\n&#8230; Was ist komischer: Wenn der v\u00f6lkerverschlingende Moloch EU das V\u00f6lkerrecht anruft \u2013 oder wenn Russland nicht zwischen Aggression und Spezialoperation unterscheiden kann?<br \/>\n&#8230; Russland und Chin haben vor dem UN-Sicherheitsrat den US-Angriff auf Venezuela schr verurteilt &#8230;.<br \/>\nLeserin *** schickt mir dazu einen Text, den ein unter dem Namen \u201eAlexander von Schlaun\u201d schreibender Ano- oder Pseudonymus ins Netz gestellt hat und den ich hier vollst\u00e4ndig \u2013 mit einigen grammatikalischen und orthographischen Korrekturen im Sinne der Hausordnung des Kleinen Eckladens \u2013 wiedergebe.<br \/>\n.<br \/>\n\u201eDie wichtigste Erkenntnis aus dem Venezuela-Coup ist nicht neu: Nicht Moral oder Recht definieren Geopolitik, sondern Interessen und Macht. Wer die gr\u00f6\u00dfere Kanone hat, sagt, wo es langgeht. Irak, Ukraine, Venezuela etc.: Die Narrative von Humanismus und \u201aregelbasierter Ordnung\u2019 sind immer nur Mittel zum Zweck, solange es den Gro\u00dfm\u00e4chten dient; darunter aber ist Darwin, quasi als geopolitisches Naturgesetz, nie ausgestorben.<br \/>\nWie man es dann f\u00fcr die Plebs verpackt, ist doch v\u00f6llig egal. Es mag sein, dass Maduro mit Drogenhandel Geld verdiente; die CIA macht das auch. W\u00e4re Maduro pro-USA gewesen, h\u00e4tte er in Venezuela ein Leben lang machen k\u00f6nnen, was er will. Jegliche Diskussion \u00fcber Moral und Recht in der Geopolitik ist fast schon putzig naiv. Leider.<br \/>\nGeopolitisch relevant ist immer nur: Was sind unsere Interessen? Wer hat (zur Zeit) die gleichen? Was bedeutet ein Ereignis f\u00fcr uns? Europa? Deutschland? Pers\u00f6nlich?<\/p>\n<p>Dem neuen Ostblock (China, Russland, Iran \u201aplus X\u2019) seinen Flugzeugtr\u00e4ger \u201aVenezuela\u2019 vor der Haust\u00fcr der USA zu versenken, ist aus US-Sicht sicher vern\u00fcnftig \u2013 und auch f\u00fcr Europa d\u00fcrfte es, isoliert betrachtet, eher positiv sein, Chinas globale Expansionspolitik einzud\u00e4mmen. Die USA wollen zwar nicht unser Freund sein, sondern unser Herr und Meister; aber unter China will man noch weniger leben. Und wir laufen unweigerlich auf einen neuen West-Ost-Konflikt zwischen den (nun regionalen) Hegemonialm\u00e4chten USA und dem erstarkenden China zu; dazu sollte man eine vorteilhafte Ausgangsposition schaffen.<br \/>\nDumm war es in diesem Kontext von den USA, Russland vom Westen abzuspalten, nur weil man keinen Partner auf Augenh\u00f6he dulden wollte. Bevor Westeuropa und Russland zu einem (befreundeten!) Machtblock, EUROPA!, h\u00e4tten werden k\u00f6nnen, haben die USA diese Ann\u00e4herung lieber zerst\u00f6rt. Man hat Russland f\u00f6rmlich in die Arme von China getrieben. Jetzt entwickeln sich zwei Bl\u00f6cke, die milit\u00e4risch wahrscheinlich ebenb\u00fcrtig sind; aber in Zukunft mit klaren wirtschaftlichen Vorteilen f\u00fcr den Ostblock, da Asien noch w\u00e4chst.<br \/>\nInsofern kann es durchaus sein, dass die USA einen Showdown mit China anstreben, bevor man in der R\u00fcckhand ist, oder sich zumindest \u00fcber Druckaufbau schnell einig bez\u00fcglich der jeweiligen Einflusssph\u00e4re zu werden, solange man geopolitisch noch ernst zu nehmen ist. Neu in der Strategie ist: Das Rennen macht nicht l\u00e4nger, wer mehr Milit\u00e4rbasen auf der Welt hat; das Rennen macht, wer in der Gegenwart sein Einflussgebiet milit\u00e4risch sch\u00fctzen kann und wirtschaftlich resilient ist; und wer in der Zukunft \u00f6ffentliches Narrativ, KI, Robotik und Biotechnologie dominiert.<br \/>\nDie eigentliche Botschaft des Venezuela-Coups mit gleichzeitigem S\u00e4belrasseln in Richtung Kolumbien, Iran und sogar Gr\u00f6nland ist, dass die USA unter Trump genauso unverbl\u00fcmt wie vorher die Figuren auf dem geopolitischen Schachbrett so umstellen, dass man in einer guten Spielposition bleibt. Was offener zutage tritt als fr\u00fcher: Wir sind keine Freunde. Waren es nie. Wir sind bestenfalls der Hund, der Acker der USA. Etwas, das man pflegt und bestellt, solange es von Nutzen ist; und das man opfert und ausbeutet, wenn es dem eigenen Vorteil dient.<\/p>\n<p>Was sind hier Trumps Ziele? Unterscheiden sie sich von denen der alten neokonservativen Transatlantiker?<br \/>\nDer hegemoniale Anspruch, den maximalen Teil der Welt zu beherrschen, weil man quasi g\u00f6ttlich dazu bestimmt ist (American Exceptionalism), ist derselbe. Auch der Kern des Tiefen Staats, den Trump vorgeblich bek\u00e4mpfen wollte, ist derselbe. Aber man hat akzeptiert, dass man China als ebenb\u00fcrtige Macht anerkennen muss. Es geht also nicht l\u00e4nger darum, die ganze Welt geographisch-milit\u00e4risch beherrschen zu wollen, sondern darum, die Welt in eine US- und eine China-Einflusssph\u00e4re aufzuteilen. Alles andere w\u00fcrde die M\u00f6glichkeiten der USA \u00fcberdehnen; zumal die USA bereits heute hoffnungslos \u00fcberschuldet sind.<br \/>\nDer American Exceptionalism, der Anspruch darauf, die Herrenmenschen der Welt zu sein, bleibt. Trump \u00e4ndert nur die Strategie. Die USA sind extremst hoch verschuldet und k\u00f6nnen sich die milit\u00e4rische Unterdr\u00fcckung der gesamten Welt nicht mehr leisten, zumal der Dollar, \u00fcber den man sich diese immense Verschuldung leisten konnte (weil das Ausland das Papiergeld aufsaugen musste wie ein Schwamm um \u00d6l etc. zu kaufen), als globale Leitw\u00e4hrung immer st\u00e4rker an Relevanz verliert.<br \/>\nDie neue Strategie: Verzicht auf globale milit\u00e4rische Dominanz. R\u00fcckzug in die westliche Hemisph\u00e4re. Erhalt und Ausbau der eigenen Wirtschaftskraft durch Import von Produktivkapital, zuvorderst durch Raub des Tafelsilbers aus Europa. Die USA m\u00fcssen sich wirtschaftlich gesund sto\u00dfen und milit\u00e4risch zumindest die westliche Einflusssph\u00e4re dominieren.<br \/>\nAm Ende steht der gro\u00dfe Showdown der USA &amp; Co. gegen China &amp; Co.: Bestenfalls einigt man sich auf die Aufteilung der Welt in Einflusssph\u00e4ren mit einem wackeligen Frieden, schlimmstenfalls wird der Konflikt irgendwann regional, oder gar global, hei\u00df. Die gr\u00f6\u00dfte Wahrscheinlichkeit liegt wohl irgendwo in der Mitte: Aufteilung der Welt und gelegentliche regionale Proxy-Kriege um Rohstoffe und zur Schw\u00e4chung des Gegners. Gerne auch in Europa.<br \/>\nEuropa? Darf bestenfalls von au\u00dfen zusehen; schlimmstenfalls wird es f\u00fcr die Ziele (Wahrung von Wohlstand und Hegemonie) der USA geopfert. Eine Ausweitung des Ukrainekrieges z.B. w\u00e4re sehr vorteilhaft f\u00fcr die USA. Der erste und zweite Weltkrieg haben die USA erst reich und m\u00e4chtig gemacht.<\/p>\n<p>Was bedeutet diese Entwicklung der neuen Blockbildung f\u00fcr Europa?<br \/>\nEuropa sitzt zwischen den St\u00fchlen \u2013 und liegt in alten Ketten; und zwar unter einem alten transatlantischen Netzwerk, in das auch unsere politischen Eliten wie Merz, Macron, Starmer eingebunden sind. Ihre Ziele sind von denen Trumps nicht weit auseinander (USA als Welthegemon, whatever it takes), aber die Strategie ist g\u00e4nzlich anders. Die alten Transatlantiker leben im gestern und glauben immer noch an alte milit\u00e4rische Doktrinen wie die Heartland-Theorie, also u.a. die milit\u00e4rische Dominanz Osteuropas, was die Eroberung der Ukraine um jeden Preis beinhaltet. Das Trump-Lager hat verstanden, dass der Krieg der Zukunft vor allem darum geht, wer seine Heimat sch\u00fctzen kann, wirtschaftlich resilient ist \u2013 und wer digital siegt. Dazu geh\u00f6ren geopolitisch immer weniger globale milit\u00e4rische Dominanz, sondern, noch mehr als vorher, wer die Hand auf KI-relevanten Rohstoffen und Energie hat.<\/p>\n<p>Wieviel von all dem als Hypothese belastbar ist, sei einmal dahingestellt. Was sicher ist: Vor Trump, mit Trump, nach Trump, Europa wird von den USA bestenfalls Sklave geduldet. Es muss sich freischwimmen und ein unabh\u00e4ngiger geopolitischer Akteur werden. Und das gelingt erst, wenn die alten politischen Eliten, von Merz \u00fcber Macron bis Starmer, die sich ihren alten transatlantischen Thinktanks und Netzwerken verbunden f\u00fchlen und nicht den europ\u00e4ischen V\u00f6lkern, aus ihren \u00c4mtern getrieben wurden. Ansonsten wird Europa zunehmend zu dem werden was Lateinamerika l\u00e4ngst ist: kein eigener Player, sondern ein unruhiger, unaufger\u00e4umter Hinterhof der USA.\u201d<\/p>\n<p>&#8230; Alles vom 7.1.2026 bitte lesen auf<br \/>\n<a href=\"https:\/\/www.klonovsky.de\/2026\/01\/7-januar-2026\/\">https:\/\/www.klonovsky.de\/2026\/01\/7-januar-2026\/<\/a><\/p>\n<p>&nbsp;<\/p>\n<p><strong>Markus Krall: Was passiert in Venezuela und wie ist es zu werten?<\/strong><br \/>\nNachdem sich die Blase ja so wundersch\u00f6n aufgeregt hat dar\u00fcber, dass ich mich geweigert habe, mich \u00fcber die Aktion Trumps und die Festnahme Maduros aufzuregen, erlaube ich mir hier ein paar Gedanken, wie dieser ganze Vorgang geopolitisch zu werten ist.<br \/>\nFangen wir mit dem V\u00f6lkerrecht an. Aus einer rein v\u00f6lkerrechtlichen Sicht ist, wie ich schon geschrieben hatte, die Aktion illegal. Die milit\u00e4rische Intervention in einem anderen Staat erfordert eine Zustimmung des Weltsicherheitsrates der UNO, die liegt wohl nach aktueller Nachrichtenlage eher nicht vor. Dar\u00fcber k\u00f6nnte ich mich jetzt k\u00fcnstlich aufregen, das habe ich aber schon im Falle Russland\/Ukraine nicht getan und zwar einfach deshalb, weil das V\u00f6lkerrecht eine Kategorie ist, an die wir zwar alle gerne glauben m\u00f6chten, aber die schon seit 1945 h\u00f6chst selektiv angewendet wird. Der Westen, die Europ\u00e4er inklusive, haben in den letzten Jahrzehnten mit der Regelm\u00e4\u00dfigkeit einer kaputten Schallplatte gegen des V\u00f6lkerrecht versto\u00dfen, ohne dass es Konsequenzen gehabt h\u00e4tte. Das liegt daran, dass sich die Staatengemeinschaft bisher auf ein verbindliches und durchsetzbares V\u00f6lkerrecht nicht einigen konnte. Damit k\u00f6nnen wir zwar Moralpunkte sammeln (ok, f\u00fcr uns als Deutsche ist das das Allerwichtigste \u00fcberhaupt), aber es interessiert da drau\u00dfen kein Schwein, zumal weder Regierende noch Regierte in diesem Land in der Vergangenheit ein gro\u00dfes Problem damit hatten, wenn es gegen die tats\u00e4chlichen oder vermeintlichen Nachfolger Hitlers auf dem Planeten ging, egal ob sie in Syrien, Irak, Libyen, Serbien oder Iran residiert haben.<br \/>\nZweiter Aspekt: Ist Maduro der rechtm\u00e4\u00dfige Pr\u00e4sident von Venezuela? Nein, das ist er nicht. Er hat die Demokratie abgeschafft, Wahlen unter den Augen der Welt\u00f6ffentlichkeit gef\u00e4lscht, eine Diktatur errichtet, vor der 30% der Bev\u00f6lkerung des Landes ins Ausland geflohen sind, das Land mit den gr\u00f6\u00dften \u00d6lreserven der Welt in Armut gest\u00fcrzt und den \u201aSozialismus des 21. Jahrhunderts\u2019 eingef\u00fchrt mit den gleichen Merkmalen von Armut, Gulag und Verfolgung wie der des 20. Jahrhunderts; so gesehen genie\u00dft er auch keine Immunit\u00e4t als Staatsoberhaupt. Pech.<br \/>\nDritter Aspekt: Machen die USA das wegen des \u00d6ls und weiterer strategischer Rohstoffe in Venezuela oder h\u00e4tten sie es auch gemacht, wenn es Kleinkleckersdorf auf einer halb abgesoffenen Karibikinsel gewesen w\u00e4re? Ja, nat\u00fcrlich machen sie das wegen des \u00d6ls. Das nennt man Geopolitik und Realpolitik. So handeln Gro\u00dfm\u00e4chte seit 4.000 Jahren. Deshalb sind sie ja Gro\u00dfm\u00e4chte. Sie k\u00f6nnten das lassen, aber dann sind sie es halt nicht mehr lange. Finde ich pers\u00f6nlich schei**e, aber ich f\u00fcrchte, meine Meinung dazu hat limitierte Wirkung.<br \/>\nWas uns zum vierten Aspekt f\u00fchrt, n\u00e4mlich der Geopolitik. Betrachtet man die Gesamtentwicklung der letzten 12 Monate, so wird klar, was au\u00dfenpolitisch mit der America First-Politik der Trump-Administration gemeint ist: Es ist die Akzeptanz einer multipolaren Weltordnung. Aber auch in einer solchen gibt es Einflusszonen, und diese werden durch Abkommen hinter der B\u00fchne abgesteckt. Trump will, dass die USA, da sie die Unipolarit\u00e4t nicht mehr durchsetzen k\u00f6nnen, sicherstellen, dass die USA im Konzert k\u00fcnftiger Multipolarit\u00e4t wenigstens die erste Geige spielen, vor China, wenn m\u00f6glich. Daf\u00fcr hat er wahrscheinlich schon vor Monaten mit Putin und Xi eine Verst\u00e4ndigung auf die Grundlinien der Einflusszonen getroffen, \u00fcber deren Details man nur spekulieren kann.<br \/>\nAber \u00fcber wenigstens ein paar Elemente k\u00f6nnen wir uns sicher sein: 1. Russland und China haben S\u00fcdamerika als US-Einflusszone anerkannt, auch wenn China in vager Hoffnung auf einen zur\u00fcckhaltenderen Trump das sozialistische Regime in Caracas umgarnt und gef\u00f6rdert hat. Nennt sich Monroe-Doktrin. Kuba kann sich so gesehen auch schon mal festhalten, von Lula in Brasilien ganz zu schweigen.<br \/>\n2. Trump hat die Ukraine unter den russischen Bus geworfen, denn sie geh\u00f6rt nach dieser Lesart zum russischen Einflussgebiet. Er wird nicht abwarten, dass die Europ\u00e4er seinen Deal mit Putin und Xi konterkarieren oder gar torpedieren. Notfalls wird er sogar milit\u00e4risch verdeckt zugunsten Russlands intervenieren, um das zu verhindern, zum Beispiel durch Geheimdienstinformationen, Zieldaten oder Entzug der US-Logistik auch f\u00fcr EU-Waffenlieferungen an die Ukraine. Er wird auch die Rogue-Elemente in der CIA, die versucht haben, ihn da zu sabotieren, erwischen und wegen Hochverrats lebensl\u00e4nglich einbuchten, falls sie Gl\u00fcck haben, denn auf Hochverrat kann in den USA auch die Todesstrafe zur Anwendung kommen.<br \/>\n3. Trump wei\u00df, dass Russland keinerlei Interesse hat, Europa anzugreifen und \u00fcberl\u00e4sst die EU daher ihrem selbstgew\u00e4hlten au\u00dfenpolitischen Schicksal, betreibt aber zugleich einen Regime-Change in Paris, London, Berlin und Br\u00fcssel. Wer die Erfolgsquote der US-Regime-Changeprojekte kennt, der wei\u00df, dass die Tage der EU-Oligarchie damit gez\u00e4hlt sind. Unser Bundeskanzler schaut schon so betr\u00f6ppelt, weil er wei\u00df, was bald kommt. Das ist auch der Grund f\u00fcr die sichtbar werdenden Risse im Verh\u00e4ltnis zu Frankreich.<br \/>\n4. Die gro\u00dfe Unbekannte hei\u00dft Taiwan. Seit der UN-Resolution 2758 von 1971 vertritt allein die VR China das Land in der V\u00f6lkergemeinschaft. Da China Taiwan nie irgendwem abgetreten oder es in die Unabh\u00e4ngigkeit entlassen hat, ist es auch aus rechtlicher Sicht unzweifelhaft Teil Chinas. Muss man nicht m\u00f6gen, ist aber leider so. Die Kernfrage ist: Ist Taiwan Teil des gro\u00dfen Deals zur Ansteckung der multipolaren neuen globalen Ordnung oder nicht. Wir werden es herausfinden, und das wahrscheinlich bald.<br \/>\n5. Europa muss endlich den Arsch hochkriegen und zwar nicht durch milit\u00e4rische Gro\u00dfmannssucht, sondern durch Gesundung seiner Wirtschaft. Das geht nur mit der Kettens\u00e4ge, vollkommen Wurscht, ob das unseren Eliten passt oder nicht. Entweder wir bekommen das hin oder wir werden, frei nach Josip Wissarionowitsch Dschugaschwili \u201azermalmt\u2019. Viel Zeit bleibt uns daf\u00fcr nicht mehr. Wie geht es in Venezuela weiter? Die USA werden das Land nicht besetzen, das brauchen sie auch gar nicht. Sie haben die Initialz\u00fcndung f\u00fcr eine demokratische Revolution geliefert bei der die Sozialisten entweder jetzt nachgeben oder in K\u00fcrze die B\u00e4ume in Caracas zieren werden. Dann kommt auch dort die Kettens\u00e4ge an und wird das Land mit den gr\u00f6\u00dften \u00d6lreserven der Welt wieder reich machen. Denn Trump braucht S\u00fcdamerika nicht nur als Einflusszone, sondern er braucht ein wirtschaftlich starkes S\u00fcdamerika als Verb\u00fcndeten.<br \/>\n&#8230; Alles vom 3.1.2026 von Dr. Markus Krall bitte lesen uf <a href=\"https:\/\/x.com\/Markus_Krall\/status\/2007453961192612274\">https:\/\/x.com\/Markus_Krall\/status\/2007453961192612274<\/a><br \/>\n.<br \/>\n<strong>Trump braucht f\u00fcr Deals keine Vasallen, sondern starke Verb\u00fcndete &#8211; EU wie D<\/strong><br \/>\nPS: \u201eIch sehe es in einem bestimmten Punkt anders als Herr Krall. Meiner Meinung geb\u00fchrt Trump sogar etwas mehr Achtung. Durch den Krieg in der Ukraine hat es den Russen auf die Seite Chinas und der Mullahs gezogen. Je mehr Europa sich nun auf die Seite der Ukraine stellt, desto mehr treibt es den Russen in die Arme des Chinesen. Trump versucht hier zu vermitteln und den Russen wieder auf \u201aunsere\u2019 Seite (nicht verwechseln mit Unseredemokratie) zu ziehen.<br \/>\nDiejenigen, die in ihm ein \u201aScho\u00dfh\u00fcndchen\u2019 Putins sehen, sollten viel eher mal eine Bibilothek aufsuchen, als sich \u00fcber TicToc zu informieren. Je mehr es also den Russen in die Arme China dr\u00e4ngt und Europa aus Schw\u00e4chlingen besteht, treibt es Trump regelrecht zu einem \u201aradikaleren\u2019 MAGA-Kurs.<br \/>\nW\u00fcrde Trump den Russen wieder auf unserer Seite wissen, dazu starke Oberh\u00e4upter in der EU vorfinden, die etwas f\u00fcr ihr Volk \u00fcbrig h\u00e4tten und f\u00fcr es k\u00e4mpfen, m\u00fcsste er wom\u00f6glich nicht einmal einen derartigen radikalen Kurs fahren, weil es ihm, wie Herr Krall bei Venezuela richtig sagte, auf starke Verb\u00fcndete ankommt. Trump will Gesch\u00e4fte mit anderen Staaten machen, und er wei\u00df, dass dies am besten zu bewerkstelligen ist, wenn seine Partner selbst stabil und stark dastehen. Dies ist auch der Grund, wieso er die Europ\u00e4er immer wieder ermahnt, sie sollen ihr Migrationsproblem in den Griff bekommen. Br\u00e4uchte er lediglich \u201aUntertanen, Vasallen, Sklaven\u2019, t\u00e4ten er und Vance gut daran, Europa mit der Migration weiter zu destabilisieren. Dies ist aber nicht der Fall.<br \/>\nUnd ganz ehrlich: Wom\u00f6glich hat Gr\u00f6nland mit den USA sogar die bessere Aussicht in die Zukunft als mit dieser EU.\u201d (Leser ***)<\/p>\n<p>&#8230; Alles vom 7.1.2026 von Michael Klonovsky bitte lesen auf<br \/>\n<a href=\"https:\/\/www.klonovsky.de\/2026\/01\/7-januar-2026\/\">https:\/\/www.klonovsky.de\/2026\/01\/7-januar-2026\/<\/a><\/p>\n","protected":false},"excerpt":{"rendered":"<p>Home\u00a0&gt;Global &gt;Brasilien &gt;Venezuela &gt;S\u00fcdamerika Listenauswahl eines Beitrags (Artikel\/Datum, Seite\/Inhalt): Klicken oder scrollen Die Colonia Tovar in Venezuela: Einwanderer aus dem Kaiserstuhl (18.1.2026) Venezuela: Wie man eine Demokratie abschafft \u2013 der Masterplan\u00a0(12.1.2026) AUF1-Videotalk: Venezuela \u00e4ndert alles &#8211; Was man Ihnen verheimlicht! &hellip; <a href=\"https:\/\/www.freiburg-schwarzwald.de\/blog\/global\/suedamerika\/\">Weiterlesen <span class=\"meta-nav\">&rarr;<\/span><\/a><\/p>\n","protected":false},"author":2,"featured_media":0,"parent":27,"menu_order":0,"comment_status":"closed","ping_status":"closed","template":"","meta":{"footnotes":""},"class_list":["post-143906","page","type-page","status-publish","hentry"],"_links":{"self":[{"href":"https:\/\/www.freiburg-schwarzwald.de\/blog\/wp-json\/wp\/v2\/pages\/143906","targetHints":{"allow":["GET"]}}],"collection":[{"href":"https:\/\/www.freiburg-schwarzwald.de\/blog\/wp-json\/wp\/v2\/pages"}],"about":[{"href":"https:\/\/www.freiburg-schwarzwald.de\/blog\/wp-json\/wp\/v2\/types\/page"}],"author":[{"embeddable":true,"href":"https:\/\/www.freiburg-schwarzwald.de\/blog\/wp-json\/wp\/v2\/users\/2"}],"replies":[{"embeddable":true,"href":"https:\/\/www.freiburg-schwarzwald.de\/blog\/wp-json\/wp\/v2\/comments?post=143906"}],"version-history":[{"count":5,"href":"https:\/\/www.freiburg-schwarzwald.de\/blog\/wp-json\/wp\/v2\/pages\/143906\/revisions"}],"predecessor-version":[{"id":144464,"href":"https:\/\/www.freiburg-schwarzwald.de\/blog\/wp-json\/wp\/v2\/pages\/143906\/revisions\/144464"}],"up":[{"embeddable":true,"href":"https:\/\/www.freiburg-schwarzwald.de\/blog\/wp-json\/wp\/v2\/pages\/27"}],"wp:attachment":[{"href":"https:\/\/www.freiburg-schwarzwald.de\/blog\/wp-json\/wp\/v2\/media?parent=143906"}],"curies":[{"name":"wp","href":"https:\/\/api.w.org\/{rel}","templated":true}]}}