{"id":142853,"date":"2025-12-13T15:54:26","date_gmt":"2025-12-13T14:54:26","guid":{"rendered":"https:\/\/www.freiburg-schwarzwald.de\/blog\/?page_id=142853"},"modified":"2025-12-13T16:55:37","modified_gmt":"2025-12-13T15:55:37","slug":"europa-konservativ","status":"publish","type":"page","link":"https:\/\/www.freiburg-schwarzwald.de\/blog\/global\/eu\/europa\/europa-konservativ\/","title":{"rendered":"Europa-konservativ"},"content":{"rendered":"<p><a href=\"https:\/\/www.freiburg-schwarzwald.de\/blog\">Home<\/a>\u00a0&gt;<a title=\"Global\" href=\"https:\/\/www.freiburg-schwarzwald.de\/blog\/global\/\">Global<\/a>\u00a0&gt;<a title=\"EU\" href=\"https:\/\/www.freiburg-schwarzwald.de\/blog\/global\/eu\/\">EU<\/a>\u00a0&gt;<a title=\"EU-Migration\" href=\"https:\/\/www.freiburg-schwarzwald.de\/blog\/global\/eu\/eu-migration\/\">EU-Migration<\/a>\u00a0&gt;<a title=\"Europa\" href=\"https:\/\/www.freiburg-schwarzwald.de\/blog\/global\/eu\/europa\/\">Europa<\/a> &gt;<a href=\"https:\/\/www.freiburg-schwarzwald.de\/blog\/global\/eu\/europa-nationen\/\">Europa-Nationen<\/a> &gt;Europa-konservativ<\/p>\n<div id=\"attachment_142883\" style=\"width: 649px\" class=\"wp-caption alignnone\"><a href=\"https:\/\/www.freiburg-schwarzwald.de\/blog\/wp-content\/uploads\/2025\/12\/weihnachtsgebaeck251212pan.jpg\"><img loading=\"lazy\" decoding=\"async\" aria-describedby=\"caption-attachment-142883\" class=\"size-full wp-image-142883\" src=\"https:\/\/www.freiburg-schwarzwald.de\/blog\/wp-content\/uploads\/2025\/12\/weihnachtsgebaeck251212pan.jpg\" alt=\"\" width=\"639\" height=\"363\" srcset=\"https:\/\/www.freiburg-schwarzwald.de\/blog\/wp-content\/uploads\/2025\/12\/weihnachtsgebaeck251212pan.jpg 639w, https:\/\/www.freiburg-schwarzwald.de\/blog\/wp-content\/uploads\/2025\/12\/weihnachtsgebaeck251212pan-180x102.jpg 180w\" sizes=\"auto, (max-width: 639px) 100vw, 639px\" \/><\/a><p id=\"caption-attachment-142883\" class=\"wp-caption-text\">Weihnachtsgeb\u00e4ck am 12. Dezember 2025<\/p><\/div>\n<ul>\n<li><em>Listenauswahl eines Beitrags (Artikel\/Datum, Seite\/Inhalt): <span style=\"text-decoration: underline;\">Klicken<\/span> oder scrollen<\/em><\/li>\n<li>Battle for the Soul of Europe (12.12.2025)<\/li>\n<\/ul>\n<p>&nbsp;<\/p>\n<p><strong>Battle for the Soul of Europe<br \/>\nBr\u00fcssel:\u00a0Der Kampf um die Seele Europas<\/strong><\/p>\n<p>600 Politiker, Journalisten, Wissenschaftler und Stimmen der Zivilgesellschaft aus 19 L\u00e4ndern haben sich in der vergangenen Woche bei der Veranstaltung \u201eBattle for the Soul of Europe\u201c der <a href=\"https:\/\/www.freiburg-schwarzwald.de\/blog\/global\/eu\/eu-ungarn\/\">ungarischen Denkfabrik<\/a> MCC Br\u00fcssel (Mathias Corvinus Collegium) beteiligt. Diese Veranstaltung der freien Meinungs\u00e4u\u00dferung und des Kampfes um die Seele Europas, bringe \u201estolze Patrioten und Denker zu einem entscheidenden Gespr\u00e4ch zusammen. Wir nutzen den Moment, um zu fragen, wie es weitergeht.<\/p>\n<p>Von der Remigration bis zur \u00dcbernahme der Kontrolle \u00fcber den \u00f6ffentlichen Dienst oder von der Schaffung einer neuen transatlantischen Allianz bis zur Wiederbelebung der europ\u00e4ischen Industrie nach Jahrzehnten umweltsch\u00e4dlicher Politik \u2013 diese Konferenz bringt f\u00fchrende Pers\u00f6nlichkeiten zusammen\u201c, erkl\u00e4rte John O\u2019Brien, Leiter der Kommunikationsabteilung des MCC Br\u00fcssel.<br \/>\nGleich zu Beginn wies der konservative britische politische Kommentator Matt Goodwin darauf hin, da\u00df erstmals in der gesamten Geschichte seines Landes die ethnische Mehrheitsgruppe zur Minderheit werde. Bis zum Ende dieses Jahrhunderts w\u00fcrden die wei\u00dfen Briten etwa nur 35 Prozent der Bev\u00f6lkerung ausmachen.<br \/>\nBritannien m\u00fcsse aufwachen. \u201eWas ich versuche, ist, eine nationale Diskussion anzusto\u00dfen\u201c, so Goodwin.<br \/>\nDagegen betonte der franz\u00f6sische EU-Politiker Thierry Mariani (Rassemblement National), da\u00df wenn Marine Le Pen in einem Jahr zur Pr\u00e4sidentin gew\u00e4hlt werde, es das erste sei, ein Referendum \u00fcber die Einwanderung abzuhalten. Dies sei nicht einfach, weil der Verfassungsrat komplett sozialistisch sei und sagen werde: Sie haben nicht das Recht, ein Referendum \u00fcber Einwanderung abzuhalten. Deshalb sei es enorm wichtig den Kampf um die Macht in den ersten 20 Tagen zu gewinnen. \u201eWenn wir ihn verlieren, werden wir scheitern, weil wir von Anfang an wissen, da\u00df der Deep State auf uns wartet und versuchen wird, uns zu blockieren\u201c, so Mariani.<\/p>\n<p>W\u00e4hrend die franz\u00f6sische Aktivistin und Mitbegr\u00fcnderin des Collective Nemesis, Alice Cordier, einen rechten Feminismus und rechte \u00d6kologie in Europa forderte, rief Baroness Claire Fox, Mitglied des Oberhauses und Direktorin des Thinktanks Academy of Ideas die Europ\u00e4er auf, endlich wieder selbst\u00e4ndig zu denken. \u201eGlauben Sie kein Wort\u201c, was in den Mainstream-Medien wie die BBC stehe, erkl\u00e4rte sie. Auch viele alternative Medien seien hervorragend \u2013 ein Gro\u00dfteil davon jedoch wertlos. \u201eDie Wahrheit ist, da\u00df unsere Realit\u00e4t langweilig, technokratisch und voller Feiglinge ist. Und wir versuchen, das durch die Akademie der Ideen zu erreichen.<br \/>\nKommen Sie also zu unserem Festival \u2018Battle of Ideas\u2019. Es ist ein echter intellektueller Kampf. \u00dcbrigens ist das intellektuelle Leben, die Suche nach Wissen und Wahrheit, bei weitem das Aufregendste, Spannendste und Herausforderndste, was Sie jemals in Ihrem Leben tun werden. Ein Buch zu lesen ver\u00e4ndert tats\u00e4chlich alles\u201c, so die Baroness. (ctw)<br \/>\n12.12.2025<br \/>\n<a href=\"https:\/\/soulofeurope.co\/\">https:\/\/soulofeurope.co\/<\/a><\/p>\n","protected":false},"excerpt":{"rendered":"<p>Home\u00a0&gt;Global\u00a0&gt;EU\u00a0&gt;EU-Migration\u00a0&gt;Europa &gt;Europa-Nationen &gt;Europa-konservativ Listenauswahl eines Beitrags (Artikel\/Datum, Seite\/Inhalt): Klicken oder scrollen Battle for the Soul of Europe (12.12.2025) &nbsp; Battle for the Soul of Europe Br\u00fcssel:\u00a0Der Kampf um die Seele Europas 600 Politiker, Journalisten, Wissenschaftler und Stimmen der Zivilgesellschaft aus &hellip; <a href=\"https:\/\/www.freiburg-schwarzwald.de\/blog\/global\/eu\/europa\/europa-konservativ\/\">Weiterlesen <span class=\"meta-nav\">&rarr;<\/span><\/a><\/p>\n","protected":false},"author":2,"featured_media":0,"parent":66877,"menu_order":0,"comment_status":"closed","ping_status":"closed","template":"","meta":{"footnotes":""},"class_list":["post-142853","page","type-page","status-publish","hentry"],"_links":{"self":[{"href":"https:\/\/www.freiburg-schwarzwald.de\/blog\/wp-json\/wp\/v2\/pages\/142853","targetHints":{"allow":["GET"]}}],"collection":[{"href":"https:\/\/www.freiburg-schwarzwald.de\/blog\/wp-json\/wp\/v2\/pages"}],"about":[{"href":"https:\/\/www.freiburg-schwarzwald.de\/blog\/wp-json\/wp\/v2\/types\/page"}],"author":[{"embeddable":true,"href":"https:\/\/www.freiburg-schwarzwald.de\/blog\/wp-json\/wp\/v2\/users\/2"}],"replies":[{"embeddable":true,"href":"https:\/\/www.freiburg-schwarzwald.de\/blog\/wp-json\/wp\/v2\/comments?post=142853"}],"version-history":[{"count":4,"href":"https:\/\/www.freiburg-schwarzwald.de\/blog\/wp-json\/wp\/v2\/pages\/142853\/revisions"}],"predecessor-version":[{"id":142884,"href":"https:\/\/www.freiburg-schwarzwald.de\/blog\/wp-json\/wp\/v2\/pages\/142853\/revisions\/142884"}],"up":[{"embeddable":true,"href":"https:\/\/www.freiburg-schwarzwald.de\/blog\/wp-json\/wp\/v2\/pages\/66877"}],"wp:attachment":[{"href":"https:\/\/www.freiburg-schwarzwald.de\/blog\/wp-json\/wp\/v2\/media?parent=142853"}],"curies":[{"name":"wp","href":"https:\/\/api.w.org\/{rel}","templated":true}]}}