{"id":141670,"date":"2025-11-17T16:08:37","date_gmt":"2025-11-17T15:08:37","guid":{"rendered":"https:\/\/www.freiburg-schwarzwald.de\/blog\/?page_id=141670"},"modified":"2025-11-17T16:23:43","modified_gmt":"2025-11-17T15:23:43","slug":"sozial","status":"publish","type":"page","link":"https:\/\/www.freiburg-schwarzwald.de\/blog\/selbsthilfe\/soziales\/sozialstaat\/sozial\/","title":{"rendered":"sozial"},"content":{"rendered":"<p>Home &gt;<a title=\"Selbsthilfe\" href=\"https:\/\/www.freiburg-schwarzwald.de\/blog\/selbsthilfe\/\">Selbsthilfe<\/a>\u00a0&gt;<a title=\"Soziales\" href=\"https:\/\/www.freiburg-schwarzwald.de\/blog\/selbsthilfe\/soziales\/\">Soziales<\/a>\u00a0&gt;<a title=\"Armut\" href=\"https:\/\/www.freiburg-schwarzwald.de\/blog\/selbsthilfe\/soziales\/armut\/\">Armut<\/a> &gt;<a href=\"https:\/\/www.freiburg-schwarzwald.de\/blog\/selbsthilfe\/soziales\/sozialpolitik\/\">Sozialpolitik<\/a> &gt;<a href=\"https:\/\/www.freiburg-schwarzwald.de\/blog\/selbsthilfe\/soziales\/sozialstaat\/\">Sozialstaat<\/a> &gt;sozial<\/p>\n<div id=\"attachment_141463\" style=\"width: 650px\" class=\"wp-caption alignnone\"><a href=\"https:\/\/www.freiburg-schwarzwald.de\/blog\/wp-content\/uploads\/2025\/11\/mais-dreisamtal-pan251112.jpg\"><img loading=\"lazy\" decoding=\"async\" aria-describedby=\"caption-attachment-141463\" class=\"size-full wp-image-141463\" src=\"https:\/\/www.freiburg-schwarzwald.de\/blog\/wp-content\/uploads\/2025\/11\/mais-dreisamtal-pan251112.jpg\" alt=\"\" width=\"640\" height=\"358\" srcset=\"https:\/\/www.freiburg-schwarzwald.de\/blog\/wp-content\/uploads\/2025\/11\/mais-dreisamtal-pan251112.jpg 640w, https:\/\/www.freiburg-schwarzwald.de\/blog\/wp-content\/uploads\/2025\/11\/mais-dreisamtal-pan251112-180x101.jpg 180w\" sizes=\"auto, (max-width: 640px) 100vw, 640px\" \/><\/a><p id=\"caption-attachment-141463\" class=\"wp-caption-text\">Mais dreschen im Dreisamtal am 12.11.2025<\/p><\/div>\n<ul>\n<li><em>Listenauswahl eines Beitrags (Artikel\/Datum, Seite\/Inhalt): <span style=\"text-decoration: underline;\">Klicken<\/span> oder scrollen<\/em><\/li>\n<li>\u201eGenerationenvertrag\u201c\u2013 Warum noch mitmachen und zahlen f\u00fcr Rente und Gesundheit? (17.11.2025)<\/li>\n<\/ul>\n<ul>\n<li style=\"list-style-type: none;\">\n<ul>\n<li><a href=\"https:\/\/www.freiburg-schwarzwald.de\/blog\/selbsthilfe\/soziales\/sozialausgaben\/\">Sozialausgaben<\/a><\/li>\n<li><a href=\"https:\/\/www.freiburg-schwarzwald.de\/blog\/selbsthilfe\/soziales\/sozialausgaben\/sozialbetrug\/\">Sozialbetrug<\/a><\/li>\n<li><a title=\"Sozialkapital\" href=\"https:\/\/www.freiburg-schwarzwald.de\/blog\/engagement\/sozialkapital\/\">Sozialkapital<\/a><\/li>\n<li><a title=\"Soziale-Dreigliederung\" href=\"https:\/\/www.freiburg-schwarzwald.de\/blog\/selbsthilfe\/soziales\/soziale-dreigliederung\/\">Soziale Dreigliederung<\/a><\/li>\n<li><a href=\"https:\/\/www.freiburg-schwarzwald.de\/blog\/engagement\/zukunft\/angst\/sozialangst\/\">Sozialangst<\/a><\/li>\n<li><a title=\"Sozialismus\" href=\"https:\/\/www.freiburg-schwarzwald.de\/blog\/engagement\/zukunft\/demokratie\/sozialismus\/\">Sozialismus<\/a><\/li>\n<li><a href=\"https:\/\/www.freiburg-schwarzwald.de\/blog\/engagement\/zukunft\/demokratie\/sozialismus\/sozialkreditsystem\/\">Sozialkreditsystem<\/a><\/li>\n<li><a href=\"https:\/\/www.freiburg-schwarzwald.de\/blog\/selbsthilfe\/soziales\/sozialpolitik\/\">Sozialpolitik<\/a><\/li>\n<li><a href=\"https:\/\/www.freiburg-schwarzwald.de\/blog\/engagement\/buergerinitiativen\/sozialprotest\/\">Sozialprotest<\/a><\/li>\n<li><a title=\"Sozialstaat\" href=\"https:\/\/www.freiburg-schwarzwald.de\/blog\/selbsthilfe\/soziales\/sozialstaat\/\">Sozialstaat<\/a><\/li>\n<li><a title=\"Sozialunternehmen\" href=\"https:\/\/www.freiburg-schwarzwald.de\/blog\/business\/sozialunternehmen\/\">Sozialunternehmen<\/a><\/li>\n<li><a title=\"Sozialstation\" href=\"https:\/\/www.freiburg-schwarzwald.de\/blog\/soziales\/sozialstation\/\">Sozialstation<\/a><\/li>\n<li><a href=\"https:\/\/www.freiburg-schwarzwald.de\/blog\/engagement\/zukunft\/demokratie\/staat\/staatshaushalt\/\">Staatshaushalt<\/a><\/li>\n<li><a title=\"Steuern\" href=\"https:\/\/www.freiburg-schwarzwald.de\/blog\/engagement\/verbraucher\/steuern\/\">Steuern und Abgaben \u2013 Steuermodell von Paul Kirchhoff<\/a><\/li>\n<li><a href=\"https:\/\/www.freiburg-schwarzwald.de\/blog\/engagement\/zukunft\/demokratie\/staat\/subventionen\/\">Subventionen<\/a><\/li>\n<\/ul>\n<\/li>\n<\/ul>\n<p>&nbsp;<\/p>\n<p>&nbsp;<\/p>\n<p><strong>Sozialstaat hei\u00dft: Geben und Nehmen<\/strong><br \/>\nWir haben keinen Sozialstaat mehr, da die Nehmer \u00fcberwiegen und wir deshalb &#8222;auf Pump sozial&#8220; sind.<br \/>\n=============================================================<\/p>\n<p>&nbsp;<\/p>\n<p><strong>\u201eGenerationenvertrag\u201c\u2013 Warum noch mitmachen und zahlen f\u00fcr Rente und Gesundheit?<\/strong><br \/>\n<strong>Junge Union in Rust 11\/2025 gegen Merz&#8216; Rentenpl\u00e4ne<\/strong><br \/>\nDer Sozialstaat stand einmal f\u00fcr das Versprechen von Gerechtigkeit \u2013 nicht f\u00fcr soziale, sondern f\u00fcr schlichte, altmodische Gerechtigkeit, die Rechte an Pflichten bindet und darauf achtet, dass Geben und Nehmen zum Ausgleich kommen. Davon ist der deutsche Sozialstaat in seiner ma\u00dflos \u00fcberdehnten Gestalt weit entfernt.<\/p>\n<p>Vielleicht gibt es sie ja doch noch, wird sie es doch noch einmal geben, die Opposition. Nachdem ihr die Allparteienkoalition im Deutschen Bundestag das Wort abgeschnitten hat, macht sie sich anderswo bemerkbar. In Rust, beim Deutschlandtag der Jungen Union, klang es tats\u00e4chlich manchmal so, als wollten sich die Jungen von den Alten nicht l\u00e4nger \u00fcber den Mund fahren lassen. Die Parteijugend widersprach den Koalitionsvereinbarungen und den Paketl\u00f6sungen und deren hilflosem Verk\u00fcnder, dem Bundeskanzler Friedrich Merz. Hoffentlich bleibt sie dabei und l\u00e4sst sich ihren Schneid nicht abkaufen.<br \/>\nMerz war angereist, um das verirrte Jungvolk wieder einzufangen, kam aber nicht weit. Auch einem besseren Redner als ihm w\u00e4re es nicht gelungen, das Rentenniveau in einem Land zu garantieren, das sich daran gew\u00f6hnt hat, auf Pump zu leben.<\/p>\n<p>Das Rentenversicherungs-System im Umlageverfahren tut eben dies: Es bildet keine R\u00fccklagen, gibt heute aus, was es gestern eingenommen hat, lebt von der Hand in den Mund und pfeift auf die Zukunft. Man muss kein Wirtschaftsweiser sein, um zu erkennen, dass Umlageverfahren und demographisches Altern nicht zusammenpassen. Das glauben \u2013 oder behaupten \u2013 nur Sozialpolitiker. Auch deren L\u00fcgen haben aber kurze Beine.<\/p>\n<p>Die nachfolgende Generation sieht nicht l\u00e4nger ein, warum sie einen Vertrag erf\u00fcllen sollte, den sie nie abgeschlossen hat. Den sie auch niemals abgeschlossen h\u00e4tte, wenn sie gewusst h\u00e4tte, dass von ihr Leistungen verlangt werden, auf die sie selbst keinen Anspruch hat. Dass die heutige Jugend im Alter jemals so gut dastehen k\u00f6nnte wie die Alten von heute, ist schon statistisch ausgeschlossen. Von immer weniger Jungen zu erwarten, immer mehr Alte immer l\u00e4nger und immer besser zu versorgen, ist naiv, die Rente mit 63, das Amulett der SPD, eine Frechheit. Keine Generation hat ihre soziale Macht so schamlos ausgespielt wie die der sogenannten Babyboomer. Sie haben sich Anspr\u00fcche zuerkannt, von denen ihre Nachfolger nur tr\u00e4umen k\u00f6nnen. Warum dann also mitmachen und zahlen?<\/p>\n<p>Kein Zufall, dass an eben dem Tage, an dem die Junge Union in Rust dem Kanzler einheizte, Hendrik Streeck, inzwischen Drogenbeauftragter der Bundesregierung, die mentalen Sch\u00e4den, die Lieblosigkeit und die Verrohung anprangerte, die der Sozialstaat deutscher Pr\u00e4gung im Krankenversicherungsbetrieb hervorbringt. Als Arzt und Virologe bestens ausgewiesen, hatte Streeck schon zu Corona-Zeiten mit seinen unorthodoxen Vorschl\u00e4gen zur Bek\u00e4mpfung der Epidemie bei Impftyrannen wie Karl Lauterbach oder Janosch Dahmen f\u00fcr Emp\u00f6rung gesorgt. Neben Widerspruch und Protesten hatte ihm das schon damals Morddrohungen eingebracht, und niemand sollte sich wundern, wenn sich das demn\u00e4chst wiederholen w\u00fcrde. Schlie\u00dflich leben wir im besten Deutschland, das es jemals gegeben hat.<br \/>\nStreeck hat daran erinnert, dass der ma\u00dflose Aufwand, mit dem versucht wird, Leben um jeden Preis zu erhalten, eben nicht nur das Leben, sondern auch das Leiden verl\u00e4ngert. Aber das half ihm nichts, genauso wenig wie ihm die Erfahrung hilft, dass der Widerwille gegen die Apparate-Medizin zunimmt und die Zahl derjenigen, die mit Hilfe einer Patientenverf\u00fcgung den lebens- und leidensverl\u00e4ngernden Ma\u00dfnahmen zu entkommen suchen, t\u00e4glich w\u00e4chst. Die unheilige Allianz aus Patientensch\u00fctzern und Pharmaproduzenten, Bisch\u00f6fen und Lobbyisten war auch diesmal wieder p\u00fcnktlich zur Stelle und warnte vor sozialer K\u00e4lte, wie \u00fcblich im Namen der Betroffenen. Betroffen waren sie nat\u00fcrlich selbst, sie wollen Geld und Stellen. Aber das sagen sie nicht.<br \/>\n&#8230;<br \/>\nTats\u00e4chlich geht es um viel mehr als Geld. Es geht um eine R\u00fcckbesinnung auf das, wof\u00fcr der Sozialstaat einmal gestanden hatte, aber nicht mehr steht, um das Versprechen von Anstand, W\u00fcrde und Gerechtigkeit \u2013 nicht um soziale, sondern um die schlichte, die altmodische Gerechtigkeit, die Rechte an Pflichten bindet und darauf achtet, dass Geben und Nehmen irgendwann zum Ausgleich kommt.<br \/>\nDavon ist der deutsche Sozialstaat in seiner heutigen, ma\u00dflos \u00fcberdehnten Gestalt weit entfernt:<br \/>\nKindergeld f\u00fcr Kinder, die es nicht gibt;<br \/>\nB\u00fcrgergeld f\u00fcr B\u00fcrger, die keine sind;<br \/>\nRenten f\u00fcr Abgeordnete, die keine Beitr\u00e4ge bezahlt haben:<br \/>\nAll das und noch viel mehr gilt in Deutschland als sozial gerecht. \u201eWer sozial sagt, will betr\u00fcgen\u201c hatte Carl Schmitt behauptet; leider hat er auch damit Recht behalten.<\/p>\n<p>&#8230; Alles vom 17.11.2025 von Konrad Adam bitte lesen auf<br \/>\n<a href=\"https:\/\/www.tichyseinblick.de\/daili-es-sentials\/generationenvertrag-rente-gesundheit\">https:\/\/www.tichyseinblick.de\/daili-es-sentials\/generationenvertrag-rente-gesundheit<\/a><\/p>\n","protected":false},"excerpt":{"rendered":"<p>Home &gt;Selbsthilfe\u00a0&gt;Soziales\u00a0&gt;Armut &gt;Sozialpolitik &gt;Sozialstaat &gt;sozial Listenauswahl eines Beitrags (Artikel\/Datum, Seite\/Inhalt): Klicken oder scrollen \u201eGenerationenvertrag\u201c\u2013 Warum noch mitmachen und zahlen f\u00fcr Rente und Gesundheit? (17.11.2025) Sozialausgaben Sozialbetrug Sozialkapital Soziale Dreigliederung Sozialangst Sozialismus Sozialkreditsystem Sozialpolitik Sozialprotest Sozialstaat Sozialunternehmen Sozialstation Staatshaushalt Steuern und &hellip; <a href=\"https:\/\/www.freiburg-schwarzwald.de\/blog\/selbsthilfe\/soziales\/sozialstaat\/sozial\/\">Weiterlesen <span class=\"meta-nav\">&rarr;<\/span><\/a><\/p>\n","protected":false},"author":2,"featured_media":0,"parent":44536,"menu_order":0,"comment_status":"closed","ping_status":"closed","template":"","meta":{"footnotes":""},"class_list":["post-141670","page","type-page","status-publish","hentry"],"_links":{"self":[{"href":"https:\/\/www.freiburg-schwarzwald.de\/blog\/wp-json\/wp\/v2\/pages\/141670","targetHints":{"allow":["GET"]}}],"collection":[{"href":"https:\/\/www.freiburg-schwarzwald.de\/blog\/wp-json\/wp\/v2\/pages"}],"about":[{"href":"https:\/\/www.freiburg-schwarzwald.de\/blog\/wp-json\/wp\/v2\/types\/page"}],"author":[{"embeddable":true,"href":"https:\/\/www.freiburg-schwarzwald.de\/blog\/wp-json\/wp\/v2\/users\/2"}],"replies":[{"embeddable":true,"href":"https:\/\/www.freiburg-schwarzwald.de\/blog\/wp-json\/wp\/v2\/comments?post=141670"}],"version-history":[{"count":5,"href":"https:\/\/www.freiburg-schwarzwald.de\/blog\/wp-json\/wp\/v2\/pages\/141670\/revisions"}],"predecessor-version":[{"id":141678,"href":"https:\/\/www.freiburg-schwarzwald.de\/blog\/wp-json\/wp\/v2\/pages\/141670\/revisions\/141678"}],"up":[{"embeddable":true,"href":"https:\/\/www.freiburg-schwarzwald.de\/blog\/wp-json\/wp\/v2\/pages\/44536"}],"wp:attachment":[{"href":"https:\/\/www.freiburg-schwarzwald.de\/blog\/wp-json\/wp\/v2\/media?parent=141670"}],"curies":[{"name":"wp","href":"https:\/\/api.w.org\/{rel}","templated":true}]}}