{"id":141557,"date":"2025-11-15T18:40:37","date_gmt":"2025-11-15T17:40:37","guid":{"rendered":"https:\/\/www.freiburg-schwarzwald.de\/blog\/?page_id=141557"},"modified":"2026-05-06T07:22:09","modified_gmt":"2026-05-06T05:22:09","slug":"klima-wahrheit","status":"publish","type":"page","link":"https:\/\/www.freiburg-schwarzwald.de\/blog\/klima-wahrheit\/","title":{"rendered":"Klima-Wahrheit"},"content":{"rendered":"<p>Home &gt;<a title=\"Natur\" href=\"https:\/\/www.freiburg-schwarzwald.de\/blog\/natur\/\">Natur<\/a>\u00a0&gt;<a title=\"Klima\" href=\"https:\/\/www.freiburg-schwarzwald.de\/blog\/natur\/klima\/\">Klima<\/a>\u00a0&gt;<a title=\"Klimawandel\" href=\"https:\/\/www.freiburg-schwarzwald.de\/blog\/natur\/klima\/klimawandel\/\">Klimawandel<\/a> &gt;<a href=\"https:\/\/www.freiburg-schwarzwald.de\/blog\/natur\/klima\/klima-mythen\/\">Klima-Mythen<\/a> &gt;<a href=\"https:\/\/www.freiburg-schwarzwald.de\/blog\/natur\/klima\/klima-angst\/\">Klima-Angst<\/a> &gt;Klima-Wahrheit<\/p>\n<div id=\"attachment_141245\" style=\"width: 650px\" class=\"wp-caption alignnone\"><a href=\"https:\/\/www.freiburg-schwarzwald.de\/blog\/wp-content\/uploads\/2025\/11\/esskastanie-herbst-pan251031.jpg\"><img loading=\"lazy\" decoding=\"async\" aria-describedby=\"caption-attachment-141245\" class=\"size-full wp-image-141245\" src=\"https:\/\/www.freiburg-schwarzwald.de\/blog\/wp-content\/uploads\/2025\/11\/esskastanie-herbst-pan251031.jpg\" alt=\"\" width=\"640\" height=\"372\" srcset=\"https:\/\/www.freiburg-schwarzwald.de\/blog\/wp-content\/uploads\/2025\/11\/esskastanie-herbst-pan251031.jpg 640w, https:\/\/www.freiburg-schwarzwald.de\/blog\/wp-content\/uploads\/2025\/11\/esskastanie-herbst-pan251031-180x105.jpg 180w\" sizes=\"auto, (max-width: 640px) 100vw, 640px\" \/><\/a><p id=\"caption-attachment-141245\" class=\"wp-caption-text\">Herbstabend am 31.10.2025: Der Esskastanienbaum hat kaum noch Bl\u00e4tter<\/p><\/div>\n<ul>\n<li><em>Listenauswahl eines Beitrags (Artikel\/Datum, Seite\/Inhalt):<span style=\"text-decoration: underline;\"> Klicken<\/span> oder scrollen<\/em><\/li>\n<li><a href=\"https:\/\/www.freiburg-schwarzwald.de\/blog\/natur\/klima\/klimabewegung-ende\/\">IPCC streicht Klima-Katastrophenszenario: Die gro\u00dfe Alarmmaschine verliert ihr Lieblingsinstrument<\/a>\u00a0(4.5.2026)<\/li>\n<li><a href=\"https:\/\/www.freiburg-schwarzwald.de\/blog\/gutes-waldjahr-2025-mit-regen\/\">Gutes Waldjahr 2025 mit Regen<\/a>\u00a0(29.1.2026)<\/li>\n<li><strong><a href=\"https:\/\/www.freiburg-schwarzwald.de\/blog\/sonne-wandelt-klima-nicht-co2\/\">Sonne wandelt Klima, nicht CO2<\/a>\u00a0(11.1.2026)<\/strong><\/li>\n<li>Fritz Vahrenholt: Der Flop von Belem (16.11.2025)<\/li>\n<li><a href=\"https:\/\/www.freiburg-schwarzwald.de\/blog\/natur\/klima\/klimabewegung-ende\/\">Fritz Vahrenholt: Klimakonferenz in Bel\u00e9m \u2013 Deutschlands Geisterfahrt<\/a> (14.11.2025)<\/li>\n<li>Werner Huber: Klima-Wahrheit (14.11.2025)<\/li>\n<li><\/li>\n<li><a href=\"https:\/\/www.freiburg-schwarzwald.de\/blog\/natur\/klima\/klimabewegung-ende\/\">Klimabewegung-Ende<\/a><\/li>\n<li><a href=\"https:\/\/www.freiburg-schwarzwald.de\/blog\/natur\/klima\/klimaskeptiker\/\">Klimaskeptiker<\/a><\/li>\n<\/ul>\n<p>&nbsp;<\/p>\n<p><strong>Fritz Vahrenholt: Der Flop von Belem<\/strong><br \/>\nNoch ist die 30. Weltklimakonferenz in Belem nicht zu Ende, aber es wird schon jetzt erkennbar, dass die als \u201eKonferenz der Wahrheit\u201c angek\u00fcndigte Veranstaltung als Kipppunkt in die Geschichte der Klimakonferenzen eingehen wird. Kein Staatschef der vier gr\u00f6\u00dften CO2-emittierenden Nationen China ( 33 %) USA (12 %) Indien (8 %) und Russland (5 %) lassen sich in Belem sehen. Schon vor der Konferenz titelte die New York Times: \u201eDie ganze Welt hat genug von der Klimapolitik.\u201c <a href=\"https:\/\/www.nytimes.com\/2025\/09\/16\/magazine\/climate-politics-us-world-paris-agreement.html\">https:\/\/www.nytimes.com\/2025\/09\/16\/magazine\/climate-politics-us-world-paris-agreement.html<\/a> Und dass gerade Bill Gates, einer der gr\u00f6\u00dften Unterst\u00fctzer und Sponsoren der Klimapolitik, ausgerechnet 14 Tage vor der Konferenz vor einer \u00fcberzogenen, kurzsichtigen Klimapolitik warnte und den Wohlstand in den Mittelpunkt der Klimastrategie <a href=\"https:\/\/www.nytimes.com\/2025\/09\/16\/magazine\/climate-politics-us-world-paris-agreement.html\">https:\/\/www.nytimes.com\/2025\/09\/16\/magazine\/climate-politics-us-world-paris-agreement.html<\/a> stellte, war ein Paukenschlag.<\/p>\n<p>Glenn Beck, prominenter amerikanischer Fernsehmoderator, erkl\u00e4rt den Sinneswandel von Bill Gates : \u201eEs geht nicht um Wissenschaft, es geht um Trump.\u201c <a href=\"https:\/\/www.youtube.com\/watch?v=h-seU7D1Utg\">https:\/\/www.youtube.com\/watch?v=h-seU7D1Utg<\/a> Anders ausgedr\u00fcckt: es geht nicht um \u00dcberzeugung, es geht um Schadensbegrenzung f\u00fcr das eigene Unternehmen, das milliardenschwere Investitionen in Rechenzentren in den USA und der Welt plant. Und die werden nach Lage der Dinge kurzfristig auf Strom aus neuen Gaskraftwerken zur\u00fcckgreifen m\u00fcssen, denn die Reaktivierung alter Kernkraftwerke wird nicht ausreichen und der Bau neuer Kernkraftwerke wird in den USA noch einige Jahre ben\u00f6tigen.<br \/>\n&#8230;<br \/>\nNur Europa h\u00e4lt unersch\u00fctterlich fest am Ziel, in 2050 Netto Null CO2 auszusto\u00dfen. Deutschland, das industrielle Herz Europas, ist noch ehrgeiziger und ist nach Axel Bojanowski<br \/>\n\u201edamit \u201ePrimus\u201c <a href=\"https:\/\/archive.is\/ZJRbJ\">https:\/\/archive.is\/ZJRbJ<\/a> unter Industriel\u00e4ndern: Es will bis 2045 klimaneutral sein \u2013 ein selbstzerst\u00f6rerischer Plan: Deutschlands Reduzierung wird durch steigende Emissionen in anderen EU-L\u00e4ndern zwangsl\u00e4ufig kompensiert. Denn der europ\u00e4ische Emissionshandel sorgt daf\u00fcr, dass Emissionsrechte, die in Deutschland nicht genutzt werden, in anderen EU-L\u00e4ndern verbraten werden. Es wird immer deutlicher, was das \u201eWall Street Journal\u201c meinte, als es Deutschlands Energiepolitik als die \u201ed\u00fcmmste der Welt\u201c bezeichnete.&#8220;<br \/>\n&#8230; Alles vom 16.11.2025 von Fritz Vahrenholt bitte lesen auf<br \/>\n<a href=\"https:\/\/klimanachrichten.de\/2025\/11\/16\/fritz-vahrenholt-der-flop-von-belem\/\">https:\/\/klimanachrichten.de\/2025\/11\/16\/fritz-vahrenholt-der-flop-von-belem\/<\/a><\/p>\n<p>&nbsp;<\/p>\n<p><strong>Werner Huber: Klima-Wahrheit<\/strong><br \/>\n<strong>Naturph\u00e4nomen oder Propaganda-Show<\/strong><br \/>\n<em>Der Physiker Werner Huber versucht, eine \u00dcbersicht in der mit vielen Verdikten behafteten Thematik \u00fcber Tatsachen und Folgen des Klimawandels zu geben<\/em><br \/>\n<em>Vera Lengsfeld<\/em><\/p>\n<p>Seit fast drei Jahrzehnten wird der Westen mit einer beispiellosen Klimapropaganda \u00fcberzogen. Angeblich w\u00fcrde menschengemachtes CO2-\u201eKlimagift\u201c den Planeten so aufheizen, da\u00df es zur \u201eSelbstverbrennung\u201c (so Joachim Schellnhuber, der Klimaberater von Ex-Kanzlerin Angela Merkel) k\u00e4me, wenn die Politik nicht weltweit Schritte untern\u00e4hme, um die Erw\u00e4rmung auf 1,5 Grad zu begrenzen. Wer Zweifel anmeldet, weil er noch eine solide naturwissenschaftliche Grundbildung genossen hat, wird zum \u201eKlimaleugner\u201c erkl\u00e4rt und aus der Gemeinschaft der Rechtgl\u00e4ubigen ausgesto\u00dfen. Das geht so weit, da\u00df mit diesem Etikett selbst Nobelpreistr\u00e4ger belegt werden und zwar von Leuten, die f\u00fcr die CO2-freie Gesellschaft k\u00e4mpfen, weil sie nicht einmal wissen, da\u00df CO2 ein unverzichtbares Pflanzenwachstums-Mittel ist. So setzten holl\u00e4ndische Gem\u00fcsebauern CO2 in ihren Gew\u00e4chsh\u00e4usern ein, um ihre Ernten zu vergr\u00f6\u00dfern.<\/p>\n<p>Zahlung f\u00fcr CO2-Emissionen als moderne Form des Abla\u00dfhandels<br \/>\nF\u00fcr die Untergangspropheten ist CO2 eine sprudelnde Geldquelle, weil ein Preis festgesetzt wurde, den Unternehmen f\u00fcr CO2-Emissionen zahlen m\u00fcssen. Das ist eine moderne Form des von der Kirche erfundenen Abla\u00dfhandels, von M\u00f6nch Johann Tetzel, der es darin zur Meisterschaft gebracht hat: \u201eWenn das Geld im Kasten klingt, die Seele in den Himmel springt.\u201c<br \/>\nAngeblich g\u00e4be es eine neunzigprozentige Einigkeit unter den Wissenschaftlern weltweit, da\u00df der Klimawandel menschengemacht sei. Das ist nat\u00fcrlich auch nur Propaganda, denn es gibt jede Menge seri\u00f6se, unabh\u00e4ngige Wissenschaftler, die das Gegenteil nachweisen. Die werden aber von den meinungsmachenden Medien kaum ber\u00fccksichtigt. Das Thema ist eben komplex. \u00dcbersicht \u00fcber die Pros und Contras in bezug auf anthropogene Verursacher der steigenden Temperaturen zu behalten, ist schwer m\u00f6glich. Noch schwerer ist es, in der erhitzten Debatte einen k\u00fchlen Kopf zu bewahren. Beides ist dem promovierten Physiker Werner Huber in seinem neuesten Buch gelungen. Er gibt einen hervorragend recherchierten \u00dcberblick \u00fcber den ewigen Klimawandel, den es schon vor Erscheinen des ersten Menschen gegeben hat, \u00fcber die Geschichtsmacht und die Klima- und Energiezukunft. Dabei gelingt es dem Autor, die wissenschaftlichen Fakten so zu pr\u00e4sentieren, da\u00df es ein reines Lesevergn\u00fcgen ist.<\/p>\n<p>Das Buch beginnt mit einem Abri\u00df, wie der Klimawandel die Entwicklung der Menschheit beeinflu\u00dft hat. Wir konnten \u00d6tzi nur kennenlernen, weil er am Ende einer extremen Warmperiode ohne menschengemachtes CO2, die \u00d6tztaler Alpen \u00fcberquerte, als er in der Todeszone der Dreitausender ermordet wurde. Er wurde im September 1991 b\u00e4uchlings auf dem nackten Felsen liegend gefunden \u2013 in 3.210 Meter H\u00f6he. Nach seinem Tod setzte Schneefall und Gletscherbildung ein, die ihn gesch\u00e4tzte 5.300 Jahre konservierte. Auch Hannibals spektakul\u00e4re Alpen\u00fcberquerung mit Elefanten war nur m\u00f6glich, weil die weitgehend eisfrei waren.<\/p>\n<p>In den spannenden Eingangskapiteln erinnert Huber daran, da\u00df es die Kaltzeiten waren, die der Menschheit mit Hunger, gr\u00f6\u00dfter Not und Kriegen zu schaffen machten. In den Warmzeiten bl\u00fchten die Menschen auf und entwickelten hohe Zivilisationen. In der mittelalterlichen Warmzeit entstanden Tausende Kirchen und Siedlungen, die bis heute bestehen, sofern sie die W\u00fcstungen des 14. und 15. Jahrhundert oder den Drei\u00dfigj\u00e4hrigen Krieg \u00fcberstanden haben, die w\u00e4hrend der \u201ekleinen Eiszeit\u201c zwischen 1350 und 1850 stattfanden.<\/p>\n<p>Ich bin alt genug, um mich genau an die Angst vor einer neuen Eiszeit, die in den 1960er und 1970er Jahren herrschte, zu erinnern. \u201eWann wird es wieder einmal Sommer?\u201c sang man damals aus vollem Herzen. In den achtziger Jahren macht diese Furcht dann der Angst vor der Erderw\u00e4rmung Platz. Die Schlagzeilen wurden beherrscht von \u201eOzon-Loch\u201c, \u201ePol-Schmelze\u201c, \u201eTreibhaus-Effekt\u201c, \u201eKlimakatastrophe\u201c. Der Spiegel erschien 1986 mit einem Titelbild, das den K\u00f6lner Dom zu zwei Dritteln in Wassermassen versunken zeigt. Die Klimaerw\u00e4rmungspropaganda, die uns bis heute begleitet, nahm Fahrt auf.<\/p>\n<p>Wie konnte es dazu kommen? Huber wirft daf\u00fcr einen Blick hinter die Kulissen. Er belegt eine kleine Versammlung im Pilot House in Key Largo, wo 28 Teilnehmer aus Politik, Medien und Wirtschaft den angenommenen Treibhaus-Effekt diskutierten. Dann kommt die entscheidende Frage: \u201eWhy don\u2019t we convert climate change into a business attraction?\u201c Egal, ob das genauso stattgefunden hat, fest steht, da\u00df in den folgenden Jahren genau das geschieht. Der Kampf gegen die angebliche Erderw\u00e4rmung wird ein Billionen-Gesch\u00e4ft, das die Steuerzahler aller beteiligten L\u00e4nder finanzieren m\u00fcssen. Dazu war es n\u00f6tig, den Menschen einzureden, da\u00df das Klima politischen Beschl\u00fcssen folgen w\u00fcrde \u2013 ein voraufkl\u00e4rerischer Aberglaube.<\/p>\n<p>Der Bev\u00f6lkerung werden alle m\u00f6glichen Zumutungen auferlegt<br \/>\nHuber untersucht die Argumente pro und contra menschengemachter Klimawandel sehr genau und mit gebotener wissenschaftlicher Zur\u00fcckhaltung. Wie es gelingen konnte, den gewaltigsten Klimamotor Sonne aus dem Fokus der \u00d6ffentlichkeit zu r\u00fccken und durch die Legende vom menschengemachten Klimawandel zu ersetzten, ist eine propagandistische Meisterleistung \u2013 allerdings eine, die beunruhigt. Offenbar kann man zu viele Menschen auch die absurdesten Dinge glauben machen, wenn man sie nur oft genug wiederholt.<br \/>\nWir befinden uns jetzt in einer Phase, da die katastrophalen Folgen des Kampfes gegen den anthropogenen Klimawandel immer sichtbarer werden. Das hindert die Klima-Ideologen nicht daran, eisern an ihrem Irrglauben, der ihnen m\u00e4rchenhafte Eink\u00fcnfte bringt, festzuhalten. In Deutschland wird die Landschaft gro\u00dffl\u00e4chig durch immer h\u00f6here Windr\u00e4der zerst\u00f6rt.<br \/>\nJetzt werden sie sogar in W\u00e4ldern, die nat\u00fcrliche CO2-Senken sind, errichtet, was eine gro\u00dffl\u00e4chige Abholzung, eine Bodenverdichtung durch Baufahrzeuge und eine Erw\u00e4rmung des nackten Erdbodens zur Folge hat. Der legend\u00e4re Reinhardswald, bekannt aus den Werken der Gebr\u00fcder Grimm, ist zum Opfer des Klimawahns geworden. Noch-Wirtschaftsminister Habeck, von Umweltsch\u00fctzern gefragt, wie er das verantworten k\u00f6nne, antwortete flapsig, der Wald w\u00e4re wegen des Borkenk\u00e4fers sowieso im Eimer. Wobei man daran erinnern mu\u00df, da\u00df es die Gr\u00fcnen mit ihrem Verbot, Totholz, auch vom Borkenk\u00e4fer befallenes, aus dem Wald zu entfernen, um neue \u201eWaldwildnisse\u201c zu schaffen, regelrechte Borkenk\u00e4fer-Brutst\u00e4tten geschaffen haben. Die sch\u00e4dlichen Folgen des Windkraftausbaus, wie Zerschreddern von V\u00f6geln, Insekten und Flederm\u00e4usen, Infraschall, der auch Menschen sch\u00e4digt, Abrieb des Kunststoffes an den Rotorfl\u00fcgeln, der Boden und besonders Meere verseucht, werden der \u00d6ffentlichkeit verschwiegen oder mindestens beschwichtigt.<br \/>\nAber nicht nur die Umwelt ist aktiv bedroht, auch unsere Freiheit. Inzwischen ist das Ziel, da\u00df Deutschland bis 2045 \u201eklimaneutral\u201c sein soll, in der Verfassung festgeschrieben worden. Um dieses Ziel zu erreichen, m\u00fcssen alle anderen Belange zur\u00fcckstehen. Jeder kann wissen, da\u00df dieses Vorhaben unbezahlbar ist. Aber das wird die Bef\u00fcrworter nicht davon abhalten, der Bev\u00f6lkerung alle Zumutungen, selbst extreme Verarmung, aufzuerlegen.<\/p>\n<p>Hubers Buch ist ein Appell, diesen Irrweg nicht mitzugehen. Er liefert alle n\u00f6tigen Argumente f\u00fcr die n\u00f6tige Auseinandersetzung. Deshalb sollte sein Buch gr\u00f6\u00dftm\u00f6gliche Verbreitung finden.<br \/>\n&#8230; Alles vom 14.11.2025 von Vera Lengsfeld bitte lesen in der JF 47\/25, Seite 21<\/p>\n<p><em>Werner Huber: Klima-Wahrheit. <\/em><br \/>\n<em>Ewiger Wandel, Geschichtsmacht, Klimastreit, Klima- und Energiezukunft. <\/em><br \/>\n<em>Gerhard Hess Verlag, Uhingen 2025, broschiert, 300 Seiten, 22,80 Euro<\/em><\/p>\n","protected":false},"excerpt":{"rendered":"<p>Home &gt;Natur\u00a0&gt;Klima\u00a0&gt;Klimawandel &gt;Klima-Mythen &gt;Klima-Angst &gt;Klima-Wahrheit Listenauswahl eines Beitrags (Artikel\/Datum, Seite\/Inhalt): Klicken oder scrollen IPCC streicht Klima-Katastrophenszenario: Die gro\u00dfe Alarmmaschine verliert ihr Lieblingsinstrument\u00a0(4.5.2026) Gutes Waldjahr 2025 mit Regen\u00a0(29.1.2026) Sonne wandelt Klima, nicht CO2\u00a0(11.1.2026) Fritz Vahrenholt: Der Flop von Belem (16.11.2025) Fritz &hellip; <a href=\"https:\/\/www.freiburg-schwarzwald.de\/blog\/klima-wahrheit\/\">Weiterlesen <span class=\"meta-nav\">&rarr;<\/span><\/a><\/p>\n","protected":false},"author":2,"featured_media":0,"parent":0,"menu_order":0,"comment_status":"closed","ping_status":"closed","template":"","meta":{"footnotes":""},"class_list":["post-141557","page","type-page","status-publish","hentry"],"_links":{"self":[{"href":"https:\/\/www.freiburg-schwarzwald.de\/blog\/wp-json\/wp\/v2\/pages\/141557","targetHints":{"allow":["GET"]}}],"collection":[{"href":"https:\/\/www.freiburg-schwarzwald.de\/blog\/wp-json\/wp\/v2\/pages"}],"about":[{"href":"https:\/\/www.freiburg-schwarzwald.de\/blog\/wp-json\/wp\/v2\/types\/page"}],"author":[{"embeddable":true,"href":"https:\/\/www.freiburg-schwarzwald.de\/blog\/wp-json\/wp\/v2\/users\/2"}],"replies":[{"embeddable":true,"href":"https:\/\/www.freiburg-schwarzwald.de\/blog\/wp-json\/wp\/v2\/comments?post=141557"}],"version-history":[{"count":5,"href":"https:\/\/www.freiburg-schwarzwald.de\/blog\/wp-json\/wp\/v2\/pages\/141557\/revisions"}],"predecessor-version":[{"id":148730,"href":"https:\/\/www.freiburg-schwarzwald.de\/blog\/wp-json\/wp\/v2\/pages\/141557\/revisions\/148730"}],"wp:attachment":[{"href":"https:\/\/www.freiburg-schwarzwald.de\/blog\/wp-json\/wp\/v2\/media?parent=141557"}],"curies":[{"name":"wp","href":"https:\/\/api.w.org\/{rel}","templated":true}]}}