{"id":140988,"date":"2025-11-01T20:41:38","date_gmt":"2025-11-01T19:41:38","guid":{"rendered":"https:\/\/www.freiburg-schwarzwald.de\/blog\/?page_id=140988"},"modified":"2026-01-16T18:43:40","modified_gmt":"2026-01-16T17:43:40","slug":"rap","status":"publish","type":"page","link":"https:\/\/www.freiburg-schwarzwald.de\/blog\/kultur\/musik\/rap\/","title":{"rendered":"Rap"},"content":{"rendered":"<p>Home &gt;<a title=\"Kultur\" href=\"https:\/\/www.freiburg-schwarzwald.de\/blog\/kultur\/\">Kultur<\/a>\u00a0&gt;<a title=\"Musik\" href=\"https:\/\/www.freiburg-schwarzwald.de\/blog\/kultur\/musik\/\">Musik<\/a>\u00a0&gt;<a title=\"Liedermacher\" href=\"https:\/\/www.freiburg-schwarzwald.de\/blog\/kultur\/dichter\/liedermacher\/\">Liedermacher<\/a> &gt;<a href=\"https:\/\/www.freiburg-schwarzwald.de\/blog\/kultur\/dichter\/liedermacher\/lied\/\">Lied<\/a>\u00a0 &gt;<a href=\"https:\/\/www.freiburg-schwarzwald.de\/blog\/selbsthilfe\/jugend\/jugend-protest\/\">Jugend-Protest<\/a> &gt;Rap<\/p>\n<div id=\"attachment_132051\" style=\"width: 650px\" class=\"wp-caption alignnone\"><a href=\"https:\/\/www.freiburg-schwarzwald.de\/blog\/wp-content\/uploads\/2025\/03\/Globalismus-NWO-WEF2025-green-marx-pan.jpg\"><img loading=\"lazy\" decoding=\"async\" aria-describedby=\"caption-attachment-132051\" class=\"size-full wp-image-132051\" src=\"https:\/\/www.freiburg-schwarzwald.de\/blog\/wp-content\/uploads\/2025\/03\/Globalismus-NWO-WEF2025-green-marx-pan.jpg\" alt=\"\" width=\"640\" height=\"433\" srcset=\"https:\/\/www.freiburg-schwarzwald.de\/blog\/wp-content\/uploads\/2025\/03\/Globalismus-NWO-WEF2025-green-marx-pan.jpg 640w, https:\/\/www.freiburg-schwarzwald.de\/blog\/wp-content\/uploads\/2025\/03\/Globalismus-NWO-WEF2025-green-marx-pan-180x122.jpg 180w\" sizes=\"auto, (max-width: 640px) 100vw, 640px\" \/><\/a><p id=\"caption-attachment-132051\" class=\"wp-caption-text\">Globalismus &#8211; WEF &#8211; Marx &#8211; Sozialismus &#8211; Green &#8211; &#8230;<\/p><\/div>\n<p>&nbsp;<\/p>\n<ul>\n<li><em>Listenauswahl eines Beitrags (Artikel\/Datum, Seite\/Inhalt):\u00a0<span style=\"text-decoration: underline;\">Klicken<\/span>\u00a0oder scrollen<\/em><\/li>\n<li><a href=\"https:\/\/www.freiburg-schwarzwald.de\/blog\/religion\/oekumene\/glaubensbewegungen\/\">Christlicher Rap in Zeiten des Niedergangs \u2013 Einfach mal machen<\/a>\u00a0(1.1.2026)<\/li>\n<li>Gerappte Ha\u00dfges\u00e4nge gegen Polizisten, Juden, Frauen (31.10.2025)<\/li>\n<\/ul>\n<p>&nbsp;<\/p>\n<p><strong>Gerappte Ha\u00dfges\u00e4nge gegen Polizisten, Juden, Frauen<\/strong><br \/>\n<strong>Glorifizierung des rei\u00dfenden Tiers<\/strong><\/p>\n<p>Rap ist mit Abstand die beliebteste Musikrichtung unter Heranwachsenden. Kein anderes Genre der Sub-Kultur pr\u00e4ge junge Deutsche so stark wie Rap. Dessen die demokratische Kultur zerst\u00f6rendes Potential ignoriert jedoch eine hysterische \u201eZivilgesellschaft\u201c geflissentlich, die sich in Endlosschleife \u00fcber \u201eHa\u00df, Hetze, Spaltung\u201c emp\u00f6rt \u2013 obwohl Millionen Menschen, wie der Historiker Johannes Geck (Institut f\u00fcr Zeitgeschichte Berlin-M\u00fcnchen) beklagt, ihren Alltag mit \u201emaskulinistischen und biologistischen Botschaften im Ohr\u201c zubringen.<br \/>\nDer Staat mit seinen uniformierten Vertretern sei das beliebteste Feindbild dieses vielstimmigen, mit einigen rechten und zahllosen linken und islam-migrantischen Produzenten best\u00fcckten \u201eEnsembles des Antiliberalismus\u201c. Extreme Gewaltphantasien tobten sich im Sprechgesang pr\u00e4gender Szenefiguren wie dem Rapper \u201eHaftbefehl\u201c (Aykut Anhan), aus, wenn er zur Ermordung von \u201eBull\u2019n\u201c ermuntert: \u201eNeun Millimeter direkt durch die Schl\u00e4fe, da habt ihr, was ihr wollt\u201c.<\/p>\n<p>Im \u201eDenkstil des Widerstands\u201c verbreiten sich auch andere, aus dem links-migrantischen Milieu stammende, die Entmenschlichung feiernde Ha\u00dfges\u00e4nge. Diese richten sich nicht erst seit dem <a href=\"https:\/\/www.freiburg-schwarzwald.de\/blog\/global\/israel\/israel7-10-2023\/\">7. Oktober 2023<\/a> auch gegen Juden und Israel: \u201eRothschild-Theorie: jetzt wird ermordet\u201c ist eine millionenfach \u00fcber Spotify abgespielte Gewaltansage von \u201eHaftbefehl\u201c. Neben Polizisten und Juden sind Frauen Zielscheiben solcher \u201eErm\u00e4chtigungsmusik\u201c voller \u201eAllmachts- und Verf\u00fcgungsphantasien\u201c. Die den Menschen als jenes \u201erei\u00dfende Tier\u201c glorifizieren, vor dessen Freilassung Jacob Burckhardt stets gewarnt habe (Bl\u00e4tter f\u00fcr deutsche und internationale Politik, 10\/2025). (wm) <a href=\"https:\/\/www.blaetter.de\">https:\/\/www.blaetter.de<\/a><br \/>\n&#8230; Alles vom 31.10.2025 bitte lesen in der JF 45\/25, Seite 13<\/p>\n","protected":false},"excerpt":{"rendered":"<p>Home &gt;Kultur\u00a0&gt;Musik\u00a0&gt;Liedermacher &gt;Lied\u00a0 &gt;Jugend-Protest &gt;Rap &nbsp; Listenauswahl eines Beitrags (Artikel\/Datum, Seite\/Inhalt):\u00a0Klicken\u00a0oder scrollen Christlicher Rap in Zeiten des Niedergangs \u2013 Einfach mal machen\u00a0(1.1.2026) Gerappte Ha\u00dfges\u00e4nge gegen Polizisten, Juden, Frauen (31.10.2025) &nbsp; Gerappte Ha\u00dfges\u00e4nge gegen Polizisten, Juden, Frauen Glorifizierung des rei\u00dfenden Tiers &hellip; <a href=\"https:\/\/www.freiburg-schwarzwald.de\/blog\/kultur\/musik\/rap\/\">Weiterlesen <span class=\"meta-nav\">&rarr;<\/span><\/a><\/p>\n","protected":false},"author":2,"featured_media":0,"parent":1269,"menu_order":0,"comment_status":"closed","ping_status":"closed","template":"","meta":{"footnotes":""},"class_list":["post-140988","page","type-page","status-publish","hentry"],"_links":{"self":[{"href":"https:\/\/www.freiburg-schwarzwald.de\/blog\/wp-json\/wp\/v2\/pages\/140988","targetHints":{"allow":["GET"]}}],"collection":[{"href":"https:\/\/www.freiburg-schwarzwald.de\/blog\/wp-json\/wp\/v2\/pages"}],"about":[{"href":"https:\/\/www.freiburg-schwarzwald.de\/blog\/wp-json\/wp\/v2\/types\/page"}],"author":[{"embeddable":true,"href":"https:\/\/www.freiburg-schwarzwald.de\/blog\/wp-json\/wp\/v2\/users\/2"}],"replies":[{"embeddable":true,"href":"https:\/\/www.freiburg-schwarzwald.de\/blog\/wp-json\/wp\/v2\/comments?post=140988"}],"version-history":[{"count":5,"href":"https:\/\/www.freiburg-schwarzwald.de\/blog\/wp-json\/wp\/v2\/pages\/140988\/revisions"}],"predecessor-version":[{"id":144328,"href":"https:\/\/www.freiburg-schwarzwald.de\/blog\/wp-json\/wp\/v2\/pages\/140988\/revisions\/144328"}],"up":[{"embeddable":true,"href":"https:\/\/www.freiburg-schwarzwald.de\/blog\/wp-json\/wp\/v2\/pages\/1269"}],"wp:attachment":[{"href":"https:\/\/www.freiburg-schwarzwald.de\/blog\/wp-json\/wp\/v2\/media?parent=140988"}],"curies":[{"name":"wp","href":"https:\/\/api.w.org\/{rel}","templated":true}]}}