{"id":14070,"date":"2012-10-30T08:03:11","date_gmt":"2012-10-30T07:03:11","guid":{"rendered":"https:\/\/www.freiburg-schwarzwald.de\/blog\/?page_id=14070"},"modified":"2019-04-05T09:50:15","modified_gmt":"2019-04-05T07:50:15","slug":"narzissten","status":"publish","type":"page","link":"https:\/\/www.freiburg-schwarzwald.de\/blog\/selbsthilfe\/psyche\/narzissten\/","title":{"rendered":"Narzissten"},"content":{"rendered":"<p>Home &gt;<a title=\"Selbsthilfe\" href=\"https:\/\/www.freiburg-schwarzwald.de\/blog\/selbsthilfe\/\">Selbsthilfe<\/a> &gt;<a title=\"Psyche\" href=\"https:\/\/www.freiburg-schwarzwald.de\/blog\/selbsthilfe\/psyche\/\">Psyche<\/a> &gt;Narzissten<\/p>\n<div id=\"attachment_14077\" style=\"width: 650px\" class=\"wp-caption alignnone\"><a href=\"https:\/\/www.freiburg-schwarzwald.de\/blog\/selbsthilfe\/psyche\/narzissten\/schauinsland27nebel-buche-rind-pan121025\/\" rel=\"attachment wp-att-14077\"><img loading=\"lazy\" decoding=\"async\" aria-describedby=\"caption-attachment-14077\" class=\"size-full wp-image-14077\" title=\"schauinsland27nebel-buche-rind-pan121025\" src=\"https:\/\/www.freiburg-schwarzwald.de\/blog\/wp-content\/uploads\/2012\/10\/schauinsland27nebel-buche-rind-pan121025.jpg\" alt=\"\" width=\"640\" height=\"202\" srcset=\"https:\/\/www.freiburg-schwarzwald.de\/blog\/wp-content\/uploads\/2012\/10\/schauinsland27nebel-buche-rind-pan121025.jpg 640w, https:\/\/www.freiburg-schwarzwald.de\/blog\/wp-content\/uploads\/2012\/10\/schauinsland27nebel-buche-rind-pan121025-180x56.jpg 180w\" sizes=\"auto, (max-width: 640px) 100vw, 640px\" \/><\/a><p id=\"caption-attachment-14077\" class=\"wp-caption-text\">Blick vom Schauinsland nach S\u00fcden zum Rheintal-Nebel am 25.10.2012<\/p><\/div>\n<ul>\n<li><a title=\"Liebe\" href=\"https:\/\/www.freiburg-schwarzwald.de\/blog\/selbsthilfe\/psyche\/liebe\/\">\u00a0Liebe<\/a><\/li>\n<\/ul>\n<p>&nbsp;<\/p>\n<p><strong>Narzissten suchen die Distanz und sind als Partner wenig zuverl\u00e4ssig<\/strong><\/p>\n<p>Einige M\u00e4nner brauchten den Seitensprung, um ihr angeschlagenes Selbstwertgef\u00fchl zu kompensieren. Der Anlass der Untreue ist dann oft eher pers\u00f6nliche Krise als ungl\u00fcckliche Beziehung. Andere verlassen die Freundin f\u00fcr einen selbst. Als Narz\u00edsst sind sie auf sich selbst fixiert und mehr oder wenig bindungsunf\u00e4hig.<br \/>\nViel Narzissten leben als<a title=\"Single\" href=\"https:\/\/www.freiburg-schwarzwald.de\/blog\/selbsthilfe\/single\/\"> Single<\/a>. Die Selbstverliebtheit verdr\u00e4ngt die <a title=\"Einsamkeit\" href=\"https:\/\/www.freiburg-schwarzwald.de\/blog\/selbsthilfe\/chronisch\/einsamkeit\/\">Einsamkeit<\/a>.<br \/>\nEin Mann, der gro\u00dfe Angst vor N\u00e4he hat, hat oftmals\u00a0in der Kindheit eine Trennungserfahrung gemacht, die er\u00a0nie verwunden hat. Auch deshalb empfindet er Liebe\u00a0als Abh\u00e4ngigkeit. Er gilt als unzuverl\u00e4ssiger Partner und wird langfristig\u00a0immer wieder auf Distanz zur Partnerin gehen, indem er Kontakt zu anderen Frauen aufnimmt. So kann er seine Bindungsunf\u00e4higkeit auch vertuschen.<br \/>\nPsychologen sagen: &#8222;Hinter einem Narzissten l\u00e4uft man immer her. Er meldet sich nie. Er spricht vornehmlich nur \u00fcber sich&#8220;. Da ein Narzisst schlecht eine Bindung herstellen kann, vermeidet er N\u00e4he. Er schmiedet keine gemeinsamen Pl\u00e4ne und stellt die Freundin kaum der eigenen Familie und Verwandschaft vor.<\/p>\n<p>&nbsp;<\/p>\n<p>&nbsp;<\/p>\n<p><strong>Narzissmus und Borderline<\/strong><\/p>\n<p>Die Borderline-Pers\u00f6nlichkeitsst\u00f6rung (kurz BPS) zeigt sich in einer \u00fcberm\u00e4chtigen\u00a0Impulsivit\u00e4t und Instabilit\u00e4t von Stimungslagen, Partnerbeziehungen und Selbsteinsch\u00e4tzung. Borderline f\u00fcr Grenzlinie &#8211; die Linie wird immer und immer \u00fcberschritten bzw. existiert nicht bzw. wird nicht gefunden.<br \/>\nBorderliner halten sich f\u00fcr unattraktiv, wenig gesch\u00e4tzt und so gar nicht liebenswert. Sie haben Angst vor Abweisung und Verlassenwerden und suchen gerade deshalb den Beweis des Gegenteils. Sie suchen Zuflucht in einen Narzissmus, die streben nach\u00a0Aufmerksamkeit, die ihnen Liebe und Geborgenheit ersetzen soll. Von zwei K\u00fcnstlern mit dem gleichen Talent wird\u00a0derjenige die Gunst des Publikums erhalten, der als Narzisst fr\u00fch gelernt hat,\u00a0auf sich aufmerksam zu machen. Kaum ein K\u00fcnstler kann Trauer, Kummer, Leid, Schmerz, Wut und Angst authentischer und &#8222;echter&#8220;\u00a0ausdr\u00fccken als derjenige, der selbst st\u00e4ndig unter diesen Seelenqualen leidet.<br \/>\nBeispiele sind die Lieder der verstorbenen S\u00e4ngerinnen\u00a0Amy Winehouse mit &#8222;Back to Black&#8220; oder\u00a0Whitney Houston mit &#8222;I Will Always Love You&#8220;. Beide zeigten\u00a0Symptome von Borderlinerinnen.<\/p>\n<p>&nbsp;<\/p>\n<p>&nbsp;<\/p>\n<p><strong>Narzissmus als conditio sine qua non von Produktivit\u00e4t<\/strong><\/p>\n<p>Im \u00dcbrigen liest, denkt und schreibt Sloterdijk unabl\u00e4ssig. Sein pr\u00e4gnanter Begriff der &#8222;Themen-Maschine&#8220; ist ein Selbstportr\u00e4t. Sloterdijks Ged\u00e4chtnis, aber auch die alte Tugend des Flei\u00dfes sind enorm. Die Auspr\u00e4gungen der Eitelkeit nicht minder: Die zahlreichen Preise, die Bedeutung und Zahl der Einladungen, die Gr\u00f6\u00dfe der Auditorien werden penibel verzeichnet. Den Vergleich der Notizb\u00fccher mit den &#8222;Cahiers&#8220; von Paul Val\u00e9ry wird man zwar als Fanfarensto\u00df in eigener Sache verstehen m\u00fcssen. Aber was w\u00fcrde in Kreisen wie denen Sloterdijks ohne Eitelkeit gedeihen \u2013 Narzissmus ist die conditio sine qua non dieser Produktivit\u00e4t. &#8230;..<br \/>\nAlles zu &#8222;Die Themen-Maschine: Peter Sloterdijks philosophische Skizzen &#8222;Zeilen und Tage&#8220;&#8220; vom 27.10.2012 bitte lesen auf <a href=\"https:\/\/www.badische-zeitung.de\/literatur-rezensionen\/die-themen-maschine--64979704.html\">https:\/\/www.badische-zeitung.de\/literatur-rezensionen\/die-themen-maschine&#8211;64979704.html<\/a><\/p>\n","protected":false},"excerpt":{"rendered":"<p>Home &gt;Selbsthilfe &gt;Psyche &gt;Narzissten \u00a0Liebe &nbsp; Narzissten suchen die Distanz und sind als Partner wenig zuverl\u00e4ssig Einige M\u00e4nner brauchten den Seitensprung, um ihr angeschlagenes Selbstwertgef\u00fchl zu kompensieren. Der Anlass der Untreue ist dann oft eher pers\u00f6nliche Krise als ungl\u00fcckliche Beziehung. &hellip; <a href=\"https:\/\/www.freiburg-schwarzwald.de\/blog\/selbsthilfe\/psyche\/narzissten\/\">Weiterlesen <span class=\"meta-nav\">&rarr;<\/span><\/a><\/p>\n","protected":false},"author":4,"featured_media":0,"parent":1146,"menu_order":0,"comment_status":"open","ping_status":"closed","template":"","meta":{"footnotes":""},"class_list":["post-14070","page","type-page","status-publish","hentry"],"_links":{"self":[{"href":"https:\/\/www.freiburg-schwarzwald.de\/blog\/wp-json\/wp\/v2\/pages\/14070","targetHints":{"allow":["GET"]}}],"collection":[{"href":"https:\/\/www.freiburg-schwarzwald.de\/blog\/wp-json\/wp\/v2\/pages"}],"about":[{"href":"https:\/\/www.freiburg-schwarzwald.de\/blog\/wp-json\/wp\/v2\/types\/page"}],"author":[{"embeddable":true,"href":"https:\/\/www.freiburg-schwarzwald.de\/blog\/wp-json\/wp\/v2\/users\/4"}],"replies":[{"embeddable":true,"href":"https:\/\/www.freiburg-schwarzwald.de\/blog\/wp-json\/wp\/v2\/comments?post=14070"}],"version-history":[{"count":0,"href":"https:\/\/www.freiburg-schwarzwald.de\/blog\/wp-json\/wp\/v2\/pages\/14070\/revisions"}],"up":[{"embeddable":true,"href":"https:\/\/www.freiburg-schwarzwald.de\/blog\/wp-json\/wp\/v2\/pages\/1146"}],"wp:attachment":[{"href":"https:\/\/www.freiburg-schwarzwald.de\/blog\/wp-json\/wp\/v2\/media?parent=14070"}],"curies":[{"name":"wp","href":"https:\/\/api.w.org\/{rel}","templated":true}]}}