{"id":14036,"date":"2012-10-29T18:00:26","date_gmt":"2012-10-29T17:00:26","guid":{"rendered":"https:\/\/www.freiburg-schwarzwald.de\/blog\/?page_id=14036"},"modified":"2021-10-11T19:49:30","modified_gmt":"2021-10-11T17:49:30","slug":"belchen","status":"publish","type":"page","link":"https:\/\/www.freiburg-schwarzwald.de\/blog\/regio\/berge\/belchen\/","title":{"rendered":"Belchen"},"content":{"rendered":"<p>Home &gt;<a title=\"Regio\" href=\"https:\/\/www.freiburg-schwarzwald.de\/blog\/regio\/\">Regio<\/a> &gt;<a title=\"Berge\" href=\"https:\/\/www.freiburg-schwarzwald.de\/blog\/regio\/berge\/\">Berge<\/a>\u00a0&gt;Belchen<\/p>\n<div id=\"attachment_14038\" style=\"width: 643px\" class=\"wp-caption alignnone\"><a href=\"https:\/\/www.freiburg-schwarzwald.de\/blog\/regio\/berge\/belchen\/schauinsland6belchen-pan121025\/\" rel=\"attachment wp-att-14038\"><img loading=\"lazy\" decoding=\"async\" aria-describedby=\"caption-attachment-14038\" class=\"size-full wp-image-14038\" title=\"schauinsland6belchen-pan121025\" src=\"https:\/\/www.freiburg-schwarzwald.de\/blog\/wp-content\/uploads\/2012\/10\/schauinsland6belchen-pan121025.jpg\" alt=\"\" width=\"633\" height=\"177\" srcset=\"https:\/\/www.freiburg-schwarzwald.de\/blog\/wp-content\/uploads\/2012\/10\/schauinsland6belchen-pan121025.jpg 633w, https:\/\/www.freiburg-schwarzwald.de\/blog\/wp-content\/uploads\/2012\/10\/schauinsland6belchen-pan121025-180x50.jpg 180w\" sizes=\"auto, (max-width: 633px) 100vw, 633px\" \/><\/a><p id=\"caption-attachment-14038\" class=\"wp-caption-text\">Blick vom Schauinsland nach S\u00fcden zu Belchen (links), Blauen (rechts hinten) und Rheintal-Nebel am 25.10.2012 um 10 Uhr<\/p><\/div>\n<ul>\n<li><a href=\"https:\/\/www.freiburg-schwarzwald.de\/blog\/wandern-landkarte-statt-handy\/\">Wandern. Landkarte statt Handy<\/a>\u00a0(11.10.2021)<\/li>\n<li><a href=\"https:\/\/www.freiburg-schwarzwald.de\/blog\/baden-nur-digital-statt-im-see\/\">Baden: Nur digital statt im See?<\/a>\u00a0(23.4.20219<\/li>\n<li><a href=\"https:\/\/www.freiburg-schwarzwald.de\/blog\/mehr-windraeder-im-schwarzwald\/\">Mehr Windr\u00e4der im Schwarzwald<\/a>\u00a0(17.4.2021)<\/li>\n<li><a title=\"Herbstwanderung bei Froehnd\" href=\"https:\/\/www.freiburg-schwarzwald.de\/blog\/herbstwanderung-bei-froehnd\/\">Herbstwanderung bei Fr\u00f6hnd im Hochschwarzwald<\/a>\u00a0(19.10.2020)<\/li>\n<li><a href=\"https:\/\/www.freiburg-schwarzwald.de\/belchen1.htm\">Aktuelle Infos zur Belchen-Seite<\/a> &gt;Belchen1<\/li>\n<li><a href=\"https:\/\/www.freiburg-schwarzwald.de\/aitern.htm\">Aitern &#8211; Der Belchen liegt auf Aitermer Gemarkung<\/a> &gt;Aitern<\/li>\n<li>Den Belchen sieht man von \u00fcberall her<\/li>\n<li>\n<div>Bilder<\/div>\n<\/li>\n<li><a href=\"https:\/\/www.freiburg-schwarzwald.de\/belchen.htm#Belchen-Fotos\">Belchen-Fotos &#8211; Blicke zum Belchen hin (den Kerl sieht man von \u00fcberall)<\/a><\/li>\n<li><a href=\"https:\/\/www.freiburg-schwarzwald.de\/belchen-alpen.htm\">Belchen-Fotos &#8211; traumhaft sch\u00f6ne Fernsicht zu Alpen und Vogesen<\/a>\u00a0&gt;Belchen-Alpen<\/li>\n<li><a href=\"https:\/\/www.freiburg-schwarzwald.de\/belchen.htm#Belchenhaus - h\u00f6chstgelegendes Gasthaus in Baden-W\u00fcrttemberg\">Belchenhaus &#8211; h\u00f6chstgelegenes Gasthaus in Baden-W\u00fcrttemberg<\/a><\/li>\n<li><a href=\"https:\/\/www.freiburg-schwarzwald.de\/belchen.htm#Belchen-Multen - Wanderheim Die\u00dflinh\u00fctte\">Belchen-Multen &#8211; Wanderheim Die\u00dflinh\u00fctte<\/a><\/li>\n<li><a href=\"https:\/\/www.freiburg-schwarzwald.de\/belchen.htm#J\u00e4gerst\u00fcble an Talstation der Belchen-Seilbahn\">J\u00e4gerst\u00fcble an Talstation der Belchen-Seilbahn<\/a><\/li>\n<li><a href=\"https:\/\/www.freiburg-schwarzwald.de\/belchen.htm#Belchen-Seilbahn\">Belchen-Seilbahn<\/a><\/li>\n<li><a href=\"https:\/\/www.freiburg-schwarzwald.de\/natur.htm#NSG Belchen\">Belchen: Naturschutzgebiet<\/a> &gt;Natur<\/li>\n<li><a href=\"https:\/\/www.freiburg-schwarzwald.de\/biken.htm#Belchen hoch 3 - drei Berge mit dem Fahrrad\">Belchen hoch 3 &#8211; drei Berge mit dem Fahrrad<\/a> &gt;Biken (26.6.2010)<\/li>\n<li><a href=\"https:\/\/www.freiburg-schwarzwald.de\/sanftertourismus1.htm#Belchenland.de - Buchung \u00fcbers Internet immer wichtiger\">Belchenland.de &#8211; Buchung \u00fcbers Internet immer wichtiger<\/a> &gt;SanfterTourismus (4.4.2005)<\/li>\n<li><a href=\"https:\/\/www.freiburg-schwarzwald.de\/lexikon.htm#Belchismus\">Belchismus<\/a> &gt;Lexikon<\/li>\n<li><a title=\"Froehnd\" href=\"https:\/\/www.freiburg-schwarzwald.de\/blog\/regio\/orte\/froehnd\/\">Fr\u00f6hnd s\u00fcdlich des Belchens<\/a><\/li>\n<li><a href=\"https:\/\/www.freiburg-schwarzwald.de\/gamswild1.htm#Gamshegeverein Schwarzwald: Belchen-Erosion stoppen\">Gamshegeverein Schwarzwald: Belchen-Erosion stoppen<\/a> &gt;Gamswild1 (11.5.2006)<\/li>\n<li><a href=\"https:\/\/www.freiburg-schwarzwald.de\/schoenenberg-grenzsteine.htm\">Gemarkungsgrenzen, Grenzsteine, Flur<\/a> &gt;Schoenenberg-Grenzsteine<\/li>\n<li><a href=\"https:\/\/www.freiburg-schwarzwald.de\/kleines-wiesental.htm\">Kleines Wiesental &#8211; Gemeindeverwaltungsverband<\/a> &gt;Kleines-Wiesental<\/li>\n<li>\n<p align=\"left\"><a href=\"https:\/\/www.freiburg-schwarzwald.de\/knoepflesbrunnen.htm\">Kn\u00f6pflesbrunnen &#8211; Almgasthaus und Aussichtsberg<\/a> &gt;Knoepflesbrunnen<\/p>\n<\/li>\n<li><a title=\"Muenstertal\" href=\"https:\/\/www.freiburg-schwarzwald.de\/blog\/regio\/orte\/muenstertal\/\">M\u00fcnstertal<\/a><\/li>\n<li><a href=\"https:\/\/www.freiburg-schwarzwald.de\/aitern.htm#Multen am westlichen Fu\u00df des Belchen\">Multen am westlichen Fu\u00df des Belchen<\/a> &gt;Aitern<\/li>\n<li><a href=\"https:\/\/www.freiburg-schwarzwald.de\/feldberg-belchen.htm\">Naturschutzgro\u00dfprojekt Feldberg-Belchen-Wiesental<\/a> &gt;Feldberg-Belchen<\/li>\n<li><a href=\"https:\/\/www.freiburg-schwarzwald.de\/neuenweg.htm\">Neuenweg<\/a> &gt;Neuenweg<\/li>\n<li><a href=\"https:\/\/www.freiburg-schwarzwald.de\/rohrberg.htm\">Rohrberg mit Husarenm\u00fchle<\/a> zwischen H\u00e4g und Gersbach<\/li>\n<li><a href=\"https:\/\/www.freiburg-schwarzwald.de\/rucksacklauf.htm\">Rucksacklauf Schonach &#8211; Hinterzarten &#8211; Belchen<\/a> &gt;Rucksacklauf<\/li>\n<li><a href=\"https:\/\/www.freiburg-schwarzwald.de\/belchen.htm#Schweizer Belchen - Belchenflue - B\u00f6lchen\">Schweizer Belchen &#8211; Belchenflue &#8211; B\u00f6lchen<\/a><\/li>\n<li><a href=\"https:\/\/www.freiburg-schwarzwald.de\/wandernbelchen.htm\">Wandern im Belchengebiet &#8211; mit vielen Fotos<\/a>\u00a0&gt;WandernBelchen<\/li>\n<li><a href=\"https:\/\/www.freiburg-schwarzwald.de\/muenstertal2.htm#\u00d6konomie gilt auch im Wald von M\u00fcnstertal\">Wald am Belchen: \u00d6konomie gilt auch im Wald von M\u00fcnstertal<\/a>\u00a0&gt;Muenstertal2 (15.8.2005)<\/li>\n<li><a href=\"https:\/\/www.freiburg-schwarzwald.de\/belchen.htm#Belchen - Wintersport\">Belchen &#8211; Wintersport<\/a><\/li>\n<li><a title=\"Wieden\" href=\"https:\/\/www.freiburg-schwarzwald.de\/blog\/regio\/orte\/wieden\/\">Wieden<\/a><\/li>\n<li><a href=\"https:\/\/www.freiburg-schwarzwald.de\/wiesental.htm\">Wiesental hoch zum Feldberg<\/a> &gt;Wiesental<\/li>\n<li><a href=\"https:\/\/www.freiburg-schwarzwald.de\/schoenau.htm\">Sch\u00f6nau<\/a> &gt;Schoenau<\/li>\n<li><a href=\"https:\/\/www.freiburg-schwarzwald.de\/belchen.htm#Berge - \u00dcbersicht nach der H\u00f6he\">Berge &#8211; \u00dcbersicht nach der H\u00f6he<\/a> &gt;Berge<\/li>\n<li><a href=\"https:\/\/www.freiburg-schwarzwald.de\/luftbreisgau.htm\">Berge im Hochschwarzwald von oben<\/a>\u00a0&gt;LuftBreisgau<\/li>\n<li><a href=\"https:\/\/www.freiburg-schwarzwald.de\/belchen.htm#Links\">Links<\/a><\/li>\n<\/ul>\n<p>&nbsp;<\/p>\n<p align=\"left\"><strong>Den Belchen sieht man von \u00fcberall her<\/strong><\/p>\n<p align=\"left\">Die h\u00f6chste Erhebung im Hochschwarzwald ist der Feldberg mit 1.497 m. Daneben ragen im S\u00fcden das <a href=\"https:\/\/www.freiburg-schwarzwald.de\/herzogenhorn.htm\">Herzogenhorn<\/a> (1.415 m), der Belchen (1.414 m), der Schauinsland (1.284 m), der Blauen (1.167\u00a0m) und im Norden der Kandel (1.243 m) hervor.<br \/>\nIm Gegensatz zum Feldberg sieht man den Belchen von \u00fcberall her, der Belchen f\u00e4llt einfach auf. Grund: Zum einen \u00fcberragt er die Nachbarberge um viele Meter. Zum anderen liegt er am Rand des Hochschwarzwalds &#8211; mit freiem Blick zum Oberrhein und Hochrhein. Bilder vom Belchen zu Alpen und Vogesen finden Sie <a href=\"https:\/\/www.freiburg-schwarzwald.de\/belchen-alpen.htm\">hier<\/a>.<\/p>\n<div id=\"attachment_10435\" style=\"width: 651px\" class=\"wp-caption alignnone\"><a href=\"https:\/\/www.freiburg-schwarzwald.de\/blog\/tourismus\/gastro\/gasthaus\/belchenhaus\/todtnauberg9pan-060130\/\" rel=\"attachment wp-att-10435\"><img loading=\"lazy\" decoding=\"async\" aria-describedby=\"caption-attachment-10435\" class=\"size-full wp-image-10435\" title=\"todtnauberg9pan-060130\" src=\"https:\/\/www.freiburg-schwarzwald.de\/blog\/wp-content\/uploads\/2012\/09\/todtnauberg9pan-060130.jpg\" alt=\"\" width=\"641\" height=\"233\" srcset=\"https:\/\/www.freiburg-schwarzwald.de\/blog\/wp-content\/uploads\/2012\/09\/todtnauberg9pan-060130.jpg 641w, https:\/\/www.freiburg-schwarzwald.de\/blog\/wp-content\/uploads\/2012\/09\/todtnauberg9pan-060130-180x65.jpg 180w, https:\/\/www.freiburg-schwarzwald.de\/blog\/wp-content\/uploads\/2012\/09\/todtnauberg9pan-060130-640x232.jpg 640w\" sizes=\"auto, (max-width: 641px) 100vw, 641px\" \/><\/a><p id=\"caption-attachment-10435\" class=\"wp-caption-text\">Tele-Blick nach Westen von Todtnauberg zum Belchen am 30.1.2006 &#8211; Belchenhaus links<\/p><\/div>\n<p><a href=\"https:\/\/www.freiburg-schwarzwald.de\/blog\/regio\/berge\/belchen\/belchen1obermulten130317\/\" rel=\"attachment wp-att-25235\"><img loading=\"lazy\" decoding=\"async\" class=\"alignnone size-thumbnail wp-image-25235\" title=\"belchen1obermulten130317\" src=\"https:\/\/www.freiburg-schwarzwald.de\/blog\/wp-content\/uploads\/2012\/10\/belchen1obermulten130317-180x135.jpg\" alt=\"\" width=\"180\" height=\"135\" srcset=\"https:\/\/www.freiburg-schwarzwald.de\/blog\/wp-content\/uploads\/2012\/10\/belchen1obermulten130317-180x135.jpg 180w, https:\/\/www.freiburg-schwarzwald.de\/blog\/wp-content\/uploads\/2012\/10\/belchen1obermulten130317.jpg 640w\" sizes=\"auto, (max-width: 180px) 100vw, 180px\" \/><\/a><\/p>\n<p><a href=\"https:\/\/www.freiburg-schwarzwald.de\/blog\/regio\/berge\/belchen\/belchen4obermulten130317\/\" rel=\"attachment wp-att-25238\"><img loading=\"lazy\" decoding=\"async\" class=\"alignnone size-thumbnail wp-image-25238\" title=\"belchen4obermulten130317\" src=\"https:\/\/www.freiburg-schwarzwald.de\/blog\/wp-content\/uploads\/2012\/10\/belchen4obermulten130317-180x135.jpg\" alt=\"\" width=\"180\" height=\"135\" srcset=\"https:\/\/www.freiburg-schwarzwald.de\/blog\/wp-content\/uploads\/2012\/10\/belchen4obermulten130317-180x135.jpg 180w, https:\/\/www.freiburg-schwarzwald.de\/blog\/wp-content\/uploads\/2012\/10\/belchen4obermulten130317.jpg 640w\" sizes=\"auto, (max-width: 180px) 100vw, 180px\" \/><\/a><\/p>\n","protected":false},"excerpt":{"rendered":"<p>Home &gt;Regio &gt;Berge\u00a0&gt;Belchen Wandern. Landkarte statt Handy\u00a0(11.10.2021) Baden: Nur digital statt im See?\u00a0(23.4.20219 Mehr Windr\u00e4der im Schwarzwald\u00a0(17.4.2021) Herbstwanderung bei Fr\u00f6hnd im Hochschwarzwald\u00a0(19.10.2020) Aktuelle Infos zur Belchen-Seite &gt;Belchen1 Aitern &#8211; Der Belchen liegt auf Aitermer Gemarkung &gt;Aitern Den Belchen sieht man &hellip; <a href=\"https:\/\/www.freiburg-schwarzwald.de\/blog\/regio\/berge\/belchen\/\">Weiterlesen <span class=\"meta-nav\">&rarr;<\/span><\/a><\/p>\n","protected":false},"author":4,"featured_media":0,"parent":2552,"menu_order":0,"comment_status":"open","ping_status":"closed","template":"","meta":{"footnotes":""},"class_list":["post-14036","page","type-page","status-publish","hentry"],"_links":{"self":[{"href":"https:\/\/www.freiburg-schwarzwald.de\/blog\/wp-json\/wp\/v2\/pages\/14036","targetHints":{"allow":["GET"]}}],"collection":[{"href":"https:\/\/www.freiburg-schwarzwald.de\/blog\/wp-json\/wp\/v2\/pages"}],"about":[{"href":"https:\/\/www.freiburg-schwarzwald.de\/blog\/wp-json\/wp\/v2\/types\/page"}],"author":[{"embeddable":true,"href":"https:\/\/www.freiburg-schwarzwald.de\/blog\/wp-json\/wp\/v2\/users\/4"}],"replies":[{"embeddable":true,"href":"https:\/\/www.freiburg-schwarzwald.de\/blog\/wp-json\/wp\/v2\/comments?post=14036"}],"version-history":[{"count":5,"href":"https:\/\/www.freiburg-schwarzwald.de\/blog\/wp-json\/wp\/v2\/pages\/14036\/revisions"}],"predecessor-version":[{"id":95236,"href":"https:\/\/www.freiburg-schwarzwald.de\/blog\/wp-json\/wp\/v2\/pages\/14036\/revisions\/95236"}],"up":[{"embeddable":true,"href":"https:\/\/www.freiburg-schwarzwald.de\/blog\/wp-json\/wp\/v2\/pages\/2552"}],"wp:attachment":[{"href":"https:\/\/www.freiburg-schwarzwald.de\/blog\/wp-json\/wp\/v2\/media?parent=14036"}],"curies":[{"name":"wp","href":"https:\/\/api.w.org\/{rel}","templated":true}]}}