{"id":140227,"date":"2025-10-17T13:52:31","date_gmt":"2025-10-17T11:52:31","guid":{"rendered":"https:\/\/www.freiburg-schwarzwald.de\/blog\/?page_id=140227"},"modified":"2025-10-17T14:08:36","modified_gmt":"2025-10-17T12:08:36","slug":"schwarzwaldhaus","status":"publish","type":"page","link":"https:\/\/www.freiburg-schwarzwald.de\/blog\/business\/dienste\/immobilien\/holzhaus\/schwarzwaldhaus\/","title":{"rendered":"Schwarzwaldhaus"},"content":{"rendered":"<p>Home &gt;<a title=\"Soziales\" href=\"https:\/\/www.freiburg-schwarzwald.de\/blog\/selbsthilfe\/soziales\/\">Soziales<\/a>\u00a0&gt;<a title=\"Dienste\" href=\"https:\/\/www.freiburg-schwarzwald.de\/blog\/business\/dienste\/\">Dienste<\/a>\u00a0&gt;<a title=\"Immobilien\" href=\"https:\/\/www.freiburg-schwarzwald.de\/blog\/business\/dienste\/immobilien\/\">Immobilien<\/a>\u00a0&gt;<a href=\"https:\/\/www.freiburg-schwarzwald.de\/blog\/business\/dienste\/immobilien\/passivhochhaus\/\">Passivhochhaus<\/a> &gt;<a href=\"https:\/\/www.freiburg-schwarzwald.de\/blog\/business\/dienste\/immobilien\/holzhaus\/\">Holzhaus<\/a> &gt;Schwarzwaldhaus<\/p>\n<div id=\"attachment_16759\" style=\"width: 610px\" class=\"wp-caption alignnone\"><a href=\"https:\/\/www.freiburg-schwarzwald.de\/blog\/wp-content\/uploads\/2012\/12\/jungbauernhof-pan080608.jpg\"><img loading=\"lazy\" decoding=\"async\" aria-describedby=\"caption-attachment-16759\" class=\"size-full wp-image-16759\" src=\"https:\/\/www.freiburg-schwarzwald.de\/blog\/wp-content\/uploads\/2012\/12\/jungbauernhof-pan080608.jpg\" alt=\"\" width=\"600\" height=\"146\" srcset=\"https:\/\/www.freiburg-schwarzwald.de\/blog\/wp-content\/uploads\/2012\/12\/jungbauernhof-pan080608.jpg 600w, https:\/\/www.freiburg-schwarzwald.de\/blog\/wp-content\/uploads\/2012\/12\/jungbauernhof-pan080608-180x43.jpg 180w\" sizes=\"auto, (max-width: 600px) 100vw, 600px\" \/><\/a><p id=\"caption-attachment-16759\" class=\"wp-caption-text\">Blick nach S\u00fcden in Dietenbach \u00fcber den Jungbauernhof zur Anh\u00f6he Immi (oben links) am 8.6.2008<\/p><\/div>\n<ul>\n<li><em>Listenauswahl eines Beitrags (Artikel\/Datum, Seite\/Inhalt): <span style=\"text-decoration: underline;\">Klicken<\/span> oder scrollen<\/em><\/li>\n<li>Was das Schwarzwaldhaus einem Neubau voraus hat: Architekt Hardy Happle \u00fcber die Zukunft des Bauens (29.6.2025)<\/li>\n<li>Warum der Schwarzwaldhof f\u00fcr Architekt Hardy Happle die Antwort ist (2.8.2022)<\/li>\n<li>Liefersberger Hof von Hardy Happle in Wolfach-Kirnbach (6.2.2020)<\/li>\n<li><\/li>\n<li>Bauwerk Schwarzwald &#8211; Baukultur in Titisee-Neustadt<\/li>\n<li><a href=\"https:\/\/www.freiburg-schwarzwald.de\/blog\/bauernhof\/\">Bauernhof<\/a><\/li>\n<li><a href=\"https:\/\/www.freiburg-schwarzwald.de\/blog\/regio\/freiburg\/freiburg-bauernhof\/\">Freiburg-Bauernhof<\/a><\/li>\n<\/ul>\n<p>&nbsp;<\/p>\n<p><strong>Was das Schwarzwaldhaus einem Neubau voraus hat: Architekt Hardy Happle \u00fcber die Zukunft des Bauens<\/strong><br \/>\n&#8230;<br \/>\n&#8222;Das Schwarzwaldhaus arbeitet mit dem Klima&#8220;, sagt Hardy Happle, Mitbegr\u00fcnder des Bauwerks Schwarzwald, einem Kompetenzzentrum in Titisee-Neustadt, das traditionelles Handwerk, regionale Baukultur und nachhaltige Architektur im Schwarzwald f\u00f6rdert. Der 51-J\u00e4hrige, der in Wolfach und Basel Architekturb\u00fcros betreibt, hat sich auf die Sanierung traditioneller Schwarzwaldh\u00e4user spezialisiert \u2013 und lebt selbst in einem. &#8222;Diese H\u00e4user wurden mit einem tiefen Verst\u00e4ndnis f\u00fcr ihre Umgebung gebaut und mit einfachen, aber wirkungsvollen Mitteln an ihren Standort angepasst.&#8220; Genau das mache sie modernen Neubauten \u00fcberlegen.<br \/>\n.<br \/>\nWas wir von Schwarzwaldh\u00e4usern lernen k\u00f6nnen<br \/>\nDie Bauweise denkt vom Gebrauch her: Fenster sind dort, wo die Morgensonne flach steht, aber die Mittagshitze nicht eindringt \u2013 also nach Osten oder Westen. Der Schutz ist dort st\u00e4rker, wo das Dach besonders exponiert ist. Im Winter w\u00e4rmt die dunkle Holzfassade das Geb\u00e4ude durch die tief stehende Sonne auf. Nach S\u00fcden gerichtete Fassaden sind mit baulichem Sonnenschutz versehen: etwa durch Dach\u00fcberst\u00e4nde oder Balkone.<br \/>\nAuch Materialien und Technik folgen dem Prinzip Einfachheit. Speichermassen wie Lehm oder Naturstein halten die n\u00e4chtliche K\u00fchle und geben sie tags\u00fcber ab. Kleine Fenster mit einem zw\u00f6lf Zentimeter breiten Scheibenzwischenraum erzeugen Sogwirkung beim L\u00fcften. &#8222;Querluft ist eine der wirksamsten und einfachsten Methoden gegen \u00dcberhitzung&#8220;, sagt Happle.<br \/>\n&#8230;<br \/>\nDas Problem der Neubauten<br \/>\nIm Gegensatz zur traditionellen Bauweise funktioniere die Klimatisierung in modernen Geb\u00e4uden oft nur, solange ihre Technik funktioniert, so Happle. Gro\u00dffl\u00e4chige Glasfassaden nach S\u00fcden etwa brauchen Jalousien, K\u00fchlaggregate und Steuerungstechnik. &#8222;Und dann sitzt man im Dunkeln hinter verspiegeltem Glas, sieht drau\u00dfen nichts \u2013 und verbraucht Strom&#8220;, sagt Happle.<br \/>\nAls Gemeinderat in Wolfach und Jurymitglied bei Architekturwettbewerben erlebt er regelm\u00e4\u00dfig, wie Nachhaltigkeit zwar auf dem Papier steht, in der Realit\u00e4t aber kaum umgesetzt wird. &#8222;Da gewinnt ein Neubau vielleicht einen Preis, sieht auf dem Plan gut aus \u2013 aber man wei\u00df: In zehn Jahren ist der kaputt.&#8220; Grundlegende Prinzipien w\u00fcrden ignoriert: kein Witterungsschutz, keine Verschattung, keine Querl\u00fcftung. &#8222;Dann hei\u00dft es zwar &#8217;nachhaltiger Holzbau\u2018 \u2013 aber das Holz ist so exponiert, dass ich in ein paar Jahren die n\u00e4chste Million reinstecke.&#8220;<br \/>\nEin Geb\u00e4ude, das seit 400 Jahren steht, m\u00fcsse seine Nachhaltigkeit nicht mehr beweisen. &#8222;Wir sollten uns mit der Energie unserer Bestandsgeb\u00e4ude besch\u00e4ftigen \u2013 und nicht nur mit kurzfristigen L\u00f6sungen f\u00fcr Probleme, die vielleicht gar keine sind.&#8220;<br \/>\n&#8230; Alles vom 29.6.2025 von Saskia Rohleder bitte lesen auf<br \/>\n<a href=\"https:\/\/www.badische-zeitung.de\/was-das-schwarzwaldhaus-einem-neubau-voraus-hat-architekt-hardy-happle-ueber-die-zukunft-des-bauens\">https:\/\/www.badische-zeitung.de\/was-das-schwarzwaldhaus-einem-neubau-voraus-hat-architekt-hardy-happle-ueber-die-zukunft-des-bauens<\/a><\/p>\n<p>.<\/p>\n<p><strong>Warum der Schwarzwaldhof f\u00fcr Architekt Hardy Happle die Antwort ist<\/strong><br \/>\n&#8222;Das Schwarzwaldhaus ist der Inbegriff der Nachhaltigkeit: Durch den modularen Aufbau, die Reparaturf\u00e4higkeit und die wenige Energie im Unterhalt&#8220;, sagt der Wolfacher Architekt Hardy Happle. Die seit Jahrhunderten existierende alte Baukunst sei die Antwort auf viele Probleme der heutigen Zeit. &#8222;F\u00fcr die Planung braucht es keine k\u00fcnstliche Intelligenz, sondern Handwerker mit Know-how. Die haben wir zum Gl\u00fcck hier im Schwarzwald \u2013 noch&#8220;, so Happle.<br \/>\n&#8230; Alles vom 2.8.2022 von Aline Fischer bitte lesen auf<br \/>\n<a href=\"https:\/\/www.schwarzwaelder-bote.de\/inhalt.altes-in-der-moderne-der-schwarzwaldhof-ist-nachhaltig.3471bbb5-cce0-4b64-b5bf-fc4f292d53a6.html\">https:\/\/www.schwarzwaelder-bote.de\/inhalt.altes-in-der-moderne-der-schwarzwaldhof-ist-nachhaltig.3471bbb5-cce0-4b64-b5bf-fc4f292d53a6.html<\/a><br \/>\n.<br \/>\n<a href=\"https:\/\/www.bauwerk-schwarzwald.de\/schwarzwaelder-bote-02-august-2022-warum-der-schwarzwaldhof-die-antwort-ist\/\">https:\/\/www.bauwerk-schwarzwald.de\/schwarzwaelder-bote-02-august-2022-warum-der-schwarzwaldhof-die-antwort-ist\/<\/a><\/p>\n<p><strong>Liefersberger Hof von Hardy Happle in Wolfach-Kirnbach<\/strong><br \/>\n<strong>Wohnen im 400 Jahre alten Schwarzwaldhaus<\/strong><br \/>\nHardy Happle zeigt sein altes Bauernhaus bei Wolfach im Schwarzwald. Der Architekt hat das Fachwerkhaus mit viel Liebe zum Detail (und sehr viel Geld) renoviert. Wichtig war ihm jedoch, dass Wohngef\u00fchl des alten Bauernhauses zu erhalten. Deshalb sind die Decken immer noch ziemlich niedrig. Oft muss er sich ducken, wenn er einen Raum betritt. Auf der anderen Seiten liebt Hardy Happle es so urspr\u00fcnglich und mitten in der Natur zu wohnen. Deshalb stehen bei ihm auch wieder Ziegen im Stall.<br \/>\n6.2.2020<br \/>\n<a href=\"https:\/\/www.youtube.com\/watch?v=OVteA8rj4gw\">https:\/\/www.youtube.com\/watch?v=OVteA8rj4gw<\/a><\/p>\n<p>Liefersbergwer Hof, Hardy Happle<br \/>\nMoosenm\u00e4ttle 7, 07634\/6224<br \/>\n77709 Wolfch-Kirnbach<br \/>\n<a href=\"https:\/\/www.sumhofspeicher.de\/\">https:\/\/www.sumhofspeicher.de\/<\/a><\/p>\n<p>Liefersberger Adventsmarkt am 16.11.2025, 11-17 Uhr<br \/>\n<a href=\"https:\/\/www.nussbaum.de\/entdecken\/events\/liefersberger-adventsmarkt-99425\">https:\/\/www.nussbaum.de\/entdecken\/events\/liefersberger-adventsmarkt-99425<\/a><br \/>\n.<br \/>\n.<\/p>\n<p><strong>Bauwerk Schwarzwald &#8211; Baukultur in Titisee-Neustadt<\/strong><br \/>\nKompetenzzentrum f\u00fcr Schwarzw\u00e4lder Architektur, Handwerk &amp; Design<br \/>\n<a href=\"https:\/\/www.bauwerk-schwarzwald.de\/\">https:\/\/www.bauwerk-schwarzwald.de\/<\/a><\/p>\n<p>Lebendige Schwarzw\u00e4lder Baukultur<br \/>\n<a href=\"https:\/\/www.hardyhapple.com\/publikationen\/pub7.pdf\">https:\/\/www.hardyhapple.com\/publikationen\/pub7.pdf<\/a><br \/>\n.<br \/>\nSchwarzwald 2.0: Was wir brauchen ist intelligente Low-Tech<br \/>\n<a href=\"https:\/\/www.bauwerk-schwarzwald.de\/schwarzwald-2-0-was-wir-brauchen-ist-intelligente-low-tech\/\">https:\/\/www.bauwerk-schwarzwald.de\/schwarzwald-2-0-was-wir-brauchen-ist-intelligente-low-tech\/<\/a><br \/>\n.<br \/>\nDas Bauwerk Schwarzwald mit Sitz in Titisee-Neustadt<br \/>\nKompetenzzentrum f\u00fcr Baukultur, Handwerk und Design im Schwarzwald. Der Verein setzt sich f\u00fcr die Weiterentwicklung und den Erhalt der traditionellen Baukultur im Schwarzwald ein. Er versteht sich als Plattform f\u00fcr Architekten, Handwerker, Gestalter sowie Kommunen und bildet ein Netzwerk zwischen Praxis, Forschung und Ausbildung. Ziel ist es, regionale Bauweisen in die Zukunft zu f\u00fchren \u2013 durch Wissenstransfer, Beratung und \u00f6ffentlichkeitswirksame Projekte. Dabei steht das Zusammenspiel von Tradition und zeitgem\u00e4\u00dfer Architektur im Mittelpunkt.<\/p>\n","protected":false},"excerpt":{"rendered":"<p>Home &gt;Soziales\u00a0&gt;Dienste\u00a0&gt;Immobilien\u00a0&gt;Passivhochhaus &gt;Holzhaus &gt;Schwarzwaldhaus Listenauswahl eines Beitrags (Artikel\/Datum, Seite\/Inhalt): Klicken oder scrollen Was das Schwarzwaldhaus einem Neubau voraus hat: Architekt Hardy Happle \u00fcber die Zukunft des Bauens (29.6.2025) Warum der Schwarzwaldhof f\u00fcr Architekt Hardy Happle die Antwort ist (2.8.2022) Liefersberger &hellip; <a href=\"https:\/\/www.freiburg-schwarzwald.de\/blog\/business\/dienste\/immobilien\/holzhaus\/schwarzwaldhaus\/\">Weiterlesen <span class=\"meta-nav\">&rarr;<\/span><\/a><\/p>\n","protected":false},"author":2,"featured_media":0,"parent":88910,"menu_order":0,"comment_status":"closed","ping_status":"closed","template":"","meta":{"footnotes":""},"class_list":["post-140227","page","type-page","status-publish","hentry"],"_links":{"self":[{"href":"https:\/\/www.freiburg-schwarzwald.de\/blog\/wp-json\/wp\/v2\/pages\/140227","targetHints":{"allow":["GET"]}}],"collection":[{"href":"https:\/\/www.freiburg-schwarzwald.de\/blog\/wp-json\/wp\/v2\/pages"}],"about":[{"href":"https:\/\/www.freiburg-schwarzwald.de\/blog\/wp-json\/wp\/v2\/types\/page"}],"author":[{"embeddable":true,"href":"https:\/\/www.freiburg-schwarzwald.de\/blog\/wp-json\/wp\/v2\/users\/2"}],"replies":[{"embeddable":true,"href":"https:\/\/www.freiburg-schwarzwald.de\/blog\/wp-json\/wp\/v2\/comments?post=140227"}],"version-history":[{"count":5,"href":"https:\/\/www.freiburg-schwarzwald.de\/blog\/wp-json\/wp\/v2\/pages\/140227\/revisions"}],"predecessor-version":[{"id":140234,"href":"https:\/\/www.freiburg-schwarzwald.de\/blog\/wp-json\/wp\/v2\/pages\/140227\/revisions\/140234"}],"up":[{"embeddable":true,"href":"https:\/\/www.freiburg-schwarzwald.de\/blog\/wp-json\/wp\/v2\/pages\/88910"}],"wp:attachment":[{"href":"https:\/\/www.freiburg-schwarzwald.de\/blog\/wp-json\/wp\/v2\/media?parent=140227"}],"curies":[{"name":"wp","href":"https:\/\/api.w.org\/{rel}","templated":true}]}}