{"id":139966,"date":"2025-10-08T21:42:01","date_gmt":"2025-10-08T19:42:01","guid":{"rendered":"https:\/\/www.freiburg-schwarzwald.de\/blog\/?page_id=139966"},"modified":"2026-04-15T12:55:41","modified_gmt":"2026-04-15T10:55:41","slug":"arabien","status":"publish","type":"page","link":"https:\/\/www.freiburg-schwarzwald.de\/blog\/global\/arabien\/","title":{"rendered":"Arabien"},"content":{"rendered":"<p>Home &gt;<a title=\"Global\" href=\"https:\/\/www.freiburg-schwarzwald.de\/blog\/global\/\">Global<\/a> &gt;<a href=\"https:\/\/www.freiburg-schwarzwald.de\/blog\/global\/aegypten\/\">Aegypten<\/a> &gt;<a href=\"https:\/\/www.freiburg-schwarzwald.de\/blog\/global\/syrien\/\">Syrien<\/a> &gt;Arabien<\/p>\n<div id=\"attachment_104968\" style=\"width: 650px\" class=\"wp-caption alignnone\"><a href=\"https:\/\/www.freiburg-schwarzwald.de\/blog\/wp-content\/uploads\/2022\/10\/grinsen-statt-politik-scholz-pan220926.jpg\"><img loading=\"lazy\" decoding=\"async\" aria-describedby=\"caption-attachment-104968\" class=\"size-full wp-image-104968\" src=\"https:\/\/www.freiburg-schwarzwald.de\/blog\/wp-content\/uploads\/2022\/10\/grinsen-statt-politik-scholz-pan220926.jpg\" alt=\"\" width=\"640\" height=\"428\" srcset=\"https:\/\/www.freiburg-schwarzwald.de\/blog\/wp-content\/uploads\/2022\/10\/grinsen-statt-politik-scholz-pan220926.jpg 640w, https:\/\/www.freiburg-schwarzwald.de\/blog\/wp-content\/uploads\/2022\/10\/grinsen-statt-politik-scholz-pan220926-180x120.jpg 180w\" sizes=\"auto, (max-width: 640px) 100vw, 640px\" \/><\/a><p id=\"caption-attachment-104968\" class=\"wp-caption-text\">Grinsen ersetzt ernsthafte Politik am 26.9.2022 in Saudi-Arabien<\/p><\/div>\n<p>&nbsp;<\/p>\n<ul>\n<li><em>Listenauswahl eines Beitrags (Artikel\/Datum, Seite\/Inhalt): <span style=\"text-decoration: underline;\">Klicken<\/span> oder scrollen<\/em><\/li>\n<li><a href=\"https:\/\/www.freiburg-schwarzwald.de\/blog\/religionskriege-afrika-asien-iran\/\">Religionskriege Afrika Asien Iran<\/a>\u00a0(15.4.2026)<\/li>\n<li><a href=\"https:\/\/www.freiburg-schwarzwald.de\/blog\/global\/hormuz\/\">Geopolitik: Europa im Tiefschlaf \u2013 Meerenge von Hormuz<\/a>\u00a0(9.4.2926)<\/li>\n<li><a href=\"https:\/\/www.freiburg-schwarzwald.de\/blog\/global\/hormuz\/\">2Africa-Unterwasserkabel: Arabien, Afrika, Asien und Europa verbinden<\/a>\u00a0(3.4.2026)<\/li>\n<li><a href=\"https:\/\/www.freiburg-schwarzwald.de\/blog\/demokratisches-system-im-iran\/\">Demokratisches System im Iran?<\/a>\u00a0(31.3.2026)<\/li>\n<li><a href=\"https:\/\/www.freiburg-schwarzwald.de\/blog\/global\/iran\/iran2026\/\">Irans ethnische Minderheiten: Kurden im Clinch mit Reza Pahlevi<\/a>\u00a0(6.3.2026)<\/li>\n<li><a href=\"https:\/\/www.freiburg-schwarzwald.de\/blog\/global\/iran\/iran2026\/\">Iran: Nur Mullahs eines Regimes? Es sind Islamisten<\/a>\u00a0(15.1.2026)<\/li>\n<li>Arabischer Islam: Nur der Starke wird respektiert (1.1.2026)<\/li>\n<li><a href=\"https:\/\/www.freiburg-schwarzwald.de\/blog\/silvesternacht-2026-friedlich\/\">Silvesternacht 2026 \u201efriedlich\u201c?<\/a>\u00a0(2.1.2026)<\/li>\n<li><a href=\"https:\/\/www.freiburg-schwarzwald.de\/blog\/mobbing-vom-politischen-islam\/\">Mobbing vom politischen Islam<\/a>\u00a0(28.12.2025)<\/li>\n<li>Epoch\u00e9 &#8211; arabisch (7.10.2025)<\/li>\n<li><\/li>\n<li><a href=\"https:\/\/www.freiburg-schwarzwald.de\/blog\/global\/hormuz\/\">Hormuz<\/a><\/li>\n<li><a href=\"https:\/\/www.freiburg-schwarzwald.de\/blog\/global\/maghreb\/\">Maghreb<\/a><\/li>\n<li><a href=\"https:\/\/www.freiburg-schwarzwald.de\/blog\/global\/israel\/palaestina\/\">Pal\u00e4stina<\/a><\/li>\n<li><a href=\"https:\/\/www.freiburg-schwarzwald.de\/blog\/global\/saudi-arabien\/\">Saudi-Arabien<\/a><\/li>\n<\/ul>\n<p>&nbsp;<\/p>\n<p><strong>Arabischer Islam: Nur der Starke wird respektiert<br \/>\nSchw\u00e4che-Signale<\/strong><br \/>\n<em>In der islamischen Kultur des Nahen Ostens gilt eine andere Logik von Macht, Ehre, Loyalit\u00e4t und Schw\u00e4che. Wer dort Schw\u00e4che zeigt, verschwindet. Israel kennt diesen Mechanismus, westliche Islamversteher leider nicht.<\/em><br \/>\n&#8230;<br \/>\nDie israelische Politik reagiert deshalb entschlossen, hart und illusionslos. Nicht aus Grausamkeit, nicht aus Lust an Eskalation, sondern aus Selbsterhaltung. In dieser Region ist Z\u00f6gern kein Zeichen von Humanit\u00e4t, sondern von Einladung. Wer dort Schw\u00e4che zeigt, verschwindet. Nicht symbolisch, sondern real.<br \/>\nSchw\u00e4che wird als Einladung zum Raumgewinn gelesen<br \/>\nVon dort aus schwenkten wir nach Deutschland \u2013 und der Kontrast k\u00f6nnte gr\u00f6\u00dfer kaum sein. Hier wird vieles, was im Zusammenhang mit arabischer Migration geschieht, systematisch verharmlost. Getragen wird diese Verharmlosung von sogenannten \u201eIslamverstehern\u201c, die weder die gesellschaftlichen Codes noch die inneren Machtlogiken islamisch gepr\u00e4gter Milieus kennen oder ernst nehmen wollen. Man glaubt, mit westlichen Ma\u00dfst\u00e4ben messen zu k\u00f6nnen, was sich westlichen Ma\u00dfst\u00e4ben entzieht.<br \/>\nAus Angst, als hart zu gelten, verzichtet man auf klare Regeln. Aus falsch verstandener Toleranz verzichtet man auf deren Durchsetzung. So entsteht ein fatales Signal: Schw\u00e4che. Und Schw\u00e4che wird in diesen kulturellen Kontexten nicht als Einladung zum Dialog gelesen, sondern als Raumgewinn. Die eine Seite f\u00fchlt sich gehemmt, die andere best\u00e4rkt. Die eine Seite relativiert sich selbst, die andere radikalisiert ihre Anspr\u00fcche. Auf diese Weise verliert ein Land nicht pl\u00f6tzlich, sondern schleichend seine Durchsetzungskraft \u2013 und mit ihr seine kulturelle und politische Identit\u00e4t.<br \/>\n&#8230; Alles vom 1.1.2026 von Ahmet Refii Dener bitte lesen auf<br \/>\n<a href=\"https:\/\/www.achgut.com\/artikel\/schwaeche_signale\">https:\/\/www.achgut.com\/artikel\/schwaeche_signale<\/a><br \/>\n.<br \/>\n<em>Ahmet Refii Dener, T\u00fcrkei-Kenner, Unternehmensberater, Jugend-Coach aus Unterfranken, der gegen betreutes Denken ist und deshalb bei Achgut.com schreibt. Mehr von ihm finden Sie auf seiner Facebookseite und bei Instagram. Weiterf\u00fchrende Links: <a href=\"https:\/\/www.facebook.com\/ARD1881\/\">https:\/\/www.facebook.com\/ARD1881\/<\/a> <\/em><br \/>\n<em><a href=\"https:\/\/www.instagram.com\/ahmetrefiidener\/\">https:\/\/www.instagram.com\/ahmetrefiidener\/<\/a><\/em><\/p>\n<p>&nbsp;<\/p>\n<p><strong>Epoch\u00e9 &#8211; arabisch<\/strong><\/p>\n<p>Ahmed Al-Khalidi, @khalidi79397 &#8211; Oct 4<br \/>\nPragmatic Palestinian || Do you care about Palestinians life? || Why don&#8217;t you demand that Hamas surrenders?<br \/>\n<a href=\"https:\/\/x.com\/khalidi79397\">https:\/\/x.com\/khalidi79397<\/a><\/p>\n<p>Zu deutsch:<br \/>\n\u201eIch habe die L\u00fcgen satt, die wir uns selbst erz\u00e4hlen. Unsere F\u00fchrer jammern jeden Tag \u00fcber \u201adie Besatzung\u2019, als habe die Geschichte 1948 begonnen, als sei Israel ein einzigartiges Monster in der Menschheitsgeschichte. Aber lassen Sie mich Sie an etwas erinnern, das niemand laut auszusprechen wagt: Wir Araber sind die Kinder der gr\u00f6\u00dften und l\u00e4ngsten Besatzung, die der Nahe Osten und Afrika je erlebt haben.<\/p>\n<p>Im 7. und 8. Jahrhundert brachen arabische St\u00e4mme von der Arabischen Halbinsel aus. Innerhalb weniger Jahrzehnte zerschlugen sie das Byzantinische Reich in Syrien, dem Libanon und \u00c4gypten. Sie zerst\u00f6rten das Persische Reich. Sie zogen \u00fcber Nordafrika hinweg und erreichten Marokko, Spanien und sogar S\u00fcdfrankreich. Auf seinem H\u00f6hepunkt beherrschte das arabische Kalifat 13 Millionen Quadratkilometer \u2013 mehr als Rom sich je ertr\u00e4umte. Millionen von Persern, Berbern, Kopten, Aram\u00e4ern, Juden, Griechen und anderen fanden sich pl\u00f6tzlich unter arabischer Herrschaft wieder. Ihre Sprachen und ihr Glauben wurden verdr\u00e4ngt.<br \/>\nDas Koptische verschwand in \u00c4gypten. Das Aram\u00e4ische starb fast aus. Sogar das Persische war fast ausgel\u00f6scht, bis Dichter wie Firdausi f\u00fcr seine Erhaltung k\u00e4mpften. Arabisch wurde zur dominierenden Sprache, der Islam zum dominierenden Glauben. Das war keine Befreiung \u2013 es war eine Besetzung in einem Ausma\u00df, das ganze Kontinente umgestaltete.<br \/>\nDie Mongolen kamen und gingen innerhalb von etwa einem Jahrhundert.<br \/>\nDie R\u00f6mer herrschten jahrhundertelang, doch Latein verschwand aus dem Nahen Osten.<br \/>\nDas Britische Empire herrschte 200 Jahre lang, dann brach es zusammen.<br \/>\nDie arabisch-muslimischen Eroberungen ver\u00e4nderten die Identit\u00e4t ganzer Nationen f\u00fcr immer.<br \/>\nMan denke nur: \u00c4gypten war 600 Jahre lang christlich und koptischsprachig, bevor die Araber kamen. Heute ist es arabisch und muslimisch. Nordafrika war berberisch und r\u00f6misch. Heute ist es arabisch und muslimisch. Im Levante-Gebiet sprach man Griechisch und Aram\u00e4isch. Heute spricht man Arabisch. Sogar Spanien lebte 700 Jahre lang unter arabischer Herrschaft. Das ist nicht nur eine \u201aBesatzung\u2019, sondern ein zivilisatorischer Umbruch.<br \/>\nUnd doch weinen unsere F\u00fchrer \u2013 die selbst das Produkt dieser massiven arabischen Besatzung sind \u2013 im Jahr 2025 \u00fcber Israel, ein St\u00fcck Land von der Gr\u00f6\u00dfe New Jerseys, und nennen es \u201adie schlimmste Besatzung\u2019. Wirklich? Verglichen mit dem, was die Araber Nordafrika, Persien und dem Levante-Gebiet angetan haben? Im Vergleich zur jahrhundertelangen arabischen Herrschaft, die Identit\u00e4ten ausl\u00f6schte, Zwangskonvertierungen durchf\u00fchrte und ganze Regionen umgestaltete?<\/p>\n<p>Wenn wir Pal\u00e4stinenser Ehrlichkeit wollen, m\u00fcssen wir aufh\u00f6ren, so zu tun, als h\u00e4tte Israel die Besatzung erfunden. Die Wahrheit ist bitter: Wir leben im Schatten der gr\u00f6\u00dften und l\u00e4ngsten Besatzung der Geschichte, der arabischen. Nur Israel die Schuld zu geben und gleichzeitig unsere korrupten F\u00fchrer zu verehren, die dieses Narrativ ausnutzen, ist keine Gerechtigkeit, sondern Feigheit.<br \/>\nGeschichte ist wichtig. Und wenn wir uns ihr nicht stellen, bleiben wir Sklaven nicht Israels, sondern unserer eigenen Heuchelei.&#8220;<br \/>\n.<br \/>\nDie Pointe besteht nat\u00fcrlich darin, dass man diesen kritisch gemeinten Text auch als Hagiographie lesen kann, denn der hier beschriebene Prozess verk\u00f6rpert f\u00fcr den Frommen nichts anderes als den Willen Allahs, der die V\u00f6lker schlie\u00dflich zum globalen Triumph des Islam f\u00fchren wird; insofern sind die Vorw\u00fcrfe unangebracht, irgendjemand aus dem Kreise der rechtgeleiteten V\u00f6lker lebe im Schatten des gewaltigsten Eroberungs- und Missionierungsfeldzuges der Welt.<br \/>\nIm Schatten leben \u2013 noch \u2013 die anderen.<br \/>\nUnd w\u00e4hrend die Europ\u00e4er, die sich jahrhundertelang der islamischen Eroberung erwehrten, von Tours und Poitiers \u00fcber Granada, Lepanto und Wien bis zur Niederwerfung der Barbareskenstaaten, heute der \u201eReligion des Friedens\u201d die Tore \u00f6ffnen, ob nun unmittelbar oder via Krei\u00dfsaal (samt Sozialhilfe) oder durch das Unterwerfungsritual der Verfolgung eines angeblichen \u201eantimuslimischen Rassismus\u201d \u2013 und immer unter Kollaboration der Linken* \u2013, halten die Israelis st\u00f6rrisch stand, \u00fcbrigens auch im Krei\u00dfsaal.<br \/>\n&#8230; Alles vom 7.10.2025 bitte lesen auf<br \/>\n<a href=\"https:\/\/www.klonovsky.de\/2025\/10\/epoche-arabisch\/\">https:\/\/www.klonovsky.de\/2025\/10\/epoche-arabisch\/<\/a><\/p>\n<p>&nbsp;<\/p>\n","protected":false},"excerpt":{"rendered":"<p>Home &gt;Global &gt;Aegypten &gt;Syrien &gt;Arabien &nbsp; Listenauswahl eines Beitrags (Artikel\/Datum, Seite\/Inhalt): Klicken oder scrollen Religionskriege Afrika Asien Iran\u00a0(15.4.2026) Geopolitik: Europa im Tiefschlaf \u2013 Meerenge von Hormuz\u00a0(9.4.2926) 2Africa-Unterwasserkabel: Arabien, Afrika, Asien und Europa verbinden\u00a0(3.4.2026) Demokratisches System im Iran?\u00a0(31.3.2026) Irans ethnische Minderheiten: &hellip; <a href=\"https:\/\/www.freiburg-schwarzwald.de\/blog\/global\/arabien\/\">Weiterlesen <span class=\"meta-nav\">&rarr;<\/span><\/a><\/p>\n","protected":false},"author":2,"featured_media":0,"parent":27,"menu_order":0,"comment_status":"closed","ping_status":"closed","template":"","meta":{"footnotes":""},"class_list":["post-139966","page","type-page","status-publish","hentry"],"_links":{"self":[{"href":"https:\/\/www.freiburg-schwarzwald.de\/blog\/wp-json\/wp\/v2\/pages\/139966","targetHints":{"allow":["GET"]}}],"collection":[{"href":"https:\/\/www.freiburg-schwarzwald.de\/blog\/wp-json\/wp\/v2\/pages"}],"about":[{"href":"https:\/\/www.freiburg-schwarzwald.de\/blog\/wp-json\/wp\/v2\/types\/page"}],"author":[{"embeddable":true,"href":"https:\/\/www.freiburg-schwarzwald.de\/blog\/wp-json\/wp\/v2\/users\/2"}],"replies":[{"embeddable":true,"href":"https:\/\/www.freiburg-schwarzwald.de\/blog\/wp-json\/wp\/v2\/comments?post=139966"}],"version-history":[{"count":6,"href":"https:\/\/www.freiburg-schwarzwald.de\/blog\/wp-json\/wp\/v2\/pages\/139966\/revisions"}],"predecessor-version":[{"id":147934,"href":"https:\/\/www.freiburg-schwarzwald.de\/blog\/wp-json\/wp\/v2\/pages\/139966\/revisions\/147934"}],"up":[{"embeddable":true,"href":"https:\/\/www.freiburg-schwarzwald.de\/blog\/wp-json\/wp\/v2\/pages\/27"}],"wp:attachment":[{"href":"https:\/\/www.freiburg-schwarzwald.de\/blog\/wp-json\/wp\/v2\/media?parent=139966"}],"curies":[{"name":"wp","href":"https:\/\/api.w.org\/{rel}","templated":true}]}}