{"id":139822,"date":"2025-10-05T12:05:03","date_gmt":"2025-10-05T10:05:03","guid":{"rendered":"https:\/\/www.freiburg-schwarzwald.de\/blog\/?page_id=139822"},"modified":"2025-10-05T12:17:15","modified_gmt":"2025-10-05T10:17:15","slug":"integrierte-migranten","status":"publish","type":"page","link":"https:\/\/www.freiburg-schwarzwald.de\/blog\/global\/integration\/integrierte-migranten\/","title":{"rendered":"Integrierte-Migranten"},"content":{"rendered":"<p><a href=\"https:\/\/www.freiburg-schwarzwald.de\/blog\">Home<\/a>\u00a0&gt;<a title=\"Global\" href=\"https:\/\/www.freiburg-schwarzwald.de\/blog\/global\/\">Global<\/a>\u00a0&gt;<a title=\"Migration\" href=\"https:\/\/www.freiburg-schwarzwald.de\/blog\/global\/migration\/\">Migration<\/a>\u00a0&gt;<a title=\"Integration\" href=\"https:\/\/www.freiburg-schwarzwald.de\/blog\/global\/integration\/\">Integration<\/a> &gt;<a href=\"https:\/\/www.freiburg-schwarzwald.de\/blog\/global\/integration\/integration-gescheitert\/\">Integration-gescheitert<\/a> &gt;Integrierte-Migranten<\/p>\n<div id=\"attachment_138926\" style=\"width: 648px\" class=\"wp-caption alignnone\"><a href=\"https:\/\/www.freiburg-schwarzwald.de\/blog\/wp-content\/uploads\/2025\/08\/liana-bahnmord-friedlend-pan250907.jpg\"><img loading=\"lazy\" decoding=\"async\" aria-describedby=\"caption-attachment-138926\" class=\"size-full wp-image-138926\" src=\"https:\/\/www.freiburg-schwarzwald.de\/blog\/wp-content\/uploads\/2025\/08\/liana-bahnmord-friedlend-pan250907.jpg\" alt=\"\" width=\"638\" height=\"415\" srcset=\"https:\/\/www.freiburg-schwarzwald.de\/blog\/wp-content\/uploads\/2025\/08\/liana-bahnmord-friedlend-pan250907.jpg 638w, https:\/\/www.freiburg-schwarzwald.de\/blog\/wp-content\/uploads\/2025\/08\/liana-bahnmord-friedlend-pan250907-180x117.jpg 180w\" sizes=\"auto, (max-width: 638px) 100vw, 638px\" \/><\/a><p id=\"caption-attachment-138926\" class=\"wp-caption-text\">Mutter der ins Bahngleis gestossenen Liana K. in Friedland 4.9.2025 &#8211; Alltag in Deutschland<\/p><\/div>\n<ul>\n<li><em>Listenauswahl eines Beitrags (Artikel\/Datum, Seite\/Inhalt): Klicken <span style=\"text-decoration: underline;\">oder<\/span> scrollen<\/em><\/li>\n<li>Dieses Land ist fertig und ist dem Untergang geweiht (3.10.2025)<\/li>\n<\/ul>\n<ul>\n<li><a title=\"Asyl\" href=\"https:\/\/www.freiburg-schwarzwald.de\/blog\/global\/integration\/asyl\/\">Asyl<\/a><\/li>\n<li><a href=\"https:\/\/www.freiburg-schwarzwald.de\/blog\/bildung\/bildung-integration\/\">Bildung-Integration<\/a><\/li>\n<li><a title=\"Bruessel22-3-2016\" href=\"https:\/\/www.freiburg-schwarzwald.de\/blog\/engagement\/zukunft\/demokratie\/bruessel22-3-2016\/\">Bruessel-22-3-2016<\/a><\/li>\n<li><a title=\"Ehre\" href=\"https:\/\/www.freiburg-schwarzwald.de\/blog\/global\/tuerkei\/ehre\/\">Ehre<\/a><\/li>\n<li><a title=\"Fluechtlinge\" href=\"https:\/\/www.freiburg-schwarzwald.de\/blog\/global\/integration\/fluechtlinge\/\">Fl\u00fcchtlinge<\/a><\/li>\n<li><a title=\"Fluechtlinge2016\" href=\"https:\/\/www.freiburg-schwarzwald.de\/blog\/global\/integration\/fluechtlinge2016\/\">Fl\u00fcchtlinge2016<\/a><\/li>\n<li><a title=\"Fluechtlinge-Chance\" href=\"https:\/\/www.freiburg-schwarzwald.de\/blog\/global\/integration\/fluechtlinge-chance\/\">Fl\u00fcchtlinge \u2013 Chance<\/a><\/li>\n<li><a title=\"Fluechtlinge-Paten\" href=\"https:\/\/www.freiburg-schwarzwald.de\/blog\/global\/integration\/fluechtlinge-paten\/\">Fluechtlinge-Paten<\/a><\/li>\n<li><a title=\"Fluechtlinge-Pflichten\" href=\"https:\/\/www.freiburg-schwarzwald.de\/blog\/global\/integration\/fluechtlinge-pflichten\/\">Fluechtlinge-Pflichten<\/a><\/li>\n<li><a title=\"Fluechtlingslager\" href=\"https:\/\/www.freiburg-schwarzwald.de\/blog\/global\/migration\/fluechtlingslager\/\">Fl\u00fcchtlingslager<\/a><\/li>\n<li><a title=\"Fluechtlingsaktivisten\" href=\"https:\/\/www.freiburg-schwarzwald.de\/blog\/global\/migration\/fluechtlingsaktivisten\/\">Fluechtlingsaktivisten\u00a0<\/a><\/li>\n<li><a title=\"Integration-Bringschuld\" href=\"https:\/\/www.freiburg-schwarzwald.de\/blog\/global\/integration\/integration-bringschuld\/\">Integration-Bringschuld<\/a><\/li>\n<li><a title=\"Integration-gescheitert\" href=\"https:\/\/www.freiburg-schwarzwald.de\/blog\/global\/integration\/integration-gescheitert\/\">Integration-gescheitert<\/a><\/li>\n<li><a title=\"Integration-Islam\" href=\"https:\/\/www.freiburg-schwarzwald.de\/blog\/global\/integration\/integration-islam\/\">Integration-Islam<\/a><\/li>\n<li><a href=\"https:\/\/www.freiburg-schwarzwald.de\/blog\/global\/integration\/integrieren\/\">Integrieren<\/a><\/li>\n<li><a title=\"Interkulturelle-Oeffnung\" href=\"https:\/\/www.freiburg-schwarzwald.de\/blog\/global\/integration\/interkulturelle-oeffnung\/\">Interkulturelle-Oeffnung<\/a><\/li>\n<li><a title=\"Neu-Aleppo\" href=\"https:\/\/www.freiburg-schwarzwald.de\/blog\/global\/integration\/neu-aleppo\/\">Neu-Aleppo<\/a><\/li>\n<li><a title=\"Wuerzburg2016Axt\" href=\"https:\/\/www.freiburg-schwarzwald.de\/blog\/selbsthilfe\/krise\/gewalt\/wuerzburg2016axt\/\">Wuerzburg2016Axt<\/a><\/li>\n<\/ul>\n<p><strong>Die vielen gut integrierten Migranten trauern ihrem Deutschland nach<\/strong><\/p>\n<p><strong>Dieses Land ist fertig und ist dem Untergang geweiht<\/strong><br \/>\nNeulich hat Boris Reitschuster einen Artikel \u00fcber eine Umfrage <a href=\"https:\/\/reitschuster.de\/post\/neue-umfrage-viele-migranten-waehlen-afd\/\">https:\/\/reitschuster.de\/post\/neue-umfrage-viele-migranten-waehlen-afd\/<\/a> ver\u00f6ffentlicht, laut der immer mehr Migranten AfD w\u00e4hlen, weil sie das alte Deutschland zur\u00fcckhaben wollen \u2013 das, in das sie mal gekommen sind. Daraufhin haben uns sehr viele Meldungen von Ausl\u00e4ndern erreicht, die in Deutschland leben. Viele davon in der zweiten oder dritten Generation.<br \/>\n<em><strong>Genauso wie ich sind es Menschen, die ihre zweite Heimat einmal sehr geliebt haben \u2013 und die sie heute kaum noch wiedererkennen. Menschen, die sich vollst\u00e4ndig integriert haben.<\/strong> <\/em>Wir sprechen gutes oder perfektes Deutsch, studieren, machen Ausbildungen, arbeiten, gr\u00fcnden Familien, zahlen Steuern \u2013 und leben so gut wie niemals vom Staat. Wir sehen zu, wie Deutschland sich immer weiter von dem Land entfernt, in das wir oder unsere Eltern einst gekommen sind.<\/p>\n<p>St\u00e4dte verfallen, es fehlt an Lehrern, \u00c4rzten, Feuerwehr und Polizei. Frauen k\u00f6nnen abends nicht mehr allein durch die Stra\u00dfen gehen, Kinder werden von ihren muslimischen Mitsch\u00fclern missbraucht<a href=\"https:\/\/reitschuster.de\/post\/dummer-deutscher-schueler-verpruegelt-weil-pausenbrot-nicht-halal-ist\/\"> https:\/\/reitschuster.de\/post\/dummer-deutscher-schueler-verpruegelt-weil-pausenbrot-nicht-halal-ist\/<\/a>. Und alle sollen dabei noch sagen, es sei das beste Deutschland aller Zeiten.<br \/>\nEin besonders brisanter Aspekt kommt noch hinzu: Ausgerechnet diese Menschen, die l\u00e4ngst dazugeh\u00f6ren, haben immer wieder Probleme mit der Staatsb\u00fcrgerschaft.<br \/>\n&#8230; Alles vom 3.10.2025 von Ekaterina Quehl bitte lesen auf <a href=\"https:\/\/reitschuster.de\/post\/dieses-land-ist-fertig-und-ist-dem-untergang-geweiht\/\">https:\/\/reitschuster.de\/post\/dieses-land-ist-fertig-und-ist-dem-untergang-geweiht\/<\/a><\/p>\n","protected":false},"excerpt":{"rendered":"<p>Home\u00a0&gt;Global\u00a0&gt;Migration\u00a0&gt;Integration &gt;Integration-gescheitert &gt;Integrierte-Migranten Listenauswahl eines Beitrags (Artikel\/Datum, Seite\/Inhalt): Klicken oder scrollen Dieses Land ist fertig und ist dem Untergang geweiht (3.10.2025) Asyl Bildung-Integration Bruessel-22-3-2016 Ehre Fl\u00fcchtlinge Fl\u00fcchtlinge2016 Fl\u00fcchtlinge \u2013 Chance Fluechtlinge-Paten Fluechtlinge-Pflichten Fl\u00fcchtlingslager Fluechtlingsaktivisten\u00a0 Integration-Bringschuld Integration-gescheitert Integration-Islam Integrieren Interkulturelle-Oeffnung Neu-Aleppo &hellip; <a href=\"https:\/\/www.freiburg-schwarzwald.de\/blog\/global\/integration\/integrierte-migranten\/\">Weiterlesen <span class=\"meta-nav\">&rarr;<\/span><\/a><\/p>\n","protected":false},"author":2,"featured_media":0,"parent":1875,"menu_order":0,"comment_status":"closed","ping_status":"closed","template":"","meta":{"footnotes":""},"class_list":["post-139822","page","type-page","status-publish","hentry"],"_links":{"self":[{"href":"https:\/\/www.freiburg-schwarzwald.de\/blog\/wp-json\/wp\/v2\/pages\/139822","targetHints":{"allow":["GET"]}}],"collection":[{"href":"https:\/\/www.freiburg-schwarzwald.de\/blog\/wp-json\/wp\/v2\/pages"}],"about":[{"href":"https:\/\/www.freiburg-schwarzwald.de\/blog\/wp-json\/wp\/v2\/types\/page"}],"author":[{"embeddable":true,"href":"https:\/\/www.freiburg-schwarzwald.de\/blog\/wp-json\/wp\/v2\/users\/2"}],"replies":[{"embeddable":true,"href":"https:\/\/www.freiburg-schwarzwald.de\/blog\/wp-json\/wp\/v2\/comments?post=139822"}],"version-history":[{"count":5,"href":"https:\/\/www.freiburg-schwarzwald.de\/blog\/wp-json\/wp\/v2\/pages\/139822\/revisions"}],"predecessor-version":[{"id":139832,"href":"https:\/\/www.freiburg-schwarzwald.de\/blog\/wp-json\/wp\/v2\/pages\/139822\/revisions\/139832"}],"up":[{"embeddable":true,"href":"https:\/\/www.freiburg-schwarzwald.de\/blog\/wp-json\/wp\/v2\/pages\/1875"}],"wp:attachment":[{"href":"https:\/\/www.freiburg-schwarzwald.de\/blog\/wp-json\/wp\/v2\/media?parent=139822"}],"curies":[{"name":"wp","href":"https:\/\/api.w.org\/{rel}","templated":true}]}}