{"id":139789,"date":"2025-10-04T16:05:52","date_gmt":"2025-10-04T14:05:52","guid":{"rendered":"https:\/\/www.freiburg-schwarzwald.de\/blog\/?page_id=139789"},"modified":"2025-10-04T16:35:26","modified_gmt":"2025-10-04T14:35:26","slug":"matuschek","status":"publish","type":"page","link":"https:\/\/www.freiburg-schwarzwald.de\/blog\/kultur\/medien\/journalismus\/matuschek\/","title":{"rendered":"Matuschek"},"content":{"rendered":"<p><a href=\"https:\/\/www.freiburg-schwarzwald.de\/blog\">Home<\/a>\u00a0&gt;<a title=\"Kultur\" href=\"https:\/\/www.freiburg-schwarzwald.de\/blog\/kultur\/\">Kultur<\/a>\u00a0&gt;<a title=\"Medien\" href=\"https:\/\/www.freiburg-schwarzwald.de\/blog\/kultur\/medien\/\">Medien<\/a>\u00a0 &gt;<a href=\"https:\/\/www.freiburg-schwarzwald.de\/blog\/kultur\/medien\/medienleute\/\">Medienleute<\/a> &gt;<a href=\"https:\/\/www.freiburg-schwarzwald.de\/blog\/kultur\/medien\/journalismus\/\">Journalismus<\/a> &gt;Matuschek<\/p>\n<div id=\"attachment_132989\" style=\"width: 649px\" class=\"wp-caption alignnone\"><a href=\"https:\/\/www.freiburg-schwarzwald.de\/blog\/wp-content\/uploads\/2025\/04\/ostern8schweigemarsch-FR-pan250419.jpg\"><img loading=\"lazy\" decoding=\"async\" aria-describedby=\"caption-attachment-132989\" class=\"size-full wp-image-132989\" src=\"https:\/\/www.freiburg-schwarzwald.de\/blog\/wp-content\/uploads\/2025\/04\/ostern8schweigemarsch-FR-pan250419.jpg\" alt=\"\" width=\"639\" height=\"395\" srcset=\"https:\/\/www.freiburg-schwarzwald.de\/blog\/wp-content\/uploads\/2025\/04\/ostern8schweigemarsch-FR-pan250419.jpg 639w, https:\/\/www.freiburg-schwarzwald.de\/blog\/wp-content\/uploads\/2025\/04\/ostern8schweigemarsch-FR-pan250419-180x111.jpg 180w\" sizes=\"auto, (max-width: 639px) 100vw, 639px\" \/><\/a><p id=\"caption-attachment-132989\" class=\"wp-caption-text\">Ostern-Schweigemarsch f\u00fcr den Frieden in Freiburg am Karsamstag 19.4.2025<\/p><\/div>\n<ul>\n<li><em>Listenauswahl eines Beitrags (Artikel\/Datum, Seite\/Inhalt): Klicken oder scrollen<\/em><\/li>\n<li>Ex-Mainstream Journalist Milosz Matuschek packt aus: Was wirklich hinter den Kulissen l\u00e4uft! (4.10.2025)<\/li>\n<li><a href=\"https:\/\/www.freiburg-schwarzwald.de\/blog\/global\/usa\/kirk\/\">Milosz Matuschek: Nach Attentat auf Kirk: Kein &#8222;Je suis Charlie&#8220;<\/a> (20.9.2025)<\/li>\n<li><a href=\"https:\/\/www.freiburg-schwarzwald.de\/blog\/andrick-ich-bin-nicht-dabei\/\">Wie entsteht nochmal Totalitarismus? \u2013 Genau so<\/a> (24.5.2025)<\/li>\n<li><a href=\"https:\/\/www.freiburg-schwarzwald.de\/blog\/drohnen\/\">Ein Angriff auf die Friedensverhandlungen<\/a> (4.5.2025)<\/li>\n<li><a href=\"https:\/\/www.freiburg-schwarzwald.de\/blog\/schloss-ebnet-matuschek-liest\/\">Schloss Ebnet: Matuschek liest<\/a>\u00a0(7.2.2024)<\/li>\n<li><a href=\"https:\/\/www.freiburg-schwarzwald.de\/blog\/regio\/freiburg\/ebnet\/schloss-ebnet\/\">Milosz Matuschek liest im Schlo\u00df Freiburg-Ebnet<\/a> (6.1.2024)<\/li>\n<li><\/li>\n<li><a href=\"https:\/\/www.freiburg-schwarzwald.de\/blog\/global\/finanzsystem\/bitcoin\/\">Bitcoin<\/a><\/li>\n<li><a title=\"Diskursverweigerung\" href=\"https:\/\/www.freiburg-schwarzwald.de\/blog\/engagement\/zukunft\/demokratie\/diskursverweigerung\/\">Diskursverweigerung<\/a><\/li>\n<li><a title=\"Diskussionskultur\" href=\"https:\/\/www.freiburg-schwarzwald.de\/blog\/kultur\/medien\/diskussionskultur\/\">Diskussionskultur<\/a><\/li>\n<li><a href=\"https:\/\/www.freiburg-schwarzwald.de\/blog\/kultur\/medien\/diversity\/\">Diversity<\/a><\/li>\n<li><a title=\"Ehrlichkeit\" href=\"https:\/\/www.freiburg-schwarzwald.de\/blog\/engagement\/zukunft\/ehrlichkeit\/\">Ehrlichkeit<\/a><\/li>\n<li><a href=\"https:\/\/www.freiburg-schwarzwald.de\/blog\/kultur\/medien\/einseitigkeit\/\">Einseitigkeit medial<\/a><\/li>\n<li><a href=\"https:\/\/www.freiburg-schwarzwald.de\/blog\/kultur\/medien\/journalismus\/embedded-journalism\/\">Embedded-journalism<\/a><\/li>\n<li><a href=\"https:\/\/www.freiburg-schwarzwald.de\/blog\/kultur\/medien\/journalismus\/erziehungsjournalismus\/\">Erziehungsjournalismus<\/a><\/li>\n<li><a title=\"Ethik\" href=\"https:\/\/www.freiburg-schwarzwald.de\/blog\/religion\/ethik\/\">Ethik<\/a><\/li>\n<li><a title=\"Freie-Medien\" href=\"https:\/\/www.freiburg-schwarzwald.de\/blog\/kultur\/medien\/freie-medien\/\">Freie Medien<\/a><\/li>\n<li><a title=\"Gesellschaft\" href=\"https:\/\/www.freiburg-schwarzwald.de\/blog\/global\/deutschland\/gesellschaft\/\">Gesellschaft<\/a><\/li>\n<li><a title=\"Gesinnungsethik\" href=\"https:\/\/www.freiburg-schwarzwald.de\/blog\/engagement\/zukunft\/demokratie\/gesinnungsethik\/\">Gesinnnungsethik<\/a><\/li>\n<li><a title=\"Groessenwahn\" href=\"https:\/\/www.freiburg-schwarzwald.de\/blog\/engagement\/zukunft\/groessenwahn\/\">Gr\u00f6\u00dfenwahn<\/a><\/li>\n<li><a title=\"Haltungsjournalismus\" href=\"https:\/\/www.freiburg-schwarzwald.de\/blog\/kultur\/medien\/journalismus\/haltungsjournalismus\/\">Haltungsjournalismus<br \/>\n<\/a><\/li>\n<li><a title=\"Intellektuelle\" href=\"https:\/\/www.freiburg-schwarzwald.de\/blog\/global\/deutschland\/gesellschaft\/intellektuelle\/\">Intellektuelle<\/a><\/li>\n<li><a href=\"https:\/\/www.freiburg-schwarzwald.de\/blog\/kultur\/medien\/journalismus\/journalismus-wende\/\">Journalismus-Wende<\/a><\/li>\n<li><a title=\"Kant\" href=\"https:\/\/www.freiburg-schwarzwald.de\/blog\/kultur\/aufklaerung\/kant\/\">Kant<\/a><\/li>\n<li><a href=\"https:\/\/www.freiburg-schwarzwald.de\/blog\/natur\/klima\/klimajournalismus\/\">Klimajournalismus<\/a><\/li>\n<li><a href=\"https:\/\/www.freiburg-schwarzwald.de\/blog\/kultur\/medien\/medienleute\/\">Medienleute<\/a><\/li>\n<li><a href=\"https:\/\/www.freiburg-schwarzwald.de\/blog\/kultur\/medien\/medien-afd\/\">Medien-AfD<\/a><\/li>\n<li><a title=\"Multikulti\" href=\"https:\/\/www.freiburg-schwarzwald.de\/blog\/kultur\/leitkultur\/multikulti\/\">Multikulti<\/a><\/li>\n<li><a href=\"https:\/\/www.freiburg-schwarzwald.de\/blog\/kultur\/medien\/neue-medien\/\">Neue-Medien<\/a><\/li>\n<li><a href=\"https:\/\/www.freiburg-schwarzwald.de\/blog\/kultur\/medien\/meinungsfreiheit\/nostr\/\">Nostr<\/a><\/li>\n<li><a title=\"Petitionen\" href=\"https:\/\/www.freiburg-schwarzwald.de\/blog\/kultur\/intert\/petitionen\/\">Petitionen<\/a><\/li>\n<li><a href=\"https:\/\/www.freiburg-schwarzwald.de\/blog\/kultur\/medien\/radio\/podcast\/\">Podcast<\/a><\/li>\n<li><a title=\"Political-Correctness\" href=\"https:\/\/www.freiburg-schwarzwald.de\/blog\/kultur\/medien\/political-correctness\/\">Political Correctness<\/a><\/li>\n<li><a href=\"https:\/\/www.freiburg-schwarzwald.de\/blog\/kultur\/medien\/alternative-medien\/polit-blog\/\">Polit-Blog<\/a><\/li>\n<li><a title=\"Populismus-Keule\" href=\"https:\/\/www.freiburg-schwarzwald.de\/blog\/engagement\/zukunft\/demokratie\/populismus\/populismus-keule\/\">Populismus-Keule<\/a><\/li>\n<li><a title=\"Postfaktisch\" href=\"https:\/\/www.freiburg-schwarzwald.de\/blog\/kultur\/medien\/postfaktisch\/\">Postfaktisch<\/a><\/li>\n<li><a title=\"Praegung\" href=\"https:\/\/www.freiburg-schwarzwald.de\/blog\/selbsthilfe\/kinder\/praegung\/\">Pr\u00e4gung<\/a><\/li>\n<li><a title=\"Rassismus\" href=\"https:\/\/www.freiburg-schwarzwald.de\/blog\/engagement\/rassismus\/\">Rassismus<\/a><\/li>\n<li><a href=\"https:\/\/www.freiburg-schwarzwald.de\/blog\/kultur\/medien\/journalismus\/recherche\/\">Recherche<\/a><\/li>\n<li><a href=\"https:\/\/www.freiburg-schwarzwald.de\/blog\/kultur\/medien\/journalismus\/ruthenberg-medien\/\">Ruthenberg-Medien<\/a><\/li>\n<li><a title=\"Gutmenschen\" href=\"https:\/\/www.freiburg-schwarzwald.de\/blog\/engagement\/gutmenschen\/\">Gutmenschen\u00a0<\/a><\/li>\n<li><a title=\"Schuld\" href=\"https:\/\/www.freiburg-schwarzwald.de\/blog\/engagement\/zukunft\/schuld\/\">Schuld<\/a><\/li>\n<li><a title=\"Selbsthass\" href=\"https:\/\/www.freiburg-schwarzwald.de\/blog\/engagement\/zukunft\/selbsthass\/\">Selbsthass<\/a><\/li>\n<li><a href=\"https:\/\/www.freiburg-schwarzwald.de\/blog\/kultur\/medien\/journalismus\/staatsjournalismus\/\">Staatsjournalismus<\/a><\/li>\n<li><a title=\"Staatsversagen\" href=\"https:\/\/www.freiburg-schwarzwald.de\/blog\/engagement\/zukunft\/demokratie\/staatsversagen\/\">Staatsversagen<\/a><\/li>\n<li><a title=\"WDR\" href=\"https:\/\/www.freiburg-schwarzwald.de\/blog\/kultur\/medien\/wdr\/\">WDR<\/a><\/li>\n<li><a title=\"Wendehals\" href=\"https:\/\/www.freiburg-schwarzwald.de\/blog\/engagement\/zukunft\/demokratie\/wendehals\/\">Wendehals<\/a><\/li>\n<\/ul>\n<p><strong>Milosz Matuschek &#8211; Publizist aus dem Tessin<\/strong><\/p>\n<p>&nbsp;<\/p>\n<p><strong>Ex-Mainstream Journalist Milosz Matuschek packt aus: Was wirklich hinter den Kulissen l\u00e4uft!<\/strong><br \/>\nIn dieser Folge im Modelhof begr\u00fc\u00dfen wir Milosz Matuschek \u2013 Jurist, Publizist und Gr\u00fcnder der \u201eFreischwebenden Intelligenz\u201c auf Substack. Bekannt f\u00fcr seine pr\u00e4zisen Analysen, seinen klaren Blick auf Machtstrukturen und seine kritische Haltung gegen\u00fcber etablierten Medien, verbindet er juristisches Denken mit publizistischer Sch\u00e4rfe.<br \/>\nIm Gespr\u00e4ch geht es um Eigentum, Freiheit und die Frage, wie sich der Mensch aus ideologischen Abh\u00e4ngigkeiten l\u00f6sen kann. Wir diskutieren die Macht der Plattformen, Zensur, Bitcoin und Dezentralisierung als m\u00f6gliche Auswege, aber auch die Gefahren von Propaganda, Krieg und politischen Narrativen.<br \/>\nGemeinsam wagen wir den Blick nach vorn: Wie viel Optimismus ist angesichts von Krisen, Corona-Aufarbeitung und gesellschaftlichen Umbr\u00fcchen erlaubt? Ein Gespr\u00e4ch \u00fcber Mut, Verantwortung und die Hoffnung auf eine freiere Zukunft.<br \/>\n1.10.2025<br \/>\n<a href=\"https:\/\/modelhof.com\/index.html?utm_source=substack&amp;utm_medium=email\">https:\/\/modelhof.com\/index.html?utm_source=substack&amp;utm_medium=email<\/a><br \/>\n<a href=\"https:\/\/www.youtube.com\/watch?v=HVMG40crShM&amp;t=105s\">https:\/\/www.youtube.com\/watch?v=HVMG40crShM&amp;t=105s<\/a><br \/>\n.<br \/>\n<em>Timestamps:<\/em><br \/>\n<em>00:00 Intro<\/em><br \/>\n<em>02:34 Vorstellung Milosz Matuszek<\/em><br \/>\n<em>04:00 Freiheit, Publizistik &amp; Eigentum<\/em><br \/>\n<em>09:00 Medienmacht, Zensur &amp; digitale Abh\u00e4ngigkeit<\/em><br \/>\n<em>15:00 Bitcoin &amp; Dezentralisierung als Ausweg<\/em><br \/>\n<em>22:30 Demokratie, Machtkonzentration &amp; Gegenangebote<\/em><br \/>\n<em>30:00 Gesellschaftliche Umbr\u00fcche &amp; Ideologien \u00fcberwinden<\/em><br \/>\n<em>38:00 Propaganda, Krieg &amp; die Frage nach Gut und B\u00f6se<\/em><br \/>\n<em>46:00 Manipulation, Wahrheit &amp; die Macht der Erinnerung<\/em><br \/>\n<em>55:00 Corona, Impfungen &amp; gesellschaftliche Folgen<\/em><br \/>\n<em>1:04:00 Aufarbeitung oder neues Narrativ?<\/em><br \/>\n<em>1:12:00 Pers\u00f6nliche Reflexion &amp; Optimismus<\/em><br \/>\n<em>1:20:00 Schlussgedanken &amp; Ausblick<\/em><br \/>\n.<br \/>\nQuelle: (Youtube: Gegenwart als Utopie <a href=\"https:\/\/www.youtube.com\/watch?v=HVMG40crShM&amp;t=2043s\">https:\/\/www.youtube.com\/watch?v=HVMG40crShM&amp;t=2043s<\/a> )<br \/>\nWo stehen wir gerade? Gelingt Aufkl\u00e4rung und Wahrheitsfindung oder gehen wir in finstere Zeiten voller Katastrophen, Kriege und Zensur?<br \/>\nGibt es Grund zu Optimismus oder sind wir zum Pessimismus verurteilt?<br \/>\nUnd zum Journalisten gesprochen, der seine Arbeit noch ernst nimmt: Muss man sich Kassandra als gl\u00fccklichen Sisyphos vorstellen?<br \/>\nVieles, was gesagt werden muss, entsteht am besten durch ein Gespr\u00e4ch. Der Gespr\u00e4chspartner kann dabei Geburtshelfer von Gedanken sein, die man so noch nie formuliert hat.<br \/>\nDaniel Model, CEO der Model Group in der Schweiz <a href=\"https:\/\/www.modelgroup.com\/ch\/de\/home.html\">https:\/\/www.modelgroup.com\/ch\/de\/home.html<\/a><\/p>\n<p><a href=\"https:\/\/modelhof.com\/index.html\">\u00a0https:\/\/modelhof.com\/index.html<\/a>\u00a0, ist ein solcher Geburtshelfer: Ein wacher libert\u00e4rer (und was in dieser Kombination selten ist: auch spiritueller) Geist, ein breit gebildeter und tief analysierender Gespr\u00e4chspartner, der f\u00fcr alle Ebenen unserer Lebenswelt zug\u00e4nglich ist und eine begeisternde, fast kindliche Neugier erkennen l\u00e4sst. In einem solchen Setting entstehen besondere Gespr\u00e4che, wie dieses f\u00fcr meine Begriffe eines ist \u2013 rei\u00dferischer Video-Titel hin oder her\u2026<br \/>\nIn diesem Gespr\u00e4ch streife ich auch den Stand der zahlreichen Projekte, von Pareto.space bis zur Friedenstaube <a href=\"https:\/\/pareto.space\/u\/friedenstaube@pareto.space?utm_source=substack&amp;utm_medium=email#subscribe\">https:\/\/pareto.space\/u\/friedenstaube@pareto.space?utm_source=substack&amp;utm_medium=email#subscribe<\/a>, welche dieses Jahr begonnen haben. In einer Phase des Umbruchs und der Unsicherheit entscheide ich mich stets: f\u00fcr das Leben, f\u00fcr die Selbsterm\u00e4chtigung, f\u00fcr die Kooperation, f\u00fcr Versuch und Irrtum, letztlich f\u00fcr das gro\u00dfe Experiment der Transformation, welches immer bei einem selbst beginnen muss.<br \/>\nIch freue mich, dass Sie als Leser dieser Publikation daran teilhaben und diese Schwingungen weitertragen. Wenn Sie mich auf diesem Weg unterst\u00fctzen wollen, freue ich mich besonders.<\/p>\n","protected":false},"excerpt":{"rendered":"<p>Home\u00a0&gt;Kultur\u00a0&gt;Medien\u00a0 &gt;Medienleute &gt;Journalismus &gt;Matuschek Listenauswahl eines Beitrags (Artikel\/Datum, Seite\/Inhalt): Klicken oder scrollen Ex-Mainstream Journalist Milosz Matuschek packt aus: Was wirklich hinter den Kulissen l\u00e4uft! (4.10.2025) Milosz Matuschek: Nach Attentat auf Kirk: Kein &#8222;Je suis Charlie&#8220; (20.9.2025) Wie entsteht nochmal Totalitarismus? &hellip; <a href=\"https:\/\/www.freiburg-schwarzwald.de\/blog\/kultur\/medien\/journalismus\/matuschek\/\">Weiterlesen <span class=\"meta-nav\">&rarr;<\/span><\/a><\/p>\n","protected":false},"author":2,"featured_media":0,"parent":68087,"menu_order":0,"comment_status":"closed","ping_status":"closed","template":"","meta":{"footnotes":""},"class_list":["post-139789","page","type-page","status-publish","hentry"],"_links":{"self":[{"href":"https:\/\/www.freiburg-schwarzwald.de\/blog\/wp-json\/wp\/v2\/pages\/139789","targetHints":{"allow":["GET"]}}],"collection":[{"href":"https:\/\/www.freiburg-schwarzwald.de\/blog\/wp-json\/wp\/v2\/pages"}],"about":[{"href":"https:\/\/www.freiburg-schwarzwald.de\/blog\/wp-json\/wp\/v2\/types\/page"}],"author":[{"embeddable":true,"href":"https:\/\/www.freiburg-schwarzwald.de\/blog\/wp-json\/wp\/v2\/users\/2"}],"replies":[{"embeddable":true,"href":"https:\/\/www.freiburg-schwarzwald.de\/blog\/wp-json\/wp\/v2\/comments?post=139789"}],"version-history":[{"count":5,"href":"https:\/\/www.freiburg-schwarzwald.de\/blog\/wp-json\/wp\/v2\/pages\/139789\/revisions"}],"predecessor-version":[{"id":139806,"href":"https:\/\/www.freiburg-schwarzwald.de\/blog\/wp-json\/wp\/v2\/pages\/139789\/revisions\/139806"}],"up":[{"embeddable":true,"href":"https:\/\/www.freiburg-schwarzwald.de\/blog\/wp-json\/wp\/v2\/pages\/68087"}],"wp:attachment":[{"href":"https:\/\/www.freiburg-schwarzwald.de\/blog\/wp-json\/wp\/v2\/media?parent=139789"}],"curies":[{"name":"wp","href":"https:\/\/api.w.org\/{rel}","templated":true}]}}