{"id":139351,"date":"2025-09-26T15:16:26","date_gmt":"2025-09-26T13:16:26","guid":{"rendered":"https:\/\/www.freiburg-schwarzwald.de\/blog\/?page_id=139351"},"modified":"2026-03-15T15:50:51","modified_gmt":"2026-03-15T14:50:51","slug":"denkfabriken","status":"publish","type":"page","link":"https:\/\/www.freiburg-schwarzwald.de\/blog\/vereine\/ngo\/denkfabriken\/","title":{"rendered":"Denkfabriken"},"content":{"rendered":"<p><a href=\"https:\/\/freiburg-schwarzwald.de\/blog\">Home<\/a>\u00a0&gt;<a title=\"Vereine\" href=\"https:\/\/www.freiburg-schwarzwald.de\/blog\/vereine\/\">Vereine<\/a>\u00a0&gt;<a title=\"Demokratie\" href=\"https:\/\/www.freiburg-schwarzwald.de\/blog\/engagement\/zukunft\/demokratie\/\">Demokratie<\/a>\u00a0&gt;<a href=\"https:\/\/www.freiburg-schwarzwald.de\/blog\/vereine\/ngo\/\">NGO<\/a>\u00a0&gt;<a href=\"https:\/\/www.freiburg-schwarzwald.de\/blog\/vereine\/ngo\/gongo\/\">GONGO<\/a> &gt;<a href=\"https:\/\/www.freiburg-schwarzwald.de\/blog\/vereine\/ngo\/ngo-komplex\/\">NGO-Komplex<\/a> &gt;Denkfabriken<\/p>\n<div id=\"attachment_136778\" style=\"width: 651px\" class=\"wp-caption alignnone\"><a href=\"https:\/\/www.freiburg-schwarzwald.de\/blog\/wp-content\/uploads\/2025\/07\/weizen-ernte2dreisamtal-pan250718.jpg\"><img loading=\"lazy\" decoding=\"async\" aria-describedby=\"caption-attachment-136778\" class=\"size-full wp-image-136778\" src=\"https:\/\/www.freiburg-schwarzwald.de\/blog\/wp-content\/uploads\/2025\/07\/weizen-ernte2dreisamtal-pan250718.jpg\" alt=\"\" width=\"641\" height=\"357\" srcset=\"https:\/\/www.freiburg-schwarzwald.de\/blog\/wp-content\/uploads\/2025\/07\/weizen-ernte2dreisamtal-pan250718.jpg 641w, https:\/\/www.freiburg-schwarzwald.de\/blog\/wp-content\/uploads\/2025\/07\/weizen-ernte2dreisamtal-pan250718-180x100.jpg 180w\" sizes=\"auto, (max-width: 641px) 100vw, 641px\" \/><\/a><p id=\"caption-attachment-136778\" class=\"wp-caption-text\">Weizenernte im Dreisamtal bei Freiburg 18.7.2025<\/p><\/div>\n<ul>\n<li style=\"list-style-type: none;\">\n<ul>\n<li><em>Listenauswahl eines Beitrags (Artikel\/Datum, Seite\/Inhalt): <span style=\"text-decoration: underline;\">Klicken<\/span> oder scrollen<\/em><\/li>\n<li><a href=\"https:\/\/www.freiburg-schwarzwald.de\/blog\/vereine\/ngo\/ngo-komplex\/\">551 CDU-Fragen zu NGOs: Initiative Transparente Demokratie (ITD)<\/a> (15.3.2026)<\/li>\n<li><a href=\"https:\/\/www.freiburg-schwarzwald.de\/blog\/vereine\/ngo\/ngo-komplex\/\">Finanzierung von NGOs: UnsereDemokratie, R21<\/a> (3.10.2025)<\/li>\n<li>\u201eDenkfabriken\u201c lassen sich ebenfalls vom Staat aushalten (25.9.2025)<\/li>\n<li><a href=\"https:\/\/www.freiburg-schwarzwald.de\/blog\/engagement\/zukunft\/demokratie\/konservativ\/\">Konservativer Thinktank R21 \u201eRepublik 21\u201c um Christina Schr\u00f6der<\/a> (25.9.2025)<\/li>\n<li><\/li>\n<li><a href=\"https:\/\/www.freiburg-schwarzwald.de\/blog\/global\/deutschland\/akademikerschwemme\/\">Akademikerschwemme<\/a><\/li>\n<li><a title=\"Aktivisten\" href=\"https:\/\/www.freiburg-schwarzwald.de\/blog\/vereine\/ngo\/aktivisten\/\">Aktivisten<\/a><\/li>\n<li><a title=\"Alte-weisse-Maenner\" href=\"https:\/\/www.freiburg-schwarzwald.de\/blog\/kultur\/alte-weisse-maenner\/\">Alte-weisse-M\u00e4nner<\/a><\/li>\n<li><a href=\"https:\/\/www.freiburg-schwarzwald.de\/blog\/business\/gesund\/corona-virus\/corona-ngo\/\">Corona-NGO<\/a><\/li>\n<li><a href=\"https:\/\/www.freiburg-schwarzwald.de\/blog\/vereine\/ngo\/correctiv\/\">Correctiv<\/a><\/li>\n<li><a href=\"https:\/\/www.freiburg-schwarzwald.de\/blog\/engagement\/zukunft\/demokratie\/demokratiefoerderung\/demokratie-leben\/\">Demokratie-leben<\/a><\/li>\n<li><a title=\"Eliten\" href=\"https:\/\/www.freiburg-schwarzwald.de\/blog\/engagement\/zukunft\/demokratie\/eliten\/\">Eliten<\/a><\/li>\n<li><a href=\"https:\/\/www.freiburg-schwarzwald.de\/blog\/bildung\/wissenschaft\/experten\/\">Experten<\/a><\/li>\n<li><a title=\"Extinction\" href=\"https:\/\/www.freiburg-schwarzwald.de\/blog\/natur\/klima\/extinction\/\">Extinction Rebellion<\/a><\/li>\n<li><a href=\"https:\/\/www.freiburg-schwarzwald.de\/blog\/vereine\/ngo\/gongo\/\">GONGO<\/a><\/li>\n<li><a title=\"Gruenhelme\" href=\"https:\/\/www.freiburg-schwarzwald.de\/blog\/religion\/islam\/gruenhelme\/\">Gruenhelme<\/a><\/li>\n<li><a title=\"Intellektuelle\" href=\"https:\/\/www.freiburg-schwarzwald.de\/blog\/global\/deutschland\/gesellschaft\/intellektuelle\/\">Intellektuelle<\/a><\/li>\n<li><a title=\"IPPNW\" href=\"https:\/\/www.freiburg-schwarzwald.de\/blog\/vereine\/ippnw\/\">IPPNW<\/a><\/li>\n<li><a href=\"https:\/\/www.freiburg-schwarzwald.de\/blog\/vereine\/ngo\/ngo-komplex\/\">NGO-Komplex<\/a><\/li>\n<li><a href=\"https:\/\/www.freiburg-schwarzwald.de\/blog\/engagement\/zukunft\/demokratie\/parteienstaat\/\">Parteienstaat<\/a><\/li>\n<li><a href=\"https:\/\/www.freiburg-schwarzwald.de\/blog\/engagement\/zukunft\/demokratie\/unseredemokratie\/\">UnsereDemokratie<\/a><\/li>\n<li><a href=\"https:\/\/www.freiburg-schwarzwald.de\/blog\/business\/gesund\/who\/\">WHO<\/a><\/li>\n<li><a href=\"https:\/\/www.freiburg-schwarzwald.de\/blog\/global\/deutschland\/gesellschaft\/zivilgesellschaft\/\">Zivilgesellschaft<\/a><\/li>\n<\/ul>\n<p>&nbsp;<\/p>\n<p><strong>\u201eDenkfabriken\u201c lassen sich ebenfalls vom Staat aushalten<\/strong><br \/>\nEs ist schon seltsam, wie der Parteienstaat zumal in Zeiten obsz\u00f6ner Verschuldung mehr oder weniger unversteckt seine angeblich \u201ezivilgesellschaftlichen\u201c Herolde, Einfl\u00fcsterer, Claqueure und Schleppentr\u00e4ger als sogenannte \u201eDenkfabriken\u201c alimentiert.<\/p>\n<p>Offenbar reicht es nicht, dass das Programm \u201e<a href=\"https:\/\/www.freiburg-schwarzwald.de\/blog\/engagement\/zukunft\/demokratie\/demokratiefoerderung\/demokratie-leben\/\">Demokratie leben!<\/a>\u201c mittlerweile auf j\u00e4hrlich 191 Millionen Euro aufgestockt wurde. Das Ganze bis zum Jahr 2032 projektiert, also inkl. 2025 mit 1,528 Milliarden zugunsten von NGOs aus dem linken bis ultralinken Milieu. Und offenbar reicht es auch nicht, dass der Bundesetat f\u00fcr die 20. Legislaturperiode von Oktober 2021 bis Februar 2025 in der Summe 3.506.038.000 Euro f\u00fcr die \u201epolitischen Stiftungen\u201c ausweist, und zwar f\u00fcr die<br \/>\n&#8211; SPD-nahe Friedrich-Ebert-Stiftung 1.388.945.000 Euro<br \/>\n&#8211; CDU-nahe Konrad-Adenauer-Stiftung 869.913.000 Euro<br \/>\n&#8211; \u201egr\u00fcne\u201c Heinrich-B\u00f6ll-Stiftung 342.429.000 Euro<br \/>\n&#8211; FDP-nahe Friedrich-Naumann-Stiftung 329.927.000 Euro<br \/>\n&#8211; SED\/Linke\u201c-nahe Rosa-Luxemburg-Stiftung 317.464.000 Euro<br \/>\n&#8211; CSU-nahe Hanns-Seidel-Stiftung 257.360.000 Euro<br \/>\n&#8211; AfD-nahe Desiderius-Erasmus-Stiftung 0 Euro.<\/p>\n<p>Nun wurde anl\u00e4sslich der aktuellen Haushaltsberatungen bekannt, dass auch einige \u201eDenkfabriken\u201c erneut oder erstmals einen staatlichen Geldsegen erhalten. Bislang kamen sechs Denkfabriken in den Genuss der staatlichen F\u00f6rderung aus dem Etat des Bundespresseamtes (BPA). Im Einzelnen sind das<br \/>\n&#8211; die pro-europ\u00e4ische B\u00fcrgerinitiative Europa-Union (500.000 Euro j\u00e4hrlich),<br \/>\n&#8211; die Gesellschaft f\u00fcr Sicherheitspolitik (600.000 Euro),<br \/>\n&#8211; der deutsche Ableger des amerikanischen Aspen Institutes (500.000 Euro),<br \/>\n&#8211; das von den Gr\u00fcnen-Politikern Marieluise Beck und Ralf F\u00fccks gegr\u00fcndete Zentrum Liberale Moderne (500.000 Euro) sowie<br \/>\n&#8211; das SPD-nahe Progressive Zentrum (500.000 Euro).<\/p>\n<p>Gr\u00f6\u00dfter Nutznie\u00dfer ist die Deutsche Atlantische Gesellschaft, die bislang mit 700.000 Euro pro Jahr bedacht worden ist. Deren j\u00e4hrliche Mittel wurden in der Haushalts-Bereinigungssitzung auf 1,75 Millionen Euro aufgestockt.<br \/>\nErstmals in den Genuss staatlicher Mittel in H\u00f6he von 250.000 Euro kommt der Verein \u201eRepublik 21\u201c.<br \/>\n&#8230;<br \/>\nW\u00e4ren die Geldstr\u00f6me nicht so linksschief verteilt, m\u00fcsste man allen Empf\u00e4ngern dringend empfehlen: Sch\u00e4mt euch, wenn ihr euch abh\u00e4ngig macht und schlie\u00dflich auch hier zur Beute der Parteien macht! Verzichtet auf die Staatsknete und setzt auf den freien Markt der Meinungsbildung!<br \/>\n&#8230; Alles vom 25.9.2025 von Josef Kraus bitte lesen auf<br \/>\n<a href=\"https:\/\/www.tichyseinblick.de\/meinungen\/denkfabriken-staat-finanzierung\/\">https:\/\/www.tichyseinblick.de\/meinungen\/denkfabriken-staat-finanzierung\/<\/a><br \/>\n.<br \/>\nEinige Kommentare:<br \/>\nWer sich anbietet gegen Entgelt kommt den Prostituierten gleich und ist keinen Deut besser, denn auch sie wollen nur das beste um sich dar\u00fcber selbst zu bereichern.<br \/>\nNun kann man dar\u00fcber denken wie man will, aber eines ist sicher, wer auf eigene Rechnung nur \u00fcberleben kann, indem er \u00fcber gef\u00e4llige Auftragsarbeit sein Brot verdient ist im Grunde genommen ein Unfreier und wer aus dieser Stellung heraus gute Ratschl\u00e4ge oder Zukunftsvisionen entwickelt ist so unglaubw\u00fcrdig wie der Elefant im Zoo, der nur dazu dienen soll, ihn dort f\u00fcr die Zuschauer m\u00e4chtig erscheinen zu lassen und in Wirklichkeit ein Gefangener \u00e4u\u00dferer Umst\u00e4nde ist.<br \/>\nLeider gibt es zuviel von dieser Art von Schmarotzern, die ihr Geld nicht ann\u00e4hernd wert sind und sich dabei noch frech als unabh\u00e4ngige Experten darstellen, was einer Lachnummer gleich kommt und das Problem dabei ist die Tatsache, da\u00df man sich bei jedem Vorgang eines Experten bedient, anstatt selbst zu denken und zu handeln.<br \/>\nUnd selbst die Gr\u00f6\u00dften sind sich nicht zu fein an dieser Abzocke teilzunehmen, wo man sich fragen mu\u00df, warum man fr\u00fcher noch wichtigste Entscheidungen aller Art selbst getroffen hat und noch den Mut hatte sich dar\u00fcber zu bew\u00e4hren, w\u00e4hrend man es heute anderen \u00fcberl\u00e4\u00dft und dann die Frage auftaucht, f\u00fcr was sind sie \u00fcberhaupt noch da. Nibelung.<br \/>\n.<br \/>\nWas die Stiftung R21 angeht, der ich freundlich gegen\u00fcber stehe: Einerseits freut es mich, dass auch die Geld bekommen haben. Wer kriegt nicht gern Geld. Andererseits bin ich entsetzt: Sie haben sich k\u00e4uflich gemacht. Sie k\u00f6nnen nicht mehr denken und sagen, was sie wollen.<br \/>\nR21 sollte diese staatliche Finanzierung ausschlagen. Um der Freiheit willen. Marcel Seiler<br \/>\n.<br \/>\nM\u00f6chte wetten, die Mehrheit in diesen \u201eThinktanks\u201c war noch zu keiner Zeit produktiv und berufst\u00e4tig. Klar, da\u00df man dort von dieser Art der Geldeinnahme NIEMALS freiwillig abl\u00e4\u00dft! Mein Onkel<br \/>\n.<br \/>\nNachdem schon alle parteinahen Stiftungen, die Geld erhalten, so flei\u00dfig im Interesse des B\u00fcrgers nachdenken, unsere Parlamentarier mit ihren Mitarbeitern doch hoffentlich auch, unsere Unis und Forschungsstellen kreativ sind, Hunderte von steuer(mit)finanzierten NGOs sich ins Zeug legen f\u00fcr das Wohl von Staat und Gesellschaft und sogenannte Politikberatung betreiben (wie z. B. der Sachverst\u00e4ndigenrat f\u00fcr Integration und Migration), ARD und ZDF uns per Rundfunkbeitrag informieren und bilden, \u2026 kommt es auf die Denkfabriken ja kaum noch an.<br \/>\nKlar haben die Geldstr\u00f6me einen gewaltigen Linksdrall. Unabh\u00e4ngig davon fragt man sich als Beobachter doch einfach, warum an unterschiedlichen Stellen doppelt, dreifach, vierfach \u00fcber irgendwie das Gleiche\/\u00c4hnliches (?) sinniert und geforscht wird.<br \/>\nDas Zentrum Liberale Moderne \u201esteht f\u00fcr die Verteidigung und Erneuerung der liberalen Demokratie, f\u00fcr den Aufbruch in die \u00f6kologische Moderne und f\u00fcr eine fundierte Osteuropa-Expertise. \u2026\u201c<br \/>\nDie Heinrich-B\u00f6ll-Stiftung \u201eversteht sich als Agentur f\u00fcr gr\u00fcne Ideen und Projekte, als reformpolitische Zukunftswerkstatt \u2026 Dabei orientiert sie sich an den politischen Grundwerten \u00d6kologie, Demokratie, Solidarit\u00e4t und Gewaltfreiheit. Ein besonderes Anliegen ist ihr die Verwirklichung einer demokratischen Einwanderungsgesellschaft sowie einer Geschlechterdemokratie \u2026\u201c<br \/>\nEs wird \u00fcberall so viel nachgedacht, dass man sich einfach fragt: Kommt da auch Substanzielles bei der Politik, die hier gro\u00dfz\u00fcgig Millionen Euros verteilt, an? Inspiriert die Rosa-Luxemburg-Stiftung (\u201eSozialismus ist keine Utopie\u201c) zumindest Heidi Reichinnek? Fl\u00fcstert das Progressive Zentrum Herrn Klingbeil Ideen f\u00fcrs \u201eGelingen einer gerechten Transformation\u201c zu? Man wei\u00df es nicht. flo<br \/>\n.<br \/>\nDie drei \u00e4ltesten der genannten \u201c Parteistiftungen\u201c gehen auf die 1950er Jahre zur\u00fcck. Es ist kein Zufall, dass es bis heute keine transparente Gesetzesgrundlage f\u00fcr diese und die nachfolgenden \u201c Parteistiftungen\u201c gibt. Es waren und sind immer staatsfinanzierte NGOs, im neuzeitlichen Jargon Vereine zum Abzocken von Staatsknete durch die politischen Parteien zur Verbreiterung ihrer Macht und zur Versorgung von Funktion\u00e4ren. Schon Karl Jaspers hat 1966, in \u201c Wohin treibt die Bundesrepublik \u201c den Parteienstaat, und auch die Parteistiftungen angeprangert. Das war denen nat\u00fcrlich ganz egal. Sie haben mit st\u00e4ndig steigenden Geldzuweisungen von Staatsmitteln mehr oder weniger nutzlose Apparate aufgebaut, die in relativem Luxus leben und seit mehr als 60 Jahren keinen Nutzen stiften. Die Funktion\u00e4rskaste der Jahre 1960 \u2013 2000 hat ganze Arbeit geleistet. bkkopp<br \/>\n.<br \/>\nAch, das sehe ich gar nicht so schlimm. Denkfabriken, die am Steuergeld h\u00e4ngen, denken nicht wirklich. Sie verschwenden ganz viel Zeit darin, herauszufinden, was ihre politischen Auftraggeber unabh\u00e4ngig von jeglicher Logik h\u00f6ren wollen. Viel mehr Denken ist da nicht. Wilhelm Roepke<br \/>\nEnde Kommentare<\/p>\n<p>&nbsp;<\/p>\n<p>&nbsp;<\/li>\n<\/ul>\n","protected":false},"excerpt":{"rendered":"<p>Home\u00a0&gt;Vereine\u00a0&gt;Demokratie\u00a0&gt;NGO\u00a0&gt;GONGO &gt;NGO-Komplex &gt;Denkfabriken Listenauswahl eines Beitrags (Artikel\/Datum, Seite\/Inhalt): Klicken oder scrollen 551 CDU-Fragen zu NGOs: Initiative Transparente Demokratie (ITD) (15.3.2026) Finanzierung von NGOs: UnsereDemokratie, R21 (3.10.2025) \u201eDenkfabriken\u201c lassen sich ebenfalls vom Staat aushalten (25.9.2025) Konservativer Thinktank R21 \u201eRepublik 21\u201c um &hellip; <a href=\"https:\/\/www.freiburg-schwarzwald.de\/blog\/vereine\/ngo\/denkfabriken\/\">Weiterlesen <span class=\"meta-nav\">&rarr;<\/span><\/a><\/p>\n","protected":false},"author":2,"featured_media":0,"parent":18612,"menu_order":0,"comment_status":"closed","ping_status":"closed","template":"","meta":{"footnotes":""},"class_list":["post-139351","page","type-page","status-publish","hentry"],"_links":{"self":[{"href":"https:\/\/www.freiburg-schwarzwald.de\/blog\/wp-json\/wp\/v2\/pages\/139351","targetHints":{"allow":["GET"]}}],"collection":[{"href":"https:\/\/www.freiburg-schwarzwald.de\/blog\/wp-json\/wp\/v2\/pages"}],"about":[{"href":"https:\/\/www.freiburg-schwarzwald.de\/blog\/wp-json\/wp\/v2\/types\/page"}],"author":[{"embeddable":true,"href":"https:\/\/www.freiburg-schwarzwald.de\/blog\/wp-json\/wp\/v2\/users\/2"}],"replies":[{"embeddable":true,"href":"https:\/\/www.freiburg-schwarzwald.de\/blog\/wp-json\/wp\/v2\/comments?post=139351"}],"version-history":[{"count":5,"href":"https:\/\/www.freiburg-schwarzwald.de\/blog\/wp-json\/wp\/v2\/pages\/139351\/revisions"}],"predecessor-version":[{"id":146775,"href":"https:\/\/www.freiburg-schwarzwald.de\/blog\/wp-json\/wp\/v2\/pages\/139351\/revisions\/146775"}],"up":[{"embeddable":true,"href":"https:\/\/www.freiburg-schwarzwald.de\/blog\/wp-json\/wp\/v2\/pages\/18612"}],"wp:attachment":[{"href":"https:\/\/www.freiburg-schwarzwald.de\/blog\/wp-json\/wp\/v2\/media?parent=139351"}],"curies":[{"name":"wp","href":"https:\/\/api.w.org\/{rel}","templated":true}]}}