{"id":139197,"date":"2025-09-20T09:17:15","date_gmt":"2025-09-20T07:17:15","guid":{"rendered":"https:\/\/www.freiburg-schwarzwald.de\/blog\/?page_id=139197"},"modified":"2026-03-29T13:40:06","modified_gmt":"2026-03-29T11:40:06","slug":"infrastruktur-anschlaege","status":"publish","type":"page","link":"https:\/\/www.freiburg-schwarzwald.de\/blog\/natur\/umwelt\/infrastruktur-anschlaege\/","title":{"rendered":"Infrastruktur-Anschl\u00e4ge"},"content":{"rendered":"<p><a href=\"https:\/\/www.freiburg-schwarzwald.de\/blog\">Home<\/a>\u00a0&gt;<a title=\"Selbsthilfe\" href=\"https:\/\/www.freiburg-schwarzwald.de\/blog\/selbsthilfe\/\">Selbsthilfe<\/a>\u00a0&gt;<a title=\"Krise\" href=\"https:\/\/www.freiburg-schwarzwald.de\/blog\/selbsthilfe\/krise\/\">Krise<\/a>\u00a0&gt;<a title=\"Gewalt\" href=\"https:\/\/www.freiburg-schwarzwald.de\/blog\/selbsthilfe\/krise\/gewalt\/\">Gewalt<\/a>\u00a0&gt;<a title=\"Polizei\" href=\"https:\/\/www.freiburg-schwarzwald.de\/blog\/selbsthilfe\/soziales\/justiz\/polizei\/\">Polizei<\/a> &gt;<a href=\"https:\/\/www.freiburg-schwarzwald.de\/blog\/selbsthilfe\/krise\/gewalt\/linke-gewalt\/\">Linke-Gewalt<\/a> &gt;Infrastruktur-Anschl\u00e4ge<\/p>\n<div id=\"attachment_138716\" style=\"width: 650px\" class=\"wp-caption alignnone\"><a href=\"https:\/\/www.freiburg-schwarzwald.de\/blog\/wp-content\/uploads\/2025\/09\/windrad10ebnet-rotorblatt-68m-pan250901.jpg\"><img loading=\"lazy\" decoding=\"async\" aria-describedby=\"caption-attachment-138716\" class=\"size-full wp-image-138716\" src=\"https:\/\/www.freiburg-schwarzwald.de\/blog\/wp-content\/uploads\/2025\/09\/windrad10ebnet-rotorblatt-68m-pan250901.jpg\" alt=\"\" width=\"640\" height=\"355\" srcset=\"https:\/\/www.freiburg-schwarzwald.de\/blog\/wp-content\/uploads\/2025\/09\/windrad10ebnet-rotorblatt-68m-pan250901.jpg 640w, https:\/\/www.freiburg-schwarzwald.de\/blog\/wp-content\/uploads\/2025\/09\/windrad10ebnet-rotorblatt-68m-pan250901-180x100.jpg 180w\" sizes=\"auto, (max-width: 640px) 100vw, 640px\" \/><\/a><p id=\"caption-attachment-138716\" class=\"wp-caption-text\">60 m langes Rotorblatt f\u00fcr Rosskopf-Windrad am 1.9.2025 in FR-Ebnet<\/p><\/div>\n<ul>\n<li><em>Listenauswahl eines Beitrags (Artikel\/Datum, Seite\/Inhalt): <span style=\"text-decoration: underline;\">Klicken<\/span> oder scrollen<\/em><\/li>\n<li>Bis zu 95 Prozent: Anschl\u00e4ge auf kritische Infrastruktur oft linksextremistisch motiviert (28.3.2026)<\/li>\n<li><a href=\"https:\/\/www.freiburg-schwarzwald.de\/blog\/business\/dienste\/immobilien\/linksterror\/\">Millionensch\u00e4den durch linksextreme Anschl\u00e4ge<\/a> (27.2.2026)<\/li>\n<li><a href=\"https:\/\/www.freiburg-schwarzwald.de\/blog\/stromausfall-von-links-in-berlin\/\">Stromausfall von links in Berlin<\/a>\u00a0(5.1.2026)<\/li>\n<li>Linke Gewalt in Berlin: Brandstiftung zwei gro\u00dfe Strommasten (19.9.2025)<\/li>\n<li>Vom Machtkartell hofiert: Anschl\u00e4ge auf\u00a0 Strommasten in Berlin (19.9.2025)<\/li>\n<li><\/li>\n<li><a href=\"https:\/\/www.freiburg-schwarzwald.de\/blog\/engagement\/zukunft\/demokratie\/staat\/staatsschulden2025\/infrastruktur-schulden\/\">Infrastruktur-Schulden<\/a><\/li>\n<li><a href=\"https:\/\/www.freiburg-schwarzwald.de\/blog\/business\/dienste\/immobilien\/linksterror\/\">Linksterror<\/a><\/li>\n<\/ul>\n<p>&nbsp;<\/p>\n<p><strong>Bis zu 95 Prozent: Anschl\u00e4ge auf kritische Infrastruktur oft linksextremistisch motiviert<\/strong><br \/>\nImmer \u00f6fter kommt es zu Brandanschl\u00e4gen auf kritische Infrastruktur. Wenn es Hinweise auf Tatverd\u00e4chtige gibt, f\u00fchren diese oft ins linksextreme Milieu, wie eine Umfrage von Welt unter allen Bundesl\u00e4ndern zeigt. So gehen in Nordrhein-Westfalen nach Angaben des Innenministeriums 425 von 445 Angriffen auf das Stromnetz auf das Konto von <a href=\"https:\/\/www.freiburg-schwarzwald.de\/blog\/engagement\/zukunft\/demokratie\/extremismus\/linksextremismus\/\">Linksextremisten<\/a> \u2013 das entspricht einem Anteil von 95 Prozent.<br \/>\nAuch in Hessen war der \u00fcberwiegende Teil der T\u00e4ter linksextrem eingestellt. Seit 2015 kam es zu einer \u201emittleren zweistelligen Zahl an Sabotagehandlungen\u201c.<br \/>\n&#8230; Alles vom 28.3.2026 bitte lesen auf<br \/>\n<a href=\"https:\/\/apollo-news.net\/bis-zu-95-prozent-anschlge-auf-kritische-infrastruktur-oft-linksextremistisch-motiviert\/\">https:\/\/apollo-news.net\/bis-zu-95-prozent-anschlge-auf-kritische-infrastruktur-oft-linksextremistisch-motiviert\/<\/a><\/p>\n<p>&nbsp;<\/p>\n<p><strong>Linke Gewalt in Berlin: Brandstiftung zwei gro\u00dfe Strommasten<\/strong><br \/>\nMit dem Anschlag in Berlin nehmen die linksextremistischen T\u00e4ter Tote und Schwerverletzte billigend in Kauf. Wer absichtlich einen 12 Stunden andauernden Stromausfall verursacht, wei\u00df: Niemand kann einen Krankenwagen oder Notarzt rufen, niemand kann die Polizei rufen.\u2026 pic.twitter.com\/sRQJoQL7gi<br \/>\nLinksextremisten haben mit einer gezielten Brandstiftung zwei gro\u00dfe Strommasten lahmgelegt. In der Hauptstadt des immer noch viertgr\u00f6\u00dften Industriestaats der Welt waren deshalb seit Dienstagmorgen zeitweise 50.000 B\u00fcrger und etwa 3.000 Betriebe ohne Strom.<br \/>\nDie Folgen waren dramatisch und f\u00fcr manche Menschen akut lebensbedrohend: Die Feuerwehr musste mehrere Beatmungspatienten aus Pflegeheimen hektisch in Krankenh\u00e4user verlegen. Die Notrufnummern 110 und 112 waren teilweise \u00fcber viele Stunden nicht erreichbar. Auf zahllosen Stra\u00dfen fielen Ampeln und Stra\u00dfenlaternen aus.<br \/>\nIn einem Bekennerschreiben bejubeln selbsternannte \u201eAnarchisten\u201c ihre Tat: Man habe einem Technologiepark \u201eden Saft abgedreht\u201c. Dort w\u00fcrden Unternehmen sitzen, die angeblich \u201eKrieg, \u00dcberwachung und Ausbeutung\u201c f\u00f6rdern. Nach eigenen Angaben wollen die Terroristen \u201ekritische Infrastruktur sabotieren und Widerstand gegen Kapitalismus, Militarisierung und Technologisierung leisten\u201c.<br \/>\nAktuell machen immer noch 15.000 Familien in Berlin bei der Aktion \u201eStromsparen gegen Rechts\u201c mit.<br \/>\n&#8230;.<br \/>\nDie Bagatellisierung von linker Gewalt<br \/>\nDerweil werkelt das gr\u00fcn-linke Lager im Land flei\u00dfig an einer Umpolung unserer Rechtsordnung. Die Meinungsfreiheit wird sukzessive zurechtgestutzt, freilich nur f\u00fcr Nicht-Linke. Wer Robert Habeck als \u201eSchwachkopf\u201c bezeichnet, bekommt eine Hausdurchsuchung. Bei Gesinnungsgenossen ist die neue Gesinnungsjustiz dagegen erwartbar nachsichtig:<br \/>\nFriedlicher Widerspruch gegen das herrschende Polit-Kartell wird systematisch kriminalisiert. Echte Gewalt von links wird dagegen verharmlost und bagatellisiert.<br \/>\nDerzeit eindrucksvollstes Beispiel ist die geradezu hysterische F\u00fcrsorge von Katrin G\u00f6ring-Eckardt und den anderen \u00fcblichen Verd\u00e4chtigen f\u00fcr Maja T. und die Hammerbande, die in Ungarn wegen versuchten Mordes und schwerer K\u00f6rperverletzung vor Gericht stehen.<br \/>\nKein deutsches Vergewaltigungsopfer hat jemals so viel Zuwendung von unseren Linken erfahren wie jetzt ein linksradikaler mutma\u00dflicher Totschl\u00e4ger.<br \/>\nIn Dauerbeschallung beschw\u00f6ren der \u00f6ffentlich-rechtliche Rundfunk und die vielen anderen ideologisch angeschlossenen Medienh\u00e4user unaufh\u00f6rlich eine angebliche Gefahr von rechter politischer Gewalt. Dabei werden die offiziellen Zahlen bis zur Unkenntlichkeit verbogen. Den islamistischen Anschlag auf den Weihnachtsmarkt in Magdeburg 2024 ordnet Wikipedia inzwischen ernsthaft als m\u00f6glicherweise rechtsextremistische Gewalttat ein.<br \/>\n&#8230; Alles vom 12.9.2025 von Alexander Heiden bitte lesen auf<br \/>\n<a href=\"https:\/\/www.tichyseinblick.de\/meinungen\/die-gewalt-kommt-von-links\/\">https:\/\/www.tichyseinblick.de\/meinungen\/die-gewalt-kommt-von-links\/<\/a><br \/>\n.<br \/>\n.<\/p>\n<p><strong>Vom Machtkartell hofiert: Anschl\u00e4ge auf\u00a0 Strommasten in Berlin<\/strong><br \/>\n<strong>Terrorismus: Linksextreme ver\u00fcben immer wieder Anschl\u00e4ge auf die Infrastruktur. <\/strong><br \/>\n<strong>Aber niemand protestiert<\/strong><br \/>\nMichael Paulwitz<\/p>\n<p>Ein Brandanschlag auf zwei Strommasten im Berliner S\u00fcdosten schneidet Zehntausende f\u00fcr mehrere Tage von der Stromversorgung ab. Verantwortlich f\u00fcr den gr\u00f6\u00dften Stromausfall seit Jahrzehnten in der Hauptstadt: offenkundig Linksextremisten. Wenige Tage sp\u00e4ter legt Brandstiftung an einem Stellwerk die Bahnstrecke Berlin-Hannover tagelang lahm. Die T\u00e4ter: wiederum mutma\u00dflich Linksextremisten. Zu den Brandanschl\u00e4gen auf Bahn- und Energie\u00adinfrastruktur, die Anfang des Jahres die Produktion im Tesla-Werk im brandenburgischen Gr\u00fcnheide zum Erliegen bringen, traf ebenfalls ein linksextremes Bekennerschreiben ein. Es \u00e4hnelt dem Bekennerbrief der Berliner Blackout-Terroristen. Der Generalbundesanwalt ermittelt \u2013 und tappt wohl noch immer im dunkeln.<\/p>\n<p>Tatarenmeldungen, die auch direkt aus einem B\u00fcrgerkriegsgebiet stammen k\u00f6nnten. Eine Serie linker Terroranschl\u00e4ge mit Schwerpunkt rund um die Hauptstadt sucht Deutschland heim. Unentbehrliche Infrastruktur wird generalstabsm\u00e4\u00dfig angegriffen, Hunderttausende B\u00fcrger sind betroffen, H\u00e4ndler und Gewerbetreibende erleiden existenzbedrohende Verluste, weil empfindliche Waren in vom Stromnetz abgeh\u00e4ngten K\u00fchleinrichtungen verderben. Gl\u00fcck und Zufall verhindern, da\u00df es zu ernsteren Personensch\u00e4den kommt.<\/p>\n<p>Von Krisenstimmung dennoch keine Spur. Der Kanzler schweigt, statt dem Linksterrorismus entschlossen den Kampf anzusagen. Landespolitiker zucken mit den Achseln oder spulen routiniert einge\u00fcbte Platit\u00fcden ab. Die etablierten Medien k\u00f6cheln die alarmierenden Nachrichten auf kleinster Flamme, verstecken sie in den lokalen und regionalen Spalten und begn\u00fcgen sich brav damit, die abwiegelnden Verlautbarungen der Beh\u00f6rden zu reproduzieren. Investigative Recherchen zu den T\u00e4tern, bohrende Nachfragen an Politik und Beh\u00f6rden? Fehlanzeige. Bitte weitergehen, es gibt nichts zu sehen. Die verunsicherte Bev\u00f6lkerung, im Angesicht des fortschreitenden Verfalls von Wirtschaft, Wohlstand, \u00f6ffentlicher Ordnung und innerer Sicherheit ohnehin von Sorgen aller Art geplagt, soll sich an die wiederkehrenden Ausbr\u00fcche linker Gewalt wohl allm\u00e4hlich gew\u00f6hnen.<\/p>\n<p>Schlie\u00dflich wird \u00fcber das zum Alltagsbrauch gewordene Anz\u00fcnden von parkenden Autos, die Krawalle und Belagerungsszenen rund um linke \u201eDemonstrationen\u201c und andere \u00f6ffentliche Machtdemonstrationen oder die als Gewohnheitsrecht angesehenen Angriffe und \u00dcberf\u00e4lle auf nicht-linke Politiker, deren B\u00fcros und Veranstaltungen, wenn \u00fcberhaupt, l\u00e4ngst auch nur noch so knapp und fatalistisch berichtet wie \u00fcber das Wetter. Das Krebsgeschw\u00fcr der linken Gewalt und des linksextremen Terrors fri\u00dft sich unterdessen immer tiefer in Staat und Gesellschaft hinein. Die Passivit\u00e4t und Hilflosigkeit der Verantwortlichen gegen\u00fcber dieser Bedrohung erreicht die Dimensionen einer veritablen Staatskrise.<br \/>\nNicht da\u00df es der Staatsgewalt an Ermittlungskapazit\u00e4ten und Machtmitteln fehlen w\u00fcrde, um der Herausforderung durch b\u00fcrgerkriegsbereite linke Strukturen entgegenzutreten. Gilt es der Jagd auf unbotm\u00e4\u00dfige Politiker-Beschimpfer oder als Bedrohung markierter subversiver Strukturen von \u201erechts\u201c, verm\u00f6gen die Kommandogeber durchaus martialische Aufgebote an Sicherheitskr\u00e4ften in Marsch zu setzen, selbst wenn es sich bei den mutma\u00dflichen \u201eRechtsterroristen\u201c lediglich um schwadronierende Rentnergangs oder wirrk\u00f6pfige Online-Maulhelden handeln mag.<\/p>\n<p>Die verbreitete Blindheit auf dem linken Auge hat tiefere, verst\u00f6rendere Ursachen. W\u00e4hrend der linksextreme Terror der 1970er Jahre noch auf einen breiten politischen und gesellschaftlichen Konsens der entschlossenen Bek\u00e4mpfung traf und die sympathisierenden subkulturellen Milieus sich noch in einer gesellschaftlichen Minderheitenposition befanden, kann von einer einhelligen Ablehnung politisch motivierter Gewalt ein halbes Jahrhundert sp\u00e4ter realistisch kaum mehr die Rede sein. Da\u00df linksextreme Gewaltt\u00e4ter und Terrorgruppen ihr Zerst\u00f6rungswerk wenig behelligt und oftmals unterhalb des Radars der \u00f6ffentlichen Wahrnehmung verrichten k\u00f6nnen, ist nicht zuletzt Folge einer s\u00e4kularen Linksverschiebung in der politischen Landschaft der Bundesrepublik Deutschland.<\/p>\n<p>Die klammheimlichen Sympathisanten des Linksterrors der Siebziger und Achtziger sind mit ihrer Generationenpartei, den Gr\u00fcnen, selbst an die Spitzen von Staat und Verwaltung und an den Hebeln der Macht angelangt. Die SED, die als \u201eDDR\u201c-Staatspartei linke Umsturzbestrebungen beim \u201eKlassenfeind\u201c im Westen finanziell und logistisch unterst\u00fctzte und ermunterte, geh\u00f6rt inzwischen selbst zum bundesrepublikanischen Establishment und beansprucht ihren festen Platz im Machtkartell der sogenannten \u201edemokratischen Mitte\u201c.<\/p>\n<p>Der erfolgreiche linke Marsch durch die Institutionen hat das rechtsstaatliche Fundament der Bundesrepublik Deutschland tief ausgeh\u00f6hlt und die Transformation in eine linke Gesinnungsrepublik weit vorangetrieben. Die Beg\u00fcnstigung radikaler und militanter Strukturen als Widerlager und Druckverst\u00e4rker der gesellschaftlichen Machtergreifung war und ist fester Bestandteil dieses Programms.<br \/>\nBef\u00fcrworter, Sympathisanten oder auch F\u00f6rderer linker Gewalt sind folglich auf nahezu allen einflu\u00dfreichen gesellschaftlichen, politischen und administrativen Machtebenen zu finden: in Parteien, Redaktionen und Bildungseinrichtungen, Gerichten und Beh\u00f6rden, Sicherheitskr\u00e4ften und Regierungsapparaten. Nicht zu vergessen das reichlich mit Steuergeld ged\u00fcngte Geflecht von Pseudo-\u201eNichtregierungsorganisationen\u201c, die als Staat im Staate linke Vorherrschaft jenseits demokratischer Kontrolle institutionalisieren.<\/p>\n<p>Parteichefs, die sich offen zur \u201eAntifa\u201c z\u00e4hlen, Regierungspolitiker, die militante \u201eKlimasch\u00fctzer\u201c hofieren, Polit-Prominenz, die im Ausland inhaftierten Linksterroristen sogar im Gef\u00e4ngnis die Aufwartung macht, Richter, die linken Gewaltt\u00e4tern \u201emoralische\u201c Motive bescheinigen, Polizeif\u00fchrungen, die Einsatzintensit\u00e4t nach der politischen Ausrichtung von Gesetzes\u00fcbertretern dosieren \u2013 sie alle sind somit Teil des Problems.<\/p>\n<p>Das Schweigen des Kanzlers zur linken Terrorserie in der Hauptstadt mu\u00df daher nicht verwundern. Glaubt er doch, Kanzler nur von Gnaden jener linken Kr\u00e4fte sein zu k\u00f6nnen, die mit dem organisierten Linksextremismus aufs engste verwoben sind. Dialektische Ironie liegt darin, da\u00df selbst den Hexenmeistern der linken Gewalt die Kontrolle \u00fcber ihre Kreaturen entgleitet. Solange das links-dominierte etablierte Machtkartell besteht, gibt es aus diesem Dilemma allerdings auch keinen Ausweg.<br \/>\n&#8230; Alles vom 19.9.2025 von Michael Paulwitz bitte lesen in der JF 39\/25, Seite 1<\/p>\n<p>.<\/p>\n","protected":false},"excerpt":{"rendered":"<p>Home\u00a0&gt;Selbsthilfe\u00a0&gt;Krise\u00a0&gt;Gewalt\u00a0&gt;Polizei &gt;Linke-Gewalt &gt;Infrastruktur-Anschl\u00e4ge Listenauswahl eines Beitrags (Artikel\/Datum, Seite\/Inhalt): Klicken oder scrollen Bis zu 95 Prozent: Anschl\u00e4ge auf kritische Infrastruktur oft linksextremistisch motiviert (28.3.2026) Millionensch\u00e4den durch linksextreme Anschl\u00e4ge (27.2.2026) Stromausfall von links in Berlin\u00a0(5.1.2026) Linke Gewalt in Berlin: Brandstiftung zwei gro\u00dfe &hellip; <a href=\"https:\/\/www.freiburg-schwarzwald.de\/blog\/natur\/umwelt\/infrastruktur-anschlaege\/\">Weiterlesen <span class=\"meta-nav\">&rarr;<\/span><\/a><\/p>\n","protected":false},"author":2,"featured_media":0,"parent":512,"menu_order":0,"comment_status":"closed","ping_status":"closed","template":"","meta":{"footnotes":""},"class_list":["post-139197","page","type-page","status-publish","hentry"],"_links":{"self":[{"href":"https:\/\/www.freiburg-schwarzwald.de\/blog\/wp-json\/wp\/v2\/pages\/139197","targetHints":{"allow":["GET"]}}],"collection":[{"href":"https:\/\/www.freiburg-schwarzwald.de\/blog\/wp-json\/wp\/v2\/pages"}],"about":[{"href":"https:\/\/www.freiburg-schwarzwald.de\/blog\/wp-json\/wp\/v2\/types\/page"}],"author":[{"embeddable":true,"href":"https:\/\/www.freiburg-schwarzwald.de\/blog\/wp-json\/wp\/v2\/users\/2"}],"replies":[{"embeddable":true,"href":"https:\/\/www.freiburg-schwarzwald.de\/blog\/wp-json\/wp\/v2\/comments?post=139197"}],"version-history":[{"count":6,"href":"https:\/\/www.freiburg-schwarzwald.de\/blog\/wp-json\/wp\/v2\/pages\/139197\/revisions"}],"predecessor-version":[{"id":147181,"href":"https:\/\/www.freiburg-schwarzwald.de\/blog\/wp-json\/wp\/v2\/pages\/139197\/revisions\/147181"}],"up":[{"embeddable":true,"href":"https:\/\/www.freiburg-schwarzwald.de\/blog\/wp-json\/wp\/v2\/pages\/512"}],"wp:attachment":[{"href":"https:\/\/www.freiburg-schwarzwald.de\/blog\/wp-json\/wp\/v2\/media?parent=139197"}],"curies":[{"name":"wp","href":"https:\/\/api.w.org\/{rel}","templated":true}]}}