{"id":138947,"date":"2025-09-11T09:46:02","date_gmt":"2025-09-11T07:46:02","guid":{"rendered":"https:\/\/www.freiburg-schwarzwald.de\/blog\/?page_id=138947"},"modified":"2025-09-11T09:50:52","modified_gmt":"2025-09-11T07:50:52","slug":"stambulant","status":"publish","type":"page","link":"https:\/\/www.freiburg-schwarzwald.de\/blog\/business\/dienste\/pflege\/stambulant\/","title":{"rendered":"Stambulant"},"content":{"rendered":"<p>Home &gt;<a title=\"Selbsthilfe\" href=\"https:\/\/www.freiburg-schwarzwald.de\/blog\/selbsthilfe\/\">Selbsthilfe<\/a>\u00a0&gt;<a title=\"Senioren\" href=\"https:\/\/www.freiburg-schwarzwald.de\/blog\/selbsthilfe\/senioren\/\">Senioren<\/a>\u00a0&gt;<a title=\"Dienste\" href=\"https:\/\/www.freiburg-schwarzwald.de\/blog\/branchen\/dienste\/\">Dienste<\/a> &gt;<a href=\"https:\/\/www.freiburg-schwarzwald.de\/blog\/business\/dienste\/pflege\/\">Pflege<\/a> &gt;Stambulant<\/p>\n<div id=\"attachment_135911\" style=\"width: 650px\" class=\"wp-caption alignnone\"><a href=\"https:\/\/www.freiburg-schwarzwald.de\/blog\/wp-content\/uploads\/2025\/07\/pfeierberg-neuhaeuser-pan250701.jpg\"><img loading=\"lazy\" decoding=\"async\" aria-describedby=\"caption-attachment-135911\" class=\"size-full wp-image-135911\" src=\"https:\/\/www.freiburg-schwarzwald.de\/blog\/wp-content\/uploads\/2025\/07\/pfeierberg-neuhaeuser-pan250701.jpg\" alt=\"\" width=\"640\" height=\"443\" srcset=\"https:\/\/www.freiburg-schwarzwald.de\/blog\/wp-content\/uploads\/2025\/07\/pfeierberg-neuhaeuser-pan250701.jpg 640w, https:\/\/www.freiburg-schwarzwald.de\/blog\/wp-content\/uploads\/2025\/07\/pfeierberg-neuhaeuser-pan250701-180x125.jpg 180w\" sizes=\"auto, (max-width: 640px) 100vw, 640px\" \/><\/a><p id=\"caption-attachment-135911\" class=\"wp-caption-text\">Blick nach S\u00fcden zum Pfeiferberg und den Windr\u00e4dern am Schauinsland am 30.6.2025<\/p><\/div>\n<ul>\n<li><em>Listenauswahl eines Beitrags (Artikel\/Datum, Seite\/Inhalt): <span style=\"text-decoration: underline;\">Klicken<\/span> oder scrollen<\/em><\/li>\n<li>Wann kommt das Stambulant-Heim nach Biederbach? (11.9.2025)<\/li>\n<li><a href=\"https:\/\/www.freiburg-schwarzwald.de\/blog\/business\/dienste\/pflege\/\">Stambulant-Konzept in Benevit-Plegeheim Wyhl<\/a> (9.11.2023)<\/li>\n<\/ul>\n<p>&nbsp;<\/p>\n<p><strong>Wann kommt das Stambulant-Heim nach Biederbach?<\/strong><br \/>\nDer Pflegekonzern Benevit nimmt das neue Heim in Biederbach in Angriff. Vor Ort rechnet man damit, dass es bald gr\u00fcnes Licht gibt. Doch ein wichtiges Detail ist weiter unklar.<br \/>\nAnfang August hat die Bundesregierung den Weg f\u00fcr die stambulante Pflege frei gemacht \u2013 fast. Denn obschon in der Kabinettssitzung ein Grundsatzbeschluss gefasst wurde, fehlt weiterhin eine gesetzliche Grundlage f\u00fcr das vom Pflegekonzern Benevit entwickelte Konzept. Es verbindet Elemente der vollstation\u00e4ren und ambulanten pflegerischen Versorgung miteinander. Nachdem das Modell jahrelang im Haus Rheinaue in Wyhl getestet und evaluiert wurde, fehlt bis heute die gesetzliche Verankerung des Modells.<br \/>\n&#8222;Es braucht eine klare Regelung im Gesetz&#8220;, sagt Benevit-Inhaber Kaspar Pfister mit Blick auf die Ank\u00fcndigung der Bundesregierung. &#8222;Stambulant ist in allen Details definiert, seit neun Jahren in der Praxis erprobt und mehrfach wissenschaftlich evaluiert und wird von allen Beteiligten positiv bewertet&#8220;, sagt er. Er sehe es positiv, dass der Gesetzesentwurf sich nun im parlamentarischen Prozess befinde. &#8222;Ich gehe davon aus, dass die Gesundheitspolitiker der Koalition im parlamentarischen Verfahren einen Weg finden werden, dass das Konzept jetzt eine klare Rechtsgrundlage ohne erneute Kommission bekommt.&#8220; Erst dann werde die Investition in Biederbach m\u00f6glich.<br \/>\n&#8230;<br \/>\nDas Kofferwort steht f\u00fcr eine Kombination aus station\u00e4ren und ambulanten Elementen in sogenannten Pflege-Wohngemeinschaften, die auch die Mitwirkung der Angeh\u00f6rigen erm\u00f6glicht \u2013 die Bewohner zahlen ein Basispaket und k\u00f6nnen Pflegeleistungen nach Bedarf dazubuchen. Benevit betreibt auch ein Heim in Reute, das bisher noch in konventioneller Weise gef\u00fchrt wird. Erst mit der gesetzlichen Grundlage soll auch dort dann auf das Stambulant-Konzept umgestellt werden. Zudem hat die Firma Pl\u00e4ne f\u00fcr ein neues Heim mit 56 Pflegepl\u00e4tzen in Gutach. Pfister hatte zuletzt von einem m\u00f6glichen Invest von 8,5 Millionen Euro gesprochen.<\/p>\n<p>&#8230; Alles von Philipp Peters bitte lesen auf<br \/>\n<a href=\"https:\/\/www.badische-zeitung.de\/wann-kommt-das-stambulant-heim-nach-biederbach\">https:\/\/www.badische-zeitung.de\/wann-kommt-das-stambulant-heim-nach-biederbach<\/a><\/p>\n","protected":false},"excerpt":{"rendered":"<p>Home &gt;Selbsthilfe\u00a0&gt;Senioren\u00a0&gt;Dienste &gt;Pflege &gt;Stambulant Listenauswahl eines Beitrags (Artikel\/Datum, Seite\/Inhalt): Klicken oder scrollen Wann kommt das Stambulant-Heim nach Biederbach? (11.9.2025) Stambulant-Konzept in Benevit-Plegeheim Wyhl (9.11.2023) &nbsp; Wann kommt das Stambulant-Heim nach Biederbach? Der Pflegekonzern Benevit nimmt das neue Heim in Biederbach &hellip; <a href=\"https:\/\/www.freiburg-schwarzwald.de\/blog\/business\/dienste\/pflege\/stambulant\/\">Weiterlesen <span class=\"meta-nav\">&rarr;<\/span><\/a><\/p>\n","protected":false},"author":2,"featured_media":0,"parent":187,"menu_order":0,"comment_status":"closed","ping_status":"closed","template":"","meta":{"footnotes":""},"class_list":["post-138947","page","type-page","status-publish","hentry"],"_links":{"self":[{"href":"https:\/\/www.freiburg-schwarzwald.de\/blog\/wp-json\/wp\/v2\/pages\/138947","targetHints":{"allow":["GET"]}}],"collection":[{"href":"https:\/\/www.freiburg-schwarzwald.de\/blog\/wp-json\/wp\/v2\/pages"}],"about":[{"href":"https:\/\/www.freiburg-schwarzwald.de\/blog\/wp-json\/wp\/v2\/types\/page"}],"author":[{"embeddable":true,"href":"https:\/\/www.freiburg-schwarzwald.de\/blog\/wp-json\/wp\/v2\/users\/2"}],"replies":[{"embeddable":true,"href":"https:\/\/www.freiburg-schwarzwald.de\/blog\/wp-json\/wp\/v2\/comments?post=138947"}],"version-history":[{"count":4,"href":"https:\/\/www.freiburg-schwarzwald.de\/blog\/wp-json\/wp\/v2\/pages\/138947\/revisions"}],"predecessor-version":[{"id":138952,"href":"https:\/\/www.freiburg-schwarzwald.de\/blog\/wp-json\/wp\/v2\/pages\/138947\/revisions\/138952"}],"up":[{"embeddable":true,"href":"https:\/\/www.freiburg-schwarzwald.de\/blog\/wp-json\/wp\/v2\/pages\/187"}],"wp:attachment":[{"href":"https:\/\/www.freiburg-schwarzwald.de\/blog\/wp-json\/wp\/v2\/media?parent=138947"}],"curies":[{"name":"wp","href":"https:\/\/api.w.org\/{rel}","templated":true}]}}