{"id":138824,"date":"2025-09-05T19:31:19","date_gmt":"2025-09-05T17:31:19","guid":{"rendered":"https:\/\/www.freiburg-schwarzwald.de\/blog\/?page_id=138824"},"modified":"2025-09-05T19:39:16","modified_gmt":"2025-09-05T17:39:16","slug":"corona-gesundheit","status":"publish","type":"page","link":"https:\/\/www.freiburg-schwarzwald.de\/blog\/business\/gesund\/corona-virus\/corona-gesundheit\/","title":{"rendered":"Corona-Gesundheit"},"content":{"rendered":"<p><a href=\"https:\/\/www.freiburg-schwarzwald.de\/blog\">Home<\/a>\u00a0&gt;<a title=\"Gesund\" href=\"https:\/\/www.freiburg-schwarzwald.de\/blog\/business\/gesund\/\">Gesund<\/a>\u00a0&gt;<a href=\"https:\/\/www.freiburg-schwarzwald.de\/blog\/selbsthilfe\/soziales\/justiz\/rechtsstaat\/\">Rechtsstaa<\/a>t\u00a0&gt;<a title=\"Corona-Virus\" href=\"https:\/\/www.freiburg-schwarzwald.de\/blog\/business\/gesund\/corona-virus\/\">Corona-Virus<\/a>\u00a0&gt;<a href=\"https:\/\/www.freiburg-schwarzwald.de\/blog\/business\/gesund\/corona-virus\/corona-rechenschaft\/\">Corona-Rechenschaft<\/a> &gt;<a href=\"https:\/\/www.freiburg-schwarzwald.de\/blog\/business\/gesund\/corona-virus\/corona-aufarbeitung\/\">Corona-Aufarbeitung<\/a> &gt;Corona-Gesundheit<\/p>\n<div id=\"attachment_132671\" style=\"width: 650px\" class=\"wp-caption alignnone\"><a href=\"https:\/\/www.freiburg-schwarzwald.de\/blog\/wp-content\/uploads\/2025\/04\/storch-freiburg-ebnet-dreisamtal-pan250408.jpg\"><img loading=\"lazy\" decoding=\"async\" aria-describedby=\"caption-attachment-132671\" class=\"size-full wp-image-132671\" src=\"https:\/\/www.freiburg-schwarzwald.de\/blog\/wp-content\/uploads\/2025\/04\/storch-freiburg-ebnet-dreisamtal-pan250408.jpg\" alt=\"\" width=\"640\" height=\"407\" srcset=\"https:\/\/www.freiburg-schwarzwald.de\/blog\/wp-content\/uploads\/2025\/04\/storch-freiburg-ebnet-dreisamtal-pan250408.jpg 640w, https:\/\/www.freiburg-schwarzwald.de\/blog\/wp-content\/uploads\/2025\/04\/storch-freiburg-ebnet-dreisamtal-pan250408-180x114.jpg 180w\" sizes=\"auto, (max-width: 640px) 100vw, 640px\" \/><\/a><p id=\"caption-attachment-132671\" class=\"wp-caption-text\">Blick nach Westen im Dreisamtal auf Freiburg-Ebnet am 8.4.2025 &#8211; 13 St\u00f6rche<\/p><\/div>\n<p>&nbsp;<\/p>\n<ul>\n<li><em>Listenauswahl eines Beitrags (Artikel\/Datum, Seite\/Inhalt): <span style=\"text-decoration: underline;\">Klicken<\/span> oder scrollen<\/em><\/li>\n<li>Aya Vel\u00e1zquez: Die Investigavjournalistin bei Jasmin Kosubek (4.9.2025)<\/li>\n<\/ul>\n<p><strong>Aya Vel\u00e1zquez: Die Investigavjournalistin bei Jasmin Kosubek<\/strong><br \/>\n(a) Aya Vel\u00e1zquez deckt Corona-L\u00fcgen auf | RKI-Protokolle und Corona-Aussch\u00fcsse sind erst der Anfang. Z<br \/>\n<a href=\"https:\/\/www.youtube.com\/watch?v=oZ8Z41klkA0\">https:\/\/www.youtube.com\/watch?v=oZ8Z41klkA0<\/a><\/p>\n<p>(b) Psychologische Operationen mit Klima, Protest und Gesellschaft. Das Besondere dieses Interviews: Minuti\u00f6se entlarvende Info von A.V. als Augenzeugin des &#8222;Sturm auf den Reichstag&#8220; im August 2020 parallel zur gr. Querdenker-Demo. <a href=\"https:\/\/www.youtube.com\/watch?v=NEZ1030eaNg\">https:\/\/www.youtube.com\/watch?v=NEZ1030eaNg<\/a><\/p>\n<p>(c) Weiteres sehr gutes Interview mit Aya Velasquez zu RKI-Lecks, hier bei Marc Friedrich:<br \/>\nRKI-Protokolle: Whistleblower offenbart neue Einblicke (Interview Aya Vel\u00e1zquez) Min 34:30ff Corona-Strategie zu Landtagswahlen<br \/>\n<a href=\"https:\/\/www.youtube.com\/watch?v=SZDS4zVdoOQ\">https:\/\/www.youtube.com\/watch?v=SZDS4zVdoOQ<\/a><br \/>\n.<br \/>\nDer de.wikipedia-Artikel zu Velasquez wurde gel\u00f6scht: &#8222;Dieser Artikel existiert nicht.&#8220;<br \/>\nStand 4.9.2025), zuvor: &#8222;Unter dem Pseudonym Aya Vel\u00e1zquez arbeitet die deutsche Aktivistin und Publizistin Magdalena Jany (*1986). Bekannt wurde sie durch ihren Aktivismus in Folge&#8230;&#8220;<br \/>\nAya Vel\u00e0zquez ist freie <a href=\"https:\/\/www.freiburg-schwarzwald.de\/blog\/kultur\/medien\/journalismus\/recherche\/\">Journalistin<\/a> und Kulturanthropologin, die seit 2020 fundierte und investigative Recherchen zur Pandemiepolitik ver\u00f6ffentlicht. Sie wird aus seltsamen Anl\u00e4ssen vom Verfassungsschutz beobachtet und will sich dagegen wehren, will einen Formulargenerator f\u00fcr andere um Transparenz zu schaffen. Sie beobachtet nun selber den Verfassungsschutz (was erlaubt ist!).<br \/>\nMehr dazu: <a href=\"https:\/\/www.die-tagespost.de\/politik\/aya-velazquez-wir-wollen-das-gegenprojekt-zum-verfassungsschutz-werden-art-256697\">https:\/\/www.die-tagespost.de\/politik\/aya-velazquez-wir-wollen-das-gegenprojekt-zum-verfassungsschutz-werden-art-256697<\/a><br \/>\ndaraus: &#8222;(&#8230;) 2021 gab es zwei relevante \u00c4nderungen: Einerseits die Einf\u00fchrung des neuen Ph\u00e4nomenbereichs \u201eVerfassungsschutzrelevante Delegitimierung des Staates\u201c, und andererseits eine \u00c4nderung des Bundesverfassungsschutzgesetzes, sodass seitdem auch eine Beobachtung von Einzelpersonen m\u00f6glich ist. Mir war es kaum vorstellbar, dass das nicht politisch missbraucht werden w\u00fcrde, zumal der Verfassungsschutz den jeweiligen Innenministerien unterstellt, also weisungsgebunden ist. Ich vermutete, dass mit diesen Neuerungen unliebsame Menschen ins Visier genommen werden sollten. Gerade der neue Ph\u00e4nomenbereich ist ja so schwammig definiert, dass da fast jeder darunterfallen kann, der schon mal die Regierung kritisiert hat.(&#8230;)<br \/>\n.<br \/>\nBastian Barucker, und Aya Vel\u00e1zquez: \u00a0&#8222;Vereinnahmte Wissenschaft&#8220;. Die Corona-Protokolle des Robert-Koch-Instituts.&#8220; 18.7.2025, bei massel Verlag.<br \/>\n<a href=\"https:\/\/www.lovelybooks.de\/autor\/Aya-Vel\u00e1zquez\/\">https:\/\/www.lovelybooks.de\/autor\/Aya-Vel\u00e1zquez\/<\/a><br \/>\nInhaltsangabe:<br \/>\nEin Buch f\u00fcr alle, die die Corona-Jahre besser verstehen wollen \u2013 fundiert, vielstimmig und mit dem Anspruch, Aufkl\u00e4rung und Verst\u00e4ndigung zu erm\u00f6glichen.<br \/>\nWie unabh\u00e4ngig war das RKI wirklich? Welche wissenschaftlichen Einsch\u00e4tzungen wurden ignoriert \u2013 und warum?<br \/>\nDieser brisante Sammelband gew\u00e4hrt erstmals tiefe Einblicke in die lange unter Verschluss ge\u00ad\u00adhaltenen Protokolle des COVID-19-\u00adKrisenstabs am Robert-Koch-\u00adInstitut. Eine fachkundige Autorengruppe \u2013 darunter Mediziner, Juristen und Publizisten \u2013 rekonstruiert den wissenschaftlichen Kenntnisstand w\u00e4hrend des Corona-Geschehens. Dabei wird offensichtlich, wie politische Inte\u00adr\u00adessen \u201eDie Wissenschaft\u201c \u00fcber\u00adlagerten \u2013 und was das f\u00fcr die freiheitlich-demokratische Grundordnung bedeutet.<br \/>\nMit Beitr\u00e4gen von u.\u202fa. Juli Zeh, Wolfgang Kubicki, Svenja Fla\u00dfp\u00f6hler, Elisa Hoven, Paul Schreyer und Aya Vel\u00e1zquez.<\/p>\n","protected":false},"excerpt":{"rendered":"<p>Home\u00a0&gt;Gesund\u00a0&gt;Rechtsstaat\u00a0&gt;Corona-Virus\u00a0&gt;Corona-Rechenschaft &gt;Corona-Aufarbeitung &gt;Corona-Gesundheit &nbsp; Listenauswahl eines Beitrags (Artikel\/Datum, Seite\/Inhalt): Klicken oder scrollen Aya Vel\u00e1zquez: Die Investigavjournalistin bei Jasmin Kosubek (4.9.2025) Aya Vel\u00e1zquez: Die Investigavjournalistin bei Jasmin Kosubek (a) Aya Vel\u00e1zquez deckt Corona-L\u00fcgen auf | RKI-Protokolle und Corona-Aussch\u00fcsse sind erst der &hellip; <a href=\"https:\/\/www.freiburg-schwarzwald.de\/blog\/business\/gesund\/corona-virus\/corona-gesundheit\/\">Weiterlesen <span class=\"meta-nav\">&rarr;<\/span><\/a><\/p>\n","protected":false},"author":2,"featured_media":0,"parent":79419,"menu_order":0,"comment_status":"closed","ping_status":"closed","template":"","meta":{"footnotes":""},"class_list":["post-138824","page","type-page","status-publish","hentry"],"_links":{"self":[{"href":"https:\/\/www.freiburg-schwarzwald.de\/blog\/wp-json\/wp\/v2\/pages\/138824","targetHints":{"allow":["GET"]}}],"collection":[{"href":"https:\/\/www.freiburg-schwarzwald.de\/blog\/wp-json\/wp\/v2\/pages"}],"about":[{"href":"https:\/\/www.freiburg-schwarzwald.de\/blog\/wp-json\/wp\/v2\/types\/page"}],"author":[{"embeddable":true,"href":"https:\/\/www.freiburg-schwarzwald.de\/blog\/wp-json\/wp\/v2\/users\/2"}],"replies":[{"embeddable":true,"href":"https:\/\/www.freiburg-schwarzwald.de\/blog\/wp-json\/wp\/v2\/comments?post=138824"}],"version-history":[{"count":4,"href":"https:\/\/www.freiburg-schwarzwald.de\/blog\/wp-json\/wp\/v2\/pages\/138824\/revisions"}],"predecessor-version":[{"id":138828,"href":"https:\/\/www.freiburg-schwarzwald.de\/blog\/wp-json\/wp\/v2\/pages\/138824\/revisions\/138828"}],"up":[{"embeddable":true,"href":"https:\/\/www.freiburg-schwarzwald.de\/blog\/wp-json\/wp\/v2\/pages\/79419"}],"wp:attachment":[{"href":"https:\/\/www.freiburg-schwarzwald.de\/blog\/wp-json\/wp\/v2\/media?parent=138824"}],"curies":[{"name":"wp","href":"https:\/\/api.w.org\/{rel}","templated":true}]}}