{"id":138315,"date":"2025-08-26T21:21:28","date_gmt":"2025-08-26T19:21:28","guid":{"rendered":"https:\/\/www.freiburg-schwarzwald.de\/blog\/?page_id=138315"},"modified":"2025-08-27T19:34:25","modified_gmt":"2025-08-27T17:34:25","slug":"kandidatur-verbot","status":"publish","type":"page","link":"https:\/\/www.freiburg-schwarzwald.de\/blog\/engagement\/zukunft\/demokratie\/wahlrecht\/kandidatur-verbot\/","title":{"rendered":"Kandidatur-Verbot"},"content":{"rendered":"<p><a href=\"https:\/\/www.freiburg-schwarzwald.de\/blog\">Home<\/a> &gt;<a href=\"https:\/\/www.freiburg-schwarzwald.de\/blog\/engagement\/\">Engagement<\/a>&gt;<a title=\"Demokratie\" href=\"https:\/\/www.freiburg-schwarzwald.de\/blog\/engagement\/zukunft\/demokratie\/\">Demokratie<\/a>\u00a0&gt;<a title=\"Partei\" href=\"https:\/\/www.freiburg-schwarzwald.de\/blog\/vereine\/partei\/\">Partei<\/a> &gt;<a href=\"https:\/\/www.freiburg-schwarzwald.de\/blog\/engagement\/zukunft\/demokratie\/wahlrecht\/\">Wahlrecht<\/a> &gt;Kandidatur-Verbot<\/p>\n<div id=\"attachment_132989\" style=\"width: 649px\" class=\"wp-caption alignnone\"><a href=\"https:\/\/www.freiburg-schwarzwald.de\/blog\/wp-content\/uploads\/2025\/04\/ostern8schweigemarsch-FR-pan250419.jpg\"><img loading=\"lazy\" decoding=\"async\" aria-describedby=\"caption-attachment-132989\" class=\"size-full wp-image-132989\" src=\"https:\/\/www.freiburg-schwarzwald.de\/blog\/wp-content\/uploads\/2025\/04\/ostern8schweigemarsch-FR-pan250419.jpg\" alt=\"\" width=\"639\" height=\"395\" srcset=\"https:\/\/www.freiburg-schwarzwald.de\/blog\/wp-content\/uploads\/2025\/04\/ostern8schweigemarsch-FR-pan250419.jpg 639w, https:\/\/www.freiburg-schwarzwald.de\/blog\/wp-content\/uploads\/2025\/04\/ostern8schweigemarsch-FR-pan250419-180x111.jpg 180w\" sizes=\"auto, (max-width: 639px) 100vw, 639px\" \/><\/a><p id=\"caption-attachment-132989\" class=\"wp-caption-text\">Ostern-Schweigemarsch f\u00fcr den INNEREN Frieden in Freiburg am Karsamstag 19.4.2025<\/p><\/div>\n<ul>\n<li><em>Listenauswahl eines Beitrags (Artikel\/Datum, Seite\/Inhalt): <span style=\"text-decoration: underline;\">Klicken<\/span> oder scrollen<\/em><\/li>\n<li>Auch in NRW: Gericht best\u00e4tigt Wahlausschluss von AfD-Politiker (25.8.2025)<\/li>\n<li>OB-Wahl LU: Kandidatur-Verbot (20.8.2025)<\/li>\n<li><\/li>\n<li><a href=\"https:\/\/www.freiburg-schwarzwald.de\/blog\/vereine\/partei\/afd\/afd-verbot\/\">AfD-Verbot<\/a><\/li>\n<li><a href=\"https:\/\/www.freiburg-schwarzwald.de\/blog\/engagement\/zukunft\/demokratie\/opposition\/opposition-verbot\/\">Opposition-Verbot<\/a><\/li>\n<li><a href=\"https:\/\/www.freiburg-schwarzwald.de\/blog\/engagement\/zukunft\/demokratie\/freiheit\/abweichende-meinung\/verbot\/\">Verbot<\/a><\/li>\n<\/ul>\n<p>&nbsp;<\/p>\n<p><strong>Kandidaturen verhindern \u2013 ist das die Blaupause f\u00fcr die n\u00e4chsten Kommunal-, Landtags- und Bundestagswahlen?<\/strong><br \/>\n\u201eMan wird Einrichtungen schaffen, die viel effektiver arbeiten, viel feiner als die Stasi. Auch das st\u00e4ndige L\u00fcgen wird wiederkommen, die Desinformation, der Nebel, in dem alles seine Kontur verliert.\u201c (B\u00e4rbel Bohley, DDR-B\u00fcrgerrechtlerin, 1989)<br \/>\n============================================================<\/p>\n<p>&nbsp;<\/p>\n<p><strong>Auch in NRW: Gericht best\u00e4tigt Wahlausschluss von AfD-Politiker<\/strong><br \/>\nDer AfD-B\u00fcrgermeisterkandidat im nordrhein-westf\u00e4lischen Lage wurde von der Wahl ausgeschlossen. Das Verwaltungsgericht Minden hat den Vorgang jetzt best\u00e4tigt \u2013 weil es \u201ekonkrete Anhaltspunkte\u201c f\u00fcr seine fehlende Verfassungstreue gebe.<br \/>\nNachdem der AfD-B\u00fcrgermeisterkandidat Uwe Detert im nordrhein-westf\u00e4lischen Lage von der Wahl ausgeschlossen worden war, hat ein Gericht die Entscheidung nun best\u00e4tigt. Das Verwaltungsgericht Minden wies die Eilantr\u00e4ge von Detert zur\u00fcck, der sich damit trotz des Ausschlusses durch den Gemeinde- sowie den Kreiswahlausschuss noch auf den Stimmzettel f\u00fcr die Wahl am 14. September setzen lassen wollte.<br \/>\n&#8230; Alles vom 25.8.2025 bitte lesen auf<br \/>\n<a href=\"https:\/\/apollo-news.net\/auch-in-nordrhein-westfalen-gericht-besttigt-wahlausschluss-von-afd-politiker\/\">https:\/\/apollo-news.net\/auch-in-nordrhein-westfalen-gericht-besttigt-wahlausschluss-von-afd-politiker\/<\/a><br \/>\n.<br \/>\nEinige Kommentare:<br \/>\nEs stellt sich ZENTRAL die Frage, wie die \u201em\u00fcndigen B\u00fcrger\u201c darauf reagieren ? Wenn sie das achselzuckend hinnehmen, dann war es das ENDG\u00dcLTIG mit \u201eIHRER DEMOKRATIE\u201c. Das ist jetzt wirklich der FINALE WAFFENGANG ! Alles oder NICHTS ! Meinereiner sieht alles \u201edunkelschwarz\u201c. Potzblitz<br \/>\n.<br \/>\n\u2026Zu den Vorw\u00fcrfen findet man kaum etwas Konkretes. Eher nichtssagende Propaganda. Eines ist aber klar, das was Detert hier als Programm vorlegt, d\u00fcrfte rot gr\u00fcn nicht passen. Bei solchen Forderungen im Wahlprogramm d\u00fcrften rot\/gr\u00fcn nat\u00fcrlich in Panik geraten. Detert will an ihre Pfr\u00fcnde. Hier nur ein kleiner Auszug \u201eUmwelt:<br \/>\n\u2013 Eine gro\u00dfe Gefahr f\u00fcr die Umwelt in Lage ist der Aufbau der Windkraftanlagen<br \/>\n\u2013 Mindestens 10-fache H\u00f6he der Anlagen als Abstand zur Wohnbebauung<br \/>\n\u2013 Waldfl\u00e4chen als Tabuzone betrachten<br \/>\n\u2013 Landwirte pflegen unsere Kulturlandschaften und sind in ihrer Arbeit nicht zu bevormunden Steuern und Geb\u00fchren:<br \/>\n\u2013 Einsparpotentiale der Stadtverwaltung nutzen<br \/>\n\u2013 Mittelfristig einen ausgeglichenen Haushalt erreichen<br \/>\n\u2013 Danach Grund- und Gewerbesteuer senken<br \/>\n\u2013 Steuergeld darf nicht f\u00fcr Ma\u00dfnahmen wie \u201eKlimaschutzmanager\u201c verschwendet werden\u201c<br \/>\n<a href=\"https:\/\/uwe-detert-afd.de\/stadt-lage\">https:\/\/uwe-detert-afd.de\/stadt-lage<\/a> Hildegard<br \/>\nEnde Kommentare<\/p>\n","protected":false},"excerpt":{"rendered":"<p>Home &gt;Engagement&gt;Demokratie\u00a0&gt;Partei &gt;Wahlrecht &gt;Kandidatur-Verbot Listenauswahl eines Beitrags (Artikel\/Datum, Seite\/Inhalt): Klicken oder scrollen Auch in NRW: Gericht best\u00e4tigt Wahlausschluss von AfD-Politiker (25.8.2025) OB-Wahl LU: Kandidatur-Verbot (20.8.2025) AfD-Verbot Opposition-Verbot Verbot &nbsp; Kandidaturen verhindern \u2013 ist das die Blaupause f\u00fcr die n\u00e4chsten Kommunal-, &hellip; <a href=\"https:\/\/www.freiburg-schwarzwald.de\/blog\/engagement\/zukunft\/demokratie\/wahlrecht\/kandidatur-verbot\/\">Weiterlesen <span class=\"meta-nav\">&rarr;<\/span><\/a><\/p>\n","protected":false},"author":2,"featured_media":0,"parent":117450,"menu_order":0,"comment_status":"closed","ping_status":"closed","template":"","meta":{"footnotes":""},"class_list":["post-138315","page","type-page","status-publish","hentry"],"_links":{"self":[{"href":"https:\/\/www.freiburg-schwarzwald.de\/blog\/wp-json\/wp\/v2\/pages\/138315","targetHints":{"allow":["GET"]}}],"collection":[{"href":"https:\/\/www.freiburg-schwarzwald.de\/blog\/wp-json\/wp\/v2\/pages"}],"about":[{"href":"https:\/\/www.freiburg-schwarzwald.de\/blog\/wp-json\/wp\/v2\/types\/page"}],"author":[{"embeddable":true,"href":"https:\/\/www.freiburg-schwarzwald.de\/blog\/wp-json\/wp\/v2\/users\/2"}],"replies":[{"embeddable":true,"href":"https:\/\/www.freiburg-schwarzwald.de\/blog\/wp-json\/wp\/v2\/comments?post=138315"}],"version-history":[{"count":5,"href":"https:\/\/www.freiburg-schwarzwald.de\/blog\/wp-json\/wp\/v2\/pages\/138315\/revisions"}],"predecessor-version":[{"id":138427,"href":"https:\/\/www.freiburg-schwarzwald.de\/blog\/wp-json\/wp\/v2\/pages\/138315\/revisions\/138427"}],"up":[{"embeddable":true,"href":"https:\/\/www.freiburg-schwarzwald.de\/blog\/wp-json\/wp\/v2\/pages\/117450"}],"wp:attachment":[{"href":"https:\/\/www.freiburg-schwarzwald.de\/blog\/wp-json\/wp\/v2\/media?parent=138315"}],"curies":[{"name":"wp","href":"https:\/\/api.w.org\/{rel}","templated":true}]}}