{"id":13824,"date":"2012-10-26T18:33:03","date_gmt":"2012-10-26T16:33:03","guid":{"rendered":"https:\/\/www.freiburg-schwarzwald.de\/blog\/?page_id=13824"},"modified":"2012-10-26T18:58:07","modified_gmt":"2012-10-26T16:58:07","slug":"willmendobel","status":"publish","type":"page","link":"https:\/\/www.freiburg-schwarzwald.de\/blog\/regio\/orte\/willmendobel\/","title":{"rendered":"Willmendobel"},"content":{"rendered":"<p>Home &gt;<a title=\"Regio\" href=\"https:\/\/www.freiburg-schwarzwald.de\/blog\/regio\/\">Regio<\/a> &gt;<a title=\"Orte\" href=\"https:\/\/www.freiburg-schwarzwald.de\/blog\/regio\/orte\/\">Orte<\/a> &gt;<a title=\"StPeter\" href=\"https:\/\/www.freiburg-schwarzwald.de\/blog\/regio\/orte\/stpeter\/\">StPeter<\/a> &gt;Willmendobel\u00a0\u00a0<\/p>\n<div id=\"attachment_13827\" style=\"width: 649px\" class=\"wp-caption alignnone\"><a href=\"https:\/\/www.freiburg-schwarzwald.de\/blog\/regio\/orte\/willmendobel\/stpeter3willmen-nebel-pan121023\/\" rel=\"attachment wp-att-13827\"><img loading=\"lazy\" decoding=\"async\" aria-describedby=\"caption-attachment-13827\" class=\"size-full wp-image-13827\" title=\"stpeter3willmen-nebel-pan121023\" src=\"https:\/\/www.freiburg-schwarzwald.de\/blog\/wp-content\/uploads\/2012\/10\/stpeter3willmen-nebel-pan121023.jpg\" alt=\"\" width=\"639\" height=\"216\" srcset=\"https:\/\/www.freiburg-schwarzwald.de\/blog\/wp-content\/uploads\/2012\/10\/stpeter3willmen-nebel-pan121023.jpg 639w, https:\/\/www.freiburg-schwarzwald.de\/blog\/wp-content\/uploads\/2012\/10\/stpeter3willmen-nebel-pan121023-180x60.jpg 180w\" sizes=\"auto, (max-width: 639px) 100vw, 639px\" \/><\/a><p id=\"caption-attachment-13827\" class=\"wp-caption-text\">Blick nach S\u00fcden vom Willmen ob St.Peter zu Feldberg und Schauinsland (rechts) am 23.10.2012<\/p><\/div>\n<ul>\n<li>Willmen und Willmendobel<\/li>\n<li><a href=\"https:\/\/www.freiburg-schwarzwald.de\/stpeterwillmen.htm\">Willmendobel bzw. Willmen oberhalb von St.Peter<\/a> &gt;StPeterWillmen<\/li>\n<li><a href=\"https:\/\/www.freiburg-schwarzwald.de\/stpeterwillmen.htm#Ausblick vom Abzweig Schmittenbachstrasse\">Ausblick vom Abzweig Schmittenbachstrasse<\/a><\/li>\n<li><a href=\"https:\/\/www.freiburg-schwarzwald.de\/stpeterwillmen.htm#Ausblick vom Vorderen Willmen\">Ausblick vom Vorderen Willmen <\/a><\/li>\n<li><a href=\"https:\/\/www.freiburg-schwarzwald.de\/stpeterwillmen.htm#Ausblick vom Hinteren Willmen\">Ausblick vom Hinteren Willmen<\/a><\/li>\n<li><a href=\"https:\/\/www.freiburg-schwarzwald.de\/stpeterwillmen.htm#Ausblick vom Potsdamer Platz (Waldrand) nach S\u00fcden\">Ausblick vom Potsdamer Platz (Waldrand) nach S\u00fcden<\/a><\/li>\n<li><a href=\"https:\/\/www.freiburg-schwarzwald.de\/heitzmannsberg.htm#Ausblick von Auf der Eck\">Ausblick von Auf der Eck<\/a>&gt;Heitzmannsberg<\/li>\n<li><a href=\"https:\/\/www.freiburg-schwarzwald.de\/willmen5.htm\">Bauernh\u00f6fe auf dem Willmen &#8211; Ferien auf dem Bauernhof<\/a> &gt;Willmen5<\/li>\n<li><span><a href=\"https:\/\/www.freiburg-schwarzwald.de\/littenweiler\/musik.htm#Original St.Petermer Firobendmusik\">Fireobendmusik &#8211; Original St.Petermer Firobendmusik<\/a> &gt;Musik<\/span><\/li>\n<li><a href=\"https:\/\/www.freiburg-schwarzwald.de\/fotos\/nebel.htm\">Nebel im Schwarzwald &#8211; gut, wenn man \u00fcber der Suppe dr\u00fcber ist <\/a>&gt;fotos\/nebel.htm<\/li>\n<li><a href=\"https:\/\/www.freiburg-schwarzwald.de\/panoramaspaziergang.htm#Willmen - Platte bei St. Peter\">Winterspaziergang Platte &#8211; Willmen ob St.Peter<\/a> &gt;Panoramaspaziergang<br \/>\n\u00a0<\/li>\n<li><a href=\"https:\/\/www.freiburg-schwarzwald.de\/fotos\/index.htm\">Bilder und Fotos<\/a> &gt;frsw.de\/fotos<\/li>\n<li><a href=\"https:\/\/www.freiburg-schwarzwald.de\/stpeterhaldenweg.htm\">Haldenweg von St.Peter zum S\u00e4gendobel<\/a> &gt;StPeterHaldenweg<\/li>\n<li><a href=\"https:\/\/www.freiburg-schwarzwald.de\/heitzmannsberg.htm\">Heitzmannsberg zwischen St.Peter und Willmen<\/a> &gt;Heitzmannsberg<\/li>\n<li><span><a href=\"https:\/\/www.freiburg-schwarzwald.de\/kapfenberg.htm\">Kapfenberg zwischen St.Peter und St.M\u00e4rgen<\/a> &gt;Kapfenberg<\/span><\/li>\n<li><a href=\"https:\/\/www.freiburg-schwarzwald.de\/platte.htm\">Platte &#8211; Ferien auf dem Bauernhof auf der Platte<\/a> &gt;Platte<\/li>\n<li><a href=\"https:\/\/www.freiburg-schwarzwald.de\/schmittenbach.htm\">Bauernh\u00f6fe (Ferienwohnung, Brauchtum, Hofladen) im Schmittenbach<\/a> &gt;Schmittenbach<\/li>\n<\/ul>\n<p align=\"left\">\u00a0<\/p>\n<p align=\"left\"><strong>Willmen und Willmendobel<\/strong><\/p>\n<p align=\"left\">Der Willmendobel ist ein kleines nach Nordwesten zum Kandel ausgerichtetes Tal, das Sie mit dem Pkw \u00fcber <a href=\"https:\/\/www.freiburg-schwarzwald.de\/saegendobel.htm\">St.Peter-S\u00e4gendobel<\/a> erreichen (Sackgasse). Von diesem T\u00e4lchen gelangen Sie zu Fu\u00df zur Anh\u00f6he des Vorderen Willmen zwischen &#8222;Auf der Eck&#8220; (952 m) und dem Abzweig Schmittenbachstrasse (940 m), von der Sie wunderbare Ausblicke genie\u00dfen k\u00f6nnen. Dann zu Fu\u00df weiter nach Norden in Richtung Platte zum Hinteren Willmen (965 m) und Potsdamer Platz (1000 m) spazieren &#8211; was Sie hier zu sehen bekommen, vermitteln die Fotos nur zum Teil.<br \/>\nEinfachste Zufahrt: Von St.Peter-Ort am &#8222;Haus der Gemeinschaft&#8220; vorbei in nord\u00f6stlicher Richtung den Schmittenbach hoch fahren und oben das Auto am Waldparkplatz Hochr\u00fctti abstellen. Noch viel sch\u00f6ner: Einfach und langsam per Pedes hochlaufen.<\/p>\n<p align=\"left\">\u00a0<\/p>\n<p align=\"left\"><strong>Bilder<\/strong><\/p>\n<h6><a href=\"https:\/\/www.freiburg-schwarzwald.de\/blog\/regio\/orte\/willmendobel\/stpeter1willmen121023\/\" rel=\"attachment wp-att-13831\"><img loading=\"lazy\" decoding=\"async\" class=\"alignnone size-thumbnail wp-image-13831\" title=\"stpeter1willmen121023\" src=\"https:\/\/www.freiburg-schwarzwald.de\/blog\/wp-content\/uploads\/2012\/10\/stpeter1willmen121023-180x135.jpg\" alt=\"\" width=\"180\" height=\"135\" srcset=\"https:\/\/www.freiburg-schwarzwald.de\/blog\/wp-content\/uploads\/2012\/10\/stpeter1willmen121023-180x135.jpg 180w, https:\/\/www.freiburg-schwarzwald.de\/blog\/wp-content\/uploads\/2012\/10\/stpeter1willmen121023.jpg 640w\" sizes=\"auto, (max-width: 180px) 100vw, 180px\" \/><\/a>\u00a0\u00a0\u00a0\u00a0\u00a0<a href=\"https:\/\/www.freiburg-schwarzwald.de\/blog\/regio\/orte\/willmendobel\/stpeter2willmen-feldberg121023\/\" rel=\"attachment wp-att-13832\"><img loading=\"lazy\" decoding=\"async\" class=\"alignnone size-thumbnail wp-image-13832\" title=\"stpeter2willmen-feldberg121023\" src=\"https:\/\/www.freiburg-schwarzwald.de\/blog\/wp-content\/uploads\/2012\/10\/stpeter2willmen-feldberg121023-180x135.jpg\" alt=\"\" width=\"180\" height=\"135\" srcset=\"https:\/\/www.freiburg-schwarzwald.de\/blog\/wp-content\/uploads\/2012\/10\/stpeter2willmen-feldberg121023-180x135.jpg 180w, https:\/\/www.freiburg-schwarzwald.de\/blog\/wp-content\/uploads\/2012\/10\/stpeter2willmen-feldberg121023.jpg 640w\" sizes=\"auto, (max-width: 180px) 100vw, 180px\" \/><\/a>\u00a0\u00a0\u00a0<a href=\"https:\/\/www.freiburg-schwarzwald.de\/blog\/regio\/orte\/willmendobel\/stpeter3willmen-nebel121023\/\" rel=\"attachment wp-att-13833\"><img loading=\"lazy\" decoding=\"async\" class=\"alignnone size-thumbnail wp-image-13833\" title=\"stpeter3willmen-nebel121023\" src=\"https:\/\/www.freiburg-schwarzwald.de\/blog\/wp-content\/uploads\/2012\/10\/stpeter3willmen-nebel121023-180x135.jpg\" alt=\"\" width=\"180\" height=\"135\" srcset=\"https:\/\/www.freiburg-schwarzwald.de\/blog\/wp-content\/uploads\/2012\/10\/stpeter3willmen-nebel121023-180x135.jpg 180w, https:\/\/www.freiburg-schwarzwald.de\/blog\/wp-content\/uploads\/2012\/10\/stpeter3willmen-nebel121023.jpg 640w\" sizes=\"auto, (max-width: 180px) 100vw, 180px\" \/><\/a><br \/>\n\u00a0\u00a0\u00a0\u00a0\u00a0 Blick nach S\u00fcden am 23.10.2012\u00a0\u00a0\u00a0\u00a0\u00a0\u00a0\u00a0\u00a0\u00a0\u00a0\u00a0\u00a0\u00a0\u00a0\u00a0\u00a0\u00a0\u00a0\u00a0\u00a0\u00a0 &#8230;. zum Feldberg<br \/>\n<a href=\"https:\/\/www.freiburg-schwarzwald.de\/blog\/regio\/orte\/willmendobel\/stpeter6willmen-nebel121023\/\" rel=\"attachment wp-att-13835\"><img loading=\"lazy\" decoding=\"async\" class=\"alignnone size-thumbnail wp-image-13835\" title=\"stpeter6willmen-nebel121023\" src=\"https:\/\/www.freiburg-schwarzwald.de\/blog\/wp-content\/uploads\/2012\/10\/stpeter6willmen-nebel121023-180x135.jpg\" alt=\"\" width=\"180\" height=\"135\" srcset=\"https:\/\/www.freiburg-schwarzwald.de\/blog\/wp-content\/uploads\/2012\/10\/stpeter6willmen-nebel121023-180x135.jpg 180w, https:\/\/www.freiburg-schwarzwald.de\/blog\/wp-content\/uploads\/2012\/10\/stpeter6willmen-nebel121023.jpg 640w\" sizes=\"auto, (max-width: 180px) 100vw, 180px\" \/><\/a>\u00a0\u00a0 \u00a0 <img loading=\"lazy\" decoding=\"async\" title=\"stpeter5willmen-nebel121023\" src=\"https:\/\/www.freiburg-schwarzwald.de\/blog\/wp-content\/uploads\/2012\/10\/stpeter5willmen-nebel121023-180x135.jpg\" alt=\"\" width=\"180\" height=\"135\" \/><br \/>\n\u00a0\u00a0\u00a0\u00a0\u00a0\u00a0\u00a0\u00a0 Blick nach Westen\u00a0\u00a0\u00a0\u00a0\u00a0\u00a0\u00a0\u00a0\u00a0\u00a0\u00a0\u00a0\u00a0\u00a0\u00a0\u00a0\u00a0\u00a0\u00a0\u00a0\u00a0\u00a0\u00a0\u00a0\u00a0\u00a0\u00a0\u00a0Vorderer Willmen im Nebel<\/h6>\n<p>&nbsp;<\/p>\n<p>Wie so oft: In St.Peter l\u00f6st sich der <a title=\"Nebel\" href=\"https:\/\/www.freiburg-schwarzwald.de\/blog\/natur\/nebel\/\">Nebel<\/a> erst\u00a0gegen Mittag auf, w\u00e4hrend\u00a0auf dem Willmen, Heitzmannsberg und der Platte die Sonne scheint &#8211; nebel,frei.\u00a0\u00a0<\/p>\n<p>&nbsp;<\/p>\n<div id=\"attachment_13848\" style=\"width: 649px\" class=\"wp-caption alignnone\"><a href=\"https:\/\/www.freiburg-schwarzwald.de\/blog\/regio\/orte\/willmendobel\/stpeter4willmen-nebel-pan121023\/\" rel=\"attachment wp-att-13848\"><img loading=\"lazy\" decoding=\"async\" aria-describedby=\"caption-attachment-13848\" class=\" wp-image-13848 \" title=\"stpeter4willmen-nebel-pan121023\" src=\"https:\/\/www.freiburg-schwarzwald.de\/blog\/wp-content\/uploads\/2012\/10\/stpeter4willmen-nebel-pan121023.jpg\" alt=\"\" width=\"639\" height=\"214\" srcset=\"https:\/\/www.freiburg-schwarzwald.de\/blog\/wp-content\/uploads\/2012\/10\/stpeter4willmen-nebel-pan121023.jpg 639w, https:\/\/www.freiburg-schwarzwald.de\/blog\/wp-content\/uploads\/2012\/10\/stpeter4willmen-nebel-pan121023-180x60.jpg 180w\" sizes=\"auto, (max-width: 639px) 100vw, 639px\" \/><\/a><p id=\"caption-attachment-13848\" class=\"wp-caption-text\">Blick nach S\u00fcden \u00fcber den Hinteren und Vorderen Willmen ob St.Peter zum Schauinsland am 23.10.2012<\/p><\/div>\n","protected":false},"excerpt":{"rendered":"<p>Home &gt;Regio &gt;Orte &gt;StPeter &gt;Willmendobel\u00a0\u00a0 Willmen und Willmendobel Willmendobel bzw. Willmen oberhalb von St.Peter &gt;StPeterWillmen Ausblick vom Abzweig Schmittenbachstrasse Ausblick vom Vorderen Willmen Ausblick vom Hinteren Willmen Ausblick vom Potsdamer Platz (Waldrand) nach S\u00fcden Ausblick von Auf der Eck&gt;Heitzmannsberg Bauernh\u00f6fe &hellip; <a href=\"https:\/\/www.freiburg-schwarzwald.de\/blog\/regio\/orte\/willmendobel\/\">Weiterlesen <span class=\"meta-nav\">&rarr;<\/span><\/a><\/p>\n","protected":false},"author":4,"featured_media":0,"parent":363,"menu_order":0,"comment_status":"open","ping_status":"closed","template":"","meta":{"footnotes":""},"class_list":["post-13824","page","type-page","status-publish","hentry"],"_links":{"self":[{"href":"https:\/\/www.freiburg-schwarzwald.de\/blog\/wp-json\/wp\/v2\/pages\/13824","targetHints":{"allow":["GET"]}}],"collection":[{"href":"https:\/\/www.freiburg-schwarzwald.de\/blog\/wp-json\/wp\/v2\/pages"}],"about":[{"href":"https:\/\/www.freiburg-schwarzwald.de\/blog\/wp-json\/wp\/v2\/types\/page"}],"author":[{"embeddable":true,"href":"https:\/\/www.freiburg-schwarzwald.de\/blog\/wp-json\/wp\/v2\/users\/4"}],"replies":[{"embeddable":true,"href":"https:\/\/www.freiburg-schwarzwald.de\/blog\/wp-json\/wp\/v2\/comments?post=13824"}],"version-history":[{"count":0,"href":"https:\/\/www.freiburg-schwarzwald.de\/blog\/wp-json\/wp\/v2\/pages\/13824\/revisions"}],"up":[{"embeddable":true,"href":"https:\/\/www.freiburg-schwarzwald.de\/blog\/wp-json\/wp\/v2\/pages\/363"}],"wp:attachment":[{"href":"https:\/\/www.freiburg-schwarzwald.de\/blog\/wp-json\/wp\/v2\/media?parent=13824"}],"curies":[{"name":"wp","href":"https:\/\/api.w.org\/{rel}","templated":true}]}}