{"id":137652,"date":"2025-08-10T14:23:10","date_gmt":"2025-08-10T12:23:10","guid":{"rendered":"https:\/\/www.freiburg-schwarzwald.de\/blog\/?page_id=137652"},"modified":"2025-08-10T14:38:27","modified_gmt":"2025-08-10T12:38:27","slug":"wearables","status":"publish","type":"page","link":"https:\/\/www.freiburg-schwarzwald.de\/blog\/business\/gesund\/wearables\/","title":{"rendered":"Wearables"},"content":{"rendered":"<p><a href=\"https:\/\/www.freiburg-schwarzwald.de\/blog\">Home<\/a>\u00a0&gt;<a title=\"Business\" href=\"https:\/\/www.freiburg-schwarzwald.de\/blog\/business\">Business<\/a>\u00a0&gt;<a title=\"Gesund\" href=\"https:\/\/www.freiburg-schwarzwald.de\/blog\/business\/gesund\/\">Gesund<\/a>\u00a0&gt;<a href=\"https:\/\/www.freiburg-schwarzwald.de\/blog\/business\/gesund\/medizin\/\">Medizin<\/a> &gt;<a href=\"https:\/\/www.freiburg-schwarzwald.de\/blog\/business\/gesund\/arzt\/\">Arzt<\/a> &gt;<a href=\"https:\/\/www.freiburg-schwarzwald.de\/blog\/kultur\/medien\/smartphone\/\">Smartphone<\/a>&gt;Wearables<\/p>\n<div id=\"attachment_136809\" style=\"width: 649px\" class=\"wp-caption alignnone\"><a href=\"https:\/\/www.freiburg-schwarzwald.de\/blog\/wp-content\/uploads\/2025\/07\/feldberg-haus-der-natur-pan250718.jpg\"><img loading=\"lazy\" decoding=\"async\" aria-describedby=\"caption-attachment-136809\" class=\"size-full wp-image-136809\" src=\"https:\/\/www.freiburg-schwarzwald.de\/blog\/wp-content\/uploads\/2025\/07\/feldberg-haus-der-natur-pan250718.jpg\" alt=\"\" width=\"639\" height=\"353\" srcset=\"https:\/\/www.freiburg-schwarzwald.de\/blog\/wp-content\/uploads\/2025\/07\/feldberg-haus-der-natur-pan250718.jpg 639w, https:\/\/www.freiburg-schwarzwald.de\/blog\/wp-content\/uploads\/2025\/07\/feldberg-haus-der-natur-pan250718-180x99.jpg 180w\" sizes=\"auto, (max-width: 639px) 100vw, 639px\" \/><\/a><p id=\"caption-attachment-136809\" class=\"wp-caption-text\">Haus der Natur oben am Feldberg-Seebuck 18.7.2025<\/p><\/div>\n<ul>\n<li><em>Listenauswahl eines Beitrags (Artikel\/Datum, Seite\/Inhalt): <span style=\"text-decoration: underline;\">Klicken<\/span> oder scrollen<\/em><\/li>\n<li>Der \u00dcberwachungsstaat an deinem Handgelenk (6.8.2025)<\/li>\n<\/ul>\n<p>&nbsp;<\/p>\n<p><strong>Wearable Technology &#8211; Wearable Computer -Wearables<\/strong><br \/>\nWearables sind Computertechnologien, die man am K\u00f6rper bzw. Kopf tr\u00e4gt. Datenverarbeitung ist allgegenw\u00e4rtig als\u00a0 Ubiquitous Computing. Wearable Technology bzw. Wearable Computer sollen den Menschen z.B. durch Zusatzinformationen, Auswertungen und Anweisungen unterst\u00fctzen.<br \/>\n==============================================================<\/p>\n<p>&nbsp;<\/p>\n<p><strong>Der \u00dcberwachungsstaat an deinem Handgelenk<\/strong><br \/>\nIn den USA werden derzeit die Weichen f\u00fcr die totale Gesundheitskontrolle der Menschen in Form von am K\u00f6rper getragenen Ger\u00e4ten gestellt. Treiber dieser zweischneidigen Entwicklung ist die \u201eHealth-Tracking\u201c-Industrie, die es auch dem WEF besonders angetan hat.<br \/>\nDer politische Wandel, der derzeit von den USA ausgeht, ist ambivalent. Tats\u00e4chlich ist im Gesundheitsbereich durch die Besetzung von Schl\u00fcsselpositionen mit Coronama\u00dfnahmen-Kritikern wie etwa Jay Bhattacharya eine echte Corona-Aufarbeitung m\u00f6glich geworden \u2013 w\u00e4hrend diese in der EU immer noch aktiv unterdr\u00fcckt <a href=\"https:\/\/www.achgut.com\/artikel\/wie_die_eu_kommission_die_corona_aufarbeitung_torpediert\">https:\/\/www.achgut.com\/artikel\/wie_die_eu_kommission_die_corona_aufarbeitung_torpediert<\/a> wird. Und tats\u00e4chlich beendet US-Pr\u00e4sident Trump \u201eWokeness\u201c und Klimaideologie, indem Treibhausgase nicht mehr als gesundheitssch\u00e4dlich eingestuft <a href=\"https:\/\/www.tagesschau.de\/ausland\/amerika\/usa-treibhausgase-100.html\">https:\/\/www.tagesschau.de\/ausland\/amerika\/usa-treibhausgase-100.html<\/a> werden sollen oder indem man etwa Steuervorteile f\u00fcr Windparks abschafft <a href=\"https:\/\/www.handelsblatt.com\/unternehmen\/energie\/neues-gesetz-usa-beenden-foerderung-fuer-erneuerbare-energien\/100138888.html\">https:\/\/www.handelsblatt.com\/unternehmen\/energie\/neues-gesetz-usa-beenden-foerderung-fuer-erneuerbare-energien\/100138888.html<\/a> \u2013 w\u00e4hrend die Europ\u00e4ische Zentralbank gerade erst einen \u201eKlimafaktor\u201c f\u00fcr die Kreditvergabe beschlossen hat <a href=\"https:\/\/www.ecb.europa.eu\/press\/pr\/date\/2025\/html\/ecb.pr250729_1~02d753a029.de.pdf\">https:\/\/www.ecb.europa.eu\/press\/pr\/date\/2025\/html\/ecb.pr250729_1~02d753a029.de.pdf<\/a> , durch den Banken ihre Finanzierung st\u00e4rker auf klimafreundliche Sektoren ausrichten sollen.<\/p>\n<p>Doch es gibt auch durchaus bedenkliche Entwicklungen. So hatte US-Gesundheitsminister Robert F. Kennedy Jr. bereits Ende Juni im Rahmen einer Anh\u00f6rung des Gesundheitsausschusses im Repr\u00e4sentantenhaus mitgeteilt, dass jeder Amerikaner innerhalb von vier Jahren ein Gesundheits-&#8222;Wearable&#8220; <a href=\"https:\/\/www.ecb.europa.eu\/press\/pr\/date\/2025\/html\/ecb.pr250729_1~02d753a029.de.pdf\">https:\/\/www.ecb.europa.eu\/press\/pr\/date\/2025\/html\/ecb.pr250729_1~02d753a029.de.pdf<\/a> nutzen sollte \u2013 also etwa Smartwatches und Fitness-Tracker sowie medizinische Ger\u00e4te, die Gesundheitsdaten wie Herzfrequenz, Blutdruck und Blutzuckerspiegel \u00fcberwachen. Der breite Einsatz von Wearables soll ein zentrales Element der neuen US-Gesundheitsstrategie \u201eMaking America Healthy Again\u201c werden. Unmittelbar nach den \u00c4u\u00dferungen Kennedys legten die Aktien der Hersteller von Blutzuckermessger\u00e4ten denn auch teils zweistellig zu.<br \/>\n&#8230; Alles vom 6.8.2025 von Martin Binning bitte lesen auf<br \/>\n<a href=\"https:\/\/www.achgut.com\/artikel\/der_ueberwachungsstaat_an_deinem_handgelenk\">https:\/\/www.achgut.com\/artikel\/der_ueberwachungsstaat_an_deinem_handgelenk<\/a><\/p>\n<p>Kommentare<br \/>\nUnd sicher wird sich ein gewisser Mr. Peter Thiel bereitfinden, mit seinem PALANTIR (alt. durch irgendwelche seiner Kumpels) Datenverkn\u00fcpfungen zu allen m\u00f6glichen Systemen herzustellen, von Handy \u00fcber Internet &#8211; Zug\u00e4nge bis hin zum \u201cAuto-Computer\u201d und zur Steuernr., alles nat\u00fcrlich nur zum Besten der B\u00fcrgen, damit im Notfall gezielt durch \u201cMcKillroy\u201d -das ist der, der mit seiner langen Nase \u00fcber jede Mauer lugt- \u201cgehelft\u201d und gerettet werden kann. Wolfgang Richter<br \/>\n.<br \/>\n<em><strong>Die Schaffung des neuen Menschen, Voraussetzung f\u00fcr, und Traum des Kommunismus<\/strong><\/em>. Bisher immer wieder gescheitert, jedoch unter Einsatz von Zwangsmitteln der inzwischen verf\u00fcgbaren Technologien, sowie einem leicht aus dem Ruder laufenden Macht-Privileg des Gesetzgebers zur Realit\u00e4t geworden, um Menschen die Art des Lebens bis ins Kleinteilige vorschreiben zu k\u00f6nnen. Da werden wir nicht mehr dran vorbeikommen. Die Einsicht, da\u00df der Mensch kein ausschlie\u00dflich rational angelegtes, vorgehendes Wesen ist bleibt den agierenden Entscheidern dabei verstellt.<br \/>\nSo haben sie das gesundheitssch\u00e4dliche Rauchen problematisiert, praktisch verboten, der emotional agierende Mensch jedoch nutzt und missbraucht stattdessen nun die Nahrungszufuhr, um seine sozialen Gel\u00fcste sowie pers\u00f6nlichen Stresssituationen zu bew\u00e4ltigen. Folge? Massen-Diabetes.<br \/>\nDer Versuch, menschliches Verhalten durch administrative Manipulation unterschwellig lenken und beeinflussen zu wollen ist ohne Kenntnis menschlicher Handlungssteuerung schwierig, erfreulicherweise. Ganz abgesehen davon, das es auch etwas undemokratisch zu sein scheint. EEkat<br \/>\nEnde Kommentare<\/p>\n<p>&nbsp;<\/p>\n","protected":false},"excerpt":{"rendered":"<p>Home\u00a0&gt;Business\u00a0&gt;Gesund\u00a0&gt;Medizin &gt;Arzt &gt;Smartphone&gt;Wearables Listenauswahl eines Beitrags (Artikel\/Datum, Seite\/Inhalt): Klicken oder scrollen Der \u00dcberwachungsstaat an deinem Handgelenk (6.8.2025) &nbsp; Wearable Technology &#8211; Wearable Computer -Wearables Wearables sind Computertechnologien, die man am K\u00f6rper bzw. Kopf tr\u00e4gt. Datenverarbeitung ist allgegenw\u00e4rtig als\u00a0 Ubiquitous Computing. &hellip; <a href=\"https:\/\/www.freiburg-schwarzwald.de\/blog\/business\/gesund\/wearables\/\">Weiterlesen <span class=\"meta-nav\">&rarr;<\/span><\/a><\/p>\n","protected":false},"author":2,"featured_media":0,"parent":21,"menu_order":0,"comment_status":"closed","ping_status":"closed","template":"","meta":{"footnotes":""},"class_list":["post-137652","page","type-page","status-publish","hentry"],"_links":{"self":[{"href":"https:\/\/www.freiburg-schwarzwald.de\/blog\/wp-json\/wp\/v2\/pages\/137652","targetHints":{"allow":["GET"]}}],"collection":[{"href":"https:\/\/www.freiburg-schwarzwald.de\/blog\/wp-json\/wp\/v2\/pages"}],"about":[{"href":"https:\/\/www.freiburg-schwarzwald.de\/blog\/wp-json\/wp\/v2\/types\/page"}],"author":[{"embeddable":true,"href":"https:\/\/www.freiburg-schwarzwald.de\/blog\/wp-json\/wp\/v2\/users\/2"}],"replies":[{"embeddable":true,"href":"https:\/\/www.freiburg-schwarzwald.de\/blog\/wp-json\/wp\/v2\/comments?post=137652"}],"version-history":[{"count":4,"href":"https:\/\/www.freiburg-schwarzwald.de\/blog\/wp-json\/wp\/v2\/pages\/137652\/revisions"}],"predecessor-version":[{"id":137656,"href":"https:\/\/www.freiburg-schwarzwald.de\/blog\/wp-json\/wp\/v2\/pages\/137652\/revisions\/137656"}],"up":[{"embeddable":true,"href":"https:\/\/www.freiburg-schwarzwald.de\/blog\/wp-json\/wp\/v2\/pages\/21"}],"wp:attachment":[{"href":"https:\/\/www.freiburg-schwarzwald.de\/blog\/wp-json\/wp\/v2\/media?parent=137652"}],"curies":[{"name":"wp","href":"https:\/\/api.w.org\/{rel}","templated":true}]}}