{"id":137099,"date":"2025-07-29T20:50:13","date_gmt":"2025-07-29T18:50:13","guid":{"rendered":"https:\/\/www.freiburg-schwarzwald.de\/blog\/?page_id=137099"},"modified":"2026-02-28T19:18:37","modified_gmt":"2026-02-28T18:18:37","slug":"international","status":"publish","type":"page","link":"https:\/\/www.freiburg-schwarzwald.de\/blog\/global\/globalisierung\/global-government\/international\/","title":{"rendered":"international"},"content":{"rendered":"<p><a href=\"https:\/\/www.freiburg-schwarzwald.de\/blog\">Home<\/a>\u00a0&gt;<a title=\"Global\" href=\"https:\/\/www.freiburg-schwarzwald.de\/blog\/global\/\">Global<\/a>\u00a0&gt;<a title=\"Globalisierung\" href=\"https:\/\/www.freiburg-schwarzwald.de\/blog\/global\/globalisierung\/\">Globalisierung<\/a>\u00a0&gt;<a href=\"https:\/\/www.freiburg-schwarzwald.de\/blog\/global\/globalisierung\/nwo\/\">NWO<\/a> &gt;<a href=\"https:\/\/www.freiburg-schwarzwald.de\/blog\/global\/globalisierung\/global-government\/\">Global-Government<\/a> &gt;international<\/p>\n<div id=\"attachment_132051\" style=\"width: 650px\" class=\"wp-caption alignnone\"><a href=\"https:\/\/www.freiburg-schwarzwald.de\/blog\/wp-content\/uploads\/2025\/03\/Globalismus-NWO-WEF2025-green-marx-pan.jpg\"><img loading=\"lazy\" decoding=\"async\" aria-describedby=\"caption-attachment-132051\" class=\"size-full wp-image-132051\" src=\"https:\/\/www.freiburg-schwarzwald.de\/blog\/wp-content\/uploads\/2025\/03\/Globalismus-NWO-WEF2025-green-marx-pan.jpg\" alt=\"\" width=\"640\" height=\"433\" srcset=\"https:\/\/www.freiburg-schwarzwald.de\/blog\/wp-content\/uploads\/2025\/03\/Globalismus-NWO-WEF2025-green-marx-pan.jpg 640w, https:\/\/www.freiburg-schwarzwald.de\/blog\/wp-content\/uploads\/2025\/03\/Globalismus-NWO-WEF2025-green-marx-pan-180x122.jpg 180w\" sizes=\"auto, (max-width: 640px) 100vw, 640px\" \/><\/a><p id=\"caption-attachment-132051\" class=\"wp-caption-text\">Globalismus &#8211; WEF &#8211; Marx &#8211; Sozialismus &#8211; Green &#8211; &#8230;<\/p><\/div>\n<p>&nbsp;<\/p>\n<ul>\n<li><em>Listenauswahl eines Beitrags (Artikel\/Datum, Seite\/Inhalt): <span style=\"text-decoration: underline;\">Klicken<\/span> oder scrollen<\/em><\/li>\n<li><a href=\"https:\/\/www.freiburg-schwarzwald.de\/blog\/global\/globalisierung\/voelkerrecht\/\">Freiheit oder V\u00f6lkerrecht? Es gibt eine moralische Verpflichtung, Iranern zu helfen<\/a>\u00a0(28.2.2026)<\/li>\n<li>Endlich: Der IGH der UN als &#8222;Weltgericht&#8220; rettet das Weltklima (28.7.2025)<\/li>\n<li>Internationaler Strafgerichtshof (IStGH)<\/li>\n<li><\/li>\n<li style=\"list-style-type: none;\"><\/li>\n<li><a title=\"Anywheres\" href=\"https:\/\/www.freiburg-schwarzwald.de\/blog\/global\/deutschland\/gesellschaft\/anywheres\/\">Anywheres<\/a><\/li>\n<li><a href=\"https:\/\/www.freiburg-schwarzwald.de\/blog\/global\/globalisierung\/arc\/\">ARC<\/a><\/li>\n<li><a title=\"Bevoelkerungswachstum\" href=\"https:\/\/www.freiburg-schwarzwald.de\/blog\/engagement\/zukunft\/demografie\/bevoelkerungswachstum\/\">Bevoelkerungswachstum<\/a><\/li>\n<li><a href=\"https:\/\/www.freiburg-schwarzwald.de\/blog\/engagement\/zukunft\/demokratie\/experiment\/\">Experiment \u2013 Mounk<\/a><\/li>\n<li><a href=\"https:\/\/www.freiburg-schwarzwald.de\/zukunft.htm#Frieden%20-%20Friedensforschung\">Frieden \u2013 Friedensforschung<\/a>\u00a0&gt;Zukunft<\/li>\n<li><a title=\"Gleichheit\" href=\"https:\/\/www.freiburg-schwarzwald.de\/blog\/engagement\/zukunft\/demokratie\/gleichheit\/\">Gleichheit<\/a><\/li>\n<li><a href=\"https:\/\/www.freiburg-schwarzwald.de\/globalisierung#Global%20Compact\">Global Compact<\/a><\/li>\n<li><a title=\"Global-Migration\" href=\"https:\/\/www.freiburg-schwarzwald.de\/blog\/global\/globalisierung\/global-migration\/\">Global-Migration Pakt<\/a><\/li>\n<li><a href=\"https:\/\/www.freiburg-schwarzwald.de\/blog\/global\/globalisierung\/great-reset\/\">Great Reset<\/a><\/li>\n<li><a href=\"https:\/\/www.freiburg-schwarzwald.de\/blog\/global\/globalisierung\/great-rising\/\">Great Rising<\/a><\/li>\n<li><a href=\"https:\/\/www.freiburg-schwarzwald.de\/blog\/global\/globalisierung\/global-government\/informationsregime\/\">Informationsregime<\/a><\/li>\n<li><a title=\"Migration\" href=\"https:\/\/www.freiburg-schwarzwald.de\/blog\/global\/migration\/\">Migration<\/a><\/li>\n<li><a href=\"https:\/\/www.freiburg-schwarzwald.de\/blog\/engagement\/zukunft\/demokratie\/liberalismus\/milei\/\">Milei<\/a><\/li>\n<li><a href=\"https:\/\/www.freiburg-schwarzwald.de\/blog\/global\/multipolar\/\">multipolar<\/a><\/li>\n<li><a title=\"Neo-Feudalismus\" href=\"https:\/\/www.freiburg-schwarzwald.de\/blog\/global\/globalisierung\/neo-feudalismus\/\">Neo-Feudalismus<\/a><\/li>\n<li><a href=\"https:\/\/www.freiburg-schwarzwald.de\/blog\/global\/netzwerke\/\">Netzwerke global<\/a><\/li>\n<li><a href=\"https:\/\/www.freiburg-schwarzwald.de\/blog\/global\/deutschland\/gesellschaft\/normalitaet\/\">Normalit\u00e4t<\/a><\/li>\n<li><a href=\"https:\/\/www.freiburg-schwarzwald.de\/blog\/global\/globalisierung\/one-world\/\">One World<\/a><\/li>\n<li><a href=\"https:\/\/www.freiburg-schwarzwald.de\/blog\/global\/globalisierung\/un\/\">UN<\/a><\/li>\n<li><a title=\"Global-Migration\" href=\"https:\/\/www.freiburg-schwarzwald.de\/blog\/global\/globalisierung\/global-migration\/\">UN-Migrationspakt \u2013 Global Compact of Migration GCM<\/a><\/li>\n<li><a href=\"https:\/\/www.freiburg-schwarzwald.de\/blog\/global\/globalisierung\/voelkerrecht\/\">V\u00f6lkerrecht<\/a><\/li>\n<li><a href=\"https:\/\/www.freiburg-schwarzwald.de\/blog\/global\/globalisierung\/wef\/\">WEF<\/a><\/li>\n<li><a href=\"https:\/\/www.freiburg-schwarzwald.de\/blog\/business\/gesund\/weltgesundheit\/\">Weltgesundheit<\/a><\/li>\n<li><a title=\"Weltwirtschaft\" href=\"https:\/\/www.freiburg-schwarzwald.de\/blog\/global\/weltwirtschaft\/\">Weltwirtschaft<\/a><\/li>\n<li><a href=\"https:\/\/www.freiburg-schwarzwald.de\/blog\/business\/gesund\/who\/\">WHO<\/a><\/li>\n<li><a href=\"https:\/\/www.freiburg-schwarzwald.de\/blog\/global\/globalisierung\/world-government\/\">World-Government<\/a><\/li>\n<\/ul>\n<p>&nbsp;<\/p>\n<p><strong>Endlich: Der IGH der UN als &#8222;Weltgericht&#8220; rettet das Weltklima<\/strong><br \/>\nRichter rei\u00dfen immer \u00f6fter die Macht an sich, die ihnen aufgrund des Machtvakuum der Politik \u00fcberlassen wird \u2013 gepaart mit der aktiven \u00dcbertragung von Macht an NGOs (\u201cNichtregierungsorganisationen\u201d, die eigentlich Regierungsorganisationen sind, da von der Regierung finanziert), die mittlerweile mit Verbandsklagerecht ausgestattet wurden. So verklagte der Abmahnverein \u201cDeutsche Umwelthilfe\u201d (DUH) unser Land auf noch mehr \u201eKlimaschutz\u201c; das letztlich angerufene Bundesverfassungsgericht traf am 24. M\u00e4rz 2021 sodann einige folgenschwere Entscheidungen <a href=\"https:\/\/www.bundesverfassungsgericht.de\/SharedDocs\/Entscheidungen\/DE\/2021\/03\/rs20210324_1bvr265618.html\">https:\/\/www.bundesverfassungsgericht.de\/SharedDocs\/Entscheidungen\/DE\/2021\/03\/rs20210324_1bvr265618.html<\/a> \u2013 und dieser \u201cKlimabeschluss\u201d wurde schlie\u00dflich zur Steilvorlage f\u00fcr die designierte CDU-SPD-Koalition, gemeinsam mit den Gr\u00fcnen im bereits abgew\u00e4hlten Parlament im Artikel 143a Grundgesetz \u201eInvestitionen zur Erreichung der Klimaneutralit\u00e4t bis zum Jahr 2045 mit einem Volumen von bis zu 500 Milliarden Euro\u201c festzuschreiben. Dabei wurden bisher schon Abermilliarden in den sogenannten \u201cKlimaschutz\u201d gepumpt und der deutsche CO2-Aussto\u00df um die H\u00e4lfte gesenkt \u2013 nat\u00fcrlich ohne irgendeine m\u00e4\u00dfigende Auswirkung auf die Temperaturen und das Weltklima.<\/p>\n<p>Desungeachtet schlug nun ein weiteres \u201eWeltgericht\u201c der UN seine Klima-N\u00e4gel in die globale Politik ein: Kein nationaler Volksgerichtshof, sondern der \u201cInternationale Gerichtshof\u201d (IGH). Worum ging es? Der weitgehend unbekannte Inselstaat Vanuatu will von der Weltgemeinschaft \u2013 was sonst \u2013 Geld wegen vermeintlicher Klimasch\u00e4den \u2013 und rief besagten IGH mit seinen gleich 15 Richtern aus aller Welt (?) an. Dreimal darf geraten werden, wer die Inselbewohner zu diesem Schritt ermuntert hat: NGOs unter anderem aus Deutschland! An unserem Klimawesen soll die Welt genesen? Ein 140 Seiten starkes Gerichtsgutachten kam dann wunschgem\u00e4\u00df zum Schluss, dass internationale Klimavertr\u00e4ge wie das Pariser Abkommen eine \u201cErderw\u00e4rmung von maximal zwei Prozent\u201d zulasse \u2013 und wer die \u201cKlimaschutzziele\u201d verletzt, der m\u00fcsse eben daf\u00fcr gerade stehen. Hei\u00dft in diesem Fall: Die klagenden Inselbewohner entsch\u00e4digen. Basta!<\/p>\n<p>Wir blechen f\u00fcr hausgemachte Probleme auf der anderen Seite des Globus<br \/>\nWelches Problem es (angeblich) auf den Inseln der anderen Seite des Globus gibt, beschreibt die \u201cBadische Zeitung\u201d vom 24. Juli so: \u201eDas Wasser steht uns bis zum Hals. Klimawandel und menschliches Verhalten f\u00fchrt auf den Philippinen zum Absinken ganzer St\u00e4dte\u2026\u201c Auf diese Reportage der die gesamte Seite drei der Zeitungsausgabe einnimmt, wird im Zusammenhang mit der Entscheidung des \u201eWeltgerichts\u201c verwiesen \u2013 obwohl es da gar nicht um Vanuatu ging, sondern um die Philippinen. Der oberfl\u00e4chliche Leser muss zum unterirdischen Glauben kommen, wir mit unserem CO2-Aussto\u00df h\u00e4tten es zu verantworten, dass die philippinischen St\u00e4dte langsam, aber sicher im Meer versinken, weil der Meeresspiegel steige. Vorgestellt wird auf der Sonderseite die 78.000-Einwohnerstadt Macabebe, in der jedes Jahr das Wasser um 10 Zentimeter steige \u2013 beziehungsweise, pr\u00e4ziser: der Untergrund sinkt. Denn wenn es am Meeresspiegel l\u00e4ge (der durchschnittlich angeblich um 3,7 Millimeter j\u00e4hrlich steigt), m\u00fcsste dies ja \u00fcberall messbar sein.<\/p>\n<p>Warum mehrere Orte absinken, sei nicht abschlie\u00dfend gekl\u00e4rt, hei\u00dft es weiter. Wirklich nicht? Dann wird im Artikel eine Nebelkerze geworfen: \u201eWas tun Sie auf Haushaltsebene gegen das Absinken?\u201c, fragte eine junge \u201eForscherin\u201c. Aber Fragen zu stellen ist keine wissenschaftliche Forschung, sondern banale Empirik. Im weiteren Verlauf des Artikels erf\u00e4hrt man dann, dass wegen des steigenden Wassers viele Hauseigent\u00fcmer ihre Erdgeschosse mit Beton aufsch\u00fctten, um wieder trocken zu wohnen \u2013 und dann wieder betonieren, bis die Erdgeschosse irgendwann unbewohnbar werden und sie ins h\u00f6here Stockwerk umziehen oder weitere Etagen draufbauen. So so, mit Beton! Sagt ihnen denn niemand, dass die Betoniererei ein schlimmer CO2-Emittent ist? Und dass, gem\u00e4\u00df dem Glauben der CO2-Sektendramaturgen, dieser mit die Hauptschuld an der Erderw\u00e4rmung tr\u00e4gt (und in der Folge damit auch f\u00fcr den Anstieg des Meeresspiegels)? Die in 60 L\u00e4ndern operierende Heidelberger Zement AG hat bereits ihren Namen in Heidelberg Materials umbenannt, um den dauernden Demonstrationen und Blockaden selbsternannter Weltenretter zu entkommen.<\/p>\n<p>Nicht das Meer steigt, sondern der Boden sinkt<br \/>\nDoch ein Anstieg des Meeresspiegels ist gar nicht der Grund f\u00fcr das Problem, das dem Streitgegenstand des Weltgerichts zugrunde lag: Satellitenbilder haben festgestellt, dass von 99 untersuchten K\u00fcstenst\u00e4dten ein Drittel absacke. Aber der Grund ist haupts\u00e4chlich die dramatisch steigende Extraktion von Grundwasser und die naturgem\u00e4\u00df dichte und hohe Bebauung dieser St\u00e4dte. Und warum werden dann immer mehr Bauten hochgezogen? Weil sich die Bev\u00f6lkerung \u201cvermehrt wie die Karnickel\u201c, wie Papst Franziskus auf dem R\u00fcckflug von seinem Besuch der Philippinen konstatierte. Sie nimmt auf den Philippinen j\u00e4hrlich um 1,63 Prozent zu \u2013 netto um rund zwei Millionen Menschen! Die Bev\u00f6lkerungsdichte betr\u00e4gt bereits 320 Einwohner pro Quadratkilometer, rund 80 mehr als unser schon dicht besiedeltes Deutschland!<\/p>\n<p>Und diese immer zahlreicheren Menschen brauchen immer mehr zu essen \u2013 weshalb die k\u00fcnstlichen Fischteiche stark zunahmen. Und diese \u201cbrauchen sehr viel Frischwasser\u201c, wie man sogar auf der Sonderseite der \u201cBadischen Zeitung\u201d erf\u00e4hrt. Doch auch die Industrie braucht mehr Wasser, zur Versorgung von immer mehr Menschen \u2013 was eben in Summe zum Absinken des Grundwasserspiegel f\u00fchrt, und in der Folge zum das Absinken des Bodens dar\u00fcber, auf dem Geb\u00e4ude erreichtet werden bis direkt zur Wasserkante.<br \/>\nDas alles hat nicht das Geringste mit unserem CO2-Aussto\u00df zu tun, sondern mit dem dortigen Bev\u00f6lkerungswachstum. Daf\u00fcr sind wir Europ\u00e4er und erst recht Deutsche beim besten Willen nicht verantwortlich. Oder sind es vielleicht Touristen, welche die heimischen Frauen schw\u00e4ngern? Wohl nur ausnahmsweise. denn mit 2,7 Geburten pro Frau liegen die Philippinen statistisch rund doppelt so hoch wie wir und andere westliche L\u00e4ndern. Sollen wir vielleicht die von der SPD vorgeschickte Verfassungsgerichts-Bewerberin Frauke Brosius-Gersdorf auf die Philippinen schicken, um die Bev\u00f6lkerungszunahme zu stoppen? Wohl kaum, die dortigen Frauen haben bereits ein selbstbestimmtes Recht auf ihre B\u00e4uche. Oder sind das Problem eher die M\u00e4nner?<\/p>\n<p>COP30 im November: Schaulaufen der Klimaheuchler in Brasilien<br \/>\nWas man allerdings tats\u00e4chlich tun k\u00f6nnte: Den einen oder anderen Richter oder gleich jene Gerichte aus dem Verkehr ziehen, die sich anma\u00dfen zu beurteilen, dass wir in Deutschland daran schuld sein sollen, wenn Menschen auf der anderen Seite des Globus irgendein Problem haben. Eigentlich brauchen wir keine Gerichte, die widerk\u00e4uen, was der Weltklimarat(los) IPCC <a href=\"https:\/\/www.handelsblatt.com\/politik\/international\/ipcc-wer-steckt-hinter-dem-weltklimarat\/29055228.html\">https:\/\/www.handelsblatt.com\/politik\/international\/ipcc-wer-steckt-hinter-dem-weltklimarat\/29055228.html<\/a> \u2013 und zwar wider besseres Wissen anderer Wissenschaftler \u2013 als Erkl\u00e4rungsmuster f\u00fcr die Erderw\u00e4rmung liefert. Ob sie beispielsweise diese Expertise kennen? <a href=\"https:\/\/eike-klima-energie.eu\/2025\/07\/25\/sprechen-wir-noch-mal-ueber-die-terrestrische-ir-abstrahlung\/\">https:\/\/eike-klima-energie.eu\/2025\/07\/25\/sprechen-wir-noch-mal-ueber-die-terrestrische-ir-abstrahlung\/<\/a><br \/>\n.<br \/>\nAktuell m\u00fcssten sich unsere Klimarichter ohnehin bei Petrus beschweren, dass er mit seiner \u201ekleinen Eiszeit\u201c mitten im Juli das ganze Klimageb\u00e4ude ins Wanken bringt.<br \/>\nDoch ob Ratlosrichter oder Ratloswissenschaftler: 50.000 Anh\u00e4nger der Klima-Ersatzreligion werden im November wieder zur diesj\u00e4hrigen UN-Klimakonferenz pilgern, die \u201cCOP30\u201d, die jedesmal anderswo auf dem Globus stattfindet. So lernt man die Welt kennen und die Urlaubskasse schonen, denn zahlen tut ja unsereiner. Doch wie bei den fr\u00fcheren Konferenzen pilgern die Teilnehmer auch diesmal nicht mit einem CO2-freien Wanderstab zu ihrer Erl\u00f6sungsmesse, sondern mit tausenden Charter- und Privatfliegern oder Jachten. Dieses Jahr geht\u2019s nach nach Brasilien, wo etliche der Konferenzteilnehmer gar in zwei eigens georderten Kreuzfahrtschiffen logieren werden <a href=\"https:\/\/www.watson.ch\/international\/brasilien\/522576856-kreuzfahrtschiffe-als-hotels-bei-weltklimakonferenz-in-brasilien\">https:\/\/www.watson.ch\/international\/brasilien\/522576856-kreuzfahrtschiffe-als-hotels-bei-weltklimakonferenz-in-brasilien<\/a> .<br \/>\nIch wette blind drauf, dass auch viele der Klima-Kl\u00e4ger und ihre G\u00f6nner sowie Inselbewohner der Philippinen und von Vanuatu dabei sein werden. Schuld an Umweltproblemen sind schlie\u00dflich immer die anderen \u2013 nie der eigene Umweltfrevel!.<br \/>\nNachtrag: Hier noch eine weitere Kommentierung <a href=\"https:\/\/tkp.at\/2025\/07\/25\/igh-klimaurteil-leugnet-rolle-der-sonne-und-foerdert-ersetzung-der-demokratie-durch-globale-governance\/\">https:\/\/tkp.at\/2025\/07\/25\/igh-klimaurteil-leugnet-rolle-der-sonne-und-foerdert-ersetzung-der-demokratie-durch-globale-governance\/<\/a> der oben erw\u00e4hnten IGH-Entscheidung mit dem Titel \u201eIGH-Klimaurteil leugnet Rolle der Sonne und f\u00f6rdert Ersetzung der Demokratie durch Globale Governance\u201c.<br \/>\n28.7.2025, Albrecht K\u00fcnstle, <a href=\"mailto:kuenstle.a@gmx.de\">kuenstle.a@gmx.de<\/a><\/p>\n<p>&nbsp;<\/p>\n<p><strong>Internationaler Strafgerichtshof (IStGH)<\/strong><br \/>\nDer IStGH [engl.: International Criminal Court, ICC] ist eine internationale Link hat Vorschau-PopupInterner Link:Institution, die in F\u00e4llen schwerer Link hat Vorschau-PopupInterner Link:Kriegsverbrechen, Verbrechen gegen die Menschlichkeit sowie bei Interner Link:V\u00f6lkermord t\u00e4tig werden kann, vorausgesetzt die Taten k\u00f6nnen oder sollen in dem betreffenden Link hat Vorschau-PopupInterner Link:Staat nicht verfolgt werden.<br \/>\nDas IStGH ist eine v\u00f6lkerrechtlich eigenst\u00e4ndige Einrichtung, die 1998 in Rom konstituiert wurde und seit 2002 in Den Haag t\u00e4tig ist.<br \/>\n<a href=\"https:\/\/www.bpb.de\/kurz-knapp\/lexika\/politiklexikon\/296390\/internationaler-strafgerichtshof-istgh\/\">https:\/\/www.bpb.de\/kurz-knapp\/lexika\/politiklexikon\/296390\/internationaler-strafgerichtshof-istgh\/<\/a><\/p>\n<p>Internationaler Gerichtshof (IGH) in Den Haag<\/p>\n","protected":false},"excerpt":{"rendered":"<p>Home\u00a0&gt;Global\u00a0&gt;Globalisierung\u00a0&gt;NWO &gt;Global-Government &gt;international &nbsp; Listenauswahl eines Beitrags (Artikel\/Datum, Seite\/Inhalt): Klicken oder scrollen Freiheit oder V\u00f6lkerrecht? Es gibt eine moralische Verpflichtung, Iranern zu helfen\u00a0(28.2.2026) Endlich: Der IGH der UN als &#8222;Weltgericht&#8220; rettet das Weltklima (28.7.2025) Internationaler Strafgerichtshof (IStGH) Anywheres ARC Bevoelkerungswachstum &hellip; <a href=\"https:\/\/www.freiburg-schwarzwald.de\/blog\/global\/globalisierung\/global-government\/international\/\">Weiterlesen <span class=\"meta-nav\">&rarr;<\/span><\/a><\/p>\n","protected":false},"author":2,"featured_media":0,"parent":113782,"menu_order":0,"comment_status":"closed","ping_status":"closed","template":"","meta":{"footnotes":""},"class_list":["post-137099","page","type-page","status-publish","hentry"],"_links":{"self":[{"href":"https:\/\/www.freiburg-schwarzwald.de\/blog\/wp-json\/wp\/v2\/pages\/137099","targetHints":{"allow":["GET"]}}],"collection":[{"href":"https:\/\/www.freiburg-schwarzwald.de\/blog\/wp-json\/wp\/v2\/pages"}],"about":[{"href":"https:\/\/www.freiburg-schwarzwald.de\/blog\/wp-json\/wp\/v2\/types\/page"}],"author":[{"embeddable":true,"href":"https:\/\/www.freiburg-schwarzwald.de\/blog\/wp-json\/wp\/v2\/users\/2"}],"replies":[{"embeddable":true,"href":"https:\/\/www.freiburg-schwarzwald.de\/blog\/wp-json\/wp\/v2\/comments?post=137099"}],"version-history":[{"count":5,"href":"https:\/\/www.freiburg-schwarzwald.de\/blog\/wp-json\/wp\/v2\/pages\/137099\/revisions"}],"predecessor-version":[{"id":146393,"href":"https:\/\/www.freiburg-schwarzwald.de\/blog\/wp-json\/wp\/v2\/pages\/137099\/revisions\/146393"}],"up":[{"embeddable":true,"href":"https:\/\/www.freiburg-schwarzwald.de\/blog\/wp-json\/wp\/v2\/pages\/113782"}],"wp:attachment":[{"href":"https:\/\/www.freiburg-schwarzwald.de\/blog\/wp-json\/wp\/v2\/media?parent=137099"}],"curies":[{"name":"wp","href":"https:\/\/api.w.org\/{rel}","templated":true}]}}