{"id":137035,"date":"2025-07-28T22:18:31","date_gmt":"2025-07-28T20:18:31","guid":{"rendered":"https:\/\/www.freiburg-schwarzwald.de\/blog\/?page_id=137035"},"modified":"2025-07-30T09:26:26","modified_gmt":"2025-07-30T07:26:26","slug":"geige","status":"publish","type":"page","link":"https:\/\/www.freiburg-schwarzwald.de\/blog\/kultur\/musik\/geige\/","title":{"rendered":"Geige"},"content":{"rendered":"<p><a href=\"https:\/\/www.freiburg-schwarzwald.de\/blog\">Home<\/a>\u00a0&gt;<a title=\"Kultur\" href=\"https:\/\/www.freiburg-schwarzwald.de\/blog\/kultur\/\">Kultur<\/a>\u00a0&gt;<a title=\"Musik\" href=\"https:\/\/www.freiburg-schwarzwald.de\/blog\/kultur\/musik\/\">Musik<\/a> &gt;Geige<\/p>\n<div id=\"attachment_1018\" style=\"width: 614px\" class=\"wp-caption alignnone\"><a href=\"https:\/\/www.freiburg-schwarzwald.de\/blog\/wp-content\/uploads\/2012\/04\/schwaerzenbach8pan080211.jpg\"><img loading=\"lazy\" decoding=\"async\" aria-describedby=\"caption-attachment-1018\" class=\"size-full wp-image-1018\" src=\"https:\/\/www.freiburg-schwarzwald.de\/blog\/wp-content\/uploads\/2012\/04\/schwaerzenbach8pan080211.jpg\" alt=\"\" width=\"604\" height=\"164\" srcset=\"https:\/\/www.freiburg-schwarzwald.de\/blog\/wp-content\/uploads\/2012\/04\/schwaerzenbach8pan080211.jpg 604w, https:\/\/www.freiburg-schwarzwald.de\/blog\/wp-content\/uploads\/2012\/04\/schwaerzenbach8pan080211-180x48.jpg 180w\" sizes=\"auto, (max-width: 604px) 100vw, 604px\" \/><\/a><p id=\"caption-attachment-1018\" class=\"wp-caption-text\">Titisee-Schwaerzenbach: Blick vom <strong>Russenkreuz<\/strong> nach S\u00fcden \u00fcber den Hochebenehof zum Feldberg am 11.2.2008<\/p><\/div>\n<ul>\n<li>Der russische Geiger Maxim Kosinov spielt auf dem Wieselhof (16.7.2025)<\/li>\n<\/ul>\n<p>&nbsp;<\/p>\n<p><strong>Der russische Geiger Maxim Kosinov spielt auf dem Wieselhof<\/strong><br \/>\n&#8222;Der Geiger Maxim Kosinov spielt und erz\u00e4hlt<br \/>\nMaxim Kosinov ist stellvertretender Konzertmeister des SWR Symphonieorchesters. Am 16.7.2025 spielt der Ausnahmek\u00fcnstler im Seminarraum des <a href=\"https:\/\/www.freiburg-schwarzwald.de\/blog\/regio\/orte\/kirchzarten\/pfeiferberg\/\">Wieselhofs<\/a> Werke f\u00fcr Violine solo von J.S. Bach und anderen und erz\u00e4hlt \u00fcber seine musikalischen Werdegang vom stra\u00dfenmusizierenden Jungen in St. Petersburg zur internationalen T\u00e4tigkeit als Konzertmeister in Sinfonieorchestern. Im Gespr\u00e4ch l\u00e4sst sich Spannendes und Unbekanntes \u00fcber das Instrument Geige (oder hei\u00dft es Violine?) und das Musikerleben erfahren. Aber vor allem wird es ein Vortragsabend mit viel Musik.&#8220;<\/p>\n<p>So die Ank\u00fcndigung von Wolfram Lamparter, dem Gastgeber der monatlichen Veranstaltungsreihe &#8222;15\/15 &#8211; F\u00fcr alle, die Wissen wollen&#8220; im Seminarraum des <a href=\"https:\/\/www.freiburg-schwarzwald.de\/blog\/regio\/orte\/kirchzarten\/pfeiferberg\/\">Wieselhofs am Pfeiferberg<\/a> in Kirchenzarten-Neuh\u00e4user.<br \/>\nEs war ein wunderbarer Abend. Zwischen 19 und 21 Uhr spielte Herr Kosinov sechs St\u00fccke:<br \/>\n(1) Peter Tschaikowsky: Nu\u00dfknacker &#8211; &#8222;Danse russe&#8220;<br \/>\n(2) Peter Tschaikowsky: Violine-Solo aus Dornr\u00f6schen von 1890<br \/>\n(3) J.S. Bach: Sarabande in d-Moll<br \/>\n(4) Richard Strauss: Daphne-Etude<br \/>\n(5) Francisco Canaro: Tango &#8222;Champagne-Tropfen&#8220;<br \/>\n(6) Jules Massanet: Meditation aus Thais<\/p>\n<h5><a href=\"https:\/\/www.freiburg-schwarzwald.de\/blog\/wp-content\/uploads\/2025\/07\/kosinov-geige1wieselhof250716.jpg\"><img loading=\"lazy\" decoding=\"async\" class=\"alignnone size-thumbnail wp-image-137038\" src=\"https:\/\/www.freiburg-schwarzwald.de\/blog\/wp-content\/uploads\/2025\/07\/kosinov-geige1wieselhof250716-135x180.jpg\" alt=\"\" width=\"135\" height=\"180\" srcset=\"https:\/\/www.freiburg-schwarzwald.de\/blog\/wp-content\/uploads\/2025\/07\/kosinov-geige1wieselhof250716-135x180.jpg 135w, https:\/\/www.freiburg-schwarzwald.de\/blog\/wp-content\/uploads\/2025\/07\/kosinov-geige1wieselhof250716-480x640.jpg 480w, https:\/\/www.freiburg-schwarzwald.de\/blog\/wp-content\/uploads\/2025\/07\/kosinov-geige1wieselhof250716.jpg 728w\" sizes=\"auto, (max-width: 135px) 100vw, 135px\" \/><\/a>\u00a0 \u00a0Der Geiger Maxim Kosinov am Wieselhof<\/h5>\n<p>Dazwischen erz\u00e4hlte Maxim Kosinov\u00a0 (in Stichworten):<br \/>\nVon seiner Kindheit in Petersburg. Als Maxim vier Jahre alt war, begann sein Vater, ein Gitarrist, Jahrgang 1953, mit dem Geigenunterricht. Streng und tagein tagaus. Sein Vater machte alles f\u00fcr seinen Sohn. Er konzentrierte sich so sehr darauf, da\u00df seine Ehe zerbrach und die Mutter nach Polen emigrierte.<br \/>\n&#8222;Geige lernen in Hochleistungssport. Man mu\u00df sehr fr\u00fch damit anfangen, wegen der kleinen H\u00e4nde, die sich noch formen, ganz anders als zum Beispiel Posaune&#8220;.<br \/>\n&#8222;Musik professionell zu erlernen ist leider schon etwas mit Gewalt verbunden. Gar nicht so lustig f\u00fcr mich.&#8220;<br \/>\nGanz fr\u00fch Anfang der 1990er Jahre lie\u00df sein Vater ihn vor Publikum spielen. So hat er heute kaum &#8222;Lampenfieber&#8220;. Sp\u00e4ter spielte er auf der Stra\u00dfe in St. Petersburg Geige, &#8222;sehr lukrativ f\u00fcr uns damals&#8220;, als viele Touristen aus dem Westen nach Russland kamen&#8220;. Binnen kurzem so viel\u00a0 Geld, wie ein einfacher Arbeiter im Monat verdiente. Auch am 16. Juli 1995, als bei einer Regatta ein deutsches Schul-Segelschiff anlegte.<br \/>\n.<br \/>\nMaxim Kosinov ist viel besch\u00e4ftigt: Vorgestern Tournee in Granada, heute Abend hier im Wieselhof, dann in Stuttgart zur Probe und am kommenden Samstag im Konzerthaus Freiburg. &#8222;In diesem Beruf bleibt man immer unter Spannung&#8220;.<br \/>\nEr hat f\u00fcnf Jahre in England gelebt. &#8222;Bach tut immer gut&#8220;. Zu seinem Sohn sagte Bach &#8222;Alles sind Et\u00fcden&#8220;, also alles zum \u00dcben.<\/p>\n<p>Im Alter von 10-11 Jahren ging er in St. Petersburg zur Schule als Geiger. Mit 18 hat er die Pr\u00fcfung zum Konservatorium bestanden und musste deshalb nicht zur Armee. Sein Bruder dient in der Armee.<br \/>\nSeine Geige hatte ihm die Mutter 1999 in St. Petersburg gekauft, arg ramponiert, sogar durchschossen. &#8222;Aber ein Geigenbauer hat ihr das zweite Leben gegeben&#8220;. Deshalb h\u00e4ngt er sehr an seinem Instrument.<br \/>\n&#8222;Jede j\u00fcdische Familie hat irgendeinen Geiger in der Familie&#8220;.<\/p>\n<p>Als Orchestermusiker erlebte er die Abende im Graben, nicht auf der B\u00fchne. Aber in D\u00fcsseldorf: Raus aus dem Graben, umziehen und dann auf die B\u00fchne als Solospieler.<br \/>\nSeine Frau &#8211; keine Musikerin &#8211; ist Franz\u00f6sin, die Kinder besuchen das Deutsch-Franz\u00f6sische Gymnasium DFG an der Dreisam, bilingual.<br \/>\n&#8222;Freiburg gef\u00e4llt uns allen sehr gut&#8220;. Seine Schwester lebt in Strasbourg, Er hat eine zeitlang gegen\u00fcber in Kehl gewohnt. Ein Sohn ist 9 Jahre alt. Die Kinder werden nicht angehalten, irgendein Instrument zu spielen. &#8222;Sie sollen selbst entscheiden&#8220;.<\/p>\n<p>Zum Geigensolo aus der Oper Thais (6): Das spielt er auf Hochzeiten wie bei Begr\u00e4bnissen. &#8222;Auch bei meiner Einb\u00fcrgerung als Franzose in Frankfurt habe ich das St\u00fcck von Jules Massanet gespielt&#8220;. Maxim Kosinov hat neben der franz\u00f6sischen auch die russische Staatsb\u00fcrgerschaft.<br \/>\n.<br \/>\nWelch ein Genu\u00df und welch ein Geschenk, ein Geigenspiel in solch einer N\u00e4he erleben zu d\u00fcrfen: Zu h\u00f6ren, wie der Bogen beim langsamen Spielen \u00fcber die Saite kratzt, knistert, knistert, rauscht, summt (es gibt kein Wort daf\u00fcr). Zu sehen, wie der Schwei\u00df bei dem hochkonzentrierten Spiel von der Stirne rinnt. Zu sp\u00fcren, wie der Musiker in der gerade gespielten Et\u00fcde (bei geschlossenen Augen) geradezu aufgeht.<br \/>\nEs ist auch ein gro\u00dfes Entgegenkommen, da\u00df Maxim Kosinov \u00fcberhaupt bereit ist, sich in so kurzer Distanz den ihm unbekannten Besuchern zu pr\u00e4sentieren und sie an seiner Virtuosit\u00e4t teilhaben zu lassen.<br \/>\n.<br \/>\nVielen Dank an Maxim Kosinov, da\u00df er als gesuchter Geiger trotz vollem Terminplan bereit war, im Wieselhof zu spielen. Danke f\u00fcr die sechs so wunderbar gespielten Musikst\u00fccke und die interessanten Erz\u00e4hlungen dazwischen. Dazu sei eine Bemerkung gestattet:<br \/>\nDas Miteinanderreden ist gerade in einer Zeit wichtig, in der die offizielle deutsche Politik und leider auch ein gro\u00dfer Teil der Zivilgesellschaft ein grauenhaftes Russland-Bashing betreiben und sich pl\u00f6tzlich gegen\u00fcber den Russen mitsamt ihrer Kultur, Literatur und Musik feindlich gesinnt zeigen. Das hat &#8222;M\u00fctterchen Russland&#8220; niemals verdient.<br \/>\nAls Kosinov als Strassenmusiker in St. Petersburg f\u00fcr die zahlreichen westlichen Touristen spielte, schw\u00e4rmten deutsche wie russische Medien von der Friedfertigkeit ihrer B\u00fcrger. Gut so. Heute hingegen warnen die deutschen Mainstreammedien vor den b\u00f6sen und kriegerischen Russen- was f\u00fcr eine schlimme Entwicklung und auch Mi\u00dfachtung der Geschichte. Wir brauchen eine europ\u00e4ische Friedens- und Sicherheitsarchitektur &#8211; und zwar mit Russland als europ\u00e4ischem Kernland.<br \/>\n<a href=\"https:\/\/www.maximkosinov.com\/\">http:\/\/www.maximkosinov.com\/<\/a><\/p>\n<p>&nbsp;<\/p>\n","protected":false},"excerpt":{"rendered":"<p>Home\u00a0&gt;Kultur\u00a0&gt;Musik &gt;Geige Der russische Geiger Maxim Kosinov spielt auf dem Wieselhof (16.7.2025) &nbsp; Der russische Geiger Maxim Kosinov spielt auf dem Wieselhof &#8222;Der Geiger Maxim Kosinov spielt und erz\u00e4hlt Maxim Kosinov ist stellvertretender Konzertmeister des SWR Symphonieorchesters. Am 16.7.2025 spielt &hellip; <a href=\"https:\/\/www.freiburg-schwarzwald.de\/blog\/kultur\/musik\/geige\/\">Weiterlesen <span class=\"meta-nav\">&rarr;<\/span><\/a><\/p>\n","protected":false},"author":2,"featured_media":0,"parent":1269,"menu_order":0,"comment_status":"closed","ping_status":"closed","template":"","meta":{"footnotes":""},"class_list":["post-137035","page","type-page","status-publish","hentry"],"_links":{"self":[{"href":"https:\/\/www.freiburg-schwarzwald.de\/blog\/wp-json\/wp\/v2\/pages\/137035","targetHints":{"allow":["GET"]}}],"collection":[{"href":"https:\/\/www.freiburg-schwarzwald.de\/blog\/wp-json\/wp\/v2\/pages"}],"about":[{"href":"https:\/\/www.freiburg-schwarzwald.de\/blog\/wp-json\/wp\/v2\/types\/page"}],"author":[{"embeddable":true,"href":"https:\/\/www.freiburg-schwarzwald.de\/blog\/wp-json\/wp\/v2\/users\/2"}],"replies":[{"embeddable":true,"href":"https:\/\/www.freiburg-schwarzwald.de\/blog\/wp-json\/wp\/v2\/comments?post=137035"}],"version-history":[{"count":5,"href":"https:\/\/www.freiburg-schwarzwald.de\/blog\/wp-json\/wp\/v2\/pages\/137035\/revisions"}],"predecessor-version":[{"id":137130,"href":"https:\/\/www.freiburg-schwarzwald.de\/blog\/wp-json\/wp\/v2\/pages\/137035\/revisions\/137130"}],"up":[{"embeddable":true,"href":"https:\/\/www.freiburg-schwarzwald.de\/blog\/wp-json\/wp\/v2\/pages\/1269"}],"wp:attachment":[{"href":"https:\/\/www.freiburg-schwarzwald.de\/blog\/wp-json\/wp\/v2\/media?parent=137035"}],"curies":[{"name":"wp","href":"https:\/\/api.w.org\/{rel}","templated":true}]}}