{"id":136818,"date":"2025-07-24T18:02:51","date_gmt":"2025-07-24T16:02:51","guid":{"rendered":"https:\/\/www.freiburg-schwarzwald.de\/blog\/?page_id=136818"},"modified":"2025-11-01T18:51:45","modified_gmt":"2025-11-01T17:51:45","slug":"gewohnheit","status":"publish","type":"page","link":"https:\/\/www.freiburg-schwarzwald.de\/blog\/kultur\/kulturverlust\/gewohnheit\/","title":{"rendered":"Gewohnheit"},"content":{"rendered":"<p><a href=\"https:\/\/freiburg-schwarzwald.de\/blog\">Home<\/a>\u00a0&gt;<a title=\"Demokratie\" href=\"https:\/\/www.freiburg-schwarzwald.de\/blog\/engagement\/zukunft\/demokratie\/\">Demokratie<\/a>\u00a0&gt;<a title=\"Deutschland\" href=\"https:\/\/www.freiburg-schwarzwald.de\/blog\/global\/deutschland\/\">Deutschland<\/a>\u00a0&gt;<a title=\"Gesellschaft\" href=\"https:\/\/www.freiburg-schwarzwald.de\/blog\/global\/deutschland\/gesellschaft\/\">Gesellschaft\u00a0<\/a> &gt;<a href=\"https:\/\/www.freiburg-schwarzwald.de\/blog\/business\/volkswirtschaft\/niedergang\/\">Niedergang<\/a> &gt;<a href=\"https:\/\/www.freiburg-schwarzwald.de\/blog\/kultur\/kulturverlust\/\">Kulturverlust<\/a> &gt;Gewohnheit<\/p>\n<div id=\"attachment_136778\" style=\"width: 651px\" class=\"wp-caption alignnone\"><a href=\"https:\/\/www.freiburg-schwarzwald.de\/blog\/wp-content\/uploads\/2025\/07\/weizen-ernte2dreisamtal-pan250718.jpg\"><img loading=\"lazy\" decoding=\"async\" aria-describedby=\"caption-attachment-136778\" class=\"size-full wp-image-136778\" src=\"https:\/\/www.freiburg-schwarzwald.de\/blog\/wp-content\/uploads\/2025\/07\/weizen-ernte2dreisamtal-pan250718.jpg\" alt=\"\" width=\"641\" height=\"357\" srcset=\"https:\/\/www.freiburg-schwarzwald.de\/blog\/wp-content\/uploads\/2025\/07\/weizen-ernte2dreisamtal-pan250718.jpg 641w, https:\/\/www.freiburg-schwarzwald.de\/blog\/wp-content\/uploads\/2025\/07\/weizen-ernte2dreisamtal-pan250718-180x100.jpg 180w\" sizes=\"auto, (max-width: 641px) 100vw, 641px\" \/><\/a><p id=\"caption-attachment-136778\" class=\"wp-caption-text\">Weizenernte im Dreisamtal bei Freiburg 18.7.2025<\/p><\/div>\n<ul>\n<li><em>Listenauswahl eines Beitrags (Artikel\/Datum, Seite\/Inhalt): <span style=\"text-decoration: underline;\">Klicken<\/span> oder scrollen<\/em><\/li>\n<li><a href=\"https:\/\/www.freiburg-schwarzwald.de\/blog\/niedergang-oekonomie-freiheit\/\">Niedergang: \u00d6konomie, Freiheit<\/a>\u00a0(1.11.2025)<\/li>\n<li><a href=\"https:\/\/www.freiburg-schwarzwald.de\/blog\/kultur\/kulturverlust\/gewohnheit\/\">Gew\u00f6hnung an den Niedergang<\/a>\u00a0(28.7.2025)<\/li>\n<li>Wenn aus Hotels Albtr\u00e4ume werden \u2013 und niemand sich wundert (24.7.2025)<\/li>\n<li>Dener: Gew\u00f6hnung ist der Anfang vom Ende (22.7.2025)<\/li>\n<li><\/li>\n<li><a href=\"https:\/\/www.freiburg-schwarzwald.de\/blog\/selbsthilfe\/soziales\/arbeit\/arbeitsverweigerung\/\">Arbeitsverweigerung<\/a><\/li>\n<li><a href=\"https:\/\/www.freiburg-schwarzwald.de\/blog\/selbsthilfe\/soziales\/armut\/\">Armut<\/a><\/li>\n<li><a href=\"https:\/\/www.freiburg-schwarzwald.de\/blog\/kultur\/kulturverlust\/dekadenz\/\">Dekadenz<\/a><\/li>\n<li><a href=\"https:\/\/www.freiburg-schwarzwald.de\/blog\/global\/deutschland\/deutschland-isoliert\/\">Deutschland-isoliert<\/a><\/li>\n<li><a href=\"https:\/\/www.freiburg-schwarzwald.de\/blog\/business\/volkswirtschaft\/gruene-oekonomie\/\">Gruene-Oekonomie<\/a><\/li>\n<li><a href=\"https:\/\/www.freiburg-schwarzwald.de\/blog\/global\/deutschland\/klimarettung\/\">Klimarettung<\/a><\/li>\n<li><a href=\"https:\/\/www.freiburg-schwarzwald.de\/blog\/engagement\/zukunft\/demokratie\/politik\/politik-illusionen\/\">Politik-Illusionen<\/a><\/li>\n<li><a href=\"https:\/\/www.freiburg-schwarzwald.de\/blog\/engagement\/resignation-der-mitte\/\">Resignation der Mitte<\/a><\/li>\n<li><a href=\"https:\/\/www.freiburg-schwarzwald.de\/blog\/business\/rezession\/\">Rezession<\/a><\/li>\n<li><a title=\"Schulden\" href=\"https:\/\/www.freiburg-schwarzwald.de\/blog\/global\/finanzsystem\/schulden\/\">Schulden<\/a><\/li>\n<li><a href=\"https:\/\/www.freiburg-schwarzwald.de\/blog\/business\/schrumpfung\/\">Schrumpfung<\/a><\/li>\n<li style=\"list-style-type: none;\"><\/li>\n<li><a href=\"https:\/\/www.freiburg-schwarzwald.de\/blog\/energie\/strom\/strommangel\/\">Strommangel<\/a><\/li>\n<li><a href=\"https:\/\/www.freiburg-schwarzwald.de\/blog\/business\/volkswirtschaft\/verarmung\/\">Verarmung<\/a><\/li>\n<li><a href=\"https:\/\/www.freiburg-schwarzwald.de\/blog\/global\/deutschland\/verwahrlosung\/\">Verwahrlosung<\/a><\/li>\n<li><a href=\"https:\/\/www.freiburg-schwarzwald.de\/blog\/selbsthilfe\/soziales\/wohlstandsverlust\/\">Wohlstandsverlust<\/a><\/li>\n<li><a href=\"https:\/\/www.freiburg-schwarzwald.de\/blog\/global\/globalisierung\/world-ranking\/\">World-Ranking<\/a><\/li>\n<li><a href=\"https:\/\/www.freiburg-schwarzwald.de\/blog\/business\/volkswirtschaft\/zusammenbruch\/\">Zusammenbruch<\/a><\/li>\n<\/ul>\n<p>&nbsp;<\/p>\n<p><strong>Wenn aus Hotels Albtr\u00e4ume werden \u2013 und niemand sich wundert<\/strong><br \/>\nMuffiger Luxus, schweigende G\u00e4ste \u2013 wenn Hotels und Lounges zu Albtr\u00e4umen werden<br \/>\n&#8230;<br \/>\nIm Zimmer (des M\u00fcnchener Hotels) stand ein Hinweis-Schild, dass man nicht kochen und \u2013 man glaubt es kaum \u2013 nicht sch\u00e4chten (!) darf. Man muss sich das auf der Zunge zergehen lassen: eine Warnung vor der rituellen Schlachtung von Tieren ohne Bet\u00e4ubung, durch Kehlschnitt und Ausbluten \u2013 in einem Hotelzimmer in M\u00fcnchen. Willkommen im Deutschland des Jahres 2025 \u2013 wo offenbar alles m\u00f6glich ist und man mit dem Schlimmsten rechnen muss.<br \/>\n&#8230;<br \/>\nWo man hinblickt, Zerfall: In Flugh\u00e4fen fehlen Gep\u00e4ck-Mitarbeiter, in Beh\u00f6rden Termine, in Hotels die Sauberkeit \u2013 und in der Politik die Scham. Der Mittelstand wird stranguliert, w\u00e4hrend Start-ups aus Katar subventioniert werden. In mancher Notaufnahme wartet man l\u00e4nger als auf einen neuen Pass. Der Handwerker sagt, er komme im Oktober \u2013 nur ohne Jahreszahl. Und in so manchem Ministerium hat man das Gef\u00fchl, es regiert nicht der Verstand, sondern ein Workshop-Protokoll. Was ich in M\u00fcnchen erlebte, war nicht das einzige \u201eHotel-Erlebnis\u201d der letzten Zeit.<br \/>\n&#8230;<br \/>\nWer noch einen Funken Stolz oder Selbstachtung h\u00e4tte, w\u00fcrde gehen. Ein Zeichen setzen. Aber niemand geht. Alle bleiben stehen. Schweigend, blicklos, wie eine Schafherde. Und ich? Ich stand mittendrin. Und wartete. Die Resignation, die Selbstaufgabe \u2013 sie scheinen ansteckend zu sein.<br \/>\nVielleicht ist es genau das, was mich so sehr an die sp\u00e4te Sowjetunion erinnert: Nicht die Armut, nicht der Mangel \u2013 sondern diese schleichende Gleichg\u00fcltigkeit gegen\u00fcber dem Verfall. Diese Mischung aus R\u00fcckzug, Resignation und stillem Zorn.<br \/>\nIch wei\u00df, das klingt d\u00fcster. Aber vielleicht hilft es, wenn wir anfangen, diese Geschichten zu erz\u00e4hlen. Nicht um zu jammern \u2013 sondern um zu erinnern, wie es mal war. Und wie es nicht werden sollte. Denn die J\u00fcngeren kennen es oft nicht anders \u2013 sie halten diesen <a href=\"https:\/\/www.freiburg-schwarzwald.de\/blog\/business\/volkswirtschaft\/niedergang\/\">Niedergang<\/a> f\u00fcr Normalit\u00e4t.<br \/>\nWas ich hier geschildert habe, sind nur Symptome. Die eigentliche Frage lautet: Wie konnte es so weit kommen? Was hat diesen schleichenden Verfall m\u00f6glich gemacht \u2013 und warum scheint sich kaum noch jemand daran zu st\u00f6ren?<br \/>\nWenn Sie \u00e4hnliche Erlebnisse hatten: Schreiben Sie mir. Denn manchmal verdeutlicht nichts den Ernst der Lage so sehr wie ein Schild, das sagt, man solle bitte nicht sch\u00e4chten. In einem Hotelzimmer. In M\u00fcnchen. Aber es geht l\u00e4ngst um mehr als Anekdoten. Es geht um ein Lebensgef\u00fchl, das still verloren geht \u2013 und um <em><strong>eine Gesellschaft, die sich daran gew\u00f6hnt, dass wenig klappt, und noch weniger hinterfragt wird.<\/strong><\/em><br \/>\n&#8230; Alles vom 24.7.2025 bitte lesen auf<br \/>\n<a href=\"https:\/\/reitschuster.de\/post\/wenn-aus-hotels-albtraeume-werden-und-niemand-sich-wundert\/\">https:\/\/reitschuster.de\/post\/wenn-aus-hotels-albtraeume-werden-und-niemand-sich-wundert\/<\/a><br \/>\n.<br \/>\nEinige Kommentare:<br \/>\nFragen Sie doch einmal, wie die Angestellten bezahlt werden? Die Bezahlung der dort Besch\u00e4ftigten steht wahrscheinlich im Gegensatz zu den harten Arbeitsbedingungen dieser, aber auch im Gegensatz zu den \u00dcbernachtungspreisen. Kein Wunder, wenn Menschen lieber ins B\u00fcrgergeld gehen als f\u00fcr harte Arbeit schlecht bezahlt zu werden. Es gibt sicher auch Hoteliers, die ihre Mitarbeiter anst\u00e4ndig bezahlen &#8211; aber diese haben sicher kein Problem Personal zu bekommen und zu halten. Hans B.<br \/>\n.<br \/>\nSie sprechen ein berechtigtes Thema an \u2013 die oft harten Arbeitsbedingungen und niedrigen L\u00f6hne im Hotelgewerbe. Und ja, es ist richtig: Wer seine Mitarbeiter fair behandelt und ordentlich bezahlt, hat in der Regel weniger Probleme, Personal zu finden. Aber genau das ist ja der Punkt: Es gibt viele offene Stellen, und dennoch bleiben sie unbesetzt \u2013 selbst bei Hotels, die deutlich \u00fcber Mindestlohn zahlen. Die Realit\u00e4t ist eben nicht so einfach, wie es sich in einem moralischen Kurzschluss darstellt. Wenn Arbeit sich finanziell kaum mehr lohnt \u2013 etwa, weil B\u00fcrgergeld mit Wohngeld, Heizkostenzuschuss und Aufstockung oft mehr bringt als ein Einstiegsgehalt \u2013, dann funktioniert der Arbeitsmarkt nicht mehr.<br \/>\nDer Artikel prangert genau diese Schieflage an. Nicht aus Arroganz gegen\u00fcber Geringverdienern, sondern aus Respekt vor all jenen, die jeden Morgen aufstehen, malochen \u2013 und sich am Monatsende trotzdem fragen, ob sie d\u00fcmmer sind als der Nachbar, der es sich auf der Couch bequem gemacht hat. Boris reitschuster<br \/>\n.<br \/>\nEs gibt einfach zuviel f\u00fcrs Nichtstun und Leistung lohnt sich nicht mehr. Wenn 53 Cent von jedem verdienten Euro bein Staat h\u00e4ngenbleiben, bekommt man Zust\u00e4nde wie wir sie jetzt sehen. FZW<br \/>\n.<br \/>\nDiese Zust\u00e4nde liegen an den Eigentumsverh\u00e4ltnissen. In der DDR hatten wir das sog. Volkseigentum. Alles geh\u00f6rte allen und keinem. Das f\u00fchrte zu Gleichg\u00fcltigkeit und Verfall.<br \/>\nHeute ist das \u00e4hnlich. Es gibt zwar Besitzer, aber die besitzen oft so viel, dass sie sich nicht mehr selbst darum k\u00fcmmern k\u00f6nnen. Die Verantwortung wird outgesourct und die mit der Verantwortung Beauftragten haben nat\u00fcrlich nicht das gleiche Interesse am Unternehmen wie ein vor Ort t\u00e4tiger Besitzer. Sie agieren deshalb nicht anders als ein DDR-Kombinatsdirektor. Also im besten Fall Dienst nach Vorschrift, nichts riskieren und nur nicht auffallen. Verst\u00e4rkt wird das durch eine Atmosph\u00e4re, wo jeder wei\u00df, dass sich Leistung und Engagement nicht mehr lohnen. Ossi<br \/>\nEnde Kommentare<\/p>\n<p>&nbsp;<\/p>\n<p><strong>Dener: Gew\u00f6hnung ist der Anfang vom Ende<\/strong><br \/>\nDer Tag, an dem wir aufh\u00f6ren, uns \u00fcber die Zust\u00e4nde in der Republik zu wundern, war gestern. Fast jedes Wochenende demonstrieren sie. \u201eFree Palestine\u201c steht auf den Schildern, doch gemeint ist: \u201eDown with Israel\u201c, \u201eDown with the West\u201c, \u201eDown with you\u201c. Es sind dieselben Parolen, dieselben Fahnen, dieselben Gesichter. Nicht dieselben Messer \u2013 die wechseln. Statistisch <a href=\"https:\/\/de.statista.com\/statistik\/daten\/studie\/1471312\/umfrage\/messerangriffe-in-deutschland\/#:~:text=Im%20Jahr%202024%20wurde%20in,um%20etwa%202%2C6%20Prozent\">https:\/\/de.statista.com\/statistik\/daten\/studie\/1471312\/umfrage\/messerangriffe-in-deutschland\/#:~:text=Im%20Jahr%202024%20wurde%20in,um%20etwa%202%2C6%20Prozent<\/a>. : 79\u201380 Messerattacken pro Tag in Deutschland. In Worten: Neunund\u00adsiebzig. T\u00e4glich.<br \/>\nW\u00e4hrenddessen passiert im Inneren der Republik das, was gef\u00e4hrlicher ist als jede Ideologie: <em><strong>die schleichende Gew\u00f6hnung.<\/strong><\/em> Wir nehmen es hin \u2013 wie man Regen hinnimmt oder Stau. Jahr f\u00fcr Jahr werden \u00fcber 200.000 Menschen (2023) <a href=\"https:\/\/www.faz.net\/aktuell\/politik\/inland\/200-000-einbuergerungen-dieses-herkunftsland-ist-am-haeufigsten-vertreten-19748894.html\">https:\/\/www.faz.net\/aktuell\/politik\/inland\/200-000-einbuergerungen-dieses-herkunftsland-ist-am-haeufigsten-vertreten-19748894.html<\/a> eingeb\u00fcrgert (im Jahr 2024 sogar 291.000 <a href=\"https:\/\/www.destatis.de\/DE\/Presse\/Pressemitteilungen\/2025\/06\/PD25_204_125.html#:~:text=291%20955%20Einb%C3%BCrgerungen%20im%20Jahr%202024%20%2D%20Statistisches%20Bundesamt\">https:\/\/www.destatis.de\/DE\/Presse\/Pressemitteilungen\/2025\/06\/PD25_204_125.html#:~:text=291%20955%20Einb%C3%BCrgerungen%20im%20Jahr%202024%20%2D%20Statistisches%20Bundesamt<\/a> ), die in der Mehrzahl nicht einmal Deutsch sprechen. Warum auch? Integrationsdruck existiert nicht. Wer braucht Sprache, wenn es Unterst\u00fctzung in jeder Sprache gibt \u2013 nur nicht in Klartext?<\/p>\n<p>Der Sozialstaat verteilt gro\u00dfz\u00fcgig \u2013 Rentner z\u00e4hlen Centbetr\u00e4ge an der Kasse, w\u00e4hrend vollausgestattete Familiennachz\u00fcge gef\u00f6rdert, nicht gefordert werden. Und die Bundeswehr? Daf\u00fcr haben wir ein Sonderverm\u00f6gen geschaffen. Klingt nach Extrakasse. Tats\u00e4chlich ist es ein Ausdruck der Hilflosigkeit, kaschiert als Kraftakt.<br \/>\nWas damit finanziert werden sollte:<br \/>\nMunition, die funktioniert. Schiffe, die schwimmen. Flugzeuge, die fliegen. Kasernen, die nicht schimmeln. Personal, das mehr ist als Symbolfoto.<br \/>\n&#8230; Alles vom 22.7.2025 von Ahmet Refii Dener bitte lesen auf<br \/>\n<a href=\"https:\/\/www.achgut.com\/artikel\/gewoehnung_ist_der_anfang_vom_ende\">https:\/\/www.achgut.com\/artikel\/gewoehnung_ist_der_anfang_vom_ende<\/a><\/p>\n<p><em>Ahmet Refii Dener ist T\u00fcrkei-Kenner, Unternehmensberater, Jugend-Coach aus Unterfranken, der gegen betreutes Denken ist und deshalb bei Achgut.com schreibt. Mehr von ihm finden Sie auf seiner Facebookseite und bei Instagram.<\/em><br \/>\n.<br \/>\nEinige Kommentare:<br \/>\nWir sind nicht im Modus der Anpassung durch M\u00fcdigkeit, sondern durch Beliebigkeit infolge von Identit\u00e4tslosigkeit, die wiederum eine Folge der Reeducation nach WKII ist. Den Deutschen wurde ihre Kultur auf 12 Jahre im letzten Jahrhundert verk\u00fcrzt und das \u201eEwige Schuld\u201c-Syndrom eingeimpft. Kulturell gesehen sind sie vor diesem Hintergrund defacto wehrlos. Deshalb lassen sie auch widerstandslos ihr Land von ihren sozialistischen \u201eEliten\u201c und den von ihnen illegal importierten Migrantenhorden zerst\u00f6ren. S.Buch<br \/>\n.<br \/>\nIch teile den Pessimismus des Autors. \u2013\u2013 Zu Wiebke Ruschewski: Dies ist kein sozialistisches Experiment. Von Wirtschaftsverwaltung, und das ist ja Kern des Sozialismus, versteht Links-Gr\u00fcn GAR nichts. Dies ist ein Experiment im Abwracken von Recht und Ordnung: Wie lange braucht es, bis die Menschen die Nase voll haben von der Anarchie und der t\u00e4glichen Gewalt und einem Diktator zur Macht verhelfen, der wieder Recht und Ordnung herstellt. Bald wird es nur noch zwei M\u00f6glichkeiten geben: Einen nationalistischen deutschen Diktator (den KEI NER will) oder einen Islam-Diktator. Auf eines von beiden wird es hinauslaufen. marcel Seiler<br \/>\n.<br \/>\nHerr Dener, die joy of destruction liegt in der DNA von linken Schlafwandlern. Michael<br \/>\n.<br \/>\nEtwas \u00e4ndern, wie denn. Mit demokratischen Mitteln ist das schon jetzt praktisch un m\u00f6glich. Wenn sie die AFD verboten haben, mu\u00df die CDU dran glauben. Das wars dann. Herr Merz ist offensichtlich zu dumm um das zu merken. Was uns dann noch bliebe, w\u00e4re Gewalt. Aber Revolutionen in D. gibt es nicht, Bahnsteigkarten ja auch nicht mehr. Johannes Homann<br \/>\n.<br \/>\nBei Egon Friedell (\u201eKulturgeschichte der Neuzeit\u201c) ist der Gedanke, dass sich das Bewusstsein das Sein schafft. Demzufolge waren die Verwahrlosung, die Degeneration und die Idiotie seit Jahrzehnten da und hatten die Gesellschaft durchseucht \u2013 lange BEVOR die gro\u00dfe Frau Merkel erschienen ist. Frau Merkel, Massenmigration, Corona, LGBTQ-Kult und Klimawahn sind nur denkbar und m\u00f6glich, weil der Boden daf\u00fcr bereitet war. Wir stumpfen nicht gegen\u00fcber der Krankheit ab, sondern gegen\u00fcber ihren Auswirkungen \u2013 denn die eigentliche Krankheit ist unsere Abstumpfung und die ekelhaften Beulen, Pickel und Abszesse sind deren Symptome. Robert Schleif<br \/>\n.<br \/>\nMit den Leuten, die das alles seit Jahren hier anrichten, wird sich NICHTS \u00e4ndern. Dekadenz, Feigheit, Opportunismus, sich in das selbst verbrochene Schicksal ergeben ist das, was die auszeichnet. Eine reine Ochlokratie mit ihren j\u00e4mmerlichen Politdarstellern, Helfern und Profiteuren, sie leben von ihren Posten, produzieren st\u00e4ndig neue unn\u00fctze Fre\u00dftr\u00f6ge und k\u00f6nnen nicht nur ihre Mandate nicht sondern auch nichts anderes. Lieber lassen sie das Land, das sie als (schlecht verwaltete) Erbh\u00f6fe betrachten, verrecken als den Verlust ihrer Futtertr\u00f6ge durch fundamentale \u00c4nderungen zu riskieren. Also wird weiter auf den Deckel gesoffen.<br \/>\nDie Karre sitzt so im Dreck in D, dass ich mir nicht vorstellen kann, dass eine \u00c4nderung m\u00f6glich ist. So lange die schicksalsergebenen Insassen dieses Landes glauben noch etwas verlieren zu k\u00f6nnen, wirkt bei ihnen noch die Droge der Hoffnung. Wann die schleichende Gew\u00f6hnung ans Schlechter werden in Wut umschl\u00e4gt wei\u00df ich nicht. Und die Politkader halten ja auch m\u00e4chtig den Deckel drauf. Es wird also noch viel schlimmer werden m\u00fcssen. Dazu braucht man kein gro\u00dfartiger Prophet zu sein. Mit allem was Sie schreiben haben Sie nat\u00fcrlich recht. N\u00fctz aber nichts. Dr. Joachim Lucas<br \/>\n.<br \/>\nMein pers\u00f6nlicher Point of No Return war bereits 2015 erreicht. Die Grenz\u00f6ffnung war f\u00fcr mich der Anfang vom unwiederbringlichen Ende dieses Landes. Dass es in Sachen Migration und Integration nicht so dolle l\u00e4uft, war schon in den 90ern zu meiner Teenie Zeit ziemlich klar ersichtlich. Aber damals hatte ich noch eine gewisse Hoffnung, dass es mit einer f\u00e4higen Regierung doch wieder besser werden k\u00f6nnte. Oder dass ich zumindest mein Leben noch halbwegs unbehelligt von dieser Sch**** irgendwie rum kriege. 2015 wirkte dann aber noch wie ein regelrechter Brandbeschleuniger auf viele negative Entwicklungen. Ich habe die Hoffnung auf eine gute Zukunft dieses Landes l\u00e4ngst aufgegeben. Was mich jedoch am meisten wurmt ist die Tatsache, dass dies alles absolut vorhersehbar (und von manchen Leuten auch durchaus gewollt) war. Wie es bei uns in ein paar Jahren sein wird, kann man seit Jahrzehnten in GB und Frankreich bewundern. M\u00f6gen die Verursacher auf ewig in der H\u00f6lle schmoren. F\u00fcr mich sind sie nichts geringeres als V\u00f6lkerm\u00f6rder.<br \/>\nWir erleben hier gerade das Dritte sozialistische Experiment auf deutschem Boden innerhalb von 100 Jahren. Das Dritte! Warum ist dieses Volk nicht f\u00e4hig, aus den Fehlern der Vergangenheit zu lernen? In anderen L\u00e4ndern war man da durchaus erfolgreicher. Wobei man fairerweise sagen muss, dass die Ossis erwartungsgem\u00e4\u00df bei dem Thema scharfsichtiger sind als die Wessis. Es war ein gewaltiger Fehler, dass man die DDR so wenig aufgearbeitet hat. Und eine Person wie Merkel h\u00e4tte nie Kanzler werden d\u00fcrfen. Es ist eine Art sp\u00e4te Rache der DDR, die wir hier erleben. Das Dritte Reich ist gescheitert, die DDR ebenso. Dieses Mal ist man wild entschlossen, nicht zu scheitern. Man wird zwar scheitern &#8211; das tut der Sozialismus immer &#8211; aber die Sch\u00e4den werden dieses Mal nicht mehr zu beheben sein, da es unsere bis vor kurzem halbwegs homogene Gesellschaft mit gemeinsamen Werten nicht mehr geben wird. Ich halte D f\u00fcr unheilbar todkrank. Was nicht hei\u00dft dass ich mich an diesen Irrsinn gew\u00f6hnt habe. Ich bin nur realistisch. Und ich bin heilfroh dass ich keine Kinder habe! Wiebke Ruschewski<br \/>\nEnde Kommentare<\/p>\n<p>&nbsp;<\/p>\n","protected":false},"excerpt":{"rendered":"<p>Home\u00a0&gt;Demokratie\u00a0&gt;Deutschland\u00a0&gt;Gesellschaft\u00a0 &gt;Niedergang &gt;Kulturverlust &gt;Gewohnheit Listenauswahl eines Beitrags (Artikel\/Datum, Seite\/Inhalt): Klicken oder scrollen Niedergang: \u00d6konomie, Freiheit\u00a0(1.11.2025) Gew\u00f6hnung an den Niedergang\u00a0(28.7.2025) Wenn aus Hotels Albtr\u00e4ume werden \u2013 und niemand sich wundert (24.7.2025) Dener: Gew\u00f6hnung ist der Anfang vom Ende (22.7.2025) Arbeitsverweigerung Armut &hellip; <a href=\"https:\/\/www.freiburg-schwarzwald.de\/blog\/kultur\/kulturverlust\/gewohnheit\/\">Weiterlesen <span class=\"meta-nav\">&rarr;<\/span><\/a><\/p>\n","protected":false},"author":2,"featured_media":0,"parent":81438,"menu_order":0,"comment_status":"closed","ping_status":"closed","template":"","meta":{"footnotes":""},"class_list":["post-136818","page","type-page","status-publish","hentry"],"_links":{"self":[{"href":"https:\/\/www.freiburg-schwarzwald.de\/blog\/wp-json\/wp\/v2\/pages\/136818","targetHints":{"allow":["GET"]}}],"collection":[{"href":"https:\/\/www.freiburg-schwarzwald.de\/blog\/wp-json\/wp\/v2\/pages"}],"about":[{"href":"https:\/\/www.freiburg-schwarzwald.de\/blog\/wp-json\/wp\/v2\/types\/page"}],"author":[{"embeddable":true,"href":"https:\/\/www.freiburg-schwarzwald.de\/blog\/wp-json\/wp\/v2\/users\/2"}],"replies":[{"embeddable":true,"href":"https:\/\/www.freiburg-schwarzwald.de\/blog\/wp-json\/wp\/v2\/comments?post=136818"}],"version-history":[{"count":5,"href":"https:\/\/www.freiburg-schwarzwald.de\/blog\/wp-json\/wp\/v2\/pages\/136818\/revisions"}],"predecessor-version":[{"id":140984,"href":"https:\/\/www.freiburg-schwarzwald.de\/blog\/wp-json\/wp\/v2\/pages\/136818\/revisions\/140984"}],"up":[{"embeddable":true,"href":"https:\/\/www.freiburg-schwarzwald.de\/blog\/wp-json\/wp\/v2\/pages\/81438"}],"wp:attachment":[{"href":"https:\/\/www.freiburg-schwarzwald.de\/blog\/wp-json\/wp\/v2\/media?parent=136818"}],"curies":[{"name":"wp","href":"https:\/\/api.w.org\/{rel}","templated":true}]}}