{"id":136784,"date":"2025-07-24T13:19:17","date_gmt":"2025-07-24T11:19:17","guid":{"rendered":"https:\/\/www.freiburg-schwarzwald.de\/blog\/?page_id=136784"},"modified":"2025-07-24T13:22:35","modified_gmt":"2025-07-24T11:22:35","slug":"artensterben","status":"publish","type":"page","link":"https:\/\/www.freiburg-schwarzwald.de\/blog\/natur\/artensterben\/","title":{"rendered":"Artensterben"},"content":{"rendered":"<p>Home &gt;<a title=\"Natur\" href=\"https:\/\/www.freiburg-schwarzwald.de\/blog\/natur\/\">Natur<\/a>\u00a0&gt;<a title=\"Flora\" href=\"https:\/\/www.freiburg-schwarzwald.de\/blog\/natur\/flora\/\">Flora<\/a>\u00a0&gt;<a title=\"Garten\" href=\"https:\/\/www.freiburg-schwarzwald.de\/blog\/natur\/garten\/\">Garten<\/a>\u00a0&gt;<a title=\"Landwirt\" href=\"https:\/\/www.freiburg-schwarzwald.de\/blog\/natur\/landwirt\/\">Landwirt<\/a>\u00a0&gt;<a href=\"https:\/\/www.freiburg-schwarzwald.de\/blog\/natur\/biodiversitaet\/\">Biodiversitaet<\/a> &gt;<a href=\"https:\/\/www.freiburg-schwarzwald.de\/blog\/natur\/natur-defizit\/\">Natur-Defizit<\/a> &gt;Artensterben<\/p>\n<div id=\"attachment_136778\" style=\"width: 651px\" class=\"wp-caption alignnone\"><a href=\"https:\/\/www.freiburg-schwarzwald.de\/blog\/wp-content\/uploads\/2025\/07\/weizen-ernte2dreisamtal-pan250718.jpg\"><img loading=\"lazy\" decoding=\"async\" aria-describedby=\"caption-attachment-136778\" class=\"size-full wp-image-136778\" src=\"https:\/\/www.freiburg-schwarzwald.de\/blog\/wp-content\/uploads\/2025\/07\/weizen-ernte2dreisamtal-pan250718.jpg\" alt=\"\" width=\"641\" height=\"357\" srcset=\"https:\/\/www.freiburg-schwarzwald.de\/blog\/wp-content\/uploads\/2025\/07\/weizen-ernte2dreisamtal-pan250718.jpg 641w, https:\/\/www.freiburg-schwarzwald.de\/blog\/wp-content\/uploads\/2025\/07\/weizen-ernte2dreisamtal-pan250718-180x100.jpg 180w\" sizes=\"auto, (max-width: 641px) 100vw, 641px\" \/><\/a><p id=\"caption-attachment-136778\" class=\"wp-caption-text\">Weizenernte im Dreisamtal bei Freiburg 18.7.2025<\/p><\/div>\n<ul>\n<li><em>Listenauswahl eines Beitrags (Artikel\/Datum, Seite\/Inhalt): <span style=\"text-decoration: underline;\">Klicken<\/span> oder scrollen<\/em><\/li>\n<li>Lerchen-Sterben und Vogelsterben in Deutschland (23.7.2025)<\/li>\n<\/ul>\n<p>&nbsp;<\/p>\n<p><strong>Lerchen-Sterben und Vogelsterben in Deutschland<\/strong><br \/>\n<strong>Der R\u00fcckgang der Feldlerchen und die Ursachen<\/strong><\/p>\n<p>Haben Du und Deine Kinder in diesem Fr\u00fchling und Fr\u00fchsommer schon den wunderbaren Gesang der ins Blau aufsteigenden Lerche geh\u00f6rt? Dies ist eher unwahrscheinlich.<br \/>\nMehr als die H\u00e4lfte aller Feldlerchen in Europa und Deutschland sind seit 1980 verschwunden.<br \/>\n\u201eVerschwunden\u201c ist ein seltsam verharmlosender Neusprech-Begriff. Ausgerottet trifft die Realit\u00e4t in Zeiten des globalen Artensterbens wesentlich besser.<br \/>\nDie Best\u00e4nde der weit verbreiteten Feldlerche sind im Zeitraum von 1980 bis heute europaweit sowie in Deutschland um mehr als die H\u00e4lfte zur\u00fcckgegangen. Doch die aktuelle Debatte um das globale und bundesweite Lerchen-Sterben und das Vogelsterben und seine Ursachen f\u00fchrt an einer Stelle in die Irre. Wir diskutieren das gro\u00dfe Sterben als ein Ph\u00e4nomen der letzten 30 Jahre. Doch das Sterben hat mit DDT, E 605 und anderen brutalen Agrargiften und dem daraus folgenden Insektenschwund schon viel fr\u00fcher begonnen. Das aktuelle Vogelsterben ist \u201enur\u201c die Ausrottung des verbliebenen Rests. Das gilt nicht nur f\u00fcr die V\u00f6gel, sondern auch f\u00fcr das Sterben der Insekten und f\u00fcr das gro\u00dfe globale Artensterben.<br \/>\nDie letzten Jahrzehnte waren keine gute Zeit f\u00fcr die Lerchen, Landschaft, Natur und Artenvielfalt. Die Menschheit hat einer internationalen Untersuchung zufolge schon mehr als 1.400 Vogelarten ausgerottet. 600 Millionen V\u00f6gel haben die Staaten der EU in den letzten vier Jahrzehnten verloren \u2013 das entspricht rechnerisch einem Verlust von 40 000 V\u00f6geln Tag f\u00fcr Tag. Weltweit beschleunigt sich das Artensterben <a href=\"https:\/\/www.mitwelt.org\/artensterben.html\">https:\/\/www.mitwelt.org\/artensterben.html<\/a> und ein UN-Bericht sagt, dass etwa eine Million Tier- und Pflanzenarten in den kommenden Jahrzehnten f\u00fcr immer ausgerottet k\u00f6nnten und dieser verheerende globale Trend spiegelt auch die Realit\u00e4t in Deutschland. Die \u201eGro\u00dfe Beschleunigung\u201c des Wachstums und die damit verbundene Artenausrottung entwickelt sich global gerade zu einer verheerenden Turbobeschleunigung.<\/p>\n<p>Wesentliche Ursache f\u00fcr das Verschwinden der Feldlerche ist die Verwandlung der Landwirtschaft in eine Agrarfabrik und der damit verbundene R\u00fcckgang von geeignetem, wenig intensiv genutztem Gr\u00fcnland. Bauensterben und Vogelsterben <a href=\"https:\/\/www.mitwelt.org\/bauernsterben-insektensterben-artensterben.html\">https:\/\/www.mitwelt.org\/bauernsterben-insektensterben-artensterben.html<\/a> stehen in einer engen Wechselbeziehung. W\u00e4hrend sich die Artenausrottung beschleunigt, erleben wir auch in Sachen Naturschutz gerade eine libert\u00e4r-konservative \u201eZeitenwende R\u00fcckw\u00e4rts\u201c in den USA, in Europa, aber auch in Deutschland. Der von gut organisiertem Egoismus gepr\u00e4gte Kampf gegen dringend ben\u00f6tigte neue Nationalparke war und ist gerade in Deutschland erschreckend erfolgreich. Die Naturschutzbewegung muss endlich aufh\u00f6ren, die Ursachen des Artensterbens in vorgegebenen, putzigen Nischen zu suchen und aufh\u00f6ren, sich mit Nischen-Probleml\u00f6sungen zufriedenzugeben.<\/p>\n<p>Axel Mayer, Mitwelt Stiftung Oberrhein (vermisst den Gesang der ins Blau aufsteigenden Lerchen am Oberrhein)<br \/>\nMehr Infos: Vogelsterben in Deutschland <a href=\"https:\/\/www.mitwelt.org\/vogelsterben-in-deutschland.html\">https:\/\/www.mitwelt.org\/vogelsterben-in-deutschland.html<\/a><br \/>\n&#8230; Alles vom 23.7.2025 bitte lesen auf<br \/>\n<a href=\"https:\/\/www.mitwelt.org\/lerche-sterben-vogelsterben-artensterben-rueckgang-ursachen-deutschland\">https:\/\/www.mitwelt.org\/lerche-sterben-vogelsterben-artensterben-rueckgang-ursachen-deutschland<\/a><\/p>\n<p>&nbsp;<\/p>\n","protected":false},"excerpt":{"rendered":"<p>Home &gt;Natur\u00a0&gt;Flora\u00a0&gt;Garten\u00a0&gt;Landwirt\u00a0&gt;Biodiversitaet &gt;Natur-Defizit &gt;Artensterben Listenauswahl eines Beitrags (Artikel\/Datum, Seite\/Inhalt): Klicken oder scrollen Lerchen-Sterben und Vogelsterben in Deutschland (23.7.2025) &nbsp; Lerchen-Sterben und Vogelsterben in Deutschland Der R\u00fcckgang der Feldlerchen und die Ursachen Haben Du und Deine Kinder in diesem Fr\u00fchling und &hellip; <a href=\"https:\/\/www.freiburg-schwarzwald.de\/blog\/natur\/artensterben\/\">Weiterlesen <span class=\"meta-nav\">&rarr;<\/span><\/a><\/p>\n","protected":false},"author":2,"featured_media":0,"parent":23,"menu_order":0,"comment_status":"closed","ping_status":"closed","template":"","meta":{"footnotes":""},"class_list":["post-136784","page","type-page","status-publish","hentry"],"_links":{"self":[{"href":"https:\/\/www.freiburg-schwarzwald.de\/blog\/wp-json\/wp\/v2\/pages\/136784","targetHints":{"allow":["GET"]}}],"collection":[{"href":"https:\/\/www.freiburg-schwarzwald.de\/blog\/wp-json\/wp\/v2\/pages"}],"about":[{"href":"https:\/\/www.freiburg-schwarzwald.de\/blog\/wp-json\/wp\/v2\/types\/page"}],"author":[{"embeddable":true,"href":"https:\/\/www.freiburg-schwarzwald.de\/blog\/wp-json\/wp\/v2\/users\/2"}],"replies":[{"embeddable":true,"href":"https:\/\/www.freiburg-schwarzwald.de\/blog\/wp-json\/wp\/v2\/comments?post=136784"}],"version-history":[{"count":4,"href":"https:\/\/www.freiburg-schwarzwald.de\/blog\/wp-json\/wp\/v2\/pages\/136784\/revisions"}],"predecessor-version":[{"id":136788,"href":"https:\/\/www.freiburg-schwarzwald.de\/blog\/wp-json\/wp\/v2\/pages\/136784\/revisions\/136788"}],"up":[{"embeddable":true,"href":"https:\/\/www.freiburg-schwarzwald.de\/blog\/wp-json\/wp\/v2\/pages\/23"}],"wp:attachment":[{"href":"https:\/\/www.freiburg-schwarzwald.de\/blog\/wp-json\/wp\/v2\/media?parent=136784"}],"curies":[{"name":"wp","href":"https:\/\/api.w.org\/{rel}","templated":true}]}}