{"id":136671,"date":"2025-07-22T20:10:02","date_gmt":"2025-07-22T18:10:02","guid":{"rendered":"https:\/\/www.freiburg-schwarzwald.de\/blog\/?page_id=136671"},"modified":"2025-07-26T11:46:33","modified_gmt":"2025-07-26T09:46:33","slug":"sommerinterview","status":"publish","type":"page","link":"https:\/\/www.freiburg-schwarzwald.de\/blog\/kultur\/medien\/sommerinterview\/","title":{"rendered":"Sommerinterview"},"content":{"rendered":"<p><a href=\"https:\/\/www.freiburg-schwarzwald.de\/blog\">Home<\/a>\u00a0&gt;<a title=\"Kultur\" href=\"https:\/\/www.freiburg-schwarzwald.de\/blog\/kultur\/\">Kultur<\/a>\u00a0&gt;<a title=\"Medien\" href=\"https:\/\/www.freiburg-schwarzwald.de\/blog\/kultur\/medien\/\">Medien<\/a>\u00a0&gt;<a title=\"Meinungsfreiheit\" href=\"https:\/\/www.freiburg-schwarzwald.de\/blog\/kultur\/medien\/meinungsfreiheit\/\">Meinungsfreiheit<\/a> &gt;<a href=\"https:\/\/www.freiburg-schwarzwald.de\/blog\/kultur\/medien\/medien-politik\/\">Medien-Politik<\/a> &gt;Sommerinterview<\/p>\n<div id=\"attachment_134852\" style=\"width: 650px\" class=\"wp-caption alignnone\"><a href=\"https:\/\/www.freiburg-schwarzwald.de\/blog\/wp-content\/uploads\/2025\/06\/migration-renten-2015-2025-pan.jpg\"><img loading=\"lazy\" decoding=\"async\" aria-describedby=\"caption-attachment-134852\" class=\"size-full wp-image-134852\" src=\"https:\/\/www.freiburg-schwarzwald.de\/blog\/wp-content\/uploads\/2025\/06\/migration-renten-2015-2025-pan.jpg\" alt=\"\" width=\"640\" height=\"406\" srcset=\"https:\/\/www.freiburg-schwarzwald.de\/blog\/wp-content\/uploads\/2025\/06\/migration-renten-2015-2025-pan.jpg 640w, https:\/\/www.freiburg-schwarzwald.de\/blog\/wp-content\/uploads\/2025\/06\/migration-renten-2015-2025-pan-180x114.jpg 180w\" sizes=\"auto, (max-width: 640px) 100vw, 640px\" \/><\/a><p id=\"caption-attachment-134852\" class=\"wp-caption-text\">Einwanderung\/Migration und Renten\/Demografie 2015 und 2025<\/p><\/div>\n<ul>\n<li><em>Listenauswahl eines Beitrags (Artikel\/Datum, Seite\/Inhalt): <span style=\"text-decoration: underline;\">Klicken<\/span> oder scrollen<\/em><\/li>\n<li><a href=\"https:\/\/www.freiburg-schwarzwald.de\/blog\/hakenkreuz-statt-sachpolitik\/\">Hakenkreuz statt Sachpolitik<\/a>\u00a0(26.7.2025)<\/li>\n<li>Alexander Teske: Sommerinterview von der ARD-Redaktion sabotiert (24.7.2025)<\/li>\n<li>Ex-Tagesschau-Redakteur Alexander Teske \u00fcber das Weidel-Interview und Dunja Hayali (22.7.2025)<\/li>\n<li>Initiator des Sommerinterview-Skandals: Polizei und ARD haben \u201emitgeholfen\u201c (22.7.2025)<\/li>\n<li>Weidel-Sommerinterview: Zwei Tonspuren, ein Skandal (22.7.2025)<\/li>\n<li><a href=\"https:\/\/www.freiburg-schwarzwald.de\/blog\/sommerinterview-afd-stoerung\/\">Sommerinterview AfD: St\u00f6rung<\/a>\u00a0(21.7.2025)<\/li>\n<li><\/li>\n<li><a href=\"https:\/\/www.freiburg-schwarzwald.de\/blog\/kultur\/medien\/diskussionskultur\/diskussionskultur2023\/\">Diskussionskultur2023<\/a><\/li>\n<li><a href=\"https:\/\/www.freiburg-schwarzwald.de\/blog\/kultur\/medien\/manipulation\/\">Manipulation<\/a><\/li>\n<li><a href=\"https:\/\/www.freiburg-schwarzwald.de\/blog\/kultur\/medien\/oerr\/\">\u00d6RR<\/a><\/li>\n<li><a href=\"https:\/\/www.freiburg-schwarzwald.de\/blog\/engagement\/zukunft\/demokratie\/opposition\/\">Opposition<\/a><\/li>\n<li><a href=\"https:\/\/www.freiburg-schwarzwald.de\/blog\/engagement\/zukunft\/demokratie\/regierung2025\/\">Regierung2025<\/a><\/li>\n<\/ul>\n<p><strong>Sommerinterview ARD\/ZDF- Medien-Agitation gegen die Opposition<br \/>\n<\/strong>Das manipulierte Sommerinterview vom 20.7.2025 mit Alice Weidel zeigt exemplarisch, da\u00df die\u00a0 Medien ihre Aufgabe als <a href=\"https:\/\/www.freiburg-schwarzwald.de\/blog\/kultur\/medien\/vierte-gewalt\/\">Vierte Gewalt<\/a> (Kontrolle der Regierung) quittiert haben und stattdessen die Opposition bek\u00e4mpfen.<br \/>\n========================================================<\/p>\n<p><strong>Alexander Teske: Sommerinterview von der ARD-Redaktion sabotiert<\/strong><br \/>\nLinke Netzwerke in der ARD: Wie das Sommerinterview sabotiert werden konnte<br \/>\nDas Sommerinterview der ARD mit AfD-Chefin Alice Weidel wurde von linken Aktivisten gest\u00f6rt. Ein Diskurs mit und \u00fcber die AfD darf nicht stattfinden. Das hat System: Wie Alexander Teske berichtet, ist es eine kleine Gruppe von zehn Redakteuren die entscheidet, wie in der Tagesschau \u00fcber die AfD berichtet wird \u2013 Redakteure, die sonst nirgends mit Namen und Gesicht in Erscheinung treten. Und die AfD-Antipathie ist tief verwurzelt in der ARD. Kameraleute, Tontechniker und Journalisten sympathisieren offen mit linksradikalen Gruppen.<br \/>\nTeske berichtet \u00fcber seine pers\u00f6nlichen Erfahrungen innerhalb der ARD, thematisiert ideologische Schlagseiten, fehlende Reformbereitschaft und zweifelhafte Netzwerke im Journalismus. Dabei wird deutlich: Der \u00f6ffentlich-rechtliche Rundfunkt erf\u00fcllt seinen Auftrag schon lange nicht mehr. Doch es gibt kein Interesse in der Politik oder den Anstalten selbst diese Fehlentwicklungen grunds\u00e4tzlich anzugehen.<br \/>\nDas Enth\u00fcllungsbuch &#8222;Inside Tagesschau&#8220; von Alexander Teske k\u00f6nnen Sie im Tichys Einblick Shop bestellen. Mit einem Einkauf unterst\u00fctzen Sie unseren unabh\u00e4ngigen und kritischen Journalismus.<br \/>\n24.7.2025, <a href=\"https:\/\/www.youtube.com\/watch?v=Dn3PmLSVlmk\">https:\/\/www.youtube.com\/watch?v=Dn3PmLSVlmk<\/a><br \/>\nRadikale Netzwerke in der Tagesschau ertragen ein Interview mit Weidel nicht<br \/>\n25.7.2025<br \/>\n<a href=\"https:\/\/www.tichyseinblick.de\/video\/interview\/inside-tagesschau-sommerinterview-weidel-ard\">https:\/\/www.tichyseinblick.de\/video\/interview\/inside-tagesschau-sommerinterview-weidel-ard<\/a>\/<\/p>\n<p><em>Alexander Teske: inside tagesschau<\/em><br \/>\n<em>Zwischen Nachrichten und Meinungsmache<\/em><br \/>\n<em>LMV 2025, 22 Euro<\/em><\/p>\n<p><em>Alexander Teske arbeitet seit 30 Jahren als Journalist. Zuletzt sechs Jahre als Redakteur bei der Tagesschau in Hamburg. Davor war er 15 Jahre beim MDR in Leipzig. Dort verfasste er Beitr\u00e4ge f\u00fcr Tagesthemen, Brennpunkt oder Brisant und plante die Nachrichten des MDR. Er stand vor und hinter der Kamera \u2013 im Hochwasser, bei Demonstrationen oder auf Parteitagen. Auch das Privatfernsehen kennt Teske gut \u2013 f\u00fcnf Jahre berichtete er f\u00fcr Sat.1, Pro.7 und RTL. Seine Anf\u00e4nge liegen im Print: Nach einem Volontariat bei der Morgenpost ver\u00f6ffentlichten Stern, Focus, Bild und taz seine Artikel. Zum Schreiben ist er zur\u00fcckgekehrt \u2013 als freier Autor lebt Alexander Teske in Hamburg.<\/em><\/p>\n<p>&nbsp;<\/p>\n<p><strong>Ex-Tagesschau-Redakteur Alexander Teske \u00fcber das Weidel-Interview und Dunja Hayali<\/strong><br \/>\nDas Sommerinterview in der ARD mit Alice Weidel geht unter und wird von einer Anti-AfD-Aktion sabotiert. Der Ex-Tagesschau-Redakteur Alexander Teske rechnet ab \u2013 und erl\u00e4utert die Hintergr\u00fcnde eines Senders im Kampf gegen die AfD. Au\u00dferdem geht es um die Diffamierungskampagne des \u00d6RR gegen neue Medien in der Causa Brosius-Gersdorf.<br \/>\n22.7.2025, <a href=\"https:\/\/www.youtube.com\/watch?v=5KxcrqLnCCM\">https:\/\/www.youtube.com\/watch?v=5KxcrqLnCCM<\/a><\/p>\n<p><em>Sachlich richtig: M\u00fccke, Teske, Welchering reden \u00fcber irgendwas mit Medien<\/em><br \/>\n<em>Podcast von Alexander Teske: Sachlich-richtig<\/em><br \/>\n<em><a href=\"https:\/\/www.podcast.de\/podcast\/3585903\/sachlich-richtig\">https:\/\/www.podcast.de\/podcast\/3585903\/sachlich-richtig<\/a><\/em><\/p>\n<p>22.7.2025, <a href=\"https:\/\/apollo-news.net\/ex-tagesschau-redakteur-rechnet-mit-ard-nach-sommerinterview-ab-alexander-teske-im-gespraech\/\">https:\/\/apollo-news.net\/ex-tagesschau-redakteur-rechnet-mit-ard-nach-sommerinterview-ab-alexander-teske-im-gespraech\/<\/a><\/p>\n<p>&nbsp;<\/p>\n<p><strong>Initiator des Sommerinterview-Skandals: Polizei und ARD haben \u201emitgeholfen\u201c<\/strong><br \/>\nDer bekannte Jurist U. Vosgerau dazu: \u201eObwohl die Demonstration \u2013 angeblich \u2013 nicht angemeldet gewesen sei und daher nach vollst\u00e4ndiger Erreichung ihrer Ziele von der Polizei aufgel\u00f6st worden sein soll, wurde der Bus vorher von der Polizei zu seinen Standort eskortiert, in einem Hochsicherheitsbereich im Regierungsviertel. In dem Bus h\u00e4tte sich ja auch eine taktische Atomwaffe befinden k\u00f6nnen. Auf den ersten Blick ist das wohl nur so zu erkl\u00e4ren, da\u00df die ARD selber der Polizei kommuniziert haben mu\u00df, der Bus geh\u00f6re zur Sendung und m\u00fcsse da stehen.\u201c<br \/>\n<a href=\"https:\/\/x.com\/AUF1TV\/status\/1947187877378482391\">https:\/\/x.com\/AUF1TV\/status\/1947187877378482391<\/a><\/p>\n<p>Update 22.07.25, 15 h: Mit ARD und Polizei abgesprochen<br \/>\nWas wir in diesem Beitrag noch als Frage stellten, erweist sich nun immer mehr als Tatsache. Philipp Ruch, der Initiator des Antifa-Kollektivs \u201eZentrum f\u00fcr politische Sch\u00f6nheit\u201c, behauptet nun, dass die St\u00f6raktionen gegen das Sommerinterview mit Alice Weidel mit der ARD und Polizei abgesprochen waren. Im Gespr\u00e4ch mit Ronzheimer und auf die Frage, woher die Aktivisten wussten, wann das Interview stattfinden werde, antwortete Ruch:<br \/>\n\u201eDas ist nat\u00fcrlich unser Betriebsgeheimnis. Aber ich w\u00fcrde gar nicht von einer St\u00f6raktion reden, sondern von einer Versch\u00f6nerungsaktion.\u201c Gemeinsam mit den anderen Demonstranten habe er \u201eso etwas wie den Fernsehmoment des Jahres geschaffen, in enger Kooperation mit der ARD und der AfD\u201c.<br \/>\nWie er mit seinem Bus direkt gegen\u00fcber dem ARD-Freiluftstudio anhalten konnte, wollte Ronzheimer dann auch noch wissen: \u201eWir sind, ich will da jetzt keine Details nennen aber, in enger Absprache, nat\u00fcrlich mit der Berliner Polizei auch, in Kontakt getreten und konnten dort eigentlich machen, was wir vorhatten.\u201c<br \/>\n&#8230; Alles vom 22..7.2025 bitte lesen auf<br \/>\n<a href=\"https:\/\/philosophia-perennis.com\/2025\/07\/21\/philipp-ruch-polizei-ard\">https:\/\/philosophia-perennis.com\/2025\/07\/21\/philipp-ruch-polizei-ard<\/a>\/<\/p>\n<p>.<br \/>\n<strong>Weidel-Sommerinterview: Zwei Tonspuren, ein Skandal<\/strong><br \/>\nL\u00e4rm mal laut, mal weg \u2013 Toningenieur erhebt schwere Vorw\u00fcrfe<br \/>\n&#8230; Wir haben es also mit einem Ton-Skandal bei der ARD zu tun. Die vielleicht spannendste Einsch\u00e4tzung kommt von einem Toningenieur, der seit Jahren f\u00fcr \u00f6ffentlich-rechtliche Sender arbeitet. Zitiert wurde er von dem ebenso klugen wie umtriebigen Journalisten Bastian Barucker auf X \u2013 und seine Worte haben es in sich:<br \/>\n.<br \/>\n<em>@BBarucker<\/em><br \/>\n<em>Ich habe einen Toningenieur, der seit vielen Jahren beim \u00f6ffentlich-rechtlichen Rundfunk arbeitet, um eine Einsch\u00e4tzung zur Tonpanne beim Sommer-Interview mit @Alice_Weidel gebeten: &#8222;Ich pers\u00f6nlich glaube bei diesem Interview nicht mehr an Zuf\u00e4lle. Sp\u00e4testens ab dem Moment, ab dem Frau Weidel sagt, dass sie sich mit Echo auf ihrem inEar h\u00f6rt ist das f\u00fcr mich eher eine bewusste Falle. Es ist absolut un\u00fcblich, einem Gespr\u00e4chsgast seine eigene Stimme auf seinen inEar-Monitor zu geben (normalerweise nur den Interviewpartner, um seine Fragen besser zu verstehen). Das hei\u00dft im Fachjargon &#8222;N-1&#8220; (&#8222;Nutzsignal ohne Eigenanteil&#8220;). <\/em><br \/>\n<em>Dass Frau Weidel sich dann noch selbst mit Echo (ab 20-40 Millisekunden) h\u00f6rt, ist noch unwahrscheinlicher, denn sie sitz ja nur 2-3 Meter vom Anstecker des Moderators (3 Millisekunden pro Meter). Die inEar-Wege werden immer vorher vom Tonpersonal getestet, besonders bei hochstehenden Politikern. Da bei solchen Interviews nur erfahrene Toningenieure und Techniker ausgew\u00e4hlt werden, kann das m. E. nur Absicht sein. <\/em><br \/>\n<em>Man muss mal selbst ausprobieren, wie schwer es ist, einen geraden Satz zu sprechen, wenn man sich selbst mit Echo h\u00f6rt. Der Chor im Hintergrund klingt auch verd\u00e4chtig &#8222;dazugemischt&#8220;. Wenn an diesem Drehplatz eine \u00e4u\u00dfere St\u00f6rquelle (z.B. der Chor) in beide Ansteckmikros einf\u00e4llt, gibt es durch die Laufzeitunterschiede zwischen den Mikrofonen starke klangliche Einbr\u00fcche im St\u00f6rsignal (Ausl\u00f6schung durch Interferenz), besonders in den tiefen und mittleren Frequenzen, Das Umgebungsger\u00e4usch klingt &#8222;phasig&#8220; , d\u00fcnn und r\u00e4umlich. <\/em><br \/>\n<em>Bei diesem Interview habe ich eher den Eindruck, dass es \u00fcber Atmomikrofone direkt dazugemischt wird. Wenn man als Toningenieur an so einem Ort Atmomikrofone benutzt (w\u00fcrde ich eher nicht tun, weil sie potentiell nur St\u00f6rquellen aufnehmen), dann muss man sie in so einem Moment nat\u00fcrlich ausschalten und versuchen, nur das Ansteckmikrofon der Person, die gerade redet, zu \u00f6ffnen. Diese Regelvorg\u00e4nge h\u00f6rt man deutlich &#8211; besonders bei einem Chor im Hintergrund. Dieser scheint aber ungew\u00f6hnlich stabil im Klangbild zu sein. Das Ganze wirkt inszeniert. <\/em><br \/>\n<em>Wirklich unethisch und letztlich unprofessionell vom ganzen Team. Man h\u00f6rt f\u00f6rmlich das h\u00e4mische Lachen der Redaktion und der Technikkollegen in der Regie! Auch der Moderator scheint es eher zu genie\u00dfen, dass Frau Weidel schwimmt. <\/em><br \/>\n<em>Normalerweise ist man als Moderator bei einer solchen St\u00f6rung selbst irritiert und blickt fragend zur Aufnahmeleitung im Hintergrund oder sagt irgendwas zur Regie im &#8222;On&#8220;. Puh, sch\u00e4me ich mich f\u00fcr diese Niedertracht der &#8222;Kollegen&#8220;! Wenn ich das bei jedem Politiker machen w\u00fcrde, den ich nicht mag, h\u00e4tte ich viel zu tun (und w\u00fcrde nicht mehr dort arbeiten). Wie ich das System kenne, werden alle Beteiligten berufliche Vorteile erlangen. So ist das in solchen Systemen &#8211; leider.&#8220;<\/em><br \/>\n<em>Bastian Barucker @BBarucker, 21.7.2025, <\/em><br \/>\n<em><a href=\"https:\/\/x.com\/BBarucker\/status\/1947162952131395643\">https:\/\/x.com\/BBarucker\/status\/1947162952131395643<\/a><\/em><br \/>\n.<br \/>\nAus eigener Erfahrung kann ich best\u00e4tigen, wie sehr einen solche Pannen aus dem Konzept bringen. Umso gr\u00f6\u00dfer mein Respekt vor Alice Weidel, die sich davon nicht beirren lie\u00df. Wer sich selbst mit Echo im Ohr h\u00f6rt und gleichzeitig von drau\u00dfen beschimpft wird, braucht Nerven wie Drahtseile. Weidel hat sie gezeigt.<br \/>\nKonsequenzen? Nat\u00fcrlich keine.<br \/>\n.<br \/>\nWar der Ton in Weidel&#8217;s Interview manipuliert? ARD unter Verdacht:<br \/>\n<a href=\"https:\/\/www.youtube.com\/watch?v=aZyJyCCBK_E&amp;t=11s\">https:\/\/www.youtube.com\/watch?v=aZyJyCCBK_E&amp;t=11s<\/a><\/p>\n<p>&#8230; Alles vom 22.7.2025 bitte lesen auf<br \/>\n<a href=\"https:\/\/reitschuster.de\/post\/weidel-sommerinterview-zwei-tonspuren-ein-skandal\/\">https:\/\/reitschuster.de\/post\/weidel-sommerinterview-zwei-tonspuren-ein-skandal\/<\/a><\/p>\n","protected":false},"excerpt":{"rendered":"<p>Home\u00a0&gt;Kultur\u00a0&gt;Medien\u00a0&gt;Meinungsfreiheit &gt;Medien-Politik &gt;Sommerinterview Listenauswahl eines Beitrags (Artikel\/Datum, Seite\/Inhalt): Klicken oder scrollen Hakenkreuz statt Sachpolitik\u00a0(26.7.2025) Alexander Teske: Sommerinterview von der ARD-Redaktion sabotiert (24.7.2025) Ex-Tagesschau-Redakteur Alexander Teske \u00fcber das Weidel-Interview und Dunja Hayali (22.7.2025) Initiator des Sommerinterview-Skandals: Polizei und ARD haben \u201emitgeholfen\u201c &hellip; <a href=\"https:\/\/www.freiburg-schwarzwald.de\/blog\/kultur\/medien\/sommerinterview\/\">Weiterlesen <span class=\"meta-nav\">&rarr;<\/span><\/a><\/p>\n","protected":false},"author":2,"featured_media":0,"parent":678,"menu_order":0,"comment_status":"closed","ping_status":"closed","template":"","meta":{"footnotes":""},"class_list":["post-136671","page","type-page","status-publish","hentry"],"_links":{"self":[{"href":"https:\/\/www.freiburg-schwarzwald.de\/blog\/wp-json\/wp\/v2\/pages\/136671","targetHints":{"allow":["GET"]}}],"collection":[{"href":"https:\/\/www.freiburg-schwarzwald.de\/blog\/wp-json\/wp\/v2\/pages"}],"about":[{"href":"https:\/\/www.freiburg-schwarzwald.de\/blog\/wp-json\/wp\/v2\/types\/page"}],"author":[{"embeddable":true,"href":"https:\/\/www.freiburg-schwarzwald.de\/blog\/wp-json\/wp\/v2\/users\/2"}],"replies":[{"embeddable":true,"href":"https:\/\/www.freiburg-schwarzwald.de\/blog\/wp-json\/wp\/v2\/comments?post=136671"}],"version-history":[{"count":5,"href":"https:\/\/www.freiburg-schwarzwald.de\/blog\/wp-json\/wp\/v2\/pages\/136671\/revisions"}],"predecessor-version":[{"id":136925,"href":"https:\/\/www.freiburg-schwarzwald.de\/blog\/wp-json\/wp\/v2\/pages\/136671\/revisions\/136925"}],"up":[{"embeddable":true,"href":"https:\/\/www.freiburg-schwarzwald.de\/blog\/wp-json\/wp\/v2\/pages\/678"}],"wp:attachment":[{"href":"https:\/\/www.freiburg-schwarzwald.de\/blog\/wp-json\/wp\/v2\/media?parent=136671"}],"curies":[{"name":"wp","href":"https:\/\/api.w.org\/{rel}","templated":true}]}}