{"id":136188,"date":"2025-07-09T13:32:58","date_gmt":"2025-07-09T11:32:58","guid":{"rendered":"https:\/\/www.freiburg-schwarzwald.de\/blog\/?page_id=136188"},"modified":"2025-12-12T13:17:50","modified_gmt":"2025-12-12T12:17:50","slug":"innere-sicherheit","status":"publish","type":"page","link":"https:\/\/www.freiburg-schwarzwald.de\/blog\/selbsthilfe\/soziales\/justiz\/sicherheit\/innere-sicherheit\/","title":{"rendered":"Innere-Sicherheit"},"content":{"rendered":"<p><a href=\"https:\/\/www.freiburg-schwarzwald.de\/blog\">Home<\/a>\u00a0&gt;<a title=\"Selbsthilfe\" href=\"https:\/\/www.freiburg-schwarzwald.de\/blog\/selbsthilfe\/\">Selbsthilfe<\/a>\u00a0&gt;<a title=\"Soziales\" href=\"https:\/\/www.freiburg-schwarzwald.de\/blog\/soziales\/\">Soziales<\/a>\u00a0&gt;<a title=\"Justiz\" href=\"https:\/\/www.freiburg-schwarzwald.de\/blog\/selbsthilfe\/soziales\/justiz\/\">Justiz<\/a> &gt;<a href=\"https:\/\/www.freiburg-schwarzwald.de\/blog\/selbsthilfe\/soziales\/justiz\/sicherheit\/\">Sicherheit<\/a> &gt;Innere-Sicherheit<\/p>\n<div id=\"attachment_134852\" style=\"width: 650px\" class=\"wp-caption alignnone\"><a href=\"https:\/\/www.freiburg-schwarzwald.de\/blog\/wp-content\/uploads\/2025\/06\/migration-renten-2015-2025-pan.jpg\"><img loading=\"lazy\" decoding=\"async\" aria-describedby=\"caption-attachment-134852\" class=\"size-full wp-image-134852\" src=\"https:\/\/www.freiburg-schwarzwald.de\/blog\/wp-content\/uploads\/2025\/06\/migration-renten-2015-2025-pan.jpg\" alt=\"\" width=\"640\" height=\"406\" srcset=\"https:\/\/www.freiburg-schwarzwald.de\/blog\/wp-content\/uploads\/2025\/06\/migration-renten-2015-2025-pan.jpg 640w, https:\/\/www.freiburg-schwarzwald.de\/blog\/wp-content\/uploads\/2025\/06\/migration-renten-2015-2025-pan-180x114.jpg 180w\" sizes=\"auto, (max-width: 640px) 100vw, 640px\" \/><\/a><p id=\"caption-attachment-134852\" class=\"wp-caption-text\">Einwanderung\/Migration und Renten\/Demografie 2015 und 2025<\/p><\/div>\n<ul>\n<li><em>Listenauswahl eines Beitrags (Artikel\/Datum, Seite\/Inhalt):<span style=\"text-decoration: underline;\"> Klicken<\/span> oder scrollen<\/em><\/li>\n<li><a href=\"https:\/\/www.freiburg-schwarzwald.de\/blog\/global\/integration\/gewaltimport\/\">Schattenseiten der Migration: Urbaniok \u2013 Kriminalit\u00e4t \u2013 Sicherheit<\/a>\u00a0(12.12.2025)<\/li>\n<li><a href=\"https:\/\/www.freiburg-schwarzwald.de\/blog\/selbsthilfe\/soziales\/justiz\/polizei\/polizei-unterwanderung\/\">Ermittlungen wegen Migrationskritik \u2013 Julian Reichelt zur Polizei in Berlin<\/a>\u00a0(29.10.2025)<\/li>\n<li><a href=\"https:\/\/www.freiburg-schwarzwald.de\/blog\/stadtbild-statement-von-merz\/\">Stadtbild-Statement von Merz<\/a>\u00a0(20.10.2025)<\/li>\n<li><a href=\"https:\/\/www.freiburg-schwarzwald.de\/blog\/wahl-no-problem-no-opposition\/\">Wahl: no Problem no Opposition<\/a>\u00a0(29.8.2025)<\/li>\n<li><a href=\"https:\/\/www.freiburg-schwarzwald.de\/blog\/engagement\/buerger\/buergerwehr\/\">Jugendgang terrorisiert Dorf: Einwohner gr\u00fcnden B\u00fcrgerwehr, weil es an Polizei fehlt<\/a>\u00a0(9.7.2025)<\/li>\n<li>Sicherheit f\u00fcr Deutschland &#8211; AfD-Positionspapier vom 5.7.2025 (9.7.2025)<\/li>\n<li><\/li>\n<li><a href=\"https:\/\/www.freiburg-schwarzwald.de\/blog\/vereine\/partei\/afd\/afd-opposition\/\">AfD-Opposition<\/a><\/li>\n<li><a href=\"https:\/\/www.freiburg-schwarzwald.de\/blog\/engagement\/buerger\/buergerwehr\/\">Buergerwehr<\/a><\/li>\n<li><a href=\"https:\/\/www.freiburg-schwarzwald.de\/blog\/selbsthilfe\/soziales\/justiz\/polizei\/polizei-unterwanderung\/\">Polizei-Unterwanderung<\/a><\/li>\n<li><a href=\"https:\/\/www.freiburg-schwarzwald.de\/blog\/engagement\/zukunft\/demokratie\/regierung2025\/\">Regierung2025<\/a><\/li>\n<\/ul>\n<p>&nbsp;<\/p>\n<p><strong>Sicherheit f\u00fcr Deutschland &#8211; AfD-Positionspapier vom 5.7.2025<\/strong><br \/>\n<strong>1) Innere Sicherheit f\u00fcr Deutschland<\/strong><br \/>\nEffektiver Grenzschutz: Alle nicht berechtigten Einreisen in das Bundesgebiet unterbinden, auch wenn Asyl beantragt wird (\u00a7 18 Abs. 2 AsylG)<br \/>\nFreiwillige Aufnahmeprogramme beenden, Pull-Faktoren abstellen<br \/>\nEffektive Abschiebeoffensive durchf\u00fchren, insbesondere nach Syrien und Afghanistan<br \/>\nEinb\u00fcrgerungsanspruch abschaffen und zum urspr\u00fcnglichen Einb\u00fcrgerungsrecht zur\u00fcckkehren<br \/>\nIslamismus als gr\u00f6\u00dfte Sicherheitsgefahr f\u00fcr Deutschland benennen und bek\u00e4mpfen<br \/>\nNulltoleranz bei Gewaltkriminalit\u00e4t, insbesondere bei Messerangriffen und Sexualdelikten<br \/>\n.<br \/>\n<strong>2) Eine sichere Zukunft f\u00fcr Deutschland als Wirtschaftsstandort<\/strong><br \/>\nEinkommen- und K\u00f6rperschaftsteuer senken, Solidarit\u00e4tszuschlag abschaffen<br \/>\nFachkr\u00e4fte mobilisieren und Fachkr\u00e4fteabwanderung stoppen durch mehr Netto vom Brutto sowie durch eine erstklassige Bildung und Ausbildung<br \/>\nLieferkettengesetz und Verpackungsgesetz abschaffen; Datenschutzgrundverordnung, Vergaberecht sowie Planungs- und Genehmigungsverfahren vereinfachen<br \/>\nTechnologieoffenheit und Wirtschaftlichkeit sicherstellen und insbesondere das Verbrennerverbot abschaffen<br \/>\nForschung, Wissenschaft und Innovationen wieder auf Spitzenniveau bringen<\/p>\n<p><strong>3) Sichere und g\u00fcnstige Energie \u00fcr Unternehmen und B\u00fcrger<\/strong><br \/>\nStromsteuer f\u00fcr Unternehmen und Privathaushalte auf das EU-Minimum senken; CO2-Abgabe abschaffen; Energiesteuer reduzieren<br \/>\nEnergiewende stoppen: wieder in die Kernkrafttechnologie einsteigen; keinen vorzeitigen Ausstieg aus der Kohleverstromung; Nord-Stream-Pipelines reparieren und wieder in Betrieb nehmen<br \/>\nAusbaustopp f\u00fcr Windindustrieanlagen, Gesundheit und Umwelt sch\u00fctzen<\/p>\n<p><strong>4) Deutschland zuerst: Sicherheits- und Au\u00dfenpolitk f\u00fcr Deutschland<\/strong><br \/>\nEntwicklungshilfe und Visavergabe an Kooperationsbereitschaft kn\u00fcpfen: Migrationskontrolle und R\u00fccknahme abgelehnter Migranten einfordern<br \/>\nAsyllobby und Schlepperwesen bek\u00e4mpfen<br \/>\nUkraine: Friedensabkommen verhandeln, Sanktionen gegen Russland aufheben, keine Waffenlieferungen<br \/>\nKeine Beteiligung an Konflikten ohne sicherheitspolitische Relevanz f\u00fcr Deutschland<br \/>\n.<br \/>\n<strong>5) Eine sichere Heimat durch Verteidigungsf\u00e4higkeit<\/strong><br \/>\nDie F\u00e4higkeit zur Landes- und B\u00fcndnisverteidigung durch personelle, materielle, ideelle und organisatorische Neuaufstellung der Bundeswehr st\u00e4rken<br \/>\nDie Wehrpflicht wieder einsetzen<\/p>\n<p><strong>6) Soziale Sicherheit und Leistungsgerechtigkeit<\/strong><br \/>\nAktivierende Grundsicherung mit Pflicht zur B\u00fcrgerarbeit statt B\u00fcrgergeld einf\u00fchren<br \/>\nSachleistungen statt Geld f\u00fcr Asylbewerber<br \/>\nSteuergrundfreibetr\u00e4ge erh\u00f6hen; davon profitieren insbesondere Geringverdiener und Rentner, Lohnabstandsgebot wahren<br \/>\nEin Junior-Spardepot f\u00fcr jedes Kind einf\u00fchren und das Rentenniveau anheben<br \/>\nPolitiker und zuk\u00fcnftige Beamte in die gesetzliche Rentenversicherung einbeziehen<br \/>\nDemografische Wende: aktivierende Familienpolitik, zum Beispiel durch finanzielle Entlastungen f\u00fcr Familien und mehr gesellschaftliche Anerkennung von Elternschaft<\/p>\n<p><strong>7) Zuhause in Sicherheit: Wohnraum und Eigentum sch\u00fctzen<\/strong><br \/>\nWohnungsmarkt entspannen, illegale Zuwanderung stoppen<br \/>\nBauen und Wohnen wieder bezahlbar machen: Energiekosten senken, D\u00e4mmvorschriften reduzieren, Geb\u00e4udeenergiegesetz abschaffen<br \/>\nEigentumsrecht ohne Einschr\u00e4nkungen: keine staatliche Wohnraumzuteilung, keine Wohnfl\u00e4chensteuern<br \/>\n&#8230; Alles vom 5.7.2025 bitte lesen auf<br \/>\n<a href=\"https:\/\/afdbundestag.de\/sicherheit-fuer-deutschland\/\">https:\/\/afdbundestag.de\/sicherheit-fuer-deutschland\/<\/a><\/p>\n","protected":false},"excerpt":{"rendered":"<p>Home\u00a0&gt;Selbsthilfe\u00a0&gt;Soziales\u00a0&gt;Justiz &gt;Sicherheit &gt;Innere-Sicherheit Listenauswahl eines Beitrags (Artikel\/Datum, Seite\/Inhalt): Klicken oder scrollen Schattenseiten der Migration: Urbaniok \u2013 Kriminalit\u00e4t \u2013 Sicherheit\u00a0(12.12.2025) Ermittlungen wegen Migrationskritik \u2013 Julian Reichelt zur Polizei in Berlin\u00a0(29.10.2025) Stadtbild-Statement von Merz\u00a0(20.10.2025) Wahl: no Problem no Opposition\u00a0(29.8.2025) Jugendgang terrorisiert Dorf: &hellip; <a href=\"https:\/\/www.freiburg-schwarzwald.de\/blog\/selbsthilfe\/soziales\/justiz\/sicherheit\/innere-sicherheit\/\">Weiterlesen <span class=\"meta-nav\">&rarr;<\/span><\/a><\/p>\n","protected":false},"author":2,"featured_media":0,"parent":59052,"menu_order":0,"comment_status":"closed","ping_status":"closed","template":"","meta":{"footnotes":""},"class_list":["post-136188","page","type-page","status-publish","hentry"],"_links":{"self":[{"href":"https:\/\/www.freiburg-schwarzwald.de\/blog\/wp-json\/wp\/v2\/pages\/136188","targetHints":{"allow":["GET"]}}],"collection":[{"href":"https:\/\/www.freiburg-schwarzwald.de\/blog\/wp-json\/wp\/v2\/pages"}],"about":[{"href":"https:\/\/www.freiburg-schwarzwald.de\/blog\/wp-json\/wp\/v2\/types\/page"}],"author":[{"embeddable":true,"href":"https:\/\/www.freiburg-schwarzwald.de\/blog\/wp-json\/wp\/v2\/users\/2"}],"replies":[{"embeddable":true,"href":"https:\/\/www.freiburg-schwarzwald.de\/blog\/wp-json\/wp\/v2\/comments?post=136188"}],"version-history":[{"count":6,"href":"https:\/\/www.freiburg-schwarzwald.de\/blog\/wp-json\/wp\/v2\/pages\/136188\/revisions"}],"predecessor-version":[{"id":142816,"href":"https:\/\/www.freiburg-schwarzwald.de\/blog\/wp-json\/wp\/v2\/pages\/136188\/revisions\/142816"}],"up":[{"embeddable":true,"href":"https:\/\/www.freiburg-schwarzwald.de\/blog\/wp-json\/wp\/v2\/pages\/59052"}],"wp:attachment":[{"href":"https:\/\/www.freiburg-schwarzwald.de\/blog\/wp-json\/wp\/v2\/media?parent=136188"}],"curies":[{"name":"wp","href":"https:\/\/api.w.org\/{rel}","templated":true}]}}