{"id":136166,"date":"2025-07-09T11:40:43","date_gmt":"2025-07-09T09:40:43","guid":{"rendered":"https:\/\/www.freiburg-schwarzwald.de\/blog\/?page_id=136166"},"modified":"2025-07-15T19:27:18","modified_gmt":"2025-07-15T17:27:18","slug":"bsw-afd","status":"publish","type":"page","link":"https:\/\/www.freiburg-schwarzwald.de\/blog\/engagement\/zukunft\/demokratie\/opposition\/bsw-afd\/","title":{"rendered":"BSW-AfD"},"content":{"rendered":"<p><a href=\"https:\/\/www.freiburg-schwarzwald.de\/blog\">Home<\/a>\u00a0&gt;<a title=\"Engagement\" href=\"https:\/\/www.freiburg-schwarzwald.de\/blog\/engagement\/\">Engagement<\/a>\u00a0&gt;<a title=\"Zukunft\" href=\"https:\/\/www.freiburg-schwarzwald.de\/blog\/engagement\/zukunft\/\">Zukunft<\/a>\u00a0&gt;<a title=\"Demokratie\" href=\"https:\/\/www.freiburg-schwarzwald.de\/blog\/engagement\/zukunft\/demokratie\/\">Demokratie<\/a> &gt;<a href=\"https:\/\/www.freiburg-schwarzwald.de\/blog\/engagement\/zukunft\/demokratie\/opposition\/\">Opposition<\/a> &gt;BSW-AfD<\/p>\n<div id=\"attachment_134852\" style=\"width: 650px\" class=\"wp-caption alignnone\"><a href=\"https:\/\/www.freiburg-schwarzwald.de\/blog\/wp-content\/uploads\/2025\/06\/migration-renten-2015-2025-pan.jpg\"><img loading=\"lazy\" decoding=\"async\" aria-describedby=\"caption-attachment-134852\" class=\"size-full wp-image-134852\" src=\"https:\/\/www.freiburg-schwarzwald.de\/blog\/wp-content\/uploads\/2025\/06\/migration-renten-2015-2025-pan.jpg\" alt=\"\" width=\"640\" height=\"406\" srcset=\"https:\/\/www.freiburg-schwarzwald.de\/blog\/wp-content\/uploads\/2025\/06\/migration-renten-2015-2025-pan.jpg 640w, https:\/\/www.freiburg-schwarzwald.de\/blog\/wp-content\/uploads\/2025\/06\/migration-renten-2015-2025-pan-180x114.jpg 180w\" sizes=\"auto, (max-width: 640px) 100vw, 640px\" \/><\/a><p id=\"caption-attachment-134852\" class=\"wp-caption-text\">Einwanderung\/Migration und Renten\/Demografie 2015 und 2025<\/p><\/div>\n<ul>\n<li><em>Listenauswahl eines Beitrags (Artikel\/Datum, Seite\/Inhalt): <span style=\"text-decoration: underline;\">Klicken<\/span> oder scrollen<\/em><\/li>\n<li>Frank Wahlig: Tauwetter zwischen Sahra Wagenknecht und AfD? (14.7.2025)<\/li>\n<li>Wenn Weidel Wagenknecht will (8.7.2025)<\/li>\n<li><\/li>\n<li><a href=\"https:\/\/www.freiburg-schwarzwald.de\/blog\/vereine\/partei\/afd\/afd-opposition\/\">AfD-Opposition<\/a><\/li>\n<li><a href=\"https:\/\/www.freiburg-schwarzwald.de\/blog\/vereine\/partei\/cduspdgruene\/\">CDUSPDGruene<\/a><\/li>\n<li><a href=\"https:\/\/www.freiburg-schwarzwald.de\/blog\/engagement\/zukunft\/demokratie\/regierung2025\/\">Regierung2025<\/a><\/li>\n<li><a href=\"https:\/\/www.freiburg-schwarzwald.de\/blog\/global\/ukraine\/ukrainekrieg\/\">Ukrainekrieg<\/a><\/li>\n<li><a href=\"https:\/\/www.freiburg-schwarzwald.de\/blog\/engagement\/zukunft\/demokratie\/links\/wagenknecht\/\">Wagenknecht &#8211; BSW<\/a><\/li>\n<\/ul>\n<p>&nbsp;<\/p>\n<p><strong>Frank Wahlig: Tauwetter zwischen Sahra Wagenknecht und AfD?<\/strong><br \/>\nDie Experten werfen die Warnsirenen an. Die Gefahr f\u00fcr unsere Demokratie drohe nicht nur von rechts, sondern, wenn man die Wagenknecht-Partei f\u00fcr links h\u00e4lt, auch von links. Die Demokratie gerate in Gefahr, wenn das B\u00fcndnis Sahra Wagenknecht Gespr\u00e4che mit der Alternative f\u00fcr Deutschland f\u00fcr m\u00f6glich, f\u00fcr sinnvoll h\u00e4lt.<\/p>\n<p>Ohne Brandmauer verl\u00f6ren SPD und Gr\u00fcne ihre Macht<br \/>\nIn der medial kontrollierten Politikwelt gibt es sie noch, die Brandmauer. Zumindest die zur AfD. In den K\u00f6pfen und im Wollen der B\u00fcrger schon l\u00e4ngst nicht mehr. Seit Merkel l\u00e4uft die Union in geb\u00fcckter Haltung eines Dieners Wurm. Die Union macht sich klein vor der Machtmaschine SPD. Ohne Brandmauer verl\u00f6ren SPD und Gr\u00fcne ihre Macht. Die Union m\u00fcsste etwas zeigen, was ihr f\u00fcnfzehn Jahre Merkel ausgetrieben hat: Mut, das linke Experiment in Deutschland zu beenden. Rasch gibt die \u201eBild\u201c-Zeitung eine Umfrage in Auftrag mit dem Ergebnis, dass eine Koalition zwischen AfD und BSW abgelehnt werde. Au\u00dfer bei W\u00e4hlern der beiden Parteien. Nebenbei: Es stehen keine Wahlen an. Die Medien arbeiten also vorsorglich.<br \/>\nSahra Wagenknechts Politb\u00fcndnis BSW ist in Orientierungsschwierigkeiten. Die Partei wei\u00df nicht, wof\u00fcr sie steht und was sie m\u00f6chte. Der W\u00e4hler \u00fcbrigens auch nicht. Das BSW ist dressierter Mehrheitsbeschaffer f\u00fcr die SPD in Brandenburg, und in Th\u00fcringen besorgt sie einem farblosen CDU-Funktion\u00e4r den Ministerpr\u00e4sidentenposten. In Sachsen macht das BSW einen auf Opposition und ger\u00e4t in die politische Bedeutungslosigkeit. Wozu ist das BSW denn gut? Posten f\u00fcr abgehalfterte SPD- und Linke-Funktion\u00e4re wie in Brandenburg und wie in Th\u00fcringen. Das ist zu abgeschmackt.<\/p>\n<p>BSW in Not<br \/>\nDie Erfinderin dieser Partei f\u00fcr viele F\u00e4lle macht sich Sorgen. Umfragen zeigen, der W\u00e4hler traut dieser Partei, die nach allen Seiten offen scheint, immer weniger. Eine linke FDP. Die braucht niemand. Deshalb tat Sahra Wagenknecht das Unerh\u00f6rte, das eigentlich so selbstverst\u00e4ndlich ist. Sie macht der AfD ein Gespr\u00e4chsangebot. Das alleine ruft die \u00fcblichen Experten auf den Plan. Die sind daf\u00fcr da, jede Art der Kommunikation mit der AfD zur\u00fcckzuholen. Die Radikalen in der AfD wie Bj\u00f6rn H\u00f6cke seien das Problem, hei\u00dft es. Dieser H\u00f6cke, der wie ein Schaf auf dem Altar der politischen Korrektheit geopfert werden soll, hat einen verschwiegenen Chauffeur. Der hat ihn mehrmals bereits zu vertraulichen Treffen mit, sagen wir, BSW-nahen Kreisen gefahren.<br \/>\nFazit der Treffen in Berlin: ein guter Mann mit einem schlechten Leumund. Eine Sahra Wagenknecht kommt nicht ohne Vorbereitung und Grund auf den Gedanken, mit der AfD zu sprechen. Sie nimmt diese Partei ernst, weil \u00fcber die AfD der Weg zu politischem Einfluss f\u00fchrt. Was das Strategische betrifft, verf\u00fcgen Alice Weidel und Sahra Wagenknecht \u00fcber mehr Verstand als der von SPD und Gr\u00fcnen gefesselte Kanzler. Es ist noch Zeit bis zu dem Wahlmarathon im n\u00e4chsten Jahr. In der Union stehen Politiker bereit, die nicht weiter vor den Linken kuschen wollen. Die auch nicht die Rache der SPD wegen der abgeblasenen Wahl linker Verfassungsrichter f\u00fcrchten. Die Unionspolitiker im Bund nehmen das tats\u00e4chlich ernst und \u00fcberlegen, was man den Linken Gutes tun kann, damit sie nicht so \u00fcbelst gelaunt sind.<br \/>\nVerhinderung von Brosius-Gersdorf<br \/>\nWas f\u00fcr eine Koalition. Irgendwie scheinen Kanzler Merz und Fraktionschef Spahn gar nicht zu merken, dass ihre Leute etwas richtig gemacht haben. Es waren n\u00e4mlich AfD- und eine Reihe vern\u00fcnftiger Unionspolitiker, welche linksaktivistische Verfassungsrichter verhindert haben. Die SPD wollte das, was sie seit Jahrzehnten am besten kann: den Gang durch die Institutionen und dadurch das Gewebe des Staates ver\u00e4ndern, auf links drehen. 16-Prozent-Putschisten. Die Unions-Parteispitze wollte \u201ewie immer\u201c den Dienerwurm geben. Das ist gescheitert. Was sich daraus entwickelt? Offen! Sahra Wagenknecht wagt einen ersten Schritt. Denkt dar\u00fcber nach, wor\u00fcber auch mancher in der Union nachdenkt: die gr\u00f6\u00dfte Oppositionspartei einbinden und beachten. Die Unionsfraktion hat Schneid bewiesen. Da ist etwas in Bewegung geraten. Die Verh\u00e4ltnisse tanzen noch nicht, aber sie zucken. Es gibt eine Politik jenseits von links-gr\u00fcn. Das AfD-Bashing ist eine Farce, und der W\u00e4hler zeigt es bei jeder Abstimmung. Vielleicht, das mag die Hoffnung sein, pr\u00fcgeln die kommenden Wahlergebnisse der Union ein wenig Verstand und Mut ein. Die Schl\u00e4ge k\u00f6nnen nicht hart genug sein.<br \/>\n&#8230; Alles vom 14.7.2025 von Frank Wahlig bitte lesen auf <a href=\"https:\/\/kontrafunk.radio\/de\/stimmen\/kontrafunker\/frank-wahlig\">https:\/\/kontrafunk.radio\/de\/stimmen\/kontrafunker\/frank-wahlig<\/a><\/p>\n<p>&nbsp;<\/p>\n<p><strong>Wenn Weidel Wagenknecht will<\/strong><br \/>\nEs gibt diese seltenen, kostbaren Momente in der Politik, da flackert pl\u00f6tzlich ein Hauch von Wahrheit auf \u2013 zwischen Nebelgranaten, Rhetorik und parteitaktischer Plattit\u00fcde. Es flackert.<br \/>\n\u201eIch finde Wagenknecht und Weidel klasse. Gemeinsam in Regierungsverantwortung \u2013 das w\u00fcrde Deutschland guttun.\u201c Ein Satz, gefallen am vergangenen Montag, beil\u00e4ufig beim Kaffee in meinem B\u00fcro. Gesprochen von einem Mann (Dr. Mike Yeadon, langj\u00e4hriger Vizepr\u00e4sident bei Pfizer), der das Oval Office nicht nur von au\u00dfen gesehen hat. Nur wenige Tage sp\u00e4ter entfaltet sich just jene Konstellation, halb Wunschbild, halb Provokation, als h\u00e4tte das politmediale Theater pl\u00f6tzlich einen neuen Plot aufgegriffen.<br \/>\nNun gut, die einen nennen es Ketzerei, die anderen kluge Anarchie. Was sich aber zwischen der AfD und dem BSW anbahnt \u2013 oder vielleicht auch nicht \u2013 ist mehr als nur der Flurfunk einer aufgeschreckten Republik. Es ist ein politischer Kipppunkt.<br \/>\nDenn da war er nun, Tino Chrupalla, der s\u00e4chsische Zimmermann des rechten Riegels, und sprach im Fernsehen von Gespr\u00e4chen \u2013 \u201e\u00fcber das, was Deutschland bewegt\u201c. Und siehe da, der publizistische Erdrutsch folgte prompt. Man sprach pl\u00f6tzlich \u00fcber den Schulterschluss zweier Parteien, die \u2013 so verschieden ihre Herkunft, so \u00e4hnlich ihre Diagnose \u2013 dem Irrsinn der Ampel eine intellektuell munitionierte Verweigerung entgegenstellen.<br \/>\nFreilich: Sahra Wagenknecht wiegelt ab. Noch. Aktuell keine Gespr\u00e4che. Aber, so ihre Worte, ein Treffen mit der AfD sei \u201eselbstverst\u00e4ndlich\u201c m\u00f6glich, denn es sei \u201eundemokratisch\u201c, diese parlamentarisch auszugrenzen. Ich bitte Sie! Das sind S\u00e4tze wie aus dem alten Brevier des gesunden Menschenverstandes \u2013 eines, das im Berliner Regierungsviertel l\u00e4ngst vergilbt im Regal der politischen Relikte verstaubt.<br \/>\nWir erleben gerade den Anfang eines politischen Tabubruchs. Und vielleicht auch den Beginn einer unheiligen Allianz \u2013 oder aber: einer heilenden.<br \/>\nDenn machen wir uns nichts vor: Die Gemeinsamkeiten sind da. Migration, Ukraine, soziale Fragen \u2013 das sind keine Nebenkriegsschaupl\u00e4tze, das sind die Schlagadern der Republik. Und w\u00e4hrend westdeutsche AfDler noch mit Wagenknechts Mietpreisbremse fremdeln, hat man im Osten bereits pragmatisch Handschlag ge\u00fcbt. Th\u00fcringen l\u00e4sst gr\u00fc\u00dfen.<br \/>\nUnd nun stellen wir uns das einmal vor: Zwei kluge, kampferprobte Frauen \u2013 Weidel und Wagenknecht \u2013 die sich nicht an Genderfragen oder Bodyshaming aufreiben, sondern das Land mit intellektuellem Klartext und eiserner Contenance regieren. Beide mit akademischem Schwert. Die eine mit ostdeutscher Pr\u00e4gung, die andere mit libert\u00e4rem Blick und \u00f6konomischer Brillanz. Eine Lady-Legislatur. Warum eigentlich nicht? &#8230;<br \/>\n&#8230;<br \/>\n&#8230; Alles vom 8.7.2025 von Markus Langemann bitte lesen auf<br \/>\n<a href=\"https:\/\/www.clubderklarenworte.de\">https:\/\/www.clubderklarenworte.de<\/a><\/p>\n","protected":false},"excerpt":{"rendered":"<p>Home\u00a0&gt;Engagement\u00a0&gt;Zukunft\u00a0&gt;Demokratie &gt;Opposition &gt;BSW-AfD Listenauswahl eines Beitrags (Artikel\/Datum, Seite\/Inhalt): Klicken oder scrollen Frank Wahlig: Tauwetter zwischen Sahra Wagenknecht und AfD? (14.7.2025) Wenn Weidel Wagenknecht will (8.7.2025) AfD-Opposition CDUSPDGruene Regierung2025 Ukrainekrieg Wagenknecht &#8211; BSW &nbsp; Frank Wahlig: Tauwetter zwischen Sahra Wagenknecht und &hellip; <a href=\"https:\/\/www.freiburg-schwarzwald.de\/blog\/engagement\/zukunft\/demokratie\/opposition\/bsw-afd\/\">Weiterlesen <span class=\"meta-nav\">&rarr;<\/span><\/a><\/p>\n","protected":false},"author":2,"featured_media":0,"parent":60239,"menu_order":0,"comment_status":"closed","ping_status":"closed","template":"","meta":{"footnotes":""},"class_list":["post-136166","page","type-page","status-publish","hentry"],"_links":{"self":[{"href":"https:\/\/www.freiburg-schwarzwald.de\/blog\/wp-json\/wp\/v2\/pages\/136166","targetHints":{"allow":["GET"]}}],"collection":[{"href":"https:\/\/www.freiburg-schwarzwald.de\/blog\/wp-json\/wp\/v2\/pages"}],"about":[{"href":"https:\/\/www.freiburg-schwarzwald.de\/blog\/wp-json\/wp\/v2\/types\/page"}],"author":[{"embeddable":true,"href":"https:\/\/www.freiburg-schwarzwald.de\/blog\/wp-json\/wp\/v2\/users\/2"}],"replies":[{"embeddable":true,"href":"https:\/\/www.freiburg-schwarzwald.de\/blog\/wp-json\/wp\/v2\/comments?post=136166"}],"version-history":[{"count":4,"href":"https:\/\/www.freiburg-schwarzwald.de\/blog\/wp-json\/wp\/v2\/pages\/136166\/revisions"}],"predecessor-version":[{"id":136406,"href":"https:\/\/www.freiburg-schwarzwald.de\/blog\/wp-json\/wp\/v2\/pages\/136166\/revisions\/136406"}],"up":[{"embeddable":true,"href":"https:\/\/www.freiburg-schwarzwald.de\/blog\/wp-json\/wp\/v2\/pages\/60239"}],"wp:attachment":[{"href":"https:\/\/www.freiburg-schwarzwald.de\/blog\/wp-json\/wp\/v2\/media?parent=136166"}],"curies":[{"name":"wp","href":"https:\/\/api.w.org\/{rel}","templated":true}]}}