{"id":136071,"date":"2025-07-07T20:18:18","date_gmt":"2025-07-07T18:18:18","guid":{"rendered":"https:\/\/www.freiburg-schwarzwald.de\/blog\/?page_id=136071"},"modified":"2025-07-07T20:49:31","modified_gmt":"2025-07-07T18:49:31","slug":"schniederlihof","status":"publish","type":"page","link":"https:\/\/www.freiburg-schwarzwald.de\/blog\/regio\/berge\/schauinsland\/schniederlihof\/","title":{"rendered":"Schniederlihof"},"content":{"rendered":"<p>Home &gt;<a title=\"Regio\" href=\"https:\/\/www.freiburg-schwarzwald.de\/blog\/regio\/\">Regio<\/a>\u00a0&gt;<a title=\"Berge\" href=\"https:\/\/www.freiburg-schwarzwald.de\/blog\/regio\/berge\/\">Berge<\/a>\u00a0&gt;<a title=\"Schauinsland\" href=\"https:\/\/www.freiburg-schwarzwald.de\/blog\/regio\/berge\/schauinsland\/\">Schauinsland<\/a> &gt;<a href=\"https:\/\/www.freiburg-schwarzwald.de\/blog\/regio\/berge\/schauinsland\/schauinsland-halde\/\">Schauinsland-Halde<\/a> &gt;Schniederlihof<\/p>\n<div id=\"attachment_136077\" style=\"width: 650px\" class=\"wp-caption alignnone\"><a href=\"https:\/\/www.freiburg-schwarzwald.de\/blog\/wp-content\/uploads\/2025\/07\/schniederlihof-sc-pan250705.jpg\"><img loading=\"lazy\" decoding=\"async\" aria-describedby=\"caption-attachment-136077\" class=\"size-full wp-image-136077\" src=\"https:\/\/www.freiburg-schwarzwald.de\/blog\/wp-content\/uploads\/2025\/07\/schniederlihof-sc-pan250705.jpg\" alt=\"\" width=\"640\" height=\"450\" srcset=\"https:\/\/www.freiburg-schwarzwald.de\/blog\/wp-content\/uploads\/2025\/07\/schniederlihof-sc-pan250705.jpg 640w, https:\/\/www.freiburg-schwarzwald.de\/blog\/wp-content\/uploads\/2025\/07\/schniederlihof-sc-pan250705-180x127.jpg 180w\" sizes=\"auto, (max-width: 640px) 100vw, 640px\" \/><\/a><p id=\"caption-attachment-136077\" class=\"wp-caption-text\">Spieler des SC Freiburg beim Schniederlihof am Schauinsland 6\/2025<\/p><\/div>\n<ul>\n<li><em>Listenauswahl eines Beitrags (Artikel\/Datum, Seite\/Inhalt): Klicken oder scrollen<\/em><\/li>\n<li>Warum der Schniederlihof in Oberried im neuen SC-Freiburg-Video die Hauptrolle spielt (4.7.2025)<\/li>\n<li><\/li>\n<li><strong><a href=\"https:\/\/www.freiburg-schwarzwald.de\/littenweiler\/schniederlihof.htm\">https:\/\/www.freiburg-schwarzwald.de\/littenweiler\/schniederlihof.htm\u00a0<\/a><\/strong><br \/>\n<strong>&gt;Archivseite (mit vielen Bildern und Infos)<\/strong><\/li>\n<li><a href=\"https:\/\/www.freiburg-schwarzwald.de\/blog\/business\/handwerk\/alteshandwerk\/\">AltesHandwerk<\/a><\/li>\n<li><a href=\"https:\/\/www.freiburg-schwarzwald.de\/blog\/regio\/heimat\/brauchtum\/\">Brauchtum<\/a><\/li>\n<li><a href=\"https:\/\/www.freiburg-schwarzwald.de\/blog\/bauernhof\/\">Bauernhof<\/a><\/li>\n<li><a href=\"https:\/\/www.freiburg-schwarzwald.de\/blog\/kultur\/museum\/\">Museum<\/a><\/li>\n<li><a href=\"https:\/\/www.freiburg-schwarzwald.de\/blog\/regio\/orte\/hofsgrund\/\">Hofsgrund<\/a><\/li>\n<li><a href=\"https:\/\/www.freiburg-schwarzwald.de\/blog\/sport\/sportvereine\/scfreiburg\/\">SCFreiburg<\/a><\/li>\n<\/ul>\n<div id=\"attachment_960\" style=\"width: 610px\" class=\"wp-caption alignnone\"><a href=\"https:\/\/www.freiburg-schwarzwald.de\/blog\/wp-content\/uploads\/2012\/04\/hofsgrund6pan080824.jpg\"><img loading=\"lazy\" decoding=\"async\" aria-describedby=\"caption-attachment-960\" class=\"size-full wp-image-960\" src=\"https:\/\/www.freiburg-schwarzwald.de\/blog\/wp-content\/uploads\/2012\/04\/hofsgrund6pan080824.jpg\" alt=\"\" width=\"600\" height=\"153\" srcset=\"https:\/\/www.freiburg-schwarzwald.de\/blog\/wp-content\/uploads\/2012\/04\/hofsgrund6pan080824.jpg 600w, https:\/\/www.freiburg-schwarzwald.de\/blog\/wp-content\/uploads\/2012\/04\/hofsgrund6pan080824-180x45.jpg 180w\" sizes=\"auto, (max-width: 600px) 100vw, 600px\" \/><\/a><p id=\"caption-attachment-960\" class=\"wp-caption-text\">Blick nach Norden \u00fcber den Schniederlihof zum Schauinsland-Massiv am 24.8.2008<\/p><\/div>\n<p>.<\/p>\n<p><strong>Warum der Schniederlihof in Oberried im neuen SC-Freiburg-Video die Hauptrolle spielt<\/strong><\/p>\n<p><a href=\"https:\/\/www.freiburg-schwarzwald.de\/blog\/wp-content\/uploads\/2025\/07\/schniederlihof-sc-trikots250705.jpg\"><img loading=\"lazy\" decoding=\"async\" class=\"alignnone size-thumbnail wp-image-136076\" src=\"https:\/\/www.freiburg-schwarzwald.de\/blog\/wp-content\/uploads\/2025\/07\/schniederlihof-sc-trikots250705-180x144.jpg\" alt=\"\" width=\"180\" height=\"144\" srcset=\"https:\/\/www.freiburg-schwarzwald.de\/blog\/wp-content\/uploads\/2025\/07\/schniederlihof-sc-trikots250705-180x144.jpg 180w, https:\/\/www.freiburg-schwarzwald.de\/blog\/wp-content\/uploads\/2025\/07\/schniederlihof-sc-trikots250705-640x513.jpg 640w, https:\/\/www.freiburg-schwarzwald.de\/blog\/wp-content\/uploads\/2025\/07\/schniederlihof-sc-trikots250705-768x616.jpg 768w, https:\/\/www.freiburg-schwarzwald.de\/blog\/wp-content\/uploads\/2025\/07\/schniederlihof-sc-trikots250705.jpg 860w\" sizes=\"auto, (max-width: 180px) 100vw, 180px\" \/><\/a><\/p>\n<h5>Eingerahmt von zwei Trachtentr\u00e4gerinnen pr\u00e4sentieren (von links) Patrick Osterhage, Torh\u00fcter Noah Atobulu, Christian G\u00fcnter und Johan Manzambi (im Europapokal-Outfit) die neuen Heim-Trikots des SC Freiburg. Foto: Nikolas Niessner<\/h5>\n<h5><a href=\"https:\/\/www.freiburg-schwarzwald.de\/blog\/wp-content\/uploads\/2025\/07\/schniederlihof-sc-venzke250705.jpg\"><img loading=\"lazy\" decoding=\"async\" class=\"alignnone size-thumbnail wp-image-136075\" src=\"https:\/\/www.freiburg-schwarzwald.de\/blog\/wp-content\/uploads\/2025\/07\/schniederlihof-sc-venzke250705-180x135.jpg\" alt=\"\" width=\"180\" height=\"135\" srcset=\"https:\/\/www.freiburg-schwarzwald.de\/blog\/wp-content\/uploads\/2025\/07\/schniederlihof-sc-venzke250705-180x135.jpg 180w, https:\/\/www.freiburg-schwarzwald.de\/blog\/wp-content\/uploads\/2025\/07\/schniederlihof-sc-venzke250705-640x480.jpg 640w, https:\/\/www.freiburg-schwarzwald.de\/blog\/wp-content\/uploads\/2025\/07\/schniederlihof-sc-venzke250705-768x576.jpg 768w, https:\/\/www.freiburg-schwarzwald.de\/blog\/wp-content\/uploads\/2025\/07\/schniederlihof-sc-venzke250705.jpg 800w\" sizes=\"auto, (max-width: 180px) 100vw, 180px\" \/><\/a><\/h5>\n<h5>Auf dem Schniederlihof hat Hausherr Andreas Venzke den SC Freiburg begr\u00fc\u00dft. Foto: Sidney-Marie Schiefer<\/h5>\n<p>Seit zwei Jahren verwaltet der geb\u00fcrtige Berliner Andreas Venzke das Bauernhausmuseum Schniederlihof auf gut 1000 Metern H\u00f6he im Oberrieder Ortsteil Hofsgrund. Der Schniederlihof wurde 1593 erbaut und beinahe unver\u00e4ndert bis ins Jahr 1966 bewirtschaftet. &#8222;Vom Geb\u00e4ude her gibt es nichts Typischeres f\u00fcr den Schwarzwald als das&#8220;, sagt Venzke. \u00c4hnliche Gedanken hatte offenbar auch der Sportclub, als er entschied, den Schniederlihof als ganz besonderen Pr\u00e4sentationsort der Heimspiel-Trikots f\u00fcr die neue Saison auszuw\u00e4hlen \u2013 in Form eines kurzen Films <a href=\"https:\/\/www.scfreiburg.com\/aktuell\/sc-freiburg-tv\/alle-videos\/detailseite\/20250701-trailer-neue-trikotsmov-7153\">https:\/\/www.scfreiburg.com\/aktuell\/sc-freiburg-tv\/alle-videos\/detailseite\/20250701-trailer-neue-trikotsmov-7153<\/a> und mit Fotos.<br \/>\n&#8230;<br \/>\nBis in den Abend dauerten die Dreharbeiten auf dem Schniederlihof. &#8222;Die haben auch ganz tolle Drohnenaufnahmen gemacht&#8220;, sagt Venzke. Entstanden ist ein aufwendiger Film, in dessen Vordergrund der Schwarzwald steht. &#8222;Freiburg liegt am Rande des Schwarzwalds, das Dreisamstadion \u2013 jahrzehntelange Heimat des Vereins \u2013 ist umgeben von Schwarzwaldbergen und viele Fans des Sport-Club stammen aus dem Schwarzwald&#8220;, so der SC. Auch grunds\u00e4tzlich spiele der Schwarzwald im Corporate Design des Sport-Club seit Jahren eine stetige Rolle und sei daher immer wieder auf Trikots, der Website, auf Druckunterlagen, digitalen Designs oder auf dem Mannschaftsbus zu sehen. &#8222;Insgesamt steht der Schwarzwald f\u00fcr die regionale Verwurzelung, die den SC Freiburg auszeichnet, er ist gleichzeitig aber auch eine starke Marke, die auch au\u00dferhalb von Freiburg und der Region sehr bekannt und beliebt ist.&#8220;<\/p>\n<p>Was im Video auff\u00e4llt: die vielen ernsten Gesichter. Der SC sagt auf Nachfrage: &#8222;Wir bewerten den Look nicht als d\u00fcster, sondern sprechen stattdessen von einer gewissen Mystik. Die Magie und das Geheimnisvolle des Waldes, der Freiburg und die Region umgibt und die Region pr\u00e4gt, werden dadurch aufgegriffen. Es wird ein Akzent und bewusster Kontrast zu den wei\u00df-roten Trikots gesetzt, was hoffentlich neugierig macht auf die neuen Trikots und die anstehende Saison.&#8220;<br \/>\nAndreas Venzke findet den Film sehr gut inszeniert. &#8222;Die spielen mit den Schwarzwald-Klischees. Es herrscht eine geheimnisvolle Stimmung. Vieles wird dem Zuschauer \u00fcberlassen, das ist sehr durchdacht.&#8220; Das Einzige, was er nun bef\u00fcrchtet: &#8222;Ich glaube, ich muss den Hof bald jeden Tag \u00f6ffnen.&#8220; Er lacht. Aktuell ist das Bauernhausmuseum immer an den Wochenenden f\u00fcr Besucher ge\u00f6ffnet. Aber so ein Film lockt vielleicht noch den ein oder anderen mehr auf den Hof. Einen weiteren Filmdreh hat es im \u00dcbrigen schon gegeben, sagt Venzke. Aber mehr verr\u00e4t er dazu noch nicht.<br \/>\n&#8230; Alles vom 4.7.2025 bitte lesen auf<br \/>\n<a href=\"https:\/\/www.badische-zeitung.de\/warum-der-schniederlihof-in-oberried-im-neuen-sc-freiburg-video-die-hauptrolle-spielt\">https:\/\/www.badische-zeitung.de\/warum-der-schniederlihof-in-oberried-im-neuen-sc-freiburg-video-die-hauptrolle-spielt<\/a><\/p>\n<p>&nbsp;<\/p>\n","protected":false},"excerpt":{"rendered":"<p>Home &gt;Regio\u00a0&gt;Berge\u00a0&gt;Schauinsland &gt;Schauinsland-Halde &gt;Schniederlihof Listenauswahl eines Beitrags (Artikel\/Datum, Seite\/Inhalt): Klicken oder scrollen Warum der Schniederlihof in Oberried im neuen SC-Freiburg-Video die Hauptrolle spielt (4.7.2025) https:\/\/www.freiburg-schwarzwald.de\/littenweiler\/schniederlihof.htm\u00a0 &gt;Archivseite (mit vielen Bildern und Infos) AltesHandwerk Brauchtum Bauernhof Museum Hofsgrund SCFreiburg . Warum der &hellip; <a href=\"https:\/\/www.freiburg-schwarzwald.de\/blog\/regio\/berge\/schauinsland\/schniederlihof\/\">Weiterlesen <span class=\"meta-nav\">&rarr;<\/span><\/a><\/p>\n","protected":false},"author":2,"featured_media":0,"parent":13969,"menu_order":0,"comment_status":"closed","ping_status":"closed","template":"","meta":{"footnotes":""},"class_list":["post-136071","page","type-page","status-publish","hentry"],"_links":{"self":[{"href":"https:\/\/www.freiburg-schwarzwald.de\/blog\/wp-json\/wp\/v2\/pages\/136071","targetHints":{"allow":["GET"]}}],"collection":[{"href":"https:\/\/www.freiburg-schwarzwald.de\/blog\/wp-json\/wp\/v2\/pages"}],"about":[{"href":"https:\/\/www.freiburg-schwarzwald.de\/blog\/wp-json\/wp\/v2\/types\/page"}],"author":[{"embeddable":true,"href":"https:\/\/www.freiburg-schwarzwald.de\/blog\/wp-json\/wp\/v2\/users\/2"}],"replies":[{"embeddable":true,"href":"https:\/\/www.freiburg-schwarzwald.de\/blog\/wp-json\/wp\/v2\/comments?post=136071"}],"version-history":[{"count":5,"href":"https:\/\/www.freiburg-schwarzwald.de\/blog\/wp-json\/wp\/v2\/pages\/136071\/revisions"}],"predecessor-version":[{"id":136094,"href":"https:\/\/www.freiburg-schwarzwald.de\/blog\/wp-json\/wp\/v2\/pages\/136071\/revisions\/136094"}],"up":[{"embeddable":true,"href":"https:\/\/www.freiburg-schwarzwald.de\/blog\/wp-json\/wp\/v2\/pages\/13969"}],"wp:attachment":[{"href":"https:\/\/www.freiburg-schwarzwald.de\/blog\/wp-json\/wp\/v2\/media?parent=136071"}],"curies":[{"name":"wp","href":"https:\/\/api.w.org\/{rel}","templated":true}]}}