{"id":136056,"date":"2025-07-07T19:59:00","date_gmt":"2025-07-07T17:59:00","guid":{"rendered":"https:\/\/www.freiburg-schwarzwald.de\/blog\/?page_id=136056"},"modified":"2026-04-20T21:19:34","modified_gmt":"2026-04-20T19:19:34","slug":"tvbz","status":"publish","type":"page","link":"https:\/\/www.freiburg-schwarzwald.de\/blog\/global\/integration\/auslaenderkriminalitaet\/tvbz\/","title":{"rendered":"TVBZ"},"content":{"rendered":"<p><a href=\"https:\/\/www.freiburg-schwarzwald.de\/blog\">Home<\/a>\u00a0&gt;<a title=\"Gewalt\" href=\"https:\/\/www.freiburg-schwarzwald.de\/blog\/selbsthilfe\/krise\/gewalt\/\">Gewalt<\/a>\u00a0&gt;<a title=\"Integration\" href=\"https:\/\/www.freiburg-schwarzwald.de\/blog\/global\/integration\/\">Integration<\/a>\u00a0&gt;<a title=\"Kriminalitaet\" href=\"https:\/\/www.freiburg-schwarzwald.de\/blog\/selbsthilfe\/krise\/gewalt\/kriminalitaet\/\">Kriminalitaet<\/a>\u00a0&gt;<a href=\"https:\/\/www.freiburg-schwarzwald.de\/blog\/global\/migration\/migranten-gewalt\/\">Migranten-Gewalt\u00a0<\/a> &gt;<a href=\"https:\/\/www.freiburg-schwarzwald.de\/blog\/global\/integration\/auslaenderkriminalitaet\/\">Auslaenderkriminalitaet<\/a> &gt;TVBZ<\/p>\n<div id=\"attachment_132939\" style=\"width: 650px\" class=\"wp-caption alignnone\"><a href=\"https:\/\/www.freiburg-schwarzwald.de\/blog\/wp-content\/uploads\/2025\/04\/ostern1schweigemarsch-FR-pan250419.jpg\"><img loading=\"lazy\" decoding=\"async\" aria-describedby=\"caption-attachment-132939\" class=\"size-full wp-image-132939\" src=\"https:\/\/www.freiburg-schwarzwald.de\/blog\/wp-content\/uploads\/2025\/04\/ostern1schweigemarsch-FR-pan250419.jpg\" alt=\"\" width=\"640\" height=\"456\" srcset=\"https:\/\/www.freiburg-schwarzwald.de\/blog\/wp-content\/uploads\/2025\/04\/ostern1schweigemarsch-FR-pan250419.jpg 640w, https:\/\/www.freiburg-schwarzwald.de\/blog\/wp-content\/uploads\/2025\/04\/ostern1schweigemarsch-FR-pan250419-180x128.jpg 180w\" sizes=\"auto, (max-width: 640px) 100vw, 640px\" \/><\/a><p id=\"caption-attachment-132939\" class=\"wp-caption-text\">Schweigemarsch f\u00fcr Frieden in Freiburg am Karsamstag 19.4.2025 ab 14 Uhr<\/p><\/div>\n<ul>\n<li><em>Listenauswahl eines Beitrags (Artikel\/Datum, Seite\/Inhalt): <span style=\"text-decoration: underline;\">Klicken<\/span> oder scrollen<\/em><\/li>\n<li><a href=\"https:\/\/www.freiburg-schwarzwald.de\/blog\/gewalt-4-mal-so-hoch\/\">Gewalt 4 mal so hoch<\/a>\u00a0(20.4.2026)<\/li>\n<li><a href=\"https:\/\/www.freiburg-schwarzwald.de\/blog\/global\/integration\/gewaltimport\/\">Schattenseiten der Migration: Urbaniok \u2013 Kriminalit\u00e4t \u2013 Sicherheit<\/a>\u00a0(12.12.2025)<\/li>\n<li><a href=\"https:\/\/www.freiburg-schwarzwald.de\/blog\/global\/migration\/migration-kriminalitaet\/\">Zahlen des Generalbundesanwalts: Meist arabische und afghanische Verd\u00e4chtige<\/a>\u00a0(21..2025)<\/li>\n<li>Innenministerium best\u00e4tigt hohe Zahl nichtdeutscher Tatverd\u00e4chtiger: Syrer und Afghanen an der Spitze (7.7.2025)<\/li>\n<li>Stra\u00dfenkriminalit\u00e4t: Algerische Teenager 56-mal h\u00e4ufiger tatverd\u00e4chtig als Deutsche (7.7.2025)<\/li>\n<li><a href=\"https:\/\/www.freiburg-schwarzwald.de\/blog\/global\/integration\/auslaenderkriminalitaet\/\">Tatverd\u00e4chtigenbelastungszahlen (TVBZ) 2024<\/a> (21.5.2025)<\/li>\n<\/ul>\n<p><strong>Tatverd\u00e4chtigenbelastungszahl (TVBZ)<\/strong><br \/>\n= Tatverd\u00e4chtige auf 100.000 Einwohner des entspr. Bev\u00f6lkerungsanteils<br \/>\n.<br \/>\n<strong>Die meisten Migranten leben und arbeiten hier gerne und gewaltfrei<\/strong><br \/>\nDeshalb ist es gerade in ihrem Sinne, die wenigen Gewaltbereiten von ihrem Tun abzubringen. Durch Benennen und Ahnden von Gewalttaten sowie durch Pr\u00e4vention und Aufkl\u00e4rung.<br \/>\nAlle Migranten, die ich kenne, sind best\u00fcrzt \u00fcber die vom BKA gemeldete Zunahme der migrantischen Gewalt und deren Verschweigen bzw. Kleinreden. Diesen mu\u00df geholfen werden.<br \/>\n==============================================================<\/p>\n<p>&nbsp;<\/p>\n<p>&nbsp;<\/p>\n<p><strong>Innenministerium best\u00e4tigt hohe Zahl nichtdeutscher Tatverd\u00e4chtiger: Syrer und Afghanen an der Spitze<\/strong><br \/>\nEs gibt nun offizielle Zahlen zur Kriminalit\u00e4t von Zuwanderern aus dem Innenministerium.<br \/>\n<a href=\"https:\/\/dserver.bundestag.de\/btd\/21\/007\/2100717.pdf\">https:\/\/dserver.bundestag.de\/btd\/21\/007\/2100717.pdf<\/a><br \/>\nDie Belastung ist dabei teils um das 75-Fache h\u00f6her. Syrer, Afghanen und Iraker beherrschen das Feld. Hinzu kommen Nordafrikaner, Balkanstaaten, auch Ukrainer. Eine Bundesregierung, die ernst genommen werden will, m\u00fcsste darauf reagieren.<br \/>\n&#8230;<br \/>\nIm Folgenden die Tatverd\u00e4chtigenbelastungszahlen (TVBZ) zum Schl\u00fcssel \u201eStraftaten insgesamt\u201c laut der Polizeilichen Kriminalstatistik (Quelle: Antwort des Bundesministeriums des Innern auf die Kleine Anfrage des Abgeordneten Martin Hess u. a. und der Fraktion der AfD, BT-Drucksachen 21\/489 und 21\/717):<\/p>\n<p><a href=\"https:\/\/www.freiburg-schwarzwald.de\/blog\/wp-content\/uploads\/2025\/07\/TVBZ-kriminalstatistik250705.jpg\"><img loading=\"lazy\" decoding=\"async\" class=\"alignnone size-full wp-image-136059\" src=\"https:\/\/www.freiburg-schwarzwald.de\/blog\/wp-content\/uploads\/2025\/07\/TVBZ-kriminalstatistik250705.jpg\" alt=\"\" width=\"458\" height=\"700\" srcset=\"https:\/\/www.freiburg-schwarzwald.de\/blog\/wp-content\/uploads\/2025\/07\/TVBZ-kriminalstatistik250705.jpg 458w, https:\/\/www.freiburg-schwarzwald.de\/blog\/wp-content\/uploads\/2025\/07\/TVBZ-kriminalstatistik250705-419x640.jpg 419w, https:\/\/www.freiburg-schwarzwald.de\/blog\/wp-content\/uploads\/2025\/07\/TVBZ-kriminalstatistik250705-118x180.jpg 118w\" sizes=\"auto, (max-width: 458px) 100vw, 458px\" \/><\/a><\/p>\n<p>Die Zahlen ziehen sich immer enger zu und m\u00fcssten sich auf das politische Handeln auswirken. Selbst wenn man die ausl\u00e4nderrechtlichen Verst\u00f6\u00dfe \u2013 die ja auch Straftaten sind \u2013 herausrechnet, kommt man auf eine \u00dcberrepr\u00e4sentation der Syrer, Afghanen und Iraker um mehr als das Vierfache. Unter M\u00e4nnern wie Frauen werden so 8.236 Syrer von 100.000 jedes Jahr zu Tatverd\u00e4chtigen (also 8,2 % der syrischen Bev\u00f6lkerung), aber nur 1.878 Deutsche (1,9 %). Bei Afghanen und Afghaninnen ist dieser Wert sogar noch h\u00f6her und liegt bei 8.753 Tatverd\u00e4chtigen pro 100.000 und Jahr (8,8 %). M\u00e4nnliche Afghanen liegen sogar bei 11.545 TV, syrische M\u00e4nner ganz \u00e4hnlich bei 11.554 TV, Iraker (m\u00e4nnlich) sogar bei 12.356, was in dieser Tabelle der f\u00fchrende Wert ist.<br \/>\n&#8230;<br \/>\nBesonders schockiert zeigt sich Hess von den Tatverd\u00e4chtigenbelastungszahlen minderj\u00e4hriger Ausl\u00e4nder. Und in der Tat sieht es bei den jugendlichen und minderj\u00e4hrigen T\u00e4tern nicht besser aus als bei ihren Eltern. Hier stechen syrische Jungen von 14 bis 18 und syrische Jugendliche von 18 bis 21 Jahren mit jeweils fast 25 Tatverd\u00e4chtigen pro 100 und Jahr heraus. Syrer zwischen 14 und 21 Jahren sind damit mutma\u00dflich vier Mal so kriminell wie Deutsche derselben Altersstufe. Wenn man sich eine Klasse aus zehn Syrern und zehn Deutschen vorstellt, wird also im Schnitt jeder vierte Syrer in einem Schuljahr zum Tatverd\u00e4chtigen, von den Deutschen nur jeder F\u00fcnfzehnte (etwa 6,4 Prozent, was einem auch viel erscheinen mag, vielleicht ein Fall f\u00fcr die n\u00e4chste Vornamensfrage). Doch die Syrer beginnen ihre strafrechtliche Auff\u00e4lligkeit auch fr\u00fcher: Schon 7,4 Prozent der Syrer im Alter von acht bis 14 Jahren werden jedes Jahr tatverd\u00e4chtig.<br \/>\n&#8230; Alles vom 7.7.2025 bitte lesen auf<br \/>\n<a href=\"https:\/\/www.tichyseinblick.de\/daili-es-sentials\/innenministerium-bestaetigt-hohe-zahl-nichtdeutscher-tatverdaechtiger\/\">https:\/\/www.tichyseinblick.de\/daili-es-sentials\/innenministerium-bestaetigt-hohe-zahl-nichtdeutscher-tatverdaechtiger\/<\/a><br \/>\n.<br \/>\n.<br \/>\n<strong>Stra\u00dfenkriminalit\u00e4t: Algerische Teenager 56-mal h\u00e4ufiger tatverd\u00e4chtig als Deutsche<\/strong><br \/>\nBesonders auff\u00e4llig sind die Unterschiede bei der Stra\u00dfenkriminalit\u00e4t. Das Deliktfeld umfasst Straftaten wie Autodiebstahl, Taschendiebstahl, sexuelle Bel\u00e4stigung, Raub und K\u00f6rperverletzung. Hier sind syrische Jugendliche bis 18 Jahren etwa f\u00fcnfmal so h\u00e4ufig tatverd\u00e4chtig wie deutsche Jugendliche gleichen Alters. Bei Marokkanern liegt die Belastung rund 19-mal, bei algerischen Teenagern sogar 56-mal h\u00f6her.<br \/>\n&#8230; Alles vom 7.7.2025 bitte lesen auf<br \/>\n<a href=\"https:\/\/apollo-news.net\/straenkriminalitt-algerische-teenager-56-mal-hufiger-tatverdchtig-als-deutsche\/\">https:\/\/apollo-news.net\/straenkriminalitt-algerische-teenager-56-mal-hufiger-tatverdchtig-als-deutsche\/<\/a><\/p>\n","protected":false},"excerpt":{"rendered":"<p>Home\u00a0&gt;Gewalt\u00a0&gt;Integration\u00a0&gt;Kriminalitaet\u00a0&gt;Migranten-Gewalt\u00a0 &gt;Auslaenderkriminalitaet &gt;TVBZ Listenauswahl eines Beitrags (Artikel\/Datum, Seite\/Inhalt): Klicken oder scrollen Gewalt 4 mal so hoch\u00a0(20.4.2026) Schattenseiten der Migration: Urbaniok \u2013 Kriminalit\u00e4t \u2013 Sicherheit\u00a0(12.12.2025) Zahlen des Generalbundesanwalts: Meist arabische und afghanische Verd\u00e4chtige\u00a0(21..2025) Innenministerium best\u00e4tigt hohe Zahl nichtdeutscher Tatverd\u00e4chtiger: Syrer und &hellip; <a href=\"https:\/\/www.freiburg-schwarzwald.de\/blog\/global\/integration\/auslaenderkriminalitaet\/tvbz\/\">Weiterlesen <span class=\"meta-nav\">&rarr;<\/span><\/a><\/p>\n","protected":false},"author":2,"featured_media":0,"parent":124840,"menu_order":0,"comment_status":"closed","ping_status":"closed","template":"","meta":{"footnotes":""},"class_list":["post-136056","page","type-page","status-publish","hentry"],"_links":{"self":[{"href":"https:\/\/www.freiburg-schwarzwald.de\/blog\/wp-json\/wp\/v2\/pages\/136056","targetHints":{"allow":["GET"]}}],"collection":[{"href":"https:\/\/www.freiburg-schwarzwald.de\/blog\/wp-json\/wp\/v2\/pages"}],"about":[{"href":"https:\/\/www.freiburg-schwarzwald.de\/blog\/wp-json\/wp\/v2\/types\/page"}],"author":[{"embeddable":true,"href":"https:\/\/www.freiburg-schwarzwald.de\/blog\/wp-json\/wp\/v2\/users\/2"}],"replies":[{"embeddable":true,"href":"https:\/\/www.freiburg-schwarzwald.de\/blog\/wp-json\/wp\/v2\/comments?post=136056"}],"version-history":[{"count":6,"href":"https:\/\/www.freiburg-schwarzwald.de\/blog\/wp-json\/wp\/v2\/pages\/136056\/revisions"}],"predecessor-version":[{"id":148120,"href":"https:\/\/www.freiburg-schwarzwald.de\/blog\/wp-json\/wp\/v2\/pages\/136056\/revisions\/148120"}],"up":[{"embeddable":true,"href":"https:\/\/www.freiburg-schwarzwald.de\/blog\/wp-json\/wp\/v2\/pages\/124840"}],"wp:attachment":[{"href":"https:\/\/www.freiburg-schwarzwald.de\/blog\/wp-json\/wp\/v2\/media?parent=136056"}],"curies":[{"name":"wp","href":"https:\/\/api.w.org\/{rel}","templated":true}]}}