{"id":135763,"date":"2025-07-01T16:58:29","date_gmt":"2025-07-01T14:58:29","guid":{"rendered":"https:\/\/www.freiburg-schwarzwald.de\/blog\/?page_id=135763"},"modified":"2026-03-15T16:53:33","modified_gmt":"2026-03-15T15:53:33","slug":"passiv","status":"publish","type":"page","link":"https:\/\/www.freiburg-schwarzwald.de\/blog\/engagement\/bequemlichkeit\/passiv\/","title":{"rendered":"passiv"},"content":{"rendered":"<p><a href=\"https:\/\/www.freburg-schwarzwald.de\/blog\">Home<\/a>\u00a0&gt;<a title=\"Engagement\" href=\"https:\/\/www.freiburg-schwarzwald.de\/blog\/engagement\/\">Engagement<\/a>\u00a0&gt;<a title=\"Demokratie\" href=\"https:\/\/www.freiburg-schwarzwald.de\/blog\/engagement\/zukunft\/demokratie\/\">Demokratie<\/a>\u00a0&gt;<a href=\"https:\/\/www.freiburg-schwarzwald.de\/blog\/engagement\/zukunft\/demokratie\/widerstand\/\">Widerstand<\/a> &gt;<a href=\"https:\/\/www.freiburg-schwarzwald.de\/blog\/engagement\/resignation-der-mitte\/\">Resignation-der-Mitte<\/a> &gt;passiv<\/p>\n<div id=\"attachment_95054\" style=\"width: 649px\" class=\"wp-caption alignnone\"><a href=\"https:\/\/www.freiburg-schwarzwald.de\/blog\/wp-content\/uploads\/2021\/09\/haengematte-schwarzwald210916pan.jpg\"><img loading=\"lazy\" decoding=\"async\" aria-describedby=\"caption-attachment-95054\" class=\"size-full wp-image-95054\" src=\"https:\/\/www.freiburg-schwarzwald.de\/blog\/wp-content\/uploads\/2021\/09\/haengematte-schwarzwald210916pan.jpg\" alt=\"\" width=\"639\" height=\"324\" srcset=\"https:\/\/www.freiburg-schwarzwald.de\/blog\/wp-content\/uploads\/2021\/09\/haengematte-schwarzwald210916pan.jpg 639w, https:\/\/www.freiburg-schwarzwald.de\/blog\/wp-content\/uploads\/2021\/09\/haengematte-schwarzwald210916pan-180x91.jpg 180w\" sizes=\"auto, (max-width: 639px) 100vw, 639px\" \/><\/a><p id=\"caption-attachment-95054\" class=\"wp-caption-text\">Zwei Fahrr\u00e4der und eine H\u00e4ngematte und &#8230; mit Blick zu den Schwarzwaldbergen am 16.9.2021<\/p><\/div>\n<ul>\n<li><em>Listenauswahl eines Beitrags (Artikel\/Datum, Seite\/Inhalt): <span style=\"text-decoration: underline;\">Klicken<\/span> oder scrollen<\/em><\/li>\n<li><a href=\"https:\/\/www.freiburg-schwarzwald.de\/blog\/global\/deutschland\/gesellschaft\/anspruchsgesellschaft\/\">Eric Gujer: Belohnt werden die Faulen, die Abzocker und die Duckm\u00e4user<\/a>\u00a0(13.3.2026)<\/li>\n<li>Alle warten &#8211; aber worauf? (1.7.2025)<\/li>\n<li><\/li>\n<li><a href=\"https:\/\/www.freiburg-schwarzwald.de\/blog\/engagement\/bequemlichkeit\/\">Bequemlichkeit<\/a><\/li>\n<li><a href=\"https:\/\/www.freiburg-schwarzwald.de\/blog\/engagement\/eskapismus\/\">Eskapismus<\/a><\/li>\n<li><a href=\"https:\/\/www.freiburg-schwarzwald.de\/blog\/bildung\/infantil\/\">infantil<\/a><\/li>\n<li><a href=\"https:\/\/www.freiburg-schwarzwald.de\/blog\/kultur\/medien\/political-correctness\/konformismus\/\">Konformismus<\/a><\/li>\n<li><a href=\"https:\/\/www.freiburg-schwarzwald.de\/blog\/global\/deutschland\/schweigen\/\">Schweigen<\/a><\/li>\n<li><a href=\"https:\/\/www.freiburg-schwarzwald.de\/blog\/global\/deutschland\/gesellschaft\/untertan\/\">Untertan<\/a><\/li>\n<li><a href=\"https:\/\/www.freiburg-schwarzwald.de\/blog\/selbsthilfe\/soziales\/wohlstand\/\">Wohlstand<\/a><\/li>\n<\/ul>\n<p>&nbsp;<\/p>\n<p><strong>Alle warten &#8211; aber worauf?<\/strong><br \/>\nEs ist ein seltsames Feld geworden.<br \/>\nFast jeder sieht,<br \/>\ndass etwas nicht stimmt.<br \/>\nFast niemand wei\u00df,<br \/>\nwas zu tun ist.<br \/>\nUnd so stehen wir hier \u2013<br \/>\nwie Zuschauer einer Apokalypse,<br \/>\ndie einfach nicht losgeht.<\/p>\n<p>Wir scrollen,<br \/>\nwir teilen,<br \/>\nwir kommentieren.<\/p>\n<p>Und irgendwo glauben wir:<br \/>\nWenn wir nur genug wissen,<br \/>\nwird sich irgendwann etwas ver\u00e4ndern.<br \/>\nDoch Wahrheit ver\u00e4ndert nichts,<br \/>\nwenn sie nicht gelebt wird.<br \/>\nUnd das ist der blinde Fleck der Aufwachszene.<br \/>\nErwacht \u2013 und dann?<\/p>\n<p>Viele sind \u201eaufgewacht\u201c.<br \/>\nHaben hinter die Kulissen geschaut.<br \/>\nHaben das System durchschaut,<br \/>\ndie Agenda erkannt,<br \/>\ndie L\u00fcge benannt.<br \/>\nUnd dann?<\/p>\n<p>Warten.<br \/>\nAuf Offenlegungen.<br \/>\nAuf Gerechtigkeit.<br \/>\nAuf einen Moment, in dem irgendwer \u2013 irgendwo \u2013 irgendwas \u00e4ndert.<\/p>\n<p>Fr\u00fcher brannte es.<br \/>\nInnen wie au\u00dfen.<br \/>\nVer\u00e4nderung hie\u00df:<br \/>\naufstehen, auftreten,<br \/>\nunbequem werden.<\/p>\n<p>Heute?<br \/>\nErwachen ist ein Feed.<br \/>\nEin Kanal.<br \/>\nEin Seminar.<br \/>\nEin Meme.<br \/>\nUnd was daraus entsteht?<br \/>\nMeistens: nichts.<\/p>\n<p>Noch nie hat ein Telegram-Post ein System gest\u00fcrzt.<br \/>\nNoch nie hat ein Coach die Welt befreit.<br \/>\nNoch nie hat jemand durch das Teilen von Zitaten seine Matrix verlassen.<br \/>\nDie Szene wei\u00df alles.<br \/>\nAber sie bewegt nichts.<\/p>\n<p>Weil sie \u00fcberf\u00fcllt ist mit Informationen \u2013<br \/>\nund leer an Umsetzung.<\/p>\n<p>Die Illusion des Wissens<br \/>\nWir sammeln.<br \/>\nWir analysieren.<br \/>\nWir verlinken.<br \/>\nUnd wir nennen es \u201eBewusstseinsarbeit\u201c.<br \/>\nAber in Wahrheit ist es oft nur:<br \/>\nVerl\u00e4ngertes Vermeiden.<\/p>\n<p>Wer alles wei\u00df, muss nichts tun.<br \/>\nWer immer noch wartet,<br \/>\ntr\u00e4gt keine Verantwortung.<\/p>\n<p>Und so schieben wir das Tun nach au\u00dfen,<br \/>\nso wie wir fr\u00fcher die Schuld nach oben geschoben haben.<\/p>\n<p>Und vielleicht\u2026 ist das genau die neue Falle.<br \/>\nVielleicht war das gro\u00dfe Erwachen nur ein gro\u00dfes Z\u00f6gern.<br \/>\nVielleicht hat das System uns l\u00e4ngst integriert \u2013<br \/>\nnicht durch Kontrolle,<br \/>\nsondern durch die perfekte Ablenkung:<br \/>\nInformation ohne Handlung.<\/p>\n<p>Die Wahrheit ist:<br \/>\nWir stehen an einem Punkt,<br \/>\nan dem nicht das System uns aufh\u00e4lt \u2013<br \/>\nsondern unser eigenes<br \/>\nNicht-Gehen.<\/p>\n<p>Alle warten.<br \/>\nAber keiner fragt sich mehr:<br \/>\nWorauf eigentlich?<br \/>\nDass es kracht?<br \/>\nDass die anderen aufwachen?<br \/>\nDass jemand kommt, der \u201evorangeht\u201c?<\/p>\n<p>Aber:<br \/>\nWas, wenn niemand kommt?<br \/>\nWas, wenn du es bist?<br \/>\nWas, wenn der n\u00e4chste Schritt erst sichtbar wird \u2013<br \/>\nwenn du losgehst?<br \/>\n\u2026und jetzt?<\/p>\n<p>Wir brauchen keine neue Information.<br \/>\nWir brauchen neue Integrit\u00e4t.<br \/>\nKein \u201eWarten auf den Sturm\u201c \u2013<br \/>\nsondern den Mut, selbst der Ausl\u00f6ser zu sein.<br \/>\nDenn solange alle warten,<br \/>\nbleibt genau das bestehen,<br \/>\nwas eigentlich l\u00e4ngst h\u00e4tte kippen k\u00f6nnen.<\/p>\n<p>Die Matrix h\u00e4lt nicht<br \/>\ndurch Macht \u2013<br \/>\n<strong>sie h\u00e4lt durch Passivit\u00e4t.<\/strong><\/p>\n<p>Durch genau diesen Moment:<br \/>\nJetzt.<br \/>\nWo du wieder z\u00f6gerst.<br \/>\nUnd denkst:<br \/>\n\u201eVielleicht morgen.\u201c<\/p>\n<p>1.7.2025, Christoph Bold, <a href=\"https:\/\/www.freiburg-schwarzwald.de\/blog\/regio\/orte\/stpeter\/\">St. Peter<\/a><br \/>\n<a href=\"https:\/\/www.schwarzwald-netzwerk.de\">https:\/\/www.schwarzwald-netzwerk.de<\/a><\/p>\n","protected":false},"excerpt":{"rendered":"<p>Home\u00a0&gt;Engagement\u00a0&gt;Demokratie\u00a0&gt;Widerstand &gt;Resignation-der-Mitte &gt;passiv Listenauswahl eines Beitrags (Artikel\/Datum, Seite\/Inhalt): Klicken oder scrollen Eric Gujer: Belohnt werden die Faulen, die Abzocker und die Duckm\u00e4user\u00a0(13.3.2026) Alle warten &#8211; aber worauf? (1.7.2025) Bequemlichkeit Eskapismus infantil Konformismus Schweigen Untertan Wohlstand &nbsp; Alle warten &#8211; aber &hellip; <a href=\"https:\/\/www.freiburg-schwarzwald.de\/blog\/engagement\/bequemlichkeit\/passiv\/\">Weiterlesen <span class=\"meta-nav\">&rarr;<\/span><\/a><\/p>\n","protected":false},"author":2,"featured_media":0,"parent":105176,"menu_order":0,"comment_status":"closed","ping_status":"closed","template":"","meta":{"footnotes":""},"class_list":["post-135763","page","type-page","status-publish","hentry"],"_links":{"self":[{"href":"https:\/\/www.freiburg-schwarzwald.de\/blog\/wp-json\/wp\/v2\/pages\/135763","targetHints":{"allow":["GET"]}}],"collection":[{"href":"https:\/\/www.freiburg-schwarzwald.de\/blog\/wp-json\/wp\/v2\/pages"}],"about":[{"href":"https:\/\/www.freiburg-schwarzwald.de\/blog\/wp-json\/wp\/v2\/types\/page"}],"author":[{"embeddable":true,"href":"https:\/\/www.freiburg-schwarzwald.de\/blog\/wp-json\/wp\/v2\/users\/2"}],"replies":[{"embeddable":true,"href":"https:\/\/www.freiburg-schwarzwald.de\/blog\/wp-json\/wp\/v2\/comments?post=135763"}],"version-history":[{"count":5,"href":"https:\/\/www.freiburg-schwarzwald.de\/blog\/wp-json\/wp\/v2\/pages\/135763\/revisions"}],"predecessor-version":[{"id":146795,"href":"https:\/\/www.freiburg-schwarzwald.de\/blog\/wp-json\/wp\/v2\/pages\/135763\/revisions\/146795"}],"up":[{"embeddable":true,"href":"https:\/\/www.freiburg-schwarzwald.de\/blog\/wp-json\/wp\/v2\/pages\/105176"}],"wp:attachment":[{"href":"https:\/\/www.freiburg-schwarzwald.de\/blog\/wp-json\/wp\/v2\/media?parent=135763"}],"curies":[{"name":"wp","href":"https:\/\/api.w.org\/{rel}","templated":true}]}}