{"id":135653,"date":"2025-06-28T21:10:23","date_gmt":"2025-06-28T19:10:23","guid":{"rendered":"https:\/\/www.freiburg-schwarzwald.de\/blog\/?page_id=135653"},"modified":"2025-12-13T16:07:40","modified_gmt":"2025-12-13T15:07:40","slug":"krypto","status":"publish","type":"page","link":"https:\/\/www.freiburg-schwarzwald.de\/blog\/global\/finanzsystem\/krypto\/","title":{"rendered":"Krypto"},"content":{"rendered":"<p>Home &gt;<a title=\"Global\" href=\"https:\/\/www.freiburg-schwarzwald.de\/blog\/global\/\">Global<\/a>\u00a0&gt;<a href=\"https:\/\/www.freiburg-schwarzwald.de\/blog\/global\/finanzsystem\/\">Finanzsystem<\/a>\u00a0&gt;<a href=\"https:\/\/www.freiburg-schwarzwald.de\/blog\/global\/finanzsystem\/digitalgeld\/\">Digitalgeld<\/a>\u00a0 &gt;<a href=\"https:\/\/www.freiburg-schwarzwald.de\/blog\/global\/finanzsystem\/bitcoin\/\">Bitcoin<\/a> &gt;Krypto<\/p>\n<div id=\"attachment_125931\" style=\"width: 650px\" class=\"wp-caption alignnone\"><a href=\"https:\/\/www.freiburg-schwarzwald.de\/blog\/wp-content\/uploads\/2024\/08\/bahn-8mal8-arthur-pan240730.jpg\"><img loading=\"lazy\" decoding=\"async\" aria-describedby=\"caption-attachment-125931\" class=\"size-full wp-image-125931\" src=\"https:\/\/www.freiburg-schwarzwald.de\/blog\/wp-content\/uploads\/2024\/08\/bahn-8mal8-arthur-pan240730.jpg\" alt=\"\" width=\"640\" height=\"347\" srcset=\"https:\/\/www.freiburg-schwarzwald.de\/blog\/wp-content\/uploads\/2024\/08\/bahn-8mal8-arthur-pan240730.jpg 640w, https:\/\/www.freiburg-schwarzwald.de\/blog\/wp-content\/uploads\/2024\/08\/bahn-8mal8-arthur-pan240730-180x98.jpg 180w\" sizes=\"auto, (max-width: 640px) 100vw, 640px\" \/><\/a><p id=\"caption-attachment-125931\" class=\"wp-caption-text\">Kreativit\u00e4t beim Spielen: 8 mal 8 mit Bahnschienen<\/p><\/div>\n<ul>\n<li><em>Listenauswahl eines Beitrags (Artikel\/Datum, Seite\/Inhalt): <span style=\"text-decoration: underline;\">Klicken<\/span> oder scrollen<\/em><\/li>\n<li><a href=\"https:\/\/www.freiburg-schwarzwald.de\/blog\/business\/dienste\/banken\/geld\/\">Wie sicher ist privates Gold im Krisenfall oder beim Staatskonkurs?<\/a> (12.12.2025)<\/li>\n<li><a href=\"https:\/\/www.freiburg-schwarzwald.de\/blog\/bargeld-ja-digitaler-euro-nein\/\">Bargeld ja \u2013 Digitale Euro nein<\/a>\u00a0(2.11.2025)<\/li>\n<li>Wie Kryptow\u00e4hrungen die Welt revolutionieren (20.6.2025)<\/li>\n<li>Kaspa: Blockchain zyklisch statt linear<\/li>\n<\/ul>\n<ul>\n<li><a href=\"https:\/\/www.freiburg-schwarzwald.de\/blog\/global\/finanzsystem\/bargeld\/\">Bargeld<\/a><\/li>\n<li><a href=\"https:\/\/www.freiburg-schwarzwald.de\/blog\/global\/finanzsystem\/bitcoin\/\">Bitcoin<\/a><\/li>\n<li><a href=\"https:\/\/www.freiburg-schwarzwald.de\/blog\/business\/dienste\/blockchain\/\">Blockchain<\/a><\/li>\n<li><a href=\"https:\/\/www.freiburg-schwarzwald.de\/blog\/engagement\/zukunft\/digitalisierung\/digitalfreiheit\/\">Digitalfreiheit<\/a><\/li>\n<li><a title=\"Euro\" href=\"https:\/\/www.freiburg-schwarzwald.de\/blog\/global\/eu\/euro\/\">Euro<\/a><\/li>\n<li><a title=\"EU-Banken\" href=\"https:\/\/www.freiburg-schwarzwald.de\/blog\/global\/eu\/eu-banken\/\">EU-Banken<\/a><\/li>\n<li><a href=\"https:\/\/www.freiburg-schwarzwald.de\/littenweiler\/finanz.htm\">Finanzberatung und -dienstleistungen<\/a>\u00a0&gt;Finanz<\/li>\n<li><a href=\"https:\/\/www.freiburg-schwarzwald.de\/blog\/business\/dienste\/banken\/geld\/\">Geld<\/a><\/li>\n<li><a href=\"https:\/\/www.freiburg-schwarzwald.de\/kapitalanlage.htm\">Geldanlage<\/a>\u00a0&gt;Kapitalanlage<\/li>\n<li><a title=\"IWF\" href=\"https:\/\/www.freiburg-schwarzwald.de\/blog\/global\/finanzsystem\/iwf\/\">IWF<\/a><\/li>\n<li><a title=\"Target\" href=\"https:\/\/www.freiburg-schwarzwald.de\/blog\/global\/eu\/target\/\">Target<\/a><\/li>\n<li><a title=\"EU-Transferunion\" href=\"https:\/\/www.freiburg-schwarzwald.de\/blog\/global\/eu\/eu-transferunion\/\">Transfersystem in der EU<\/a><\/li>\n<li><a title=\"Vollgeld\" href=\"https:\/\/www.freiburg-schwarzwald.de\/blog\/global\/eu\/vollgeld\/\">Vollgeld<\/a><\/li>\n<li><a title=\"Zins\" href=\"https:\/\/www.freiburg-schwarzwald.de\/blog\/global\/finanzsystem\/zins\/\">Zins<\/a><\/li>\n<\/ul>\n<p><strong>Wie Kryptow\u00e4hrungen die Welt revolutionieren<\/strong><br \/>\n<strong>Freies Geld f\u00fcr freie Menschen<\/strong><br \/>\nOlivier Kessler<\/p>\n<p>Immer mehr Menschen sind sich bewu\u00dft, da\u00df unser planwirtschaftlich organisiertes Geldsystem mit seiner staatlichen Zins- und Geldmengensteuerung fr\u00fcher oder sp\u00e4ter zu Bruch gehen mu\u00df \u2013 so wie jedes sozialistisch organisierte System. Zum guten Gl\u00fcck arbeiten Tech-Unternehmer flei\u00dfig an Alternativen zu den dysfunktionalen, aus dem Nichts geschaffenen und beliebig vermehrbaren Staatsw\u00e4hrungen.<\/p>\n<p>Nach mehreren Jahrzehnten erfolgloser Versuche im Umfeld der \u201eCypherpunk\u201c-Szene, ein dezentrales Digitalgeld auf die Beine zu stellen, das ohne zentralisierte Kontrolle auskommt, publizierte 2008 jemand mit dem Alias \u201eSatoshi Nakamoto\u201c das Bitcoin-Whitepaper. Bitcoin und die dahinterstehende Blockchain-Technologie l\u00f6ste das Zentralismus-Problem und erm\u00f6glichte erstmals, Werte digital zu \u00fcbermitteln, ohne da\u00df es daf\u00fcr einer zentralen Instanz bed\u00fcrfte. Die korrumpierbare Zentrale wurde durch eine Vielzahl dezentraler Rechner ersetzt, die seither die Integrit\u00e4t der Transaktionen und der Guthaben sicherstellen.<br \/>\nEin bemerkenswerter technischer Durchbruch. Weil es keine Firmenzentrale und keine Gesch\u00e4ftsleitung gibt, die man von Staats wegen einsch\u00fcchtern, bedrohen oder verhaften k\u00f6nnte, kann Bitcoin von einem einzelnen Staat h\u00f6chstens verboten, aber nicht abgeschaltet werden.<\/p>\n<p>Bitcoin basiert auf der Blockchain-Technologie, oder zu deutsch: der Blockketten-Technologie. In einer linearen Kette reiht sich rund alle zehn Minuten mittels kryptographischen Verfahrens ein Datenblock ein, der die neuesten Transaktionen beinhaltet. Die Bl\u00f6cke werden dabei im Wettbewerb zwischen \u00fcberall auf der Welt angesiedelten \u201eMinern\u201c gesch\u00fcrft, wobei derjenige \u201eMiner\u201c, der die gestellte Rechenaufgabe als erstes l\u00f6st, den Block hinzuf\u00fcgt und daf\u00fcr eine Belohnung in Form von neuausgegebenen Bitcoin-Einheiten plus Transaktionsgeb\u00fchren einf\u00e4hrt.<\/p>\n<p>Doch Bitcoin ist nicht perfekt. Bei hoher Auslastung schie\u00dfen die Transaktionsgeb\u00fchren in die H\u00f6he und eine \u00dcberweisung kann sich bei Hochbetrieb viele Stunden oder sogar Tage hinausz\u00f6gern. Damit gl\u00e4nzt Bitcoin zwar mit Dezentralit\u00e4t und einer hohen Sicherheit, jedoch l\u00e4\u00dft die Skalierbarkeit zu w\u00fcnschen \u00fcbrig. Das hei\u00dft, Bitcoin eignet sich unmittelbar nicht als Zahlungsmittel f\u00fcr die t\u00e4glichen Eink\u00e4ufe.<\/p>\n<p>Dieses Skalierbarkeitsproblem zu l\u00f6sen war in den letzten Jahren eines der wichtigsten Ziele unternehmerischer Aktivit\u00e4t im Kryptosektor. Doch dabei gab es ein bis vor kurzem unl\u00f6sbares Problem: Wer eine Blockchain schneller gestalten wollte, damit sie sich als allt\u00e4gliches Zahlungsmittel eignet, mu\u00dfte Abstriche bei der Sicherheit oder der Dezentralit\u00e4t in Kauf nehmen. Ein Problem, das in der Kryptobranche als \u201eBlockchain-Trilemma\u201c bekannt ist. Mit der Blockchain-Technologie ist es nicht m\u00f6glich, gleichzeitig alle drei Elemente \u2013 Sicherheit, Dezentralit\u00e4t und Skalierbarkeit \u2013 ideal zu handhaben.<\/p>\n<p>Es kam in der Folge zu einer Fragmentierung in der Kryptobranche: Es gab jene, die versuchten, die Geschwindigkeit der Blockchain auf Kosten der Sicherheit oder Dezentralit\u00e4t zu erh\u00f6hen. Die unz\u00e4hligen alternativen Blockchains (\u201eAltcoins\u201c) wie XRP, Solana oder Cardano vermochten jedoch das Blockchain-Trilemma nicht zu l\u00f6sen. Sie k\u00f6nnten zwar mit einigen Innovationen mehr Transaktionen pro Sekunde verarbeiten, verschoben aber das Problem woanders hin. Denn dies erreichten sie nur, indem sie Abstriche bei den anderen beiden Ecken des Blockchain-Trilemmas in Kauf nahmen: entweder bei der Sicherheit (indem sie vom sicheren \u201eProof-of-Work\u201c-Verfahren auf weniger sichere Verfahren wie \u201eProof-of-Stake\u201c wechselten), oder indem sie die Dezentralit\u00e4t einem zentralistischen System opferten und dadurch einen der Hauptvorteile von Bitcoin zunichte machten.<\/p>\n<p>Ein weiterer Versuch, das Skalierbarkeitsproblem von Bitcoin zu l\u00f6sen, war eine Layer-2-L\u00f6sung: das Bitcoin-Lightning-Netzwerk. Hier wurde zwar Schnelligkeit in Bitcoin-Transaktionen auf einer dar\u00fcbergest\u00fclpten Ebene implementiert. Doch dies brachte zahlreiche Probleme mit sich: Damit eine Person das Lightning-Netzwerk \u00fcberhaupt benutzen kann, braucht es eine Transaktion auf der Hauptkette, was wiederum Hunderte oder Tausende Euros kosten kann, wenn der Basislayer wie von vielen angedacht als Settlement-System zwischen Banken fungieren w\u00fcrde. Nur wenige Nutzer d\u00fcrften bereit sein, 50 oder 100 Euro zu zahlen, nur um einen Zahlungskanal bei Lightning zu er\u00f6ffnen, schon gar nicht Menschen aus armen L\u00e4ndern.<\/p>\n<p>Weil das Onboarding einer Transaktion auf der Hauptkette bedarf, ist es mathematisch unm\u00f6glich, da\u00df innert n\u00fctzlicher Frist eine gro\u00dfe Zahl von Menschen das Lightning-Netzwerk als Zahlungsnetzwerk benutzen k\u00f6nnten. Paul Sztorc, ein Bitcoin-Supporter und Developer, stellte eine Berechnung auf: Er schlu\u00dffolgerte, da\u00df selbst bei der Annahme, da\u00df 90 Prozent der Transaktionen auf der Bitcoin-Hauptkette einzig dem Zweck dienen, Leute bei Lightning zu onboarden, jedes Jahr nur 66 Millionen neue Leute das Lightning-Netzwerk nutzen k\u00f6nnen, was lediglich 0,82 Prozent der Menschheit ist. Bis die ganze Weltbev\u00f6lkerung an Bord w\u00e4re, vergingen 120 Jahre!<\/p>\n<p>Der Sender kann keine beliebige Summe \u00fcber Lightning verschicken. Die m\u00f6gliche Transaktionssumme steht und f\u00e4llt mit den Channels im Lightning-Netzwerk, in denen man sich befindet. Regelm\u00e4\u00dfige Zahlungsfehler sind die Folge. Um eben beschriebene Probleme zu l\u00f6sen, bieten sich einzig riesige Custodial Wallet-Anbieter an, also von Drittparteien betriebene Geldb\u00f6rsen. Dies w\u00fcrde allerdings in einem Bankensystem 2.0 m\u00fcnden und den wichtigsten Vorteil von Bitcoin zunichte machen: die Dezentralit\u00e4t und die direkte Kontrolle \u00fcber sein digitales Geld. Wieder m\u00fc\u00dfte man so sein Vertrauen in Mittelsm\u00e4nner setzen \u2013 die dann die Wallets einfrieren und die darauf befindlichen Mittel enteignen k\u00f6nnten.<\/p>\n<p>Durch die weitfl\u00e4chige Nutzung von Custodial Wallets sinkt die Sicherheit des Bitcoin-Netzwerks. Es gen\u00fcgt f\u00fcr eine Regierung oder sonstigen b\u00f6swillig handelnden Akteur, die gro\u00dfen Player ins Visier zu nehmen. Das Lightning-Netzwerk ist also bei genauerer Betrachtung nur ein Jonglieren innerhalb des Blockchain-Trilemmas, aber nicht die L\u00f6sung daf\u00fcr.<\/p>\n<p>Jene, die Dezentralit\u00e4t und Sicherheit wertsch\u00e4tzen, hielten trotz aller Probleme Bitcoin (BTC) die Stange, wurden zu sogenannten \u201eBitcoin-Maximalisten\u201c und verh\u00f6hnten alternative Herangehensweisen (\u201eAltcoins\u201c) als \u201eShitcoins\u201c. Die Feindschaft zwischen den Lagern nahm obskure Z\u00fcge an. Der Fanatismus, mit welchem der eigene Coin verteidigt wurde, erinnerte teilweise stark an kollektivistische Stammesgesellschaften, religi\u00f6se Rituale und obskure Kulte. Es schien stellenweise so, als ob man den urspr\u00fcnglichen Grund f\u00fcr die Notwendigkeit von Kryptow\u00e4hrungen vergessen hatte: n\u00e4mlich, eine Alternative zum dysfunktionalen Geldsystem zur Verf\u00fcgung zu stellen.<\/p>\n<p>Doch diese Zeiten d\u00fcrften gl\u00fccklicherweise bald vorbei sein. Es ist nur noch eine Frage der Zeit, bis den Akteuren klarwerden wird, da\u00df das Blockchain-Trilemma gel\u00f6st ist und die Grabenk\u00e4mpfe obsolet geworden sind. Ja, Sie haben richtig geh\u00f6rt: Das Blockchain-Trilemma ist gel\u00f6st. Auch wenn das bereits viele andere davor behauptet haben, stimmt es dieses Mal tats\u00e4chlich.<\/p>\n<p>Nach rund einem Jahrzehnt der Forschung entwickelte der Programmierer Yonatan Sompolinsky, den einige mit guten Gr\u00fcnden hinter dem Pseudonym \u201eSatoshi Nakamoto\u201c vermuten, zusammen mit weiteren Entwicklern die Blockchain weiter und pr\u00e4sentierte die L\u00f6sung: die Block-DAG (wobei DAG f\u00fcr \u201eDirected Acyclic Graph\u201c steht). Statt einer linearen Kette von Bl\u00f6cken gibt es hier einen gerichteten azyklischen Graphen, der es erlaubt, mehrere Bl\u00f6cke gleichzeitig zu sch\u00fcrfen, ohne damit die Sicherheit und Dezentralit\u00e4t zu gef\u00e4hrden.<\/p>\n<p>Diese technische Revolution wurde unter dem Open-Source-Projekt \u201eKaspa\u201c bekannt, das die Vorteile des Bitcoins mit einer Skalierbarkeit vereint, von welcher selbst Kreditkartenanbieter nur tr\u00e4umen k\u00f6nnen. Lanciert wurde das Projekt im Jahr 2021 \u2013 und das hatte es in sich. Erstmals steht nun n\u00e4mlich mit Kaspa digitales Geld zur Verf\u00fcgung, das alle Vorteile einer digitalen W\u00e4hrung b\u00fcndelt.<\/p>\n<p>Sicherheit: Kaspa ist sicher, weil es wie Bitcoin auf einem \u201eProof-of-Work\u201c-Mechanismus basiert, in welchem Miner das Netzwerk mit ihrer Rechenpower sichern.<\/p>\n<p>Dezentralit\u00e4t: Kaspa ist dezentraler als Bitcoin, weil es aufgrund der hohen Blockrate von zehn Bl\u00f6cken pro Sekunde (anvisiert sind 100 Bl\u00f6cke pro Sekunde) zu weniger Miner-Konzentration in Pools kommt. Au\u00dferdem gab es \u2013 wie bei Bitcoin \u2013 auch keine Vorallokation von Coins f\u00fcr Investoren und auch kein vorg\u00e4ngiges Sch\u00fcrfen von Coins, wie das bei den meisten \u201eAltcoins\u201c \u00fcblich ist, die zu Recht kritisiert werden.<\/p>\n<p>Skalierbarkeit: Kaspa erlaubt blitzschnelle \u00dcberweisungen mit Tausenden von Transaktionen pro Sekunde. Damit kann es Kaspa locker mit den gro\u00dfen Kreditkartenfirmen aufnehmen. Schnelligkeit: W\u00e4hrend man sich Bitcoin als eine Dorfstra\u00dfe (Blockkette) vorstellen kann, wo nur alle zehn Minuten ein Bus durchfahren darf (ein Block alle zehn Minuten) und folglich nur eine begrenzte Anzahl Passagiere (Transaktionen) passieren k\u00f6nnen, ist Kaspa ein 100-spuriger Highway, bei welchem Transaktionen gleichzeitig in H\u00f6chstgeschwindigkeit verarbeitet werden.<\/p>\n<p>Schutz vor Inflation: Wie bei Bitcoin ist die Geldmenge nach oben bei 28,7 Milliarden KAS begrenzt, was einen verl\u00e4\u00dflichen Schutz vor Inflation bietet. Da\u00df sich dieser Geniestreich der seltenen Sorte unter Krypto-Enthusiasten \u2013 geschweige denn in der normalen Bev\u00f6lkerung \u2013 erst langsam herumzusprechen beginnt, hat mit der Art der Lancierung des Projekts zu tun: Hinter Kaspa steckt keine Firma, die mit gro\u00dfem Investorenkapital mal kurz ein paar Millionen f\u00fcr Marketingkampagnen ausgeben k\u00f6nnte. Stattdessen ist Kaspa \u201eOpen Source\u201c und wird durch eine wachsende Community getragen und mittels Mund-zu-Mund-Propaganda bekannt gemacht \u2013 so wie das bei Bitcoin auch der Fall war.<\/p>\n<p>Immer mehr Bitcoin-Maximalisten, die mit der n\u00f6tigen Offenheit und Neugier ausgestattet sind, realisieren, da\u00df sie in Wahrheit Freiheits-Maximalisten sind und es weniger wichtig ist, mit welchem Coin man diese Freiheit erlangen kann. Sie sehen ein, da\u00df es keinen Sinn ergibt, einen technologisch r\u00fcckst\u00e4ndigeren Dinosaurier gegen ein fortschrittlicheres Produkt zu verteidigen, das dem unfreiheitlichen Staatsgeldsystem noch besser Paroli bieten kann. Denn das w\u00e4re, wie wenn eine Armee beim Aufkommen von Sturmgewehren trotzig am Schwert festhalten w\u00fcrde \u2013 und so den Krieg notwendigerweise verlieren mu\u00df.<\/p>\n<p>Der Projektname Kaspa ist dabei nicht zuf\u00e4llig gew\u00e4hlt. Der Begriff stammt aus dem Aram\u00e4ischen und bedeutet Silber. Das ist eine Anspielung auf die Tatsache, da\u00df Bitcoin aufgrund seiner Eigenschaften gern als digitales Gold bezeichnet wird. Gold wurde historisch weniger als Transaktionsmittel verwendet, sondern als Wertaufbewahrungsmittel. Den Part des Transaktionsmittels hat an vielen Orten das Silber \u00fcbernommen, das zwar mengenm\u00e4\u00dfig auch begrenzt, aber dennoch reichlicher vorhanden ist als Gold.<\/p>\n<p>Kaspa erf\u00fcllt eine Rolle, die Bitcoin bislang nicht erf\u00fcllen konnte: Es verhilft der urspr\u00fcnglichen Vision Satoshi Nakamotos zum Durchbruch, ein \u201eelektronisches Peer-to-Peer Cash System\u201c zu etablieren, das dezentral, sicher und schnell ist.<\/p>\n<p>Das sind gro\u00dfartige Neuigkeiten. Es bleibt zu hoffen, da\u00df sich die Botschaft rasch genug herumspricht, bevor dem fragilen Staatsgeldsystem die Puste ausgeht und un\u00fcberschaubaren Schaden anrichtet. Je mehr Leuten klar ist, da\u00df ein besseres und ethisch hochwertigeres Geld zur Verf\u00fcgung steht als die manipulations-, inflations- und betrugsanf\u00e4lligen Fiatw\u00e4hrungen, desto besser. Die Uhr tickt.<\/p>\n<p>&#8230; Alles vom 20.6.2025 vo Oivier Kessler bitte lesen in der JF 26\/25, Seite 18<br \/>\n<em>.<\/em><br \/>\n<em>Olivier Kessler, Jahrgang 1986, ist Direktor des Liberalen Instituts Z\u00fcrich. 2023 erschien sein Buch \u201e64 irref\u00fchrende Politikbegriffe\u201c. Zuletzt schrieb er auf dem Forum \u00fcber moderne Irrt\u00fcmer in der Sozialpolitik (\u201eGl\u00fccksspiel mit der Gleichheit\u201c, JF 39\/24).<br \/>\n.<br \/>\n.<br \/>\n<\/em><strong>Kaspa: Blockchain zyklisch statt linear<\/strong><br \/>\nKaspa ist eine Kryptow\u00e4hrung, die anstelle einer linearen Blockchain das GhostDAG-Protokoll verwendet. Anders als klassische Blockchains verwirft Kaspa keine parallel erstellten Bl\u00f6cke, sondern verarbeitet sie gleichzeitig in einem BlockDAG-Netzwerk. Dadurch erm\u00f6glicht Kaspa extrem schnelle Transaktionen mit minimalen Best\u00e4tigungszeiten, ohne Sicherheit oder Dezentralisierung zu beeintr\u00e4chtigen.<br \/>\nBitcoin ist eine digitale \u201cPeer-to-Peer\u201d W\u00e4hrung auf Basis der Blockchain-Technologie. Statt von einer zentralen Instanz (zum Beispiel Staat oder Zentralbank), wird Bitcoin von einem stetig wachsenden Netzwerk an Teilnehmern kontrolliert und gilt daher als \u00e4u\u00dferst dezentral und zensurresistent. Neben der Funktion als W\u00e4hrung wird Bitcoin auch als digitales Gold bzw. Wertspeicher genutzt.<br \/>\n<a href=\"https:\/\/www.kryptovergleich.de\/kryptowaehrungen\/kaspa\/infos\">https:\/\/www.kryptovergleich.de\/kryptowaehrungen\/kaspa\/infos<\/a><br \/>\n<a href=\"https:\/\/www.kryptovergleich.de\/kryptowaehrungen\/bitcoin-vs-kaspa\">https:\/\/www.kryptovergleich.de\/kryptowaehrungen\/bitcoin-vs-kaspa<\/a><\/p>\n<p>&nbsp;<\/p>\n","protected":false},"excerpt":{"rendered":"<p>Home &gt;Global\u00a0&gt;Finanzsystem\u00a0&gt;Digitalgeld\u00a0 &gt;Bitcoin &gt;Krypto Listenauswahl eines Beitrags (Artikel\/Datum, Seite\/Inhalt): Klicken oder scrollen Wie sicher ist privates Gold im Krisenfall oder beim Staatskonkurs? (12.12.2025) Bargeld ja \u2013 Digitale Euro nein\u00a0(2.11.2025) Wie Kryptow\u00e4hrungen die Welt revolutionieren (20.6.2025) Kaspa: Blockchain zyklisch statt linear &hellip; <a href=\"https:\/\/www.freiburg-schwarzwald.de\/blog\/global\/finanzsystem\/krypto\/\">Weiterlesen <span class=\"meta-nav\">&rarr;<\/span><\/a><\/p>\n","protected":false},"author":2,"featured_media":0,"parent":1187,"menu_order":0,"comment_status":"closed","ping_status":"closed","template":"","meta":{"footnotes":""},"class_list":["post-135653","page","type-page","status-publish","hentry"],"_links":{"self":[{"href":"https:\/\/www.freiburg-schwarzwald.de\/blog\/wp-json\/wp\/v2\/pages\/135653","targetHints":{"allow":["GET"]}}],"collection":[{"href":"https:\/\/www.freiburg-schwarzwald.de\/blog\/wp-json\/wp\/v2\/pages"}],"about":[{"href":"https:\/\/www.freiburg-schwarzwald.de\/blog\/wp-json\/wp\/v2\/types\/page"}],"author":[{"embeddable":true,"href":"https:\/\/www.freiburg-schwarzwald.de\/blog\/wp-json\/wp\/v2\/users\/2"}],"replies":[{"embeddable":true,"href":"https:\/\/www.freiburg-schwarzwald.de\/blog\/wp-json\/wp\/v2\/comments?post=135653"}],"version-history":[{"count":5,"href":"https:\/\/www.freiburg-schwarzwald.de\/blog\/wp-json\/wp\/v2\/pages\/135653\/revisions"}],"predecessor-version":[{"id":142863,"href":"https:\/\/www.freiburg-schwarzwald.de\/blog\/wp-json\/wp\/v2\/pages\/135653\/revisions\/142863"}],"up":[{"embeddable":true,"href":"https:\/\/www.freiburg-schwarzwald.de\/blog\/wp-json\/wp\/v2\/pages\/1187"}],"wp:attachment":[{"href":"https:\/\/www.freiburg-schwarzwald.de\/blog\/wp-json\/wp\/v2\/media?parent=135653"}],"curies":[{"name":"wp","href":"https:\/\/api.w.org\/{rel}","templated":true}]}}