{"id":13446,"date":"2012-10-20T19:43:32","date_gmt":"2012-10-20T17:43:32","guid":{"rendered":"https:\/\/www.freiburg-schwarzwald.de\/blog\/?page_id=13446"},"modified":"2012-10-20T20:10:10","modified_gmt":"2012-10-20T18:10:10","slug":"jugendherberge","status":"publish","type":"page","link":"https:\/\/www.freiburg-schwarzwald.de\/blog\/tourismus\/gastro\/jugendherberge\/","title":{"rendered":"Jugendherberge"},"content":{"rendered":"<p><a title=\"Orte\" href=\"https:\/\/www.freiburg-schwarzwald.de\/blog\/\">Home<\/a> &gt;<a title=\"Tourismus\" href=\"https:\/\/www.freiburg-schwarzwald.de\/blog\/tourismus\/\">Tourismus<\/a> &gt;<a title=\"Gastro\" href=\"https:\/\/www.freiburg-schwarzwald.de\/blog\/tourismus\/gastro\/\">Gastro<\/a> &gt;Jugendherberge\u00a0<\/p>\n<div id=\"attachment_13450\" style=\"width: 610px\" class=\"wp-caption alignnone\"><a href=\"https:\/\/www.freiburg-schwarzwald.de\/blog\/tourismus\/gastro\/jugendherberge\/schoenenbach4pan-090109\/\" rel=\"attachment wp-att-13450\"><img loading=\"lazy\" decoding=\"async\" aria-describedby=\"caption-attachment-13450\" class=\"size-full wp-image-13450\" title=\"schoenenbach4pan-090109\" src=\"https:\/\/www.freiburg-schwarzwald.de\/blog\/wp-content\/uploads\/2012\/10\/schoenenbach4pan-090109.jpg\" alt=\"\" width=\"600\" height=\"166\" srcset=\"https:\/\/www.freiburg-schwarzwald.de\/blog\/wp-content\/uploads\/2012\/10\/schoenenbach4pan-090109.jpg 600w, https:\/\/www.freiburg-schwarzwald.de\/blog\/wp-content\/uploads\/2012\/10\/schoenenbach4pan-090109-180x49.jpg 180w\" sizes=\"auto, (max-width: 600px) 100vw, 600px\" \/><\/a><p id=\"caption-attachment-13450\" class=\"wp-caption-text\">Blick nach S\u00fcdosten \u00fcber Sch\u00f6nenbach \u00fcber den nebligen Hochrhein zu den Alpen am 9.1.2009<\/p><\/div>\n<ul>\n<li><a href=\"https:\/\/www.freiburg-schwarzwald.de\/jugendherberge1.htm\">Neues zur Jugendherberge-Seite<\/a> &gt;Jugendherberge1<br \/>\n\u00a0\u00a0<\/li>\n<li><a href=\"https:\/\/www.freiburg-schwarzwald.de\/jugendherberge.htm#Bachheim - Wanderheim Burgm\u00fchle\">Bachheim &#8211; Wanderheim Burgm\u00fchle<\/a><\/li>\n<li><a href=\"https:\/\/www.freiburg-schwarzwald.de\/jugendherberge.htm#JH Belchen\">JH Belchen am Wiedener Eck (fr\u00fcher)<\/a><\/li>\n<li><a href=\"https:\/\/www.freiburg-schwarzwald.de\/jugendherberge.htm#Belchenh\u00f6fe - CVJM-Freizeit- und Jugendbildungsst\u00e4tte\">Belchenh\u00f6fe &#8211; CVJM-Freizeit- und Jugendbildungsst\u00e4tte<\/a><\/li>\n<li><a href=\"https:\/\/www.freiburg-schwarzwald.de\/jugendherberge.htm#Bernau - Schullandheim Remscheid\">Bernau &#8211; Schullandheim Remscheid<\/a><\/li>\n<li><big><a href=\"https:\/\/www.freiburg-schwarzwald.de\/jugendherberge.htm#Bernau-Kaiserhaus Schullandheim\">Bernau-Kaiserhaus Schullandheim <\/a><\/big><\/li>\n<li><a href=\"https:\/\/www.freiburg-schwarzwald.de\/jugendherberge.htm#JH Bonndorf\">JH Bonndorf<\/a><\/li>\n<li><a href=\"https:\/\/www.freiburg-schwarzwald.de\/jugendherberge.htm#Breitnau - St.Michael\">Breitnau &#8211; St.Michael<\/a><\/li>\n<li><a href=\"https:\/\/www.freiburg-schwarzwald.de\/spirzen5.htm#St.Barbara - Jugendhaus\">St.Barbara &#8211; Jugendhaus in den Spirzen<\/a> &gt;Spirzen5<\/li>\n<li><a href=\"https:\/\/www.freiburg-schwarzwald.de\/jugendherberge.htm#Buchenbach - Jugendhaus St.Barbara\">Buchenbach &#8211; Jugendhaus St.Barbara<\/a><\/li>\n<li><a href=\"https:\/\/www.freiburg-schwarzwald.de\/jugendherberge.htm#Jugendg\u00e4stehaus Bugenmoos in Herrischried\">Jugendg\u00e4stehaus Bugenmoos in Herrischried<\/a><\/li>\n<li><a href=\"https:\/\/www.freiburg-schwarzwald.de\/jugendherberge.htm#Eisenbach - Ferienheim\">Eisenbach &#8211; Ferienheim<\/a><\/li>\n<li><a href=\"https:\/\/www.freiburg-schwarzwald.de\/jugendherberge.htm#Jugendherberge Altglash\u00fctten\">JH Turnerbund Feldberg-Altglash\u00fctten<\/a><\/li>\n<li><a href=\"https:\/\/www.freiburg-schwarzwald.de\/jugendherberge.htm#Jugendherberge Hebelhof\">JH Hebelhof am Feldberg<\/a><\/li>\n<li><a href=\"https:\/\/www.freiburg-schwarzwald.de\/jugendherberge.htm#Brit Stohr und Carlo Donati neue Herbergseltern am Feldberg\">Brit Stohr und Carlo Donati neue Herbergseltern am Feldberg<\/a> (27.12.2002)<\/li>\n<li><a href=\"https:\/\/www.freiburg-schwarzwald.de\/jugendherberge.htm#JH Fleinerhaus in Todtnau\">Fleinerhaus &#8211; JH in Todtna<\/a><a href=\"https:\/\/www.freiburg-schwarzwald.de\/jugendherberge.htm#JH Fleinerhaus in Todtnau\">uberg<\/a><\/li>\n<li><a href=\"https:\/\/www.freiburg-schwarzwald.de\/jugendherberge.htm#JH Freiburg\">JH Freiburg-Dreisamtal<\/a><\/li>\n<li><a href=\"https:\/\/www.freiburg-schwarzwald.de\/jugendherberge.htm#JH Freiburg im Sommer\">JH Freiburg im Sommer<\/a><\/li>\n<li><a href=\"https:\/\/www.freiburg-schwarzwald.de\/jugendherberge.htm#Freiburg - Black Forest Hostel\">Freiburg &#8211; Black Forest Hostel<\/a><\/li>\n<li><a href=\"https:\/\/www.freiburg-schwarzwald.de\/jugendherberge.htm#Hospitality Club Freiburg\">Freiburg &#8211; Hospitality Club<\/a> &gt;Jugendherberge<\/li>\n<li><a href=\"https:\/\/www.freiburg-schwarzwald.de\/gersbach.htm#Gersbacher H\u00f6rnle\">Gersbacher H\u00f6rnle &#8211; Jugendheim<\/a> &gt;Gersbach<\/li>\n<li><a href=\"https:\/\/www.freiburg-schwarzwald.de\/guetenbach5.htm#Karlsh\u00fctte - Jugendheim in G\u00fctenbach-Kilpen\">G\u00fctenbach-Kilpen &#8211; Karlsh\u00fctte<\/a> &gt;Guetenbach5<\/li>\n<li><a href=\"https:\/\/www.freiburg-schwarzwald.de\/jugendherberge.htm#Hinterzarten - Mathislehofh\u00fctte\">Hinterzarten &#8211; Mathisleweiherh\u00fctte<\/a><\/li>\n<li><a href=\"https:\/\/www.freiburg-schwarzwald.de\/jugendherberge.htm#Jostal - Schw\u00f6rerhof\">Jostal &#8211; Schw\u00f6rerhof<\/a><\/li>\n<li><a href=\"https:\/\/www.freiburg-schwarzwald.de\/jugendherberge.htm#Jugendzeltpl\u00e4tze und Gruppenh\u00e4user\">Jugendzeltpl\u00e4tze und Gruppenh\u00e4user<\/a><\/li>\n<li><a href=\"https:\/\/www.freiburg-schwarzwald.de\/jugendherberge.htm#Kandern - Jugendherberge\">Kandern &#8211; Jugendherberge Platzhof<\/a><\/li>\n<li>Lenzkirch-Kappel &#8211; Schullandheim Sonnhalde<br \/>\n<a href=\"https:\/\/www.schullandheim.de\/heime\/showheim.php3?bvnr=bw083\">https:\/\/www.schullandheim.de\/heime\/showheim.php3?bvnr=bw083<\/a><\/li>\n<li><a href=\"https:\/\/www.freiburg-schwarzwald.de\/jugendherberge.htm#L\u00f6ffingen - Schullandheim Linsim\u00fchle\">L\u00f6ffingen &#8211; Schullandheim Linsim\u00fchle<\/a><\/li>\n<li><a href=\"https:\/\/www.freiburg-schwarzwald.de\/jugendherberge.htm#JH Menzenschwand\">JH Menzenschwand<\/a><\/li>\n<li>\n<p align=\"left\"><a href=\"https:\/\/www.freiburg-schwarzwald.de\/ortenberg.htm\">Ortenberg &#8211; Schloss und Jugendherberge<\/a> &gt;Ortenberg<\/p>\n<\/li>\n<li>\n<p align=\"left\"><a href=\"https:\/\/www.freiburg-schwarzwald.de\/jugendherberge.htm#Luginsland - Schullandheim am Schauinsland\">Schauinsland &#8211; Luginsland Schullandheim<\/a><\/p>\n<\/li>\n<li>\n<p align=\"left\"><a href=\"https:\/\/www.freiburg-schwarzwald.de\/huetten2.htm#Reichwein-H\u00fctte oberhalb Kappel am Schauinsland\">Schauinsland: Reichwein-H\u00fctte oberhalb Kappel am Schauinsland<\/a> &gt;Huetten2 (23.7.2006)<\/p>\n<\/li>\n<li>\n<p align=\"left\"><a href=\"https:\/\/www.freiburg-schwarzwald.de\/jugendherberge.htm#JH Seebrugg\">JH Seebrugg am Schluchsee<\/a><\/p>\n<\/li>\n<li>\n<p align=\"left\"><a href=\"https:\/\/www.freiburg-schwarzwald.de\/jugendherberge.htm#JH Wolfsgrund\">JH Wolfsgrund in Schluchsee<\/a><\/p>\n<\/li>\n<li>\n<p align=\"left\"><a href=\"https:\/\/www.freiburg-schwarzwald.de\/selbstversorger.htm\">Selbstversorger-H\u00fctten<\/a> &gt;Selbstversorger<\/p>\n<\/li>\n<li>\n<p align=\"left\"><a href=\"https:\/\/www.freiburg-schwarzwald.de\/jugendherberge.htm#JH Rudenberg in Titisee\">JH Rudenberg in Titisee\/Neustadt<\/a><\/p>\n<\/li>\n<li>\n<p align=\"left\"><a title=\"Veltishof\" href=\"https:\/\/www.freiburg-schwarzwald.de\/blog\/tourismus\/gastro\/jugendherberge\/veltishof\/\">Titisee &#8211; Jugendherberge Veltishof <\/a><\/p>\n<\/li>\n<li>\n<p align=\"left\"><a href=\"https:\/\/www.freiburg-schwarzwald.de\/jugendherberge.htm#G\u00e4stehaus Todtmoos &amp; Moosyb\u00e4r-H\u00fctte\">G\u00e4stehaus Todtmoos &amp; Moosyb\u00e4r-H\u00fctte <\/a><\/p>\n<\/li>\n<li>\n<p align=\"left\"><a href=\"https:\/\/www.freiburg-schwarzwald.de\/jugendherberge.htm#JH Fleinerhaus in Todtnau\">JH Todtnauberg<\/a><\/p>\n<\/li>\n<li>\n<p align=\"left\"><a href=\"https:\/\/www.freiburg-schwarzwald.de\/jugendherberge.htm#Waldau - Griesbachhof\">Waldau &#8211; Griesbachhof<\/a><\/p>\n<\/li>\n<li>\n<p align=\"left\"><a href=\"https:\/\/www.freiburg-schwarzwald.de\/jugendherberge.htm#Zastler - Mederlehof\">Zastler &#8211; Mederlehof<\/a><\/p>\n<\/li>\n<li>\n<p align=\"left\"><a href=\"https:\/\/www.freiburg-schwarzwald.de\/jugendherberge.htm#Jugendherbergen\">Deutsches Jugendherbergswerk: Jugendherbergen &#8211; Idee<\/a><\/p>\n<\/li>\n<li>\n<p align=\"left\"><a href=\"https:\/\/www.freiburg-schwarzwald.de\/jugendfreizeit.htm\">Kinder- und Jugendfreizeiten<\/a> &gt;Jugendfreizeit<\/p>\n<\/li>\n<li>\n<p align=\"left\"><a href=\"https:\/\/www.freiburg-schwarzwald.de\/jugendherberge.htm#Jugendherberg-Links\">Jugendherberge-Links<\/a><\/p>\n<\/li>\n<li>\n<p align=\"left\"><a href=\"https:\/\/www.freiburg-schwarzwald.de\/selbstversorger.htm\">Selbstversorger-H\u00fctten<\/a> &gt;Selbstversorger<\/p>\n<\/li>\n<li>\n<p align=\"left\"><a href=\"https:\/\/www.freiburg-schwarzwald.de\/wanderheime.htm\">Wanderheime, Naturfreundeh\u00e4user<\/a> &gt;Wanderheime<\/p>\n<\/li>\n<\/ul>\n","protected":false},"excerpt":{"rendered":"<p>Home &gt;Tourismus &gt;Gastro &gt;Jugendherberge\u00a0 Neues zur Jugendherberge-Seite &gt;Jugendherberge1 \u00a0\u00a0 Bachheim &#8211; Wanderheim Burgm\u00fchle JH Belchen am Wiedener Eck (fr\u00fcher) Belchenh\u00f6fe &#8211; CVJM-Freizeit- und Jugendbildungsst\u00e4tte Bernau &#8211; Schullandheim Remscheid Bernau-Kaiserhaus Schullandheim JH Bonndorf Breitnau &#8211; St.Michael St.Barbara &#8211; Jugendhaus in den &hellip; <a href=\"https:\/\/www.freiburg-schwarzwald.de\/blog\/tourismus\/gastro\/jugendherberge\/\">Weiterlesen <span class=\"meta-nav\">&rarr;<\/span><\/a><\/p>\n","protected":false},"author":4,"featured_media":0,"parent":19,"menu_order":0,"comment_status":"open","ping_status":"closed","template":"","meta":{"footnotes":""},"class_list":["post-13446","page","type-page","status-publish","hentry"],"_links":{"self":[{"href":"https:\/\/www.freiburg-schwarzwald.de\/blog\/wp-json\/wp\/v2\/pages\/13446","targetHints":{"allow":["GET"]}}],"collection":[{"href":"https:\/\/www.freiburg-schwarzwald.de\/blog\/wp-json\/wp\/v2\/pages"}],"about":[{"href":"https:\/\/www.freiburg-schwarzwald.de\/blog\/wp-json\/wp\/v2\/types\/page"}],"author":[{"embeddable":true,"href":"https:\/\/www.freiburg-schwarzwald.de\/blog\/wp-json\/wp\/v2\/users\/4"}],"replies":[{"embeddable":true,"href":"https:\/\/www.freiburg-schwarzwald.de\/blog\/wp-json\/wp\/v2\/comments?post=13446"}],"version-history":[{"count":0,"href":"https:\/\/www.freiburg-schwarzwald.de\/blog\/wp-json\/wp\/v2\/pages\/13446\/revisions"}],"up":[{"embeddable":true,"href":"https:\/\/www.freiburg-schwarzwald.de\/blog\/wp-json\/wp\/v2\/pages\/19"}],"wp:attachment":[{"href":"https:\/\/www.freiburg-schwarzwald.de\/blog\/wp-json\/wp\/v2\/media?parent=13446"}],"curies":[{"name":"wp","href":"https:\/\/api.w.org\/{rel}","templated":true}]}}