{"id":134139,"date":"2025-05-19T19:41:33","date_gmt":"2025-05-19T17:41:33","guid":{"rendered":"https:\/\/www.freiburg-schwarzwald.de\/blog\/?page_id=134139"},"modified":"2026-03-12T18:56:37","modified_gmt":"2026-03-12T17:56:37","slug":"jugend-protest","status":"publish","type":"page","link":"https:\/\/www.freiburg-schwarzwald.de\/blog\/selbsthilfe\/jugend\/jugend-protest\/","title":{"rendered":"Jugend-Protest"},"content":{"rendered":"<p><a href=\"https:\/\/www.freiburg-schwarzwald.de\/blog\">Home<\/a>\u00a0&gt;<a href=\"https:\/\/www.freiburg-schwarzwald.de\/blog\/selbsthilfe\/jugend\/\">Jugend<\/a> &gt;<a href=\"https:\/\/www.freiburg-schwarzwald.de\/blog\/engagement\/zukunft\/angst\/angst-jugend\">Angst-Jugend<\/a>\u00a0&gt;<a href=\"https:\/\/www.freiburg-schwarzwald.de\/blog\/selbsthilfe\/jugend\/jungwaehler\/\">Jungw\u00e4hler<\/a> &gt;<a href=\"https:\/\/www.freiburg-schwarzwald.de\/blog\/selbsthilfe\/jugend\/jugend-zukunft\/\">Jugend-Zukunft<\/a> &gt;Jugend-Protest<\/p>\n<div id=\"attachment_132664\" style=\"width: 649px\" class=\"wp-caption alignnone\"><a href=\"https:\/\/www.freiburg-schwarzwald.de\/blog\/wp-content\/uploads\/2025\/04\/fahrrad-solar-zelt-pan250406.jpg\"><img loading=\"lazy\" decoding=\"async\" aria-describedby=\"caption-attachment-132664\" class=\"size-full wp-image-132664\" src=\"https:\/\/www.freiburg-schwarzwald.de\/blog\/wp-content\/uploads\/2025\/04\/fahrrad-solar-zelt-pan250406.jpg\" alt=\"\" width=\"639\" height=\"390\" srcset=\"https:\/\/www.freiburg-schwarzwald.de\/blog\/wp-content\/uploads\/2025\/04\/fahrrad-solar-zelt-pan250406.jpg 639w, https:\/\/www.freiburg-schwarzwald.de\/blog\/wp-content\/uploads\/2025\/04\/fahrrad-solar-zelt-pan250406-180x110.jpg 180w\" sizes=\"auto, (max-width: 639px) 100vw, 639px\" \/><\/a><p id=\"caption-attachment-132664\" class=\"wp-caption-text\">Fahrrad mit Solar und Anh\u00e4nger zum \u00dcbernachten 6.4.2025<\/p><\/div>\n<ul>\n<li><em>Listenauswahl eines Beitrags (Artikel\/Datum, Seite\/Inhalt): <span style=\"text-decoration: underline;\">Klicken<\/span> oder scrollen<\/em><\/li>\n<li><a href=\"https:\/\/www.freiburg-schwarzwald.de\/blog\/jugend-gegen-wehrdienst\/\">Jugend gegen Wehrdienst<\/a>\u00a0(12.3.2026)<\/li>\n<li><a href=\"https:\/\/www.freiburg-schwarzwald.de\/blog\/global\/iran\/iran2026\/\">Larissa Fu\u00dfer: In Deutschland ignoriert \u2013 Eine Ermutigung f\u00fcr die jungen Helden im Iran<\/a>\u00a0(17.1.2026)<\/li>\n<li><a href=\"https:\/\/www.freiburg-schwarzwald.de\/blog\/engagement\/zukunft\/demokratie\/rechts\/neue-rechte\/\">\u00dcberall brennt die H\u00fctte: Neue globale Jugendrevolte, diesmal von rechts<\/a>\u00a0(11.1.2026)<\/li>\n<li><a href=\"https:\/\/www.freiburg-schwarzwald.de\/blog\/religion\/oekumene\/glaubensbewegungen\/\">Christlicher Rap in Zeiten des Niedergangs \u2013 Einfach mal machen<\/a>\u00a0(1.1.2026)<\/li>\n<li><a href=\"https:\/\/www.freiburg-schwarzwald.de\/blog\/kultur\/musik\/rap\/\">Gerappte Ha\u00dfges\u00e4nge gegen Polizisten, Juden, Frauen<\/a> (31.10.2025)<\/li>\n<li>Die Jugend sollte auf die Stra\u00dfe gehen und gegen diese Politik protestieren (18.5.2025)<\/li>\n<li><\/li>\n<li><a href=\"https:\/\/www.freiburg-schwarzwald.de\/blog\/natur\/landwirt\/bauern-protest\/\">Bauern-Protest<\/a><\/li>\n<li><a href=\"https:\/\/www.freiburg-schwarzwald.de\/blog\/kultur\/kunst\/kuenstler-proteste\/\">K\u00fcnstler-Proteste<\/a><\/li>\n<li><a href=\"https:\/\/www.freiburg-schwarzwald.de\/blog\/engagement\/buergerinitiativen\/protest\/\">Protest<\/a><\/li>\n<li><a href=\"https:\/\/www.freiburg-schwarzwald.de\/blog\/kultur\/musik\/rap\/\">Rap<\/a><\/li>\n<\/ul>\n<p>&nbsp;<\/p>\n<p><strong>Die Jugend sollte auf die Stra\u00dfe gehen und gegen diese Politik protestieren<\/strong><br \/>\nMit 100 Protestaktionen in ganz Deutschland will Fridays for Future w\u00e4hrend der ersten 100 Amtstage der schwarz-roten Bundesregierung Druck f\u00fcr mehr Klimaschutz machen. So wichtig das Ziel des Klimaschutzes zweifellos ist, d\u00fcrfte sich das Thema f\u00fcr die j\u00fcngere Generation r\u00fcckblickend in wenigen Jahren als Randthema herausstellen.<br \/>\nDann n\u00e4mlich, wenn sie feststellen wird, wie sehr die heutige Politikergeneration den Wohlstand des Landes und damit die Zukunft gepl\u00fcndert hat, um kurzfristig W\u00e4hlerstimmen zu mobilisieren. Wohl keine Generation ist so egoistisch mit den Ressourcen des Landes umgegangen wie die heute regierende.<br \/>\nDie Liste der Vers\u00e4umnisse ist lang, erschreckend, und sie wird immer l\u00e4nger. Statt die Grundlagen f\u00fcr eine zukunftsf\u00e4hige Gesellschaft zu legen, wurde in den letzten Jahrzehnten massiv an \u00f6ffentlichen Investitionen gespart. Die staatliche Infrastruktur \u2013 von Stra\u00dfen \u00fcber Br\u00fccken bis zur Bahn \u2013 ist vielerorts marode.<br \/>\nAllein zur Herstellung eines normalen Standards sind Investitionen in dreistelliger Milliardenh\u00f6he n\u00f6tig. W\u00e4hrend andere L\u00e4nder bereits fl\u00e4chendeckend mit Glasfaser und 5G versorgt sind, hinkt Deutschland noch immer hinterher.<br \/>\nDie Energiewende ist teuer, verfehlt das Ziel der Reduktion von Treibhausgasen und f\u00fchrt zu einer weiter beschleunigten Deindustrialisierung. Die Migration \u00fcberwiegend Geringqualifizierter erh\u00f6ht den Druck auf die Sozialsysteme, statt den erhofften Beitrag zu deren Finanzierung zu erbringen. Die Kosten wird die junge Generation noch lange tragen m\u00fcssen.<br \/>\nIm Bildungsbereich herrscht Niedergang: Die Leistungsstandards sinken, und der Anteil jener, die abgeh\u00e4ngt werden, steigt. Das gef\u00e4hrdet die Innovationskraft und die F\u00e4higkeit, den Wandel zu gestalten.<br \/>\nDie Politik der letzten Jahrzehnte hat die finanziellen Belastungen systematisch in die Zukunft verschoben und es zugleich der jungen Generation mit schlechterer Bildung, verfallendem Kapitalstock und verfehlter Energiepolitik schwergemacht, diese Lasten zu tragen.<\/p>\n<p>Schwarz-Rot setzt die ungerechte Politik fort<br \/>\nDie neue schwarz-rote Bundesregierung ist angetreten, diese ungerechte Politik konsequent fortzusetzen: Die Sanierung der maroden Infrastruktur und die Subventionierung der untragbar gewordenen Energiekosten soll die k\u00fcnftige Generation ebenso bezahlen wie die Herstellung der Verteidigungsf\u00e4higkeit. Nebenher erlauben die als \u201eVerm\u00f6gen\u201c verkauften Sonderschuldent\u00f6pfe auch noch die Beibehaltung viel zu hoher Konsumausgaben in den Haushalten von Bund und L\u00e4ndern.<\/p>\n<p>Diejenigen, die in den letzten Jahrzehnten in den Genuss der Steuermittelverwendung f\u00fcr konsumtive Ausgaben gekommen sind, werden auch k\u00fcnftig geschont. Das Rentenniveau wird festgeschrieben, die weitaus gro\u00dfz\u00fcgigeren Pensionen nicht einmal als Problem erw\u00e4hnt.<br \/>\nKommissionen sollen sich mit der Zukunftsf\u00e4higkeit von Rente, Kranken- und Pflegeversicherung besch\u00e4ftigen, wobei die neue Sozialministerin bereits in der ersten Woche im neuen Amt klarmachte, in welche Richtung es geht: Mehr Menschen sollen dazu gezwungen werden, in das System einzuzahlen. \u00d6konomen schlie\u00dfen Sozialbeitr\u00e4ge von \u00fcber 50 Prozent des Lohnes innerhalb der kommenden zehn Jahre nicht aus.<br \/>\nSchon jetzt ziehen Unternehmen und Menschen die Konsequenzen: Sie investieren im Ausland und wandern aus. Nach dem Motto \u201eGehen oder k\u00e4mpfen\u201c sollte die Jugend Deutschlands auf die Stra\u00dfe gehen und lautstark gegen diese Politik protestieren. Die Unternehmen sollten sie dabei unterst\u00fctzen.<br \/>\n&#8230; Alles vom 18.5.2025 von Daniel Stelter bitte lesen auf<br \/>\n<a href=\"https:\/\/www.handelsblatt.com\/meinung\/kolumnen\/beyond-the-obvious-die-jugend-sollte-auf-die-strasse-gehen-und-gegen-diese-politik-protestieren\/100128761.html\">https:\/\/www.handelsblatt.com\/meinung\/kolumnen\/beyond-the-obvious-die-jugend-sollte-auf-die-strasse-gehen-und-gegen-diese-politik-protestieren\/100128761.html<\/a><br \/>\noder<br \/>\n<a href=\"https:\/\/think-beyondtheobvious.com\/stelter-in-den-medien\/die-jugend-sollte-auf-die-strasse-gehen-und-gegen-diese-politik-protestieren\/\">https:\/\/think-beyondtheobvious.com\/stelter-in-den-medien\/die-jugend-sollte-auf-die-strasse-gehen-und-gegen-diese-politik-protestieren\/<\/a><\/p>\n","protected":false},"excerpt":{"rendered":"<p>Home\u00a0&gt;Jugend &gt;Angst-Jugend\u00a0&gt;Jungw\u00e4hler &gt;Jugend-Zukunft &gt;Jugend-Protest Listenauswahl eines Beitrags (Artikel\/Datum, Seite\/Inhalt): Klicken oder scrollen Jugend gegen Wehrdienst\u00a0(12.3.2026) Larissa Fu\u00dfer: In Deutschland ignoriert \u2013 Eine Ermutigung f\u00fcr die jungen Helden im Iran\u00a0(17.1.2026) \u00dcberall brennt die H\u00fctte: Neue globale Jugendrevolte, diesmal von rechts\u00a0(11.1.2026) Christlicher &hellip; <a href=\"https:\/\/www.freiburg-schwarzwald.de\/blog\/selbsthilfe\/jugend\/jugend-protest\/\">Weiterlesen <span class=\"meta-nav\">&rarr;<\/span><\/a><\/p>\n","protected":false},"author":2,"featured_media":0,"parent":1121,"menu_order":0,"comment_status":"closed","ping_status":"closed","template":"","meta":{"footnotes":""},"class_list":["post-134139","page","type-page","status-publish","hentry"],"_links":{"self":[{"href":"https:\/\/www.freiburg-schwarzwald.de\/blog\/wp-json\/wp\/v2\/pages\/134139","targetHints":{"allow":["GET"]}}],"collection":[{"href":"https:\/\/www.freiburg-schwarzwald.de\/blog\/wp-json\/wp\/v2\/pages"}],"about":[{"href":"https:\/\/www.freiburg-schwarzwald.de\/blog\/wp-json\/wp\/v2\/types\/page"}],"author":[{"embeddable":true,"href":"https:\/\/www.freiburg-schwarzwald.de\/blog\/wp-json\/wp\/v2\/users\/2"}],"replies":[{"embeddable":true,"href":"https:\/\/www.freiburg-schwarzwald.de\/blog\/wp-json\/wp\/v2\/comments?post=134139"}],"version-history":[{"count":6,"href":"https:\/\/www.freiburg-schwarzwald.de\/blog\/wp-json\/wp\/v2\/pages\/134139\/revisions"}],"predecessor-version":[{"id":146664,"href":"https:\/\/www.freiburg-schwarzwald.de\/blog\/wp-json\/wp\/v2\/pages\/134139\/revisions\/146664"}],"up":[{"embeddable":true,"href":"https:\/\/www.freiburg-schwarzwald.de\/blog\/wp-json\/wp\/v2\/pages\/1121"}],"wp:attachment":[{"href":"https:\/\/www.freiburg-schwarzwald.de\/blog\/wp-json\/wp\/v2\/media?parent=134139"}],"curies":[{"name":"wp","href":"https:\/\/api.w.org\/{rel}","templated":true}]}}