{"id":133356,"date":"2025-04-28T21:31:24","date_gmt":"2025-04-28T19:31:24","guid":{"rendered":"https:\/\/www.freiburg-schwarzwald.de\/blog\/?page_id=133356"},"modified":"2025-04-28T21:35:21","modified_gmt":"2025-04-28T19:35:21","slug":"diktatfrieden","status":"publish","type":"page","link":"https:\/\/www.freiburg-schwarzwald.de\/blog\/global\/ukraine\/diktatfrieden\/","title":{"rendered":"Diktatfrieden"},"content":{"rendered":"<p><a href=\"https:\/\/www.freiburg-schwarzwald.de\/blog\">Home<\/a> &gt;<a href=\"https:\/\/www.freiburg-schwarzwald.de\/blog\/global\/russland\/\">Russland<\/a>\u00a0&gt;<a href=\"https:\/\/www.freiburg-schwarzwald.de\/blog\/global\/ukraine\/\">Ukraine<\/a>\u00a0&gt;<a href=\"https:\/\/www.freiburg-schwarzwald.de\/blog\/global\/ukraine\/donbass\/\">Donbass<\/a>\u00a0&gt;<a href=\"https:\/\/www.freiburg-schwarzwald.de\/blog\/global\/ukraine\/ukraine-frieden\/\">Ukraine-Frieden<\/a> &gt;<a href=\"https:\/\/www.freiburg-schwarzwald.de\/blog\/global\/ukraine\/ukrainekrieg\/\">Ukrainekrieg<\/a> &gt;Diktatfrieden<\/p>\n<div id=\"attachment_132989\" style=\"width: 649px\" class=\"wp-caption alignnone\"><a href=\"https:\/\/www.freiburg-schwarzwald.de\/blog\/wp-content\/uploads\/2025\/04\/ostern8schweigemarsch-FR-pan250419.jpg\"><img loading=\"lazy\" decoding=\"async\" aria-describedby=\"caption-attachment-132989\" class=\"size-full wp-image-132989\" src=\"https:\/\/www.freiburg-schwarzwald.de\/blog\/wp-content\/uploads\/2025\/04\/ostern8schweigemarsch-FR-pan250419.jpg\" alt=\"\" width=\"639\" height=\"395\" srcset=\"https:\/\/www.freiburg-schwarzwald.de\/blog\/wp-content\/uploads\/2025\/04\/ostern8schweigemarsch-FR-pan250419.jpg 639w, https:\/\/www.freiburg-schwarzwald.de\/blog\/wp-content\/uploads\/2025\/04\/ostern8schweigemarsch-FR-pan250419-180x111.jpg 180w\" sizes=\"auto, (max-width: 639px) 100vw, 639px\" \/><\/a><p id=\"caption-attachment-132989\" class=\"wp-caption-text\">Ostern-Schweigemarsch f\u00fcr den Frieden in Freiburg am Karsamstag 19.4.2025<\/p><\/div>\n<p>&nbsp;<\/p>\n<ul>\n<li><em>Listenauswahl eines Beitrags (Artikel\/Datum, Seite\/Inhalt): <span style=\"text-decoration: underline;\">Klicken<\/span> oder scrollen<\/em><\/li>\n<li>\u201eDiktatfrieden\u201c als dauerhafte L\u00f6sung des Ukraine-Konflikts (28.4.2025)<\/li>\n<\/ul>\n<p>&nbsp;<\/p>\n<p><strong>\u201eDiktatfrieden\u201c als dauerhafte L\u00f6sung des Ukraine-Konflikts<\/strong><br \/>\nDie USA und Russland verhandeln weiter \u00fcber eine L\u00f6sung des Ukraine-Konflikts. Laut russischem Au\u00dfenminister sind nur noch Detailfragen zu kl\u00e4ren. In Deutschland spricht man in diesem Zusammenhang von \u201eDiktatfrieden\u201c. Dabei kommen aus Westeuropa keine Vorschl\u00e4ge, die eine dauerhafte Beilegung des Konflikts erm\u00f6glichen w\u00fcrden. Dort setzt man im Gegenteil auf seine Verl\u00e4ngerung und ignoriert die Willensbekundungen der Menschen im Osten des Landes und auf der Krim. Sie wollen nicht zur Ukraine geh\u00f6ren.<br \/>\n&#8230;<br \/>\nNach der Kapitulation Deutschlands im Mai 1945 lebte das Land \u00fcber mehrere Jahrzehnte unter einem \u201eDiktatfrieden\u201c sehr gut, obwohl es aufgeteilt in zwei Staaten, besetzt und unter Aufsicht gestellt war. Dennoch waren beide deutsche Staaten wirtschaftlich erfolgreich, wenn auch in unterschiedlichem Ma\u00df. Der Wiederaufbau nach dem Krieg und die Integration in die jeweiligen transnationalen Strukturen gelang. Vor allem aber gelang es, eine Zeit dauerhaften Friedens in Europa zu installieren. Die rigorose Ablehnung eines \u201eDiktatfriedens\u201c seitens deutscher Politiker ist angesichts der eigenen Geschichte unverst\u00e4ndlich.<\/p>\n<p>Auch die Formel, keine Entscheidung \u00fcber die Ukraine ohne die Ukraine, ist bizarr angesichts des historischen Ablaufs des Konflikts. Sowohl die Krim als auch der <a href=\"https:\/\/www.freiburg-schwarzwald.de\/blog\/global\/ukraine\/donbass\/\">Donbass<\/a> haben sich bereits entschieden. In Referenden haben sie zum Ausdruck gebracht, dass sie nicht Teil der Ukraine sein wollen. Diese Entscheidung der Ukraine und der vom Konflikt unmittelbar betroffenen Bev\u00f6lkerung wird von denjenigen, die fordern, die Ukraine m\u00fcsste in Verhandlungen mit einbezogen werden, konsequent ignoriert. Die Bev\u00f6lkerung auf der Krim und im Donbass hat nach Auffassung von G\u00f6ring-Eckardt und Co. keinen Anspruch darauf, dass ihre vitalen Interessen ber\u00fccksichtigt werden.<br \/>\nDer US-Vorschlag ber\u00fccksichtigt sie. Der jetzt vorliegende Vorschlag der USA einer Aufteilung der Ukraine setzt den Willen der Menschen in der Ostukraine und auf der Krim um. Dass dies von den Westeurop\u00e4ern und Politikern wie G\u00f6ring-Eckardt abgelehnt wird, bedeutet, dass es ihnen eben nicht um dauerhaften Frieden geht. Mit der Teilung der Ukraine w\u00e4re eine der Ursachen des Konflikts gel\u00f6st. Dass dies von deutscher Politik vehement zur\u00fcckgewiesen wird, weist daher in eine andere Richtung. Westeuropa geht es nicht um Frieden, sondern um die Ausdehnung des machtpolitischen Einflussgebiets. Russland soll sich beugen, das Wohl der Ukraine wird westlichen Machtinteressen untergeordnet.<\/p>\n<p>Das macht auch die Geschichte des Konflikts deutlich. Der Weg zum Erhalt der territorialen Integrit\u00e4t der Ukraine war <a href=\"https:\/\/www.freiburg-schwarzwald.de\/blog\/merkel-minsk-zum-zeitgewinn\/\">Minsk 2<\/a>. Der nach dem Putsch im Jahr 2014 im Osten des Landes ausgebrochene B\u00fcrgerkrieg sollte durch die F\u00f6deralisierung der Ukraine befriedet werden. Die Ukraine hat die Umsetzung der v\u00f6lkerrechtlich verbindlichen Vereinbarung zun\u00e4chst hinausgez\u00f6gert und ihr schlie\u00dflich eine Absage erteilt. Unterst\u00fctzung erhielt sie dabei unter anderem von Deutschland. Die Sabotage von Minsk 2 stellte einen zentralen Schritt der Eskalation dar. Nach der Absage an die Umsetzung und der Zunahme des Artillerie-Beschusses von Donezk und Lugansk durch die Streitkr\u00e4fte der Ukraine im Januar 2022 folgte die Anerkennung der Donezker und Lugansker Volksrepubliken durch Russland und die Zusage, sie milit\u00e4risch zu unterst\u00fctzen. Der damalige US-Pr\u00e4sident Joe Biden hat f\u00fcr den Beschuss von Donezk und Lugansk \u00fcbrigens gr\u00fcnes Licht gegeben.<br \/>\n&#8230; Alles vom 28.4.2025 von Gert-Ewen Ungar bitte lesen auf<br \/>\n<a href=\"https:\/\/www.nachdenkseiten.de\/?p=132172\">https:\/\/www.nachdenkseiten.de\/?p=132172<\/a><\/p>\n","protected":false},"excerpt":{"rendered":"<p>Home &gt;Russland\u00a0&gt;Ukraine\u00a0&gt;Donbass\u00a0&gt;Ukraine-Frieden &gt;Ukrainekrieg &gt;Diktatfrieden &nbsp; Listenauswahl eines Beitrags (Artikel\/Datum, Seite\/Inhalt): Klicken oder scrollen \u201eDiktatfrieden\u201c als dauerhafte L\u00f6sung des Ukraine-Konflikts (28.4.2025) &nbsp; \u201eDiktatfrieden\u201c als dauerhafte L\u00f6sung des Ukraine-Konflikts Die USA und Russland verhandeln weiter \u00fcber eine L\u00f6sung des Ukraine-Konflikts. Laut russischem &hellip; <a href=\"https:\/\/www.freiburg-schwarzwald.de\/blog\/global\/ukraine\/diktatfrieden\/\">Weiterlesen <span class=\"meta-nav\">&rarr;<\/span><\/a><\/p>\n","protected":false},"author":2,"featured_media":0,"parent":45400,"menu_order":0,"comment_status":"closed","ping_status":"closed","template":"","meta":{"footnotes":""},"class_list":["post-133356","page","type-page","status-publish","hentry"],"_links":{"self":[{"href":"https:\/\/www.freiburg-schwarzwald.de\/blog\/wp-json\/wp\/v2\/pages\/133356","targetHints":{"allow":["GET"]}}],"collection":[{"href":"https:\/\/www.freiburg-schwarzwald.de\/blog\/wp-json\/wp\/v2\/pages"}],"about":[{"href":"https:\/\/www.freiburg-schwarzwald.de\/blog\/wp-json\/wp\/v2\/types\/page"}],"author":[{"embeddable":true,"href":"https:\/\/www.freiburg-schwarzwald.de\/blog\/wp-json\/wp\/v2\/users\/2"}],"replies":[{"embeddable":true,"href":"https:\/\/www.freiburg-schwarzwald.de\/blog\/wp-json\/wp\/v2\/comments?post=133356"}],"version-history":[{"count":3,"href":"https:\/\/www.freiburg-schwarzwald.de\/blog\/wp-json\/wp\/v2\/pages\/133356\/revisions"}],"predecessor-version":[{"id":133359,"href":"https:\/\/www.freiburg-schwarzwald.de\/blog\/wp-json\/wp\/v2\/pages\/133356\/revisions\/133359"}],"up":[{"embeddable":true,"href":"https:\/\/www.freiburg-schwarzwald.de\/blog\/wp-json\/wp\/v2\/pages\/45400"}],"wp:attachment":[{"href":"https:\/\/www.freiburg-schwarzwald.de\/blog\/wp-json\/wp\/v2\/media?parent=133356"}],"curies":[{"name":"wp","href":"https:\/\/api.w.org\/{rel}","templated":true}]}}