{"id":132892,"date":"2025-04-18T15:55:21","date_gmt":"2025-04-18T13:55:21","guid":{"rendered":"https:\/\/www.freiburg-schwarzwald.de\/blog\/?page_id=132892"},"modified":"2025-04-18T16:07:48","modified_gmt":"2025-04-18T14:07:48","slug":"informationsregime","status":"publish","type":"page","link":"https:\/\/www.freiburg-schwarzwald.de\/blog\/global\/globalisierung\/global-government\/informationsregime\/","title":{"rendered":"Informationsregime"},"content":{"rendered":"<p><a href=\"https:\/\/www.freiburg-schwarzwald.de\/blog\">Home<\/a>\u00a0&gt;<a title=\"Globalisierung\" href=\"https:\/\/www.freiburg-schwarzwald.de\/blog\/global\/globalisierung\/\">Globalisierung<\/a>\u00a0&gt;<a title=\"Global-Migration\" href=\"https:\/\/www.freiburg-schwarzwald.de\/blog\/global\/globalisierung\/global-migration\/\">Global-Migration<\/a>\u00a0&gt;<a href=\"https:\/\/www.freiburg-schwarzwald.de\/blog\/global\/globalisierung\/great-reset\/\">Great Reset<\/a>\u00a0&gt;<a href=\"https:\/\/www.freiburg-schwarzwald.de\/blog\/global\/globalisierung\/neo-feudalismus\/\">Neo-Feudalismus<\/a> &gt;<a href=\"https:\/\/www.freiburg-schwarzwald.de\/blog\/global\/globalisierung\/global-government\/\">Global-Goverment<\/a> &gt;Informationsregime<\/p>\n<div id=\"attachment_132895\" style=\"width: 643px\" class=\"wp-caption alignnone\"><a href=\"https:\/\/www.freiburg-schwarzwald.de\/blog\/wp-content\/uploads\/2025\/04\/whatsaff-whatsapp-dervierteaffe-pan2025.jpg\"><img loading=\"lazy\" decoding=\"async\" aria-describedby=\"caption-attachment-132895\" class=\"size-full wp-image-132895\" src=\"https:\/\/www.freiburg-schwarzwald.de\/blog\/wp-content\/uploads\/2025\/04\/whatsaff-whatsapp-dervierteaffe-pan2025.jpg\" alt=\"\" width=\"633\" height=\"336\" srcset=\"https:\/\/www.freiburg-schwarzwald.de\/blog\/wp-content\/uploads\/2025\/04\/whatsaff-whatsapp-dervierteaffe-pan2025.jpg 633w, https:\/\/www.freiburg-schwarzwald.de\/blog\/wp-content\/uploads\/2025\/04\/whatsaff-whatsapp-dervierteaffe-pan2025-180x96.jpg 180w\" sizes=\"auto, (max-width: 633px) 100vw, 633px\" \/><\/a><p id=\"caption-attachment-132895\" class=\"wp-caption-text\">Der 4. Affe ist endlich da: Nichts h\u00f6ren, sehen, riechen, nur tippen<\/p><\/div>\n<ul>\n<li><em>Listenauswahl eines Beitrags (Artikel\/Datum, Seite\/Inhalt): <span style=\"text-decoration: underline;\">Klicken<\/span> oder scrollen\u00a0<\/em><\/li>\n<li>Facebooks neue Waffe: Eine KI trainiert auf dich \u2013 kontrolliert von den USA (17.4.2025)<\/li>\n<li>Smartphone als \u00dcberwachungs- und Unterwerfungsapparat (16.4.2025)<\/li>\n<li>Durch &#8222;kreative Zerst\u00f6rung&#8220; (Schumpeter) eine neue Weltordnung schaffen? (31.3.2025)<\/li>\n<li><\/li>\n<li><a href=\"https:\/\/www.freiburg-schwarzwald.de\/blog\/global\/globalisierung\/bigtech\/\">BigTech<\/a><\/li>\n<li><a href=\"https:\/\/www.freiburg-schwarzwald.de\/blog\/kultur\/medien\/desinformation\/\">Desinformation<\/a><\/li>\n<li><a href=\"https:\/\/www.freiburg-schwarzwald.de\/blog\/kultur\/medien\/desinformation\/falschmeldung\/\">Falschmeldung<\/a><\/li>\n<\/ul>\n<p>&nbsp;<\/p>\n<p><strong>Facebooks neue Waffe: Eine KI trainiert auf dich \u2013 kontrolliert von den USA<\/strong><br \/>\nMeta baut KI mit deinen EU-Daten \u2013 und niemand stoppt es<br \/>\nVon wegen harmloses Training f\u00fcr \u201ebessere Chatbots\u201c \u2013 was Meta derzeit in Europa einf\u00fchrt, ist nichts weniger als der n\u00e4chste gro\u00dfe Schritt in Richtung KI-gest\u00fctzter Meinungslenkung. Und das mit Daten, die ausgerechnet von denen stammen, die sich am wenigsten dagegen wehren: den Nutzern selbst. \u00d6ffentlich gepostet? Dann geh\u00f6rt es jetzt der Maschine. Willkommen in der \u00c4ra der algorithmischen Umerziehung. Die weltweit gr\u00f6\u00dfte Plattform baut sich ein digitales Gewissen \u2013 aus dir.<br \/>\nFacebook, Instagram, WhatsApp \u2013 Meta ist das gr\u00f6\u00dfte soziale Netzwerk der Welt. Mehrere Milliarden Menschen weltweit nutzen diese Dienste \u2013 freiwillig, t\u00e4glich, oft gedankenlos. Jetzt macht Meta genau das, was Datensch\u00fctzer seit Jahren bef\u00fcrchten: Es greift auf deine Beitr\u00e4ge, Kommentare, Reaktionen und Interaktionen zu, um damit seine KI zu trainieren \u2013 ohne deine aktive Zustimmung. Meta verspricht zwar, nicht auf private Nachrichten zuzugreifen \u2013 doch angesichts der Unternehmensgeschichte ist diese Zusicherung alles andere als vertrauensw\u00fcrdig.<br \/>\n&#8230;<br \/>\nFazit: Die neue Weltordnung wird nicht von Panzern, sondern von Plattformen durchgesetzt<br \/>\nMeta baut kein Werkzeug \u2013 Meta baut eine Infrastruktur zur Verhaltenssteuerung. Wer sie kontrolliert, kontrolliert die digitale \u00d6ffentlichkeit \u2013 und damit letztlich Demokratie, Meinung, Wahrheit.<br \/>\nMeta baut eine k\u00fcnstliche Intelligenz, trainiert mit den Worten, Gedanken und Emotionen von Millionen Menschen \u2013 eingesammelt ohne echte Zustimmung, ausgewertet au\u00dferhalb europ\u00e4ischer Kontrolle, entwickelt unter der Aufsicht eines Konzerns, der in der Vergangenheit mehrfach beim massiven Missbrauch von Nutzerdaten ertappt wurde.<br \/>\nUnd wer garantiert uns, dass diese Systeme morgen nicht gegen uns verwendet werden? Niemand. Kein Gericht, keine Beh\u00f6rde, keine gew\u00e4hlte Instanz hat volle Einsicht in die Trainingsdaten, die Parameter, die Filter oder die Zielsetzung dieser KI.<br \/>\nWenn eines die Jahre der Pandemie gezeigt haben, dann dies: Regierungen und Konzerne sind nicht deine Freunde. Sie handeln nicht in deinem Interesse, sondern im Interesse von Kontrolle, wirtschaftlicher Dominanz und politischer Deutungshoheit. Die Werkzeuge der Zukunft hei\u00dfen nicht Panzer und Polizeistaat \u2013 sie hei\u00dfen Chatbot, Feed, Algorithmus und Schattenbann. Wer heute seine Daten stillschweigend hergibt, hilft morgen mit, ein System zu errichten, das kritisches Denken, Dissens und Meinungsfreiheit algorithmisch verwaltet \u2013 und kontrolliert.<br \/>\nDie Frage ist nicht, ob das passiert. Die Frage ist nur: Wie lange schauen wir noch zu?<br \/>\n&#8230; Alles vom 17.4.2025 bitte lesen auf<br \/>\n<a href=\"https:\/\/uncutnews.ch\/explosiv-facebooks-neue-waffe-eine-ki-trainiert-auf-dich-kontrolliert-von-den-usa\/\">https:\/\/uncutnews.ch\/explosiv-facebooks-neue-waffe-eine-ki-trainiert-auf-dich-kontrolliert-von-den-usa\/<\/a><\/p>\n<p>&nbsp;<\/p>\n<p><strong>Smartphone als \u00dcberwachungs- und Unterwerfungsapparat<\/strong><br \/>\nLest Euch bitte mal diesen Artikel durch&#8230; wichtig!<br \/>\n<a href=\"https:\/\/uncutnews.ch\/von-der-bordkarte-zur-bio-id-flughaefen-werden-zur-frontlinie-des-ueberwachungsstaates\/\">https:\/\/uncutnews.ch\/von-der-bordkarte-zur-bio-id-flughaefen-werden-zur-frontlinie-des-ueberwachungsstaates\/<\/a><br \/>\nWie ist es dazu gekommen? &#8222;Das Smartphone (Mobiltelefon) als \u00dcberwachungs- und Unterwerfungsapparat beutet Freiheit und Kommunikation aus. Im Informationsregime f\u00fchlen sich die Menschen au\u00dferdem nicht \u00fcberwacht, sondern frei. Paradoxerweise sichert gerade das Gef\u00fchl der Freiheit die Herrschaft. Die Herrschaft vollendet sich in dem Moment, in dem Freiheit und \u00dcberwachung in eins fallen. Doch &#8211; Wirklich frei sind nicht die Menschen, sondern die Informationen.<br \/>\nDas Paradox der Informationsgesellschaft lautet: Die Menschen sind in Informationen gefangen. Sie legen sich selbst Fesseln an, indem sie digital kommunizieren und Informationen (Daten) produzieren. Die Herrschaft des Informationsregimes verbirgt sich, indem sie mit dem Alltag ganz verschmilzt. Sie versteckt sich hinter der Gef\u00e4lligkeit der sozialen Medien, der Annehmlichkeit der Suchmaschinen, den einlullenden Stimmen der Sprachassistenten oder der zuvorkommenden Dienstfertigkeit &#8222;smarter&#8220; Apps. Das Smartphone erweist sich als effizienter Informant, der uns einer Dauer\u00fcberwachung unterzieht. Smart Home verwandelt die ganze Wohnung in ein digitales Gef\u00e4ngnis, das unser allt\u00e4gliches Leben minuti\u00f6s protokolliert. Der &#8222;smarte&#8220; Staubsauger-Roboter, der uns m\u00fchsames Putzen erspart, kartiert die ganze Wohnung. Das &#8222;Smart-Bed&#8220; mit vernetzten Sensoren setzt die \u00dcberwachung auch w\u00e4hrend des Schlafes fort.<br \/>\nDie \u00dcberwachung schleicht sich in Form von Convenience in den Alltag ein. Im digitalen Gef\u00e4ngnis als smarter Wohlf\u00fchlzone erhebt sich kein Widerstand gegen das herrschende Regime. Der Like schlie\u00dft jede Revolution aus.<\/p>\n<p>Der Informationskapitalismus eignet sich neoliberale Machttechniken an. Im Gegensatz zu Machttechniken des Disziplinarregimes arbeiten sie nicht mit Zw\u00e4ngen und Verboten, sondern mit positiven Anreizen. Sie beuten Freiheit aus, statt sie zu unterdr\u00fccken. Sie steuern unseren Willen auf unbewusster Ebene, statt ihn gewaltsam zu brechen. Die repressive Disziplinarmacht weicht einer smarten Macht, die nicht befiehlt, sondern fl\u00fcstert, die nicht kommandiert, sondern &#8222;nudget&#8220;, das hei\u00dft mit subtilen Mitteln zur Verhaltenssteuerung anstupst. Wer sich allerdings nicht freiwillig dem Informationsregime unterwirft, bekommt es gnadenlos mit dem Disziplinarregimes zu tun mit totaler Repression und Anwendung von struktureller und staatlicher Gewalt auf allen Ebenen des Lebens. Im neoliberalen Informationsregime gibt sich die Herrschaft als Freiheit, Kommunikation und Community.<br \/>\nWir w\u00e4hnen uns in Freiheit, w\u00e4hrend unser Leben einer Totalprotokollierung zur psychopolitischen Verhaltenssteuerung unterworfen ist. Im neoliberalen Informationsregime stellt nicht das Bewusstsein permanenter \u00dcberwachung, sondern die gef\u00fchlte Freiheit das Funktionieren der Macht sicher. Im Gegensatz zu jenem unber\u00fchrbaren Telescreen des Big Brother in Orwell&#8217;s 1984 macht der smarte Touchscreen alles verf\u00fcgbar und konsumierbar. So erzeugt er die Illusion einer &#8222;Fingerspitzenfreiheit&#8220;. -&gt; Vil\u00e9m Flusser: Dinge und Undinge Ph\u00e4nomenologische Skizzen, M\u00fcnchen 1993, Seite 87 . Im Informationsregime hei\u00dft frei sein nicht handeln, sondern klicken, liken, posten. So st\u00f6\u00dft das Informationsregime kaum auf Widerstand, es braucht keine Revolution zu bef\u00fcrchten.<br \/>\nByun Chul Han: Infokratie &#8211; Digitalisierung und die Krise der Demokratie<br \/>\n&#8222;Daten sind die Rohstoffe des 21. Jahrhunderts. Hier m\u00fcssen wir jetzt aufpassen, dass der Datenschutz nicht die Oberhand \u00fcber die wirtschaftliche Verarbeitung gewinnt.&#8220;<br \/>\nAngela Merkel, 2015 auf dem Verlegerkongress Publishers&#8216; Summit des Branchenverbandes VDZ in Berlin<br \/>\nhttps:\/\/www.sueddeutsche.de\/wirtschaft\/medien-merkel-daten-sind-rohstoffe-des-21-jahrhunderts-dpa.urn-newsml-dpa-com-20090101-151102-99-08066<br \/>\nIch will eigentlich nicht mehr in dieser Welt leben&#8230;<br \/>\nWie komme ich nur aus all dem raus? Hatte heute wieder Gerichtspost im Briefkasten, gestern war ich beim Rechtsanwalt, am Samstag hatte ich Gerichtspost, am vergangenen Mittwoch Post vom Gerichtsvollzieher&#8230; Ich schaffe das nicht mehr!<br \/>\nLiebe Gr\u00fc\u00dfe,<br \/>\n16.4.2025, Andreas Maegdefrau<\/p>\n<p>.<br \/>\n<strong>Durch &#8222;kreative Zerst\u00f6rung&#8220; (Schumpeter) eine neue Weltordnung schaffen?<\/strong><br \/>\nLieber Paul, lieber Ekkehard,<br \/>\nDein Buch &#8222;Verpasster Ungehorsam zur rechten Zeit&#8220; habe ich, lieber Paul, mit Gewinn gelesen, ich sehe mich in vielem best\u00e4tigt. Sch\u00f6n, dass ich den Autor im Ebneter Kreis pers\u00f6nlich kennenlernen durfte.<br \/>\nAber mich bewegt schon seit langem, auch aufgekl\u00e4rt durch das Buch &#8222;Gegen Trump&#8220; der Autorin des wichtigen Standard-Werks &#8222;Die Schock-Strategie&#8220; &#8211; Naomi Klein &#8211; das Thema, welches hinter dem Symptom des Desaster-Kapitalismus, n\u00e4mlich dem &#8222;Trump-ismus&#8220; steckt: n\u00e4mlich die Nutzung von nat\u00fcrlichen Katastrophen und die gezielte Herbeif\u00fchrung von politischen, \u00f6konomischen und sozialen Katastrophen, sowohl durch die US-Demokraten, als auch jetzt mit Hilfe des &#8222;Anti-Helden&#8220; Trump, um durch &#8222;kreative Zerst\u00f6rung&#8220; &#8211; Schumpeter &#8211; aus einer alten Ordnung Chaos zu schaffen, und damit gezielt den Weg zu einer Neuen Weltordnung zu beschreiten. Das System der Wahl ist die inzwischen technologisch m\u00f6glich gewordene &#8222;digitale Totalkontrolle&#8220; durch eine mit Palantir (Verbindung zu Geheimdiensten, Polizei, Milit\u00e4r, \u00f6ffentlich-privater \u00dcberwachungsstaat -&gt; G3P), PayPal, digitaler W\u00e4hrung, Google und Amazon erm\u00f6glichten Diktatur der KI-Algorithmen in einer Technokratie, in einem &#8222;Technate&#8220;, einer politischen Philosophie, die durch eine Organisation namens Technocracy Incorporated bereits seit den 40er-Jahren des letzten Jahrhunderts entwickelt wurde.<br \/>\nBereits 1932 wurde die Canadian Social Kredit Party (Socred) gegr\u00fcndet &#8211; die Idee des Social-Kredit-Systems stammt also keineswegs von den Chinesen, sondern die Chinesen und ihr autorit\u00e4res Parteien- und Staatssystem werden &#8211; favorisiert auch von Klaus Schwab und dem WEF &#8211; als Pionier-Gesellschaft zur Perfektionierung und Entwicklung hin zu einer wirklich funktionst\u00fcchtigen globalen Installation benutzt.<br \/>\n&#8222;Socred versuchte, die Wirtschaftstheorie des \u201eSozialkredits\u201c des britischen Ingenieurs und \u00d6konomen C. H. Douglas umzusetzen. Wie Socred basierte auch Technocracy auf den Ideen des Ingenieurs Frederick Winslow Taylor (Taylorismus) zur \u201eindustriellen Effizienz\u201c. Sie passte auch zu den Wirtschaftstheorien des \u201eauff\u00e4lligen Konsums\u201c von Thorstein Veblen.&#8220; Es geht prim\u00e4r um zentralisierte Kontrolle verbunden mit einem Sozialkreditsystem in Form einer technokratischen, totalen, digitalen Diktatur. Mit DOGE, dem US-Ministerium f\u00fcr Regierungseffizienz geht es jetzt los. Vielleicht ist es nur ein Zufall, dass \u201eder Doge\u201c der offizielle Titel des obersten Verwalters (Magistrats) der Handelsrepublik Venedig war. Es gibt jedoch viele Gr\u00fcnde f\u00fcr die Vermutung, dass das heutige Akronym DOGE kein Zufall ist.<\/p>\n<p>Der Entrepreneur-Kapitalismus wurde bzw. hat sich schon Ende der 80er-Jahre zunehmend zum Rentier-Kapitalismus einer &#8222;Superklasse&#8220; von Milliard\u00e4ren gewandelt. Die bessere, passendere Bezeichnung f\u00fcr &#8222;Superklasse&#8220; w\u00e4re jedoch &#8222;Parasitenklasse&#8220;. Der verantwortliche Unternehmer wird heute geg\u00e4ngelt und unterdr\u00fcckt durch die Finanzoligarchie, die die Politik der Regierungen bestimmt. Wir erleben einen durchorganisierten Korporatismus, der nichts anderes als eine andere Bezeichnung f\u00fcr puren Faschismus ist.<br \/>\ndas Voranschreiten der Technokraten und ihr Technate:<br \/>\n<a href=\"https:\/\/uncutnews.ch\/der-dunkle-maga-technokrat-in-der-regierung-und-im-unternehmen-teil-1\/\">https:\/\/uncutnews.ch\/der-dunkle-maga-technokrat-in-der-regierung-und-im-unternehmen-teil-1\/<\/a><\/p>\n<p>Teil 2 von &#8222;Der dunkle MAGA-Technokrat in der Regierung und im Unternehmen&#8220;<br \/>\n<a href=\"https:\/\/uncutnews.ch\/der-dunkle-maga-technokrat-in-der-regierung-und-im-unternehmen-teil-2\/\">https:\/\/uncutnews.ch\/der-dunkle-maga-technokrat-in-der-regierung-und-im-unternehmen-teil-2\/<\/a><br \/>\nzudem von John Corbett:<br \/>\n<a href=\"https:\/\/uncutnews.ch\/algokratie-regierung-fuer-die-neue-weltordnung\/\">https:\/\/uncutnews.ch\/algokratie-regierung-fuer-die-neue-weltordnung\/<\/a><br \/>\nHier kommt erg\u00e4nzend gestern noch ein Artikel, der zudem noch eine &#8211; mir schon seit Jahren \u00fcber die Webseite vom Institut for the study of globalization and covert politics <a href=\"https:\/\/isgp-studies.com\/\">https:\/\/isgp-studies.com\/<\/a> bekannte Einrichtung des Deep State, die Institution Le Cercle benennt:<\/p>\n<p><a href=\"https:\/\/uncutnews.ch\/die-enthuellungen-ueber-den-schattenstaat-cercle\/\">https:\/\/uncutnews.ch\/die-enthuellungen-ueber-den-schattenstaat-cercle\/<\/a><br \/>\nISGP<br \/>\n<a href=\"https:\/\/isgp-studies.com\/le-cercle-pinay\">https:\/\/isgp-studies.com\/le-cercle-pinay<\/a><\/p>\n<p>Es ist eine unumst\u00f6\u00dfliche Tatsache, dass uns mit Demokratie und Wahlen nur vorget\u00e4uscht wird, dass wir von einer gew\u00e4hlten Regierung regiert werden. Was Seehofer mal so spontan &#8211; er hatte ja auch mal an anderer Stelle einen Freud&#8217;schen Versprecher, &#8222;er spreche erst und denke dann&#8220; &#8211; bei Erwin Pelzig \u00e4u\u00dferte, das ist wahr:<br \/>\n&#8222;Diejenigen, die entscheiden, sind nicht gew\u00e4hlt und diejenigen, die gew\u00e4hlt werden, haben nichts zu entscheiden.&#8220; <a href=\"https:\/\/www.youtube.com\/watch?v=BsGVYK5NExw\">https:\/\/www.youtube.com\/watch?v=BsGVYK5NExw<\/a><\/p>\n<p>&#8222;Die Regierungspolitik spiegelt nicht den Willen des Volkes wider. Die Regierung ist nicht von, f\u00fcr und durch das Volk. Dies sind grundlose Binsenweisheiten. Warum glauben wir ihnen also?&#8220;<\/p>\n<p>Auch bei vielen der sogenannten alternativen Medien wird immer deutlicher &#8211; so auch der Kontrafunk mit seiner klaren menschenfeindlichen Stellungnahme zum Gaza-Krieg und mit seiner Euphorie f\u00fcr Trump und Musk, f\u00fcr DOGE, Milei, Libertarismus als gesteigerter Form den globalen Neoliberalismus, einer Form des Anarchokapitalismus &#8211; dass sie von in den Mainstream-Medien unterdr\u00fcckte Themen zwar diskutieren und ansprechen, aber auch nicht offen, sondern mit parteipolitischen Interessenlagen, dass sie das Ganze dann aber in Richtung parteipolitischer L\u00f6sungen hin lenken, &#8211; &#8222;in der Regel in Form des einen oder anderen politischen Retters.&#8220;<\/p>\n<p>Zitat aus dem Artikel: &#8222;Die andere Aufgabe des MAM (Mainstream Alternative Media) besteht darin, unterdr\u00fcckte Informationen offen zu diskutieren und so das Vertrauen derer zu gewinnen, die den traditionellen Medien nicht mehr vertrauen. -&gt; Honigtopf-Strategie -&gt; AfD<br \/>\nSobald dieses Vertrauen gesichert ist, interpretiert der MAM die zuvor unterdr\u00fcckten Informationen neu, um L\u00f6sungen oder Narrative vorzuschlagen, die f\u00fcr die Oligarchen akzeptabel sind, aber f\u00fcr ihr Publikum eigentlich ein Gr\u00e4uel darstellen. Auf diese Weise verhindert der MAM, dass die Desillusionierten Ma\u00dfnahmen gegen die Interessen der Oligarchen ergreifen, indem er sie in einem Zustand der Verwirrung und Apathie h\u00e4lt.&#8220;<br \/>\nSo propagieren sie als Alternative gerade jene Kr\u00e4fte gegen die globalistische \u00dcberregulierung (WEF, WHO, ICCP, EU) mit Trump und Musk, mit J. D. Vance und Peter Thiel &#8211; &#8222;einem Oligarchen des Bilderberg-Lenkungsausschusses und prominenten Unterst\u00fctzer der Trump-Regierung \u2013 als hoffnungsvolle L\u00f6sung f\u00fcr die \u00dcberregulierung durch Globalisten.<br \/>\nAber Thiel bietet Technates von Regierungen und Unternehmen als Weg nach vorne an. Diese Technate sind die extremste Form der Technokratie \u2013 dem von globalistischen Institutionen wie dem Weltwirtschaftsforum favorisierten sozialen Kontrollmechanismus. So hat die American MAM zwar den Wunsch der republikanischen W\u00e4hler anerkannt, der Kontrolle der Globalisten zu entkommen, sie aber dazu gebracht, die Technate der Regierungskonzerne blind zu akzeptieren. Die freiheitsliebenden republikanischen W\u00e4hler, die dazu ermutigt wurden, f\u00fcr Trump zu stimmen, haben sich damit vielleicht die autorit\u00e4rste Form der Kontrolle durch globalistische Oligarchen eingehandelt, die man sich vorstellen kann. Gleichzeitig glauben viele einfache Amerikaner offenbar, dass sie mit der Wahl von Trump der globalen Regierungsgewalt einen Schlag versetzt haben.&#8220;<br \/>\nSo wird durch Tarnung und T\u00e4uschung machiavellistisch alles umgedreht, was sich die B\u00fcrger eigentlich erhofft und gew\u00fcnscht haben. Sie sind dann auch noch genau daf\u00fcr selbst verantwortlich, sie haben es ja &#8222;gew\u00e4hlt&#8220;.<\/p>\n<p>Und niemand will es kapieren, niemand will es h\u00f6ren!<br \/>\nIch hatte gerade letzten Sonntag mit einem Wanderfreund, der in so vielen Punkten die Infos hat, wie ich, eine ergebnislose Diskussion. Ergebnislos deshalb, denn er zieht daraus genau die Schl\u00fcsse, &#8211; er ist regelrecht ein Fan von Trump und Musk und Milei usw., die dann gegen seine eigenen Interessen sind, er widerspricht sich damit und merkt es nicht, auch wenn ich versuche, ihn darauf hinzuweisen.<br \/>\nEher kommt es dann zum Streit &#8211; was am Sonntag aber von mir vermieden wurde und nicht geschehen ist, weil ich auf nichts bestanden und auf nichts gedr\u00e4ngt habe &#8211; und zur Spaltung untereinander.<br \/>\nPaul schreibt in seinem Buch: &#8222;Wissen ist eine Holschuld, man muss sich also k\u00fcmmern, um eine Blamage zu vermeiden &#8211; auch wenn es heute &#8222;in&#8220; ist, viel Meinung zu verbreiten ohne Ahnung zu haben.&#8220;<br \/>\nIch bin hoffnungslos.<br \/>\n31.3.2025, Andreas Maegdefrau<\/p>\n","protected":false},"excerpt":{"rendered":"<p>Home\u00a0&gt;Globalisierung\u00a0&gt;Global-Migration\u00a0&gt;Great Reset\u00a0&gt;Neo-Feudalismus &gt;Global-Goverment &gt;Informationsregime Listenauswahl eines Beitrags (Artikel\/Datum, Seite\/Inhalt): Klicken oder scrollen\u00a0 Facebooks neue Waffe: Eine KI trainiert auf dich \u2013 kontrolliert von den USA (17.4.2025) Smartphone als \u00dcberwachungs- und Unterwerfungsapparat (16.4.2025) Durch &#8222;kreative Zerst\u00f6rung&#8220; (Schumpeter) eine neue Weltordnung schaffen? &hellip; <a href=\"https:\/\/www.freiburg-schwarzwald.de\/blog\/global\/globalisierung\/global-government\/informationsregime\/\">Weiterlesen <span class=\"meta-nav\">&rarr;<\/span><\/a><\/p>\n","protected":false},"author":2,"featured_media":0,"parent":113782,"menu_order":0,"comment_status":"closed","ping_status":"closed","template":"","meta":{"footnotes":""},"class_list":["post-132892","page","type-page","status-publish","hentry"],"_links":{"self":[{"href":"https:\/\/www.freiburg-schwarzwald.de\/blog\/wp-json\/wp\/v2\/pages\/132892","targetHints":{"allow":["GET"]}}],"collection":[{"href":"https:\/\/www.freiburg-schwarzwald.de\/blog\/wp-json\/wp\/v2\/pages"}],"about":[{"href":"https:\/\/www.freiburg-schwarzwald.de\/blog\/wp-json\/wp\/v2\/types\/page"}],"author":[{"embeddable":true,"href":"https:\/\/www.freiburg-schwarzwald.de\/blog\/wp-json\/wp\/v2\/users\/2"}],"replies":[{"embeddable":true,"href":"https:\/\/www.freiburg-schwarzwald.de\/blog\/wp-json\/wp\/v2\/comments?post=132892"}],"version-history":[{"count":5,"href":"https:\/\/www.freiburg-schwarzwald.de\/blog\/wp-json\/wp\/v2\/pages\/132892\/revisions"}],"predecessor-version":[{"id":132900,"href":"https:\/\/www.freiburg-schwarzwald.de\/blog\/wp-json\/wp\/v2\/pages\/132892\/revisions\/132900"}],"up":[{"embeddable":true,"href":"https:\/\/www.freiburg-schwarzwald.de\/blog\/wp-json\/wp\/v2\/pages\/113782"}],"wp:attachment":[{"href":"https:\/\/www.freiburg-schwarzwald.de\/blog\/wp-json\/wp\/v2\/media?parent=132892"}],"curies":[{"name":"wp","href":"https:\/\/api.w.org\/{rel}","templated":true}]}}