{"id":132678,"date":"2025-04-11T20:09:33","date_gmt":"2025-04-11T18:09:33","guid":{"rendered":"https:\/\/www.freiburg-schwarzwald.de\/blog\/?page_id=132678"},"modified":"2026-04-04T09:39:07","modified_gmt":"2026-04-04T07:39:07","slug":"europa-interessen","status":"publish","type":"page","link":"https:\/\/www.freiburg-schwarzwald.de\/blog\/global\/eu\/europa\/europa-interessen\/","title":{"rendered":"Europa-Interessen"},"content":{"rendered":"<p><a href=\"https:\/\/www.freiburg-schwarzwald.de\/blog\">Home<\/a>\u00a0&gt;<a title=\"Global\" href=\"https:\/\/www.freiburg-schwarzwald.de\/blog\/global\/\">Global<\/a>\u00a0&gt;<a title=\"EU\" href=\"https:\/\/www.freiburg-schwarzwald.de\/blog\/global\/eu\/\">EU<\/a>\u00a0&gt;<a title=\"Finanzsystem\" href=\"https:\/\/www.freiburg-schwarzwald.de\/blog\/global\/finanzsystem\/\">Finanzsystem<\/a>\u00a0&gt;<a href=\"https:\/\/www.freiburg-schwarzwald.de\/blog\/global\/eu\/eu-zentralstaat\/\">EU-Zentralstaat<\/a>\u00a0&gt;<a href=\"https:\/\/www.freiburg-schwarzwald.de\/blog\/engagement\/zukunft\/krieg\/bellizismus\/\">Bellizismus<\/a> &gt;<a href=\"https:\/\/www.freiburg-schwarzwald.de\/blog\/global\/eu\/eu-krieg\/\">EU-Krieg<\/a> &gt;Europa-Interessen<\/p>\n<div id=\"attachment_132671\" style=\"width: 650px\" class=\"wp-caption alignnone\"><a href=\"https:\/\/www.freiburg-schwarzwald.de\/blog\/wp-content\/uploads\/2025\/04\/storch-freiburg-ebnet-dreisamtal-pan250408.jpg\"><img loading=\"lazy\" decoding=\"async\" aria-describedby=\"caption-attachment-132671\" class=\"size-full wp-image-132671\" src=\"https:\/\/www.freiburg-schwarzwald.de\/blog\/wp-content\/uploads\/2025\/04\/storch-freiburg-ebnet-dreisamtal-pan250408.jpg\" alt=\"\" width=\"640\" height=\"407\" srcset=\"https:\/\/www.freiburg-schwarzwald.de\/blog\/wp-content\/uploads\/2025\/04\/storch-freiburg-ebnet-dreisamtal-pan250408.jpg 640w, https:\/\/www.freiburg-schwarzwald.de\/blog\/wp-content\/uploads\/2025\/04\/storch-freiburg-ebnet-dreisamtal-pan250408-180x114.jpg 180w\" sizes=\"auto, (max-width: 640px) 100vw, 640px\" \/><\/a><p id=\"caption-attachment-132671\" class=\"wp-caption-text\">Blick nach Westen im Dreisamtal auf Freiburg-Ebnet am 8.4.2025 &#8211; 13 St\u00f6rche<\/p><\/div>\n<ul>\n<li><em>Listenauswahl eines Beitrags (Artikel\/Datum, Seite\/Inhalt): <span style=\"text-decoration: underline;\">Klicken<\/span> oder scrollen<\/em><\/li>\n<li><a href=\"https:\/\/www.freiburg-schwarzwald.de\/blog\/irankrieg-trump-us-interessen\/\">Irankrieg: Trump US-Interessen<\/a>\u00a0(4.4.2026)<\/li>\n<li><a href=\"https:\/\/www.freiburg-schwarzwald.de\/blog\/global\/globalisierung\/sicherheitskonferenz\/\">US-Aussenminister Marco Rubio m 14.2.2026 auf der M\u00fcnchner Sicherheitskonferenz \u2013 Redetext<\/a>\u00a0 (14.2.2026)<\/li>\n<li><a href=\"https:\/\/www.freiburg-schwarzwald.de\/blog\/national-security-strategy-usa\/\">National Security Strategy<\/a>\u00a0(6.12.2025)<\/li>\n<li><a href=\"https:\/\/www.freiburg-schwarzwald.de\/blog\/vdl-verkauft-die-eu-an-die-usa\/\">vdL verkauft die EU an die USA<\/a>\u00a0(29.7.2025)<\/li>\n<li>Peter Sloterdijk: Der Kontinent ohne Eigenschaften &#8211; Lesezeichen im Buch Europa (12.6.202)<\/li>\n<li><a href=\"https:\/\/www.freiburg-schwarzwald.de\/blog\/friedensspaziergang-ebnet-9-5\/\">Friedensspaziergang Ebnet 9.5.<\/a>\u00a0(6.5.2025)<\/li>\n<li>Europa in alten Strategien gefangen, USA steuern radikal um (8.4.2025)<\/li>\n<li><\/li>\n<li><a href=\"https:\/\/www.freiburg-schwarzwald.de\/blog\/global\/deutschland\/deutsche-interessen\/\">Deutsche-Interessen<\/a><\/li>\n<li><a href=\"https:\/\/www.freiburg-schwarzwald.de\/blog\/global\/globalisierung\/sicherheitskonferenz\/\">Sicherheitskonferenz M\u00fcnchen MSC<\/a><\/li>\n<li><a href=\"https:\/\/www.freiburg-schwarzwald.de\/blog\/global\/usa\/usa-national-security-strategy\/\">USA-National-Security-Strategy<\/a><\/li>\n<\/ul>\n<p>&nbsp;<\/p>\n<p><strong>Peter Sloterdijk: Der Kontinent ohne Eigenschaften &#8211; Lesezeichen im Buch Europa<\/strong><br \/>\n.<br \/>\n<em>Auf der Suche nach sch\u00f6pferischer Leidenschaft<\/em><br \/>\n<em>Der Philosoph Peter Sloterdijk denkt in verschiedenen Lektionen \u00fcber das Gemeinwesen Europa nach und will damit Orientierung stiften.<\/em><br \/>\n<em>Rezension von Volker Kempf<\/em><\/p>\n<p>Peter Sloterdijks \u201eDer Kontinent ohne Eigenschaften\u201c k\u00f6nnte auch lauten: \u201eAuf der Suche nach Europa\u201c. Wo lohnt es sich zu suchen? Um die Ausgangslage deutlich zu machen, kn\u00fcpft Sloterdijk an ein Henry Kissinger in den Mund gelegtes Bonmont an, er wisse nicht, welche Nummer er w\u00e4hlen k\u00f6nne, falls er Europa an das Telefon bekommen solle. Der wahre Kern leuchtet ein, eine Nation mit Bundeskanzler ist Europa nicht. Frau von der Leyen anrufen? Sie ist der Kopf eines undurchsichtigen politischen Gro\u00dfgebildes, aber Europa ist das nicht.<br \/>\nDer Buchtitel, der auf Robert Musils Romanheld vom Mann ohne Eigenschaften anspielt, verspricht etwas von \u201eEigenschaftslosigkeit\u201c, von \u201ewohltemperierter Unauff\u00e4lligkeit\u201c. Konsumwerte k\u00f6nnten Aufschlu\u00df geben. Der gemittelte Europ\u00e4er trinkt im Jahr elf Kilogramm Alkohol, gibt 13 Prozent seines Budgets f\u00fcr Mobilit\u00e4tskosten aus und verf\u00fcgt \u00fcber eine Lebensarbeitszeit von 35,9 Jahren; der CO2-Aussto\u00df betr\u00e4gt 7,8 Tonnen. Da wei\u00df man, worauf es Europa ankommt. Auf das Reisen etwa. Wer nach Rom reist, sucht die europ\u00e4ische Geschichte.<\/p>\n<p>Ein paar Lesezeichen durch die Geschichte Europas legt Sloterdijk vor, die alten R\u00f6mer, das Latein-Europa, der Drang zur \u00dcberdehnung. Das r\u00fcckt n\u00e4her an das 19. Jahrhundert heran, in dem das \u201eGespenst des Kommunismus\u201c umging; noch unheimlicher sei das Gespenst der Dekadenz. Auch die Franzosen d\u00fcrften sich angesprochen f\u00fchlen \u2013 so beruht Sloterdijks Werk auf Vortr\u00e4gen 2024 in Paris. Ein Lesezeichen gilt Oswald Spenglers \u201eUntergang des Abendlandes\u201c. Nachrufe auf Europa zu halten w\u00fcrden sich heute einige anschicken, \u201ewobei manche die Dahingegangene als Selbstm\u00f6rderin bezeichneten \u2013 man wei\u00df nicht, ob vorwurfsvoll oder bedauernd.\u201c Totgesagte leben oft l\u00e4nger. Das meint Sloterdijk, indem er sich wenig verwundert zeigt, wenn Michel Onfray als \u201eEpigone Spenglers \u2018unserer jud\u00e4o-christlichen Zivilisation\u2019\u201c nachsage, sie sei \u2018tot\u2019\u201c, um hinzuzuf\u00fcgen, es bleibe \u201ezwischen Totsagung in Abwesenheit von Presse und Fernsehkameras und der Ausstellung eines Totenscheins durch Personal mit Leichenhallenerfahrung ein Unterschied, den man nicht ganz au\u00dfer acht lassen sollte\u201c. Ehe man den Untergang des Abendlandes feststellt, gelte es zu sehen, die Vergangenheit wirke fort. Etwas ratlos geworden zwar, aber auf der Suche nach Orientierung helfe die Verortung im Strom der Zeit weiter.<\/p>\n<p>Das mit vierzig Seiten breiteste Lesezeichen gilt Eugen Rosenstock-Huessy. Dieser Historiker und Soziologe legte 1938 ein Buch \u00fcber den westlichen Mann vor: \u201eOut of Revolution\u201c. Dem liegt die \u201eErhellungsmethode\u201c der Autobiographie zugrunde, die Licht in das Dunkel vom \u201eamorphen Quasi-Gegenstand Europa\u201c bringe. Sloterdijk liest das als Zeugnis eines R\u00fcckkehrers aus dem Ersten Weltkrieg und trifft sein geistiges Zentrum: \u201eSeine \u00dcberzeugung, die menschliche Geschichte im ganzen, die europ\u00e4ische Geschichte des letzten Jahrtausend im besonderen, k\u00f6nne nur aus der Bewegung der Leidenschaften, der Bekenntnisse, der Inspiration begriffen werden, bringt ihm die Verlegenheit ein, die Unterscheidung der Begeisterung vollziehen zu m\u00fcssen, ohne Kriterien vorwegnehmen zu k\u00f6nnen.\u201c<br \/>\nDie Unterscheidung zwischen noblem Enthusiasmus und Eruptionen von Massenwahn komme zu kurz. Dabei war sich Rosenstock in seinem Gesamtwerk bewu\u00dft, wie Massenwahn entchristlicht um sich greift, im Hitler-Deutschland. Rosenstock-Huessy ging es immer um das christliche Erbe, Sloterdijk hingegen betont die Befreiung aus der christlichen Enge von einst als Wegmarke in die Freiheit. Hier d\u00fcrfte das letzte Wort um die Geschichte Europas und ihrer Bedeutung nicht gesprochen sein. Das Kapitel \u00fcber Rosenstock-Huessy k\u00f6nnte als Einf\u00fchrung in sein Denken durchgehen. Auch offensichtliche Schwachpunkte sp\u00fcrt Sloterdijk auf, wie sie bei jedem Denker zu finden sind. Sloterdijk selbst ist nicht vor Schwachstellen gefeit, aber das spricht nicht gegen ein gelungenes Buch.<br \/>\nMit Blick in dieses Buch kann man sich am Ende fragen, ob Angela Merkel als Kanzlerin nicht eine Frau ohne Eigenschaften war, deren Erbe sich nicht nur Deutschland \u00fcberdr\u00fcssig erweist, das sich f\u00fcr eine Alternative begeistern will, als immer nur f\u00fcr ein paar Ziffern aus der CO2-Bilanz, der Dekadenzwerte beim Alkoholkonsum und neuerdings dem legalisierten Cannabis. Europa ist mehr als das, dazu braucht es geistiger Nahrung, an der Sloterdijk reich ist.<br \/>\n12.6.2025, Volker Kempf, <a href=\"mailto:volkerkempf@aol.com\">volkerkempf@aol.com<\/a><\/p>\n<p><em>Rezension in der JF vom 12.6.2025. <\/em><br \/>\n<em>Peter Sloterdijk: Der Kontinent ohne Eigenschaften. Lesezeichen im Buch Europa. Suhrkamp, Berlin 2024, gebunden, 296 Seiten, 28 Euro<\/em><\/p>\n<p>&nbsp;<\/p>\n<p><strong>Europa in alten Strategien gefangen, USA steuern radikal um<\/strong><br \/>\nEU-EUROPA<br \/>\nDie Implosion der UdSSR schuf ein Machtvakuum in Osteuropa, das von der EU und der NATO gef\u00fcllt wurde. Zuerst in Georgien (2008) und dann in der Ukraine (seit 2014) zeigte Russland, dass es die Mittel, den Wunsch und den Willen hat, das zu verteidigen, was es als seine lebenswichtigen Interessen ansieht. Der Westen reagierte mit Wirtschaftssanktionen und 350 Milliarden Euro an Milit\u00e4r- und Finanzhilfe f\u00fcr die Ukraine.<br \/>\nDiese Ma\u00dfnahmen hatten keine fundamentalen Auswirkungen f\u00fcr die Wirklichkeit auf dem Schlachtfeld. Die Politik entscheidet jetzt. Deshalb bewegen sich die USA auf russische Bedingungen f\u00fcr die Friedensverhandlungen in Riad zu: ukrainische Neutralit\u00e4t und keine NATO-Mitgliedschaft. Die EU, die sich drei Jahre lang v\u00f6llig weigerte, diplomatische Instrumente einzusetzen, zetert sich nun dar\u00fcber, nicht am Verhandlungstisch zu sitzen. Gleichzeitig reklamierte die EU mit viel Prestige nichts weniger als totalen milit\u00e4rischen Sieg und Regimewechsel in Russland \u2013 auch wenn die europ\u00e4ischen L\u00e4nder nicht bereit waren, eigenes Milit\u00e4r zu entsenden. Dar\u00fcber hinaus beweisen ihre jahrzehntelangen Ausgaben f\u00fcr eine unterdurchschnittliche Verteidigung, dass sie die russische Bedrohung nicht zu ernst nehmen, trotz ihrer Rhetorik von feindlichen Panzern, die in naher Zukunft Br\u00fcssel einnehmen.<br \/>\nDie USA wollen nun die Kosten ihres au\u00dfenpolitischen Einsatzes in der Ukraine der europ\u00e4ischen F\u00fchrung \u00fcbertragen, die das dankbar zu akzeptieren scheint. Die USA machen nebenbei ihr Interesse an ukrainischen Bodensch\u00e4tzen deutlich, w\u00e4hrend die EU unbeholfen danebensteht. Obendrein liefern die USA, was die einen Handelskrieg und 25 Prozent Z\u00f6lle f\u00fcr EU-Produkte nennen, w\u00e4hrend ein europ\u00e4ischer Regierungschef nach dem anderen Washington DC besucht, um sozusagen den Ring zu k\u00fcssen. Die EU demonstriert ihre Ratlosigkeit grandios. Au\u00dfenminister Marco Rubio empf\u00e4ngt nicht einmal EU-Kommissar Kaja Kallas.<\/p>\n<p>Seit Jahrzehnten werden europ\u00e4ische Eliten ausgew\u00e4hlt, gebildet und in einem atlantischen ideologischen Rahmen gef\u00f6rdert. Dieser Rahmen beruht nicht auf geteilten moralischen Werten, sondern auf der Grundlage der amerikanischen Interessen. Diese Interessen sind nicht immer die Interessen der europ\u00e4ischen L\u00e4nder. Der sogenannte Freie Westen aus der \u00c4ra der bipolaren Welt existiert nicht mehr. Theoretische Konzepte aus der unipolaren Welt, von Fukuyamas End of History bis Huntingtons Kampf der Kulturen, sind v\u00f6llig veraltet und bilden keinerlei Anleitung f\u00fcr die Welt von heute, geschweige denn f\u00fcr die Welt von morgen.<br \/>\nDie Amerikaner haben die multipolare Realit\u00e4t akzeptiert und begonnen, die logischen Schlussfolgerungen f\u00fcr die Au\u00dfenpolitik zu ziehen. Es ist an der Zeit, dass wir dasselbe in Europa tun.<br \/>\nOb es uns gef\u00e4llt oder nicht, wir m\u00fcssen auf die eine oder andere Weise Frieden f\u00fcr die Ukraine finden und eine neue Art von Verteidigungsarchitektur f\u00fcr Europa. Das bedeutet, dass wir irgendwann unsere Beziehungen zu Russland normalisieren m\u00fcssen, insbesondere bei Handel und Energie. Je l\u00e4nger wir uns in vergangenen Strategien verstricken, desto h\u00f6her sind die humanit\u00e4ren und finanziellen Kosten sowohl f\u00fcr die Ukraine als auch f\u00fcr uns selbst. Zweitens ist es wichtig und vordringlich, in unsere eigenen Verteidigungskapazit\u00e4ten und Industrien zu investieren. Und dies nicht auf der Grundlage des atlantischen Denkens, sondern eines eurozentrischen Machtzentrums, das die wesentliche Voraussetzung f\u00fcr die Verteidigung unserer geostrategischen Interessen ist. Die Art und Weise, wie der belgische Verteidigungsminister Theo Francken mit dem Schwanz wedelt, um mehr amerikanische F-35 zu bestellen, ist ein Hinweis auf Belgiens Ohnmacht. Schlie\u00dflich m\u00fcssen wir wieder anfangen, in Realpolitik zu denken, anstatt das moralistische liberale und utopische Denken fortzusetzen, das die EU auszeichnet.<br \/>\nIn einer multipolaren Welt werden die USA immer ein Verb\u00fcndeter bleiben. Europa muss jedoch in der Lage sein, auf eigenen Beinen zu stehen. Daf\u00fcr ist die EU nicht das richtige Instrument, wir m\u00fcssen unsere Souver\u00e4nit\u00e4t und nationale Dynamik wiederherstellen f\u00fcr eine Renaissance unserer europ\u00e4ischen Zivilisation.<br \/>\n&#8230; Alles vom 8.4.2025 von Tom J.P. Vandendriessche bitte lesen auf<br \/>\n<a href=\"https:\/\/www.tichyseinblick.de\/kolumnen\/aus-aller-welt\/europa-in-alten-strategien-gefangen-usa-steuern-radikal-um\/\">https:\/\/www.tichyseinblick.de\/kolumnen\/aus-aller-welt\/europa-in-alten-strategien-gefangen-usa-steuern-radikal-um\/<\/a><br \/>\noder<br \/>\n<a href=\"https:\/\/brusselssignal.eu\/2025\/04\/europe-locked-in-past-strategies-while-us-makes-radical-break\/\">https:\/\/brusselssignal.eu\/2025\/04\/europe-locked-in-past-strategies-while-us-makes-radical-break\/<\/a><br \/>\n.<br \/>\n<em>Tom J.P. Vandendriessche ist belgisches Mitglied des EU-Parlaments f\u00fcr Vlaams Belang, Patrioten f\u00fcr Europa<\/em><\/p>\n","protected":false},"excerpt":{"rendered":"<p>Home\u00a0&gt;Global\u00a0&gt;EU\u00a0&gt;Finanzsystem\u00a0&gt;EU-Zentralstaat\u00a0&gt;Bellizismus &gt;EU-Krieg &gt;Europa-Interessen Listenauswahl eines Beitrags (Artikel\/Datum, Seite\/Inhalt): Klicken oder scrollen Irankrieg: Trump US-Interessen\u00a0(4.4.2026) US-Aussenminister Marco Rubio m 14.2.2026 auf der M\u00fcnchner Sicherheitskonferenz \u2013 Redetext\u00a0 (14.2.2026) National Security Strategy\u00a0(6.12.2025) vdL verkauft die EU an die USA\u00a0(29.7.2025) Peter Sloterdijk: Der Kontinent &hellip; <a href=\"https:\/\/www.freiburg-schwarzwald.de\/blog\/global\/eu\/europa\/europa-interessen\/\">Weiterlesen <span class=\"meta-nav\">&rarr;<\/span><\/a><\/p>\n","protected":false},"author":2,"featured_media":0,"parent":66877,"menu_order":0,"comment_status":"closed","ping_status":"closed","template":"","meta":{"footnotes":""},"class_list":["post-132678","page","type-page","status-publish","hentry"],"_links":{"self":[{"href":"https:\/\/www.freiburg-schwarzwald.de\/blog\/wp-json\/wp\/v2\/pages\/132678","targetHints":{"allow":["GET"]}}],"collection":[{"href":"https:\/\/www.freiburg-schwarzwald.de\/blog\/wp-json\/wp\/v2\/pages"}],"about":[{"href":"https:\/\/www.freiburg-schwarzwald.de\/blog\/wp-json\/wp\/v2\/types\/page"}],"author":[{"embeddable":true,"href":"https:\/\/www.freiburg-schwarzwald.de\/blog\/wp-json\/wp\/v2\/users\/2"}],"replies":[{"embeddable":true,"href":"https:\/\/www.freiburg-schwarzwald.de\/blog\/wp-json\/wp\/v2\/comments?post=132678"}],"version-history":[{"count":5,"href":"https:\/\/www.freiburg-schwarzwald.de\/blog\/wp-json\/wp\/v2\/pages\/132678\/revisions"}],"predecessor-version":[{"id":147479,"href":"https:\/\/www.freiburg-schwarzwald.de\/blog\/wp-json\/wp\/v2\/pages\/132678\/revisions\/147479"}],"up":[{"embeddable":true,"href":"https:\/\/www.freiburg-schwarzwald.de\/blog\/wp-json\/wp\/v2\/pages\/66877"}],"wp:attachment":[{"href":"https:\/\/www.freiburg-schwarzwald.de\/blog\/wp-json\/wp\/v2\/media?parent=132678"}],"curies":[{"name":"wp","href":"https:\/\/api.w.org\/{rel}","templated":true}]}}