{"id":132156,"date":"2025-03-25T17:51:27","date_gmt":"2025-03-25T16:51:27","guid":{"rendered":"https:\/\/www.freiburg-schwarzwald.de\/blog\/?page_id=132156"},"modified":"2026-03-14T18:08:33","modified_gmt":"2026-03-14T17:08:33","slug":"energiekonzerne","status":"publish","type":"page","link":"https:\/\/www.freiburg-schwarzwald.de\/blog\/energie\/energiekonzerne\/","title":{"rendered":"Energiekonzerne"},"content":{"rendered":"<p>Home &gt;<a title=\"Energie\" href=\"https:\/\/www.freiburg-schwarzwald.de\/blog\/energie\/\">Energie<\/a> &gt;<a href=\"https:\/\/www.freiburg-schwarzwald.de\/blog\/energie\/energiewende\/\">Energiewende<\/a> &gt;<a href=\"https:\/\/www.freiburg-schwarzwald.de\/blog\/energie\/energiewende\/energiewende-gescheitert\/\">Energiewende-gescheitert<\/a> &gt;Energiekonzerne<\/p>\n<div id=\"attachment_129343\" style=\"width: 649px\" class=\"wp-caption alignnone\"><a href=\"https:\/\/www.freiburg-schwarzwald.de\/blog\/wp-content\/uploads\/2024\/12\/lalonde-sonnenuntergang-pan241221.jpg\"><img loading=\"lazy\" decoding=\"async\" aria-describedby=\"caption-attachment-129343\" class=\"size-full wp-image-129343\" src=\"https:\/\/www.freiburg-schwarzwald.de\/blog\/wp-content\/uploads\/2024\/12\/lalonde-sonnenuntergang-pan241221.jpg\" alt=\"\" width=\"639\" height=\"337\" srcset=\"https:\/\/www.freiburg-schwarzwald.de\/blog\/wp-content\/uploads\/2024\/12\/lalonde-sonnenuntergang-pan241221.jpg 639w, https:\/\/www.freiburg-schwarzwald.de\/blog\/wp-content\/uploads\/2024\/12\/lalonde-sonnenuntergang-pan241221-180x95.jpg 180w\" sizes=\"auto, (max-width: 639px) 100vw, 639px\" \/><\/a><p id=\"caption-attachment-129343\" class=\"wp-caption-text\">Sonnenuntergang Mittelmeer bei La Londe les Maures 21.12.2024<\/p><\/div>\n<ul>\n<li><em>Listenauswahl eines Beitrags: Bitte <span style=\"text-decoration: underline;\">anklicken<\/span> oder runterscrollen<\/em><\/li>\n<li>Fuest: &#8222;Energieintensive Industrie hat keine Zukunft bei uns&#8220; (13.3.2026)<\/li>\n<li><a href=\"https:\/\/www.freiburg-schwarzwald.de\/blog\/energie\/energiewende\/energiewende-gescheitert\/\">Oliven oder Solarstrom: Natur zerst\u00f6ren, um Klima zu retten<\/a> (25.3.2025)<\/li>\n<li>Pl\u00f6tzlich vollziehen die weltgr\u00f6\u00dften Konzerne eine radikale Klima-Abkehr (24.3.2025)<\/li>\n<\/ul>\n<p>&nbsp;<\/p>\n<p><strong>Fuest: &#8222;Energieintensive Industrie hat keine Zukunft bei uns&#8220;<\/strong><br \/>\nFr\u00fcher gab es Wahrsager, Sterndeuter und Propheten: Heute gibt es Prof. Clemens Fuest. Der Chef des ifo-Instituts liest keine Handlinien und schaut nicht in die Sterne \u2013 er verdichtet die von seinen Forschern abgefragte Stimmung in der deutschen Wirtschaft und die Zahlen der Statistikbeh\u00f6rden zu einer Konjunkturprognose, die f\u00fcr den Kanzler, die Wirtschaftsministerin und die Vorst\u00e4nde der gro\u00dfen Firmen den Nordstern bildet.<\/p>\n<p><em>Einige Zitate von Clemens Fuest<\/em><br \/>\n<em>Das bisschen Wachstum, das wir jetzt sehen, diese 0,8 Prozent, kommt im Grunde ausschlie\u00dflich aus Staatsausgaben, aus den Ausweitungen des staatlichen Engagements. Wir haben keinen Aufschwung im privaten Sektor.<\/em><\/p>\n<p><em>Tats\u00e4chlich waren wir nie eine reine Marktwirtschaft, sondern schon immer ein Mischsystem. Und man kann schon die Frage stellen, wie lange das funktioniert, wenn der \u00f6ffentliche Sektor (Staatsquote heute schon 50 %) sich immer weiter ausbreitet.<br \/>\n<\/em><br \/>\n<em>Fakt ist: Die Investitionen in Deutschland sinken, und zwar die Investitionen des privaten Sektors. Und die sind auch im letzten Quartal weiter gesunken. Also, da ist (von \u00fcber 600 Milliarden Investitionen beim Investitionsgipfel) noch nichts gekommen.<br \/>\n<\/em><br \/>\n<em>Wir m\u00fcssen den Ausbau der erneuerbaren Energien anders organisieren, wie Frau Reiche zu Recht sagt. Aber auch das wird dauern. Wir haben uns entschieden, ein Land zu sein, in dem Energie knapp ist. Das haben wir politisch alle gemeinsam so gew\u00e4hlt und die Konsequenzen m\u00fcssen wir jetzt tragen.<\/em><\/p>\n<p><em>Energieintensive Industrie hat keine Zukunft bei uns. Das ist eine brutale Durchsage. Ich w\u00fcrde gern etwas anderes sagen. Aber das hat Deutschland so entschieden.<\/em><\/p>\n<p>&#8230; Alles vom 13.3.2026 von Gabor Steingart mit Clemens Fuest bitte lesen auf<br \/>\n<a href=\"https:\/\/www.focus.de\/finanzen\/news\/energieintensive-industrie-hat-keine-zukunft-bei-uns_5d2b7cad-0984-4eb4-92e2-3b391fa87499.html\">https:\/\/www.focus.de\/finanzen\/news\/energieintensive-industrie-hat-keine-zukunft-bei-uns_5d2b7cad-0984-4eb4-92e2-3b391fa87499.html<\/a>.<br \/>\n.<br \/>\n<strong>Top-\u00d6konom Fuest: Warum die wirtschaftliche Lage Deutschlands eigentlich noch schlimmer ist als bislang bef\u00fcrchtet<\/strong><br \/>\nDer Pr\u00e4sident des M\u00fcnchner Ifo-Instituts, Clemens Fuest, sieht f\u00fcr energieintensive Industrien in Deutschland kaum noch Zukunft. Fuest sagte dem Portal Pioneer https:\/\/www.thepioneer.de\/originals\/thepioneer-briefing-business-class-edition\/briefings\/prof-clemens-fuest-wir-sind-kaum-bewegungsfaehig : \u00abEnergieintensive Industrie hat keine Zukunft bei uns.\u00bb Deutschland habe sich politisch daf\u00fcr entschieden, ein Land mit knapper und entsprechend teurer Energie zu sein. \u00abDas haben wir politisch alle gemeinsam so gew\u00e4hlt und die Konsequenzen m\u00fcssen wir jetzt tragen.\u00bb<br \/>\nNach Einsch\u00e4tzung des \u00d6konomen trifft dies besonders Branchen wie Stahl, Chemie oder andere energieintensive Industriezweige. Die hohen Energiepreise seien eine direkte Folge der energiepolitischen Entscheidungen der vergangenen Jahre. Gleichzeitig sei ein schneller Ausweg nicht in Sicht. Der Bau neuer Kernkraftwerke w\u00fcrde laut Fuest \u00absehr, sehr teuer\u00bb werden und \u00abewig dauern\u00bb. Kurzfristig k\u00f6nne dies die Lage nicht verbessern.<br \/>\nAuch konjunkturell sieht der Ifo-Chef wenig Anlass f\u00fcr Optimismus. Die Investitionen des privaten Sektors in Deutschland seien zuletzt weiter gesunken. \u00abWir haben keinen Aufschwung im privaten Sektor\u00bb, erkl\u00e4rte Fuest. Das derzeit geringe Wirtschaftswachstum gehe vor allem auf staatliche Ausgaben zur\u00fcck.<br \/>\n&#8230; Alles vom 14.3.2026 bitte lesen auf<br \/>\n<a href=\"https:\/\/weltwoche.de\/daily\/top-oekonom-warum-die-wirtschaftliche-lage-deutschlands-eigentlich-noch-schlimmer-ist-als-bislang-befuerchtet\/\">https:\/\/weltwoche.de\/daily\/top-oekonom-warum-die-wirtschaftliche-lage-deutschlands-eigentlich-noch-schlimmer-ist-als-bislang-befuerchtet\/<\/a><br \/>\n.<br \/>\n<strong>Fuest: \u201eDeutschland hat keine Zukunft mehr\u201c<\/strong><br \/>\nDer (Clemens Fuest) sorgt sich um die Zukunft. Ich habe schon Probleme, eine Gegenwart zu finden. Aber schauen wir mal rein: Top-\u00d6konom: Warum die wirtschaftliche Lage Deutschlands eigentlich noch schlimmer ist als bislang bef\u00fcrchtet ,,,,<br \/>\nJa.<br \/>\nUnd jeder, der genau davor warnte, wurde als \u201erechts\u201c, \u201ePopulist\u201c, \u201eVerschw\u00f6rungstheoretiker\u201c und sowas alles abgetan. Und jetzt ist es vorbei. Jetzt ist es tot. Deutschland ist im Eimer. Aber wie man so sch\u00f6n sagt:<br \/>\n\u201eFridays for Future\u201c. Friday war gestern. Future wird grausig. Das wird sicher lustig.<br \/>\n&#8230; Alles vom 15\u00b44.3.2026 bitte lesen auf<br \/>\n<a href=\"https:\/\/www.danisch.de\/blog\/2026\/03\/14\/deutschland-hat-keine-zukunft-mehr\/\">https:\/\/www.danisch.de\/blog\/2026\/03\/14\/deutschland-hat-keine-zukunft-mehr\/<\/a><\/p>\n<p>.<\/p>\n<p><strong>Pl\u00f6tzlich vollziehen die weltgr\u00f6\u00dften Konzerne eine radikale Klima-Abkehr<\/strong><br \/>\n<em>Die R\u00fcckkehr der fossilen Energien? W\u00e4hrend erneuerbare Energien weltweit boomen, gewinnen \u00d6l und Gas wieder an Bedeutung. Gro\u00dfe Banken und Konzerne reagieren bereits entsprechend &#8211; und vollziehen eine Klima-Kehrtwende.<\/em><br \/>\n&#8230;<br \/>\n\u201eDrill baby, drill\u201c<br \/>\nEr glaube, dass das Gesch\u00e4ft mit fossilen Energien ewig Bestand haben werde, sagte ein US-Unternehmer in Baku zu <a href=\"https:\/\/www.freiburg-schwarzwald.de\/blog\/energie\/energiewende\/energiewende-gescheitert\/\">FOCUS online<\/a> Earth. Er bewarb eine Technologie, die die \u00d6lproduktion zumindest sauberer machen soll.<br \/>\nSein Pr\u00e4sident sowie der US-Energieminister geben ihm Recht. Mit dem Austritt aus dem Pariser Klimaabkommen und seinem Energiepolitik-Motto \u201eDrill baby, drill\u201c hat Donald Trump wie erwartet eine radikale Klima-Kehrtwende eingeschlagen.<br \/>\nDamit ist Trump allerdings nicht allein. Zehn Jahre nach dem historischen Klimaabkommen in Paris haben viele Konzerne, Banken und Staaten ihre ambitionierten Klimaziele still und heimlich wieder einkassiert.<br \/>\n&#8230;<br \/>\n<em>Die gro\u00dfe Liste der Klima-Kehrtwenden<\/em><br \/>\nHinter der pl\u00f6tzlichen Klima-Kehrtwende stecken mehrere Gr\u00fcnde. Die anhaltend hohe Nachfrage nach fossilen Energietr\u00e4gern, die schleppende Energiewende, politische Widerst\u00e4nde gegen Klimaschutzma\u00dfnahmen und die mangelnde Wirtschaftlichkeit gr\u00fcner Technologien f\u00fchren dazu, dass viele Unternehmen, Banken und Staaten ihre urspr\u00fcnglichen Klimapl\u00e4ne in gro\u00dfem Stil zur\u00fcckziehen. Ein \u00dcberblick.<br \/>\n&#8230;<br \/>\nEnergiekonzerne<br \/>\n&#8230;<br \/>\n<em>Die Banken<\/em><br \/>\nAuch die Finanzinstitute und Banken sind weltweit eher zur\u00fcckhaltend, was das Thema Klima angeht.<br \/>\n&#8211; Die sechs gr\u00f6\u00dften US-Banken sind aus der sogenannten Net Zero Banking Initiative (NZBA) ausgetreten, dem wichtigsten Klima-B\u00fcndnis der Finanzbranche. Die verbleibenden Banken \u00fcberlegen, die Klima-Anforderungen der Mitglieder zu lockern.<br \/>\n&#8211; <a href=\"https:\/\/www.freiburg-schwarzwald.de\/blog\/agora-klima-blackrock-finanz\/\">Blackrock<\/a> ist aus der Net Zero Asset Management Initiative ausgestiegen, der Klima-Initiative der Verm\u00f6gensverwalter-Branche. Der Austritt f\u00fchrte zur Aufl\u00f6sung der Initiative.<br \/>\n&#8211; Seit dem Pariser Abkommen haben die 60 gr\u00f6\u00dften Banken weltweit fast sieben Billionen US-Dollar in fossile Unternehmen investiert, davon 3,3 Billionen direkt in die Ausweitung der Produktion. Laut dem Bericht \u201eBanking on Climate Chaos\u201c bleibt der Trend zu fossilen Investitionen ungebrochen.<\/p>\n<p><em>Die Staaten<\/em><br \/>\n&#8211; USA: Die USA wollen aus dem Pariser Klimaabkommen aussteigen, planen K\u00fcrzungen im Klimaschutzhaushalt, in der Forschung und bei der internationalen Klimafinanzierung.<br \/>\n&#8211; EU: Noch gilt die EU als ambitionierte Klimamacht. Doch inzwischen wird das ehrgeizige Herzst\u00fcck, der Green Deal, aufgeweicht. Dazu geh\u00f6ren die Verschiebung der Pkw-Flottengrenzwerte und Diskussionen \u00fcber eine Verz\u00f6gerung des Emissionshandels 2, was zu h\u00f6heren CO2-Emissionen f\u00fchrt und die Klimafinanzierung gef\u00e4hrdet.<br \/>\n&#8211; China: Ambitionierte Klimaziele fehlen weiterhin. Auch China hinkt mit seinen Dekarbonisierungspl\u00e4nen hinterher und bremst damit den globalen Klimaschutz.<br \/>\n&#8230;<br \/>\n&#8230; Alles vom 24.3.2025 von Jacqueline Arend bitte lesen auf<br \/>\n<a href=\"https:\/\/www.focus.de\/earth\/bp-shell-blackrock-ploetzlich-vollziehen-die-weltgroessten-konzerne-eine-radikale-klima-abkehr_40cf1d76-35c4-482e-8bad-ccb74b6d61e1.html\">https:\/\/www.focus.de\/earth\/bp-shell-blackrock-ploetzlich-vollziehen-die-weltgroessten-konzerne-eine-radikale-klima-abkehr_40cf1d76-35c4-482e-8bad-ccb74b6d61e1.html<\/a><\/p>\n","protected":false},"excerpt":{"rendered":"<p>Home &gt;Energie &gt;Energiewende &gt;Energiewende-gescheitert &gt;Energiekonzerne Listenauswahl eines Beitrags: Bitte anklicken oder runterscrollen Fuest: &#8222;Energieintensive Industrie hat keine Zukunft bei uns&#8220; (13.3.2026) Oliven oder Solarstrom: Natur zerst\u00f6ren, um Klima zu retten (25.3.2025) Pl\u00f6tzlich vollziehen die weltgr\u00f6\u00dften Konzerne eine radikale Klima-Abkehr (24.3.2025) &hellip; <a href=\"https:\/\/www.freiburg-schwarzwald.de\/blog\/energie\/energiekonzerne\/\">Weiterlesen <span class=\"meta-nav\">&rarr;<\/span><\/a><\/p>\n","protected":false},"author":2,"featured_media":0,"parent":15,"menu_order":0,"comment_status":"closed","ping_status":"closed","template":"","meta":{"footnotes":""},"class_list":["post-132156","page","type-page","status-publish","hentry"],"_links":{"self":[{"href":"https:\/\/www.freiburg-schwarzwald.de\/blog\/wp-json\/wp\/v2\/pages\/132156","targetHints":{"allow":["GET"]}}],"collection":[{"href":"https:\/\/www.freiburg-schwarzwald.de\/blog\/wp-json\/wp\/v2\/pages"}],"about":[{"href":"https:\/\/www.freiburg-schwarzwald.de\/blog\/wp-json\/wp\/v2\/types\/page"}],"author":[{"embeddable":true,"href":"https:\/\/www.freiburg-schwarzwald.de\/blog\/wp-json\/wp\/v2\/users\/2"}],"replies":[{"embeddable":true,"href":"https:\/\/www.freiburg-schwarzwald.de\/blog\/wp-json\/wp\/v2\/comments?post=132156"}],"version-history":[{"count":5,"href":"https:\/\/www.freiburg-schwarzwald.de\/blog\/wp-json\/wp\/v2\/pages\/132156\/revisions"}],"predecessor-version":[{"id":146716,"href":"https:\/\/www.freiburg-schwarzwald.de\/blog\/wp-json\/wp\/v2\/pages\/132156\/revisions\/146716"}],"up":[{"embeddable":true,"href":"https:\/\/www.freiburg-schwarzwald.de\/blog\/wp-json\/wp\/v2\/pages\/15"}],"wp:attachment":[{"href":"https:\/\/www.freiburg-schwarzwald.de\/blog\/wp-json\/wp\/v2\/media?parent=132156"}],"curies":[{"name":"wp","href":"https:\/\/api.w.org\/{rel}","templated":true}]}}