{"id":132032,"date":"2025-03-22T18:28:02","date_gmt":"2025-03-22T17:28:02","guid":{"rendered":"https:\/\/www.freiburg-schwarzwald.de\/blog\/?page_id=132032"},"modified":"2025-11-17T14:24:07","modified_gmt":"2025-11-17T13:24:07","slug":"friedensgebot","status":"publish","type":"page","link":"https:\/\/www.freiburg-schwarzwald.de\/blog\/engagement\/zukunft\/frieden\/friedensgebot\/","title":{"rendered":"Friedensgebot"},"content":{"rendered":"<p>Home &gt;<a title=\"Zukunft\" href=\"https:\/\/www.freiburg-schwarzwald.de\/blog\/engagement\/zukunft\/\">Zukunft<\/a>\u00a0&gt;<a href=\"https:\/\/www.freiburg-schwarzwald.de\/blog\/engagement\/zukunft\/frieden\/\">Frieden<\/a>\u00a0&gt;<a href=\"https:\/\/www.freiburg-schwarzwald.de\/blog\/engagement\/zukunft\/frieden\/pazifismus\/\">Pazifismus<\/a> &gt;<a href=\"https:\/\/www.freiburg-schwarzwald.de\/blog\/engagement\/zukunft\/frieden\/friedensbewegung2-0\/\">Friedensbewegung2-0<\/a>\u00a0&gt;Friedensgebot<\/p>\n<div id=\"attachment_131565\" style=\"width: 650px\" class=\"wp-caption alignnone\"><a href=\"https:\/\/www.freiburg-schwarzwald.de\/blog\/wp-content\/uploads\/2025\/03\/meer-lalonde7oliven-pan250220.jpg\"><img loading=\"lazy\" decoding=\"async\" aria-describedby=\"caption-attachment-131565\" class=\"size-full wp-image-131565\" src=\"https:\/\/www.freiburg-schwarzwald.de\/blog\/wp-content\/uploads\/2025\/03\/meer-lalonde7oliven-pan250220.jpg\" alt=\"\" width=\"640\" height=\"357\" srcset=\"https:\/\/www.freiburg-schwarzwald.de\/blog\/wp-content\/uploads\/2025\/03\/meer-lalonde7oliven-pan250220.jpg 640w, https:\/\/www.freiburg-schwarzwald.de\/blog\/wp-content\/uploads\/2025\/03\/meer-lalonde7oliven-pan250220-180x100.jpg 180w\" sizes=\"auto, (max-width: 640px) 100vw, 640px\" \/><\/a><p id=\"caption-attachment-131565\" class=\"wp-caption-text\">Oliven-Plantage in la Londe zwischen Hyeres und Le Lavandou am 25.2.2025<\/p><\/div>\n<ul>\n<li><em>Listenauswahl eines Beitrags (Artikel\/Datum, Seite\/Inhalt):\u00a0<span style=\"text-decoration: underline;\">Klicken<\/span>\u00a0oder scrollen<\/em><\/li>\n<li><a href=\"https:\/\/www.freiburg-schwarzwald.de\/blog\/engagement\/zukunft\/frieden\/friedenstuechtig\/\">Fabian Scheidler: Friedenst\u00fcchtig<\/a>\u00a0(17.11.2025)<\/li>\n<li><a href=\"https:\/\/www.freiburg-schwarzwald.de\/blog\/spd-manifest-friedenssicherung\/\">SPD-Manifest Friedenssicherung<\/a>\u00a0(14.6.2025)<\/li>\n<li><a href=\"https:\/\/www.freiburg-schwarzwald.de\/blog\/kriegsende-8-mai-1945-erinnern\/\">Kriegsende 8. Mai 1945 erinnern<\/a> (10.5.2025)<\/li>\n<li><a href=\"https:\/\/www.freiburg-schwarzwald.de\/blog\/global\/usa\/ramstein\/\">Friedenswoche StoppRamstein 22. bis 29.6.2025<\/a>\u00a0(1.5.2025)<\/li>\n<li><a href=\"https:\/\/www.freiburg-schwarzwald.de\/blog\/wadephul-loest-baerbock-ab\/\">Wadephul l\u00f6st Baerbock ab<\/a>\u00a0(30.4.2025)<\/li>\n<li><a href=\"https:\/\/www.freiburg-schwarzwald.de\/blog\/engagement\/zukunft\/krieg\/kriegstuechtig\/\">Kriegst\u00fcchtigkeit \u2013 die gro\u00dfe L\u00fcge!<\/a>\u00a0(28.3.2025)<\/li>\n<li><a href=\"https:\/\/www.freiburg-schwarzwald.de\/blog\/european-peace-project-9-mai\/\">European Peace Project 9. Mai<\/a>\u00a0(31.3.2025)<\/li>\n<li><a href=\"https:\/\/www.freiburg-schwarzwald.de\/blog\/engagement\/zukunft\/frieden\/friedensbewegung2-0\/\">Leo Ensel: Eine neue Friedensbewegung \u2014 as soon as possible!<\/a> (22.3.2025)<\/li>\n<li>Von Friedensgebot zu Kriegst\u00fcchtigkeit: Deutschlands neue \u00c4ra (21.3.2025)<\/li>\n<li><\/li>\n<li><a href=\"https:\/\/www.freiburg-schwarzwald.de\/blog\/global\/eu\/eu-krieg\/\">EU-Krieg<\/a><\/li>\n<li><a href=\"https:\/\/www.freiburg-schwarzwald.de\/blog\/engagement\/zukunft\/frieden\/friedenstuechtig\/\">friedenst\u00fcchtig<\/a><\/li>\n<li><a href=\"https:\/\/www.freiburg-schwarzwald.de\/blog\/engagement\/zukunft\/krieg\/kriegstuechtig\/\">kriegst\u00fcchtig<\/a><\/li>\n<\/ul>\n<p>Das Friedensgebot ist im Deutschen <a href=\"https:\/\/www.freiburg-schwarzwald.de\/blog\/engagement\/zukunft\/demokratie\/grundgesetz\/\">Grundgesetz<\/a> verankert<br \/>\n==========================================================<\/p>\n<p>&nbsp;<\/p>\n<p><strong>Von Friedensgebot zu Kriegst\u00fcchtigkeit: Deutschlands neue \u00c4ra<\/strong><br \/>\n&#8230;<br \/>\n&#8222;Deutschland und Europa brauchen nicht Kriegst\u00fcchtigkeit, sondern Friedenst\u00fcchtigkeit; das ist die Lehre aus der europ\u00e4ischen Geschichte. &#8230; Der Frieden ist n\u00e4mlich keine Leerformel, kein F\u00fcllwort oder Schmuckvokabel. Es ist das tragende Prinzip der Verfassung.&#8220; Heribert Prantl, Den Frieden gewinnen, Heyne 2024, S.57<br \/>\n&#8230;<br \/>\nDas Friedensgebot fordert Friedensf\u00e4higkeit \u2013 &#8222;Gemeinsame Sicherheit&#8220; als Wegweiser<br \/>\nDie Palme-Kommission von 1982, an der neunzehn bedeutende Politiker und Fachleute aus Ost und West, Nord und S\u00fcd, darunter der fr\u00fchere deutsche Bundesminister und Abr\u00fcstungsexperte <a href=\"https:\/\/www.freiburg-schwarzwald.de\/blog\/engagement\/zukunft\/demokratie\/entspannungspolitik\/\">Egon Bahr<\/a>, mitgewirkt haben, hat in der Hochphase des Kalten Krieges die lebensbedrohlichen Konsequenzen der nuklearen Abschreckungsdoktrin eingehend analysiert und daraus bemerkenswerte Schlussfolgerungen gezogen, die sie in einem Alternativ-Konzept &#8222;gemeinsamer Sicherheit&#8220; zusammengefasst hat:<br \/>\n&#8222;In der heutigen Zeit kann Sicherheit nicht einseitig erlangt werden. Wir leben in einer Welt, deren \u00f6konomische, politische, kulturelle und vor allem milit\u00e4rische Strukturen im zunehmenden Ma\u00dfe voneinander abh\u00e4ngig sind. Die Sicherheit der eigenen Nation l\u00e4sst sich nicht auf Kosten anderer Nationen erkaufen.&#8220;<br \/>\nDer Palme-Bericht zur &#8222;Gemeinsamen Sicherheit&#8220; ist in seinen Empfehlungen besonders in Krisenzeiten wegweisend. Er forderte die R\u00fcckkehr zu Verhandlungen \u00fcber R\u00fcstungskontrolle und Abr\u00fcstung. Auch wenn in der aktuellen Lage die Revitalisierung dieses Konzepts schwierig erscheint, w\u00e4re &#8222;Gemeinsame Sicherheit&#8220; ein Konzept, das nachhaltigen Frieden und Klimagerechtigkeit bef\u00f6rdern k\u00f6nnte.<br \/>\n&#8230;<br \/>\nDas Friedensgebot des Grundgesetzes und die UN-Charta sind das Fundament einer Friedenspolitik, die f\u00fcr die Bundesrepublik Deutschland und die zuk\u00fcnftige Bundesregierung Leitlinie sein sollte.<br \/>\n&#8230; Alles vom 21.3.2025 bitte lesen auf<br \/>\n<a href=\"https:\/\/www.telepolis.de\/features\/Von-Friedensgebot-zu-Kriegstuechtigkeit-Deutschlands-neue-Aera-10322578.html\">https:\/\/www.telepolis.de\/features\/Von-Friedensgebot-zu-Kriegstuechtigkeit-Deutschlands-neue-Aera-10322578.html<\/a><br \/>\n.<br \/>\n<em>Rolf Bader, geb. 1950, Diplom-P\u00e4dagoge, ehem. Offizier der Bundeswehr, ehem. Gesch\u00e4ftsf\u00fchrer der Deutschen Sektion der Internationalen \u00c4rzte:innen f\u00fcr die Verh\u00fctung des Atomkrieges\/\u00c4rzte:innen in sozialer Verantwortung e.V. (<a href=\"https:\/\/www.freiburg-schwarzwald.de\/blog\/vereine\/ippnw\/\">IPPNW<\/a>)<\/em><\/p>\n","protected":false},"excerpt":{"rendered":"<p>Home &gt;Zukunft\u00a0&gt;Frieden\u00a0&gt;Pazifismus &gt;Friedensbewegung2-0\u00a0&gt;Friedensgebot Listenauswahl eines Beitrags (Artikel\/Datum, Seite\/Inhalt):\u00a0Klicken\u00a0oder scrollen Fabian Scheidler: Friedenst\u00fcchtig\u00a0(17.11.2025) SPD-Manifest Friedenssicherung\u00a0(14.6.2025) Kriegsende 8. Mai 1945 erinnern (10.5.2025) Friedenswoche StoppRamstein 22. bis 29.6.2025\u00a0(1.5.2025) Wadephul l\u00f6st Baerbock ab\u00a0(30.4.2025) Kriegst\u00fcchtigkeit \u2013 die gro\u00dfe L\u00fcge!\u00a0(28.3.2025) European Peace Project 9. Mai\u00a0(31.3.2025) Leo &hellip; <a href=\"https:\/\/www.freiburg-schwarzwald.de\/blog\/engagement\/zukunft\/frieden\/friedensgebot\/\">Weiterlesen <span class=\"meta-nav\">&rarr;<\/span><\/a><\/p>\n","protected":false},"author":2,"featured_media":0,"parent":31375,"menu_order":0,"comment_status":"closed","ping_status":"closed","template":"","meta":{"footnotes":""},"class_list":["post-132032","page","type-page","status-publish","hentry"],"_links":{"self":[{"href":"https:\/\/www.freiburg-schwarzwald.de\/blog\/wp-json\/wp\/v2\/pages\/132032","targetHints":{"allow":["GET"]}}],"collection":[{"href":"https:\/\/www.freiburg-schwarzwald.de\/blog\/wp-json\/wp\/v2\/pages"}],"about":[{"href":"https:\/\/www.freiburg-schwarzwald.de\/blog\/wp-json\/wp\/v2\/types\/page"}],"author":[{"embeddable":true,"href":"https:\/\/www.freiburg-schwarzwald.de\/blog\/wp-json\/wp\/v2\/users\/2"}],"replies":[{"embeddable":true,"href":"https:\/\/www.freiburg-schwarzwald.de\/blog\/wp-json\/wp\/v2\/comments?post=132032"}],"version-history":[{"count":6,"href":"https:\/\/www.freiburg-schwarzwald.de\/blog\/wp-json\/wp\/v2\/pages\/132032\/revisions"}],"predecessor-version":[{"id":141650,"href":"https:\/\/www.freiburg-schwarzwald.de\/blog\/wp-json\/wp\/v2\/pages\/132032\/revisions\/141650"}],"up":[{"embeddable":true,"href":"https:\/\/www.freiburg-schwarzwald.de\/blog\/wp-json\/wp\/v2\/pages\/31375"}],"wp:attachment":[{"href":"https:\/\/www.freiburg-schwarzwald.de\/blog\/wp-json\/wp\/v2\/media?parent=132032"}],"curies":[{"name":"wp","href":"https:\/\/api.w.org\/{rel}","templated":true}]}}