{"id":132005,"date":"2025-03-22T13:18:33","date_gmt":"2025-03-22T12:18:33","guid":{"rendered":"https:\/\/www.freiburg-schwarzwald.de\/blog\/?page_id=132005"},"modified":"2026-02-12T16:43:15","modified_gmt":"2026-02-12T15:43:15","slug":"juden-in-freiburg","status":"publish","type":"page","link":"https:\/\/www.freiburg-schwarzwald.de\/blog\/religion\/juden\/juden-in-freiburg\/","title":{"rendered":"Juden-in-Freiburg"},"content":{"rendered":"<p>Home &gt;<a title=\"Religion\" href=\"https:\/\/www.freiburg-schwarzwald.de\/blog\/religion\/\">Religion<\/a>\u00a0&gt;<a title=\"Juden\" href=\"https:\/\/www.freiburg-schwarzwald.de\/blog\/religion\/juden\/\">Juden<\/a> &gt;<a href=\"https:\/\/www.freiburg-schwarzwald.de\/blog\/religion\/juden\/juedisches-leben\/\">J\u00fcdisches-Leben<\/a> &gt;Juden-in-Freiburg<\/p>\n<div id=\"attachment_123545\" style=\"width: 649px\" class=\"wp-caption alignnone\"><a href=\"https:\/\/www.freiburg-schwarzwald.de\/blog\/wp-content\/uploads\/2024\/05\/israel-hamas-ueberfall7-10-2023-Freiburg-pan240513.jpg\"><img loading=\"lazy\" decoding=\"async\" aria-describedby=\"caption-attachment-123545\" class=\"size-full wp-image-123545\" src=\"https:\/\/www.freiburg-schwarzwald.de\/blog\/wp-content\/uploads\/2024\/05\/israel-hamas-ueberfall7-10-2023-Freiburg-pan240513.jpg\" alt=\"\" width=\"639\" height=\"359\" srcset=\"https:\/\/www.freiburg-schwarzwald.de\/blog\/wp-content\/uploads\/2024\/05\/israel-hamas-ueberfall7-10-2023-Freiburg-pan240513.jpg 639w, https:\/\/www.freiburg-schwarzwald.de\/blog\/wp-content\/uploads\/2024\/05\/israel-hamas-ueberfall7-10-2023-Freiburg-pan240513-180x101.jpg 180w\" sizes=\"auto, (max-width: 639px) 100vw, 639px\" \/><\/a><p id=\"caption-attachment-123545\" class=\"wp-caption-text\">Am Jom haZikaron 13.5.2024 in Freiburg: 1500 Opfer-Namen des Hamas-\u00dcberfalls vom 7.10.2023 vorgelesen<\/p><\/div>\n<ul>\n<li><em>Listenauswahl eines Beitrags: Bitte <span style=\"text-decoration: underline;\">anklicken<\/span> oder runterscrollen<\/em><\/li>\n<li><a href=\"https:\/\/www.freiburg-schwarzwald.de\/blog\/freiburg-tel-aviv-yafo-10-jahre\/\">Freiburg \u2013 Tel Aviv-Yafo 10 Jahre<\/a>\u00a0(12.2.2026)<\/li>\n<li><a href=\"https:\/\/www.freiburg-schwarzwald.de\/blog\/global\/israel\/israel2013\/telaviv-yafo\/\">Besch\u00e4mend: Freiburg als Partnerstadt von TelAviv zeigte sich bedeckt bis gar nicht<\/a>\u00a0(10.2.2026)<\/li>\n<li><a href=\"https:\/\/www.freiburg-schwarzwald.de\/blog\/global\/deutschland\/deutschland-juden\/\">SC Freiburg gegen Tel Aviv: So ordnet der Vizepr\u00e4sident von Makkabi Deutschland das Spiel ein<\/a>\u00a0(17.1.2026)<\/li>\n<li>J\u00fcdische Literaturtage in Freiburg 18.-22.1.2026: F\u00fcnf Tage Literatur und Musik (15.1.2026)<\/li>\n<li>Nach Sydney: J\u00fcdische Gemeinden in Freiburg halten an ihren Chanukkafeiern fest (16.12.2025)<\/li>\n<li>J\u00fcdisches Leben ist auch in Freiburg nur noch mit Polizeischutz m\u00f6glich (11.11.2025)<\/li>\n<li><a href=\"https:\/\/www.freiburg-schwarzwald.de\/blog\/regio\/freiburg\/wiehre\/\">Alter Wiehrebahnhof beschmiert: Antisemitismus \u2013 Antizionismus<\/a>\u00a0(21.10.2025)<\/li>\n<li>Polizei ermittelt nach Eierw\u00fcrfen auf israelisches Restaurant Jaffa in Freiburg (20.7.2025)<\/li>\n<li><a href=\"https:\/\/www.freiburg-schwarzwald.de\/blog\/kultur\/erinnerungskultur\/\">Um wessen Erinnerungen geht es eigentlich<\/a> (13.5.2025)<\/li>\n<li>Beinahe-Eklat bei Er\u00f6ffnung des Freiburger NS-Dokuzentrums: Es fehlt wieder mal der Weitblick (21.3.2025)<\/li>\n<li>Freiburger NS-Dokuzentrum wird eingeweiht \u2013 allerdings mit holpriger Vorgeschichte (20.3.2025)<\/li>\n<li><a href=\"https:\/\/www.freiburg-schwarzwald.de\/blog\/global\/deutschland\/deutschland-hamas\/\">Pro-Pal\u00e4stina-Protestcamp an Uni Freiburg<\/a> (4.7.2024)<\/li>\n<li><a href=\"https:\/\/www.freiburg-schwarzwald.de\/blog\/israel-gedenken-12-13mai-in-fr\/\">Israel: Gedenken 12-13-Mai-in FR<\/a> (14.5.2024)<\/li>\n<li><a href=\"https:\/\/www.freiburg-schwarzwald.de\/blog\/religion\/juden\/juedisches-leben\/\">Diamantene Hochzeit: Felix und Heidi Rottberger, j\u00fcdischer Friedhof Freiburg<\/a> (25.9.2023)<\/li>\n<li><a href=\"https:\/\/www.freiburg-schwarzwald.de\/blog\/religion\/juden\/juedisches-leben\/\">Was der j\u00fcdische Friedhof in Freiburg mit \u201cM\u00e4rchen aus 1001 Nacht\u201d zu tun hat<\/a>\u00a0 (7.9.2020)<\/li>\n<li><a href=\"https:\/\/www.freiburg-schwarzwald.de\/blog\/religion\/juden\/juedisches-leben\/\">Herbolzheim versagte eine DIA-Veranstaltung \u00fcber Theodor Herzl<\/a> (6.9.2020)<\/li>\n<li><a href=\"https:\/\/www.freiburg-schwarzwald.de\/blog\/regio\/freiburg\/platz-der-alten-synagoge\/\">Demo von \u201ePal\u00e4stina spricht\u201c: Der komplett falsche Ort<\/a> (21.8.2020)<\/li>\n<li><a href=\"https:\/\/www.freiburg-schwarzwald.de\/blog\/religion\/juden\/stolpersteine\/\">Stolpersteine f\u00fcr den Philosophen Edmund Husserl<\/a> (24.4.2013)<\/li>\n<li><a href=\"https:\/\/www.freiburg-schwarzwald.de\/littenweiler\/kunst1.htm#Stolpersteine%20-%20200%20Erinnerungen%20in%20Freiburg\">https:\/\/www.freiburg-schwarzwald.de\/littenweiler\/kunst1.htm#Stolpersteine%20-%20200%20Erinnerungen%20in%20Freiburg<\/a> (26.7.2004)<\/li>\n<li><a href=\"https:\/\/www.freiburg-schwarzwald.de\/littenweiler\/nachdenken.htm#Stolpersteine%20in%20Freiburg%20gegen%20das%20Vergessen\">https:\/\/www.freiburg-schwarzwald.de\/littenweiler\/nachdenken.htm#Stolpersteine%20in%20Freiburg%20gegen%20das%20Vergessen<\/a> (23.10.2002)<\/li>\n<li><\/li>\n<li><a title=\"Antisemitismus\" href=\"https:\/\/www.freiburg-schwarzwald.de\/blog\/religion\/juden\/antisemitismus\/\">Antisemitismus<\/a><\/li>\n<li><a href=\"https:\/\/www.freiburg-schwarzwald.de\/blog\/kultur\/erinnerungskultur\/\">Erinnerungskultur<\/a><\/li>\n<li><a title=\"Erinnerungsorte\" href=\"https:\/\/www.freiburg-schwarzwald.de\/blog\/regio\/heimat\/geschichte\/erinnerungsorte\/\">Erinnerungsorte<\/a><\/li>\n<li><a href=\"https:\/\/www.freiburg-schwarzwald.de\/blog\/global\/israel\/90800-2\/\">Gaza<\/a><\/li>\n<li><a title=\"Halle09Okt2019\" href=\"https:\/\/www.freiburg-schwarzwald.de\/blog\/engagement\/zukunft\/demokratie\/halle09okt2019\/\">Halle09Okt2019<\/a><\/li>\n<li><a title=\"Holocaust-Education\" href=\"https:\/\/www.freiburg-schwarzwald.de\/blog\/bildung\/holocaust-education\/\">Holocaust Education<\/a><\/li>\n<li><a title=\"Islam-Antisemitismus\" href=\"https:\/\/www.freiburg-schwarzwald.de\/blog\/religion\/islam\/islam-antisemitismus\/\">Islam-Antisemitismus<\/a><\/li>\n<li><a title=\"Israel\" href=\"https:\/\/www.freiburg-schwarzwald.de\/blog\/global\/israel\/\">Israel<\/a><\/li>\n<li><a href=\"https:\/\/www.freiburg-schwarzwald.de\/blog\/global\/israel\/israel2013\/\">Israel2013<\/a><\/li>\n<li><a href=\"https:\/\/www.freiburg-schwarzwald.de\/blog\/global\/israel\/israel2019\/\">Israel2019<\/a><\/li>\n<li><a href=\"https:\/\/www.freiburg-schwarzwald.de\/blog\/global\/israel\/israel7-10-2023\/\">Israel7-10-2023<\/a><\/li>\n<li><a href=\"https:\/\/www.freiburg-schwarzwald.de\/blog\/global\/israel\/israel-geschichte\/\">Israel-Geschichte<\/a><\/li>\n<li><a href=\"https:\/\/www.freiburg-schwarzwald.de\/jerusalem\">Jerusalem \u2013 Jerusalem<\/a>\u00a0&gt;Jerusalem<\/li>\n<li><a title=\"J\u00fcdisches-Leben\" href=\"https:\/\/www.freiburg-schwarzwald.de\/blog\/religion\/juden\/juedisches-leben\/\">J\u00fcdisches-Leben<\/a><\/li>\n<li><a href=\"https:\/\/www.freiburg-schwarzwald.de\/blog\/religion\/juden\/judenhass2021\/\">Judenhass2021<\/a><\/li>\n<li><a title=\"Kunstfreiheit\" href=\"https:\/\/www.freiburg-schwarzwald.de\/blog\/kultur\/kunst\/kunstfreiheit\/\">Kunstfreiheit<\/a><\/li>\n<\/ul>\n<ul>\n<li><a href=\"https:\/\/www.freiburg-schwarzwald.de\/gurs.htm#Mahnmal-projekt.de\">Mahnmal-projekt.de<\/a>\u00a0&gt;Gurs<\/li>\n<li><a title=\"Merkel-Deutschland\" href=\"https:\/\/www.freiburg-schwarzwald.de\/blog\/global\/deutschland\/merkel-deutschland\/\">Merkel-Deutschland<\/a><\/li>\n<li><a title=\"Nazi\" href=\"https:\/\/www.freiburg-schwarzwald.de\/blog\/religion\/juden\/nazi\/\">Nazi<\/a><\/li>\n<li><a href=\"https:\/\/www.freiburg-schwarzwald.de\/blog\/regio\/freiburg\/platz-der-alten-synagoge\/\">Platz-der-alten-Synagoge<\/a><\/li>\n<li><a title=\"Post-Demokratie\" href=\"https:\/\/www.freiburg-schwarzwald.de\/blog\/engagement\/zukunft\/demokratie\/post-demokratie\/\">Post-Demokratie<\/a><\/li>\n<li><a title=\"Rassismus\" href=\"https:\/\/www.freiburg-schwarzwald.de\/blog\/engagement\/rassismus\/\">Rassismus<\/a><\/li>\n<li><a href=\"https:\/\/www.freiburg-schwarzwald.de\/blog\/religion\/juden\/stolpersteine\/\">Stolpersteine<\/a><\/li>\n<li><a title=\"TelAviv\" href=\"https:\/\/www.freiburg-schwarzwald.de\/blog\/global\/twintowns\/telaviv\/\">Tel Aviv \u2013 Freiburg<\/a><\/li>\n<\/ul>\n<p>&nbsp;<\/p>\n<h5><a href=\"https:\/\/www.freiburg-schwarzwald.de\/blog\/wp-content\/uploads\/2025\/11\/syngoge-freiburg-1900.jpg\"><img loading=\"lazy\" decoding=\"async\" class=\"alignnone size-thumbnail wp-image-141285\" src=\"https:\/\/www.freiburg-schwarzwald.de\/blog\/wp-content\/uploads\/2025\/11\/syngoge-freiburg-1900-180x136.jpg\" alt=\"\" width=\"180\" height=\"136\" srcset=\"https:\/\/www.freiburg-schwarzwald.de\/blog\/wp-content\/uploads\/2025\/11\/syngoge-freiburg-1900-180x136.jpg 180w, https:\/\/www.freiburg-schwarzwald.de\/blog\/wp-content\/uploads\/2025\/11\/syngoge-freiburg-1900-640x482.jpg 640w, https:\/\/www.freiburg-schwarzwald.de\/blog\/wp-content\/uploads\/2025\/11\/syngoge-freiburg-1900-768x578.jpg 768w, https:\/\/www.freiburg-schwarzwald.de\/blog\/wp-content\/uploads\/2025\/11\/syngoge-freiburg-1900.jpg 980w\" sizes=\"auto, (max-width: 180px) 100vw, 180px\" \/><\/a>\u00a0 \u00a0 Synagoge Freiburg um 1900<\/h5>\n<p>&nbsp;<\/p>\n<p><strong>J\u00fcdische Literaturtage in Freiburg 18.-22.1.2026: F\u00fcnf Tage Literatur und Musik<\/strong><br \/>\nDie Buchhandlung zum Wetzstein in der Salzstra\u00dfe l\u00e4dt vom 18. bis 22. Januar zu den J\u00fcdischen Literaturtagen ein. Die Reihe beginnt am Sonntag, 18. Januar, 11 Uhr, mit einer Matinee, bei der Ektoras Tartanis, Komponist und Chefdirigent der Niederbayerischen Philharmonie, neue Vertonungen von Gedichten Paul Celans am Klavier pr\u00e4sentiert. Begleitend wird eine kleine Ausstellung mit Fotografien der Berliner Nova Exhibition und Bildern von Orten nach dem Terroranschlag in Israel vom 7. Oktober 2023 gezeigt<br \/>\nAm Montag, 19. Januar, 19 Uhr, steht die Neuauflage der Autobiografie &#8222;Unter einem fremden Stern&#8220; von Lotte Paepcke im Mittelpunkt. Susanne Bader und Bj\u00f6rn Siller sprechen mit Ursula Paepcke, der Enkelin der Autorin, \u00fcber das Buch und die Lebensgeschichte.<br \/>\nAm Dienstag, 20. Januar, gibt es ab 12.30 Uhr eine musikalische Mittagspause mit Studierenden der Musikhochschule und Lesungen j\u00fcdischer Lyrik. Ab 19 Uhr stellt Matthias Brandis sein Buch &#8222;Margarete&#8220; vor. Am Mittwoch, 21. Januar, 19 Uhr, ist Dana von Suffrin zu Gast und spricht \u00fcber ihre Romane sowie j\u00fcdisches Leben in Deutschland. Den Abschluss bildet am Donnerstag, 22. Januar, 19 Uhr, Ahmad Milad Karimi mit &#8222;Die Sch\u00f6nheit des Judentums&#8220;.<br \/>\n&#8230; Alles vom 15.1.2026 bitte lesen auf<br \/>\n<a href=\"https:\/\/www.badische-zeitung.de\/juedische-literaturtage-in-freiburg-fuenf-tage-literatur-und-musik\">https:\/\/www.badische-zeitung.de\/juedische-literaturtage-in-freiburg-fuenf-tage-literatur-und-musik<\/a><br \/>\nVerbindliche Anmeldungen: 0761\/33999 oder <a href=\"mailto:post@zum-wetzstein.de\">post@zum-wetzstein.de<\/a>.<\/p>\n<p>&nbsp;<\/p>\n<p><strong>Nach Sydney: J\u00fcdische Gemeinden in Freiburg halten an ihren Chanukkafeiern fest<\/strong><br \/>\nDie j\u00fcdischen Gemeinden in Freiburg zeigen sich betroffen von dem <a href=\"https:\/\/www.freiburg-schwarzwald.de\/blog\/religion\/islam\/islam-terror\/sydney-chanukka2025dez14\/\">antisemitischen Angriff in Australien<\/a>, trotzdem halten sie an ihren Chanukkafeiern fest. Bei einem Angriff auf eine Chanukkaveranstaltung am Bondi-Beach bei Sydney am vergangenen Sonntag wurden 16 Teilnehmer ermordet und 40 weitere verletzt. Noch am Sonntag selbst wurde in Freiburg das Lichterfest gefeiert. &#8222;Gerade in solchen Zeiten ist es wichtig, als Gemeinde zusammenzuhalten&#8220;, sagt Nikita Karavaev, Sicherheitsbeauftragter der israelitischen Gemeinde.<br \/>\n&#8230;<\/p>\n<div id=\"attachment_143069\" style=\"width: 649px\" class=\"wp-caption alignnone\"><a href=\"https:\/\/www.freiburg-schwarzwald.de\/blog\/wp-content\/uploads\/2025\/12\/christbaum-channuka-leuchter-FR251210pan.jpg\"><img loading=\"lazy\" decoding=\"async\" aria-describedby=\"caption-attachment-143069\" class=\"size-full wp-image-143069\" src=\"https:\/\/www.freiburg-schwarzwald.de\/blog\/wp-content\/uploads\/2025\/12\/christbaum-channuka-leuchter-FR251210pan.jpg\" alt=\"\" width=\"639\" height=\"428\" srcset=\"https:\/\/www.freiburg-schwarzwald.de\/blog\/wp-content\/uploads\/2025\/12\/christbaum-channuka-leuchter-FR251210pan.jpg 639w, https:\/\/www.freiburg-schwarzwald.de\/blog\/wp-content\/uploads\/2025\/12\/christbaum-channuka-leuchter-FR251210pan-180x121.jpg 180w\" sizes=\"auto, (max-width: 639px) 100vw, 639px\" \/><\/a><p id=\"caption-attachment-143069\" class=\"wp-caption-text\">Christlicher Weihnachtsbaum und j\u00fcdischer Chanukka-Leuchter in Freiburg 12.2025<\/p><\/div>\n<p>Am Europaplatz stehen Weihnachtsbaum und Chanukka-Leuchter nebeneinander. Foto: Markus Wiedemann<br \/>\n.<br \/>\nAuch nach dem Anschlag am 7. Oktober 2023 habe man die \u00f6ffentlichen Chanukkafeiern durchgezogen. Aufgrund der Sicherheitskontrollen am Platz der Alten Synagoge habe es jedoch Schlangen bis zum M\u00fcnsterplatz gegeben. Yakov Gitler, Rabbi der Freiburger Gemeinde der Chabad-Bewegung, sagt, dass die Opfer des Angriffs Kollegen gewesen seien und er zwei von ihnen sogar gekannt habe. Die angegriffene Feier sei ebenfalls von der Chabad-Bewegung organisiert worden.<br \/>\n&#8230; Alles vom 16.12.2025 von Markus Wiedemann bitte lesen auf<br \/>\n<a href=\"https:\/\/www.badische-zeitung.de\/juedische-gemeinden-in-freiburg-halten-an-ihren-chanukkafeiern-fest\">https:\/\/www.badische-zeitung.de\/juedische-gemeinden-in-freiburg-halten-an-ihren-chanukkafeiern-fest<\/a><\/p>\n<p>&nbsp;<\/p>\n<p><strong>J\u00fcdisches Leben ist auch in Freiburg nur noch mit Polizeischutz m\u00f6glich<\/strong><br \/>\n87 Jahre sind seit der Pogromnacht 1938 vergangen \u2013 und der Antisemitismus nimmt zu. Das Gedenken, das dieses Jahr zum ersten Mal im Theater stattfand, war gepr\u00e4gt von dieser be\u00e4ngstigenden Tendenz.<br \/>\n&#8230;<br \/>\nAls seine Gemeinde vor wenigen Wochen Jom Kippur feierte, habe w\u00e4hrend der Gebete eine spontane Pal\u00e4stina-Demo vorbeiziehen wollen, so dass das Gemeindezentrum von allen Sicherheitskr\u00e4ften der Gemeinde gemeinsam mit der Polizei habe gesch\u00fctzt werden m\u00fcssen. Er dankt der Polizei und macht klar: &#8222;Ohne Polizei w\u00e4re j\u00fcdisches Leben in der deutschen Diaspora nicht mehr m\u00f6glich.&#8220;<br \/>\nSeit dem Massaker der Hamas am 7. Oktober vor zwei Jahren, dem gr\u00f6\u00dften antisemitischen Verbrechen seit der Shoah, sei Antisemitismus Alltag und j\u00fcdisches Leben so bedroht wie seit dem Ende des Nationalsozialismus nicht mehr.<br \/>\n&#8230; Alles vom 10.11.2025 von Anja Bochtler bitte lesen auf<br \/>\n<a href=\"https:\/\/www.badische-zeitung.de\/juedisches-leben-ist-auch-in-freiburg-nur-noch-mit-polizeischutz-moeglich\">https:\/\/www.badische-zeitung.de\/juedisches-leben-ist-auch-in-freiburg-nur-noch-mit-polizeischutz-moeglich<\/a><\/p>\n<p>&nbsp;<\/p>\n<p><strong>Polizei ermittelt nach Eierw\u00fcrfen auf israelisches Restaurant Jaffa in Freiburg<\/strong><br \/>\n&#8230; Das Restaurant Jaffa bietet seit Anfang des Jahres israelische Spezialit\u00e4ten an der Waldkircher Stra\u00dfe im Norden Freiburgs an. Immer wieder berichtet Inhaber Aloge, ein syrischer Kurde, von Hatespeech und Anfeindungen.<br \/>\n&#8230; Alles vom 20.7.2025 bitte lesen auf<br \/>\n<a href=\"https:\/\/www.badische-zeitung.de\/polizei-ermittelt-nach-eierwuerfen-auf-israelisches-restaurant-jaffa-in-freiburg\">https:\/\/www.badische-zeitung.de\/polizei-ermittelt-nach-eierwuerfen-auf-israelisches-restaurant-jaffa-in-freiburg<\/a><br \/>\n.<br \/>\n<a href=\"https:\/\/jaffa-freiburg.de\/\">https:\/\/jaffa-freiburg.de\/<\/a><br \/>\n<a href=\"https:\/\/www.facebook.com\/damaskosfreiburg\/?locale=de_DE\">https:\/\/www.facebook.com\/damaskosfreiburg\/?locale=de_DE<\/a><br \/>\n.<br \/>\n<strong>Solidarit\u00e4tskundgebung nach Attacke gegen israelisches Restaurant Jaffa in Freiburg<\/strong><br \/>\n&#8230; Erst vor wenigen Tagen wurde das im Stadtteil Br\u00fchl gelegene israelische Restaurant &#8222;Jaffa&#8220; von Unbekannten mit Eiern beworfen. Am Freitag haben sich nun Unterst\u00fctzer des Gastronomie-Betriebs und seines Inhabers Billal Aloge zu einer Solidarit\u00e4ts-Kundgebung versammelt, organisiert vom Freiburger B\u00fcndnis gegen Antisemitismus. Die Redner und Rednerinnen der unterschiedlichen Gruppierungen verurteilten den Angriff und ordneten ihn als antisemitisch ein. &#8222;Kein Fu\u00dfbreit dem Antisemitismus&#8220;, hie\u00df es dabei immer wieder.<br \/>\nSie gehe immer wieder im Jaffa und auch im Damaskos \u2013 dem zweiten Lokal von Billal Aloge \u2013 essen, berichtete eine Teilnehmerin mit \u00fcbergeworfener Israel-Flagge: &#8222;Es muss doch m\u00f6glich sein, israelische Gerichte in Freiburg anzubieten. Dieser Antisemitismus, das geht nicht!&#8220;<br \/>\n&#8230; Alles vom 26.7.2025 bitte lesen auf<br \/>\n<a href=\"https:\/\/www.badische-zeitung.de\/solidaritaetskundgebung-nach-attacke-gegen-israelisches-restaurant-jaffa-in-freiburg\">https:\/\/www.badische-zeitung.de\/solidaritaetskundgebung-nach-attacke-gegen-israelisches-restaurant-jaffa-in-freiburg<\/a><br \/>\n.<br \/>\n<strong>Anschlag auf Israel-Restaurant Jaffa: Gef\u00e4hrliche Entwicklung<\/strong><br \/>\nIn der Nacht zum 27. Juli wurde das israelische Restaurant &#8222;Jaffa&#8220; mit Eiern beworfen. Der Besitzer Bilal Aloge erhielt bereits im vergangenen Jahr Drohungen, weil er in seinem anderen Restaurant &#8222;Damasko\u2019s&#8220; ein israelisches Gericht anbot. Er lie\u00df es auf der Karte \u2013 ein starkes Zeichen gegen Antisemitismus und f\u00fcr Solidarit\u00e4t mit J\u00fcdinnen und Juden in Deutschland. Diese Vorf\u00e4lle zeigen, wie sich Antisemitismus heute \u00e4u\u00dfert: nicht offen, sondern \u00fcber Umwege unter anderem als sogenannte &#8222;Israelkritik&#8220;.<\/p>\n<p>Das &#8222;Jaffa&#8220; hat keine politische Funktion und wird dennoch zur Zielscheibe, weil es als &#8222;israelisch&#8220; wahrgenommen wird. Das ist weder Zufall noch Kritik, sondern Ausdruck von Hass gegen\u00fcber allem, was als j\u00fcdisch oder israelisch gelesen wird. Die Unterscheidung zwischen beidem wird dabei bewusst verwischt. Und trotzdem wird debattiert, ob es sich hierbei um Antisemitismus handelt und auf die fehlenden Ergebnisse der polizeilichen Ermittlung verwiesen. Die Vergangenheit zeigte jedoch \u2013 man denke nur an den NSU-Komplex \u2013, dass ein blindes Vertrauen in polizeiliche Ermittlungen tr\u00fcgen kann. Das darf uns nicht davon abhalten, fr\u00fchzeitig Haltung zu zeigen und Diskriminierung klar zu benennen. Betroffene haben ein feines Gesp\u00fcr f\u00fcr die Botschaft von Taten.<\/p>\n<p>Seit dem 7. Oktober verzeichnet RIAS einen Anstieg antisemitischer Vorf\u00e4lle um \u00fcber 300 Prozent auf 24 pro Tag. Als Vizepr\u00e4sident von Makkabi Deutschland sehe ich, wie auch unsere Sportler*innen Ziel solcher Feindseligkeit werden. Der Krieg in Israel mag der Anlass sein, aber er ist nicht der Grund. Es ist Ausdruck eines gesellschaftlichen und tief verankerten Antisemitismus. All das ist Teil einer gef\u00e4hrlichen Entwicklung: Vor einigen Wochen hat die Partei &#8222;Die Linke&#8220; mit der Ablehnung der IHRA-Definition einen bedenklichen Schritt getan. Wenn wir anfangen antisemitische Vorf\u00e4lle vorschnell in Frage zu stellen, machen wir im Kampf gegen Antisemitismus einen R\u00fcckschritt. Dabei wird die Wirkung auf die j\u00fcdische Community \u00fcbersehen. Wir haben eine Tat, die zeigt, warum ein gro\u00dfer Teil des j\u00fcdischen Lebens in Deutschland sich hinter Sicherheitsz\u00e4unen und Polizeischutz bewegen muss und eine Debatte, die J\u00fcdinnen und Juden mal wieder alleine l\u00e4sst.<br \/>\n12.8.2025, Jonathan Ben-Shlomo, Freiburg, Vizepr\u00e4sident Makkabi Deutschland, BZ<\/p>\n<p>.<\/p>\n<p><strong>Beinahe-Eklat bei Er\u00f6ffnung des Freiburger NS-Dokuzentrums: Es fehlt wieder mal der Weitblick<\/strong><br \/>\n<em>Die j\u00fcdischen Gemeinden wollten beim Festakt zur Er\u00f6ffnung des NS-Dokumentationszentrums in Freiburg eine Rede halten, durften aber nicht. Einmal mehr sp\u00fcrt man fehlende Sensibilit\u00e4t beim Rathaus<\/em><br \/>\n.<br \/>\nWas auch immer im Vorfeld des Festakts zur Er\u00f6ffnung des NS-Dokumentationszentrums schief lief: Es ist nicht das erste Mal, dass man im Freiburger Rathaus wenig Weitblick und Feingef\u00fchl bei diesem sensiblen Thema an den Tag legt. 2016 wurden bei Bauarbeiten auf dem Platz der Alten Synagoge wenig \u00fcberraschend Mauerreste der von den Nazis zerst\u00f6rten Synagoge entdeckt. Viele, darunter die j\u00fcdischen Gemeinden, forderten einen Baustopp, die Steine m\u00fcssten dort bleiben, wo sie sind. Im Rathaus war man dazu nicht bereit. Heute r\u00e4umt man ein, damals Fehler gemacht zu haben. Wenig sp\u00e4ter das hitzige Hin und Her um den Synagogen-Brunnen, in dem die Menschen plantschten und sich vergn\u00fcgten. Die j\u00fcdischen Gemeinden fanden das \u2013 zurecht \u2013 unangemessen. Bis Abhilfe geschaffen wurde, dauerte es.<br \/>\n.<br \/>\nBeim Festakt h\u00e4tten Repr\u00e4sentanten der j\u00fcdischen Gemeinden gerne eine Ansprache gehalten, sie durften aber nicht beziehungsweise nur kurz, im Kontext einer Gedenkminute, wie andere Opfergruppen auch. Es sind unterschiedliche Auffassungen \u00fcber die Gestaltung des Anlasses: Die j\u00fcdischen Gemeinden finden \u2013 auch das zurecht \u2013, dass ihnen eine herausgehobene Rolle zusteht. Ohne andere NS-Opfer weniger zu w\u00fcrdigen: Der Holocaust, die Ermordung von sechs Millionen Juden, war singul\u00e4r.<br \/>\nNach dem \u00dcberfall der islamistischen Terrororganisation Hamas auf Israel am 7. Oktober 2023 sind Juden weltweit zutiefst verunsichert. Sie sp\u00fcren den wachsenden Antisemitismus und die Bedrohung im Alltag, und sie nehmen das Schweigen dar\u00fcber wahr. &#8222;Viele von uns wurden durch den 7. Oktober verwundet, aber auch durch die Stille danach&#8220;, sagt Ruth Geiss-Friedl\u00e4nder, Vorsitzende der liberalen j\u00fcdischen Gemeinde Chawurah Gescher. Die stumme Welt, die fehlende Solidarit\u00e4t sind Gr\u00fcnde, warum Juden sprechen und geh\u00f6rt werden wollen, zumal bei einem bedeutenden Anlass. Das nicht bedacht und erkannt zu haben, war das gro\u00dfe Vers\u00e4umnis im Rathaus.<br \/>\n&#8230; Alles vom 21.3.2025 von Frank Zimmermann bitte lesen auf<br \/>\n<a href=\"https:\/\/www.badische-zeitung.de\/beinahe-eklat-bei-eroeffnung-des-freiburger-ns-dokuzentrums-es-fehlt-wieder-mal-der-weitblick\">https:\/\/www.badische-zeitung.de\/beinahe-eklat-bei-eroeffnung-des-freiburger-ns-dokuzentrums-es-fehlt-wieder-mal-der-weitblick<\/a><br \/>\n.<br \/>\n<strong>Freiburger NS-Dokuzentrum wird eingeweiht \u2013 allerdings mit holpriger Vorgeschichte<\/strong><br \/>\nDas Dokumentationszentrum Nationalsozialismus in Freiburg ist mit eindrucksvollem Festakt eingeweiht worden. Doch fast h\u00e4tte die Israelitische Gemeinde nicht teilgenommen \u2013 kurz vorher gab es einen Eklat.<br \/>\n&#8230; Alles vom 20.3.2025 von Simone Lutz bitte lesen auf<br \/>\n<a href=\"https:\/\/www.badische-zeitung.de\/freiburger-ns-dokuzentrum-wird-eingeweiht-allerdings-mit-holpriger-vorgeschichte\">https:\/\/www.badische-zeitung.de\/freiburger-ns-dokuzentrum-wird-eingeweiht-allerdings-mit-holpriger-vorgeschichte<\/a><\/p>\n","protected":false},"excerpt":{"rendered":"<p>Home &gt;Religion\u00a0&gt;Juden &gt;J\u00fcdisches-Leben &gt;Juden-in-Freiburg Listenauswahl eines Beitrags: Bitte anklicken oder runterscrollen Freiburg \u2013 Tel Aviv-Yafo 10 Jahre\u00a0(12.2.2026) Besch\u00e4mend: Freiburg als Partnerstadt von TelAviv zeigte sich bedeckt bis gar nicht\u00a0(10.2.2026) SC Freiburg gegen Tel Aviv: So ordnet der Vizepr\u00e4sident von Makkabi &hellip; <a href=\"https:\/\/www.freiburg-schwarzwald.de\/blog\/religion\/juden\/juden-in-freiburg\/\">Weiterlesen <span class=\"meta-nav\">&rarr;<\/span><\/a><\/p>\n","protected":false},"author":2,"featured_media":0,"parent":833,"menu_order":0,"comment_status":"closed","ping_status":"closed","template":"","meta":{"footnotes":""},"class_list":["post-132005","page","type-page","status-publish","hentry"],"_links":{"self":[{"href":"https:\/\/www.freiburg-schwarzwald.de\/blog\/wp-json\/wp\/v2\/pages\/132005","targetHints":{"allow":["GET"]}}],"collection":[{"href":"https:\/\/www.freiburg-schwarzwald.de\/blog\/wp-json\/wp\/v2\/pages"}],"about":[{"href":"https:\/\/www.freiburg-schwarzwald.de\/blog\/wp-json\/wp\/v2\/types\/page"}],"author":[{"embeddable":true,"href":"https:\/\/www.freiburg-schwarzwald.de\/blog\/wp-json\/wp\/v2\/users\/2"}],"replies":[{"embeddable":true,"href":"https:\/\/www.freiburg-schwarzwald.de\/blog\/wp-json\/wp\/v2\/comments?post=132005"}],"version-history":[{"count":5,"href":"https:\/\/www.freiburg-schwarzwald.de\/blog\/wp-json\/wp\/v2\/pages\/132005\/revisions"}],"predecessor-version":[{"id":145660,"href":"https:\/\/www.freiburg-schwarzwald.de\/blog\/wp-json\/wp\/v2\/pages\/132005\/revisions\/145660"}],"up":[{"embeddable":true,"href":"https:\/\/www.freiburg-schwarzwald.de\/blog\/wp-json\/wp\/v2\/pages\/833"}],"wp:attachment":[{"href":"https:\/\/www.freiburg-schwarzwald.de\/blog\/wp-json\/wp\/v2\/media?parent=132005"}],"curies":[{"name":"wp","href":"https:\/\/api.w.org\/{rel}","templated":true}]}}