{"id":131725,"date":"2025-03-14T17:28:53","date_gmt":"2025-03-14T16:28:53","guid":{"rendered":"https:\/\/www.freiburg-schwarzwald.de\/blog\/?page_id=131725"},"modified":"2026-01-09T08:58:17","modified_gmt":"2026-01-09T07:58:17","slug":"nie-wieder-gegen-russland","status":"publish","type":"page","link":"https:\/\/www.freiburg-schwarzwald.de\/blog\/global\/russland\/nie-wieder-gegen-russland\/","title":{"rendered":"Nie-wieder-gegen-Russland"},"content":{"rendered":"<p><a href=\"https:\/\/freiburg-schwarzwald.de\/blog\">Home<\/a> &gt;<a title=\"Demokratie\" href=\"https:\/\/www.freiburg-schwarzwald.de\/blog\/engagement\/zukunft\/demokratie\/\">Demokratie<\/a> &gt;<a title=\"Deutschland\" href=\"https:\/\/www.freiburg-schwarzwald.de\/blog\/global\/deutschland\/\">Deutschland<\/a> &gt;<a href=\"https:\/\/www.freiburg-schwarzwald.de\/blog\/global\/russland\/\">Russland<\/a> &gt;<a href=\"https:\/\/www.freiburg-schwarzwald.de\/blog\/global\/deutschland\/deutschland-russland\/\">Deutschland-Russland<\/a> &gt;Nie-wieder-gegen-Russland<\/p>\n<div id=\"attachment_131576\" style=\"width: 651px\" class=\"wp-caption alignnone\"><a href=\"https:\/\/www.freiburg-schwarzwald.de\/blog\/wp-content\/uploads\/2025\/03\/freie-friedensdemo-freiburg-pan250308.jpg\"><img loading=\"lazy\" decoding=\"async\" aria-describedby=\"caption-attachment-131576\" class=\"size-full wp-image-131576\" src=\"https:\/\/www.freiburg-schwarzwald.de\/blog\/wp-content\/uploads\/2025\/03\/freie-friedensdemo-freiburg-pan250308.jpg\" alt=\"\" width=\"641\" height=\"426\" srcset=\"https:\/\/www.freiburg-schwarzwald.de\/blog\/wp-content\/uploads\/2025\/03\/freie-friedensdemo-freiburg-pan250308.jpg 641w, https:\/\/www.freiburg-schwarzwald.de\/blog\/wp-content\/uploads\/2025\/03\/freie-friedensdemo-freiburg-pan250308-180x120.jpg 180w\" sizes=\"auto, (max-width: 641px) 100vw, 641px\" \/><\/a><p id=\"caption-attachment-131576\" class=\"wp-caption-text\">Friedensdemo am 8.3.2025 in der KaJo in Freiburg<\/p><\/div>\n<ul>\n<li><em>Listenauswahl eines Beitrags (Artikel\/Datum, Seite\/Inhalt):\u00a0<span style=\"text-decoration: underline;\">Klicken<\/span>\u00a0oder scrollen<\/em><\/li>\n<li><a href=\"https:\/\/www.freiburg-schwarzwald.de\/blog\/china-russland-usa-eu-und-d\/\">China Russland USA EU und D<\/a>\u00a0(8.1.2026)<\/li>\n<li><a href=\"https:\/\/www.freiburg-schwarzwald.de\/blog\/interessen-osten-westbindung\/\">Interessen: Osten, Westbindung<\/a>\u00a0(18.11.2025)<\/li>\n<li><a href=\"https:\/\/www.freiburg-schwarzwald.de\/blog\/engagement\/zukunft\/krieg\/soldaten\/\">Warum die Arbeit des Volksbundes Deutscher Kriegsgr\u00e4berf\u00fcrsorge in Russland ins Stocken kommt<\/a>\u00a0(7.11.2025)<\/li>\n<li>Albrecht M\u00fcller: \u201eWir wollen ein Volk der guten Nachbarn sein&#8220; (4.11.2025)<\/li>\n<li><a href=\"https:\/\/www.freiburg-schwarzwald.de\/blog\/global\/russland\/russland-valentina\/\">\u201eValentina, ich sch\u00e4me mich f\u00fcr mein Land!\u201c \u2013 Brief an eine 84j\u00e4hrige Babuschka in der russischen Provinz<\/a>\u00a0(29.10.2025)<\/li>\n<li><a href=\"https:\/\/www.freiburg-schwarzwald.de\/blog\/friedens-statt-kriegstuechtigkeit\/\">Friedens- statt Kriegst\u00fcchtigkeit<\/a>\u00a0(4.4.2025)<\/li>\n<li><a href=\"https:\/\/www.freiburg-schwarzwald.de\/blog\/european-peace-project-9-mai\/\">European Peace Project 9. Mai<\/a>\u00a0(31.3.2025)<\/li>\n<li>Wenn \u201eder Russe\u201c vor der T\u00fcr steht: Neuer Propagandah\u00f6hepunkt im Bl\u00e4tterwald (24.3.2025)<\/li>\n<li>Nie wieder gegen Russland! (14.3.2025)<\/li>\n<li><\/li>\n<li><a href=\"https:\/\/www.freiburg-schwarzwald.de\/blog\/engagement\/buergerinitiativen\/demo\/anti-krieg\/\">Anti-Krieg<\/a><\/li>\n<li><a href=\"https:\/\/www.freiburg-schwarzwald.de\/blog\/engagement\/zukunft\/demokratie\/entspannungspolitik\/\">Entspannungspolitik<\/a><\/li>\n<li><a href=\"https:\/\/www.freiburg-schwarzwald.de\/blog\/global\/russland\/russland-bashing\/\">Russland-Bashing<\/a><\/li>\n<li><a href=\"https:\/\/www.freiburg-schwarzwald.de\/blog\/global\/russland\/russland-valentina\/\">Russland-Valentina<\/a><\/li>\n<li><a href=\"https:\/\/www.freiburg-schwarzwald.de\/blog\/engagement\/zukunft\/krieg\/soldaten\/\">Soldaten<\/a><\/li>\n<li><a href=\"https:\/\/www.freiburg-schwarzwald.de\/blog\/global\/ukraine\/ukraine-russland\/\">Ukraine-Russland<\/a><\/li>\n<\/ul>\n<p>&nbsp;<\/p>\n<p><strong>Albrecht M\u00fcller: \u201eWir wollen ein Volk der guten Nachbarn sein&#8220;<\/strong><br \/>\nEigentlich wollte ich kein Buch mehr schreiben. Dann aber kam Boris Pistorius des Wegs \u2013 mit der Anregung, kriegst\u00fcchtig zu werden. Eine emp\u00f6rende Einlassung, noch dazu von einem, der sich Sozialdemokrat nennt. Ich habe vor langer Zeit f\u00fcr jenen Sozialdemokraten gearbeitet, dessen Hauptbotschaft in seiner ersten Regierungserkl\u00e4rung lautete: \u201eWir wollen ein Volk der guten Nachbarn sein\u201c. So Willy Brandt am 28. Oktober 1969. Albrecht M\u00fcller.<br \/>\nJetzt sollen wir kriegst\u00fcchtig werden, meint der amtierende Verteidigungsminister, auch von der SPD. Unglaublich.<br \/>\nPistorius ist 1960 geboren. Er hat den Zweiten Weltkrieg also nicht mehr erlebt. Ich schon. Ich erinnere mich an zerbombte St\u00e4dte, zum Beispiel an das brennende Mannheim und an das brennende Heilbronn \u2013 beide gerade mal rund 40 Kilometer von meinem Heimatdorf entfernt. Der Nachthimmel war hell erleuchtet. Davon und vom elenden Leben der Ausgebombten, Vertriebenen, Kriegerwitwen und Kinder ohne Vater berichte ich; au\u00dferdem noch von anderen Erfahrungen, aus denen man etwas lernen kann. Dazu geh\u00f6rt als letztes St\u00fcck die Erfindung und der Aufbau der NachDenkSeiten.<br \/>\nNie wieder Krieg! \u2013 So h\u00e4tte das Buch auch hei\u00dfen k\u00f6nnen. Das ist meine Hauptbotschaft.<br \/>\nBitte weiterverbreiten. Den Pistoriussen Paroli bieten.<br \/>\n&#8230; Alles vom 4.11.2025 von Albrecht M\u00fcller bitte lesen auf<br \/>\n<a href=\"https:\/\/www.nachdenkseiten.de\/?p=141553\">https:\/\/www.nachdenkseiten.de\/?p=141553<\/a><br \/>\n.<br \/>\n<em>Albrecht M\u00fcller: \u201eWir wollen ein Volk der guten Nachbarn sein\u201d <\/em><br \/>\n<em>\u2013 Meine Notizen und Lehren aus einem langen Leben. <\/em><br \/>\n<em>Frankfurt am Main 2025, Westend Verlag, 160 Seiten, <\/em><br \/>\n<em>ISBN 978-3987913204, 16 Euro.<\/em><\/p>\n<p>&nbsp;<\/p>\n<p><strong>Wenn \u201eder Russe\u201c vor der T\u00fcr steht: Neuer Propagandah\u00f6hepunkt im Bl\u00e4tterwald<\/strong><br \/>\nWas n\u00fctzt die sch\u00f6nste Schuldenbremse, wenn der Russe vor der T\u00fcr steht? Wir Europ\u00e4er haben doch zugespitzt gesagt nur zwei M\u00f6glichkeiten: \u201eWir k\u00f6nnen uns verteidigen lernen oder alle Russisch lernen\u201c. Diese Worte stammen von Jens Spahn (CDU). Entnommen sind sie einem aktuellen Interview <a href=\"https:\/\/www.faz.net\/aktuell\/politik\/inland\/jens-spahn-lobt-kluge-vorschlaege-der-gruenen-und-ermahnt-schwarz-rot-110349837.html\">https:\/\/www.faz.net\/aktuell\/politik\/inland\/jens-spahn-lobt-kluge-vorschlaege-der-gruenen-und-ermahnt-schwarz-rot-110349837.html<\/a>, das die Frankfurter Allgemeine Zeitung mit dem ehemaligen Gesundheitsminister gef\u00fchrt hat, der sogar schon als kommender Au\u00dfenminister ins Gespr\u00e4ch gebracht wird. Die FAZ zeigt mit dem Beitrag, wie es aussieht, wenn sich politische und publizistische Verantwortungslosigkeit propagandistisch gegenseitig befruchten. Ein Kommentar von Marcus Kl\u00f6ckner.<br \/>\nIrgendwann wird es \u2013 nein: muss es \u2013 soweit sein! Der Russe wird vor der T\u00fcr stehen! Und was dann passieren wird, das kann \u2013 nein: das muss! \u2013 sich jeder selbst ausmalen. Werte Leser und Leserinnen, Sie bemerken es bestimmt: So funktioniert Propaganda. Hier wird ein diffuses, der Realit\u00e4t nicht im Ansatz standhaltendes Bild in die K\u00f6pfe der B\u00fcrger projiziert \u2013 und dann darauf gesetzt, dass der Empf\u00e4nger der Propaganda das Bild in seinem Kopf weiter ausmalt.<br \/>\n&#8230;<br \/>\nWas die FAZ hier anbietet, das ist Propaganda in Reinform. Unverantwortlich, unertr\u00e4glich und eine publizistische Schande. Die Aussage vom \u201eRussen vor der T\u00fcr\u201c d\u00fcrfte als der bisherige H\u00f6hepunkt einer perfiden anti-russischen Propaganda zu betrachten sein.<br \/>\n&#8230; Alles vom 12.3.2024 von Marcus Kl\u00f6ckner bitte lesen auf<br \/>\n<a href=\"https:\/\/www.nachdenkseiten.de\/?p=130666\">https:\/\/www.nachdenkseiten.de\/?p=130064<\/a><br \/>\n.<br \/>\n8. Leserbrief<br \/>\nAlso, was machen, wenn \u201cder Russe\u201d vor der T\u00fcr steht? Ich werde auf jeden Fall nicht auf ihn schie\u00dfen, sondern ihn zu einer Runde Kaffee und Kuchen hereinbitten und mich mit ihm unterhalten. Das mit dem Lernen der russischen Sprache l\u00e4sst sich bestimmt auch einrichten. Denn wenn \u201cder Russe\u201d vor der T\u00fcr steht, haben wir unversch\u00e4mtes Gl\u00fcck gehabt. Dann wurde aus diesem Teil Europas keine nuklear verseuchte Atomm\u00fcllhalde. Dann gab uns \u201cder Russe\u201d nochmal eine Chance. Doch ob er tats\u00e4chlich noch einmal die M\u00fchen des weiten Weges auf sich nimmt, ist mehr als fraglich.<br \/>\nBis dahin wird die politische und publizistische Elite in diesem Land und der EU weiter gegen ein eurasisches Nachbarland hetzen, dass uns nicht feindlich gesonnen ist und es auch nie war. Doch solche Petitessen gehen im Kriegsgeschrei unter. Und so wird aus dem EU-europ\u00e4ischen \u201chomo sapiens\u201d zum dritten Mal ein \u201chomo delirius\u201d. Zum letzten Mal?<br \/>\n.<br \/>\n9. Leserbrief<br \/>\nzu den Aussagen dieses \u201cElite\u201d-Politikers in dem \u201cQualit\u00e4tsmedium\u201d FAZ kann man nur Karl Kraus zitieren: \u201cDie Politiker bel\u00fcgen die Presse und glauben ihre L\u00fcgen dann selbst, wenn sie sie anschlie\u00dfend in der Zeitung lesen.\u201d Die Strategie einer ma\u00dflosen Angsterzeugung war ja schon in der Coronazeit das hervorstechendste Merkmal der Politik des Herrn Spahn. Aber es n\u00fctzt nichts, angesichts dieser Kriegstreiberei in hilfloser Emp\u00f6rung zu erstarren. Jetzt ist es an der Zeit, dass die als Opfer vorgesehene Bev\u00f6lkerung sich durch Aktionen von unten wehrt. Ein Beispiel ist die lager\u00fcbergreifende Initiative \u201cF\u00fcr ein neutrales Deutschland\u201d eutschlandNEUTRAL.de mit binnen weniger Wochen schon \u00fcber viertausend Unterst\u00fctzern.<br \/>\n24.3.2025, <a href=\"https:\/\/www.nachdenkseiten.de\/?p=130666\">https:\/\/www.nachdenkseiten.de\/?p=130666<\/a><\/p>\n<p>&nbsp;<\/p>\n<div class=\"mceTemp\"><\/div>\n<p><strong>Nie wieder gegen Russland!<\/strong><br \/>\n\u201eWarum Krieg?\u201c, fragten Albert Einstein und Sigmund Freud 1932 in einem Briefwechsel. Die logische Schlussfolgerung aus den \u00dcberlegungen des Physikers und des Psychotherapeuten war: konsequenter Pazifismus. Bekanntlich handelte es sich um zwei sehr intelligente M\u00e4nner. Dies erkl\u00e4rt vielleicht auch, warum die Kriegspropaganda in Deutschland und anderen L\u00e4ndern versucht, die Bev\u00f6lkerung eher dumm zu halten.<br \/>\n.<br \/>\nVor allem das Waffengeklingel in Richtung Russland bestimmt seit ein paar Jahren die Tagesordnung. Ein solches Verhalten ist nicht nur brandgef\u00e4hrlich \u2014 es ist auch das Gegenteil dessen, was die furchtbaren Verbrechen Nazideutschlands gegen\u00fcber der Sowjetunion in den 40er-Jahren des 20. Jahrhunderts nahelegen w\u00fcrden: n\u00e4mlich Bescheidenheit, Vorsicht und das Bem\u00fchen um Auss\u00f6hnung.<br \/>\nEs ist unertr\u00e4glich, dass seitens der politischen Entscheidungstr\u00e4ger in Deutschland auch nur erwogen wird, dass deutsche Waffen wieder Russen auf ihrem eigenen Territorium t\u00f6ten k\u00f6nnten. Dieser Beitrag ist ein Nachtrag zu Ulrich Falkes Artikelserie <a href=\"https:\/\/www.freiburg-schwarzwald.de\/blog\/engagement\/zukunft\/frieden\/pazifismus\/\">\u201eLernziel Pazifismus\u201c<\/a>.<br \/>\n<a href=\"https:\/\/www.manova.news\/artikel\/lernziel-pazifismus\">https:\/\/www.manova.news\/artikel\/lernziel-pazifismus<\/a><br \/>\n<a href=\"https:\/\/www.manova.news\/artikel\/lernziel-pazifismus-2\">https:\/\/www.manova.news\/artikel\/lernziel-pazifismus-2<\/a><br \/>\n<a href=\"https:\/\/www.manova.news\/artikel\/lernziel-pazifismus-3\">https:\/\/www.manova.news\/artikel\/lernziel-pazifismus-3<\/a><br \/>\n<a href=\"https:\/\/www.manova.news\/artikel\/lernziel-pazifismus-4\">https:\/\/www.manova.news\/artikel\/lernziel-pazifismus-4<\/a><br \/>\n&#8230;.<br \/>\nNeue Staatsr\u00e4son: \u201eNie wieder gegen Russland!\u201c<br \/>\n<a href=\"https:\/\/www.freiburg-schwarzwald.de\/blog\/antje-vollmer-tot-eine-pazifistin\/\">Antje Vollmer<\/a> (1943 bis 2023), aus deren \u201eVerm\u00e4chtnis einer Pazifistin\u201c ich in meiner Beitragsserie \u201eLernziel Pazifismus\u201c mehrfach zitiert hatte, war bewusst: \u201eDer Hass und die Bereitschaft zum Krieg und zur Feindbildproduktion sind tief verwurzelt in der Menschheit, gerade in Zeiten gro\u00dfer Krisen und existenzieller \u00c4ngste\u201c (4). Umso mehr glaube ich mich im Einklang mit dem \u201eErbe\u201c der \u00fcberzeugten Pazifistin zu befinden, wenn ich dazu aufrufe, dass wir Deutschen, wie kein anderes Volk, uns dagegen stemmen m\u00fcssen, uns erneut in die \u201eFeindbildproduktion\u201c gegen Russland dr\u00e4ngen zu lassen. Im Gegenteil, wir sollten uns erinnern und die russische Bev\u00f6lkerung um Verzeihung bitten.<br \/>\nWir m\u00fcssten Abbitte leisten f\u00fcr das, was unsere V\u00e4ter und Gro\u00dfv\u00e4ter oder Urgro\u00dfv\u00e4ter an Leid, Zerst\u00f6rung und Tod mit ihrem Angriffskrieg \u00fcber die Menschen in weiten Teilen der Sowjetunion gebracht haben.<br \/>\nStatt die russische F\u00f6deration erneut milit\u00e4risch zu bedrohen, muss aufgrund der historischen Schuld f\u00fcr uns Deutsche \u2014 in den Worten von Otto von Bismarck (1815 bis 1898) \u2014 zur Staatsr\u00e4son werden: \u201eNie, nie, nie gegen Russland!\u201c (7).<br \/>\n&#8230; Alles vom 14.3.2025 von Ulrich Falke bitte lesen auf<br \/>\n<a href=\"https:\/\/www.manova.news\/artikel\/nie-wieder-gegen-russland\">https:\/\/www.manova.news\/artikel\/nie-wieder-gegen-russland<\/a><\/p>\n","protected":false},"excerpt":{"rendered":"<p>Home &gt;Demokratie &gt;Deutschland &gt;Russland &gt;Deutschland-Russland &gt;Nie-wieder-gegen-Russland Listenauswahl eines Beitrags (Artikel\/Datum, Seite\/Inhalt):\u00a0Klicken\u00a0oder scrollen China Russland USA EU und D\u00a0(8.1.2026) Interessen: Osten, Westbindung\u00a0(18.11.2025) Warum die Arbeit des Volksbundes Deutscher Kriegsgr\u00e4berf\u00fcrsorge in Russland ins Stocken kommt\u00a0(7.11.2025) Albrecht M\u00fcller: \u201eWir wollen ein Volk der &hellip; <a href=\"https:\/\/www.freiburg-schwarzwald.de\/blog\/global\/russland\/nie-wieder-gegen-russland\/\">Weiterlesen <span class=\"meta-nav\">&rarr;<\/span><\/a><\/p>\n","protected":false},"author":2,"featured_media":0,"parent":43422,"menu_order":0,"comment_status":"closed","ping_status":"closed","template":"","meta":{"footnotes":""},"class_list":["post-131725","page","type-page","status-publish","hentry"],"_links":{"self":[{"href":"https:\/\/www.freiburg-schwarzwald.de\/blog\/wp-json\/wp\/v2\/pages\/131725","targetHints":{"allow":["GET"]}}],"collection":[{"href":"https:\/\/www.freiburg-schwarzwald.de\/blog\/wp-json\/wp\/v2\/pages"}],"about":[{"href":"https:\/\/www.freiburg-schwarzwald.de\/blog\/wp-json\/wp\/v2\/types\/page"}],"author":[{"embeddable":true,"href":"https:\/\/www.freiburg-schwarzwald.de\/blog\/wp-json\/wp\/v2\/users\/2"}],"replies":[{"embeddable":true,"href":"https:\/\/www.freiburg-schwarzwald.de\/blog\/wp-json\/wp\/v2\/comments?post=131725"}],"version-history":[{"count":6,"href":"https:\/\/www.freiburg-schwarzwald.de\/blog\/wp-json\/wp\/v2\/pages\/131725\/revisions"}],"predecessor-version":[{"id":143859,"href":"https:\/\/www.freiburg-schwarzwald.de\/blog\/wp-json\/wp\/v2\/pages\/131725\/revisions\/143859"}],"up":[{"embeddable":true,"href":"https:\/\/www.freiburg-schwarzwald.de\/blog\/wp-json\/wp\/v2\/pages\/43422"}],"wp:attachment":[{"href":"https:\/\/www.freiburg-schwarzwald.de\/blog\/wp-json\/wp\/v2\/media?parent=131725"}],"curies":[{"name":"wp","href":"https:\/\/api.w.org\/{rel}","templated":true}]}}