{"id":131316,"date":"2025-02-26T20:37:33","date_gmt":"2025-02-26T19:37:33","guid":{"rendered":"https:\/\/www.freiburg-schwarzwald.de\/blog\/?page_id=131316"},"modified":"2025-12-28T13:37:19","modified_gmt":"2025-12-28T12:37:19","slug":"long-covid","status":"publish","type":"page","link":"https:\/\/www.freiburg-schwarzwald.de\/blog\/business\/gesund\/corona-virus\/long-covid\/","title":{"rendered":"Long-Covid"},"content":{"rendered":"<p><a href=\"https:\/\/www.freiburg-schwarzwald.de\/blog\">Home<\/a>\u00a0&gt;<a title=\"Business\" href=\"https:\/\/www.freiburg-schwarzwald.de\/blog\/business\">Business<\/a>\u00a0&gt;<a title=\"Gesund\" href=\"https:\/\/www.freiburg-schwarzwald.de\/blog\/business\/gesund\/\">Gesund<\/a>\u00a0&gt;<a title=\"Medizin\" href=\"https:\/\/www.freiburg-schwarzwald.de\/blog\/business\/gesund\/medizin\/\">Medizin<\/a>\u00a0&gt;<a title=\"Corona-Virus\" href=\"https:\/\/www.freiburg-schwarzwald.de\/blog\/business\/gesund\/corona-virus\/\">Corona-Virus<\/a>\u00a0&gt;<a href=\"https:\/\/www.freiburg-schwarzwald.de\/blog\/business\/gesund\/corona-virus\/impfung\/\">Impfung<\/a> &gt;<a href=\"https:\/\/www.freiburg-schwarzwald.de\/blog\/business\/gesund\/corona-virus\/post-vac\/\">Post-Vac<\/a> &gt;Long-Covid<\/p>\n<div id=\"attachment_131043\" style=\"width: 649px\" class=\"wp-caption alignnone\"><a href=\"https:\/\/www.freiburg-schwarzwald.de\/blog\/wp-content\/uploads\/2025\/02\/meer-lalonde-baumstamm-pan250213.jpg\"><img loading=\"lazy\" decoding=\"async\" aria-describedby=\"caption-attachment-131043\" class=\"size-full wp-image-131043\" src=\"https:\/\/www.freiburg-schwarzwald.de\/blog\/wp-content\/uploads\/2025\/02\/meer-lalonde-baumstamm-pan250213.jpg\" alt=\"\" width=\"639\" height=\"369\" srcset=\"https:\/\/www.freiburg-schwarzwald.de\/blog\/wp-content\/uploads\/2025\/02\/meer-lalonde-baumstamm-pan250213.jpg 639w, https:\/\/www.freiburg-schwarzwald.de\/blog\/wp-content\/uploads\/2025\/02\/meer-lalonde-baumstamm-pan250213-180x104.jpg 180w\" sizes=\"auto, (max-width: 639px) 100vw, 639px\" \/><\/a><p id=\"caption-attachment-131043\" class=\"wp-caption-text\">MIttelmeer bei La Londe\/Cote d&#8217;Azur am 13.2.2025 &#8211; Zwei Baumst\u00e4mme liegen quer<\/p><\/div>\n<ul>\n<li><em>Listenauswahl eines Beitrags: Bitte anklicken oder runterscrollen<\/em><\/li>\n<li><a href=\"https:\/\/www.freiburg-schwarzwald.de\/blog\/business\/gesund\/corona-virus\/post-vac\/\">mRNA: Kardiologe fordert strafrechtliche Ermittlungen gegen Paul-Ehrlich-Institut<\/a>\u00a0(26.2.2025)<\/li>\n<li>\u201eFata-Morgana-Krankheit Long-Covid: Eintrittskarte ins Paradies der Nicht-Arbeiter\u201c (25.2.2025)<\/li>\n<li><a href=\"https:\/\/www.freiburg-schwarzwald.de\/blog\/business\/gesund\/corona-virus\/corona-aufarbeitung\/\">Corona-Aufarbeitung<\/a><\/li>\n<\/ul>\n<p><strong>Impsch\u00e4den hei\u00dfen heute Long-Covid?<\/strong><br \/>\n=============================================================<\/p>\n<p>&nbsp;<\/p>\n<p><strong>\u201eFata-Morgana-Krankheit Long-Covid: Eintrittskarte ins Paradies der Nicht-Arbeiter\u201c<\/strong><br \/>\nUnglaubliche Zust\u00e4nde: Insider aus dem Medizinischen Dienst packt aus<br \/>\nIch habe die beste Redaktion, die ich mir vorstellen kann \u2013 von der die \u00f6ffentlich-rechtlichen Anstalten mit ihren Milliarden an Zwangsgeb\u00fchren nur tr\u00e4umen k\u00f6nnen: meine Leser. Das Fachwissen, die Aufmerksamkeit und die Beobachtungsgabe, die sie mit ihren vielen, vielen Zuschriften und Kommentaren beitragen, sind ein regelrechter journalistischer Schatz. Wie etwa der Brief eines Lesers, der seit 22 Jahren als Gutachter beim Medizinischen Dienst t\u00e4tig ist \u2013 dem sozialmedizinischen Beratungs- und Begutachtungsdienst f\u00fcr die gesetzliche Kranken- und Pflegeversicherung. Was er \u00fcber die haarstr\u00e4ubenden Zust\u00e4nde dort berichtet, machte mich fassungslos. Und es ist vor allem auch typisch f\u00fcr das massive Systemversagen in Deutschland. Ich finde, den Brief muss jeder gelesen haben! Voil\u00e0:<\/p>\n<p><em>Sehr geehrter Herr Reitschuster,<\/em><br \/>\n<em>nach 22 Jahren als Gutachter beim Medizinischen Dienst kann ich Ihnen zur Thematik der ansteigenden Zahl von Pflegebed\u00fcrftigen ein etwas differenzierteres Bild geben. Die Gr\u00fcnde sind mannigfaltig:<\/em><br \/>\n<em>Die \u201eechten\u201c Impfgesch\u00e4digten spielen eine eher kleine Rolle. Wer einem Gutachter sagt, er habe Impfsch\u00e4den, hat schon verloren. Intern wird man bei Dienstbesprechungen ermuntert, genau hinzusehen. Ausgerechnet die werden immer noch als Schwurbler gehandelt.<\/em><br \/>\n<em>Dagegen ist die Fata-Morgana-Krankheit Long-Covid die Eintrittskarte ins Paradies der Nicht-Arbeiter. Mittlerweile gibt es spezialisierte Reha-Einrichtungen f\u00fcr \u201ePost-Covid\u201c (z.B. in Reichshof-Eckenhagen), die einen als nicht mehr erwerbsf\u00e4hig entlassen. Nachdem man so schon die Erwerbsminderungsrente im Sack hat, ist der Weg zum Pflegeantrag nicht weit. Und trifft auf verst\u00e4ndnisvolle Gutachter.<\/em><br \/>\n<em>\u00a0<\/em><br \/>\n<em>Parallel haben sich die Begutachtungen ge\u00e4ndert. Die Leute denken immer noch, der Medizinische Dienst w\u00fcrde im Sinne der Krankenkassen entscheiden, also viel ablehnen. Heutzutage ist das Gegensteil der Fall. Der Medizinischen Dienst will alles, nur nicht anecken oder ein Fall f\u00fcr die Presse werden. Daher wird im Zweifel eine Einstufung gew\u00e4hrt, um Widerspruch und schlechte Beleumundung zu vermeiden. Ich selbst war bis vor ca. 8 Jahren sehr oft damit beauftragt, Begutachtungen durchzuf\u00fchren bei Personen, bei denen Betrugsverdacht bestand. Das hat der Medizinischen Dienst komplett aufgegeben, mittler<\/em><br \/>\n<em>\u00a0weile werden alle Arten und Formen von Konflikten gescheut wie der Teufel.<\/em><br \/>\n<em>Das liegt auch am stark ansteigenden Auftragsvolumen bei Migranten und Fl\u00fcchtlingen. Von Wohlfahrtskonzernen angestellte und vom Staat bezahlte Fl\u00fcchtlings-\u201cBerater\u201c stellen den ganzen Tag Antr\u00e4ge. Die haben dann keine Ahnung von nichts, k\u00f6nnen kein Wort Arabisch und handeln nach der Maxime: bei zehn Antr\u00e4gen gehen f\u00fcnf durch = gewonnen!<br \/>\nBeispielsweise f\u00fchrt eine Pflegebed\u00fcrftigkeit dazu, dass ein Ausreisepflichtiger nicht mehr ausreisen muss. Wahrscheinlich, weil ihm etwas anderes als unser Gesundheitssystem nicht zuzumuten ist. T\u00fcrken und Araber halten wesentlich besser zusammen als der doofe Deutsche. Wenn der Deutsche mit einer Methode Erfolg hat, sagt er es keinem. Bei Migranten wei\u00df es ein paar Tage sp\u00e4ter jeder. Vermutlich deshalb hatte ich \u00fcber Monate bei an die hundert t\u00fcrkischen Frauen ein absolut identisches Verhalten nebst Krankheitsbild vor mir. Junge M\u00e4nner nach Marihuana-Karriere hatten alle \u00c4ngste und Depressionen. Und keiner vergisst zu erw\u00e4hnen, dass er auch \u201eCorona\u201c hatte.<br \/>\n<\/em><br \/>\n<em>Wer unter den B\u00fcrgergeldempf\u00e4ngern einen pflegebed\u00fcrftigen Angeh\u00f6rigen versorgt, wird in Ruhe gelassen: keine Vermittlung, keine Angebote, kein Stress. Das Amt findet das auch gut, weil diese Klientel aus der Statistik rausf\u00e4llt. Wenn also demn\u00e4chst stolz berichtet wird, die Zahl der Arbeitslosen w\u00e4re um hunderttausend gesunken \u2013 dann sind vielleicht nur die pflegenden Angeh\u00f6rigen um hunderttausend angewachsen.<\/em><br \/>\n<em>Nicht zu vernachl\u00e4ssigen ist, dass Angebote zu Nachfrage f\u00fchren. Die Steigerung der Pflegeantr\u00e4ge ist kontinuierlich sehr hoch. Als ich 2001 angefangen habe, war ich der vierte Gutachter in der Dienststelle. Mittlerweile arbeiten da 67 Gutachter. Und es herrscht Planwirtschaft. Man muss zwischen 5 und 6 Hausbesuche pro Tag machen. Sich die Versicherten genauer ansehen, um etwa dessen Erz\u00e4hlungen zu widerlegen, dauert l\u00e4nger als das Zeitfenster vorgibt, also auch hier: im Zweifel Pflegegrad bewilligen.<\/em><br \/>\n<em>\u00a0<\/em><br \/>\n<em>Zu guter Letzt: Pflegegutachten h\u00f6ren sich zwar nach objektiver-unbestechlicher Begutachtung an, sind es aber nicht.<\/em><br \/>\n<em>Die interne Qualit\u00e4tskontrolle ist danach ausgerichtet, dass alle Gutachter bei gleicher Situation das gleiche Ergebnis abliefern (Mein Vorstandsvorsitzender bezeichnet Gutachten denn auch als Produkte). Die innere Plausibilit\u00e4t wird gepr\u00fcft. Aber ob das Gutachten wirklich mit der Realit\u00e4t des Versicherten \u00fcbereinstimmt, wird nicht gepr\u00fcft und kann auch nicht gepr\u00fcft werden. Einmal im Jahr geht ein Vorgesetzter mit (Hospitation), zwei Gutachten von ca. 1050, die man pro Jahr im Schnitt macht. Und nebenbei: Fachkr\u00e4ftemangel hat auch der Medizinische Dienst. Hier werden neuerdings Pflegekr\u00e4fte eingearbeitet, die sind Mitte 20 und sind seit 2 Jahren im Beruf. Wie wollen die einen Schauspieler entlarven?<\/em><br \/>\n&#8230; Alles vom 25.2.2025 bitte lesen auf<br \/>\n<a href=\"https:\/\/reitschuster.de\/post\/fata-morgana-krankheit-long-covid-eintrittskarte-ins-paradies-der-nicht-arbeiter\/\">https:\/\/reitschuster.de\/post\/fata-morgana-krankheit-long-covid-eintrittskarte-ins-paradies-der-nicht-arbeiter\/<\/a><\/p>\n<p>&nbsp;<\/p>\n","protected":false},"excerpt":{"rendered":"<p>Home\u00a0&gt;Business\u00a0&gt;Gesund\u00a0&gt;Medizin\u00a0&gt;Corona-Virus\u00a0&gt;Impfung &gt;Post-Vac &gt;Long-Covid Listenauswahl eines Beitrags: Bitte anklicken oder runterscrollen mRNA: Kardiologe fordert strafrechtliche Ermittlungen gegen Paul-Ehrlich-Institut\u00a0(26.2.2025) \u201eFata-Morgana-Krankheit Long-Covid: Eintrittskarte ins Paradies der Nicht-Arbeiter\u201c (25.2.2025) Corona-Aufarbeitung Impsch\u00e4den hei\u00dfen heute Long-Covid? ============================================================= &nbsp; \u201eFata-Morgana-Krankheit Long-Covid: Eintrittskarte ins Paradies der Nicht-Arbeiter\u201c Unglaubliche &hellip; <a href=\"https:\/\/www.freiburg-schwarzwald.de\/blog\/business\/gesund\/corona-virus\/long-covid\/\">Weiterlesen <span class=\"meta-nav\">&rarr;<\/span><\/a><\/p>\n","protected":false},"author":2,"featured_media":0,"parent":79419,"menu_order":0,"comment_status":"closed","ping_status":"closed","template":"","meta":{"footnotes":""},"class_list":["post-131316","page","type-page","status-publish","hentry"],"_links":{"self":[{"href":"https:\/\/www.freiburg-schwarzwald.de\/blog\/wp-json\/wp\/v2\/pages\/131316","targetHints":{"allow":["GET"]}}],"collection":[{"href":"https:\/\/www.freiburg-schwarzwald.de\/blog\/wp-json\/wp\/v2\/pages"}],"about":[{"href":"https:\/\/www.freiburg-schwarzwald.de\/blog\/wp-json\/wp\/v2\/types\/page"}],"author":[{"embeddable":true,"href":"https:\/\/www.freiburg-schwarzwald.de\/blog\/wp-json\/wp\/v2\/users\/2"}],"replies":[{"embeddable":true,"href":"https:\/\/www.freiburg-schwarzwald.de\/blog\/wp-json\/wp\/v2\/comments?post=131316"}],"version-history":[{"count":5,"href":"https:\/\/www.freiburg-schwarzwald.de\/blog\/wp-json\/wp\/v2\/pages\/131316\/revisions"}],"predecessor-version":[{"id":143490,"href":"https:\/\/www.freiburg-schwarzwald.de\/blog\/wp-json\/wp\/v2\/pages\/131316\/revisions\/143490"}],"up":[{"embeddable":true,"href":"https:\/\/www.freiburg-schwarzwald.de\/blog\/wp-json\/wp\/v2\/pages\/79419"}],"wp:attachment":[{"href":"https:\/\/www.freiburg-schwarzwald.de\/blog\/wp-json\/wp\/v2\/media?parent=131316"}],"curies":[{"name":"wp","href":"https:\/\/api.w.org\/{rel}","templated":true}]}}