{"id":131266,"date":"2025-02-25T09:59:03","date_gmt":"2025-02-25T08:59:03","guid":{"rendered":"https:\/\/www.freiburg-schwarzwald.de\/blog\/?page_id=131266"},"modified":"2025-02-25T10:06:43","modified_gmt":"2025-02-25T09:06:43","slug":"presse","status":"publish","type":"page","link":"https:\/\/www.freiburg-schwarzwald.de\/blog\/kultur\/medien\/presse\/","title":{"rendered":"Presse"},"content":{"rendered":"<p><a href=\"https:\/\/www.freiburg-schwarzwald.de\/blog\">Home<\/a>\u00a0&gt;<a title=\"Kultur\" href=\"https:\/\/www.freiburg-schwarzwald.de\/blog\/kultur\/\">Kultur<\/a>\u00a0&gt;<a title=\"Medien\" href=\"https:\/\/www.freiburg-schwarzwald.de\/blog\/kultur\/medien\/\">Medien<\/a> &gt;<a href=\"https:\/\/www.freiburg-schwarzwald.de\/blog\/kultur\/medien\/pressefreiheit\/\">Pressefreiheit<\/a> &gt;<a href=\"https:\/\/www.freiburg-schwarzwald.de\/blog\/kultur\/medien\/pressekodex\/\">Pressekodex<\/a> &gt;Presse<\/p>\n<div id=\"attachment_131043\" style=\"width: 649px\" class=\"wp-caption alignnone\"><a href=\"https:\/\/www.freiburg-schwarzwald.de\/blog\/wp-content\/uploads\/2025\/02\/meer-lalonde-baumstamm-pan250213.jpg\"><img loading=\"lazy\" decoding=\"async\" aria-describedby=\"caption-attachment-131043\" class=\"size-full wp-image-131043\" src=\"https:\/\/www.freiburg-schwarzwald.de\/blog\/wp-content\/uploads\/2025\/02\/meer-lalonde-baumstamm-pan250213.jpg\" alt=\"\" width=\"639\" height=\"369\" srcset=\"https:\/\/www.freiburg-schwarzwald.de\/blog\/wp-content\/uploads\/2025\/02\/meer-lalonde-baumstamm-pan250213.jpg 639w, https:\/\/www.freiburg-schwarzwald.de\/blog\/wp-content\/uploads\/2025\/02\/meer-lalonde-baumstamm-pan250213-180x104.jpg 180w\" sizes=\"auto, (max-width: 639px) 100vw, 639px\" \/><\/a><p id=\"caption-attachment-131043\" class=\"wp-caption-text\">MIttelmeer bei La Londe\/Cote d&#8217;Azur am 13.2.2025 &#8211; Zwei Baumst\u00e4mme liegen quer<\/p><\/div>\n<ul>\n<li><em>Listenauswahl eines Beitrags: Bitte anklicken oder runterscrollen<\/em><\/li>\n<li>Alice Weidel belehrt Bundespressekonferenz: Sie haben nicht die Regierungsmeinung \u201erauszutr\u00f6ten\u201c (24.2.2025)<\/li>\n<\/ul>\n<p>&nbsp;<\/p>\n<p><strong>Alice Weidel belehrt Bundespressekonferenz: Sie haben nicht die Regierungsmeinung \u201erauszutr\u00f6ten\u201c<\/strong><\/p>\n<p>&#8230; Waren diese Pressekonferenzen vor der taubenblauen R\u00fcckwand zuletzt nur noch schlecht besucht, hatten sich die versammelten Mainstream-Medien heute offenbar vorgenommen, Weidel und Chrupalla deren Champagnerlaune auszutreiben. Aber was dann passierte, wird in diesem hohen Haus noch lange einen scheppernden Nachhall haben. Ein gl\u00e4nzend aufgelegter Tino Chrupalla und eine angriffslustige, konzentrierte Alice Weidel waren in bester Rauflaune. Daraus resultierte auf dem H\u00f6hepunkt dieser denkw\u00fcrdigen Bundespressekonferenz eine Standpauke f\u00fcr die versammelten Mainstreammedien, wie sie die Medienschaffenden an diesem Ort so noch nicht geh\u00f6rt hatten.<br \/>\nZehn Jahre Diffamierung, Diskreditierung und Ausgrenzung durch die regierungsnahen, vielfach subventionierten Medien. Alice Weidel rammte gegen\u00fcber den verdatterten Vertretern der Mainstreammedien die neuen Positionslichter der AfD ein:<\/p>\n<p><em>&#8222;Nun liegen wir bei 20,8 Prozent und sind mit Abstand st\u00e4rkste Kraft in Ostdeutschland. Schauen Sie sich die Entwicklung in Ostdeutschland an seit den letzten ostdeutschen Landtagswahlen, wo auch hier die Union den W\u00e4hlerwillen hart ignoriert hat und nun mit den Linken zusammen gegangen ist und sich von Linken tolerieren l\u00e4sst.<\/em><br \/>\n<em>Das hat dazu gef\u00fchrt, dass wir von 48 Wahlkreise 45 gewonnen haben! Und wir sind doppelt so stark mittlerweile wie die CDU in ganz Ostdeutschland. Wir haben unglaublich in Westdeutschland zugelegt. Und genau das passiert. Das passiert, wenn eine Partei wie die Alternative f\u00fcr Deutschland jetzt zw\u00f6lf Jahre lang mit einer linken Schmutzkampagne nach der anderen \u00fcberzogen wird (und) unsere W\u00e4hler beleidigt werden.<br \/>\n<\/em><br \/>\n<em>Ich sage es gerne noch mal hier und heute: Wenn sie mich durch den Schmutz ziehen, meine Familie. <strong>Wenn sie wirklich uns alle durch den Kakao ziehen \u2013 uns Funktion\u00e4re \u2013 dann ziehen sie unsere W\u00e4hler durch den Kakao! Ich repr\u00e4sentiere diese W\u00e4hler nur.<\/strong> Und ihre gesamte Maschinerie des Mainstreams \u2013 im \u00dcbrigen regierungs- und steuerfinanziert \u2013 Sie singen ja nur das Lied, gr\u00f6\u00dftenteils der Regierung und nicht der Opposition.<br \/>\n<\/em><br \/>\n<em>Das k\u00f6nnen Sie alles weitermachen, das hat ja genau zum Gegenteil gef\u00fchrt!<\/em><br \/>\n<em>Und im \u00dcbrigen haben Sie auch als Mainstreammedien eine Verantwortung gegen\u00fcber dem W\u00e4hler, dass er eine informierte Meinung abgeben kann. Die Medien und die Informationsgewinnung ist die vierte Kraft einer Demokratie. Sie haben den Auftrag, f\u00fcr Transparenz zu sorgen.<br \/>\n<\/em><br \/>\n<em><strong>Sie haben einen Medienauftrag, die Menschen vern\u00fcnftig zu informieren und nicht irgendwie die Regierungsmeinung rauszutr\u00f6ten, wie es denn gerade passt und die gr\u00f6\u00dfte Oppositionspartei mittlerweile permanent durch den Kakao zu ziehen und die Leute \u2013 Millionen von W\u00e4hler! \u2013 in eine Ecke zu stellen.<\/strong><br \/>\n<\/em><br \/>\n<em>Das haben Sie bei Corona gemacht, das haben sie bei der Eurorettungspolitik gemacht, das haben sie bei der Migrationspolitik gemacht. Deutschland hat seit mehr als zehn Jahren offene Grenzen. Bei uns kann jeder rein, keiner kann raus.<\/em><br \/>\n<em>Das haben Sie alle mitzuverantworten!<\/em><br \/>\n<em>Ich kann Ihnen noch einmal sagen, ich habe das eben schon angesprochen: Wir werden die CDU in den n\u00e4chsten Jahren \u00fcberholen, und das wird sehr, sehr schnell gehen. Die Menschen wollen einen politischen Wandel haben, und wir werden es tun. Wir werden dieses Land wieder in Ordnung bringen, weil es sonst kein anderer macht.&#8220;<\/em><\/p>\n<p>&#8230; Alles vom 24.2.2.2025 bitte lesen auf<br \/>\n<a href=\"https:\/\/www.alexander-wallasch.de\/politik\/alice-weidel-vernichtet-bundespressekonferenz-sie-haben-nicht-die-regierungsmeinung-rauszutroeten\">https:\/\/www.alexander-wallasch.de\/politik\/alice-weidel-vernichtet-bundespressekonferenz-sie-haben-nicht-die-regierungsmeinung-rauszutroeten<\/a><br \/>\n.<br \/>\n&#8230; nachschauen ab etwa Minute 25:<br \/>\n<a href=\"https:\/\/x.com\/twittschler\/status\/1893967741683458295?s=46&amp;t=kl5z6yOGdUPDSoFmB3kf6g\">https:\/\/x.com\/twittschler\/status\/1893967741683458295?s=46&amp;t=kl5z6yOGdUPDSoFmB3kf6g<\/a><\/p>\n","protected":false},"excerpt":{"rendered":"<p>Home\u00a0&gt;Kultur\u00a0&gt;Medien &gt;Pressefreiheit &gt;Pressekodex &gt;Presse Listenauswahl eines Beitrags: Bitte anklicken oder runterscrollen Alice Weidel belehrt Bundespressekonferenz: Sie haben nicht die Regierungsmeinung \u201erauszutr\u00f6ten\u201c (24.2.2025) &nbsp; Alice Weidel belehrt Bundespressekonferenz: Sie haben nicht die Regierungsmeinung \u201erauszutr\u00f6ten\u201c &#8230; Waren diese Pressekonferenzen vor der taubenblauen &hellip; <a href=\"https:\/\/www.freiburg-schwarzwald.de\/blog\/kultur\/medien\/presse\/\">Weiterlesen <span class=\"meta-nav\">&rarr;<\/span><\/a><\/p>\n","protected":false},"author":2,"featured_media":0,"parent":678,"menu_order":0,"comment_status":"closed","ping_status":"closed","template":"","meta":{"footnotes":""},"class_list":["post-131266","page","type-page","status-publish","hentry"],"_links":{"self":[{"href":"https:\/\/www.freiburg-schwarzwald.de\/blog\/wp-json\/wp\/v2\/pages\/131266","targetHints":{"allow":["GET"]}}],"collection":[{"href":"https:\/\/www.freiburg-schwarzwald.de\/blog\/wp-json\/wp\/v2\/pages"}],"about":[{"href":"https:\/\/www.freiburg-schwarzwald.de\/blog\/wp-json\/wp\/v2\/types\/page"}],"author":[{"embeddable":true,"href":"https:\/\/www.freiburg-schwarzwald.de\/blog\/wp-json\/wp\/v2\/users\/2"}],"replies":[{"embeddable":true,"href":"https:\/\/www.freiburg-schwarzwald.de\/blog\/wp-json\/wp\/v2\/comments?post=131266"}],"version-history":[{"count":5,"href":"https:\/\/www.freiburg-schwarzwald.de\/blog\/wp-json\/wp\/v2\/pages\/131266\/revisions"}],"predecessor-version":[{"id":131272,"href":"https:\/\/www.freiburg-schwarzwald.de\/blog\/wp-json\/wp\/v2\/pages\/131266\/revisions\/131272"}],"up":[{"embeddable":true,"href":"https:\/\/www.freiburg-schwarzwald.de\/blog\/wp-json\/wp\/v2\/pages\/678"}],"wp:attachment":[{"href":"https:\/\/www.freiburg-schwarzwald.de\/blog\/wp-json\/wp\/v2\/media?parent=131266"}],"curies":[{"name":"wp","href":"https:\/\/api.w.org\/{rel}","templated":true}]}}