{"id":131098,"date":"2025-02-21T18:48:56","date_gmt":"2025-02-21T17:48:56","guid":{"rendered":"https:\/\/www.freiburg-schwarzwald.de\/blog\/?page_id=131098"},"modified":"2025-12-02T17:54:39","modified_gmt":"2025-12-02T16:54:39","slug":"hamas","status":"publish","type":"page","link":"https:\/\/www.freiburg-schwarzwald.de\/blog\/global\/israel\/palaestina\/hamas\/","title":{"rendered":"Hamas"},"content":{"rendered":"<p><a href=\"https:\/\/www.freiburg-schwarzwald.de\/blog\">Home<\/a>\u00a0&gt;<a title=\"Global\" href=\"https:\/\/www.freiburg-schwarzwald.de\/blog\/global\/\">Globa<\/a>l\u00a0&gt;<a title=\"Israel\" href=\"https:\/\/www.freiburg-schwarzwald.de\/blog\/global\/israel\/\">Israel<\/a> &gt;<a href=\"https:\/\/www.freiburg-schwarzwald.de\/blog\/global\/israel\/israel7-10-2023\/\">Israel7-10-23<\/a>\u00a0&gt;<a href=\"https:\/\/www.freiburg-schwarzwald.de\/blog\/global\/israel\/palaestina\/\">Palaestina<\/a> &gt;<a href=\"https:\/\/www.freiburg-schwarzwald.de\/blog\/religion\/islam\/terror\/\">Terror<\/a> &gt;<a href=\"https:\/\/www.freiburg-schwarzwald.de\/blog\/global\/israel\/gaza\/\">Gaza<\/a> &gt;Hamas<\/p>\n<div id=\"attachment_117060\" style=\"width: 650px\" class=\"wp-caption alignnone\"><a href=\"https:\/\/www.freiburg-schwarzwald.de\/blog\/wp-content\/uploads\/2023\/11\/Neptunbrunnen-berlin-pan231105.jpg\"><img loading=\"lazy\" decoding=\"async\" aria-describedby=\"caption-attachment-117060\" class=\"size-full wp-image-117060\" src=\"https:\/\/www.freiburg-schwarzwald.de\/blog\/wp-content\/uploads\/2023\/11\/Neptunbrunnen-berlin-pan231105.jpg\" alt=\"\" width=\"640\" height=\"373\" srcset=\"https:\/\/www.freiburg-schwarzwald.de\/blog\/wp-content\/uploads\/2023\/11\/Neptunbrunnen-berlin-pan231105.jpg 640w, https:\/\/www.freiburg-schwarzwald.de\/blog\/wp-content\/uploads\/2023\/11\/Neptunbrunnen-berlin-pan231105-180x105.jpg 180w\" sizes=\"auto, (max-width: 640px) 100vw, 640px\" \/><\/a><p id=\"caption-attachment-117060\" class=\"wp-caption-text\">Neptunbrunnen in Berlin 5.11.2023: Es geht um Judenhass und Antisemitismus<\/p><\/div>\n<p>&nbsp;<\/p>\n<ul>\n<li><em>Listenauswahl eines Beitrags (Artikel\/Datum, Seite\/Inhalt):\u00a0<span style=\"text-decoration: underline;\">Klicken<\/span>\u00a0oder scrollen<\/em><\/li>\n<li><a href=\"https:\/\/www.freiburg-schwarzwald.de\/blog\/global\/israel\/israel7-10-2023\/\">Pogrom(s) \u2013 Ein Dokumentarfilm, der die Wahrheit \u00fcber den 7. Oktober 2023 festh\u00e4lt<\/a>\u00a0(19.11.2025)<\/li>\n<li><a href=\"https:\/\/www.freiburg-schwarzwald.de\/blog\/engagement\/zukunft\/demokratie\/westen\/westen-suizid\/\">Samuel Huntingtons \u201eKampf der Kulturen\u201c : Ukrainekrieg, Gaza, Islamisierung<\/a>\u00a0(20.10.2025)<\/li>\n<li><a href=\"https:\/\/www.freiburg-schwarzwald.de\/blog\/geiselaustausch-laut-zdf-nein\/\">Geiselaustausch laut ZDF: Nein!<\/a> (13.10.2025)<\/li>\n<li>Die Verbrechen in Gaza sind auf die Hamas zur\u00fcckzuf\u00fchren (10.8.2025)<\/li>\n<li>Es erhebt sich kaum eine Stimme gegen die Hamas (8.8.2025)<\/li>\n<li><a href=\"https:\/\/www.freiburg-schwarzwald.de\/blog\/gratismut-und-feigheit-zu-gaza\/\">Gratismut und Feigheit zu Gaza<\/a>\u00a0(3.8.2025)<\/li>\n<li><a href=\"https:\/\/www.freiburg-schwarzwald.de\/blog\/global\/france\/frankreich-islam\/\">Macron unterwirft sich der islamistischen Stra\u00dfe \u2013 Pal\u00e4stina<\/a>\u00a0(27.7.2025)<\/li>\n<li>Gaza: Mit dieser Gesellschaft ist kein Frieden m\u00f6glich (21.2.2025)<\/li>\n<li>IDF: Hamas hat Bibas-Kinder \u201emit blo\u00dfen H\u00e4nden\u201c ermordet (21.2.2025)<\/li>\n<li><a href=\"https:\/\/www.freiburg-schwarzwald.de\/blog\/global\/israel\/israel7-10-2023\/\">Die Welt sieht weg: Der Mord an der Familie Bibas und das Schweigen des Westens<\/a> (20.2.2025)<\/li>\n<li><\/li>\n<li><a href=\"https:\/\/www.freiburg-schwarzwald.de\/blog\/global\/deutschland\/deutschland-hamas\/\">Deutschland-Hamas<\/a><\/li>\n<li><a href=\"https:\/\/www.freiburg-schwarzwald.de\/blog\/global\/israel\/israel-hamas\/\">Israel-Hamas<\/a><\/li>\n<\/ul>\n<p>&nbsp;<\/p>\n<p><strong>Die Verbrechen in Gaza sind auf die Hamas zur\u00fcckzuf\u00fchren<\/strong><br \/>\nWas mich pers\u00f6nlich betrifft, sehe ich es so: Alle Verbrechen, die in Gaza geschehen, die Bombardierungen von Krankenh\u00e4usern, von Schulen und das Aushungern der Kinder und anderer Schwachen sind ausnahmslos auf das Handeln der Verbrecherorganisation der Hamas zur\u00fcckzuf\u00fchren. Sie sorgen f\u00fcr das unendliche Leid von Teilen ihrer eigenen Bev\u00f6lkerung, damit wir hier im Westen weichgekocht werden.<br \/>\nWer den Israelis in dieser Hinsicht einseitig in den R\u00fccken f\u00e4llt, betreibt das Spiel der Hamas. Hat denn niemand die testosteronstrotzenden, wohlgen\u00e4hrten M\u00e4nner wahrgenommen, die die israelischen Geiseln bei der Freilassung noch wieder und wieder gedem\u00fctigt haben?<br \/>\nIst das so schwer zu begreifen, da\u00df man mit diesen Menschen keinen \u201eKompromiss\u201c aushandeln kann? Warum werden die Drahtzieher, die in reichen arabischen L\u00e4ndern ihr Luxusleben genie\u00dfen, von den dortigen Machthabern nicht festgenommen? Wer diesen Menschen nachgibt, hat bereits den ersten Schritt zur eigenen Niederlage gemacht.<br \/>\nZum konkreten israelischen Dilemma: R\u00fcdiger Safranski hat in \u201eDas B\u00f6se oder Das Drama der Freiheit\u201c, M\u00fcnchen 1997, sehr sch\u00f6n dargestellt, wie sehr sich das B\u00f6se gerade aus den angeblich guten Absichten heraussch\u00e4lt.<br \/>\n&#8230; Alles vom 10.8.2025 bitte lesen auf<br \/>\n<a href=\"https:\/\/www.riehle-news.de\/\">https:\/\/www.riehle-news.de\/<\/a><\/p>\n<p>&nbsp;<\/p>\n<p><strong>Es erhebt sich kaum eine Stimme gegen die Hamas<\/strong><br \/>\nSeit dem 7. Oktober 2023 hat die Hamas ihr wahres Gesicht gezeigt und ihre absolut unmenschliche &#8222;Herrschaft&#8220; nun erneut durch dieses Geisel-Video unter Beweis gestellt. Jeder Pal\u00e4stinenser wei\u00df, dass die Hamas viele Milliarden Dollar (aus Katar, Oman, Saudi Arabien) ausschlie\u00dflich f\u00fcr sich, ihre Raketen, Drohnen, Bomben und unterirdischen G\u00e4nge ausgegeben hat, statt f\u00fcr Bildung, soziale Versorgung oder Infrastruktur. Allen ist bekannt, dass die Hamas ihre &#8222;Niederlassungen&#8220; v\u00f6lkerrechtswidrig und in oder unter Kliniken, Schulen, eingerichtet hat. Aber es gibt keine &#8222;Geschwister Scholl&#8220;, keinen Graf von Stauffenberg oder sonst irgendeinen Aufstand gegen diese Terroristen. Stattdessen Studentenaufm\u00e4rsche und Friedens-Demonstrationen von angeblich friedliebenden Pal\u00e4stinensern in freiheitlichen L\u00e4ndern. (Oh heilige Einfalt: Wer glaubt denn noch, dass diese nicht gesteuert sind?)<\/p>\n<p>Auch ich finde den Terror und die Zerst\u00f6rung von Gaza f\u00fcrchterlich und in h\u00f6chstem Ma\u00dfe widerlich. Ebenso die Aushungerung von Millionen unschuldiger Frauen und Kinder. Aber warum kommt die Ursache daf\u00fcr bei den pal\u00e4stinensischen Freiheitsk\u00e4mpfern so wenig oder gar nicht vor? Glauben sie wirklich, dass ein Free Pal\u00e4stina unter diesen Vorzeichen von irgendwelchen demokratischen L\u00e4ndern und B\u00fcrgern zu vertreten ist? In Israel gibt es inzwischen Hunderttausende B\u00fcrger, die gegen Netanjahus Vorgehen protestieren, in Pal\u00e4stina (oder unter den Demonstranten) erhebt sich kaum eine Stimme gegen die Hamas.<br \/>\nIch kann es nicht verstehen, dass Presse und Medien insgesamt dies nicht ann\u00e4hernd publik machen und anprangern. Vor diesem Hintergrund kann man Herrn Merz\u2019 Z\u00f6gern vielleicht eher verstehen.<br \/>\n8.8.2025, Heiner Albrecht, Freiburg<br \/>\n<a href=\"https:\/\/www.badische-zeitung.de\/es-erhebt-sich-kaum-eine-stimme-gegen-die-hamas\">https:\/\/www.badische-zeitung.de\/es-erhebt-sich-kaum-eine-stimme-gegen-die-hamas<\/a><\/p>\n<p>Kommentar:<br \/>\nJa. Nach &#8222;Ursache und Wirkung&#8220; fragt heute leider niemand mehr. Es gilt nur noch &#8222;Es hat alles nix mit nix zu tun&#8220;. Und so kann dann jedes beliebige Nix zur Pseudo-Ursache erkl\u00e4rt und als Schuldiger verfolgt werden: Die Juden sind&#8217;s in Deutschland wieder mal &#8211; nach 80 Jahren auch h\u00f6chste Zeit. Sie glauben es nicht? Dann starten Sie mal einen Selbstversuch und gehen abends zum Freiburger Hauptbahnhof. Versuch 1 mit K\u00e4ppi und Versuch 2 mit Pal\u00e4stinensertuch. E.K.<br \/>\nEnde Kommentar<\/p>\n<p>&nbsp;<\/p>\n<p><strong>Gaza: Mit dieser Gesellschaft ist kein Frieden m\u00f6glich<\/strong><br \/>\nSchon wieder schockieren Bilder aus Gaza die Welt: Die feiernde Zivilbev\u00f6lkerung, die vor den S\u00e4rgen dreier israelischer Geiseln, darunter zweier Kinder, steht, f\u00fchrt uns allen die brutale Unmenschlichkeit der pal\u00e4stinensischen Gesellschaft vor Augen.<br \/>\nDabei sind solche Bilder an sich nichts Neues: Der Jubel der Bev\u00f6lkerung in Gaza ist der gleiche Jubel, der auch schon am siebten Oktober die Stra\u00dfen von Gaza-Stadt, Rafah und anderen Orten s\u00e4umte. Von diesen Stra\u00dfen ist nun nicht mehr viel \u00fcbrig \u2013 der Hass ist derselbe geblieben. Politiker wie Annalena Baerbock, die ja ernsthaft die Behauptung verbreitete, der siebte Oktober sei \u201eauch f\u00fcr die Pal\u00e4stinenser der schlimmste Tag\u201c gewesen, stehen nach diesen Bildern noch doofer da als ohnehin schon.<br \/>\n&#8230;<br \/>\nIsraels legend\u00e4re Ministerpr\u00e4sidentin Golda Meir sagte einmal:<br \/>\n<em><strong>Frieden in Nahost wird es nur geben, <\/strong><\/em><br \/>\n<em><strong>wenn die Araber ihre Kinder mehr lieben, <\/strong><\/em><br \/>\n<em><strong>als sie die Juden hassen.<\/strong><\/em><br \/>\nDas ist Jahrzehnte her, und die pal\u00e4stinensische Bev\u00f6lkerung ist hasserf\u00fcllt wie eh und je.<br \/>\nWenn es auf dieser Welt noch Barbaren gibt, so herrschen sie in Gaza. Dort, wo man im Angesicht toter j\u00fcdischer Kinder vor Freude tobt, wo man den Massenmord an Israelis wie einen Nationalfeiertag begeht. Solche Barbaren leben auch an anderen Orten \u2013 sie verteilten am siebten Oktober zum Beispiel Baklava auf der Neuk\u00f6llner Sonnenallee. Es ist derselbe menschenfeindliche Ungeist wie der ihrer Br\u00fcder in Gaza, die vor S\u00e4rgen h\u00f6hnisch jubeln oder weibliche Geiseln bedr\u00e4ngen und bespucken. Er macht auch vor den eigenen Leuten nicht halt, denn jedes tote pal\u00e4stinensische Kind, jeder tote Zivilist ist gesellschaftlich in Kauf genommen.<br \/>\nNat\u00fcrlich gibt es auch unter den Pal\u00e4stinensern und auch unter denen in Gaza sicherlich feine, aufgekl\u00e4rte und friedliche Leute. Aber bestimmt nicht viele. Gab es denn einen nennenswerten Akt des Widerstandes gegen die Hamas? Wahrnehmbare Proteste gegen den siebten Oktober? Nein, die gro\u00dfe Mehrheit der Pal\u00e4stinenser feierte hingegen frenetisch. Mit ihnen ist auch auf lange Sicht keine friedliche Nachbarschaft m\u00f6glich. Sie zeigen, warum es eine Zwei-Staaten-L\u00f6sung oder auch nur eine wiederkehrende Autonomie Gazas nicht geben kann und nicht geben darf. Ein Pal\u00e4stinenserstaat w\u00e4re mit dieser Gesellschaft ein Staat des Hasses, des Terrors und des Mordens und eine Kriegserkl\u00e4rung an Israel.<br \/>\nLeider ist es so, wie Golda Meir einst sagte: Frieden wird nur kommen, wenn die Pal\u00e4stinenser ihre Kinder mehr lieben, als sie die Israelis hassen. Und von diesem Punkt sind wir weit entfernt.<br \/>\n&#8230; Alles vom 21.2.2025 von Max Roland bitte lesen auf<br \/>\n<a href=\"https:\/\/apollo-news.net\/mit-dieser-bevlkerung-ist-kein-frieden-mglich\/\">https:\/\/apollo-news.net\/mit-dieser-bevlkerung-ist-kein-frieden-mglich\/<\/a><br \/>\n.<br \/>\nEinige Kommentare:<br \/>\nHamas ist Gaza. Und Gaza ist Hamas.<br \/>\nAuf Videos war zu sehen, das Zivilisten im Gefolge der Terroristen die \u00fcberfallenen Kibuzze pl\u00fcnderten, zB Motorr\u00e4der, Traktoren raubten. In Gaza selbst spuckten junge M\u00e4nner und sogar Kinder auf die zur Schau gestellte Leiche der Deutschen Shirin.<br \/>\nIn Berlin, Sonnenallee, jubelte der Mob. Die Deutschen schauten nur zu. Keine Demo. Der Hass kam ja nicht von Rechts. Ekelhaft. Crazy<br \/>\n.<br \/>\nWenn jemand nichts anderes kennt als Gewalt, dann wird von ihm immer nur Gewalt ausgehen. Das ist so, als wenn derjenige nur einen Hammer hat und in jedem Problem einen Nagel sieht. Kommunisten geh\u00f6ren \u00fcbrigens auch dazu. Vielleicht haben die beiden sich deswegen so lieb. Mit ewig Streits\u00fcchtigen, egal welcher Couleur, wird es niemals Frieden geben. Zur Not bek\u00e4mpfen sie sich auch untereinander., Samson<br \/>\n.<br \/>\nMan sollte die Dinge so benennen, wie sie sind. Die Hamas ist keine Terrorgruppe, sondern eine von der Bev\u00f6lkerung akzeptierte Regierung, die Gewalt und Terror gezielt gegen Israel und Gegner im eigenen Land einsetzt. Von Israel verursachte Opfer an der Zivilbev\u00f6lkerung werden bewusst in Kauf genommen, um die \u00d6ffentlichkeit zu manipulieren.<br \/>\nWir sollten alle Zahlungen an Pal\u00e4stina unverz\u00fcglich einstellen. P.Kr\u00e4mer<br \/>\nEnde Kommentare<\/p>\n<p>.<br \/>\n<strong>IDF: Hamas hat Bibas-Kinder \u201emit blo\u00dfen H\u00e4nden\u201c ermordet<\/strong><br \/>\n&#8230; Die israelischen Streitkr\u00e4fte (IDF) haben mitgeteilt, dass die pal\u00e4stinensische Terrorgruppe Hamas, die die Kinder Ariel und Kfir Bibas im Gazastreifen gefangen hielt, die beiden Jungen \u201emit blo\u00dfen H\u00e4nden\u201c ermordet habe. Am Donnerstagmorgen \u00fcbergab die Hamas vier Leichen israelischer Geiseln an Israel \u2013 darunter die sterblichen \u00dcberreste des Kleinkindes Kfir Bibas und seines Bruders Ariel Bibas.<br \/>\n\u201eWir k\u00f6nnen best\u00e4tigen, dass der erst zehn Monate alte Kfir Bibas und sein vierj\u00e4hriger Bruder Ariel von Terroristen brutal ermordet wurden, w\u00e4hrend sie als Geiseln im Gazastreifen festgehalten wurden. Dies geschah sp\u00e4testens im November 2023\u201c, sagte IDF-Sprecher Konteradmiral Daniel Hagari in einer Fernsehansprache. \u201eDiese beiden unschuldigen Kinder wurden am 7. Oktober 2023 zusammen mit ihrer Mutter Shiri lebend aus ihrem Zuhause verschleppt.\u201c<br \/>\nEntgegen den Behauptungen der Hamas seien die Kinder nicht durch einen Luftangriff ums Leben gekommen, sondern kaltbl\u00fctig ermordet worden.<br \/>\n\u201eDie Terroristen haben die beiden Jungen nicht erschossen<br \/>\n\u2013 sie t\u00f6teten sie mit ihren blo\u00dfen H\u00e4nden.<br \/>\nAnschlie\u00dfend begingen sie grauenhafte Handlungen,<br \/>\num diese Gr\u00e4ueltaten zu vertuschen\u201c, so Hagari.<br \/>\nDiese Einsch\u00e4tzung beruhe auf forensischen Befunden und Geheimdienstinformationen.<\/p>\n<p>Hagari sagte, er habe am Vortag mit Yarden Bibas, dem Vater der Kinder, gesprochen. Dieser habe ihn gebeten, dass die Welt erf\u00e4hrt, wie seine S\u00f6hne get\u00f6tet wurden. Die ganze Welt m\u00fcsse genau wissen, wie die Hamas-Terrororganisation vorgehe.<br \/>\n&#8230;. Alles vom 21.2.2025 bitte lesen auf<br \/>\n<a href=\"https:\/\/apollo-news.net\/idf-hamas-hat-bibas-kinder-zu-tode-gepruegelt\/\">https:\/\/apollo-news.net\/idf-hamas-hat-bibas-kinder-zu-tode-gepruegelt\/<\/a><\/p>\n","protected":false},"excerpt":{"rendered":"<p>Home\u00a0&gt;Global\u00a0&gt;Israel &gt;Israel7-10-23\u00a0&gt;Palaestina &gt;Terror &gt;Gaza &gt;Hamas &nbsp; Listenauswahl eines Beitrags (Artikel\/Datum, Seite\/Inhalt):\u00a0Klicken\u00a0oder scrollen Pogrom(s) \u2013 Ein Dokumentarfilm, der die Wahrheit \u00fcber den 7. Oktober 2023 festh\u00e4lt\u00a0(19.11.2025) Samuel Huntingtons \u201eKampf der Kulturen\u201c : Ukrainekrieg, Gaza, Islamisierung\u00a0(20.10.2025) Geiselaustausch laut ZDF: Nein! (13.10.2025) Die &hellip; <a href=\"https:\/\/www.freiburg-schwarzwald.de\/blog\/global\/israel\/palaestina\/hamas\/\">Weiterlesen <span class=\"meta-nav\">&rarr;<\/span><\/a><\/p>\n","protected":false},"author":2,"featured_media":0,"parent":41329,"menu_order":0,"comment_status":"closed","ping_status":"closed","template":"","meta":{"footnotes":""},"class_list":["post-131098","page","type-page","status-publish","hentry"],"_links":{"self":[{"href":"https:\/\/www.freiburg-schwarzwald.de\/blog\/wp-json\/wp\/v2\/pages\/131098","targetHints":{"allow":["GET"]}}],"collection":[{"href":"https:\/\/www.freiburg-schwarzwald.de\/blog\/wp-json\/wp\/v2\/pages"}],"about":[{"href":"https:\/\/www.freiburg-schwarzwald.de\/blog\/wp-json\/wp\/v2\/types\/page"}],"author":[{"embeddable":true,"href":"https:\/\/www.freiburg-schwarzwald.de\/blog\/wp-json\/wp\/v2\/users\/2"}],"replies":[{"embeddable":true,"href":"https:\/\/www.freiburg-schwarzwald.de\/blog\/wp-json\/wp\/v2\/comments?post=131098"}],"version-history":[{"count":6,"href":"https:\/\/www.freiburg-schwarzwald.de\/blog\/wp-json\/wp\/v2\/pages\/131098\/revisions"}],"predecessor-version":[{"id":142368,"href":"https:\/\/www.freiburg-schwarzwald.de\/blog\/wp-json\/wp\/v2\/pages\/131098\/revisions\/142368"}],"up":[{"embeddable":true,"href":"https:\/\/www.freiburg-schwarzwald.de\/blog\/wp-json\/wp\/v2\/pages\/41329"}],"wp:attachment":[{"href":"https:\/\/www.freiburg-schwarzwald.de\/blog\/wp-json\/wp\/v2\/media?parent=131098"}],"curies":[{"name":"wp","href":"https:\/\/api.w.org\/{rel}","templated":true}]}}