{"id":131041,"date":"2025-02-20T09:48:10","date_gmt":"2025-02-20T08:48:10","guid":{"rendered":"https:\/\/www.freiburg-schwarzwald.de\/blog\/?page_id=131041"},"modified":"2025-03-14T15:00:52","modified_gmt":"2025-03-14T14:00:52","slug":"stellvertreterkrieg","status":"publish","type":"page","link":"https:\/\/www.freiburg-schwarzwald.de\/blog\/global\/ukraine\/stellvertreterkrieg\/","title":{"rendered":"Stellvertreterkrieg"},"content":{"rendered":"<p><a href=\"https:\/\/www.freiburg-schwarzwald.de\/blog\">Home<\/a>\u00a0&gt;<a title=\"Global\" href=\"https:\/\/www.freiburg-schwarzwald.de\/blog\/global\/\">Global<\/a>\u00a0 &gt;<a href=\"https:\/\/www.freiburg-schwarzwald.de\/blog\/global\/russland\/\">Russland<\/a>\u00a0&gt;<a href=\"https:\/\/www.freiburg-schwarzwald.de\/blog\/global\/ukraine\/\">Ukraine<\/a>\u00a0&gt;<a href=\"https:\/\/www.freiburg-schwarzwald.de\/blog\/global\/ukraine\/donbass\/\">Donbass<\/a> &gt;<a href=\"https:\/\/www.freiburg-schwarzwald.de\/blog\/global\/ukraine\/ukraine-frieden\/\">Ukraine-Frieden<\/a> &gt;Stellvertreterkrieg<\/p>\n<div id=\"attachment_131043\" style=\"width: 649px\" class=\"wp-caption alignnone\"><a href=\"https:\/\/www.freiburg-schwarzwald.de\/blog\/wp-content\/uploads\/2025\/02\/meer-lalonde-baumstamm-pan250213.jpg\"><img loading=\"lazy\" decoding=\"async\" aria-describedby=\"caption-attachment-131043\" class=\"size-full wp-image-131043\" src=\"https:\/\/www.freiburg-schwarzwald.de\/blog\/wp-content\/uploads\/2025\/02\/meer-lalonde-baumstamm-pan250213.jpg\" alt=\"\" width=\"639\" height=\"369\" srcset=\"https:\/\/www.freiburg-schwarzwald.de\/blog\/wp-content\/uploads\/2025\/02\/meer-lalonde-baumstamm-pan250213.jpg 639w, https:\/\/www.freiburg-schwarzwald.de\/blog\/wp-content\/uploads\/2025\/02\/meer-lalonde-baumstamm-pan250213-180x104.jpg 180w\" sizes=\"auto, (max-width: 639px) 100vw, 639px\" \/><\/a><p id=\"caption-attachment-131043\" class=\"wp-caption-text\">MIttelmeer bei La Londe\/Cote d&#8217;Azur am 13.2.2025 &#8211; Zwei Baumst\u00e4mme liegen quer<\/p><\/div>\n<ul>\n<li><em>Listenauswahl eines Beitrags: Bitte anklicken oder runterscrollen<\/em><\/li>\n<li>Eberhard Hamer: Liegt der Ukraine-Krieg in deutschem Interesse? (14.3.2025)<\/li>\n<li>Kriegsbeendigungsgespr\u00e4che zwischen USA und Russland kein Verrat an Europa (19.2.2025)<\/li>\n<li>Daniele Ganser: 11 Jahre andauernden Krieg endlich beenden (18.2.2025)<\/li>\n<li>Trump: Zelenskyi weigert sich, Wahlen abzuhalten (18.2.2025)<\/li>\n<li>Ulrike Gu\u00e9rot: Ist der Frieden f\u00fcr Europa \u201ezu langweilig\u201c geworden?\u00a0 (18.2.2025)<\/li>\n<\/ul>\n<p>&nbsp;<\/p>\n<p><strong>Ukraine: Angriffskrieg wie auch Stellvertreterkrieg<\/strong><br \/>\n<em>&#8222;&#8230; ich wollte darauf aufmerksam machen, dass die damals inflation\u00e4r benutzte Formulierung \u201eder v\u00f6lkerrechtswidrige <strong>russische <\/strong><\/em><strong>Angriffskrieg<\/strong><em>\u201c \u2013 ganz so, als sei dieser Krieg pl\u00f6tzlich vom Himmel gefallen \u2013 irref\u00fchrend ist, <\/em><br \/>\n<em>sondern dass dieser Krieg ein von der US-Administration lange vorbereiteter, <strong>amerikanischer <\/strong><\/em><strong>Stellvertreterkrieg<\/strong><em> (\u201eproxy war\u201c) zwischen der NATO und Russland war.&#8220; (Ulrike Gu\u00e9rot)<\/em><br \/>\n============================================================<br \/>\n.<\/p>\n<p><strong>Eberhard Hamer: Liegt der Ukraine-Krieg in deutschem Interesse?<\/strong><br \/>\nDie deutsche Ost-Politik war es seit der Wiedervereinigung, nicht nur mit allen westlichen Staaten freundschaftliche Beziehungen aufzubauen und zu pflegen, sondern solche auch zu den \u00f6stlichen Nachbarstaaten und Russland aufzubauen.<\/p>\n<p>Immerhin zahlte Deutschland mit seinen Beitr\u00e4gen den gr\u00f6\u00dften Teil der Infrastruktur von unseren \u00f6stlichen Nachbarn \u2013 insbesondere Polen \u2013, f\u00fchlte sich Deutschland immer noch von Freunden umgeben, so dass es keine Atomwaffen mehr brauchte und wurden die Beziehungen zu Russland immer besser, seit in Deutschland eine ehemals kommunistische Funktion\u00e4rin Bundeskanzlerin und in Russland ein deutschlandfreundlicher Pr\u00e4sident an der Macht waren.<br \/>\nDies widersprach allerdings dem alten NATO-Gr\u00fcndungszweck: \u201eTo keep the Russians out, the Americans in and the Germans down!\u201c. Es nicht zu engen Verbindungen zwischen Russland und Deutschland kommen zu lassen, war seit Brzezinksi amerikanische Staatsraison auch f\u00fcr Obama, Trump und Biden. Man sah es insbesondere als wirtschaftliche Sch\u00e4digung der USA an, dass Deutschland seine billige Energie von Russland \u2013 und damit Konkurrenzvorteile im Weltmarkt \u2013 bezog und somit dem Diktat der US-Energiemonopole entkam. Biden hat die North Stream-Leitung schlie\u00dflich sprengen lassen. Zur Feindschaft zwischen Deutschland und Russland ver\u00e4ndere sich das Verh\u00e4ltnis erst wieder durch den Ukraine-Krieg.<\/p>\n<p><em><strong>\u201eF\u00fcnf Minuten vor Leningrad und vier Minuten vor Moskau\u201c<\/strong><\/em><br \/>\nDie Ukraine war kein Interessengebiet Deutschlands, sondern ausschlie\u00dflich der USA. 70 Prozent des Schwarzerdebodens der Ukraine geh\u00f6ren amerikanischen Konzernen. Ebenfalls mehr als 60 Prozent seiner Bodensch\u00e4tze und Industrieanlagen, 36 Bio-Labore der CIA forschten an Bio-Waffen, was sie in den USA nicht durften und seit dem von der US-Staatssekret\u00e4rin Nuland geleiteten und von US-Oligarchen (mit f\u00fcnf Milliarden war auch Soros dabei) finanzierten Maidan-Aufstand wurde auch die F\u00fchrungsclique in der Ukraine mit amerikanischen Agenten besetzt. Um diese Wirtschaftskolonie des amerikanischen Gro\u00dfkapitals zu sichern, sollte Stoltenberg die Ukraine in die NATO bringen, was wiederum Putin auf den Sicherheitskonferenzen in M\u00fcnchen zwei Jahre lang als rote Linie und Angriff auf Russland beschwor, weil er nicht amerikanische Fernlenkwaffen \u201eF\u00fcnf Minuten vor Leningrad und vier Minuten vor Moskau\u201c aufgestellt haben wollte.<\/p>\n<p>Als der Westen diese Beschw\u00f6rungen nicht ernst nahm, begannen die Russen ihren unverzeihlichen Angriffskrieg \u2013 formal gegen die Ukraine, in Wirklichkeit aber gegen die NATO, weil von Anfang an ein Amerikaner Oberbefehlshaber der ukrainischen Truppen war, die Amerikaner die Logistik organisierten, die Briten den Seekrieg im Schwarzen Meer gegen Russland \u00fcbernahmen und franz\u00f6sischen Truppen die Uran-Lagerst\u00e4tten am Dnipro sicherten. Die Ukraine ist eine der reichsten Rohstofflagerst\u00e4tten der Welt (Kohle, Eisenerz, \u00d6l, Erdgas, Seltene Erden, Lithium, Titan, Mangan, Quecksilber u.a.). Um diese im Kampf f\u00fcr die US-Vorherrschaft nicht den Russen zu \u00fcberlassen, sondern selbst zu behalten, war den USA ein Stellvertreterkrieg wert. Die Ma\u00dfnahmen waren schon vor dem Angriff Russlands geplant:<\/p>\n<p><em><strong>Stellvertreterkrieg der USA<\/strong><\/em><br \/>\n\u2013 Weltsanktionen gegen Russland, Blockade der Finanzstr\u00f6me Russlands, eine wie im zweiten Weltkrieg beispiellose Pressekampagne \u201egegen den Aggressor\u201c, den Weltfeind, gegen den Friedensst\u00f6rer und vor allem gegen Putin als neuen Hitler mit sich steigerndem Hass und Hetze.<br \/>\n\u2013 Obwohl Deutschland keinerlei Interesse an der Ukraine und am Ukraine-Krieg hatte, brachte der von den USA erzeugte Druck und die Weltmeinung die Europ\u00e4ische Union und ihre Mitgliedsstaaten durch die permanent wiederholte Behauptung, dass von Russland und insbesondere von Putin eine akute Gefahr f\u00fcr alle europ\u00e4ischen Staaten ausginge und alle deshalb finanziell, materiell sowie milit\u00e4risch der Ukraine gegen Russland k\u00e4mpfen m\u00fcssten, in Angst und Russenfeindschaf<br \/>\n\u2013 In Deutschland schwenkten sofort die fr\u00fcher friedenstreuen Gr\u00fcnen, die FDP und die CDU (R\u00f6ttgen, Merz) auf Kriegspropaganda gegen Russland um und die Regierung lie\u00df sich schlie\u00dflich unter dem Druck der USA zum zweitgr\u00f6\u00dften Waffenlieferanten und gr\u00f6\u00dften europ\u00e4ischen Finanzierer des Ukraine-Kriegs erpressen. Die Biden-Regierung hat es fertiggebracht, mit Hilfe der EU (von der Leyen) den eigentlich amerikanisch-russischen Ukraine-Krieg immer mehr zum europ\u00e4isch-russischen Krieg zu machen.<\/p>\n<p><em><strong>Das Blatt hat sich gedreht<\/strong><\/em><br \/>\nZu Beginn des Ukraine-Kriegs hat die westliche Kriegspropaganda bei einer Mehrheit der Europ\u00e4er f\u00fcr Zustimmung \u201ezur Verteidigung von Frieden und Freiheit ganz Europas in der Ukraine\u201c gesorgt. Inzwischen aber hat sich das Blatt gedreht:<br \/>\n\u2013 In den USA hat ein Pr\u00e4sident gewonnen, der den Ukraine-Krieg f\u00fcr unwirtschaftlich h\u00e4lt und es als europ\u00e4ische Sache ansieht, wenn diese in der Ukraine weiterk\u00e4mpfen wollen.<br \/>\n\u2013 \u00dcber die Frage, ob f\u00fcr weitere und h\u00f6here Ukraine-Zahlungen die deutsche Schuldenbremse verletzt werden solle, ist die Ampel-Regierung zerbrochen.<br \/>\n\u2013 Die Ukraine ist wirtschaftlich schon lange pleite mit Schulden von \u00fcber eine Billion Dollar, hat ein F\u00fcnftel ihres Gebiets bereits verloren, Millionen ihrer Bev\u00f6lkerung sind geflohen, der Krieg ist milit\u00e4risch verloren, die Russen r\u00fccken t\u00e4glich weiter vor. Und je verzweifelter die Situation der Ukraine ist, desto lauter t\u00f6nt der Plutokrat Selenskyj wieder einmal vom \u201eEndsieg\u201c.<br \/>\n\u2013 Die Ukraine braucht weiterhin j\u00e4hrlich 70 Milliarden Haushaltszusch\u00fcsse und mindestens die gleiche Summe an milit\u00e4rischer Hilfe, um \u00fcberhaupt zu \u00fcberleben. Wenn sich nun die USA aus dem Ukraine-Abenteuer zur\u00fcckziehen, stehen Europas Kriegstreiber vor der Frage, ob sie den Ukraine-Krieg gegen Russland auch ohne die USA weiterf\u00fchren wollen und ob ihre V\u00f6lker und W\u00e4hler damit \u00fcberhaupt einverstanden w\u00e4ren.<\/p>\n<p><em><strong>Von der Leyens Generalauftrag f\u00fcr BlackRock<\/strong><\/em><br \/>\nUrsula von der Leyen hat mit BlackRock bereits einen Generalauftrag \u00fcber 500 Milliarden f\u00fcr den Wiederaufbau der Ukraine vereinbart. Vollmacht dazu hatte sie nicht, auch das Geld daf\u00fcr nicht. Die europ\u00e4ischen Staaten werden also entscheiden m\u00fcssen, ob sie zus\u00e4tzliche Steuern ihrer B\u00fcrger in solcher H\u00f6he \u00fcberhaupt f\u00fcr fremde Interessen verschenken d\u00fcrfen.<\/p>\n<p>Wenn Merz als BlackRock-Angestellter f\u00fcr weiteren Krieg und Wiederaufbau der Ukraine auf deutsche Kosten k\u00e4mpfen will, muss er den B\u00fcrgern nachweisen, weshalb dies wichtiger sein soll als unsere eigene marode Infrastruktur zu sanieren, ob er daf\u00fcr die Sozialleistungen k\u00fcrzen will und warum er den deutschen Mittelstand daf\u00fcr mit den h\u00f6chsten Steuern und Sozialabgaben der Welt belasten m\u00f6chte.<br \/>\nLindner hatte der Ukraine verbindlich zugesagt, dass Deutschland nach Pleite der ukrainischen Rentenversicherung die Kosten von f\u00fcnf Milliarden j\u00e4hrlich f\u00fcr f\u00fcnf Jahre \u00fcbernehmen w\u00fcrde, obwohl die ukrainischen Rentner mit 57, die deutschen erst mit 67 in Rente gehen d\u00fcrfen und der deutsche Steuerzahler nie gefragt wurde, ob er neben den bisher schon hohen Fremdrenten auch alle Renten der Ukraine noch zahlen will.<\/p>\n<p><em><strong>Deutschst\u00e4mmige Zwangsrekrutierung<\/strong><\/em><br \/>\nUnser Kriegsminister hat die Bundeswehr entwaffnet und die Waffen an die Ukraine verschenkt und auch die Mehrheit des Sonderfonds Bundeswehr (100 Mrd. Euro) bereits f\u00fcr die Ukraine ausgegeben. Dennoch schreit er nach Wiederaufr\u00fcstung und will sogar die Wehrpflicht wiedereinf\u00fchren, obwohl nach Ende des Ukraine-Kriegs kein europ\u00e4ischer Krieg mehr in Sicht und keine Kriegsgefahr mehr ersichtlich ist.<\/p>\n<p>Der Kriegsminister will auch eine deutschst\u00e4mmige Zwangsrekrutierung (Wehrpflicht), nicht aber f\u00fcr die um Gleichberechtigung schreienden Frauen und noch weniger die auf unseren Stra\u00dfen lungernden jungen Ausl\u00e4nder. Ob sich unsere deutschen M\u00e4nner diese Diskriminierung gefallen lassen?<\/p>\n<p>Wenn die Amerikaner sich zur\u00fcckziehen: Welche Gruppen stehen hinter einem weiteren Ukraine-Krieg und welche Interessen h\u00e4tte Europa an einer Fortsetzung dieses Krieges? Nachdem die Ukraine den Krieg verloren hat, wirtschaftlich pleite ist, mehr als eine Million ihrer Soldaten gefallen sind und viele Millionen das Land verlassen haben, wollen \u2013 wie nach Stalingrad in Deutschland \u2013 nur noch Fanatiker die Niederlage leugnen. Die NATO hat bisher noch keinen Krieg gewonnen, m\u00fcsste aus Afghanistan gerade fl\u00fcchten und hat jetzt auch die Ukraine verloren.<\/p>\n<p><em><strong>Mehrheit der Deutschen will keinen Krieg mehr<\/strong><\/em><br \/>\nWelchen Sinn hat dann \u00fcberhaupt eine Fortsetzung der blutigen K\u00e4mpfe?<br \/>\nDie Mehrheit der Deutschen will inzwischen (\u00fcber 70 Prozent) Frieden in der Ukraine und dass Deutschland sich nicht mehr am Krieg beteiligt. Und die USA ziehen sich aus ihrem Ukraine-Krieg zur\u00fcck. Wenn also die europ\u00e4ischen und deutschen NATO-Krieger weiterhin \u201ebis zum letzten Ukrainer\u201c angebliche Demokratie, Freiheit und europ\u00e4ische Sicherheit aus Eigeninteressen gegen Russland k\u00e4mpfen wollen, sollten wir ihnen unsere Unterst\u00fctzung entziehen, das Geld sperren und den Kriegspropagandisten in Presse und Medien ihre Hetzm\u00f6glichkeiten entziehen.<br \/>\nFrieden braucht unser Volk, Europa und die Ukraine \u2013 nicht Krieg.<br \/>\n&#8230; Alles vom 14.3.2025 von Eberhard Hamer bitte lesen auf <a href=\"https:\/\/www.mitelstandsinstitut-niedersachsen.de\">https:\/\/www.mitelstandsinstitut-niedersachsen.de<\/a><br \/>\n.<br \/>\n<em>Prof. Dr. Eberhard Hamer (* 15. August 1932 in Mettmann) ist ein deutscher \u00d6konom. Sein Schwerpunkt ist die Mittelstands\u00f6konomie. In den 1970er Jahren gr\u00fcndete er das privat gef\u00fchrte Mittelstandsinstitut Niedersachsen in Hannover und ver\u00f6ffentlichte \u00fcber 20 B\u00fccher zum Thema Mittelstand. Hamer erhielt 1986 das Verdienstkreuz am Bande des Verdienstordens der Bundesrepublik Deutschland.<\/em><\/p>\n<p><a href=\"https:\/\/weltwoche.de\/daily\/wir-sind-im-letzten-akt-von-selenskyj-der-ukrainische-praesident-stehe-vor-dem-ende-seiner-politischen-laufbahn-berichtet-die-financial-times\/\">https:\/\/weltwoche.de\/daily\/wir-sind-im-letzten-akt-von-selenskyj-der-ukrainische-praesident-stehe-vor-dem-ende-seiner-politischen-laufbahn-berichtet-die-financial-times\/<\/a><\/p>\n<p>.<\/p>\n<p><strong>Kriegsbeendigungsgespr\u00e4che zwischen USA und Russland kein Verrat an Europa<\/strong><br \/>\n<strong>Trump versucht, seine Wahlversprechen zu halten: Wahnsinn!<\/strong><br \/>\nSind Kriegsbeendigungsgespr\u00e4che zwischen USA und Russland ein Verrat an Europa und an der Ukraine? Es ist eine Frage der Perspektive, findet unser Kolumnist.<br \/>\n&#8230;<br \/>\nDass eine Regierung sofort ins Werk zu setzen sucht, was sie beim Stimmenfang angek\u00fcndigt hat, gilt in gut abgehangenen Kompromissgesellschaften als Kulturbruch. Trump probiert es. Ohne R\u00fccksicht auf Verluste. Wahnsinn.<br \/>\nEr telefoniert mit Putin, sie machen ein Date. Wer es bisher nicht bemerken wollte, wird nun mit der Nase darauf gesto\u00dfen: Der v\u00f6lkerrechtswidrige Angriffskrieg ist ebenso ein provozierter oder zumindest in Kauf genommener Stellvertreterkrieg. Er h\u00e4tte sich vermeiden oder fr\u00fch stoppen lassen. Die Chose soll nun enden, weil beide Veranstalter sich auf ihre Claims verst\u00e4ndigen. Das Men\u00fc wird ohne Moralgarnitur serviert. Unappetitlich. Das Auge isst doch mit. Wenn die als Kanonenfutter in Sch\u00fctzengr\u00e4ben geschubste Ukraine und die pr\u00e4potente EU dabei, wie Boris Pistorius quengelt, \u201enicht am Katzentisch sitzen\u201c wollen, dann gern auch darunter.<br \/>\nBundeswehr-Professor Masala, der Drosten des Ostfront-Talks, nennt einen Trump-Putin-Deal ein \u201eapokalyptisches Szenario\u201c. Jeder hat so seine Vorstellung vom J\u00fcngsten Gericht. CDU-Offensivverteidiger Kiesewetter redet von \u201eirrer US-amerikanischer Machtpolitik\u201c. Als h\u00e4tte ein halbwegs sortierter Hegemon je anderes betrieben als Machtpolitik respektive eine \u201eregelbasierte internationale Ordnung\u201c. Etwaiger Irrsinn lag dabei stets im Auge der Betrachter.<br \/>\n&#8230; Alles vom 19.2.2025 von Andr\u00e9 Mielke bitte lesen auf<br \/>\n<a href=\"https:\/\/www.berliner-zeitung.de\/politik-gesellschaft\/trump-versucht-seine-wahlversprechen-zu-halten-wahnsinn-li.2295510\">https:\/\/www.berliner-zeitung.de\/politik-gesellschaft\/trump-versucht-seine-wahlversprechen-zu-halten-wahnsinn-li.2295510<\/a><\/p>\n<p>&nbsp;<\/p>\n<p><strong>Daniele Ganser: 11 Jahre andauernden Krieg endlich beenden<\/strong><br \/>\nIch hoffe, dass in diesem Jahr der brutale Krieg in der Ukraine endet, der nun schon 11 Jahre andauert. Die NATO ist keine Kraft f\u00fcr den Frieden, sondern hat mit der NATO-Osterweiterung den Krieg in der Ukraine provoziert.<br \/>\n2008 hat US-Pr\u00e4sident Bush die Ukraine eingeladen, NATO-Mitglied zu werden. Das war eine unn\u00f6tige Provokation von Russland. Es ist daher richtig und wichtig, dass die USA und Russland direkt miteinander sprechen.<br \/>\nDer neue US-Au\u00dfenminister Marco Rubio trifft jetzt am 18. Februar 2025 seinen russischen Amtskollegen Sergej Lawrow in der saudi-arabischen Hauptstadt Riad. Die Gespr\u00e4che k\u00f6nnten den Weg bereiten f\u00fcr ein sp\u00e4teres Treffen der Pr\u00e4sidenten Donald Trump und Wladimir Putin.<br \/>\nDie EU, welche den Krieg in der Ukraine mit mehr als 100 Milliarden Euro angeheizt hat, steht vor einem Scherbenhaufen und einer Identit\u00e4tskrise, weil der Grundgedanke der EU ja nicht war, Kriege anzuheizen, sondern den Frieden in Europa zu f\u00f6rdern.<br \/>\n18.2.2024, Daniele Ganser, <a href=\"https:\/\/t.me\/DanieleGanser\/1314\">https:\/\/t.me\/DanieleGanser\/1314<\/a><\/p>\n<p>&nbsp;<\/p>\n<p><strong>Trump: Zelenskyi weigert sich, Wahlen abzuhalten<\/strong><br \/>\n&#8222;Stellen Sie sich vor, ein bescheiden erfolgreicher Komiker, Volodymyr Zelenskyy, hat die Vereinigten Staaten von Amerika dazu \u00fcberredet, 350 Milliarden Dollar auszugeben, um in einen Krieg zu ziehen, der nicht gewonnen werden konnte, der nie h\u00e4tte begonnen werden m\u00fcssen, aber einen Krieg, den er, ohne die USA und \u201eTRUMP\u201c, nie wird beenden k\u00f6nnen. Die Vereinigten Staaten haben 200 Milliarden Dollar mehr ausgegeben als Europa, und das Geld Europas ist garantiert, w\u00e4hrend die Vereinigten Staaten nichts zur\u00fcckbekommen werden. Warum hat der schl\u00e4frige Joe Biden nicht einen Ausgleich gefordert, da dieser Krieg f\u00fcr Europa viel wichtiger ist als f\u00fcr uns &#8211; wir haben einen gro\u00dfen, sch\u00f6nen Ozean als Trennung. Obendrein gibt Zelenskyy zu, dass die H\u00e4lfte des Geldes, das wir ihm geschickt haben, \u201efehlt\u201c. Er weigert sich, Wahlen abzuhalten, liegt in ukrainischen Umfragen sehr weit hinten und das einzige, was er gut konnte, war, Biden \u201ewie eine Geige zu spielen\u201c. Als Diktator ohne Wahlen sollte Zelenskyy besser schnell handeln, sonst wird er kein Land mehr haben. In der Zwischenzeit verhandeln wir erfolgreich \u00fcber ein Ende des Krieges mit Russland, etwas, von dem alle zugeben, dass nur \u201eTRUMP\u201c und die Trump-Regierung dazu in der Lage sind. Biden hat es nie versucht, Europa hat es nicht geschafft, Frieden zu stiften, und Zelenskyy will wahrscheinlich den \u201eGravy Train\u201c am Laufen halten. Ich liebe die Ukraine, aber Zelenskyy hat einen schrecklichen Job gemacht, sein Land ist zerr\u00fcttet, und MILLIONEN sind unn\u00f6tig gestorben &#8211; und so geht es weiter&#8230;..<\/p>\n<p>Think of it, a modestly successful comedian, Volodymyr Zelenskyy, talked the United States of America into spending $350 Billion Dollars, to go into a War that couldn\u2019t be won, that never had to start, but a War that he, without the U.S. and \u201cTRUMP,\u201d will never be able to settle. The United States has spent $200 Billion Dollars more than Europe, and Europe\u2019s money is guaranteed, while the United States will get nothing back. Why didn\u2019t Sleepy Joe Biden demand Equalization, in that this War is far more important to Europe than it is to us \u2014 We have a big, beautiful Ocean as separation. On top of this, Zelenskyy admits that half of the money we sent him is \u201cMISSING.\u201d He refuses to have Elections, is very low in Ukrainian Polls, and the only thing he was good at was playing Biden \u201clike a fiddle.\u201d A Dictator without Elections, Zelenskyy better move fast or he is not going to have a Country left. In the meantime, we are successfully negotiating an end to the War with Russia, something all admit only \u201cTRUMP,\u201d and the Trump Administration, can do. Biden never tried, Europe has failed to bring Peace, and Zelenskyy probably wants to keep the \u201cgravy train\u201d going. I love Ukraine, but Zelenskyy has done a terrible job, his Country is shattered, and MILLIONS have unnecessarily died \u2013 And so it continues\u2026..&#8220;<br \/>\n118.2.2025, <a href=\"https:\/\/truthsocial.com\/@realDonaldTrump\/posts\/114031332924234939\">https:\/\/truthsocial.com\/@realDonaldTrump\/posts\/114031332924234939<\/a>.<br \/>\n.<br \/>\n.<br \/>\n<strong>Ulrike Gu\u00e9rot: Ist der Frieden f\u00fcr Europa \u201ezu langweilig\u201c geworden?\u00a0<\/strong><br \/>\n&#8230;<br \/>\nich wollte darauf aufmerksam machen, dass die damals inflation\u00e4r benutzte Formulierung \u201eder v\u00f6lkerrechtswidrige russische Angriffskrieg\u201c \u2013 ganz so, als sei dieser Krieg pl\u00f6tzlich vom Himmel gefallen \u2013 irref\u00fchrend ist, sondern dass dieser Krieg ein von der US-Administration lange vorbereiteter, amerikanischer Stellvertreterkrieg (\u201eproxy war\u201c) zwischen der NATO und Russland war. Und ich wollte diskutieren, dass genau das nicht in europ\u00e4ischem Interesse sein kann, weil Europa damit zum Kriegsschauplatz wird und letztlich amerikanische Interessen bedient.<br \/>\nAber ich bin \u00fcberhaupt nicht dazu gekommen, das auszuf\u00fchren, zu belegen und die Gesamtsituation zu kontextualisieren, sondern wurde st\u00e4ndig mit schrecklichen Kriegsbildern emotional gen\u00f6tigt. Eine analytische Diskussion \u00fcber Motive, Akteure und Interessen in diesem Krieg konnte nicht stattfinden \u2013 und war wohl auch nicht gewollt.<br \/>\nHeute, drei Jahre sp\u00e4ter, ist allen klar, dass es sich nat\u00fcrlich von Anfang um einen amerikanischen Stellvertreterkrieg gehandelt hat, dass es eine klare Mitverantwortung des \u201eWestens\u201c gegeben hat und dass der Westen \u2013 genauer Boris Johnson \u2013 sogar die Friedensverhandlungen vom April 2022, die einen f\u00fcr die Ukraine noch sehr akzeptablen Vorschlag entwickelt hatten, unterminiert hat.<br \/>\n&#8230; Alles vom 18.2.2025 bitte lesen auf <a href=\"https:\/\/www.nachdenkseiten.de\/?p=128848\">https:\/\/www.nachdenkseiten.de\/?p=128848<\/a><br \/>\nund auf <a href=\"https:\/\/www.nachdenkseiten.de\/?p=128918\">https:\/\/www.nachdenkseiten.de\/?p=128918<\/a><\/p>\n<p>&nbsp;<\/p>\n","protected":false},"excerpt":{"rendered":"<p>Home\u00a0&gt;Global\u00a0 &gt;Russland\u00a0&gt;Ukraine\u00a0&gt;Donbass &gt;Ukraine-Frieden &gt;Stellvertreterkrieg Listenauswahl eines Beitrags: Bitte anklicken oder runterscrollen Eberhard Hamer: Liegt der Ukraine-Krieg in deutschem Interesse? (14.3.2025) Kriegsbeendigungsgespr\u00e4che zwischen USA und Russland kein Verrat an Europa (19.2.2025) Daniele Ganser: 11 Jahre andauernden Krieg endlich beenden (18.2.2025) Trump: &hellip; <a href=\"https:\/\/www.freiburg-schwarzwald.de\/blog\/global\/ukraine\/stellvertreterkrieg\/\">Weiterlesen <span class=\"meta-nav\">&rarr;<\/span><\/a><\/p>\n","protected":false},"author":2,"featured_media":0,"parent":45400,"menu_order":0,"comment_status":"closed","ping_status":"closed","template":"","meta":{"footnotes":""},"class_list":["post-131041","page","type-page","status-publish","hentry"],"_links":{"self":[{"href":"https:\/\/www.freiburg-schwarzwald.de\/blog\/wp-json\/wp\/v2\/pages\/131041","targetHints":{"allow":["GET"]}}],"collection":[{"href":"https:\/\/www.freiburg-schwarzwald.de\/blog\/wp-json\/wp\/v2\/pages"}],"about":[{"href":"https:\/\/www.freiburg-schwarzwald.de\/blog\/wp-json\/wp\/v2\/types\/page"}],"author":[{"embeddable":true,"href":"https:\/\/www.freiburg-schwarzwald.de\/blog\/wp-json\/wp\/v2\/users\/2"}],"replies":[{"embeddable":true,"href":"https:\/\/www.freiburg-schwarzwald.de\/blog\/wp-json\/wp\/v2\/comments?post=131041"}],"version-history":[{"count":5,"href":"https:\/\/www.freiburg-schwarzwald.de\/blog\/wp-json\/wp\/v2\/pages\/131041\/revisions"}],"predecessor-version":[{"id":131708,"href":"https:\/\/www.freiburg-schwarzwald.de\/blog\/wp-json\/wp\/v2\/pages\/131041\/revisions\/131708"}],"up":[{"embeddable":true,"href":"https:\/\/www.freiburg-schwarzwald.de\/blog\/wp-json\/wp\/v2\/pages\/45400"}],"wp:attachment":[{"href":"https:\/\/www.freiburg-schwarzwald.de\/blog\/wp-json\/wp\/v2\/media?parent=131041"}],"curies":[{"name":"wp","href":"https:\/\/api.w.org\/{rel}","templated":true}]}}