{"id":13007,"date":"2012-10-14T09:24:38","date_gmt":"2012-10-14T07:24:38","guid":{"rendered":"https:\/\/www.freiburg-schwarzwald.de\/blog\/?page_id=13007"},"modified":"2021-08-27T12:57:16","modified_gmt":"2021-08-27T10:57:16","slug":"handwerkskammer","status":"publish","type":"page","link":"https:\/\/www.freiburg-schwarzwald.de\/blog\/business\/handwerk\/handwerkskammer\/","title":{"rendered":"Handwerkskammer"},"content":{"rendered":"<p>Home &gt;<a title=\"Business\" href=\"https:\/\/www.freiburg-schwarzwald.de\/blog\/business\/\">Business<\/a> &gt;<a title=\"Duale Bildung\" href=\"https:\/\/www.freiburg-schwarzwald.de\/blog\/bildung\/duale-bildung\/\">Duale Bildung<\/a>\u00a0&gt;<a title=\"Handwerk\" href=\"https:\/\/www.freiburg-schwarzwald.de\/blog\/business\/handwerk\/\">Handwerk<\/a>\u00a0&gt;Handwerkskammer<\/p>\n<div id=\"attachment_12465\" style=\"width: 611px\" class=\"wp-caption alignnone\"><a href=\"https:\/\/www.freiburg-schwarzwald.de\/blog\/regio\/laendlicher-raum\/britzingen11pan-061026\/\" rel=\"attachment wp-att-12465\"><img loading=\"lazy\" decoding=\"async\" aria-describedby=\"caption-attachment-12465\" class=\"size-full wp-image-12465\" title=\"britzingen11pan-061026\" src=\"https:\/\/www.freiburg-schwarzwald.de\/blog\/wp-content\/uploads\/2012\/10\/britzingen11pan-061026.jpg\" alt=\"\" width=\"601\" height=\"155\" srcset=\"https:\/\/www.freiburg-schwarzwald.de\/blog\/wp-content\/uploads\/2012\/10\/britzingen11pan-061026.jpg 601w, https:\/\/www.freiburg-schwarzwald.de\/blog\/wp-content\/uploads\/2012\/10\/britzingen11pan-061026-180x46.jpg 180w\" sizes=\"auto, (max-width: 601px) 100vw, 601px\" \/><\/a><p id=\"caption-attachment-12465\" class=\"wp-caption-text\">Markgr\u00e4flerland: Tele-Blick nach Norden \u00fcber Britzingen nach Muggarth (rechts) und Kastelberg (links) am 26.10.2006<\/p><\/div>\n<ul>\n<li><a href=\"https:\/\/www.freiburg-schwarzwald.de\/blog\/business\/handwerk\/\">Ausbildung: Immer weniger junge Menschen in Handwerksberufen<\/a>\u00a0(27.8.2021)<\/li>\n<li><a href=\"https:\/\/www.freiburg-schwarzwald.de\/blog\/handwerk-findet-keine-azubis\/\">https:\/\/www.freiburg-schwarzwald.de\/blog\/handwerk-findet-keine-azubis\/<\/a>\u00a0(27.2.2013)<\/li>\n<li><a href=\"https:\/\/www.freiburg-schwarzwald.de\/blog\/bewerbungsgespraeche-foege\/\">https:\/\/www.freiburg-schwarzwald.de\/blog\/bewerbungsgespraeche-foege\/<\/a>\u00a0(7.2.2013)<\/li>\n<li>Goldener Diamantenet und Eisene Meisterbriefe (26.11.2012)<\/li>\n<li><a href=\"https:\/\/www.freiburg-schwarzwald.de\/blog\/freiburger-erklarung-nachhaltig-vor-ort-mach-mit-4-17-juni\/\">https:\/\/www.freiburg-schwarzwald.de\/blog\/freiburger-erklarung-nachhaltig-vor-ort-mach-mit-4-17-juni\/<\/a>\u00a0(17.6.2012)<\/li>\n<li>Handwerkskammer Freiburg<\/li>\n<li>Freiburger Erkl\u00e4rung 3.0 zur Energiewende<\/li>\n<li><a title=\"Erneuerbare100Prozent\" href=\"https:\/\/www.freiburg-schwarzwald.de\/blog\/energie\/energiepolitik\/erneuerbare100prozent\/\">WEE100prozent &#8211; Wirtschaftsverband 100 Prozent Erneuerbare Energien Regio Freiburg<\/a><\/li>\n<\/ul>\n<p>&nbsp;<\/p>\n<p><strong>Handwerkskammer Freiburg<\/strong><\/p>\n<p>Handwerkskammer Freiburg<br \/>\nBismarckallee 6, 79098 Freiburg, Tel 0761-21800-430, Fax 0761 21800-333, Mobil 0177-7 07 94 79<br \/>\n<a href=\"https:\/\/www.hwk-freiburg.de\/\">www.hwk-freiburg.de<\/a><\/p>\n<p>Pressestelle: Justus Kampp, Tel 0761\/21800-430, <a href=\"mailto:justus.kampp@hwk-freiburg.de\">justus.kampp@hwk-freiburg.de<\/a><\/p>\n<p>&nbsp;<\/p>\n<p><strong>Freiburger Erkl\u00e4rung 3.0 zur Energiewende <\/strong><\/p>\n<p>Zum ersten Jahrestag der Reaktorkatastrophe von Fukushima hat die Freiburger Erkl\u00e4rung 3.0 zudem das Thema <a title=\"Energie\" href=\"https:\/\/www.freiburg-schwarzwald.de\/blog\/energie\/\">Energiewende<\/a> als Ganzes in den Fokus ger\u00fcckt. Sie geht \u00fcber die aktuelle Diskussion um die \u00c4nderung des EEG im Bereich Photovoltaik hinaus und lenkt den Blick auf den gesamten Prozess der Energiewende, der an vielen Ecken und Enden stockt und weit hinter seinen M\u00f6glichkeiten und Notwendigkeiten zur\u00fcck bleibt.<br \/>\n<a href=\"https:\/\/www.hwk-freiburg.de\/html\/seiten\/text;freiburger-erklaerung-3.0;512,de.html\">https:\/\/www.hwk-freiburg.de\/html\/seiten\/text;freiburger-erklaerung-3.0;512,de.html<\/a><\/p>\n<p>&nbsp;<\/p>\n<p><strong>Goldener Diamantenet und Eisene Meisterbriefe<\/strong><\/p>\n<p>Die Kreishandwerkerschaft Freiburg hat am 24.11.2012 in der Gewerbeakademie ihre Altmeister geehrt \u2013 also Handwerksmeister, die ihren Meisterbrief vor 40 Jahren (Goldener Meisterbrief), 50 Jahren (Diamantener Meisterbrief) oder sogar schon vor 60 Jahren (Eiserner Meisterbrief) erhalten haben.<br \/>\nAus dem Raum Freiburg waren unter den Jubilaren der &#8222;eiserne Feinmechanikermeister&#8220; Lothar Thanner aus Wittnau sowie die &#8222;Diamantmeister&#8220; <strong>Adalbert Sexauer<\/strong> aus B\u00f6tzingen (B\u00e4cker), <strong>Franz Weber<\/strong> aus St. Peter (Maurer), <strong>Hermann Frey<\/strong>, <strong>Eugen Roser<\/strong>, <strong>Arthur Seewald<\/strong> und <strong>Magnus Willmann<\/strong> aus Freiburg (Elektroinstallateure), <strong>Willi Weishaar<\/strong> aus Eichstetten (Fleischer), <strong>Horst Deichm\u00fcller<\/strong> aus Freiburg (Fliesenleger), <strong>Otto Sch\u00e4chtele<\/strong> aus Merdingen (Friseur), <strong>Rolf Jakob<\/strong> aus Ihringen und <strong>Josef Obert<\/strong> aus Staufen (Glaser und Fensterbauer), <strong>Johannes Kemter<\/strong>, <strong>Heinz K\u00f6hler<\/strong> und <strong>Peter K\u00fchn<\/strong> aus Freiburg (Goldschmiede), <strong>Wolfgang K\u00f6nig<\/strong> aus Freiburg (Konditor), <strong>Bernhard Melcher<\/strong> aus Freiburg und <strong>Otto Schwenninger<\/strong> aus Umkirch (Maler und Lackierer), <strong>Severin Ambs<\/strong> aus B\u00f6tzingen und <strong>Helmut Mattm\u00fcller<\/strong> aus Ihringen (Schlosser\/Schmiede), <strong>Rudolf Dilger<\/strong>, <strong>Siegfried Dinger<\/strong>, <strong>Johann Lickert<\/strong> und <strong>Gerson Pfaff<\/strong> aus Freiburg sowie <strong>Ludwig Fluck<\/strong> aus Wolfenweiler und <strong>Rolf Speier<\/strong> aus Ebringen (Schreiner), <strong>Gerhard Trost<\/strong> aus Au und <strong>Heinz Wintermantel<\/strong> aus Ihringen (Schuhmacher) sowie <strong>Bernhard R\u00f6singer<\/strong> aus Freiburg (Orthop\u00e4dieschuhmacher), <strong>Manfred Ortlieb<\/strong> aus Umkirch und <strong>Albert Schulz<\/strong> aus B\u00f6tzingen (Installateure\/Heizungsbauer), <strong>Oskar Dold<\/strong> aus Kirchzarten, <strong>August Faller<\/strong> aus Wittnau und schlie\u00dflich <strong>Arno Sp\u00e4th<\/strong> aus Bad Krozingen (Zimmerm\u00e4nner).<br \/>\n26.11.2012<br \/>\n<!-- RSPEAK_STOP --><\/p>\n","protected":false},"excerpt":{"rendered":"<p>Home &gt;Business &gt;Duale Bildung\u00a0&gt;Handwerk\u00a0&gt;Handwerkskammer Ausbildung: Immer weniger junge Menschen in Handwerksberufen\u00a0(27.8.2021) https:\/\/www.freiburg-schwarzwald.de\/blog\/handwerk-findet-keine-azubis\/\u00a0(27.2.2013) https:\/\/www.freiburg-schwarzwald.de\/blog\/bewerbungsgespraeche-foege\/\u00a0(7.2.2013) Goldener Diamantenet und Eisene Meisterbriefe (26.11.2012) https:\/\/www.freiburg-schwarzwald.de\/blog\/freiburger-erklarung-nachhaltig-vor-ort-mach-mit-4-17-juni\/\u00a0(17.6.2012) Handwerkskammer Freiburg Freiburger Erkl\u00e4rung 3.0 zur Energiewende WEE100prozent &#8211; Wirtschaftsverband 100 Prozent Erneuerbare Energien Regio Freiburg &nbsp; Handwerkskammer Freiburg Handwerkskammer &hellip; <a href=\"https:\/\/www.freiburg-schwarzwald.de\/blog\/business\/handwerk\/handwerkskammer\/\">Weiterlesen <span class=\"meta-nav\">&rarr;<\/span><\/a><\/p>\n","protected":false},"author":4,"featured_media":0,"parent":1385,"menu_order":0,"comment_status":"open","ping_status":"closed","template":"","meta":{"footnotes":""},"class_list":["post-13007","page","type-page","status-publish","hentry"],"_links":{"self":[{"href":"https:\/\/www.freiburg-schwarzwald.de\/blog\/wp-json\/wp\/v2\/pages\/13007","targetHints":{"allow":["GET"]}}],"collection":[{"href":"https:\/\/www.freiburg-schwarzwald.de\/blog\/wp-json\/wp\/v2\/pages"}],"about":[{"href":"https:\/\/www.freiburg-schwarzwald.de\/blog\/wp-json\/wp\/v2\/types\/page"}],"author":[{"embeddable":true,"href":"https:\/\/www.freiburg-schwarzwald.de\/blog\/wp-json\/wp\/v2\/users\/4"}],"replies":[{"embeddable":true,"href":"https:\/\/www.freiburg-schwarzwald.de\/blog\/wp-json\/wp\/v2\/comments?post=13007"}],"version-history":[{"count":1,"href":"https:\/\/www.freiburg-schwarzwald.de\/blog\/wp-json\/wp\/v2\/pages\/13007\/revisions"}],"predecessor-version":[{"id":94251,"href":"https:\/\/www.freiburg-schwarzwald.de\/blog\/wp-json\/wp\/v2\/pages\/13007\/revisions\/94251"}],"up":[{"embeddable":true,"href":"https:\/\/www.freiburg-schwarzwald.de\/blog\/wp-json\/wp\/v2\/pages\/1385"}],"wp:attachment":[{"href":"https:\/\/www.freiburg-schwarzwald.de\/blog\/wp-json\/wp\/v2\/media?parent=13007"}],"curies":[{"name":"wp","href":"https:\/\/api.w.org\/{rel}","templated":true}]}}